{"id":16042,"date":"2020-12-30T14:46:48","date_gmt":"2020-12-30T13:46:48","guid":{"rendered":"http:\/\/uniformeplus.tn\/?page_id=16042"},"modified":"2020-12-30T15:50:28","modified_gmt":"2020-12-30T14:50:28","slug":"guide-des-tailles-uniforme-plus","status":"publish","type":"page","link":"https:\/\/uniformeplus.tn\/index.php\/guide-des-tailles-uniforme-plus\/","title":{"rendered":"GUIDE DES TAILLES UNIFORME PLUS"},"content":{"rendered":"<div class=\"wpb-content-wrapper\"><p>[vc_row][vc_column][vc_cta h2=&#8221;D\u00e9couvrez le guide des tailles . pour vous aider \u00e0 choisir la bonne taille d\u00e8s la premi\u00e8re fois&#8221; style=&#8221;3d&#8221; color=&#8221;juicy-pink&#8221; css_animation=&#8221;fadeIn&#8221;]Pour commander vos v\u00eatements, il est pr\u00e9f\u00e9rable d\u2019utiliser les bonnes mesures nos grilles de mesure ci-dessous devraient vous y aider. pour chaque type de v\u00eatement, effectuez la mesure appropri\u00e9e et reportez-vous, ensuite au tableau qui vous permet de choisir la taille correspondante<\/p>\n<p><strong>LORS DE VOTRE PRISE DE MESURE : BIEN PLAQUER LE M\u00c8TRE RUBAN SUR LE CORPS.<\/strong><br \/>\nLes mensurations donn\u00e9es correspondent \u00e0 celles du corps nu, l\u2019ampleur n\u00e9cessaire du v\u00eatement est pr\u00e9vue. Si vous h\u00e9sitez entre deux tailles, choisissez toujours la taille la plus grande.[\/vc_cta][vc_toggle title=&#8221;GUIDE DES TAILLES POUR HOMMES&#8221; style=&#8221;arrow&#8221; css_animation=&#8221;bounceIn&#8221; custom_font_container=&#8221;tag:h6|text_align:center|color:%23dd3333&#8243; custom_use_theme_fonts=&#8221;yes&#8221; use_custom_heading=&#8221;true&#8221;]<img decoding=\"async\" class=\"aligncenter size-full wp-image-16067\" src=\"http:\/\/uniformeplus.tn\/wp-content\/uploads\/2020\/12\/conseils-prise-de-tailles-homme.jpg\" alt=\"\" width=\"824\" height=\"397\" srcset=\"https:\/\/uniformeplus.tn\/wp-content\/uploads\/2020\/12\/conseils-prise-de-tailles-homme.jpg 824w, https:\/\/uniformeplus.tn\/wp-content\/uploads\/2020\/12\/conseils-prise-de-tailles-homme-600x289.jpg 600w, https:\/\/uniformeplus.tn\/wp-content\/uploads\/2020\/12\/conseils-prise-de-tailles-homme-300x145.jpg 300w, https:\/\/uniformeplus.tn\/wp-content\/uploads\/2020\/12\/conseils-prise-de-tailles-homme-768x370.jpg 768w\" sizes=\"(max-width: 824px) 100vw, 824px\" \/><\/p>\n<p><img decoding=\"async\" class=\"aligncenter size-full wp-image-16068\" src=\"http:\/\/uniformeplus.tn\/wp-content\/uploads\/2020\/12\/guide-des-tailles-homme.jpg\" alt=\"\" width=\"1000\" height=\"944\" srcset=\"https:\/\/uniformeplus.tn\/wp-content\/uploads\/2020\/12\/guide-des-tailles-homme.jpg 1000w, https:\/\/uniformeplus.tn\/wp-content\/uploads\/2020\/12\/guide-des-tailles-homme-600x566.jpg 600w, https:\/\/uniformeplus.tn\/wp-content\/uploads\/2020\/12\/guide-des-tailles-homme-300x283.jpg 300w, https:\/\/uniformeplus.tn\/wp-content\/uploads\/2020\/12\/guide-des-tailles-homme-768x725.jpg 768w\" sizes=\"(max-width: 1000px) 100vw, 1000px\" \/>[\/vc_toggle][vc_toggle title=&#8221;GUIDE DES TAILLES POUR FEMMES&#8221; style=&#8221;arrow&#8221; css_animation=&#8221;bounceIn&#8221; custom_font_container=&#8221;tag:h6|text_align:center|color:%23dd3333&#8243; custom_use_theme_fonts=&#8221;yes&#8221; use_custom_heading=&#8221;true&#8221;]<\/p>\n<p><img decoding=\"async\" class=\"aligncenter size-full wp-image-16069\" src=\"http:\/\/uniformeplus.tn\/wp-content\/uploads\/2020\/12\/conseils-prise-de-tailles-femme.jpg\" alt=\"\" width=\"824\" height=\"397\" srcset=\"https:\/\/uniformeplus.tn\/wp-content\/uploads\/2020\/12\/conseils-prise-de-tailles-femme.jpg 824w, https:\/\/uniformeplus.tn\/wp-content\/uploads\/2020\/12\/conseils-prise-de-tailles-femme-600x289.jpg 600w, https:\/\/uniformeplus.tn\/wp-content\/uploads\/2020\/12\/conseils-prise-de-tailles-femme-300x145.jpg 300w, https:\/\/uniformeplus.tn\/wp-content\/uploads\/2020\/12\/conseils-prise-de-tailles-femme-768x370.jpg 768w\" sizes=\"(max-width: 824px) 100vw, 824px\" \/><\/p>\n<p><img decoding=\"async\" class=\"aligncenter size-full wp-image-16070\" src=\"http:\/\/uniformeplus.tn\/wp-content\/uploads\/2020\/12\/guide-des-tailles-femme.jpg\" alt=\"\" width=\"962\" height=\"522\" srcset=\"https:\/\/uniformeplus.tn\/wp-content\/uploads\/2020\/12\/guide-des-tailles-femme.jpg 962w, https:\/\/uniformeplus.tn\/wp-content\/uploads\/2020\/12\/guide-des-tailles-femme-600x326.jpg 600w, https:\/\/uniformeplus.tn\/wp-content\/uploads\/2020\/12\/guide-des-tailles-femme-300x163.jpg 300w, https:\/\/uniformeplus.tn\/wp-content\/uploads\/2020\/12\/guide-des-tailles-femme-768x417.jpg 768w\" sizes=\"(max-width: 962px) 100vw, 962px\" \/>[\/vc_toggle][vc_toggle title=&#8221;Bien prendre ses mensurations&#8221; style=&#8221;arrow&#8221; css_animation=&#8221;bounceIn&#8221; custom_font_container=&#8221;tag:h6|text_align:center|color:%23dd3333&#8243; custom_use_theme_fonts=&#8221;yes&#8221; use_custom_heading=&#8221;true&#8221;]<img decoding=\"async\" class=\"aligncenter size-full wp-image-16072\" src=\"http:\/\/uniformeplus.tn\/wp-content\/uploads\/2020\/12\/1-1.jpg\" alt=\"\" width=\"1207\" height=\"310\" srcset=\"https:\/\/uniformeplus.tn\/wp-content\/uploads\/2020\/12\/1-1.jpg 1207w, https:\/\/uniformeplus.tn\/wp-content\/uploads\/2020\/12\/1-1-600x154.jpg 600w, https:\/\/uniformeplus.tn\/wp-content\/uploads\/2020\/12\/1-1-300x77.jpg 300w, https:\/\/uniformeplus.tn\/wp-content\/uploads\/2020\/12\/1-1-1024x263.jpg 1024w, https:\/\/uniformeplus.tn\/wp-content\/uploads\/2020\/12\/1-1-768x197.jpg 768w\" sizes=\"(max-width: 1207px) 100vw, 1207px\" \/><\/p>\n<p><img decoding=\"async\" class=\"aligncenter size-full wp-image-16073\" src=\"http:\/\/uniformeplus.tn\/wp-content\/uploads\/2020\/12\/2-1.jpg\" alt=\"\" width=\"1207\" height=\"310\" srcset=\"https:\/\/uniformeplus.tn\/wp-content\/uploads\/2020\/12\/2-1.jpg 1207w, https:\/\/uniformeplus.tn\/wp-content\/uploads\/2020\/12\/2-1-600x154.jpg 600w, https:\/\/uniformeplus.tn\/wp-content\/uploads\/2020\/12\/2-1-300x77.jpg 300w, https:\/\/uniformeplus.tn\/wp-content\/uploads\/2020\/12\/2-1-1024x263.jpg 1024w, https:\/\/uniformeplus.tn\/wp-content\/uploads\/2020\/12\/2-1-768x197.jpg 768w\" sizes=\"(max-width: 1207px) 100vw, 1207px\" \/><\/p>\n<p><img decoding=\"async\" class=\"aligncenter size-full wp-image-16074\" src=\"http:\/\/uniformeplus.tn\/wp-content\/uploads\/2020\/12\/3.jpg\" alt=\"\" width=\"1207\" height=\"310\" srcset=\"https:\/\/uniformeplus.tn\/wp-content\/uploads\/2020\/12\/3.jpg 1207w, https:\/\/uniformeplus.tn\/wp-content\/uploads\/2020\/12\/3-600x154.jpg 600w, https:\/\/uniformeplus.tn\/wp-content\/uploads\/2020\/12\/3-300x77.jpg 300w, https:\/\/uniformeplus.tn\/wp-content\/uploads\/2020\/12\/3-1024x263.jpg 1024w, https:\/\/uniformeplus.tn\/wp-content\/uploads\/2020\/12\/3-768x197.jpg 768w\" sizes=\"(max-width: 1207px) 100vw, 1207px\" \/>[\/vc_toggle][\/vc_column][\/vc_row]<\/p>\n<\/div>","protected":false},"excerpt":{"rendered":"<p>[vc_row][vc_column][vc_cta h2=&#8221;D\u00e9couvrez le guide des tailles . pour vous aider \u00e0 choisir la bonne taille d\u00e8s la premi\u00e8re fois&#8221; style=&#8221;3d&#8221; color=&#8221;juicy-pink&#8221; css_animation=&#8221;fadeIn&#8221;]Pour commander vos v\u00eatements, il est pr\u00e9f\u00e9rable d\u2019utiliser les<\/p>\n","protected":false},"author":1,"featured_media":0,"parent":0,"menu_order":0,"comment_status":"closed","ping_status":"closed","template":"","meta":{"_acf_changed":false,"footnotes":""},"class_list":["post-16042","page","type-page","status-publish","hentry"],"acf":[],"yoast_head":"<!-- This site is optimized with the Yoast SEO Premium plugin v26.3 (Yoast SEO v26.3) - https:\/\/yoast.com\/wordpress\/plugins\/seo\/ -->\n<title>GUIDE DES TAILLES UNIFORME PLUS - uniformeplus - V\u00eatements de travail<\/title>\n<meta name=\"description\" content=\"Pour commander vos v\u00eatements, il est pr\u00e9f\u00e9rable d\u2019utiliser les bonnes mesures nos grilles de mesure ci-dessous devraient vous y aider. pour chaque type de v\u00eatement, effectuez la mesure appropri\u00e9e et reportez-vous, ensuite au tableau qui vous permet de choisir la taille correspondante  LORS DE VOTRE PRISE DE MESURE : BIEN PLAQUER LE M\u00c8TRE RUBAN SUR LE CORPS. Les mensurations donn\u00e9es correspondent \u00e0 celles du corps nu, l\u2019ampleur n\u00e9cessaire du v\u00eatement est pr\u00e9vue. Si vous h\u00e9sitez entre deux tailles, choisissez toujours la taille la plus grande.\" \/>\n<meta name=\"robots\" content=\"index, follow, max-snippet:-1, max-image-preview:large, max-video-preview:-1\" \/>\n<link rel=\"canonical\" href=\"https:\/\/uniformeplus.tn\/index.php\/guide-des-tailles-uniforme-plus\/\" \/>\n<meta property=\"og:locale\" content=\"fr_FR\" \/>\n<meta property=\"og:type\" content=\"article\" \/>\n<meta property=\"og:title\" content=\"GUIDE DES TAILLES UNIFORME PLUS\" \/>\n<meta property=\"og:description\" content=\"Pour commander vos v\u00eatements, il est pr\u00e9f\u00e9rable d\u2019utiliser les bonnes mesures nos grilles de mesure ci-dessous devraient vous y aider. pour chaque type de v\u00eatement, effectuez la mesure appropri\u00e9e et reportez-vous, ensuite au tableau qui vous permet de choisir la taille correspondante  LORS DE VOTRE PRISE DE MESURE : BIEN PLAQUER LE M\u00c8TRE RUBAN SUR LE CORPS. Les mensurations donn\u00e9es correspondent \u00e0 celles du corps nu, l\u2019ampleur n\u00e9cessaire du v\u00eatement est pr\u00e9vue. Si vous h\u00e9sitez entre deux tailles, choisissez toujours la taille la plus grande.\" \/>\n<meta property=\"og:url\" content=\"https:\/\/uniformeplus.tn\/index.php\/guide-des-tailles-uniforme-plus\/\" \/>\n<meta property=\"og:site_name\" content=\"uniformeplus - V\u00eatements de travail\" \/>\n<meta property=\"article:publisher\" content=\"https:\/\/www.facebook.com\/uniforconfection.uniformeplus\" \/>\n<meta property=\"article:modified_time\" content=\"2020-12-30T14:50:28+00:00\" \/>\n<meta property=\"og:image\" content=\"http:\/\/uniformeplus.tn\/wp-content\/uploads\/2020\/12\/conseils-prise-de-tailles-homme.jpg\" \/>\n<meta name=\"twitter:card\" content=\"summary_large_image\" \/>\n<meta name=\"twitter:label1\" content=\"Dur\u00e9e de lecture estim\u00e9e\" \/>\n\t<meta name=\"twitter:data1\" content=\"1 minute\" \/>\n<script type=\"application\/ld+json\" class=\"yoast-schema-graph\">{\"@context\":\"https:\/\/schema.org\",\"@graph\":[{\"@type\":\"WebPage\",\"@id\":\"https:\/\/uniformeplus.tn\/index.php\/guide-des-tailles-uniforme-plus\/\",\"url\":\"https:\/\/uniformeplus.tn\/index.php\/guide-des-tailles-uniforme-plus\/\",\"name\":\"GUIDE DES TAILLES UNIFORME PLUS - uniformeplus - V\u00eatements de travail\",\"isPartOf\":{\"@id\":\"https:\/\/uniformeplus.tn\/#website\"},\"primaryImageOfPage\":{\"@id\":\"https:\/\/uniformeplus.tn\/index.php\/guide-des-tailles-uniforme-plus\/#primaryimage\"},\"image\":{\"@id\":\"https:\/\/uniformeplus.tn\/index.php\/guide-des-tailles-uniforme-plus\/#primaryimage\"},\"thumbnailUrl\":\"http:\/\/uniformeplus.tn\/wp-content\/uploads\/2020\/12\/conseils-prise-de-tailles-homme.jpg\",\"datePublished\":\"2020-12-30T13:46:48+00:00\",\"dateModified\":\"2020-12-30T14:50:28+00:00\",\"description\":\"Pour commander vos v\u00eatements, il est pr\u00e9f\u00e9rable d\u2019utiliser les bonnes mesures nos grilles de mesure ci-dessous devraient vous y aider. pour chaque type de v\u00eatement, effectuez la mesure appropri\u00e9e et reportez-vous, ensuite au tableau qui vous permet de choisir la taille correspondante LORS DE VOTRE PRISE DE MESURE : BIEN PLAQUER LE M\u00c8TRE RUBAN SUR LE CORPS. Les mensurations donn\u00e9es correspondent \u00e0 celles du corps nu, l\u2019ampleur n\u00e9cessaire du v\u00eatement est pr\u00e9vue. Si vous h\u00e9sitez entre deux tailles, choisissez toujours la taille la plus grande.\",\"breadcrumb\":{\"@id\":\"https:\/\/uniformeplus.tn\/index.php\/guide-des-tailles-uniforme-plus\/#breadcrumb\"},\"inLanguage\":\"fr-FR\",\"potentialAction\":[{\"@type\":\"ReadAction\",\"target\":[\"https:\/\/uniformeplus.tn\/index.php\/guide-des-tailles-uniforme-plus\/\"]}]},{\"@type\":\"ImageObject\",\"inLanguage\":\"fr-FR\",\"@id\":\"https:\/\/uniformeplus.tn\/index.php\/guide-des-tailles-uniforme-plus\/#primaryimage\",\"url\":\"http:\/\/uniformeplus.tn\/wp-content\/uploads\/2020\/12\/conseils-prise-de-tailles-homme.jpg\",\"contentUrl\":\"http:\/\/uniformeplus.tn\/wp-content\/uploads\/2020\/12\/conseils-prise-de-tailles-homme.jpg\"},{\"@type\":\"BreadcrumbList\",\"@id\":\"https:\/\/uniformeplus.tn\/index.php\/guide-des-tailles-uniforme-plus\/#breadcrumb\",\"itemListElement\":[{\"@type\":\"ListItem\",\"position\":1,\"name\":\"Accueil\",\"item\":\"https:\/\/uniformeplus.tn\/\"},{\"@type\":\"ListItem\",\"position\":2,\"name\":\"GUIDE DES TAILLES UNIFORME PLUS\"}]},{\"@type\":\"WebSite\",\"@id\":\"https:\/\/uniformeplus.tn\/#website\",\"url\":\"https:\/\/uniformeplus.tn\/\",\"name\":\"uniformeplus\",\"description\":\"v\u00eatement de travail Tunisie\",\"publisher\":{\"@id\":\"https:\/\/uniformeplus.tn\/#organization\"},\"alternateName\":\"tenue de travail en tunisie\",\"potentialAction\":[{\"@type\":\"SearchAction\",\"target\":{\"@type\":\"EntryPoint\",\"urlTemplate\":\"https:\/\/uniformeplus.tn\/?s={search_term_string}\"},\"query-input\":{\"@type\":\"PropertyValueSpecification\",\"valueRequired\":true,\"valueName\":\"search_term_string\"}}],\"inLanguage\":\"fr-FR\"},{\"@type\":\"Organization\",\"@id\":\"https:\/\/uniformeplus.tn\/#organization\",\"name\":\"tenue de travail\",\"url\":\"https:\/\/uniformeplus.tn\/\",\"logo\":{\"@type\":\"ImageObject\",\"inLanguage\":\"fr-FR\",\"@id\":\"https:\/\/uniformeplus.tn\/#\/schema\/logo\/image\/\",\"url\":\"https:\/\/uniformeplus.tn\/wp-content\/uploads\/2021\/01\/logo.png\",\"contentUrl\":\"https:\/\/uniformeplus.tn\/wp-content\/uploads\/2021\/01\/logo.png\",\"width\":112,\"height\":112,\"caption\":\"tenue de travail\"},\"image\":{\"@id\":\"https:\/\/uniformeplus.tn\/#\/schema\/logo\/image\/\"},\"sameAs\":[\"https:\/\/www.facebook.com\/uniforconfection.uniformeplus\"],\"hasMerchantReturnPolicy\":{\"@type\":\"MerchantReturnPolicy\",\"merchantReturnLink\":\"https:\/\/uniformeplus.tn\/index.php\/politique-de-retour\/\"}}]}<\/script>\n<!-- \/ Yoast SEO Premium plugin. -->","yoast_head_json":{"title":"GUIDE DES TAILLES UNIFORME PLUS - uniformeplus - V\u00eatements de travail","description":"Pour commander vos v\u00eatements, il est pr\u00e9f\u00e9rable d\u2019utiliser les bonnes mesures nos grilles de mesure ci-dessous devraient vous y aider. pour chaque type de v\u00eatement, effectuez la mesure appropri\u00e9e et reportez-vous, ensuite au tableau qui vous permet de choisir la taille correspondante  LORS DE VOTRE PRISE DE MESURE : BIEN PLAQUER LE M\u00c8TRE RUBAN SUR LE CORPS. Les mensurations donn\u00e9es correspondent \u00e0 celles du corps nu, l\u2019ampleur n\u00e9cessaire du v\u00eatement est pr\u00e9vue. Si vous h\u00e9sitez entre deux tailles, choisissez toujours la taille la plus grande.","robots":{"index":"index","follow":"follow","max-snippet":"max-snippet:-1","max-image-preview":"max-image-preview:large","max-video-preview":"max-video-preview:-1"},"canonical":"https:\/\/uniformeplus.tn\/index.php\/guide-des-tailles-uniforme-plus\/","og_locale":"fr_FR","og_type":"article","og_title":"GUIDE DES TAILLES UNIFORME PLUS","og_description":"Pour commander vos v\u00eatements, il est pr\u00e9f\u00e9rable d\u2019utiliser les bonnes mesures nos grilles de mesure ci-dessous devraient vous y aider. pour chaque type de v\u00eatement, effectuez la mesure appropri\u00e9e et reportez-vous, ensuite au tableau qui vous permet de choisir la taille correspondante  LORS DE VOTRE PRISE DE MESURE : BIEN PLAQUER LE M\u00c8TRE RUBAN SUR LE CORPS. Les mensurations donn\u00e9es correspondent \u00e0 celles du corps nu, l\u2019ampleur n\u00e9cessaire du v\u00eatement est pr\u00e9vue. Si vous h\u00e9sitez entre deux tailles, choisissez toujours la taille la plus grande.","og_url":"https:\/\/uniformeplus.tn\/index.php\/guide-des-tailles-uniforme-plus\/","og_site_name":"uniformeplus - V\u00eatements de travail","article_publisher":"https:\/\/www.facebook.com\/uniforconfection.uniformeplus","article_modified_time":"2020-12-30T14:50:28+00:00","og_image":[{"url":"http:\/\/uniformeplus.tn\/wp-content\/uploads\/2020\/12\/conseils-prise-de-tailles-homme.jpg","type":"","width":"","height":""}],"twitter_card":"summary_large_image","twitter_misc":{"Dur\u00e9e de lecture estim\u00e9e":"1 minute"},"schema":{"@context":"https:\/\/schema.org","@graph":[{"@type":"WebPage","@id":"https:\/\/uniformeplus.tn\/index.php\/guide-des-tailles-uniforme-plus\/","url":"https:\/\/uniformeplus.tn\/index.php\/guide-des-tailles-uniforme-plus\/","name":"GUIDE DES TAILLES UNIFORME PLUS - uniformeplus - V\u00eatements de travail","isPartOf":{"@id":"https:\/\/uniformeplus.tn\/#website"},"primaryImageOfPage":{"@id":"https:\/\/uniformeplus.tn\/index.php\/guide-des-tailles-uniforme-plus\/#primaryimage"},"image":{"@id":"https:\/\/uniformeplus.tn\/index.php\/guide-des-tailles-uniforme-plus\/#primaryimage"},"thumbnailUrl":"http:\/\/uniformeplus.tn\/wp-content\/uploads\/2020\/12\/conseils-prise-de-tailles-homme.jpg","datePublished":"2020-12-30T13:46:48+00:00","dateModified":"2020-12-30T14:50:28+00:00","description":"Pour commander vos v\u00eatements, il est pr\u00e9f\u00e9rable d\u2019utiliser les bonnes mesures nos grilles de mesure ci-dessous devraient vous y aider. pour chaque type de v\u00eatement, effectuez la mesure appropri\u00e9e et reportez-vous, ensuite au tableau qui vous permet de choisir la taille correspondante LORS DE VOTRE PRISE DE MESURE : BIEN PLAQUER LE M\u00c8TRE RUBAN SUR LE CORPS. Les mensurations donn\u00e9es correspondent \u00e0 celles du corps nu, l\u2019ampleur n\u00e9cessaire du v\u00eatement est pr\u00e9vue. Si vous h\u00e9sitez entre deux tailles, choisissez toujours la taille la plus grande.","breadcrumb":{"@id":"https:\/\/uniformeplus.tn\/index.php\/guide-des-tailles-uniforme-plus\/#breadcrumb"},"inLanguage":"fr-FR","potentialAction":[{"@type":"ReadAction","target":["https:\/\/uniformeplus.tn\/index.php\/guide-des-tailles-uniforme-plus\/"]}]},{"@type":"ImageObject","inLanguage":"fr-FR","@id":"https:\/\/uniformeplus.tn\/index.php\/guide-des-tailles-uniforme-plus\/#primaryimage","url":"http:\/\/uniformeplus.tn\/wp-content\/uploads\/2020\/12\/conseils-prise-de-tailles-homme.jpg","contentUrl":"http:\/\/uniformeplus.tn\/wp-content\/uploads\/2020\/12\/conseils-prise-de-tailles-homme.jpg"},{"@type":"BreadcrumbList","@id":"https:\/\/uniformeplus.tn\/index.php\/guide-des-tailles-uniforme-plus\/#breadcrumb","itemListElement":[{"@type":"ListItem","position":1,"name":"Accueil","item":"https:\/\/uniformeplus.tn\/"},{"@type":"ListItem","position":2,"name":"GUIDE DES TAILLES UNIFORME PLUS"}]},{"@type":"WebSite","@id":"https:\/\/uniformeplus.tn\/#website","url":"https:\/\/uniformeplus.tn\/","name":"uniformeplus","description":"v\u00eatement de travail Tunisie","publisher":{"@id":"https:\/\/uniformeplus.tn\/#organization"},"alternateName":"tenue de travail en tunisie","potentialAction":[{"@type":"SearchAction","target":{"@type":"EntryPoint","urlTemplate":"https:\/\/uniformeplus.tn\/?s={search_term_string}"},"query-input":{"@type":"PropertyValueSpecification","valueRequired":true,"valueName":"search_term_string"}}],"inLanguage":"fr-FR"},{"@type":"Organization","@id":"https:\/\/uniformeplus.tn\/#organization","name":"tenue de travail","url":"https:\/\/uniformeplus.tn\/","logo":{"@type":"ImageObject","inLanguage":"fr-FR","@id":"https:\/\/uniformeplus.tn\/#\/schema\/logo\/image\/","url":"https:\/\/uniformeplus.tn\/wp-content\/uploads\/2021\/01\/logo.png","contentUrl":"https:\/\/uniformeplus.tn\/wp-content\/uploads\/2021\/01\/logo.png","width":112,"height":112,"caption":"tenue de travail"},"image":{"@id":"https:\/\/uniformeplus.tn\/#\/schema\/logo\/image\/"},"sameAs":["https:\/\/www.facebook.com\/uniforconfection.uniformeplus"],"hasMerchantReturnPolicy":{"@type":"MerchantReturnPolicy","merchantReturnLink":"https:\/\/uniformeplus.tn\/index.php\/politique-de-retour\/"}}]}},"_links":{"self":[{"href":"https:\/\/uniformeplus.tn\/index.php\/wp-json\/wp\/v2\/pages\/16042","targetHints":{"allow":["GET"]}}],"collection":[{"href":"https:\/\/uniformeplus.tn\/index.php\/wp-json\/wp\/v2\/pages"}],"about":[{"href":"https:\/\/uniformeplus.tn\/index.php\/wp-json\/wp\/v2\/types\/page"}],"author":[{"embeddable":true,"href":"https:\/\/uniformeplus.tn\/index.php\/wp-json\/wp\/v2\/users\/1"}],"replies":[{"embeddable":true,"href":"https:\/\/uniformeplus.tn\/index.php\/wp-json\/wp\/v2\/comments?post=16042"}],"version-history":[{"count":0,"href":"https:\/\/uniformeplus.tn\/index.php\/wp-json\/wp\/v2\/pages\/16042\/revisions"}],"wp:attachment":[{"href":"https:\/\/uniformeplus.tn\/index.php\/wp-json\/wp\/v2\/media?parent=16042"}],"curies":[{"name":"wp","href":"https:\/\/api.w.org\/{rel}","templated":true}]}}