{"id":16268,"date":"2021-02-23T17:18:38","date_gmt":"2021-02-23T16:18:38","guid":{"rendered":"http:\/\/www.uniformeplus.tn\/?page_id=16268"},"modified":"2021-02-24T11:27:10","modified_gmt":"2021-02-24T10:27:10","slug":"personnalisation","status":"publish","type":"page","link":"https:\/\/uniformeplus.tn\/index.php\/personnalisation\/","title":{"rendered":"v\u00eatement de travail personnalis\u00e9 avec logo"},"content":{"rendered":"<div class=\"wpb-content-wrapper\"><p>[vc_row][vc_column][vc_empty_space][\/vc_column][\/vc_row][vc_row][vc_column width=&#8221;1\/3&#8243;][vc_single_image image=&#8221;16281&#8243; img_size=&#8221;large&#8221; onclick=&#8221;link_image&#8221;][vc_column_text]<a href=\"http:\/\/www.uniformeplus.tn\/index.php\/personnalisation\/\"><span style=\"color: #ff0000;\"><strong>LE TRANSFERT<\/strong><\/span><\/a><\/p>\n<p>Il permet un marquage avec d\u00e9grad\u00e9s et sans limites de couleurs. L\u2019impression est r\u00e9alis\u00e9e sur flex imprimable opaque, d\u00e9coup\u00e9e \u00e0 la forme et coll\u00e9e \u00e0 chaud sur la plupart des articles clairs ou fonc\u00e9s. Temp\u00e9rature de lavage aux alentours des 30\/40\u00b0.[\/vc_column_text][\/vc_column][vc_column width=&#8221;1\/3&#8243;][vc_single_image image=&#8221;16283&#8243; img_size=&#8221;large&#8221; onclick=&#8221;link_image&#8221;][vc_column_text]<\/p>\n<p class=\"CSWSaveStyle\"><a href=\"http:\/\/www.uniformeplus.tn\/index.php\/personnalisation\/\"><span style=\"color: #ff0000;\"><strong><span class=\"CSWDefineFontSize\">LA SERIGRAPHIE<\/span><\/strong><\/span><\/a><\/p>\n<p class=\"CSWSaveStyle\">Elle permet un marquage de 1 \u00e0 6 couleurs en r\u00e8gle g\u00e9n\u00e9rale, et offre une grande r\u00e9sistance au lavage. Pas de d\u00e9grad\u00e9s possibles. Certaines mati\u00e8res telles que la polaire, tissu irr\u00e9gulier, n\u2019acceptent pas la s\u00e9rigraphie.<\/p>\n<p>[\/vc_column_text][\/vc_column][vc_column width=&#8221;1\/3&#8243;][vc_single_image image=&#8221;16288&#8243; img_size=&#8221;large&#8221; onclick=&#8221;link_image&#8221;][vc_column_text]<\/p>\n<p class=\"CSWSaveStyle\"><a href=\"http:\/\/www.uniformeplus.tn\/index.php\/personnalisation\/\"><span style=\"color: #ff0000;\"><strong><span class=\"CSWDefineFontSize\">LA BRODERIE<\/span><\/strong><\/span><\/a><\/p>\n<p class=\"CSWSaveStyle\">Elle permet un marquage jusqu\u2019a 5 couleurs, offrant un rendu tr\u00e8s qualitatif.<br \/>\nPas de d\u00e9grad\u00e9s possibles. Les textiles ayant un grammage trop l\u00e9ger (&lt;150g\/m2) n\u2019acc\u00e8ptent pas ce genre de marquage. Les petites finesses ne pourront pas \u00eatre reproduites.<\/p>\n<p>[\/vc_column_text][\/vc_column][\/vc_row][vc_row][vc_column][vc_facebook][\/vc_column][\/vc_row]<\/p>\n<\/div>","protected":false},"excerpt":{"rendered":"<p>[vc_row][vc_column][vc_empty_space][\/vc_column][\/vc_row][vc_row][vc_column width=&#8221;1\/3&#8243;][vc_single_image image=&#8221;16281&#8243; img_size=&#8221;large&#8221; onclick=&#8221;link_image&#8221;][vc_column_text]LE TRANSFERT Il permet un marquage avec d\u00e9grad\u00e9s et sans limites de couleurs. L\u2019impression est r\u00e9alis\u00e9e sur flex imprimable opaque, d\u00e9coup\u00e9e \u00e0 la forme et coll\u00e9e<\/p>\n","protected":false},"author":1,"featured_media":0,"parent":0,"menu_order":0,"comment_status":"closed","ping_status":"closed","template":"","meta":{"_acf_changed":false,"footnotes":""},"class_list":["post-16268","page","type-page","status-publish","hentry"],"acf":[],"yoast_head":"<!-- This site is optimized with the Yoast SEO Premium plugin v26.3 (Yoast SEO v26.3) - https:\/\/yoast.com\/wordpress\/plugins\/seo\/ -->\n<title>v\u00eatement de travail personnalis\u00e9 avec logo<\/title>\n<meta name=\"description\" content=\"uniformeplus vous propose de\u00a0personnaliser\u00a0vos tenus de travail en broderie et en impression sans minimum de quantit\u00e9. Vous cr\u00e9ez\u00a0avec\u00a0votre texte,\u00a0logo\u00a0\" \/>\n<meta name=\"robots\" content=\"index, follow, max-snippet:-1, max-image-preview:large, max-video-preview:-1\" \/>\n<link rel=\"canonical\" href=\"https:\/\/uniformeplus.tn\/index.php\/personnalisation\/\" \/>\n<meta property=\"og:locale\" content=\"fr_FR\" \/>\n<meta property=\"og:type\" content=\"article\" \/>\n<meta property=\"og:title\" content=\"v\u00eatement de travail personnalis\u00e9 avec logo\" \/>\n<meta property=\"og:description\" content=\"uniformeplus vous propose de\u00a0personnaliser\u00a0vos tenus de travail en broderie et en impression sans minimum de quantit\u00e9. Vous cr\u00e9ez\u00a0avec\u00a0votre texte,\u00a0logo\u00a0\" \/>\n<meta property=\"og:url\" content=\"https:\/\/uniformeplus.tn\/index.php\/personnalisation\/\" \/>\n<meta property=\"og:site_name\" content=\"uniformeplus - V\u00eatements de travail\" \/>\n<meta property=\"article:publisher\" content=\"https:\/\/www.facebook.com\/uniforconfection.uniformeplus\" \/>\n<meta property=\"article:modified_time\" content=\"2021-02-24T10:27:10+00:00\" \/>\n<meta property=\"og:image\" content=\"https:\/\/uniformeplus.tn\/wp-content\/uploads\/2020\/01\/logo.png\" \/>\n\t<meta property=\"og:image:width\" content=\"1080\" \/>\n\t<meta property=\"og:image:height\" content=\"1080\" \/>\n\t<meta property=\"og:image:type\" content=\"image\/png\" \/>\n<meta name=\"twitter:card\" content=\"summary_large_image\" \/>\n<meta name=\"twitter:label1\" content=\"Dur\u00e9e de lecture estim\u00e9e\" \/>\n\t<meta name=\"twitter:data1\" content=\"1 minute\" \/>\n<script type=\"application\/ld+json\" class=\"yoast-schema-graph\">{\"@context\":\"https:\/\/schema.org\",\"@graph\":[{\"@type\":\"WebPage\",\"@id\":\"https:\/\/uniformeplus.tn\/index.php\/personnalisation\/\",\"url\":\"https:\/\/uniformeplus.tn\/index.php\/personnalisation\/\",\"name\":\"v\u00eatement de travail personnalis\u00e9 avec logo\",\"isPartOf\":{\"@id\":\"https:\/\/uniformeplus.tn\/#website\"},\"datePublished\":\"2021-02-23T16:18:38+00:00\",\"dateModified\":\"2021-02-24T10:27:10+00:00\",\"description\":\"uniformeplus vous propose de\u00a0personnaliser\u00a0vos tenus de travail en broderie et en impression sans minimum de quantit\u00e9. Vous cr\u00e9ez\u00a0avec\u00a0votre texte,\u00a0logo\u00a0\",\"breadcrumb\":{\"@id\":\"https:\/\/uniformeplus.tn\/index.php\/personnalisation\/#breadcrumb\"},\"inLanguage\":\"fr-FR\",\"potentialAction\":[{\"@type\":\"ReadAction\",\"target\":[\"https:\/\/uniformeplus.tn\/index.php\/personnalisation\/\"]}]},{\"@type\":\"BreadcrumbList\",\"@id\":\"https:\/\/uniformeplus.tn\/index.php\/personnalisation\/#breadcrumb\",\"itemListElement\":[{\"@type\":\"ListItem\",\"position\":1,\"name\":\"Accueil\",\"item\":\"https:\/\/uniformeplus.tn\/\"},{\"@type\":\"ListItem\",\"position\":2,\"name\":\"v\u00eatement de travail personnalis\u00e9 avec logo\"}]},{\"@type\":\"WebSite\",\"@id\":\"https:\/\/uniformeplus.tn\/#website\",\"url\":\"https:\/\/uniformeplus.tn\/\",\"name\":\"uniformeplus\",\"description\":\"v\u00eatement de travail Tunisie\",\"publisher\":{\"@id\":\"https:\/\/uniformeplus.tn\/#organization\"},\"alternateName\":\"tenue de travail en tunisie\",\"potentialAction\":[{\"@type\":\"SearchAction\",\"target\":{\"@type\":\"EntryPoint\",\"urlTemplate\":\"https:\/\/uniformeplus.tn\/?s={search_term_string}\"},\"query-input\":{\"@type\":\"PropertyValueSpecification\",\"valueRequired\":true,\"valueName\":\"search_term_string\"}}],\"inLanguage\":\"fr-FR\"},{\"@type\":\"Organization\",\"@id\":\"https:\/\/uniformeplus.tn\/#organization\",\"name\":\"tenue de travail\",\"url\":\"https:\/\/uniformeplus.tn\/\",\"logo\":{\"@type\":\"ImageObject\",\"inLanguage\":\"fr-FR\",\"@id\":\"https:\/\/uniformeplus.tn\/#\/schema\/logo\/image\/\",\"url\":\"https:\/\/uniformeplus.tn\/wp-content\/uploads\/2021\/01\/logo.png\",\"contentUrl\":\"https:\/\/uniformeplus.tn\/wp-content\/uploads\/2021\/01\/logo.png\",\"width\":112,\"height\":112,\"caption\":\"tenue de travail\"},\"image\":{\"@id\":\"https:\/\/uniformeplus.tn\/#\/schema\/logo\/image\/\"},\"sameAs\":[\"https:\/\/www.facebook.com\/uniforconfection.uniformeplus\"],\"hasMerchantReturnPolicy\":{\"@type\":\"MerchantReturnPolicy\",\"merchantReturnLink\":\"https:\/\/uniformeplus.tn\/index.php\/politique-de-retour\/\"}}]}<\/script>\n<!-- \/ Yoast SEO Premium plugin. -->","yoast_head_json":{"title":"v\u00eatement de travail personnalis\u00e9 avec logo","description":"uniformeplus vous propose de\u00a0personnaliser\u00a0vos tenus de travail en broderie et en impression sans minimum de quantit\u00e9. Vous cr\u00e9ez\u00a0avec\u00a0votre texte,\u00a0logo\u00a0","robots":{"index":"index","follow":"follow","max-snippet":"max-snippet:-1","max-image-preview":"max-image-preview:large","max-video-preview":"max-video-preview:-1"},"canonical":"https:\/\/uniformeplus.tn\/index.php\/personnalisation\/","og_locale":"fr_FR","og_type":"article","og_title":"v\u00eatement de travail personnalis\u00e9 avec logo","og_description":"uniformeplus vous propose de\u00a0personnaliser\u00a0vos tenus de travail en broderie et en impression sans minimum de quantit\u00e9. Vous cr\u00e9ez\u00a0avec\u00a0votre texte,\u00a0logo\u00a0","og_url":"https:\/\/uniformeplus.tn\/index.php\/personnalisation\/","og_site_name":"uniformeplus - V\u00eatements de travail","article_publisher":"https:\/\/www.facebook.com\/uniforconfection.uniformeplus","article_modified_time":"2021-02-24T10:27:10+00:00","og_image":[{"width":1080,"height":1080,"url":"https:\/\/uniformeplus.tn\/wp-content\/uploads\/2020\/01\/logo.png","type":"image\/png"}],"twitter_card":"summary_large_image","twitter_misc":{"Dur\u00e9e de lecture estim\u00e9e":"1 minute"},"schema":{"@context":"https:\/\/schema.org","@graph":[{"@type":"WebPage","@id":"https:\/\/uniformeplus.tn\/index.php\/personnalisation\/","url":"https:\/\/uniformeplus.tn\/index.php\/personnalisation\/","name":"v\u00eatement de travail personnalis\u00e9 avec logo","isPartOf":{"@id":"https:\/\/uniformeplus.tn\/#website"},"datePublished":"2021-02-23T16:18:38+00:00","dateModified":"2021-02-24T10:27:10+00:00","description":"uniformeplus vous propose de\u00a0personnaliser\u00a0vos tenus de travail en broderie et en impression sans minimum de quantit\u00e9. Vous cr\u00e9ez\u00a0avec\u00a0votre texte,\u00a0logo\u00a0","breadcrumb":{"@id":"https:\/\/uniformeplus.tn\/index.php\/personnalisation\/#breadcrumb"},"inLanguage":"fr-FR","potentialAction":[{"@type":"ReadAction","target":["https:\/\/uniformeplus.tn\/index.php\/personnalisation\/"]}]},{"@type":"BreadcrumbList","@id":"https:\/\/uniformeplus.tn\/index.php\/personnalisation\/#breadcrumb","itemListElement":[{"@type":"ListItem","position":1,"name":"Accueil","item":"https:\/\/uniformeplus.tn\/"},{"@type":"ListItem","position":2,"name":"v\u00eatement de travail personnalis\u00e9 avec logo"}]},{"@type":"WebSite","@id":"https:\/\/uniformeplus.tn\/#website","url":"https:\/\/uniformeplus.tn\/","name":"uniformeplus","description":"v\u00eatement de travail Tunisie","publisher":{"@id":"https:\/\/uniformeplus.tn\/#organization"},"alternateName":"tenue de travail en tunisie","potentialAction":[{"@type":"SearchAction","target":{"@type":"EntryPoint","urlTemplate":"https:\/\/uniformeplus.tn\/?s={search_term_string}"},"query-input":{"@type":"PropertyValueSpecification","valueRequired":true,"valueName":"search_term_string"}}],"inLanguage":"fr-FR"},{"@type":"Organization","@id":"https:\/\/uniformeplus.tn\/#organization","name":"tenue de travail","url":"https:\/\/uniformeplus.tn\/","logo":{"@type":"ImageObject","inLanguage":"fr-FR","@id":"https:\/\/uniformeplus.tn\/#\/schema\/logo\/image\/","url":"https:\/\/uniformeplus.tn\/wp-content\/uploads\/2021\/01\/logo.png","contentUrl":"https:\/\/uniformeplus.tn\/wp-content\/uploads\/2021\/01\/logo.png","width":112,"height":112,"caption":"tenue de travail"},"image":{"@id":"https:\/\/uniformeplus.tn\/#\/schema\/logo\/image\/"},"sameAs":["https:\/\/www.facebook.com\/uniforconfection.uniformeplus"],"hasMerchantReturnPolicy":{"@type":"MerchantReturnPolicy","merchantReturnLink":"https:\/\/uniformeplus.tn\/index.php\/politique-de-retour\/"}}]}},"_links":{"self":[{"href":"https:\/\/uniformeplus.tn\/index.php\/wp-json\/wp\/v2\/pages\/16268","targetHints":{"allow":["GET"]}}],"collection":[{"href":"https:\/\/uniformeplus.tn\/index.php\/wp-json\/wp\/v2\/pages"}],"about":[{"href":"https:\/\/uniformeplus.tn\/index.php\/wp-json\/wp\/v2\/types\/page"}],"author":[{"embeddable":true,"href":"https:\/\/uniformeplus.tn\/index.php\/wp-json\/wp\/v2\/users\/1"}],"replies":[{"embeddable":true,"href":"https:\/\/uniformeplus.tn\/index.php\/wp-json\/wp\/v2\/comments?post=16268"}],"version-history":[{"count":0,"href":"https:\/\/uniformeplus.tn\/index.php\/wp-json\/wp\/v2\/pages\/16268\/revisions"}],"wp:attachment":[{"href":"https:\/\/uniformeplus.tn\/index.php\/wp-json\/wp\/v2\/media?parent=16268"}],"curies":[{"name":"wp","href":"https:\/\/api.w.org\/{rel}","templated":true}]}}