{"id":10914,"date":"2020-08-19T10:38:58","date_gmt":"2020-08-19T08:38:58","guid":{"rendered":"http:\/\/uniformeplus.tn\/?post_type=product&#038;p=10914"},"modified":"2026-03-21T01:44:54","modified_gmt":"2026-03-21T00:44:54","slug":"blouson-de-travail","status":"publish","type":"product","link":"https:\/\/uniformeplus.tn\/index.php\/product\/blouson-de-travail\/","title":{"rendered":"Blouson de travail"},"content":{"rendered":"<p>&nbsp;<\/p>\n<p><strong><a href=\"http:\/\/uniformeplus.tn\/index.php\/product\/blouson-de-travail\/ \u200e\">Ce blouson de travai<\/a>l <\/strong>poss\u00e8de de nombreuses poches tr\u00e8s pratiques. Il s&#8217;agit d&#8217;un mod\u00e8le mixte pour homme et femme.<\/p>\n<table class=\"table-data-sheet\">\n<tbody>\n<tr class=\"odd\">\n<td>Genre<\/td>\n<td>Mixte<\/td>\n<\/tr>\n<tr class=\"even\">\n<td>Fonctionnalit\u00e9s<\/td>\n<td>Dos couvre-reins, Poche t\u00e9l\u00e9phone, Ultra r\u00e9sistant<\/td>\n<\/tr>\n<tr class=\"odd\">\n<td>Manches<\/td>\n<td>Longues<\/td>\n<\/tr>\n<tr class=\"even\">\n<td>Tissu<\/td>\n<td>Coton majoritaire<\/td>\n<\/tr>\n<tr class=\"odd\">\n<td>Fermeture<\/td>\n<td>Simple Zip<\/td>\n<\/tr>\n<\/tbody>\n<\/table>\n<ul>\n<li>Col montant<\/li>\n<li>Fermeture \u00e0 glissi\u00e8re inject\u00e9e sous patte<\/li>\n<li>2 poches poitrine \u00e0 soufflets et rabats<\/li>\n<li>Ouverture pour kit mains-libres<\/li>\n<li>1 poche poitrine int\u00e9rieure<\/li>\n<li>2 poches basses repose-main<\/li>\n<li>Poignets resserrables par patte auto-agrippante<\/li>\n<li>Taille resserrable par pattes auto-agrippantes sur les c\u00f4t\u00e9s<\/li>\n<li>Dos long couvre reins<\/li>\n<li>Patte d&#8217;accrochage<\/li>\n<li>Jeu de surpiq\u00fbres<\/li>\n<\/ul>\n<h3>Tissus :<\/h3>\n<ul>\n<li>Tissu principal : Crois\u00e9, 60% coton, 40% polyester &#8211; 300 g\/m\u00b2<\/li>\n<li>Empi\u00e8cements : Oxford 900D, 100% polyester &#8211; 245 g\/m\u00b2<\/li>\n<\/ul>\n","protected":false},"excerpt":{"rendered":"<p><strong>Blouson de travail<\/strong><\/p>\n<p>R\u00e9f: BDTB002<br \/>\nIl poss\u00e8de de nombreuses poches tr\u00e8s pratiques. Il s&#8217;agit d&#8217;un mod\u00e8le mixte pour homme et femme<\/p>\n","protected":false},"featured_media":10915,"comment_status":"open","ping_status":"closed","template":"","meta":{"_acf_changed":false},"product_brand":[],"product_cat":[264,270,280,304,266,279,235,278,230,269,302,303,301,237,277,268,250,227],"product_tag":[],"class_list":{"0":"post-10914","1":"product","2":"type-product","3":"status-publish","4":"has-post-thumbnail","6":"product_cat-btp-et-chantiers","7":"product_cat-carreleur","8":"product_cat-carrossier","9":"product_cat-construction-industrielle","10":"product_cat-couvreur-zingueur","11":"product_cat-garagiste","12":"product_cat-industrie","13":"product_cat-mecanicien","14":"product_cat-metiers","15":"product_cat-ouvrier","16":"product_cat-ouvrier-industrie","17":"product_cat-service-maintenance","18":"product_cat-technicien","19":"product_cat-technicien-operateur-maintenance","20":"product_cat-tenues-pour-lautomobile","21":"product_cat-travaux-publics","22":"product_cat-vestes-de-travail-tunisie","23":"product_cat-vetement-de-travail","25":"first","26":"instock","27":"taxable","28":"shipping-taxable","29":"purchasable","30":"product-type-simple"},"acf":[],"yoast_head":"<!-- This site is optimized with the Yoast SEO Premium plugin v26.3 (Yoast SEO v26.3) - https:\/\/yoast.com\/wordpress\/plugins\/seo\/ -->\n<title>Blouson de travail<\/title>\n<meta name=\"description\" content=\"Blouson de travail  R\u00e9f: BDTB002 Il poss\u00e8de de nombreuses poches tr\u00e8s pratiques. Il s&#039;agit d&#039;un mod\u00e8le mixte pour homme et femme\" \/>\n<meta name=\"robots\" content=\"index, follow, max-snippet:-1, max-image-preview:large, max-video-preview:-1\" \/>\n<link rel=\"canonical\" href=\"https:\/\/uniformeplus.tn\/index.php\/product\/blouson-de-travail\/\" \/>\n<meta property=\"og:locale\" content=\"fr_FR\" \/>\n<meta property=\"og:type\" content=\"article\" \/>\n<meta property=\"og:title\" content=\"Blouson de travail\" \/>\n<meta property=\"og:description\" content=\"Blouson de travail  R\u00e9f: BDTB002 Il poss\u00e8de de nombreuses poches tr\u00e8s pratiques. Il s&#039;agit d&#039;un mod\u00e8le mixte pour homme et femme\" \/>\n<meta property=\"og:url\" content=\"https:\/\/uniformeplus.tn\/index.php\/product\/blouson-de-travail\/\" \/>\n<meta property=\"og:site_name\" content=\"uniformeplus - V\u00eatements de travail\" \/>\n<meta property=\"article:publisher\" content=\"https:\/\/www.facebook.com\/uniforconfection.uniformeplus\" \/>\n<meta property=\"article:modified_time\" content=\"2026-03-21T00:44:54+00:00\" \/>\n<meta property=\"og:image\" content=\"https:\/\/uniformeplus.tn\/wp-content\/uploads\/2020\/08\/74860127_2690966384300376_3090186024094007296_o.jpg\" \/>\n\t<meta property=\"og:image:width\" content=\"960\" \/>\n\t<meta property=\"og:image:height\" content=\"960\" \/>\n\t<meta property=\"og:image:type\" content=\"image\/jpeg\" \/>\n<meta name=\"twitter:card\" content=\"summary_large_image\" \/>\n<meta name=\"twitter:label1\" content=\"Prix\" \/>\n\t<meta name=\"twitter:data1\" content=\"55.000&#x62f;.&#x62a;\" \/>\n\t<meta name=\"twitter:label2\" content=\"Disponibilit\u00e9\" \/>\n\t<meta name=\"twitter:data2\" content=\"En stock\" \/>\n<script type=\"application\/ld+json\" class=\"yoast-schema-graph\">{\"@context\":\"https:\/\/schema.org\",\"@graph\":[{\"@type\":\"WebPage\",\"@id\":\"https:\/\/uniformeplus.tn\/index.php\/product\/blouson-de-travail\/\",\"url\":\"https:\/\/uniformeplus.tn\/index.php\/product\/blouson-de-travail\/\",\"name\":\"Blouson de travail\",\"isPartOf\":{\"@id\":\"https:\/\/uniformeplus.tn\/#website\"},\"primaryImageOfPage\":{\"@id\":\"https:\/\/uniformeplus.tn\/index.php\/product\/blouson-de-travail\/#primaryimage\"},\"image\":{\"@id\":\"https:\/\/uniformeplus.tn\/index.php\/product\/blouson-de-travail\/#primaryimage\"},\"thumbnailUrl\":\"https:\/\/uniformeplus.tn\/wp-content\/uploads\/2020\/08\/74860127_2690966384300376_3090186024094007296_o.jpg\",\"datePublished\":\"2020-08-19T08:38:58+00:00\",\"dateModified\":\"2026-03-21T00:44:54+00:00\",\"description\":\"Blouson de travail R\u00e9f: BDTB002 Il poss\u00e8de de nombreuses poches tr\u00e8s pratiques. Il s'agit d'un mod\u00e8le mixte pour homme et femme\",\"breadcrumb\":{\"@id\":\"https:\/\/uniformeplus.tn\/index.php\/product\/blouson-de-travail\/#breadcrumb\"},\"inLanguage\":\"fr-FR\",\"potentialAction\":[{\"@type\":\"ReadAction\",\"target\":[\"https:\/\/uniformeplus.tn\/index.php\/product\/blouson-de-travail\/\"]}]},{\"@type\":\"ImageObject\",\"inLanguage\":\"fr-FR\",\"@id\":\"https:\/\/uniformeplus.tn\/index.php\/product\/blouson-de-travail\/#primaryimage\",\"url\":\"https:\/\/uniformeplus.tn\/wp-content\/uploads\/2020\/08\/74860127_2690966384300376_3090186024094007296_o.jpg\",\"contentUrl\":\"https:\/\/uniformeplus.tn\/wp-content\/uploads\/2020\/08\/74860127_2690966384300376_3090186024094007296_o.jpg\",\"width\":960,\"height\":960,\"caption\":\"Blouson de travail\"},{\"@type\":\"BreadcrumbList\",\"@id\":\"https:\/\/uniformeplus.tn\/index.php\/product\/blouson-de-travail\/#breadcrumb\",\"itemListElement\":[{\"@type\":\"ListItem\",\"position\":1,\"name\":\"Accueil\",\"item\":\"https:\/\/uniformeplus.tn\/\"},{\"@type\":\"ListItem\",\"position\":2,\"name\":\"Shop\",\"item\":\"https:\/\/uniformeplus.tn\/index.php\/shop-2\/\"},{\"@type\":\"ListItem\",\"position\":3,\"name\":\"M\u00c9TIERS\",\"item\":\"https:\/\/uniformeplus.tn\/index.php\/product-category\/metiers\/\"},{\"@type\":\"ListItem\",\"position\":4,\"name\":\"BTP ET CHANTIERS\",\"item\":\"https:\/\/uniformeplus.tn\/index.php\/product-category\/metiers\/btp-et-chantiers\/\"},{\"@type\":\"ListItem\",\"position\":5,\"name\":\"Carreleur\",\"item\":\"https:\/\/uniformeplus.tn\/index.php\/product-category\/metiers\/btp-et-chantiers\/carreleur\/\"},{\"@type\":\"ListItem\",\"position\":6,\"name\":\"Blouson de travail\"}]},{\"@type\":\"WebSite\",\"@id\":\"https:\/\/uniformeplus.tn\/#website\",\"url\":\"https:\/\/uniformeplus.tn\/\",\"name\":\"uniformeplus\",\"description\":\"v\u00eatement de travail Tunisie\",\"publisher\":{\"@id\":\"https:\/\/uniformeplus.tn\/#organization\"},\"alternateName\":\"tenue de travail en tunisie\",\"potentialAction\":[{\"@type\":\"SearchAction\",\"target\":{\"@type\":\"EntryPoint\",\"urlTemplate\":\"https:\/\/uniformeplus.tn\/?s={search_term_string}\"},\"query-input\":{\"@type\":\"PropertyValueSpecification\",\"valueRequired\":true,\"valueName\":\"search_term_string\"}}],\"inLanguage\":\"fr-FR\"},{\"@type\":\"Organization\",\"@id\":\"https:\/\/uniformeplus.tn\/#organization\",\"name\":\"tenue de travail\",\"url\":\"https:\/\/uniformeplus.tn\/\",\"logo\":{\"@type\":\"ImageObject\",\"inLanguage\":\"fr-FR\",\"@id\":\"https:\/\/uniformeplus.tn\/#\/schema\/logo\/image\/\",\"url\":\"https:\/\/uniformeplus.tn\/wp-content\/uploads\/2021\/01\/logo.png\",\"contentUrl\":\"https:\/\/uniformeplus.tn\/wp-content\/uploads\/2021\/01\/logo.png\",\"width\":112,\"height\":112,\"caption\":\"tenue de travail\"},\"image\":{\"@id\":\"https:\/\/uniformeplus.tn\/#\/schema\/logo\/image\/\"},\"sameAs\":[\"https:\/\/www.facebook.com\/uniforconfection.uniformeplus\"],\"hasMerchantReturnPolicy\":{\"@type\":\"MerchantReturnPolicy\",\"merchantReturnLink\":\"https:\/\/uniformeplus.tn\/index.php\/politique-de-retour\/\"}}]}<\/script>\n<meta property=\"product:price:amount\" content=\"55.000\" \/>\n<meta property=\"product:price:currency\" content=\"TND\" \/>\n<meta property=\"og:availability\" content=\"instock\" \/>\n<meta property=\"product:availability\" content=\"instock\" \/>\n<meta property=\"product:condition\" content=\"new\" \/>\n<!-- \/ Yoast SEO Premium plugin. -->","yoast_head_json":{"title":"Blouson de travail","description":"Blouson de travail  R\u00e9f: BDTB002 Il poss\u00e8de de nombreuses poches tr\u00e8s pratiques. Il s'agit d'un mod\u00e8le mixte pour homme et femme","robots":{"index":"index","follow":"follow","max-snippet":"max-snippet:-1","max-image-preview":"max-image-preview:large","max-video-preview":"max-video-preview:-1"},"canonical":"https:\/\/uniformeplus.tn\/index.php\/product\/blouson-de-travail\/","og_locale":"fr_FR","og_type":"article","og_title":"Blouson de travail","og_description":"Blouson de travail  R\u00e9f: BDTB002 Il poss\u00e8de de nombreuses poches tr\u00e8s pratiques. Il s'agit d'un mod\u00e8le mixte pour homme et femme","og_url":"https:\/\/uniformeplus.tn\/index.php\/product\/blouson-de-travail\/","og_site_name":"uniformeplus - V\u00eatements de travail","article_publisher":"https:\/\/www.facebook.com\/uniforconfection.uniformeplus","article_modified_time":"2026-03-21T00:44:54+00:00","og_image":[{"width":960,"height":960,"url":"https:\/\/uniformeplus.tn\/wp-content\/uploads\/2020\/08\/74860127_2690966384300376_3090186024094007296_o.jpg","type":"image\/jpeg"}],"twitter_card":"summary_large_image","twitter_misc":{"Prix":"55.000&#x62f;.&#x62a;","Disponibilit\u00e9":"En stock"},"schema":{"@context":"https:\/\/schema.org","@graph":[{"@type":"WebPage","@id":"https:\/\/uniformeplus.tn\/index.php\/product\/blouson-de-travail\/","url":"https:\/\/uniformeplus.tn\/index.php\/product\/blouson-de-travail\/","name":"Blouson de travail","isPartOf":{"@id":"https:\/\/uniformeplus.tn\/#website"},"primaryImageOfPage":{"@id":"https:\/\/uniformeplus.tn\/index.php\/product\/blouson-de-travail\/#primaryimage"},"image":{"@id":"https:\/\/uniformeplus.tn\/index.php\/product\/blouson-de-travail\/#primaryimage"},"thumbnailUrl":"https:\/\/uniformeplus.tn\/wp-content\/uploads\/2020\/08\/74860127_2690966384300376_3090186024094007296_o.jpg","datePublished":"2020-08-19T08:38:58+00:00","dateModified":"2026-03-21T00:44:54+00:00","description":"Blouson de travail R\u00e9f: BDTB002 Il poss\u00e8de de nombreuses poches tr\u00e8s pratiques. Il s'agit d'un mod\u00e8le mixte pour homme et femme","breadcrumb":{"@id":"https:\/\/uniformeplus.tn\/index.php\/product\/blouson-de-travail\/#breadcrumb"},"inLanguage":"fr-FR","potentialAction":[{"@type":"ReadAction","target":["https:\/\/uniformeplus.tn\/index.php\/product\/blouson-de-travail\/"]}]},{"@type":"ImageObject","inLanguage":"fr-FR","@id":"https:\/\/uniformeplus.tn\/index.php\/product\/blouson-de-travail\/#primaryimage","url":"https:\/\/uniformeplus.tn\/wp-content\/uploads\/2020\/08\/74860127_2690966384300376_3090186024094007296_o.jpg","contentUrl":"https:\/\/uniformeplus.tn\/wp-content\/uploads\/2020\/08\/74860127_2690966384300376_3090186024094007296_o.jpg","width":960,"height":960,"caption":"Blouson de travail"},{"@type":"BreadcrumbList","@id":"https:\/\/uniformeplus.tn\/index.php\/product\/blouson-de-travail\/#breadcrumb","itemListElement":[{"@type":"ListItem","position":1,"name":"Accueil","item":"https:\/\/uniformeplus.tn\/"},{"@type":"ListItem","position":2,"name":"Shop","item":"https:\/\/uniformeplus.tn\/index.php\/shop-2\/"},{"@type":"ListItem","position":3,"name":"M\u00c9TIERS","item":"https:\/\/uniformeplus.tn\/index.php\/product-category\/metiers\/"},{"@type":"ListItem","position":4,"name":"BTP ET CHANTIERS","item":"https:\/\/uniformeplus.tn\/index.php\/product-category\/metiers\/btp-et-chantiers\/"},{"@type":"ListItem","position":5,"name":"Carreleur","item":"https:\/\/uniformeplus.tn\/index.php\/product-category\/metiers\/btp-et-chantiers\/carreleur\/"},{"@type":"ListItem","position":6,"name":"Blouson de travail"}]},{"@type":"WebSite","@id":"https:\/\/uniformeplus.tn\/#website","url":"https:\/\/uniformeplus.tn\/","name":"uniformeplus","description":"v\u00eatement de travail Tunisie","publisher":{"@id":"https:\/\/uniformeplus.tn\/#organization"},"alternateName":"tenue de travail en tunisie","potentialAction":[{"@type":"SearchAction","target":{"@type":"EntryPoint","urlTemplate":"https:\/\/uniformeplus.tn\/?s={search_term_string}"},"query-input":{"@type":"PropertyValueSpecification","valueRequired":true,"valueName":"search_term_string"}}],"inLanguage":"fr-FR"},{"@type":"Organization","@id":"https:\/\/uniformeplus.tn\/#organization","name":"tenue de travail","url":"https:\/\/uniformeplus.tn\/","logo":{"@type":"ImageObject","inLanguage":"fr-FR","@id":"https:\/\/uniformeplus.tn\/#\/schema\/logo\/image\/","url":"https:\/\/uniformeplus.tn\/wp-content\/uploads\/2021\/01\/logo.png","contentUrl":"https:\/\/uniformeplus.tn\/wp-content\/uploads\/2021\/01\/logo.png","width":112,"height":112,"caption":"tenue de travail"},"image":{"@id":"https:\/\/uniformeplus.tn\/#\/schema\/logo\/image\/"},"sameAs":["https:\/\/www.facebook.com\/uniforconfection.uniformeplus"],"hasMerchantReturnPolicy":{"@type":"MerchantReturnPolicy","merchantReturnLink":"https:\/\/uniformeplus.tn\/index.php\/politique-de-retour\/"}}]},"product_price_amount":"55.000","product_price_currency":"TND","og_availability":"instock","product_availability":"instock","product_condition":"new"},"_links":{"self":[{"href":"https:\/\/uniformeplus.tn\/index.php\/wp-json\/wp\/v2\/product\/10914","targetHints":{"allow":["GET"]}}],"collection":[{"href":"https:\/\/uniformeplus.tn\/index.php\/wp-json\/wp\/v2\/product"}],"about":[{"href":"https:\/\/uniformeplus.tn\/index.php\/wp-json\/wp\/v2\/types\/product"}],"replies":[{"embeddable":true,"href":"https:\/\/uniformeplus.tn\/index.php\/wp-json\/wp\/v2\/comments?post=10914"}],"wp:featuredmedia":[{"embeddable":true,"href":"https:\/\/uniformeplus.tn\/index.php\/wp-json\/wp\/v2\/media\/10915"}],"wp:attachment":[{"href":"https:\/\/uniformeplus.tn\/index.php\/wp-json\/wp\/v2\/media?parent=10914"}],"wp:term":[{"taxonomy":"product_brand","embeddable":true,"href":"https:\/\/uniformeplus.tn\/index.php\/wp-json\/wp\/v2\/product_brand?post=10914"},{"taxonomy":"product_cat","embeddable":true,"href":"https:\/\/uniformeplus.tn\/index.php\/wp-json\/wp\/v2\/product_cat?post=10914"},{"taxonomy":"product_tag","embeddable":true,"href":"https:\/\/uniformeplus.tn\/index.php\/wp-json\/wp\/v2\/product_tag?post=10914"}],"curies":[{"name":"wp","href":"https:\/\/api.w.org\/{rel}","templated":true}]}}