{"id":10941,"date":"2020-08-19T13:53:02","date_gmt":"2020-08-19T11:53:02","guid":{"rendered":"http:\/\/uniformeplus.tn\/?post_type=product&#038;p=10941"},"modified":"2025-11-11T09:55:13","modified_gmt":"2025-11-11T08:55:13","slug":"gilet-haute-visibilite","status":"publish","type":"product","link":"https:\/\/uniformeplus.tn\/index.php\/product\/gilet-haute-visibilite\/","title":{"rendered":"Gilet haute visibilit\u00e9"},"content":{"rendered":"<p><a href=\"http:\/\/: http:\/\/www.uniformeplus.tn\/index.php\/product\/gilet-haute-visibilite\/\"><strong>Gilet haute visibilit\u00e9\u00a0<\/strong><\/a><br \/>\nDisponible en toutes les couleurs , ce gilet de signalisation permet d&#8217;am\u00e9liorer la visibilit\u00e9 des professionnels lors des activit\u00e9s \u00e0 risque.<\/p>\n<p>R\u00e9pondant \u00e0 la norme EN 471 classe 2, il est \u00e9quip\u00e9 de 2 bandes r\u00e9tro r\u00e9fl\u00e9chissantes cousues pour une meilleure durabilit\u00e9 et se ferme \u00e0 l&#8217;aide d&#8217;une bande scratch\u00e9e.<\/p>\n<p>Longueur dos : 70cm<\/p>\n","protected":false},"excerpt":{"rendered":"<p><strong>R\u00e9f\u00e9rence : GTHV001<\/strong><\/p>\n<ul>\n<li>Bandes r\u00e9tro r\u00e9fl\u00e9chissantes cousues<\/li>\n<li>Bords renforc\u00e9s<\/li>\n<li>Fermeture scratch\u00e9e<\/li>\n<li>Toutes les couleurs<\/li>\n<li>Norme(s) EN 20471 Classe 2<\/li>\n<\/ul>\n","protected":false},"featured_media":10949,"comment_status":"open","ping_status":"closed","template":"","meta":{"_acf_changed":false},"product_brand":[],"product_cat":[240,243,264,304,314,313,251,328,235,239,302,303,268,227],"product_tag":[],"class_list":{"0":"post-10941","1":"product","2":"type-product","3":"status-publish","4":"has-post-thumbnail","6":"product_cat-ambulancier","7":"product_cat-batiment","8":"product_cat-btp-et-chantiers","9":"product_cat-construction-industrielle","10":"product_cat-eboueur","11":"product_cat-gilet-de-securite","12":"product_cat-gilets","13":"product_cat-gilets-de-signalisation","14":"product_cat-industrie","15":"product_cat-medicales-bien-etre","16":"product_cat-ouvrier-industrie","17":"product_cat-service-maintenance","18":"product_cat-travaux-publics","19":"product_cat-vetement-de-travail","21":"first","22":"instock","23":"taxable","24":"shipping-taxable","25":"purchasable","26":"product-type-simple"},"acf":[],"yoast_head":"<!-- This site is optimized with the Yoast SEO Premium plugin v26.3 (Yoast SEO v26.3) - https:\/\/yoast.com\/wordpress\/plugins\/seo\/ -->\n<title>Gilet haute visibilit\u00e9<\/title>\n<meta name=\"description\" content=\"R\u00e9f\u00e9rence : GTHV001   Bandes r\u00e9tro r\u00e9fl\u00e9chissantes cousues  Bords renforc\u00e9s  Fermeture scratch\u00e9e  Toutes les couleurs  Norme(s) EN 20471 Classe 2\" \/>\n<meta name=\"robots\" content=\"index, follow, max-snippet:-1, max-image-preview:large, max-video-preview:-1\" \/>\n<link rel=\"canonical\" href=\"https:\/\/uniformeplus.tn\/index.php\/product\/gilet-haute-visibilite\/\" \/>\n<meta property=\"og:locale\" content=\"fr_FR\" \/>\n<meta property=\"og:type\" content=\"article\" \/>\n<meta property=\"og:title\" content=\"Gilet haute visibilit\u00e9\" \/>\n<meta property=\"og:description\" content=\"R\u00e9f\u00e9rence : GTHV001   Bandes r\u00e9tro r\u00e9fl\u00e9chissantes cousues  Bords renforc\u00e9s  Fermeture scratch\u00e9e  Toutes les couleurs  Norme(s) EN 20471 Classe 2\" \/>\n<meta property=\"og:url\" content=\"https:\/\/uniformeplus.tn\/index.php\/product\/gilet-haute-visibilite\/\" \/>\n<meta property=\"og:site_name\" content=\"uniformeplus - V\u00eatements de travail\" \/>\n<meta property=\"article:publisher\" content=\"https:\/\/www.facebook.com\/uniforconfection.uniformeplus\" \/>\n<meta property=\"article:modified_time\" content=\"2025-11-11T08:55:13+00:00\" \/>\n<meta property=\"og:image\" content=\"https:\/\/uniformeplus.tn\/wp-content\/uploads\/2020\/08\/70014725_2553655681364781_3422138175181553664_o-1.jpg\" \/>\n\t<meta property=\"og:image:width\" content=\"960\" \/>\n\t<meta property=\"og:image:height\" content=\"960\" \/>\n\t<meta property=\"og:image:type\" content=\"image\/jpeg\" \/>\n<meta name=\"twitter:card\" content=\"summary_large_image\" \/>\n<meta name=\"twitter:label1\" content=\"Prix\" \/>\n\t<meta name=\"twitter:data1\" content=\"25.000&#x62f;.&#x62a;\" \/>\n\t<meta name=\"twitter:label2\" content=\"Disponibilit\u00e9\" \/>\n\t<meta name=\"twitter:data2\" content=\"En stock\" \/>\n<script type=\"application\/ld+json\" class=\"yoast-schema-graph\">{\"@context\":\"https:\/\/schema.org\",\"@graph\":[{\"@type\":\"WebPage\",\"@id\":\"https:\/\/uniformeplus.tn\/index.php\/product\/gilet-haute-visibilite\/\",\"url\":\"https:\/\/uniformeplus.tn\/index.php\/product\/gilet-haute-visibilite\/\",\"name\":\"Gilet haute visibilit\u00e9\",\"isPartOf\":{\"@id\":\"https:\/\/uniformeplus.tn\/#website\"},\"primaryImageOfPage\":{\"@id\":\"https:\/\/uniformeplus.tn\/index.php\/product\/gilet-haute-visibilite\/#primaryimage\"},\"image\":{\"@id\":\"https:\/\/uniformeplus.tn\/index.php\/product\/gilet-haute-visibilite\/#primaryimage\"},\"thumbnailUrl\":\"https:\/\/uniformeplus.tn\/wp-content\/uploads\/2020\/08\/70014725_2553655681364781_3422138175181553664_o-1.jpg\",\"datePublished\":\"2020-08-19T11:53:02+00:00\",\"dateModified\":\"2025-11-11T08:55:13+00:00\",\"description\":\"R\u00e9f\u00e9rence : GTHV001 Bandes r\u00e9tro r\u00e9fl\u00e9chissantes cousues Bords renforc\u00e9s Fermeture scratch\u00e9e Toutes les couleurs Norme(s) EN 20471 Classe 2\",\"breadcrumb\":{\"@id\":\"https:\/\/uniformeplus.tn\/index.php\/product\/gilet-haute-visibilite\/#breadcrumb\"},\"inLanguage\":\"fr-FR\",\"potentialAction\":[{\"@type\":\"ReadAction\",\"target\":[\"https:\/\/uniformeplus.tn\/index.php\/product\/gilet-haute-visibilite\/\"]}]},{\"@type\":\"ImageObject\",\"inLanguage\":\"fr-FR\",\"@id\":\"https:\/\/uniformeplus.tn\/index.php\/product\/gilet-haute-visibilite\/#primaryimage\",\"url\":\"https:\/\/uniformeplus.tn\/wp-content\/uploads\/2020\/08\/70014725_2553655681364781_3422138175181553664_o-1.jpg\",\"contentUrl\":\"https:\/\/uniformeplus.tn\/wp-content\/uploads\/2020\/08\/70014725_2553655681364781_3422138175181553664_o-1.jpg\",\"width\":960,\"height\":960},{\"@type\":\"BreadcrumbList\",\"@id\":\"https:\/\/uniformeplus.tn\/index.php\/product\/gilet-haute-visibilite\/#breadcrumb\",\"itemListElement\":[{\"@type\":\"ListItem\",\"position\":1,\"name\":\"Accueil\",\"item\":\"https:\/\/uniformeplus.tn\/\"},{\"@type\":\"ListItem\",\"position\":2,\"name\":\"Shop\",\"item\":\"https:\/\/uniformeplus.tn\/index.php\/shop-2\/\"},{\"@type\":\"ListItem\",\"position\":3,\"name\":\"M\u00c9TIERS\",\"item\":\"https:\/\/uniformeplus.tn\/index.php\/product-category\/metiers\/\"},{\"@type\":\"ListItem\",\"position\":4,\"name\":\"M\u00c9DICALES \/ BIEN-\u00caTRE\",\"item\":\"https:\/\/uniformeplus.tn\/index.php\/product-category\/metiers\/medicales-bien-etre\/\"},{\"@type\":\"ListItem\",\"position\":5,\"name\":\"AMBULANCIER\",\"item\":\"https:\/\/uniformeplus.tn\/index.php\/product-category\/metiers\/medicales-bien-etre\/ambulancier\/\"},{\"@type\":\"ListItem\",\"position\":6,\"name\":\"Gilet haute visibilit\u00e9\"}]},{\"@type\":\"WebSite\",\"@id\":\"https:\/\/uniformeplus.tn\/#website\",\"url\":\"https:\/\/uniformeplus.tn\/\",\"name\":\"uniformeplus\",\"description\":\"v\u00eatement de travail Tunisie\",\"publisher\":{\"@id\":\"https:\/\/uniformeplus.tn\/#organization\"},\"alternateName\":\"tenue de travail en tunisie\",\"potentialAction\":[{\"@type\":\"SearchAction\",\"target\":{\"@type\":\"EntryPoint\",\"urlTemplate\":\"https:\/\/uniformeplus.tn\/?s={search_term_string}\"},\"query-input\":{\"@type\":\"PropertyValueSpecification\",\"valueRequired\":true,\"valueName\":\"search_term_string\"}}],\"inLanguage\":\"fr-FR\"},{\"@type\":\"Organization\",\"@id\":\"https:\/\/uniformeplus.tn\/#organization\",\"name\":\"tenue de travail\",\"url\":\"https:\/\/uniformeplus.tn\/\",\"logo\":{\"@type\":\"ImageObject\",\"inLanguage\":\"fr-FR\",\"@id\":\"https:\/\/uniformeplus.tn\/#\/schema\/logo\/image\/\",\"url\":\"https:\/\/uniformeplus.tn\/wp-content\/uploads\/2021\/01\/logo.png\",\"contentUrl\":\"https:\/\/uniformeplus.tn\/wp-content\/uploads\/2021\/01\/logo.png\",\"width\":112,\"height\":112,\"caption\":\"tenue de travail\"},\"image\":{\"@id\":\"https:\/\/uniformeplus.tn\/#\/schema\/logo\/image\/\"},\"sameAs\":[\"https:\/\/www.facebook.com\/uniforconfection.uniformeplus\"],\"hasMerchantReturnPolicy\":{\"@type\":\"MerchantReturnPolicy\",\"merchantReturnLink\":\"https:\/\/uniformeplus.tn\/index.php\/politique-de-retour\/\"}}]}<\/script>\n<meta property=\"product:price:amount\" content=\"25.000\" \/>\n<meta property=\"product:price:currency\" content=\"TND\" \/>\n<meta property=\"og:availability\" content=\"instock\" \/>\n<meta property=\"product:availability\" content=\"instock\" \/>\n<meta property=\"product:condition\" content=\"new\" \/>\n<!-- \/ Yoast SEO Premium plugin. -->","yoast_head_json":{"title":"Gilet haute visibilit\u00e9","description":"R\u00e9f\u00e9rence : GTHV001   Bandes r\u00e9tro r\u00e9fl\u00e9chissantes cousues  Bords renforc\u00e9s  Fermeture scratch\u00e9e  Toutes les couleurs  Norme(s) EN 20471 Classe 2","robots":{"index":"index","follow":"follow","max-snippet":"max-snippet:-1","max-image-preview":"max-image-preview:large","max-video-preview":"max-video-preview:-1"},"canonical":"https:\/\/uniformeplus.tn\/index.php\/product\/gilet-haute-visibilite\/","og_locale":"fr_FR","og_type":"article","og_title":"Gilet haute visibilit\u00e9","og_description":"R\u00e9f\u00e9rence : GTHV001   Bandes r\u00e9tro r\u00e9fl\u00e9chissantes cousues  Bords renforc\u00e9s  Fermeture scratch\u00e9e  Toutes les couleurs  Norme(s) EN 20471 Classe 2","og_url":"https:\/\/uniformeplus.tn\/index.php\/product\/gilet-haute-visibilite\/","og_site_name":"uniformeplus - V\u00eatements de travail","article_publisher":"https:\/\/www.facebook.com\/uniforconfection.uniformeplus","article_modified_time":"2025-11-11T08:55:13+00:00","og_image":[{"width":960,"height":960,"url":"https:\/\/uniformeplus.tn\/wp-content\/uploads\/2020\/08\/70014725_2553655681364781_3422138175181553664_o-1.jpg","type":"image\/jpeg"}],"twitter_card":"summary_large_image","twitter_misc":{"Prix":"25.000&#x62f;.&#x62a;","Disponibilit\u00e9":"En stock"},"schema":{"@context":"https:\/\/schema.org","@graph":[{"@type":"WebPage","@id":"https:\/\/uniformeplus.tn\/index.php\/product\/gilet-haute-visibilite\/","url":"https:\/\/uniformeplus.tn\/index.php\/product\/gilet-haute-visibilite\/","name":"Gilet haute visibilit\u00e9","isPartOf":{"@id":"https:\/\/uniformeplus.tn\/#website"},"primaryImageOfPage":{"@id":"https:\/\/uniformeplus.tn\/index.php\/product\/gilet-haute-visibilite\/#primaryimage"},"image":{"@id":"https:\/\/uniformeplus.tn\/index.php\/product\/gilet-haute-visibilite\/#primaryimage"},"thumbnailUrl":"https:\/\/uniformeplus.tn\/wp-content\/uploads\/2020\/08\/70014725_2553655681364781_3422138175181553664_o-1.jpg","datePublished":"2020-08-19T11:53:02+00:00","dateModified":"2025-11-11T08:55:13+00:00","description":"R\u00e9f\u00e9rence : GTHV001 Bandes r\u00e9tro r\u00e9fl\u00e9chissantes cousues Bords renforc\u00e9s Fermeture scratch\u00e9e Toutes les couleurs Norme(s) EN 20471 Classe 2","breadcrumb":{"@id":"https:\/\/uniformeplus.tn\/index.php\/product\/gilet-haute-visibilite\/#breadcrumb"},"inLanguage":"fr-FR","potentialAction":[{"@type":"ReadAction","target":["https:\/\/uniformeplus.tn\/index.php\/product\/gilet-haute-visibilite\/"]}]},{"@type":"ImageObject","inLanguage":"fr-FR","@id":"https:\/\/uniformeplus.tn\/index.php\/product\/gilet-haute-visibilite\/#primaryimage","url":"https:\/\/uniformeplus.tn\/wp-content\/uploads\/2020\/08\/70014725_2553655681364781_3422138175181553664_o-1.jpg","contentUrl":"https:\/\/uniformeplus.tn\/wp-content\/uploads\/2020\/08\/70014725_2553655681364781_3422138175181553664_o-1.jpg","width":960,"height":960},{"@type":"BreadcrumbList","@id":"https:\/\/uniformeplus.tn\/index.php\/product\/gilet-haute-visibilite\/#breadcrumb","itemListElement":[{"@type":"ListItem","position":1,"name":"Accueil","item":"https:\/\/uniformeplus.tn\/"},{"@type":"ListItem","position":2,"name":"Shop","item":"https:\/\/uniformeplus.tn\/index.php\/shop-2\/"},{"@type":"ListItem","position":3,"name":"M\u00c9TIERS","item":"https:\/\/uniformeplus.tn\/index.php\/product-category\/metiers\/"},{"@type":"ListItem","position":4,"name":"M\u00c9DICALES \/ BIEN-\u00caTRE","item":"https:\/\/uniformeplus.tn\/index.php\/product-category\/metiers\/medicales-bien-etre\/"},{"@type":"ListItem","position":5,"name":"AMBULANCIER","item":"https:\/\/uniformeplus.tn\/index.php\/product-category\/metiers\/medicales-bien-etre\/ambulancier\/"},{"@type":"ListItem","position":6,"name":"Gilet haute visibilit\u00e9"}]},{"@type":"WebSite","@id":"https:\/\/uniformeplus.tn\/#website","url":"https:\/\/uniformeplus.tn\/","name":"uniformeplus","description":"v\u00eatement de travail Tunisie","publisher":{"@id":"https:\/\/uniformeplus.tn\/#organization"},"alternateName":"tenue de travail en tunisie","potentialAction":[{"@type":"SearchAction","target":{"@type":"EntryPoint","urlTemplate":"https:\/\/uniformeplus.tn\/?s={search_term_string}"},"query-input":{"@type":"PropertyValueSpecification","valueRequired":true,"valueName":"search_term_string"}}],"inLanguage":"fr-FR"},{"@type":"Organization","@id":"https:\/\/uniformeplus.tn\/#organization","name":"tenue de travail","url":"https:\/\/uniformeplus.tn\/","logo":{"@type":"ImageObject","inLanguage":"fr-FR","@id":"https:\/\/uniformeplus.tn\/#\/schema\/logo\/image\/","url":"https:\/\/uniformeplus.tn\/wp-content\/uploads\/2021\/01\/logo.png","contentUrl":"https:\/\/uniformeplus.tn\/wp-content\/uploads\/2021\/01\/logo.png","width":112,"height":112,"caption":"tenue de travail"},"image":{"@id":"https:\/\/uniformeplus.tn\/#\/schema\/logo\/image\/"},"sameAs":["https:\/\/www.facebook.com\/uniforconfection.uniformeplus"],"hasMerchantReturnPolicy":{"@type":"MerchantReturnPolicy","merchantReturnLink":"https:\/\/uniformeplus.tn\/index.php\/politique-de-retour\/"}}]},"product_price_amount":"25.000","product_price_currency":"TND","og_availability":"instock","product_availability":"instock","product_condition":"new"},"_links":{"self":[{"href":"https:\/\/uniformeplus.tn\/index.php\/wp-json\/wp\/v2\/product\/10941","targetHints":{"allow":["GET"]}}],"collection":[{"href":"https:\/\/uniformeplus.tn\/index.php\/wp-json\/wp\/v2\/product"}],"about":[{"href":"https:\/\/uniformeplus.tn\/index.php\/wp-json\/wp\/v2\/types\/product"}],"replies":[{"embeddable":true,"href":"https:\/\/uniformeplus.tn\/index.php\/wp-json\/wp\/v2\/comments?post=10941"}],"wp:featuredmedia":[{"embeddable":true,"href":"https:\/\/uniformeplus.tn\/index.php\/wp-json\/wp\/v2\/media\/10949"}],"wp:attachment":[{"href":"https:\/\/uniformeplus.tn\/index.php\/wp-json\/wp\/v2\/media?parent=10941"}],"wp:term":[{"taxonomy":"product_brand","embeddable":true,"href":"https:\/\/uniformeplus.tn\/index.php\/wp-json\/wp\/v2\/product_brand?post=10941"},{"taxonomy":"product_cat","embeddable":true,"href":"https:\/\/uniformeplus.tn\/index.php\/wp-json\/wp\/v2\/product_cat?post=10941"},{"taxonomy":"product_tag","embeddable":true,"href":"https:\/\/uniformeplus.tn\/index.php\/wp-json\/wp\/v2\/product_tag?post=10941"}],"curies":[{"name":"wp","href":"https:\/\/api.w.org\/{rel}","templated":true}]}}