{"id":10950,"date":"2020-08-19T13:58:44","date_gmt":"2020-08-19T11:58:44","guid":{"rendered":"http:\/\/uniformeplus.tn\/?post_type=product&#038;p=10950"},"modified":"2025-12-16T13:14:35","modified_gmt":"2025-12-16T12:14:35","slug":"pantalon-de-travail","status":"publish","type":"product","link":"https:\/\/uniformeplus.tn\/index.php\/product\/pantalon-de-travail\/","title":{"rendered":"pantalon de travail"},"content":{"rendered":"","protected":false},"excerpt":{"rendered":"<p>R\u00e9f\u00e9rence : PTB001<\/p>\n<p>Ce pantalon de travail poss\u00e8de une composition innovante pour vous offrir un confort maximum tout en restant robuste et fonctionnel.<br \/>\n&#8211; 7 poches externes dont 2 poches stylo et 1 poche m\u00e8tre<br \/>\n&#8211; Poche portable avec tissu e-care prot\u00e9geant des ondes \u00e0 99 %<br \/>\n&#8211; Inserts r\u00e9tror\u00e9fl\u00e9chissants, g\u00e9noux pr\u00e9form\u00e9s, taille \u00e9lastiqu\u00e9e<br \/>\n&#8211; Triple couture, boutons sous patte pour pr\u00e9venir des rayures<span class=\"text_exposed_show\"><br \/>\n&#8211; R\u00e9sistant \u00e0 l&#8217;usure<br \/>\n&#8211; Anthracite<\/span><\/p>\n","protected":false},"featured_media":10951,"comment_status":"open","ping_status":"closed","template":"","meta":{"_acf_changed":false},"product_brand":[],"product_cat":[249,243,264,295,270,280,299,289,292,304,266,296,281,287,300,279,235,267,294,278,230,269,302,244,271,288,290,303,298,301,237,297,286,277,293,268,227,291],"product_tag":[],"class_list":{"0":"post-10950","1":"product","2":"type-product","3":"status-publish","4":"has-post-thumbnail","6":"product_cat-pantalons-de-travail-industrie-mecanique","7":"product_cat-batiment","8":"product_cat-btp-et-chantiers","9":"product_cat-cariste","10":"product_cat-carreleur","11":"product_cat-carrossier","12":"product_cat-chaudronnier","13":"product_cat-chauffagiste","14":"product_cat-chauffeur-livreur","15":"product_cat-construction-industrielle","16":"product_cat-couvreur-zingueur","17":"product_cat-demenageur","18":"product_cat-depanneur","19":"product_cat-electricien","20":"product_cat-ferronier","21":"product_cat-garagiste","22":"product_cat-industrie","23":"product_cat-macon","24":"product_cat-manutentionnaire","25":"product_cat-mecanicien","26":"product_cat-metiers","27":"product_cat-ouvrier","28":"product_cat-ouvrier-industrie","29":"product_cat-peintre-plaquiste","30":"product_cat-platrier","31":"product_cat-plombier","32":"product_cat-serrurier","33":"product_cat-service-maintenance","34":"product_cat-soudeur-tenue-industrie-du-metal","35":"product_cat-technicien","36":"product_cat-technicien-operateur-maintenance","37":"product_cat-tenue-industrie-du-metal","38":"product_cat-tenues-pour-installateurs","39":"product_cat-tenues-pour-lautomobile","40":"product_cat-transporteur","41":"product_cat-travaux-publics","42":"product_cat-vetement-de-travail","43":"product_cat-vetements-pour-la-logistique-et-le-transport","45":"first","46":"instock","47":"taxable","48":"shipping-taxable","49":"purchasable","50":"product-type-simple"},"acf":[],"yoast_head":"<!-- This site is optimized with the Yoast SEO Premium plugin v26.3 (Yoast SEO v26.3) - https:\/\/yoast.com\/wordpress\/plugins\/seo\/ -->\n<title>pantalon de travail<\/title>\n<meta name=\"description\" content=\"R\u00e9f\u00e9rence : PTB001  Ce pantalon de travail poss\u00e8de une composition innovante pour vous offrir un confort maximum tout en restant robuste et fonctionnel. - 7 poches externes dont 2 poches stylo et 1 poche m\u00e8tre - Poche portable avec tissu e-care prot\u00e9geant des ondes \u00e0 99 % - Inserts r\u00e9tror\u00e9fl\u00e9chissants, g\u00e9noux pr\u00e9form\u00e9s, taille \u00e9lastiqu\u00e9e - Triple couture, boutons sous patte pour pr\u00e9venir des rayures - R\u00e9sistant \u00e0 l&#039;usure - Anthracite\" \/>\n<meta name=\"robots\" content=\"index, follow, max-snippet:-1, max-image-preview:large, max-video-preview:-1\" \/>\n<link rel=\"canonical\" href=\"https:\/\/uniformeplus.tn\/index.php\/product\/pantalon-de-travail\/\" \/>\n<meta property=\"og:locale\" content=\"fr_FR\" \/>\n<meta property=\"og:type\" content=\"article\" \/>\n<meta property=\"og:title\" content=\"pantalon de travail\" \/>\n<meta property=\"og:description\" content=\"R\u00e9f\u00e9rence : PTB001  Ce pantalon de travail poss\u00e8de une composition innovante pour vous offrir un confort maximum tout en restant robuste et fonctionnel. - 7 poches externes dont 2 poches stylo et 1 poche m\u00e8tre - Poche portable avec tissu e-care prot\u00e9geant des ondes \u00e0 99 % - Inserts r\u00e9tror\u00e9fl\u00e9chissants, g\u00e9noux pr\u00e9form\u00e9s, taille \u00e9lastiqu\u00e9e - Triple couture, boutons sous patte pour pr\u00e9venir des rayures - R\u00e9sistant \u00e0 l&#039;usure - Anthracite\" \/>\n<meta property=\"og:url\" content=\"https:\/\/uniformeplus.tn\/index.php\/product\/pantalon-de-travail\/\" \/>\n<meta property=\"og:site_name\" content=\"uniformeplus - V\u00eatements de travail\" \/>\n<meta property=\"article:publisher\" content=\"https:\/\/www.facebook.com\/uniforconfection.uniformeplus\" \/>\n<meta property=\"article:modified_time\" content=\"2025-12-16T12:14:35+00:00\" \/>\n<meta property=\"og:image\" content=\"https:\/\/uniformeplus.tn\/wp-content\/uploads\/2020\/08\/69867250_2553419891388360_7859834265289097216_o.jpg\" \/>\n\t<meta property=\"og:image:width\" content=\"863\" \/>\n\t<meta property=\"og:image:height\" content=\"960\" \/>\n\t<meta property=\"og:image:type\" content=\"image\/jpeg\" \/>\n<meta name=\"twitter:card\" content=\"summary_large_image\" \/>\n<meta name=\"twitter:label1\" content=\"Prix\" \/>\n\t<meta name=\"twitter:data1\" content=\"60.000&#x62f;.&#x62a;\" \/>\n\t<meta name=\"twitter:label2\" content=\"Disponibilit\u00e9\" \/>\n\t<meta name=\"twitter:data2\" content=\"En stock\" \/>\n<script type=\"application\/ld+json\" class=\"yoast-schema-graph\">{\"@context\":\"https:\/\/schema.org\",\"@graph\":[{\"@type\":\"WebPage\",\"@id\":\"https:\/\/uniformeplus.tn\/index.php\/product\/pantalon-de-travail\/\",\"url\":\"https:\/\/uniformeplus.tn\/index.php\/product\/pantalon-de-travail\/\",\"name\":\"pantalon de travail\",\"isPartOf\":{\"@id\":\"https:\/\/uniformeplus.tn\/#website\"},\"primaryImageOfPage\":{\"@id\":\"https:\/\/uniformeplus.tn\/index.php\/product\/pantalon-de-travail\/#primaryimage\"},\"image\":{\"@id\":\"https:\/\/uniformeplus.tn\/index.php\/product\/pantalon-de-travail\/#primaryimage\"},\"thumbnailUrl\":\"https:\/\/uniformeplus.tn\/wp-content\/uploads\/2020\/08\/69867250_2553419891388360_7859834265289097216_o.jpg\",\"datePublished\":\"2020-08-19T11:58:44+00:00\",\"dateModified\":\"2025-12-16T12:14:35+00:00\",\"description\":\"R\u00e9f\u00e9rence : PTB001 Ce pantalon de travail poss\u00e8de une composition innovante pour vous offrir un confort maximum tout en restant robuste et fonctionnel. - 7 poches externes dont 2 poches stylo et 1 poche m\u00e8tre - Poche portable avec tissu e-care prot\u00e9geant des ondes \u00e0 99 % - Inserts r\u00e9tror\u00e9fl\u00e9chissants, g\u00e9noux pr\u00e9form\u00e9s, taille \u00e9lastiqu\u00e9e - Triple couture, boutons sous patte pour pr\u00e9venir des rayures - R\u00e9sistant \u00e0 l'usure - Anthracite\",\"breadcrumb\":{\"@id\":\"https:\/\/uniformeplus.tn\/index.php\/product\/pantalon-de-travail\/#breadcrumb\"},\"inLanguage\":\"fr-FR\",\"potentialAction\":[{\"@type\":\"ReadAction\",\"target\":[\"https:\/\/uniformeplus.tn\/index.php\/product\/pantalon-de-travail\/\"]}]},{\"@type\":\"ImageObject\",\"inLanguage\":\"fr-FR\",\"@id\":\"https:\/\/uniformeplus.tn\/index.php\/product\/pantalon-de-travail\/#primaryimage\",\"url\":\"https:\/\/uniformeplus.tn\/wp-content\/uploads\/2020\/08\/69867250_2553419891388360_7859834265289097216_o.jpg\",\"contentUrl\":\"https:\/\/uniformeplus.tn\/wp-content\/uploads\/2020\/08\/69867250_2553419891388360_7859834265289097216_o.jpg\",\"width\":863,\"height\":960},{\"@type\":\"BreadcrumbList\",\"@id\":\"https:\/\/uniformeplus.tn\/index.php\/product\/pantalon-de-travail\/#breadcrumb\",\"itemListElement\":[{\"@type\":\"ListItem\",\"position\":1,\"name\":\"Accueil\",\"item\":\"https:\/\/uniformeplus.tn\/\"},{\"@type\":\"ListItem\",\"position\":2,\"name\":\"Shop\",\"item\":\"https:\/\/uniformeplus.tn\/index.php\/shop-2\/\"},{\"@type\":\"ListItem\",\"position\":3,\"name\":\"M\u00c9TIERS\",\"item\":\"https:\/\/uniformeplus.tn\/index.php\/product-category\/metiers\/\"},{\"@type\":\"ListItem\",\"position\":4,\"name\":\"V\u00caTEMENTS POUR LA LOGISTIQUE ET LE TRANSPORT\",\"item\":\"https:\/\/uniformeplus.tn\/index.php\/product-category\/metiers\/vetements-pour-la-logistique-et-le-transport\/\"},{\"@type\":\"ListItem\",\"position\":5,\"name\":\"Cariste\",\"item\":\"https:\/\/uniformeplus.tn\/index.php\/product-category\/metiers\/vetements-pour-la-logistique-et-le-transport\/cariste\/\"},{\"@type\":\"ListItem\",\"position\":6,\"name\":\"pantalon de travail\"}]},{\"@type\":\"WebSite\",\"@id\":\"https:\/\/uniformeplus.tn\/#website\",\"url\":\"https:\/\/uniformeplus.tn\/\",\"name\":\"uniformeplus\",\"description\":\"v\u00eatement de travail Tunisie\",\"publisher\":{\"@id\":\"https:\/\/uniformeplus.tn\/#organization\"},\"alternateName\":\"tenue de travail en tunisie\",\"potentialAction\":[{\"@type\":\"SearchAction\",\"target\":{\"@type\":\"EntryPoint\",\"urlTemplate\":\"https:\/\/uniformeplus.tn\/?s={search_term_string}\"},\"query-input\":{\"@type\":\"PropertyValueSpecification\",\"valueRequired\":true,\"valueName\":\"search_term_string\"}}],\"inLanguage\":\"fr-FR\"},{\"@type\":\"Organization\",\"@id\":\"https:\/\/uniformeplus.tn\/#organization\",\"name\":\"tenue de travail\",\"url\":\"https:\/\/uniformeplus.tn\/\",\"logo\":{\"@type\":\"ImageObject\",\"inLanguage\":\"fr-FR\",\"@id\":\"https:\/\/uniformeplus.tn\/#\/schema\/logo\/image\/\",\"url\":\"https:\/\/uniformeplus.tn\/wp-content\/uploads\/2021\/01\/logo.png\",\"contentUrl\":\"https:\/\/uniformeplus.tn\/wp-content\/uploads\/2021\/01\/logo.png\",\"width\":112,\"height\":112,\"caption\":\"tenue de travail\"},\"image\":{\"@id\":\"https:\/\/uniformeplus.tn\/#\/schema\/logo\/image\/\"},\"sameAs\":[\"https:\/\/www.facebook.com\/uniforconfection.uniformeplus\"],\"hasMerchantReturnPolicy\":{\"@type\":\"MerchantReturnPolicy\",\"merchantReturnLink\":\"https:\/\/uniformeplus.tn\/index.php\/politique-de-retour\/\"}}]}<\/script>\n<meta property=\"product:price:amount\" content=\"60.000\" \/>\n<meta property=\"product:price:currency\" content=\"TND\" \/>\n<meta property=\"og:availability\" content=\"instock\" \/>\n<meta property=\"product:availability\" content=\"instock\" \/>\n<meta property=\"product:retailer_item_id\" content=\"PTB001\" \/>\n<meta property=\"product:condition\" content=\"new\" \/>\n<!-- \/ Yoast SEO Premium plugin. -->","yoast_head_json":{"title":"pantalon de travail","description":"R\u00e9f\u00e9rence : PTB001  Ce pantalon de travail poss\u00e8de une composition innovante pour vous offrir un confort maximum tout en restant robuste et fonctionnel. - 7 poches externes dont 2 poches stylo et 1 poche m\u00e8tre - Poche portable avec tissu e-care prot\u00e9geant des ondes \u00e0 99 % - Inserts r\u00e9tror\u00e9fl\u00e9chissants, g\u00e9noux pr\u00e9form\u00e9s, taille \u00e9lastiqu\u00e9e - Triple couture, boutons sous patte pour pr\u00e9venir des rayures - R\u00e9sistant \u00e0 l'usure - Anthracite","robots":{"index":"index","follow":"follow","max-snippet":"max-snippet:-1","max-image-preview":"max-image-preview:large","max-video-preview":"max-video-preview:-1"},"canonical":"https:\/\/uniformeplus.tn\/index.php\/product\/pantalon-de-travail\/","og_locale":"fr_FR","og_type":"article","og_title":"pantalon de travail","og_description":"R\u00e9f\u00e9rence : PTB001  Ce pantalon de travail poss\u00e8de une composition innovante pour vous offrir un confort maximum tout en restant robuste et fonctionnel. - 7 poches externes dont 2 poches stylo et 1 poche m\u00e8tre - Poche portable avec tissu e-care prot\u00e9geant des ondes \u00e0 99 % - Inserts r\u00e9tror\u00e9fl\u00e9chissants, g\u00e9noux pr\u00e9form\u00e9s, taille \u00e9lastiqu\u00e9e - Triple couture, boutons sous patte pour pr\u00e9venir des rayures - R\u00e9sistant \u00e0 l'usure - Anthracite","og_url":"https:\/\/uniformeplus.tn\/index.php\/product\/pantalon-de-travail\/","og_site_name":"uniformeplus - V\u00eatements de travail","article_publisher":"https:\/\/www.facebook.com\/uniforconfection.uniformeplus","article_modified_time":"2025-12-16T12:14:35+00:00","og_image":[{"width":863,"height":960,"url":"https:\/\/uniformeplus.tn\/wp-content\/uploads\/2020\/08\/69867250_2553419891388360_7859834265289097216_o.jpg","type":"image\/jpeg"}],"twitter_card":"summary_large_image","twitter_misc":{"Prix":"60.000&#x62f;.&#x62a;","Disponibilit\u00e9":"En stock"},"schema":{"@context":"https:\/\/schema.org","@graph":[{"@type":"WebPage","@id":"https:\/\/uniformeplus.tn\/index.php\/product\/pantalon-de-travail\/","url":"https:\/\/uniformeplus.tn\/index.php\/product\/pantalon-de-travail\/","name":"pantalon de travail","isPartOf":{"@id":"https:\/\/uniformeplus.tn\/#website"},"primaryImageOfPage":{"@id":"https:\/\/uniformeplus.tn\/index.php\/product\/pantalon-de-travail\/#primaryimage"},"image":{"@id":"https:\/\/uniformeplus.tn\/index.php\/product\/pantalon-de-travail\/#primaryimage"},"thumbnailUrl":"https:\/\/uniformeplus.tn\/wp-content\/uploads\/2020\/08\/69867250_2553419891388360_7859834265289097216_o.jpg","datePublished":"2020-08-19T11:58:44+00:00","dateModified":"2025-12-16T12:14:35+00:00","description":"R\u00e9f\u00e9rence : PTB001 Ce pantalon de travail poss\u00e8de une composition innovante pour vous offrir un confort maximum tout en restant robuste et fonctionnel. - 7 poches externes dont 2 poches stylo et 1 poche m\u00e8tre - Poche portable avec tissu e-care prot\u00e9geant des ondes \u00e0 99 % - Inserts r\u00e9tror\u00e9fl\u00e9chissants, g\u00e9noux pr\u00e9form\u00e9s, taille \u00e9lastiqu\u00e9e - Triple couture, boutons sous patte pour pr\u00e9venir des rayures - R\u00e9sistant \u00e0 l'usure - Anthracite","breadcrumb":{"@id":"https:\/\/uniformeplus.tn\/index.php\/product\/pantalon-de-travail\/#breadcrumb"},"inLanguage":"fr-FR","potentialAction":[{"@type":"ReadAction","target":["https:\/\/uniformeplus.tn\/index.php\/product\/pantalon-de-travail\/"]}]},{"@type":"ImageObject","inLanguage":"fr-FR","@id":"https:\/\/uniformeplus.tn\/index.php\/product\/pantalon-de-travail\/#primaryimage","url":"https:\/\/uniformeplus.tn\/wp-content\/uploads\/2020\/08\/69867250_2553419891388360_7859834265289097216_o.jpg","contentUrl":"https:\/\/uniformeplus.tn\/wp-content\/uploads\/2020\/08\/69867250_2553419891388360_7859834265289097216_o.jpg","width":863,"height":960},{"@type":"BreadcrumbList","@id":"https:\/\/uniformeplus.tn\/index.php\/product\/pantalon-de-travail\/#breadcrumb","itemListElement":[{"@type":"ListItem","position":1,"name":"Accueil","item":"https:\/\/uniformeplus.tn\/"},{"@type":"ListItem","position":2,"name":"Shop","item":"https:\/\/uniformeplus.tn\/index.php\/shop-2\/"},{"@type":"ListItem","position":3,"name":"M\u00c9TIERS","item":"https:\/\/uniformeplus.tn\/index.php\/product-category\/metiers\/"},{"@type":"ListItem","position":4,"name":"V\u00caTEMENTS POUR LA LOGISTIQUE ET LE TRANSPORT","item":"https:\/\/uniformeplus.tn\/index.php\/product-category\/metiers\/vetements-pour-la-logistique-et-le-transport\/"},{"@type":"ListItem","position":5,"name":"Cariste","item":"https:\/\/uniformeplus.tn\/index.php\/product-category\/metiers\/vetements-pour-la-logistique-et-le-transport\/cariste\/"},{"@type":"ListItem","position":6,"name":"pantalon de travail"}]},{"@type":"WebSite","@id":"https:\/\/uniformeplus.tn\/#website","url":"https:\/\/uniformeplus.tn\/","name":"uniformeplus","description":"v\u00eatement de travail Tunisie","publisher":{"@id":"https:\/\/uniformeplus.tn\/#organization"},"alternateName":"tenue de travail en tunisie","potentialAction":[{"@type":"SearchAction","target":{"@type":"EntryPoint","urlTemplate":"https:\/\/uniformeplus.tn\/?s={search_term_string}"},"query-input":{"@type":"PropertyValueSpecification","valueRequired":true,"valueName":"search_term_string"}}],"inLanguage":"fr-FR"},{"@type":"Organization","@id":"https:\/\/uniformeplus.tn\/#organization","name":"tenue de travail","url":"https:\/\/uniformeplus.tn\/","logo":{"@type":"ImageObject","inLanguage":"fr-FR","@id":"https:\/\/uniformeplus.tn\/#\/schema\/logo\/image\/","url":"https:\/\/uniformeplus.tn\/wp-content\/uploads\/2021\/01\/logo.png","contentUrl":"https:\/\/uniformeplus.tn\/wp-content\/uploads\/2021\/01\/logo.png","width":112,"height":112,"caption":"tenue de travail"},"image":{"@id":"https:\/\/uniformeplus.tn\/#\/schema\/logo\/image\/"},"sameAs":["https:\/\/www.facebook.com\/uniforconfection.uniformeplus"],"hasMerchantReturnPolicy":{"@type":"MerchantReturnPolicy","merchantReturnLink":"https:\/\/uniformeplus.tn\/index.php\/politique-de-retour\/"}}]},"product_price_amount":"60.000","product_price_currency":"TND","og_availability":"instock","product_availability":"instock","product_retailer_item_id":"PTB001","product_condition":"new"},"_links":{"self":[{"href":"https:\/\/uniformeplus.tn\/index.php\/wp-json\/wp\/v2\/product\/10950","targetHints":{"allow":["GET"]}}],"collection":[{"href":"https:\/\/uniformeplus.tn\/index.php\/wp-json\/wp\/v2\/product"}],"about":[{"href":"https:\/\/uniformeplus.tn\/index.php\/wp-json\/wp\/v2\/types\/product"}],"replies":[{"embeddable":true,"href":"https:\/\/uniformeplus.tn\/index.php\/wp-json\/wp\/v2\/comments?post=10950"}],"wp:featuredmedia":[{"embeddable":true,"href":"https:\/\/uniformeplus.tn\/index.php\/wp-json\/wp\/v2\/media\/10951"}],"wp:attachment":[{"href":"https:\/\/uniformeplus.tn\/index.php\/wp-json\/wp\/v2\/media?parent=10950"}],"wp:term":[{"taxonomy":"product_brand","embeddable":true,"href":"https:\/\/uniformeplus.tn\/index.php\/wp-json\/wp\/v2\/product_brand?post=10950"},{"taxonomy":"product_cat","embeddable":true,"href":"https:\/\/uniformeplus.tn\/index.php\/wp-json\/wp\/v2\/product_cat?post=10950"},{"taxonomy":"product_tag","embeddable":true,"href":"https:\/\/uniformeplus.tn\/index.php\/wp-json\/wp\/v2\/product_tag?post=10950"}],"curies":[{"name":"wp","href":"https:\/\/api.w.org\/{rel}","templated":true}]}}