{"id":13059,"date":"2020-10-16T15:04:14","date_gmt":"2020-10-16T13:04:14","guid":{"rendered":"http:\/\/uniformeplus.tn\/?post_type=product&#038;p=13059"},"modified":"2025-05-05T17:46:54","modified_gmt":"2025-05-05T15:46:54","slug":"parkas-bicolore","status":"publish","type":"product","link":"https:\/\/uniformeplus.tn\/index.php\/product\/parkas-bicolore\/","title":{"rendered":"PARKAS BICOLORE"},"content":{"rendered":"","protected":false},"excerpt":{"rendered":"<blockquote>\n<ul>\n<li>BARAKA BICOLORE TRAVAILLE LOURD<\/li>\n<li>POCHE POITRINE AVEC COUVERCLE-POCHE<\/li>\n<li>EXTR\u00c9MIT\u00c9 DE BRAS R\u00c9GLABLE<\/li>\n<li>POCHES AVANT\u00a0 AVEC COUVERCLE-POCHE ET\u00a0 POCHE INTERIEURE<\/li>\n<li>POCHE INT\u00c9RIEURE<\/li>\n<li>POCHE BRAS AVEC POCHE POUR CARTE D&#8217;IDENTIT\u00c9<\/li>\n<\/ul>\n<\/blockquote>\n","protected":false},"featured_media":13060,"comment_status":"open","ping_status":"closed","template":"","meta":{"_acf_changed":false},"product_brand":[],"product_cat":[274,283,284,276,275,285,332,273,282,272],"product_tag":[],"class_list":{"0":"post-13059","1":"product","2":"type-product","3":"status-publish","4":"has-post-thumbnail","6":"product_cat-agriculteur","7":"product_cat-charpentier","8":"product_cat-ebeniste","9":"product_cat-horticulteur","10":"product_cat-jardinier","11":"product_cat-menuisier","12":"product_cat-parkas-de-travail","13":"product_cat-paysagiste","14":"product_cat-vetements-pour-artisan-du-bois","15":"product_cat-vetements-pour-espace-vert","17":"first","18":"instock","19":"taxable","20":"shipping-taxable","21":"purchasable","22":"product-type-simple"},"acf":[],"yoast_head":"<!-- This site is optimized with the Yoast SEO Premium plugin v26.3 (Yoast SEO v26.3) - https:\/\/yoast.com\/wordpress\/plugins\/seo\/ -->\n<title>PARKAS BICOLORE - uniformeplus - V\u00eatements de travail<\/title>\n<meta name=\"description\" content=\"BARAKA BICOLORE TRAVAILLE LOURD  POCHE POITRINE AVEC COUVERCLE-POCHE  EXTR\u00c9MIT\u00c9 DE BRAS R\u00c9GLABLE  POCHES AVANT\u00a0 AVEC COUVERCLE-POCHE ET\u00a0 POCHE INTERIEURE  POCHE INT\u00c9RIEURE  POCHE BRAS AVEC POCHE POUR CARTE D&#039;IDENTIT\u00c9\" \/>\n<meta name=\"robots\" content=\"index, follow, max-snippet:-1, max-image-preview:large, max-video-preview:-1\" \/>\n<link rel=\"canonical\" href=\"https:\/\/uniformeplus.tn\/index.php\/product\/parkas-bicolore\/\" \/>\n<meta property=\"og:locale\" content=\"fr_FR\" \/>\n<meta property=\"og:type\" content=\"article\" \/>\n<meta property=\"og:title\" content=\"PARKAS BICOLORE\" \/>\n<meta property=\"og:description\" content=\"BARAKA BICOLORE TRAVAILLE LOURD  POCHE POITRINE AVEC COUVERCLE-POCHE  EXTR\u00c9MIT\u00c9 DE BRAS R\u00c9GLABLE  POCHES AVANT\u00a0 AVEC COUVERCLE-POCHE ET\u00a0 POCHE INTERIEURE  POCHE INT\u00c9RIEURE  POCHE BRAS AVEC POCHE POUR CARTE D&#039;IDENTIT\u00c9\" \/>\n<meta property=\"og:url\" content=\"https:\/\/uniformeplus.tn\/index.php\/product\/parkas-bicolore\/\" \/>\n<meta property=\"og:site_name\" content=\"uniformeplus - V\u00eatements de travail\" \/>\n<meta property=\"article:publisher\" content=\"https:\/\/www.facebook.com\/uniforconfection.uniformeplus\" \/>\n<meta property=\"article:modified_time\" content=\"2025-05-05T15:46:54+00:00\" \/>\n<meta property=\"og:image\" content=\"https:\/\/uniformeplus.tn\/wp-content\/uploads\/2020\/10\/1.jpg\" \/>\n\t<meta property=\"og:image:width\" content=\"1080\" \/>\n\t<meta property=\"og:image:height\" content=\"1080\" \/>\n\t<meta property=\"og:image:type\" content=\"image\/jpeg\" \/>\n<meta name=\"twitter:card\" content=\"summary_large_image\" \/>\n<meta name=\"twitter:label1\" content=\"Prix\" \/>\n\t<meta name=\"twitter:data1\" content=\"180.000&#x62f;.&#x62a;\" \/>\n\t<meta name=\"twitter:label2\" content=\"Disponibilit\u00e9\" \/>\n\t<meta name=\"twitter:data2\" content=\"En stock\" \/>\n<script type=\"application\/ld+json\" class=\"yoast-schema-graph\">{\"@context\":\"https:\/\/schema.org\",\"@graph\":[{\"@type\":\"WebPage\",\"@id\":\"https:\/\/uniformeplus.tn\/index.php\/product\/parkas-bicolore\/\",\"url\":\"https:\/\/uniformeplus.tn\/index.php\/product\/parkas-bicolore\/\",\"name\":\"PARKAS BICOLORE - uniformeplus - V\u00eatements de travail\",\"isPartOf\":{\"@id\":\"https:\/\/uniformeplus.tn\/#website\"},\"primaryImageOfPage\":{\"@id\":\"https:\/\/uniformeplus.tn\/index.php\/product\/parkas-bicolore\/#primaryimage\"},\"image\":{\"@id\":\"https:\/\/uniformeplus.tn\/index.php\/product\/parkas-bicolore\/#primaryimage\"},\"thumbnailUrl\":\"https:\/\/uniformeplus.tn\/wp-content\/uploads\/2020\/10\/1.jpg\",\"datePublished\":\"2020-10-16T13:04:14+00:00\",\"dateModified\":\"2025-05-05T15:46:54+00:00\",\"description\":\"BARAKA BICOLORE TRAVAILLE LOURD POCHE POITRINE AVEC COUVERCLE-POCHE EXTR\u00c9MIT\u00c9 DE BRAS R\u00c9GLABLE POCHES AVANT\u00a0 AVEC COUVERCLE-POCHE ET\u00a0 POCHE INTERIEURE POCHE INT\u00c9RIEURE POCHE BRAS AVEC POCHE POUR CARTE D'IDENTIT\u00c9\",\"breadcrumb\":{\"@id\":\"https:\/\/uniformeplus.tn\/index.php\/product\/parkas-bicolore\/#breadcrumb\"},\"inLanguage\":\"fr-FR\",\"potentialAction\":[{\"@type\":\"ReadAction\",\"target\":[\"https:\/\/uniformeplus.tn\/index.php\/product\/parkas-bicolore\/\"]}]},{\"@type\":\"ImageObject\",\"inLanguage\":\"fr-FR\",\"@id\":\"https:\/\/uniformeplus.tn\/index.php\/product\/parkas-bicolore\/#primaryimage\",\"url\":\"https:\/\/uniformeplus.tn\/wp-content\/uploads\/2020\/10\/1.jpg\",\"contentUrl\":\"https:\/\/uniformeplus.tn\/wp-content\/uploads\/2020\/10\/1.jpg\",\"width\":1080,\"height\":1080,\"caption\":\"BARAKA BICOLORE NOIRE BEIGE\"},{\"@type\":\"BreadcrumbList\",\"@id\":\"https:\/\/uniformeplus.tn\/index.php\/product\/parkas-bicolore\/#breadcrumb\",\"itemListElement\":[{\"@type\":\"ListItem\",\"position\":1,\"name\":\"Accueil\",\"item\":\"https:\/\/uniformeplus.tn\/\"},{\"@type\":\"ListItem\",\"position\":2,\"name\":\"Shop\",\"item\":\"https:\/\/uniformeplus.tn\/index.php\/shop-2\/\"},{\"@type\":\"ListItem\",\"position\":3,\"name\":\"M\u00c9TIERS\",\"item\":\"https:\/\/uniformeplus.tn\/index.php\/product-category\/metiers\/\"},{\"@type\":\"ListItem\",\"position\":4,\"name\":\"V\u00caTEMENTS POUR ESPACE VERT\",\"item\":\"https:\/\/uniformeplus.tn\/index.php\/product-category\/metiers\/vetements-pour-espace-vert\/\"},{\"@type\":\"ListItem\",\"position\":5,\"name\":\"Agriculteur\",\"item\":\"https:\/\/uniformeplus.tn\/index.php\/product-category\/metiers\/vetements-pour-espace-vert\/agriculteur\/\"},{\"@type\":\"ListItem\",\"position\":6,\"name\":\"PARKAS BICOLORE\"}]},{\"@type\":\"WebSite\",\"@id\":\"https:\/\/uniformeplus.tn\/#website\",\"url\":\"https:\/\/uniformeplus.tn\/\",\"name\":\"uniformeplus\",\"description\":\"v\u00eatement de travail Tunisie\",\"publisher\":{\"@id\":\"https:\/\/uniformeplus.tn\/#organization\"},\"alternateName\":\"tenue de travail en tunisie\",\"potentialAction\":[{\"@type\":\"SearchAction\",\"target\":{\"@type\":\"EntryPoint\",\"urlTemplate\":\"https:\/\/uniformeplus.tn\/?s={search_term_string}\"},\"query-input\":{\"@type\":\"PropertyValueSpecification\",\"valueRequired\":true,\"valueName\":\"search_term_string\"}}],\"inLanguage\":\"fr-FR\"},{\"@type\":\"Organization\",\"@id\":\"https:\/\/uniformeplus.tn\/#organization\",\"name\":\"tenue de travail\",\"url\":\"https:\/\/uniformeplus.tn\/\",\"logo\":{\"@type\":\"ImageObject\",\"inLanguage\":\"fr-FR\",\"@id\":\"https:\/\/uniformeplus.tn\/#\/schema\/logo\/image\/\",\"url\":\"https:\/\/uniformeplus.tn\/wp-content\/uploads\/2021\/01\/logo.png\",\"contentUrl\":\"https:\/\/uniformeplus.tn\/wp-content\/uploads\/2021\/01\/logo.png\",\"width\":112,\"height\":112,\"caption\":\"tenue de travail\"},\"image\":{\"@id\":\"https:\/\/uniformeplus.tn\/#\/schema\/logo\/image\/\"},\"sameAs\":[\"https:\/\/www.facebook.com\/uniforconfection.uniformeplus\"],\"hasMerchantReturnPolicy\":{\"@type\":\"MerchantReturnPolicy\",\"merchantReturnLink\":\"https:\/\/uniformeplus.tn\/index.php\/politique-de-retour\/\"}}]}<\/script>\n<meta property=\"product:price:amount\" content=\"180.000\" \/>\n<meta property=\"product:price:currency\" content=\"TND\" \/>\n<meta property=\"og:availability\" content=\"instock\" \/>\n<meta property=\"product:availability\" content=\"instock\" \/>\n<meta property=\"product:condition\" content=\"new\" \/>\n<!-- \/ Yoast SEO Premium plugin. -->","yoast_head_json":{"title":"PARKAS BICOLORE - uniformeplus - V\u00eatements de travail","description":"BARAKA BICOLORE TRAVAILLE LOURD  POCHE POITRINE AVEC COUVERCLE-POCHE  EXTR\u00c9MIT\u00c9 DE BRAS R\u00c9GLABLE  POCHES AVANT\u00a0 AVEC COUVERCLE-POCHE ET\u00a0 POCHE INTERIEURE  POCHE INT\u00c9RIEURE  POCHE BRAS AVEC POCHE POUR CARTE D'IDENTIT\u00c9","robots":{"index":"index","follow":"follow","max-snippet":"max-snippet:-1","max-image-preview":"max-image-preview:large","max-video-preview":"max-video-preview:-1"},"canonical":"https:\/\/uniformeplus.tn\/index.php\/product\/parkas-bicolore\/","og_locale":"fr_FR","og_type":"article","og_title":"PARKAS BICOLORE","og_description":"BARAKA BICOLORE TRAVAILLE LOURD  POCHE POITRINE AVEC COUVERCLE-POCHE  EXTR\u00c9MIT\u00c9 DE BRAS R\u00c9GLABLE  POCHES AVANT\u00a0 AVEC COUVERCLE-POCHE ET\u00a0 POCHE INTERIEURE  POCHE INT\u00c9RIEURE  POCHE BRAS AVEC POCHE POUR CARTE D'IDENTIT\u00c9","og_url":"https:\/\/uniformeplus.tn\/index.php\/product\/parkas-bicolore\/","og_site_name":"uniformeplus - V\u00eatements de travail","article_publisher":"https:\/\/www.facebook.com\/uniforconfection.uniformeplus","article_modified_time":"2025-05-05T15:46:54+00:00","og_image":[{"width":1080,"height":1080,"url":"https:\/\/uniformeplus.tn\/wp-content\/uploads\/2020\/10\/1.jpg","type":"image\/jpeg"}],"twitter_card":"summary_large_image","twitter_misc":{"Prix":"180.000&#x62f;.&#x62a;","Disponibilit\u00e9":"En stock"},"schema":{"@context":"https:\/\/schema.org","@graph":[{"@type":"WebPage","@id":"https:\/\/uniformeplus.tn\/index.php\/product\/parkas-bicolore\/","url":"https:\/\/uniformeplus.tn\/index.php\/product\/parkas-bicolore\/","name":"PARKAS BICOLORE - uniformeplus - V\u00eatements de travail","isPartOf":{"@id":"https:\/\/uniformeplus.tn\/#website"},"primaryImageOfPage":{"@id":"https:\/\/uniformeplus.tn\/index.php\/product\/parkas-bicolore\/#primaryimage"},"image":{"@id":"https:\/\/uniformeplus.tn\/index.php\/product\/parkas-bicolore\/#primaryimage"},"thumbnailUrl":"https:\/\/uniformeplus.tn\/wp-content\/uploads\/2020\/10\/1.jpg","datePublished":"2020-10-16T13:04:14+00:00","dateModified":"2025-05-05T15:46:54+00:00","description":"BARAKA BICOLORE TRAVAILLE LOURD POCHE POITRINE AVEC COUVERCLE-POCHE EXTR\u00c9MIT\u00c9 DE BRAS R\u00c9GLABLE POCHES AVANT\u00a0 AVEC COUVERCLE-POCHE ET\u00a0 POCHE INTERIEURE POCHE INT\u00c9RIEURE POCHE BRAS AVEC POCHE POUR CARTE D'IDENTIT\u00c9","breadcrumb":{"@id":"https:\/\/uniformeplus.tn\/index.php\/product\/parkas-bicolore\/#breadcrumb"},"inLanguage":"fr-FR","potentialAction":[{"@type":"ReadAction","target":["https:\/\/uniformeplus.tn\/index.php\/product\/parkas-bicolore\/"]}]},{"@type":"ImageObject","inLanguage":"fr-FR","@id":"https:\/\/uniformeplus.tn\/index.php\/product\/parkas-bicolore\/#primaryimage","url":"https:\/\/uniformeplus.tn\/wp-content\/uploads\/2020\/10\/1.jpg","contentUrl":"https:\/\/uniformeplus.tn\/wp-content\/uploads\/2020\/10\/1.jpg","width":1080,"height":1080,"caption":"BARAKA BICOLORE NOIRE BEIGE"},{"@type":"BreadcrumbList","@id":"https:\/\/uniformeplus.tn\/index.php\/product\/parkas-bicolore\/#breadcrumb","itemListElement":[{"@type":"ListItem","position":1,"name":"Accueil","item":"https:\/\/uniformeplus.tn\/"},{"@type":"ListItem","position":2,"name":"Shop","item":"https:\/\/uniformeplus.tn\/index.php\/shop-2\/"},{"@type":"ListItem","position":3,"name":"M\u00c9TIERS","item":"https:\/\/uniformeplus.tn\/index.php\/product-category\/metiers\/"},{"@type":"ListItem","position":4,"name":"V\u00caTEMENTS POUR ESPACE VERT","item":"https:\/\/uniformeplus.tn\/index.php\/product-category\/metiers\/vetements-pour-espace-vert\/"},{"@type":"ListItem","position":5,"name":"Agriculteur","item":"https:\/\/uniformeplus.tn\/index.php\/product-category\/metiers\/vetements-pour-espace-vert\/agriculteur\/"},{"@type":"ListItem","position":6,"name":"PARKAS BICOLORE"}]},{"@type":"WebSite","@id":"https:\/\/uniformeplus.tn\/#website","url":"https:\/\/uniformeplus.tn\/","name":"uniformeplus","description":"v\u00eatement de travail Tunisie","publisher":{"@id":"https:\/\/uniformeplus.tn\/#organization"},"alternateName":"tenue de travail en tunisie","potentialAction":[{"@type":"SearchAction","target":{"@type":"EntryPoint","urlTemplate":"https:\/\/uniformeplus.tn\/?s={search_term_string}"},"query-input":{"@type":"PropertyValueSpecification","valueRequired":true,"valueName":"search_term_string"}}],"inLanguage":"fr-FR"},{"@type":"Organization","@id":"https:\/\/uniformeplus.tn\/#organization","name":"tenue de travail","url":"https:\/\/uniformeplus.tn\/","logo":{"@type":"ImageObject","inLanguage":"fr-FR","@id":"https:\/\/uniformeplus.tn\/#\/schema\/logo\/image\/","url":"https:\/\/uniformeplus.tn\/wp-content\/uploads\/2021\/01\/logo.png","contentUrl":"https:\/\/uniformeplus.tn\/wp-content\/uploads\/2021\/01\/logo.png","width":112,"height":112,"caption":"tenue de travail"},"image":{"@id":"https:\/\/uniformeplus.tn\/#\/schema\/logo\/image\/"},"sameAs":["https:\/\/www.facebook.com\/uniforconfection.uniformeplus"],"hasMerchantReturnPolicy":{"@type":"MerchantReturnPolicy","merchantReturnLink":"https:\/\/uniformeplus.tn\/index.php\/politique-de-retour\/"}}]},"product_price_amount":"180.000","product_price_currency":"TND","og_availability":"instock","product_availability":"instock","product_condition":"new"},"_links":{"self":[{"href":"https:\/\/uniformeplus.tn\/index.php\/wp-json\/wp\/v2\/product\/13059","targetHints":{"allow":["GET"]}}],"collection":[{"href":"https:\/\/uniformeplus.tn\/index.php\/wp-json\/wp\/v2\/product"}],"about":[{"href":"https:\/\/uniformeplus.tn\/index.php\/wp-json\/wp\/v2\/types\/product"}],"replies":[{"embeddable":true,"href":"https:\/\/uniformeplus.tn\/index.php\/wp-json\/wp\/v2\/comments?post=13059"}],"wp:featuredmedia":[{"embeddable":true,"href":"https:\/\/uniformeplus.tn\/index.php\/wp-json\/wp\/v2\/media\/13060"}],"wp:attachment":[{"href":"https:\/\/uniformeplus.tn\/index.php\/wp-json\/wp\/v2\/media?parent=13059"}],"wp:term":[{"taxonomy":"product_brand","embeddable":true,"href":"https:\/\/uniformeplus.tn\/index.php\/wp-json\/wp\/v2\/product_brand?post=13059"},{"taxonomy":"product_cat","embeddable":true,"href":"https:\/\/uniformeplus.tn\/index.php\/wp-json\/wp\/v2\/product_cat?post=13059"},{"taxonomy":"product_tag","embeddable":true,"href":"https:\/\/uniformeplus.tn\/index.php\/wp-json\/wp\/v2\/product_tag?post=13059"}],"curies":[{"name":"wp","href":"https:\/\/api.w.org\/{rel}","templated":true}]}}