{"id":13066,"date":"2020-10-16T15:15:29","date_gmt":"2020-10-16T13:15:29","guid":{"rendered":"http:\/\/uniformeplus.tn\/?post_type=product&#038;p=13066"},"modified":"2025-05-05T17:49:40","modified_gmt":"2025-05-05T15:49:40","slug":"blouson-de-travail-haute-visibilite-jaune-marine","status":"publish","type":"product","link":"https:\/\/uniformeplus.tn\/index.php\/product\/blouson-de-travail-haute-visibilite-jaune-marine\/","title":{"rendered":"BLOUSON DE TRAVAIL HAUTE-VISIBILIT\u00c9 JAUNE\/MARINE"},"content":{"rendered":"<p>Une superbe veste de pluie haute visibilit\u00e9 bicolore jeune marine qui dispose de fonctionnalit\u00e9s pratiques, notamment une boucle porte radio de grandes poches profondes, des poignets r\u00e9glables et des coutures doubles aux endroits les plus critiques.<\/p>\n","protected":false},"excerpt":{"rendered":"<p><strong>Caract\u00e9ristiques :<\/strong><\/p>\n<ul>\n<li>4 poches pour plus de rangement<\/li>\n<li>Bandes r\u00e9fl\u00e9chissantes 50 mm, Bande r\u00e9fl\u00e9chissante corps, manches, Bord r\u00e9fl\u00e9chissant<\/li>\n<li>Couleurs contrast\u00e9es pour plus de style<\/li>\n<li>Poignets r\u00e9glables avec pressions<\/li>\n<li>Boucle porte radio<\/li>\n<\/ul>\n","protected":false},"featured_media":13067,"comment_status":"open","ping_status":"closed","template":"","meta":{"_acf_changed":false},"product_brand":[],"product_cat":[254,321],"product_tag":[],"class_list":{"0":"post-13066","1":"product","2":"type-product","3":"status-publish","4":"has-post-thumbnail","6":"product_cat-parka-haute-visibilite","7":"product_cat-parkas-haute-visibilite","9":"first","10":"instock","11":"taxable","12":"shipping-taxable","13":"purchasable","14":"product-type-simple"},"acf":[],"yoast_head":"<!-- This site is optimized with the Yoast SEO Premium plugin v26.3 (Yoast SEO v26.3) - https:\/\/yoast.com\/wordpress\/plugins\/seo\/ -->\n<title>BLOUSON DE TRAVAIL HAUTE-VISIBILIT\u00c9 JAUNE\/MARINE - uniformeplus - V\u00eatements de travail<\/title>\n<meta name=\"description\" content=\"Caract\u00e9ristiques :   4 poches pour plus de rangement  Bandes r\u00e9fl\u00e9chissantes 50 mm, Bande r\u00e9fl\u00e9chissante corps, manches, Bord r\u00e9fl\u00e9chissant  Couleurs contrast\u00e9es pour plus de style  Poignets r\u00e9glables avec pressions  Boucle porte radio\" \/>\n<meta name=\"robots\" content=\"index, follow, max-snippet:-1, max-image-preview:large, max-video-preview:-1\" \/>\n<link rel=\"canonical\" href=\"https:\/\/uniformeplus.tn\/index.php\/product\/blouson-de-travail-haute-visibilite-jaune-marine\/\" \/>\n<meta property=\"og:locale\" content=\"fr_FR\" \/>\n<meta property=\"og:type\" content=\"article\" \/>\n<meta property=\"og:title\" content=\"BLOUSON DE TRAVAIL HAUTE-VISIBILIT\u00c9 JAUNE\/MARINE\" \/>\n<meta property=\"og:description\" content=\"Caract\u00e9ristiques :   4 poches pour plus de rangement  Bandes r\u00e9fl\u00e9chissantes 50 mm, Bande r\u00e9fl\u00e9chissante corps, manches, Bord r\u00e9fl\u00e9chissant  Couleurs contrast\u00e9es pour plus de style  Poignets r\u00e9glables avec pressions  Boucle porte radio\" \/>\n<meta property=\"og:url\" content=\"https:\/\/uniformeplus.tn\/index.php\/product\/blouson-de-travail-haute-visibilite-jaune-marine\/\" \/>\n<meta property=\"og:site_name\" content=\"uniformeplus - V\u00eatements de travail\" \/>\n<meta property=\"article:publisher\" content=\"https:\/\/www.facebook.com\/uniforconfection.uniformeplus\" \/>\n<meta property=\"article:modified_time\" content=\"2025-05-05T15:49:40+00:00\" \/>\n<meta property=\"og:image\" content=\"https:\/\/uniformeplus.tn\/wp-content\/uploads\/2020\/10\/vetement-de-travail-veste-femme-haute-visibilite-blaklader-4026.jpg\" \/>\n\t<meta property=\"og:image:width\" content=\"800\" \/>\n\t<meta property=\"og:image:height\" content=\"800\" \/>\n\t<meta property=\"og:image:type\" content=\"image\/jpeg\" \/>\n<meta name=\"twitter:card\" content=\"summary_large_image\" \/>\n<meta name=\"twitter:label1\" content=\"Prix\" \/>\n\t<meta name=\"twitter:data1\" content=\"180.000&#x62f;.&#x62a;\" \/>\n\t<meta name=\"twitter:label2\" content=\"Disponibilit\u00e9\" \/>\n\t<meta name=\"twitter:data2\" content=\"En stock\" \/>\n<script type=\"application\/ld+json\" class=\"yoast-schema-graph\">{\"@context\":\"https:\/\/schema.org\",\"@graph\":[{\"@type\":\"WebPage\",\"@id\":\"https:\/\/uniformeplus.tn\/index.php\/product\/blouson-de-travail-haute-visibilite-jaune-marine\/\",\"url\":\"https:\/\/uniformeplus.tn\/index.php\/product\/blouson-de-travail-haute-visibilite-jaune-marine\/\",\"name\":\"BLOUSON DE TRAVAIL HAUTE-VISIBILIT\u00c9 JAUNE\/MARINE - uniformeplus - V\u00eatements de travail\",\"isPartOf\":{\"@id\":\"https:\/\/uniformeplus.tn\/#website\"},\"primaryImageOfPage\":{\"@id\":\"https:\/\/uniformeplus.tn\/index.php\/product\/blouson-de-travail-haute-visibilite-jaune-marine\/#primaryimage\"},\"image\":{\"@id\":\"https:\/\/uniformeplus.tn\/index.php\/product\/blouson-de-travail-haute-visibilite-jaune-marine\/#primaryimage\"},\"thumbnailUrl\":\"https:\/\/uniformeplus.tn\/wp-content\/uploads\/2020\/10\/vetement-de-travail-veste-femme-haute-visibilite-blaklader-4026.jpg\",\"datePublished\":\"2020-10-16T13:15:29+00:00\",\"dateModified\":\"2025-05-05T15:49:40+00:00\",\"description\":\"Caract\u00e9ristiques : 4 poches pour plus de rangement Bandes r\u00e9fl\u00e9chissantes 50 mm, Bande r\u00e9fl\u00e9chissante corps, manches, Bord r\u00e9fl\u00e9chissant Couleurs contrast\u00e9es pour plus de style Poignets r\u00e9glables avec pressions Boucle porte radio\",\"breadcrumb\":{\"@id\":\"https:\/\/uniformeplus.tn\/index.php\/product\/blouson-de-travail-haute-visibilite-jaune-marine\/#breadcrumb\"},\"inLanguage\":\"fr-FR\",\"potentialAction\":[{\"@type\":\"ReadAction\",\"target\":[\"https:\/\/uniformeplus.tn\/index.php\/product\/blouson-de-travail-haute-visibilite-jaune-marine\/\"]}]},{\"@type\":\"ImageObject\",\"inLanguage\":\"fr-FR\",\"@id\":\"https:\/\/uniformeplus.tn\/index.php\/product\/blouson-de-travail-haute-visibilite-jaune-marine\/#primaryimage\",\"url\":\"https:\/\/uniformeplus.tn\/wp-content\/uploads\/2020\/10\/vetement-de-travail-veste-femme-haute-visibilite-blaklader-4026.jpg\",\"contentUrl\":\"https:\/\/uniformeplus.tn\/wp-content\/uploads\/2020\/10\/vetement-de-travail-veste-femme-haute-visibilite-blaklader-4026.jpg\",\"width\":800,\"height\":800,\"caption\":\"BLOUSON DE TRAVAIL HAUTE-VISIBILIT\u00c9 JAUNE\/MARINE\"},{\"@type\":\"BreadcrumbList\",\"@id\":\"https:\/\/uniformeplus.tn\/index.php\/product\/blouson-de-travail-haute-visibilite-jaune-marine\/#breadcrumb\",\"itemListElement\":[{\"@type\":\"ListItem\",\"position\":1,\"name\":\"Accueil\",\"item\":\"https:\/\/uniformeplus.tn\/\"},{\"@type\":\"ListItem\",\"position\":2,\"name\":\"Shop\",\"item\":\"https:\/\/uniformeplus.tn\/index.php\/shop-2\/\"},{\"@type\":\"ListItem\",\"position\":3,\"name\":\"V\u00caTEMENT DE TRAVAIL\",\"item\":\"https:\/\/uniformeplus.tn\/index.php\/product-category\/vetement-de-travail\/\"},{\"@type\":\"ListItem\",\"position\":4,\"name\":\"HAUTE VISIBILIT\u00c9\",\"item\":\"https:\/\/uniformeplus.tn\/index.php\/product-category\/vetement-de-travail\/haute-visibilite\/\"},{\"@type\":\"ListItem\",\"position\":5,\"name\":\"PARKAS HAUTE VISIBILIT\u00c9\",\"item\":\"https:\/\/uniformeplus.tn\/index.php\/product-category\/vetement-de-travail\/haute-visibilite\/parkas-haute-visibilite\/\"},{\"@type\":\"ListItem\",\"position\":6,\"name\":\"BLOUSON DE TRAVAIL HAUTE-VISIBILIT\u00c9 JAUNE\/MARINE\"}]},{\"@type\":\"WebSite\",\"@id\":\"https:\/\/uniformeplus.tn\/#website\",\"url\":\"https:\/\/uniformeplus.tn\/\",\"name\":\"uniformeplus\",\"description\":\"v\u00eatement de travail Tunisie\",\"publisher\":{\"@id\":\"https:\/\/uniformeplus.tn\/#organization\"},\"alternateName\":\"tenue de travail en tunisie\",\"potentialAction\":[{\"@type\":\"SearchAction\",\"target\":{\"@type\":\"EntryPoint\",\"urlTemplate\":\"https:\/\/uniformeplus.tn\/?s={search_term_string}\"},\"query-input\":{\"@type\":\"PropertyValueSpecification\",\"valueRequired\":true,\"valueName\":\"search_term_string\"}}],\"inLanguage\":\"fr-FR\"},{\"@type\":\"Organization\",\"@id\":\"https:\/\/uniformeplus.tn\/#organization\",\"name\":\"tenue de travail\",\"url\":\"https:\/\/uniformeplus.tn\/\",\"logo\":{\"@type\":\"ImageObject\",\"inLanguage\":\"fr-FR\",\"@id\":\"https:\/\/uniformeplus.tn\/#\/schema\/logo\/image\/\",\"url\":\"https:\/\/uniformeplus.tn\/wp-content\/uploads\/2021\/01\/logo.png\",\"contentUrl\":\"https:\/\/uniformeplus.tn\/wp-content\/uploads\/2021\/01\/logo.png\",\"width\":112,\"height\":112,\"caption\":\"tenue de travail\"},\"image\":{\"@id\":\"https:\/\/uniformeplus.tn\/#\/schema\/logo\/image\/\"},\"sameAs\":[\"https:\/\/www.facebook.com\/uniforconfection.uniformeplus\"],\"hasMerchantReturnPolicy\":{\"@type\":\"MerchantReturnPolicy\",\"merchantReturnLink\":\"https:\/\/uniformeplus.tn\/index.php\/politique-de-retour\/\"}}]}<\/script>\n<meta property=\"product:price:amount\" content=\"180.000\" \/>\n<meta property=\"product:price:currency\" content=\"TND\" \/>\n<meta property=\"og:availability\" content=\"instock\" \/>\n<meta property=\"product:availability\" content=\"instock\" \/>\n<meta property=\"product:condition\" content=\"new\" \/>\n<!-- \/ Yoast SEO Premium plugin. -->","yoast_head_json":{"title":"BLOUSON DE TRAVAIL HAUTE-VISIBILIT\u00c9 JAUNE\/MARINE - uniformeplus - V\u00eatements de travail","description":"Caract\u00e9ristiques :   4 poches pour plus de rangement  Bandes r\u00e9fl\u00e9chissantes 50 mm, Bande r\u00e9fl\u00e9chissante corps, manches, Bord r\u00e9fl\u00e9chissant  Couleurs contrast\u00e9es pour plus de style  Poignets r\u00e9glables avec pressions  Boucle porte radio","robots":{"index":"index","follow":"follow","max-snippet":"max-snippet:-1","max-image-preview":"max-image-preview:large","max-video-preview":"max-video-preview:-1"},"canonical":"https:\/\/uniformeplus.tn\/index.php\/product\/blouson-de-travail-haute-visibilite-jaune-marine\/","og_locale":"fr_FR","og_type":"article","og_title":"BLOUSON DE TRAVAIL HAUTE-VISIBILIT\u00c9 JAUNE\/MARINE","og_description":"Caract\u00e9ristiques :   4 poches pour plus de rangement  Bandes r\u00e9fl\u00e9chissantes 50 mm, Bande r\u00e9fl\u00e9chissante corps, manches, Bord r\u00e9fl\u00e9chissant  Couleurs contrast\u00e9es pour plus de style  Poignets r\u00e9glables avec pressions  Boucle porte radio","og_url":"https:\/\/uniformeplus.tn\/index.php\/product\/blouson-de-travail-haute-visibilite-jaune-marine\/","og_site_name":"uniformeplus - V\u00eatements de travail","article_publisher":"https:\/\/www.facebook.com\/uniforconfection.uniformeplus","article_modified_time":"2025-05-05T15:49:40+00:00","og_image":[{"width":800,"height":800,"url":"https:\/\/uniformeplus.tn\/wp-content\/uploads\/2020\/10\/vetement-de-travail-veste-femme-haute-visibilite-blaklader-4026.jpg","type":"image\/jpeg"}],"twitter_card":"summary_large_image","twitter_misc":{"Prix":"180.000&#x62f;.&#x62a;","Disponibilit\u00e9":"En stock"},"schema":{"@context":"https:\/\/schema.org","@graph":[{"@type":"WebPage","@id":"https:\/\/uniformeplus.tn\/index.php\/product\/blouson-de-travail-haute-visibilite-jaune-marine\/","url":"https:\/\/uniformeplus.tn\/index.php\/product\/blouson-de-travail-haute-visibilite-jaune-marine\/","name":"BLOUSON DE TRAVAIL HAUTE-VISIBILIT\u00c9 JAUNE\/MARINE - uniformeplus - V\u00eatements de travail","isPartOf":{"@id":"https:\/\/uniformeplus.tn\/#website"},"primaryImageOfPage":{"@id":"https:\/\/uniformeplus.tn\/index.php\/product\/blouson-de-travail-haute-visibilite-jaune-marine\/#primaryimage"},"image":{"@id":"https:\/\/uniformeplus.tn\/index.php\/product\/blouson-de-travail-haute-visibilite-jaune-marine\/#primaryimage"},"thumbnailUrl":"https:\/\/uniformeplus.tn\/wp-content\/uploads\/2020\/10\/vetement-de-travail-veste-femme-haute-visibilite-blaklader-4026.jpg","datePublished":"2020-10-16T13:15:29+00:00","dateModified":"2025-05-05T15:49:40+00:00","description":"Caract\u00e9ristiques : 4 poches pour plus de rangement Bandes r\u00e9fl\u00e9chissantes 50 mm, Bande r\u00e9fl\u00e9chissante corps, manches, Bord r\u00e9fl\u00e9chissant Couleurs contrast\u00e9es pour plus de style Poignets r\u00e9glables avec pressions Boucle porte radio","breadcrumb":{"@id":"https:\/\/uniformeplus.tn\/index.php\/product\/blouson-de-travail-haute-visibilite-jaune-marine\/#breadcrumb"},"inLanguage":"fr-FR","potentialAction":[{"@type":"ReadAction","target":["https:\/\/uniformeplus.tn\/index.php\/product\/blouson-de-travail-haute-visibilite-jaune-marine\/"]}]},{"@type":"ImageObject","inLanguage":"fr-FR","@id":"https:\/\/uniformeplus.tn\/index.php\/product\/blouson-de-travail-haute-visibilite-jaune-marine\/#primaryimage","url":"https:\/\/uniformeplus.tn\/wp-content\/uploads\/2020\/10\/vetement-de-travail-veste-femme-haute-visibilite-blaklader-4026.jpg","contentUrl":"https:\/\/uniformeplus.tn\/wp-content\/uploads\/2020\/10\/vetement-de-travail-veste-femme-haute-visibilite-blaklader-4026.jpg","width":800,"height":800,"caption":"BLOUSON DE TRAVAIL HAUTE-VISIBILIT\u00c9 JAUNE\/MARINE"},{"@type":"BreadcrumbList","@id":"https:\/\/uniformeplus.tn\/index.php\/product\/blouson-de-travail-haute-visibilite-jaune-marine\/#breadcrumb","itemListElement":[{"@type":"ListItem","position":1,"name":"Accueil","item":"https:\/\/uniformeplus.tn\/"},{"@type":"ListItem","position":2,"name":"Shop","item":"https:\/\/uniformeplus.tn\/index.php\/shop-2\/"},{"@type":"ListItem","position":3,"name":"V\u00caTEMENT DE TRAVAIL","item":"https:\/\/uniformeplus.tn\/index.php\/product-category\/vetement-de-travail\/"},{"@type":"ListItem","position":4,"name":"HAUTE VISIBILIT\u00c9","item":"https:\/\/uniformeplus.tn\/index.php\/product-category\/vetement-de-travail\/haute-visibilite\/"},{"@type":"ListItem","position":5,"name":"PARKAS HAUTE VISIBILIT\u00c9","item":"https:\/\/uniformeplus.tn\/index.php\/product-category\/vetement-de-travail\/haute-visibilite\/parkas-haute-visibilite\/"},{"@type":"ListItem","position":6,"name":"BLOUSON DE TRAVAIL HAUTE-VISIBILIT\u00c9 JAUNE\/MARINE"}]},{"@type":"WebSite","@id":"https:\/\/uniformeplus.tn\/#website","url":"https:\/\/uniformeplus.tn\/","name":"uniformeplus","description":"v\u00eatement de travail Tunisie","publisher":{"@id":"https:\/\/uniformeplus.tn\/#organization"},"alternateName":"tenue de travail en tunisie","potentialAction":[{"@type":"SearchAction","target":{"@type":"EntryPoint","urlTemplate":"https:\/\/uniformeplus.tn\/?s={search_term_string}"},"query-input":{"@type":"PropertyValueSpecification","valueRequired":true,"valueName":"search_term_string"}}],"inLanguage":"fr-FR"},{"@type":"Organization","@id":"https:\/\/uniformeplus.tn\/#organization","name":"tenue de travail","url":"https:\/\/uniformeplus.tn\/","logo":{"@type":"ImageObject","inLanguage":"fr-FR","@id":"https:\/\/uniformeplus.tn\/#\/schema\/logo\/image\/","url":"https:\/\/uniformeplus.tn\/wp-content\/uploads\/2021\/01\/logo.png","contentUrl":"https:\/\/uniformeplus.tn\/wp-content\/uploads\/2021\/01\/logo.png","width":112,"height":112,"caption":"tenue de travail"},"image":{"@id":"https:\/\/uniformeplus.tn\/#\/schema\/logo\/image\/"},"sameAs":["https:\/\/www.facebook.com\/uniforconfection.uniformeplus"],"hasMerchantReturnPolicy":{"@type":"MerchantReturnPolicy","merchantReturnLink":"https:\/\/uniformeplus.tn\/index.php\/politique-de-retour\/"}}]},"product_price_amount":"180.000","product_price_currency":"TND","og_availability":"instock","product_availability":"instock","product_condition":"new"},"_links":{"self":[{"href":"https:\/\/uniformeplus.tn\/index.php\/wp-json\/wp\/v2\/product\/13066","targetHints":{"allow":["GET"]}}],"collection":[{"href":"https:\/\/uniformeplus.tn\/index.php\/wp-json\/wp\/v2\/product"}],"about":[{"href":"https:\/\/uniformeplus.tn\/index.php\/wp-json\/wp\/v2\/types\/product"}],"replies":[{"embeddable":true,"href":"https:\/\/uniformeplus.tn\/index.php\/wp-json\/wp\/v2\/comments?post=13066"}],"wp:featuredmedia":[{"embeddable":true,"href":"https:\/\/uniformeplus.tn\/index.php\/wp-json\/wp\/v2\/media\/13067"}],"wp:attachment":[{"href":"https:\/\/uniformeplus.tn\/index.php\/wp-json\/wp\/v2\/media?parent=13066"}],"wp:term":[{"taxonomy":"product_brand","embeddable":true,"href":"https:\/\/uniformeplus.tn\/index.php\/wp-json\/wp\/v2\/product_brand?post=13066"},{"taxonomy":"product_cat","embeddable":true,"href":"https:\/\/uniformeplus.tn\/index.php\/wp-json\/wp\/v2\/product_cat?post=13066"},{"taxonomy":"product_tag","embeddable":true,"href":"https:\/\/uniformeplus.tn\/index.php\/wp-json\/wp\/v2\/product_tag?post=13066"}],"curies":[{"name":"wp","href":"https:\/\/api.w.org\/{rel}","templated":true}]}}