{"id":13473,"date":"2020-10-27T08:15:13","date_gmt":"2020-10-27T07:15:13","guid":{"rendered":"http:\/\/uniformeplus.tn\/?post_type=product&#038;p=13473"},"modified":"2025-05-05T17:51:03","modified_gmt":"2025-05-05T15:51:03","slug":"tunique-medicale-bleu-ciel-clemix","status":"publish","type":"product","link":"https:\/\/uniformeplus.tn\/index.php\/product\/tunique-medicale-bleu-ciel-clemix\/","title":{"rendered":"Tunique m\u00e9dicale bleu ciel &#8211; Clemix"},"content":{"rendered":"<p>Cette tunique m\u00e9dicale bleu ciel a \u00e9t\u00e9 con\u00e7ue pour satisfaire les exigences des professionnels du domaine m\u00e9dical. Munie de trois poches, vous pourrez ranger votre mat\u00e9riel m\u00e9dical pour l&#8217;avoir \u00e0 port\u00e9 de mains. En manches courtes, elle favorise votre travail manuel en vous laissant libre de vos mouvements.<\/p>\n<ul>\n<li>Mati\u00e8re\u00a0: 50% Tencel \/ 50% polyester<\/li>\n<li>Longueur dos\u00a0: 75 cm<\/li>\n<li>Tailles\u00a0: T 00 &#8211; T6<\/li>\n<li>Lavage\u00a0: 60\u00b0C en machine<\/li>\n<li>Poches\u00a0: 1 poche stylo et 2 poches basses<\/li>\n<li>Genre\u00a0: Femme<\/li>\n<li>Boutons acier cach\u00e9s<\/li>\n<\/ul>\n<p>\u00c9l\u00e9gante et pratique, cette tunique m\u00e9dicale bleu ciel \u00e0 la coupe confortable, dot\u00e9e de fentes sur le c\u00f4t\u00e9, convient \u00e0 tous les types de morphologies.\u00a0Elle est longue de 75 cm au dos. Fonctionnelle, elle poss\u00e8de trois poches\u00a0: une sur la poitrine, et deux vastes poches basses. Elle est \u00e9galement \u00e9quip\u00e9e d&#8217;un porte-bip ou accroche-montre.<\/p>\n<p>&nbsp;<\/p>\n<p><img decoding=\"async\" class=\"aligncenter wp-image-13475 size-full\" src=\"http:\/\/uniformeplus.tn\/wp-content\/uploads\/2020\/10\/fichetechnike.jpg\" alt=\"\" width=\"1209\" height=\"509\" srcset=\"https:\/\/uniformeplus.tn\/wp-content\/uploads\/2020\/10\/fichetechnike.jpg 1209w, https:\/\/uniformeplus.tn\/wp-content\/uploads\/2020\/10\/fichetechnike-600x253.jpg 600w, https:\/\/uniformeplus.tn\/wp-content\/uploads\/2020\/10\/fichetechnike-300x126.jpg 300w, https:\/\/uniformeplus.tn\/wp-content\/uploads\/2020\/10\/fichetechnike-1024x431.jpg 1024w, https:\/\/uniformeplus.tn\/wp-content\/uploads\/2020\/10\/fichetechnike-768x323.jpg 768w\" sizes=\"(max-width: 1209px) 100vw, 1209px\" \/><\/p>\n<p>&nbsp;<\/p>\n<p><img decoding=\"async\" class=\"aligncenter wp-image-13476 size-full\" src=\"http:\/\/uniformeplus.tn\/wp-content\/uploads\/2020\/10\/Capture-decran-2016-10-31-a-14.00.32.png\" alt=\"\" width=\"632\" height=\"310\" srcset=\"https:\/\/uniformeplus.tn\/wp-content\/uploads\/2020\/10\/Capture-decran-2016-10-31-a-14.00.32.png 632w, https:\/\/uniformeplus.tn\/wp-content\/uploads\/2020\/10\/Capture-decran-2016-10-31-a-14.00.32-600x294.png 600w, https:\/\/uniformeplus.tn\/wp-content\/uploads\/2020\/10\/Capture-decran-2016-10-31-a-14.00.32-300x147.png 300w\" sizes=\"(max-width: 632px) 100vw, 632px\" \/><\/p>\n","protected":false},"excerpt":{"rendered":"<p>Cette tunique m\u00e9dicale bleu ciel a \u00e9t\u00e9 con\u00e7ue pour satisfaire les exigences des professionnels du domaine m\u00e9dical. Munie de trois poches, vous pourrez ranger votre mat\u00e9riel m\u00e9dical pour l&#8217;avoir \u00e0 port\u00e9 de mains. En manches courtes, elle favorise votre travail manuel en vous laissant libre de vos mouvements.<\/p>\n","protected":false},"featured_media":13474,"comment_status":"open","ping_status":"closed","template":"","meta":{"_acf_changed":false},"product_brand":[],"product_cat":[242,241,239,308],"product_tag":[],"class_list":{"0":"post-13473","1":"product","2":"type-product","3":"status-publish","4":"has-post-thumbnail","6":"product_cat-beaute-bien-etre","7":"product_cat-medical-paramedical","8":"product_cat-medicales-bien-etre","9":"product_cat-mixte-clemix","11":"first","12":"instock","13":"taxable","14":"shipping-taxable","15":"purchasable","16":"product-type-simple"},"acf":[],"yoast_head":"<!-- This site is optimized with the Yoast SEO Premium plugin v26.3 (Yoast SEO v26.3) - https:\/\/yoast.com\/wordpress\/plugins\/seo\/ -->\n<title>Tunique m\u00e9dicale bleu ciel - Clemix - uniformeplus - V\u00eatements de travail<\/title>\n<meta name=\"description\" content=\"Cette tunique m\u00e9dicale bleu ciel a \u00e9t\u00e9 con\u00e7ue pour satisfaire les exigences des professionnels du domaine m\u00e9dical. Munie de trois poches, vous pourrez ranger votre mat\u00e9riel m\u00e9dical pour l&#039;avoir \u00e0 port\u00e9 de mains. En manches courtes, elle favorise votre travail manuel en vous laissant libre de vos mouvements.\" \/>\n<meta name=\"robots\" content=\"index, follow, max-snippet:-1, max-image-preview:large, max-video-preview:-1\" \/>\n<link rel=\"canonical\" href=\"https:\/\/uniformeplus.tn\/index.php\/product\/tunique-medicale-bleu-ciel-clemix\/\" \/>\n<meta property=\"og:locale\" content=\"fr_FR\" \/>\n<meta property=\"og:type\" content=\"article\" \/>\n<meta property=\"og:title\" content=\"Tunique m\u00e9dicale bleu ciel - Clemix\" \/>\n<meta property=\"og:description\" content=\"Cette tunique m\u00e9dicale bleu ciel a \u00e9t\u00e9 con\u00e7ue pour satisfaire les exigences des professionnels du domaine m\u00e9dical. Munie de trois poches, vous pourrez ranger votre mat\u00e9riel m\u00e9dical pour l&#039;avoir \u00e0 port\u00e9 de mains. En manches courtes, elle favorise votre travail manuel en vous laissant libre de vos mouvements.\" \/>\n<meta property=\"og:url\" content=\"https:\/\/uniformeplus.tn\/index.php\/product\/tunique-medicale-bleu-ciel-clemix\/\" \/>\n<meta property=\"og:site_name\" content=\"uniformeplus - V\u00eatements de travail\" \/>\n<meta property=\"article:publisher\" content=\"https:\/\/www.facebook.com\/uniforconfection.uniformeplus\" \/>\n<meta property=\"article:modified_time\" content=\"2025-05-05T15:51:03+00:00\" \/>\n<meta property=\"og:image\" content=\"https:\/\/uniformeplus.tn\/wp-content\/uploads\/2020\/10\/tunique-medicale-2ale-bleu-ciel.jpg\" \/>\n\t<meta property=\"og:image:width\" content=\"800\" \/>\n\t<meta property=\"og:image:height\" content=\"800\" \/>\n\t<meta property=\"og:image:type\" content=\"image\/jpeg\" \/>\n<meta name=\"twitter:card\" content=\"summary_large_image\" \/>\n<meta name=\"twitter:label1\" content=\"Prix\" \/>\n\t<meta name=\"twitter:data1\" content=\"32.000&#x62f;.&#x62a;\" \/>\n\t<meta name=\"twitter:label2\" content=\"Disponibilit\u00e9\" \/>\n\t<meta name=\"twitter:data2\" content=\"En stock\" \/>\n<script type=\"application\/ld+json\" class=\"yoast-schema-graph\">{\"@context\":\"https:\/\/schema.org\",\"@graph\":[{\"@type\":\"WebPage\",\"@id\":\"https:\/\/uniformeplus.tn\/index.php\/product\/tunique-medicale-bleu-ciel-clemix\/\",\"url\":\"https:\/\/uniformeplus.tn\/index.php\/product\/tunique-medicale-bleu-ciel-clemix\/\",\"name\":\"Tunique m\u00e9dicale bleu ciel - Clemix - uniformeplus - V\u00eatements de travail\",\"isPartOf\":{\"@id\":\"https:\/\/uniformeplus.tn\/#website\"},\"primaryImageOfPage\":{\"@id\":\"https:\/\/uniformeplus.tn\/index.php\/product\/tunique-medicale-bleu-ciel-clemix\/#primaryimage\"},\"image\":{\"@id\":\"https:\/\/uniformeplus.tn\/index.php\/product\/tunique-medicale-bleu-ciel-clemix\/#primaryimage\"},\"thumbnailUrl\":\"https:\/\/uniformeplus.tn\/wp-content\/uploads\/2020\/10\/tunique-medicale-2ale-bleu-ciel.jpg\",\"datePublished\":\"2020-10-27T07:15:13+00:00\",\"dateModified\":\"2025-05-05T15:51:03+00:00\",\"description\":\"Cette tunique m\u00e9dicale bleu ciel a \u00e9t\u00e9 con\u00e7ue pour satisfaire les exigences des professionnels du domaine m\u00e9dical. Munie de trois poches, vous pourrez ranger votre mat\u00e9riel m\u00e9dical pour l'avoir \u00e0 port\u00e9 de mains. En manches courtes, elle favorise votre travail manuel en vous laissant libre de vos mouvements.\",\"breadcrumb\":{\"@id\":\"https:\/\/uniformeplus.tn\/index.php\/product\/tunique-medicale-bleu-ciel-clemix\/#breadcrumb\"},\"inLanguage\":\"fr-FR\",\"potentialAction\":[{\"@type\":\"ReadAction\",\"target\":[\"https:\/\/uniformeplus.tn\/index.php\/product\/tunique-medicale-bleu-ciel-clemix\/\"]}]},{\"@type\":\"ImageObject\",\"inLanguage\":\"fr-FR\",\"@id\":\"https:\/\/uniformeplus.tn\/index.php\/product\/tunique-medicale-bleu-ciel-clemix\/#primaryimage\",\"url\":\"https:\/\/uniformeplus.tn\/wp-content\/uploads\/2020\/10\/tunique-medicale-2ale-bleu-ciel.jpg\",\"contentUrl\":\"https:\/\/uniformeplus.tn\/wp-content\/uploads\/2020\/10\/tunique-medicale-2ale-bleu-ciel.jpg\",\"width\":800,\"height\":800,\"caption\":\"Tunique m\u00e9dicale bleu ciel - Clemix\"},{\"@type\":\"BreadcrumbList\",\"@id\":\"https:\/\/uniformeplus.tn\/index.php\/product\/tunique-medicale-bleu-ciel-clemix\/#breadcrumb\",\"itemListElement\":[{\"@type\":\"ListItem\",\"position\":1,\"name\":\"Accueil\",\"item\":\"https:\/\/uniformeplus.tn\/\"},{\"@type\":\"ListItem\",\"position\":2,\"name\":\"Shop\",\"item\":\"https:\/\/uniformeplus.tn\/index.php\/shop-2\/\"},{\"@type\":\"ListItem\",\"position\":3,\"name\":\"M\u00c9TIERS\",\"item\":\"https:\/\/uniformeplus.tn\/index.php\/product-category\/metiers\/\"},{\"@type\":\"ListItem\",\"position\":4,\"name\":\"M\u00c9DICALES \/ BIEN-\u00caTRE\",\"item\":\"https:\/\/uniformeplus.tn\/index.php\/product-category\/metiers\/medicales-bien-etre\/\"},{\"@type\":\"ListItem\",\"position\":5,\"name\":\"BEAUT\u00c9 - BIEN \u00caTRE\",\"item\":\"https:\/\/uniformeplus.tn\/index.php\/product-category\/metiers\/medicales-bien-etre\/beaute-bien-etre\/\"},{\"@type\":\"ListItem\",\"position\":6,\"name\":\"Tunique m\u00e9dicale bleu ciel &#8211; Clemix\"}]},{\"@type\":\"WebSite\",\"@id\":\"https:\/\/uniformeplus.tn\/#website\",\"url\":\"https:\/\/uniformeplus.tn\/\",\"name\":\"uniformeplus\",\"description\":\"v\u00eatement de travail Tunisie\",\"publisher\":{\"@id\":\"https:\/\/uniformeplus.tn\/#organization\"},\"alternateName\":\"tenue de travail en tunisie\",\"potentialAction\":[{\"@type\":\"SearchAction\",\"target\":{\"@type\":\"EntryPoint\",\"urlTemplate\":\"https:\/\/uniformeplus.tn\/?s={search_term_string}\"},\"query-input\":{\"@type\":\"PropertyValueSpecification\",\"valueRequired\":true,\"valueName\":\"search_term_string\"}}],\"inLanguage\":\"fr-FR\"},{\"@type\":\"Organization\",\"@id\":\"https:\/\/uniformeplus.tn\/#organization\",\"name\":\"tenue de travail\",\"url\":\"https:\/\/uniformeplus.tn\/\",\"logo\":{\"@type\":\"ImageObject\",\"inLanguage\":\"fr-FR\",\"@id\":\"https:\/\/uniformeplus.tn\/#\/schema\/logo\/image\/\",\"url\":\"https:\/\/uniformeplus.tn\/wp-content\/uploads\/2021\/01\/logo.png\",\"contentUrl\":\"https:\/\/uniformeplus.tn\/wp-content\/uploads\/2021\/01\/logo.png\",\"width\":112,\"height\":112,\"caption\":\"tenue de travail\"},\"image\":{\"@id\":\"https:\/\/uniformeplus.tn\/#\/schema\/logo\/image\/\"},\"sameAs\":[\"https:\/\/www.facebook.com\/uniforconfection.uniformeplus\"],\"hasMerchantReturnPolicy\":{\"@type\":\"MerchantReturnPolicy\",\"merchantReturnLink\":\"https:\/\/uniformeplus.tn\/index.php\/politique-de-retour\/\"}}]}<\/script>\n<meta property=\"product:price:amount\" content=\"32.000\" \/>\n<meta property=\"product:price:currency\" content=\"TND\" \/>\n<meta property=\"og:availability\" content=\"instock\" \/>\n<meta property=\"product:availability\" content=\"instock\" \/>\n<meta property=\"product:condition\" content=\"new\" \/>\n<!-- \/ Yoast SEO Premium plugin. -->","yoast_head_json":{"title":"Tunique m\u00e9dicale bleu ciel - Clemix - uniformeplus - V\u00eatements de travail","description":"Cette tunique m\u00e9dicale bleu ciel a \u00e9t\u00e9 con\u00e7ue pour satisfaire les exigences des professionnels du domaine m\u00e9dical. Munie de trois poches, vous pourrez ranger votre mat\u00e9riel m\u00e9dical pour l'avoir \u00e0 port\u00e9 de mains. En manches courtes, elle favorise votre travail manuel en vous laissant libre de vos mouvements.","robots":{"index":"index","follow":"follow","max-snippet":"max-snippet:-1","max-image-preview":"max-image-preview:large","max-video-preview":"max-video-preview:-1"},"canonical":"https:\/\/uniformeplus.tn\/index.php\/product\/tunique-medicale-bleu-ciel-clemix\/","og_locale":"fr_FR","og_type":"article","og_title":"Tunique m\u00e9dicale bleu ciel - Clemix","og_description":"Cette tunique m\u00e9dicale bleu ciel a \u00e9t\u00e9 con\u00e7ue pour satisfaire les exigences des professionnels du domaine m\u00e9dical. Munie de trois poches, vous pourrez ranger votre mat\u00e9riel m\u00e9dical pour l'avoir \u00e0 port\u00e9 de mains. En manches courtes, elle favorise votre travail manuel en vous laissant libre de vos mouvements.","og_url":"https:\/\/uniformeplus.tn\/index.php\/product\/tunique-medicale-bleu-ciel-clemix\/","og_site_name":"uniformeplus - V\u00eatements de travail","article_publisher":"https:\/\/www.facebook.com\/uniforconfection.uniformeplus","article_modified_time":"2025-05-05T15:51:03+00:00","og_image":[{"width":800,"height":800,"url":"https:\/\/uniformeplus.tn\/wp-content\/uploads\/2020\/10\/tunique-medicale-2ale-bleu-ciel.jpg","type":"image\/jpeg"}],"twitter_card":"summary_large_image","twitter_misc":{"Prix":"32.000&#x62f;.&#x62a;","Disponibilit\u00e9":"En stock"},"schema":{"@context":"https:\/\/schema.org","@graph":[{"@type":"WebPage","@id":"https:\/\/uniformeplus.tn\/index.php\/product\/tunique-medicale-bleu-ciel-clemix\/","url":"https:\/\/uniformeplus.tn\/index.php\/product\/tunique-medicale-bleu-ciel-clemix\/","name":"Tunique m\u00e9dicale bleu ciel - Clemix - uniformeplus - V\u00eatements de travail","isPartOf":{"@id":"https:\/\/uniformeplus.tn\/#website"},"primaryImageOfPage":{"@id":"https:\/\/uniformeplus.tn\/index.php\/product\/tunique-medicale-bleu-ciel-clemix\/#primaryimage"},"image":{"@id":"https:\/\/uniformeplus.tn\/index.php\/product\/tunique-medicale-bleu-ciel-clemix\/#primaryimage"},"thumbnailUrl":"https:\/\/uniformeplus.tn\/wp-content\/uploads\/2020\/10\/tunique-medicale-2ale-bleu-ciel.jpg","datePublished":"2020-10-27T07:15:13+00:00","dateModified":"2025-05-05T15:51:03+00:00","description":"Cette tunique m\u00e9dicale bleu ciel a \u00e9t\u00e9 con\u00e7ue pour satisfaire les exigences des professionnels du domaine m\u00e9dical. Munie de trois poches, vous pourrez ranger votre mat\u00e9riel m\u00e9dical pour l'avoir \u00e0 port\u00e9 de mains. En manches courtes, elle favorise votre travail manuel en vous laissant libre de vos mouvements.","breadcrumb":{"@id":"https:\/\/uniformeplus.tn\/index.php\/product\/tunique-medicale-bleu-ciel-clemix\/#breadcrumb"},"inLanguage":"fr-FR","potentialAction":[{"@type":"ReadAction","target":["https:\/\/uniformeplus.tn\/index.php\/product\/tunique-medicale-bleu-ciel-clemix\/"]}]},{"@type":"ImageObject","inLanguage":"fr-FR","@id":"https:\/\/uniformeplus.tn\/index.php\/product\/tunique-medicale-bleu-ciel-clemix\/#primaryimage","url":"https:\/\/uniformeplus.tn\/wp-content\/uploads\/2020\/10\/tunique-medicale-2ale-bleu-ciel.jpg","contentUrl":"https:\/\/uniformeplus.tn\/wp-content\/uploads\/2020\/10\/tunique-medicale-2ale-bleu-ciel.jpg","width":800,"height":800,"caption":"Tunique m\u00e9dicale bleu ciel - Clemix"},{"@type":"BreadcrumbList","@id":"https:\/\/uniformeplus.tn\/index.php\/product\/tunique-medicale-bleu-ciel-clemix\/#breadcrumb","itemListElement":[{"@type":"ListItem","position":1,"name":"Accueil","item":"https:\/\/uniformeplus.tn\/"},{"@type":"ListItem","position":2,"name":"Shop","item":"https:\/\/uniformeplus.tn\/index.php\/shop-2\/"},{"@type":"ListItem","position":3,"name":"M\u00c9TIERS","item":"https:\/\/uniformeplus.tn\/index.php\/product-category\/metiers\/"},{"@type":"ListItem","position":4,"name":"M\u00c9DICALES \/ BIEN-\u00caTRE","item":"https:\/\/uniformeplus.tn\/index.php\/product-category\/metiers\/medicales-bien-etre\/"},{"@type":"ListItem","position":5,"name":"BEAUT\u00c9 - BIEN \u00caTRE","item":"https:\/\/uniformeplus.tn\/index.php\/product-category\/metiers\/medicales-bien-etre\/beaute-bien-etre\/"},{"@type":"ListItem","position":6,"name":"Tunique m\u00e9dicale bleu ciel &#8211; Clemix"}]},{"@type":"WebSite","@id":"https:\/\/uniformeplus.tn\/#website","url":"https:\/\/uniformeplus.tn\/","name":"uniformeplus","description":"v\u00eatement de travail Tunisie","publisher":{"@id":"https:\/\/uniformeplus.tn\/#organization"},"alternateName":"tenue de travail en tunisie","potentialAction":[{"@type":"SearchAction","target":{"@type":"EntryPoint","urlTemplate":"https:\/\/uniformeplus.tn\/?s={search_term_string}"},"query-input":{"@type":"PropertyValueSpecification","valueRequired":true,"valueName":"search_term_string"}}],"inLanguage":"fr-FR"},{"@type":"Organization","@id":"https:\/\/uniformeplus.tn\/#organization","name":"tenue de travail","url":"https:\/\/uniformeplus.tn\/","logo":{"@type":"ImageObject","inLanguage":"fr-FR","@id":"https:\/\/uniformeplus.tn\/#\/schema\/logo\/image\/","url":"https:\/\/uniformeplus.tn\/wp-content\/uploads\/2021\/01\/logo.png","contentUrl":"https:\/\/uniformeplus.tn\/wp-content\/uploads\/2021\/01\/logo.png","width":112,"height":112,"caption":"tenue de travail"},"image":{"@id":"https:\/\/uniformeplus.tn\/#\/schema\/logo\/image\/"},"sameAs":["https:\/\/www.facebook.com\/uniforconfection.uniformeplus"],"hasMerchantReturnPolicy":{"@type":"MerchantReturnPolicy","merchantReturnLink":"https:\/\/uniformeplus.tn\/index.php\/politique-de-retour\/"}}]},"product_price_amount":"32.000","product_price_currency":"TND","og_availability":"instock","product_availability":"instock","product_condition":"new"},"_links":{"self":[{"href":"https:\/\/uniformeplus.tn\/index.php\/wp-json\/wp\/v2\/product\/13473","targetHints":{"allow":["GET"]}}],"collection":[{"href":"https:\/\/uniformeplus.tn\/index.php\/wp-json\/wp\/v2\/product"}],"about":[{"href":"https:\/\/uniformeplus.tn\/index.php\/wp-json\/wp\/v2\/types\/product"}],"replies":[{"embeddable":true,"href":"https:\/\/uniformeplus.tn\/index.php\/wp-json\/wp\/v2\/comments?post=13473"}],"wp:featuredmedia":[{"embeddable":true,"href":"https:\/\/uniformeplus.tn\/index.php\/wp-json\/wp\/v2\/media\/13474"}],"wp:attachment":[{"href":"https:\/\/uniformeplus.tn\/index.php\/wp-json\/wp\/v2\/media?parent=13473"}],"wp:term":[{"taxonomy":"product_brand","embeddable":true,"href":"https:\/\/uniformeplus.tn\/index.php\/wp-json\/wp\/v2\/product_brand?post=13473"},{"taxonomy":"product_cat","embeddable":true,"href":"https:\/\/uniformeplus.tn\/index.php\/wp-json\/wp\/v2\/product_cat?post=13473"},{"taxonomy":"product_tag","embeddable":true,"href":"https:\/\/uniformeplus.tn\/index.php\/wp-json\/wp\/v2\/product_tag?post=13473"}],"curies":[{"name":"wp","href":"https:\/\/api.w.org\/{rel}","templated":true}]}}