{"id":13485,"date":"2020-10-27T08:58:58","date_gmt":"2020-10-27T07:58:58","guid":{"rendered":"http:\/\/uniformeplus.tn\/?post_type=product&#038;p=13485"},"modified":"2025-05-05T17:57:20","modified_gmt":"2025-05-05T15:57:20","slug":"blouse-medicale","status":"publish","type":"product","link":"https:\/\/uniformeplus.tn\/index.php\/product\/blouse-medicale\/","title":{"rendered":"Blouse m\u00e9dicale"},"content":{"rendered":"<p>&nbsp;<\/p>\n<p>Une blouse id\u00e9ale pour affirmer son originalit\u00e9 tout en respectant les codes vestimentaires des disciplines du m\u00e9dical. En effet, \u00e0 l\u2019heure de la personnalisation, il est possible de conserver une coupe classique tout en distinguant sa tenue. Avec son col rond et sa fermeture asym\u00e9trique, cette blouse m\u00e9dicale est id\u00e9ale pour les infirmi\u00e8res par exemple. Enti\u00e8rement cr\u00e9\u00e9e en polycoton, elle assure \u00e0 la fois l\u00e9g\u00e8ret\u00e9 et confort, le tout avec une tr\u00e8s bonne r\u00e9sistance \u00e0 l\u2019usure quotidienne. Enfin, un total de trois poches permet au professionnel de garder \u00e0 sa port\u00e9e les outils n\u00e9cessaires \u00e0 la pratique de son activit\u00e9.<\/p>\n<p><img decoding=\"async\" class=\"aligncenter size-full wp-image-13489\" src=\"http:\/\/uniformeplus.tn\/wp-content\/uploads\/2020\/10\/fichetechnike3-1.jpg\" alt=\"\" width=\"1319\" height=\"392\" srcset=\"https:\/\/uniformeplus.tn\/wp-content\/uploads\/2020\/10\/fichetechnike3-1.jpg 1319w, https:\/\/uniformeplus.tn\/wp-content\/uploads\/2020\/10\/fichetechnike3-1-600x178.jpg 600w, https:\/\/uniformeplus.tn\/wp-content\/uploads\/2020\/10\/fichetechnike3-1-300x89.jpg 300w, https:\/\/uniformeplus.tn\/wp-content\/uploads\/2020\/10\/fichetechnike3-1-1024x304.jpg 1024w, https:\/\/uniformeplus.tn\/wp-content\/uploads\/2020\/10\/fichetechnike3-1-768x228.jpg 768w\" sizes=\"(max-width: 1319px) 100vw, 1319px\" \/><\/p>\n<p>&nbsp;<\/p>\n","protected":false},"excerpt":{"rendered":"<p>Une blouse id\u00e9ale pour affirmer son originalit\u00e9 tout en respectant les codes vestimentaires des disciplines du m\u00e9dical. En effet, \u00e0 l\u2019heure de la personnalisation, il est possible de conserver une coupe classique tout en distinguant sa tenue. Avec son col rond et sa fermeture asym\u00e9trique, cette blouse m\u00e9dicale est id\u00e9ale pour les infirmi\u00e8res par exemple. Enti\u00e8rement cr\u00e9\u00e9e en polycoton, elle assure \u00e0 la fois l\u00e9g\u00e8ret\u00e9 et confort, le tout avec une tr\u00e8s bonne r\u00e9sistance \u00e0 l\u2019usure quotidienne. Enfin, un total de trois poches permet au professionnel de garder \u00e0 sa port\u00e9e les outils n\u00e9cessaires \u00e0 la pratique de son activit\u00e9.<\/p>\n","protected":false},"featured_media":13488,"comment_status":"open","ping_status":"closed","template":"","meta":{"_acf_changed":false},"product_brand":[],"product_cat":[242,241,239],"product_tag":[],"class_list":{"0":"post-13485","1":"product","2":"type-product","3":"status-publish","4":"has-post-thumbnail","6":"product_cat-beaute-bien-etre","7":"product_cat-medical-paramedical","8":"product_cat-medicales-bien-etre","10":"first","11":"instock","12":"taxable","13":"shipping-taxable","14":"purchasable","15":"product-type-simple"},"acf":[],"yoast_head":"<!-- This site is optimized with the Yoast SEO Premium plugin v26.3 (Yoast SEO v26.3) - https:\/\/yoast.com\/wordpress\/plugins\/seo\/ -->\n<title>Blouse m\u00e9dicale - uniformeplus - V\u00eatements de travail<\/title>\n<meta name=\"description\" content=\"Une blouse id\u00e9ale pour affirmer son originalit\u00e9 tout en respectant les codes vestimentaires des disciplines du m\u00e9dical. En effet, \u00e0 l\u2019heure de la personnalisation, il est possible de conserver une coupe classique tout en distinguant sa tenue. Avec son col rond et sa fermeture asym\u00e9trique, cette blouse m\u00e9dicale est id\u00e9ale pour les infirmi\u00e8res par exemple. Enti\u00e8rement cr\u00e9\u00e9e en polycoton, elle assure \u00e0 la fois l\u00e9g\u00e8ret\u00e9 et confort, le tout avec une tr\u00e8s bonne r\u00e9sistance \u00e0 l\u2019usure quotidienne. Enfin, un total de trois poches permet au professionnel de garder \u00e0 sa port\u00e9e les outils n\u00e9cessaires \u00e0 la pratique de son activit\u00e9.\" \/>\n<meta name=\"robots\" content=\"index, follow, max-snippet:-1, max-image-preview:large, max-video-preview:-1\" \/>\n<link rel=\"canonical\" href=\"https:\/\/uniformeplus.tn\/index.php\/product\/blouse-medicale\/\" \/>\n<meta property=\"og:locale\" content=\"fr_FR\" \/>\n<meta property=\"og:type\" content=\"article\" \/>\n<meta property=\"og:title\" content=\"Blouse m\u00e9dicale\" \/>\n<meta property=\"og:description\" content=\"Une blouse id\u00e9ale pour affirmer son originalit\u00e9 tout en respectant les codes vestimentaires des disciplines du m\u00e9dical. En effet, \u00e0 l\u2019heure de la personnalisation, il est possible de conserver une coupe classique tout en distinguant sa tenue. Avec son col rond et sa fermeture asym\u00e9trique, cette blouse m\u00e9dicale est id\u00e9ale pour les infirmi\u00e8res par exemple. Enti\u00e8rement cr\u00e9\u00e9e en polycoton, elle assure \u00e0 la fois l\u00e9g\u00e8ret\u00e9 et confort, le tout avec une tr\u00e8s bonne r\u00e9sistance \u00e0 l\u2019usure quotidienne. Enfin, un total de trois poches permet au professionnel de garder \u00e0 sa port\u00e9e les outils n\u00e9cessaires \u00e0 la pratique de son activit\u00e9.\" \/>\n<meta property=\"og:url\" content=\"https:\/\/uniformeplus.tn\/index.php\/product\/blouse-medicale\/\" \/>\n<meta property=\"og:site_name\" content=\"uniformeplus - V\u00eatements de travail\" \/>\n<meta property=\"article:publisher\" content=\"https:\/\/www.facebook.com\/uniforconfection.uniformeplus\" \/>\n<meta property=\"article:modified_time\" content=\"2025-05-05T15:57:20+00:00\" \/>\n<meta property=\"og:image\" content=\"https:\/\/uniformeplus.tn\/wp-content\/uploads\/2020\/10\/blouse-medicale-bleu-ciel.jpg\" \/>\n\t<meta property=\"og:image:width\" content=\"800\" \/>\n\t<meta property=\"og:image:height\" content=\"800\" \/>\n\t<meta property=\"og:image:type\" content=\"image\/jpeg\" \/>\n<meta name=\"twitter:card\" content=\"summary_large_image\" \/>\n<meta name=\"twitter:label1\" content=\"Prix\" \/>\n\t<meta name=\"twitter:data1\" content=\"34.000&#x62f;.&#x62a;\" \/>\n\t<meta name=\"twitter:label2\" content=\"Disponibilit\u00e9\" \/>\n\t<meta name=\"twitter:data2\" content=\"En stock\" \/>\n<script type=\"application\/ld+json\" class=\"yoast-schema-graph\">{\"@context\":\"https:\/\/schema.org\",\"@graph\":[{\"@type\":\"WebPage\",\"@id\":\"https:\/\/uniformeplus.tn\/index.php\/product\/blouse-medicale\/\",\"url\":\"https:\/\/uniformeplus.tn\/index.php\/product\/blouse-medicale\/\",\"name\":\"Blouse m\u00e9dicale - uniformeplus - V\u00eatements de travail\",\"isPartOf\":{\"@id\":\"https:\/\/uniformeplus.tn\/#website\"},\"primaryImageOfPage\":{\"@id\":\"https:\/\/uniformeplus.tn\/index.php\/product\/blouse-medicale\/#primaryimage\"},\"image\":{\"@id\":\"https:\/\/uniformeplus.tn\/index.php\/product\/blouse-medicale\/#primaryimage\"},\"thumbnailUrl\":\"https:\/\/uniformeplus.tn\/wp-content\/uploads\/2020\/10\/blouse-medicale-bleu-ciel.jpg\",\"datePublished\":\"2020-10-27T07:58:58+00:00\",\"dateModified\":\"2025-05-05T15:57:20+00:00\",\"description\":\"Une blouse id\u00e9ale pour affirmer son originalit\u00e9 tout en respectant les codes vestimentaires des disciplines du m\u00e9dical. En effet, \u00e0 l\u2019heure de la personnalisation, il est possible de conserver une coupe classique tout en distinguant sa tenue. Avec son col rond et sa fermeture asym\u00e9trique, cette blouse m\u00e9dicale est id\u00e9ale pour les infirmi\u00e8res par exemple. Enti\u00e8rement cr\u00e9\u00e9e en polycoton, elle assure \u00e0 la fois l\u00e9g\u00e8ret\u00e9 et confort, le tout avec une tr\u00e8s bonne r\u00e9sistance \u00e0 l\u2019usure quotidienne. Enfin, un total de trois poches permet au professionnel de garder \u00e0 sa port\u00e9e les outils n\u00e9cessaires \u00e0 la pratique de son activit\u00e9.\",\"breadcrumb\":{\"@id\":\"https:\/\/uniformeplus.tn\/index.php\/product\/blouse-medicale\/#breadcrumb\"},\"inLanguage\":\"fr-FR\",\"potentialAction\":[{\"@type\":\"ReadAction\",\"target\":[\"https:\/\/uniformeplus.tn\/index.php\/product\/blouse-medicale\/\"]}]},{\"@type\":\"ImageObject\",\"inLanguage\":\"fr-FR\",\"@id\":\"https:\/\/uniformeplus.tn\/index.php\/product\/blouse-medicale\/#primaryimage\",\"url\":\"https:\/\/uniformeplus.tn\/wp-content\/uploads\/2020\/10\/blouse-medicale-bleu-ciel.jpg\",\"contentUrl\":\"https:\/\/uniformeplus.tn\/wp-content\/uploads\/2020\/10\/blouse-medicale-bleu-ciel.jpg\",\"width\":800,\"height\":800,\"caption\":\"blouse-medicale\"},{\"@type\":\"BreadcrumbList\",\"@id\":\"https:\/\/uniformeplus.tn\/index.php\/product\/blouse-medicale\/#breadcrumb\",\"itemListElement\":[{\"@type\":\"ListItem\",\"position\":1,\"name\":\"Accueil\",\"item\":\"https:\/\/uniformeplus.tn\/\"},{\"@type\":\"ListItem\",\"position\":2,\"name\":\"Shop\",\"item\":\"https:\/\/uniformeplus.tn\/index.php\/shop-2\/\"},{\"@type\":\"ListItem\",\"position\":3,\"name\":\"M\u00c9TIERS\",\"item\":\"https:\/\/uniformeplus.tn\/index.php\/product-category\/metiers\/\"},{\"@type\":\"ListItem\",\"position\":4,\"name\":\"M\u00c9DICALES \/ BIEN-\u00caTRE\",\"item\":\"https:\/\/uniformeplus.tn\/index.php\/product-category\/metiers\/medicales-bien-etre\/\"},{\"@type\":\"ListItem\",\"position\":5,\"name\":\"BEAUT\u00c9 - BIEN \u00caTRE\",\"item\":\"https:\/\/uniformeplus.tn\/index.php\/product-category\/metiers\/medicales-bien-etre\/beaute-bien-etre\/\"},{\"@type\":\"ListItem\",\"position\":6,\"name\":\"Blouse m\u00e9dicale\"}]},{\"@type\":\"WebSite\",\"@id\":\"https:\/\/uniformeplus.tn\/#website\",\"url\":\"https:\/\/uniformeplus.tn\/\",\"name\":\"uniformeplus\",\"description\":\"v\u00eatement de travail Tunisie\",\"publisher\":{\"@id\":\"https:\/\/uniformeplus.tn\/#organization\"},\"alternateName\":\"tenue de travail en tunisie\",\"potentialAction\":[{\"@type\":\"SearchAction\",\"target\":{\"@type\":\"EntryPoint\",\"urlTemplate\":\"https:\/\/uniformeplus.tn\/?s={search_term_string}\"},\"query-input\":{\"@type\":\"PropertyValueSpecification\",\"valueRequired\":true,\"valueName\":\"search_term_string\"}}],\"inLanguage\":\"fr-FR\"},{\"@type\":\"Organization\",\"@id\":\"https:\/\/uniformeplus.tn\/#organization\",\"name\":\"tenue de travail\",\"url\":\"https:\/\/uniformeplus.tn\/\",\"logo\":{\"@type\":\"ImageObject\",\"inLanguage\":\"fr-FR\",\"@id\":\"https:\/\/uniformeplus.tn\/#\/schema\/logo\/image\/\",\"url\":\"https:\/\/uniformeplus.tn\/wp-content\/uploads\/2021\/01\/logo.png\",\"contentUrl\":\"https:\/\/uniformeplus.tn\/wp-content\/uploads\/2021\/01\/logo.png\",\"width\":112,\"height\":112,\"caption\":\"tenue de travail\"},\"image\":{\"@id\":\"https:\/\/uniformeplus.tn\/#\/schema\/logo\/image\/\"},\"sameAs\":[\"https:\/\/www.facebook.com\/uniforconfection.uniformeplus\"],\"hasMerchantReturnPolicy\":{\"@type\":\"MerchantReturnPolicy\",\"merchantReturnLink\":\"https:\/\/uniformeplus.tn\/index.php\/politique-de-retour\/\"}}]}<\/script>\n<meta property=\"product:price:amount\" content=\"34.000\" \/>\n<meta property=\"product:price:currency\" content=\"TND\" \/>\n<meta property=\"og:availability\" content=\"instock\" \/>\n<meta property=\"product:availability\" content=\"instock\" \/>\n<meta property=\"product:condition\" content=\"new\" \/>\n<!-- \/ Yoast SEO Premium plugin. -->","yoast_head_json":{"title":"Blouse m\u00e9dicale - uniformeplus - V\u00eatements de travail","description":"Une blouse id\u00e9ale pour affirmer son originalit\u00e9 tout en respectant les codes vestimentaires des disciplines du m\u00e9dical. En effet, \u00e0 l\u2019heure de la personnalisation, il est possible de conserver une coupe classique tout en distinguant sa tenue. Avec son col rond et sa fermeture asym\u00e9trique, cette blouse m\u00e9dicale est id\u00e9ale pour les infirmi\u00e8res par exemple. Enti\u00e8rement cr\u00e9\u00e9e en polycoton, elle assure \u00e0 la fois l\u00e9g\u00e8ret\u00e9 et confort, le tout avec une tr\u00e8s bonne r\u00e9sistance \u00e0 l\u2019usure quotidienne. Enfin, un total de trois poches permet au professionnel de garder \u00e0 sa port\u00e9e les outils n\u00e9cessaires \u00e0 la pratique de son activit\u00e9.","robots":{"index":"index","follow":"follow","max-snippet":"max-snippet:-1","max-image-preview":"max-image-preview:large","max-video-preview":"max-video-preview:-1"},"canonical":"https:\/\/uniformeplus.tn\/index.php\/product\/blouse-medicale\/","og_locale":"fr_FR","og_type":"article","og_title":"Blouse m\u00e9dicale","og_description":"Une blouse id\u00e9ale pour affirmer son originalit\u00e9 tout en respectant les codes vestimentaires des disciplines du m\u00e9dical. En effet, \u00e0 l\u2019heure de la personnalisation, il est possible de conserver une coupe classique tout en distinguant sa tenue. Avec son col rond et sa fermeture asym\u00e9trique, cette blouse m\u00e9dicale est id\u00e9ale pour les infirmi\u00e8res par exemple. Enti\u00e8rement cr\u00e9\u00e9e en polycoton, elle assure \u00e0 la fois l\u00e9g\u00e8ret\u00e9 et confort, le tout avec une tr\u00e8s bonne r\u00e9sistance \u00e0 l\u2019usure quotidienne. Enfin, un total de trois poches permet au professionnel de garder \u00e0 sa port\u00e9e les outils n\u00e9cessaires \u00e0 la pratique de son activit\u00e9.","og_url":"https:\/\/uniformeplus.tn\/index.php\/product\/blouse-medicale\/","og_site_name":"uniformeplus - V\u00eatements de travail","article_publisher":"https:\/\/www.facebook.com\/uniforconfection.uniformeplus","article_modified_time":"2025-05-05T15:57:20+00:00","og_image":[{"width":800,"height":800,"url":"https:\/\/uniformeplus.tn\/wp-content\/uploads\/2020\/10\/blouse-medicale-bleu-ciel.jpg","type":"image\/jpeg"}],"twitter_card":"summary_large_image","twitter_misc":{"Prix":"34.000&#x62f;.&#x62a;","Disponibilit\u00e9":"En stock"},"schema":{"@context":"https:\/\/schema.org","@graph":[{"@type":"WebPage","@id":"https:\/\/uniformeplus.tn\/index.php\/product\/blouse-medicale\/","url":"https:\/\/uniformeplus.tn\/index.php\/product\/blouse-medicale\/","name":"Blouse m\u00e9dicale - uniformeplus - V\u00eatements de travail","isPartOf":{"@id":"https:\/\/uniformeplus.tn\/#website"},"primaryImageOfPage":{"@id":"https:\/\/uniformeplus.tn\/index.php\/product\/blouse-medicale\/#primaryimage"},"image":{"@id":"https:\/\/uniformeplus.tn\/index.php\/product\/blouse-medicale\/#primaryimage"},"thumbnailUrl":"https:\/\/uniformeplus.tn\/wp-content\/uploads\/2020\/10\/blouse-medicale-bleu-ciel.jpg","datePublished":"2020-10-27T07:58:58+00:00","dateModified":"2025-05-05T15:57:20+00:00","description":"Une blouse id\u00e9ale pour affirmer son originalit\u00e9 tout en respectant les codes vestimentaires des disciplines du m\u00e9dical. En effet, \u00e0 l\u2019heure de la personnalisation, il est possible de conserver une coupe classique tout en distinguant sa tenue. Avec son col rond et sa fermeture asym\u00e9trique, cette blouse m\u00e9dicale est id\u00e9ale pour les infirmi\u00e8res par exemple. Enti\u00e8rement cr\u00e9\u00e9e en polycoton, elle assure \u00e0 la fois l\u00e9g\u00e8ret\u00e9 et confort, le tout avec une tr\u00e8s bonne r\u00e9sistance \u00e0 l\u2019usure quotidienne. Enfin, un total de trois poches permet au professionnel de garder \u00e0 sa port\u00e9e les outils n\u00e9cessaires \u00e0 la pratique de son activit\u00e9.","breadcrumb":{"@id":"https:\/\/uniformeplus.tn\/index.php\/product\/blouse-medicale\/#breadcrumb"},"inLanguage":"fr-FR","potentialAction":[{"@type":"ReadAction","target":["https:\/\/uniformeplus.tn\/index.php\/product\/blouse-medicale\/"]}]},{"@type":"ImageObject","inLanguage":"fr-FR","@id":"https:\/\/uniformeplus.tn\/index.php\/product\/blouse-medicale\/#primaryimage","url":"https:\/\/uniformeplus.tn\/wp-content\/uploads\/2020\/10\/blouse-medicale-bleu-ciel.jpg","contentUrl":"https:\/\/uniformeplus.tn\/wp-content\/uploads\/2020\/10\/blouse-medicale-bleu-ciel.jpg","width":800,"height":800,"caption":"blouse-medicale"},{"@type":"BreadcrumbList","@id":"https:\/\/uniformeplus.tn\/index.php\/product\/blouse-medicale\/#breadcrumb","itemListElement":[{"@type":"ListItem","position":1,"name":"Accueil","item":"https:\/\/uniformeplus.tn\/"},{"@type":"ListItem","position":2,"name":"Shop","item":"https:\/\/uniformeplus.tn\/index.php\/shop-2\/"},{"@type":"ListItem","position":3,"name":"M\u00c9TIERS","item":"https:\/\/uniformeplus.tn\/index.php\/product-category\/metiers\/"},{"@type":"ListItem","position":4,"name":"M\u00c9DICALES \/ BIEN-\u00caTRE","item":"https:\/\/uniformeplus.tn\/index.php\/product-category\/metiers\/medicales-bien-etre\/"},{"@type":"ListItem","position":5,"name":"BEAUT\u00c9 - BIEN \u00caTRE","item":"https:\/\/uniformeplus.tn\/index.php\/product-category\/metiers\/medicales-bien-etre\/beaute-bien-etre\/"},{"@type":"ListItem","position":6,"name":"Blouse m\u00e9dicale"}]},{"@type":"WebSite","@id":"https:\/\/uniformeplus.tn\/#website","url":"https:\/\/uniformeplus.tn\/","name":"uniformeplus","description":"v\u00eatement de travail Tunisie","publisher":{"@id":"https:\/\/uniformeplus.tn\/#organization"},"alternateName":"tenue de travail en tunisie","potentialAction":[{"@type":"SearchAction","target":{"@type":"EntryPoint","urlTemplate":"https:\/\/uniformeplus.tn\/?s={search_term_string}"},"query-input":{"@type":"PropertyValueSpecification","valueRequired":true,"valueName":"search_term_string"}}],"inLanguage":"fr-FR"},{"@type":"Organization","@id":"https:\/\/uniformeplus.tn\/#organization","name":"tenue de travail","url":"https:\/\/uniformeplus.tn\/","logo":{"@type":"ImageObject","inLanguage":"fr-FR","@id":"https:\/\/uniformeplus.tn\/#\/schema\/logo\/image\/","url":"https:\/\/uniformeplus.tn\/wp-content\/uploads\/2021\/01\/logo.png","contentUrl":"https:\/\/uniformeplus.tn\/wp-content\/uploads\/2021\/01\/logo.png","width":112,"height":112,"caption":"tenue de travail"},"image":{"@id":"https:\/\/uniformeplus.tn\/#\/schema\/logo\/image\/"},"sameAs":["https:\/\/www.facebook.com\/uniforconfection.uniformeplus"],"hasMerchantReturnPolicy":{"@type":"MerchantReturnPolicy","merchantReturnLink":"https:\/\/uniformeplus.tn\/index.php\/politique-de-retour\/"}}]},"product_price_amount":"34.000","product_price_currency":"TND","og_availability":"instock","product_availability":"instock","product_condition":"new"},"_links":{"self":[{"href":"https:\/\/uniformeplus.tn\/index.php\/wp-json\/wp\/v2\/product\/13485","targetHints":{"allow":["GET"]}}],"collection":[{"href":"https:\/\/uniformeplus.tn\/index.php\/wp-json\/wp\/v2\/product"}],"about":[{"href":"https:\/\/uniformeplus.tn\/index.php\/wp-json\/wp\/v2\/types\/product"}],"replies":[{"embeddable":true,"href":"https:\/\/uniformeplus.tn\/index.php\/wp-json\/wp\/v2\/comments?post=13485"}],"wp:featuredmedia":[{"embeddable":true,"href":"https:\/\/uniformeplus.tn\/index.php\/wp-json\/wp\/v2\/media\/13488"}],"wp:attachment":[{"href":"https:\/\/uniformeplus.tn\/index.php\/wp-json\/wp\/v2\/media?parent=13485"}],"wp:term":[{"taxonomy":"product_brand","embeddable":true,"href":"https:\/\/uniformeplus.tn\/index.php\/wp-json\/wp\/v2\/product_brand?post=13485"},{"taxonomy":"product_cat","embeddable":true,"href":"https:\/\/uniformeplus.tn\/index.php\/wp-json\/wp\/v2\/product_cat?post=13485"},{"taxonomy":"product_tag","embeddable":true,"href":"https:\/\/uniformeplus.tn\/index.php\/wp-json\/wp\/v2\/product_tag?post=13485"}],"curies":[{"name":"wp","href":"https:\/\/api.w.org\/{rel}","templated":true}]}}