{"id":13503,"date":"2020-10-27T15:57:19","date_gmt":"2020-10-27T14:57:19","guid":{"rendered":"http:\/\/uniformeplus.tn\/?post_type=product&#038;p=13503"},"modified":"2025-05-05T17:58:16","modified_gmt":"2025-05-05T15:58:16","slug":"blouse-medicale-blanche","status":"publish","type":"product","link":"https:\/\/uniformeplus.tn\/index.php\/product\/blouse-medicale-blanche\/","title":{"rendered":"Blouse m\u00e9dicale blanche"},"content":{"rendered":"<p>Disponible en manches courtes comme en manches longues, cette blouse m\u00e9dicale est parfaite pour les professionnels de la sant\u00e9. En effet, ses forces sont son design \u00e9pur\u00e9 et son confort : dot\u00e9e d\u2019une coupe cintr\u00e9e \u00e0 la taille, elle sied parfaitement aux femmes en apportant une touche de personnalisation et d\u2019esth\u00e9tisme. De plus, le coton \u00e9tant une mati\u00e8re tr\u00e8s r\u00e9sistante, cette blouse sait r\u00e9pondre aux utilisations quotidiennes et assure un confort incomparable au port. L\u00e9g\u00e8re et souple, elle n\u2019en est pas moins pratique : avec une poche stylo au niveau de l\u2019une des manches et deux poches basses, elle permet une utilisation pragmatique.<\/p>\n<p><img decoding=\"async\" class=\"aligncenter size-full wp-image-13504\" src=\"http:\/\/uniformeplus.tn\/wp-content\/uploads\/2020\/10\/fichetechnike4.png\" alt=\"\" width=\"1320\" height=\"388\" srcset=\"https:\/\/uniformeplus.tn\/wp-content\/uploads\/2020\/10\/fichetechnike4.png 1320w, https:\/\/uniformeplus.tn\/wp-content\/uploads\/2020\/10\/fichetechnike4-600x176.png 600w, https:\/\/uniformeplus.tn\/wp-content\/uploads\/2020\/10\/fichetechnike4-300x88.png 300w, https:\/\/uniformeplus.tn\/wp-content\/uploads\/2020\/10\/fichetechnike4-1024x301.png 1024w, https:\/\/uniformeplus.tn\/wp-content\/uploads\/2020\/10\/fichetechnike4-768x226.png 768w\" sizes=\"(max-width: 1320px) 100vw, 1320px\" \/><\/p>\n","protected":false},"excerpt":{"rendered":"<p>Disponible en manches courtes comme en manches longues, cette blouse m\u00e9dicale est parfaite pour les professionnels de la sant\u00e9. En effet, ses forces sont son design \u00e9pur\u00e9 et son confort : dot\u00e9e d\u2019une coupe cintr\u00e9e \u00e0 la taille, elle sied parfaitement aux femmes en apportant une touche de personnalisation et d\u2019esth\u00e9tisme. De plus, le coton \u00e9tant une mati\u00e8re tr\u00e8s r\u00e9sistante, cette blouse sait r\u00e9pondre aux utilisations quotidiennes et assure un confort incomparable au port. L\u00e9g\u00e8re et souple, elle n\u2019en est pas moins pratique : avec une poche stylo au niveau de l\u2019une des manches et deux poches basses, elle permet une utilisation pragmatique.<\/p>\n","protected":false},"featured_media":13505,"comment_status":"open","ping_status":"closed","template":"","meta":{"_acf_changed":false},"product_brand":[],"product_cat":[242,241,239],"product_tag":[],"class_list":{"0":"post-13503","1":"product","2":"type-product","3":"status-publish","4":"has-post-thumbnail","6":"product_cat-beaute-bien-etre","7":"product_cat-medical-paramedical","8":"product_cat-medicales-bien-etre","10":"first","11":"instock","12":"taxable","13":"shipping-taxable","14":"purchasable","15":"product-type-simple"},"acf":[],"yoast_head":"<!-- This site is optimized with the Yoast SEO Premium plugin v26.3 (Yoast SEO v26.3) - https:\/\/yoast.com\/wordpress\/plugins\/seo\/ -->\n<title>Blouse m\u00e9dicale blanche - uniformeplus - V\u00eatements de travail<\/title>\n<meta name=\"description\" content=\"Disponible en manches courtes comme en manches longues, cette blouse m\u00e9dicale est parfaite pour les professionnels de la sant\u00e9. En effet, ses forces sont son design \u00e9pur\u00e9 et son confort : dot\u00e9e d\u2019une coupe cintr\u00e9e \u00e0 la taille, elle sied parfaitement aux femmes en apportant une touche de personnalisation et d\u2019esth\u00e9tisme. De plus, le coton \u00e9tant une mati\u00e8re tr\u00e8s r\u00e9sistante, cette blouse sait r\u00e9pondre aux utilisations quotidiennes et assure un confort incomparable au port. L\u00e9g\u00e8re et souple, elle n\u2019en est pas moins pratique : avec une poche stylo au niveau de l\u2019une des manches et deux poches basses, elle permet une utilisation pragmatique.\" \/>\n<meta name=\"robots\" content=\"index, follow, max-snippet:-1, max-image-preview:large, max-video-preview:-1\" \/>\n<link rel=\"canonical\" href=\"https:\/\/uniformeplus.tn\/index.php\/product\/blouse-medicale-blanche\/\" \/>\n<meta property=\"og:locale\" content=\"fr_FR\" \/>\n<meta property=\"og:type\" content=\"article\" \/>\n<meta property=\"og:title\" content=\"Blouse m\u00e9dicale blanche\" \/>\n<meta property=\"og:description\" content=\"Disponible en manches courtes comme en manches longues, cette blouse m\u00e9dicale est parfaite pour les professionnels de la sant\u00e9. En effet, ses forces sont son design \u00e9pur\u00e9 et son confort : dot\u00e9e d\u2019une coupe cintr\u00e9e \u00e0 la taille, elle sied parfaitement aux femmes en apportant une touche de personnalisation et d\u2019esth\u00e9tisme. De plus, le coton \u00e9tant une mati\u00e8re tr\u00e8s r\u00e9sistante, cette blouse sait r\u00e9pondre aux utilisations quotidiennes et assure un confort incomparable au port. L\u00e9g\u00e8re et souple, elle n\u2019en est pas moins pratique : avec une poche stylo au niveau de l\u2019une des manches et deux poches basses, elle permet une utilisation pragmatique.\" \/>\n<meta property=\"og:url\" content=\"https:\/\/uniformeplus.tn\/index.php\/product\/blouse-medicale-blanche\/\" \/>\n<meta property=\"og:site_name\" content=\"uniformeplus - V\u00eatements de travail\" \/>\n<meta property=\"article:publisher\" content=\"https:\/\/www.facebook.com\/uniforconfection.uniformeplus\" \/>\n<meta property=\"article:modified_time\" content=\"2025-05-05T15:58:16+00:00\" \/>\n<meta property=\"og:image\" content=\"https:\/\/uniformeplus.tn\/wp-content\/uploads\/2020\/10\/blouse-medicale-blanche-coton-1.jpg\" \/>\n\t<meta property=\"og:image:width\" content=\"800\" \/>\n\t<meta property=\"og:image:height\" content=\"800\" \/>\n\t<meta property=\"og:image:type\" content=\"image\/jpeg\" \/>\n<meta name=\"twitter:card\" content=\"summary_large_image\" \/>\n<meta name=\"twitter:label1\" content=\"Prix\" \/>\n\t<meta name=\"twitter:data1\" content=\"34.000&#x62f;.&#x62a;\" \/>\n\t<meta name=\"twitter:label2\" content=\"Disponibilit\u00e9\" \/>\n\t<meta name=\"twitter:data2\" content=\"En stock\" \/>\n<script type=\"application\/ld+json\" class=\"yoast-schema-graph\">{\"@context\":\"https:\/\/schema.org\",\"@graph\":[{\"@type\":\"WebPage\",\"@id\":\"https:\/\/uniformeplus.tn\/index.php\/product\/blouse-medicale-blanche\/\",\"url\":\"https:\/\/uniformeplus.tn\/index.php\/product\/blouse-medicale-blanche\/\",\"name\":\"Blouse m\u00e9dicale blanche - uniformeplus - V\u00eatements de travail\",\"isPartOf\":{\"@id\":\"https:\/\/uniformeplus.tn\/#website\"},\"primaryImageOfPage\":{\"@id\":\"https:\/\/uniformeplus.tn\/index.php\/product\/blouse-medicale-blanche\/#primaryimage\"},\"image\":{\"@id\":\"https:\/\/uniformeplus.tn\/index.php\/product\/blouse-medicale-blanche\/#primaryimage\"},\"thumbnailUrl\":\"https:\/\/uniformeplus.tn\/wp-content\/uploads\/2020\/10\/blouse-medicale-blanche-coton-1.jpg\",\"datePublished\":\"2020-10-27T14:57:19+00:00\",\"dateModified\":\"2025-05-05T15:58:16+00:00\",\"description\":\"Disponible en manches courtes comme en manches longues, cette blouse m\u00e9dicale est parfaite pour les professionnels de la sant\u00e9. En effet, ses forces sont son design \u00e9pur\u00e9 et son confort : dot\u00e9e d\u2019une coupe cintr\u00e9e \u00e0 la taille, elle sied parfaitement aux femmes en apportant une touche de personnalisation et d\u2019esth\u00e9tisme. De plus, le coton \u00e9tant une mati\u00e8re tr\u00e8s r\u00e9sistante, cette blouse sait r\u00e9pondre aux utilisations quotidiennes et assure un confort incomparable au port. L\u00e9g\u00e8re et souple, elle n\u2019en est pas moins pratique : avec une poche stylo au niveau de l\u2019une des manches et deux poches basses, elle permet une utilisation pragmatique.\",\"breadcrumb\":{\"@id\":\"https:\/\/uniformeplus.tn\/index.php\/product\/blouse-medicale-blanche\/#breadcrumb\"},\"inLanguage\":\"fr-FR\",\"potentialAction\":[{\"@type\":\"ReadAction\",\"target\":[\"https:\/\/uniformeplus.tn\/index.php\/product\/blouse-medicale-blanche\/\"]}]},{\"@type\":\"ImageObject\",\"inLanguage\":\"fr-FR\",\"@id\":\"https:\/\/uniformeplus.tn\/index.php\/product\/blouse-medicale-blanche\/#primaryimage\",\"url\":\"https:\/\/uniformeplus.tn\/wp-content\/uploads\/2020\/10\/blouse-medicale-blanche-coton-1.jpg\",\"contentUrl\":\"https:\/\/uniformeplus.tn\/wp-content\/uploads\/2020\/10\/blouse-medicale-blanche-coton-1.jpg\",\"width\":800,\"height\":800,\"caption\":\"blouse-medicale-blanche-coton\"},{\"@type\":\"BreadcrumbList\",\"@id\":\"https:\/\/uniformeplus.tn\/index.php\/product\/blouse-medicale-blanche\/#breadcrumb\",\"itemListElement\":[{\"@type\":\"ListItem\",\"position\":1,\"name\":\"Accueil\",\"item\":\"https:\/\/uniformeplus.tn\/\"},{\"@type\":\"ListItem\",\"position\":2,\"name\":\"Shop\",\"item\":\"https:\/\/uniformeplus.tn\/index.php\/shop-2\/\"},{\"@type\":\"ListItem\",\"position\":3,\"name\":\"M\u00c9TIERS\",\"item\":\"https:\/\/uniformeplus.tn\/index.php\/product-category\/metiers\/\"},{\"@type\":\"ListItem\",\"position\":4,\"name\":\"M\u00c9DICALES \/ BIEN-\u00caTRE\",\"item\":\"https:\/\/uniformeplus.tn\/index.php\/product-category\/metiers\/medicales-bien-etre\/\"},{\"@type\":\"ListItem\",\"position\":5,\"name\":\"BEAUT\u00c9 - BIEN \u00caTRE\",\"item\":\"https:\/\/uniformeplus.tn\/index.php\/product-category\/metiers\/medicales-bien-etre\/beaute-bien-etre\/\"},{\"@type\":\"ListItem\",\"position\":6,\"name\":\"Blouse m\u00e9dicale blanche\"}]},{\"@type\":\"WebSite\",\"@id\":\"https:\/\/uniformeplus.tn\/#website\",\"url\":\"https:\/\/uniformeplus.tn\/\",\"name\":\"uniformeplus\",\"description\":\"v\u00eatement de travail Tunisie\",\"publisher\":{\"@id\":\"https:\/\/uniformeplus.tn\/#organization\"},\"alternateName\":\"tenue de travail en tunisie\",\"potentialAction\":[{\"@type\":\"SearchAction\",\"target\":{\"@type\":\"EntryPoint\",\"urlTemplate\":\"https:\/\/uniformeplus.tn\/?s={search_term_string}\"},\"query-input\":{\"@type\":\"PropertyValueSpecification\",\"valueRequired\":true,\"valueName\":\"search_term_string\"}}],\"inLanguage\":\"fr-FR\"},{\"@type\":\"Organization\",\"@id\":\"https:\/\/uniformeplus.tn\/#organization\",\"name\":\"tenue de travail\",\"url\":\"https:\/\/uniformeplus.tn\/\",\"logo\":{\"@type\":\"ImageObject\",\"inLanguage\":\"fr-FR\",\"@id\":\"https:\/\/uniformeplus.tn\/#\/schema\/logo\/image\/\",\"url\":\"https:\/\/uniformeplus.tn\/wp-content\/uploads\/2021\/01\/logo.png\",\"contentUrl\":\"https:\/\/uniformeplus.tn\/wp-content\/uploads\/2021\/01\/logo.png\",\"width\":112,\"height\":112,\"caption\":\"tenue de travail\"},\"image\":{\"@id\":\"https:\/\/uniformeplus.tn\/#\/schema\/logo\/image\/\"},\"sameAs\":[\"https:\/\/www.facebook.com\/uniforconfection.uniformeplus\"],\"hasMerchantReturnPolicy\":{\"@type\":\"MerchantReturnPolicy\",\"merchantReturnLink\":\"https:\/\/uniformeplus.tn\/index.php\/politique-de-retour\/\"}}]}<\/script>\n<meta property=\"product:price:amount\" content=\"34.000\" \/>\n<meta property=\"product:price:currency\" content=\"TND\" \/>\n<meta property=\"og:availability\" content=\"instock\" \/>\n<meta property=\"product:availability\" content=\"instock\" \/>\n<meta property=\"product:condition\" content=\"new\" \/>\n<!-- \/ Yoast SEO Premium plugin. -->","yoast_head_json":{"title":"Blouse m\u00e9dicale blanche - uniformeplus - V\u00eatements de travail","description":"Disponible en manches courtes comme en manches longues, cette blouse m\u00e9dicale est parfaite pour les professionnels de la sant\u00e9. En effet, ses forces sont son design \u00e9pur\u00e9 et son confort : dot\u00e9e d\u2019une coupe cintr\u00e9e \u00e0 la taille, elle sied parfaitement aux femmes en apportant une touche de personnalisation et d\u2019esth\u00e9tisme. De plus, le coton \u00e9tant une mati\u00e8re tr\u00e8s r\u00e9sistante, cette blouse sait r\u00e9pondre aux utilisations quotidiennes et assure un confort incomparable au port. L\u00e9g\u00e8re et souple, elle n\u2019en est pas moins pratique : avec une poche stylo au niveau de l\u2019une des manches et deux poches basses, elle permet une utilisation pragmatique.","robots":{"index":"index","follow":"follow","max-snippet":"max-snippet:-1","max-image-preview":"max-image-preview:large","max-video-preview":"max-video-preview:-1"},"canonical":"https:\/\/uniformeplus.tn\/index.php\/product\/blouse-medicale-blanche\/","og_locale":"fr_FR","og_type":"article","og_title":"Blouse m\u00e9dicale blanche","og_description":"Disponible en manches courtes comme en manches longues, cette blouse m\u00e9dicale est parfaite pour les professionnels de la sant\u00e9. En effet, ses forces sont son design \u00e9pur\u00e9 et son confort : dot\u00e9e d\u2019une coupe cintr\u00e9e \u00e0 la taille, elle sied parfaitement aux femmes en apportant une touche de personnalisation et d\u2019esth\u00e9tisme. De plus, le coton \u00e9tant une mati\u00e8re tr\u00e8s r\u00e9sistante, cette blouse sait r\u00e9pondre aux utilisations quotidiennes et assure un confort incomparable au port. L\u00e9g\u00e8re et souple, elle n\u2019en est pas moins pratique : avec une poche stylo au niveau de l\u2019une des manches et deux poches basses, elle permet une utilisation pragmatique.","og_url":"https:\/\/uniformeplus.tn\/index.php\/product\/blouse-medicale-blanche\/","og_site_name":"uniformeplus - V\u00eatements de travail","article_publisher":"https:\/\/www.facebook.com\/uniforconfection.uniformeplus","article_modified_time":"2025-05-05T15:58:16+00:00","og_image":[{"width":800,"height":800,"url":"https:\/\/uniformeplus.tn\/wp-content\/uploads\/2020\/10\/blouse-medicale-blanche-coton-1.jpg","type":"image\/jpeg"}],"twitter_card":"summary_large_image","twitter_misc":{"Prix":"34.000&#x62f;.&#x62a;","Disponibilit\u00e9":"En stock"},"schema":{"@context":"https:\/\/schema.org","@graph":[{"@type":"WebPage","@id":"https:\/\/uniformeplus.tn\/index.php\/product\/blouse-medicale-blanche\/","url":"https:\/\/uniformeplus.tn\/index.php\/product\/blouse-medicale-blanche\/","name":"Blouse m\u00e9dicale blanche - uniformeplus - V\u00eatements de travail","isPartOf":{"@id":"https:\/\/uniformeplus.tn\/#website"},"primaryImageOfPage":{"@id":"https:\/\/uniformeplus.tn\/index.php\/product\/blouse-medicale-blanche\/#primaryimage"},"image":{"@id":"https:\/\/uniformeplus.tn\/index.php\/product\/blouse-medicale-blanche\/#primaryimage"},"thumbnailUrl":"https:\/\/uniformeplus.tn\/wp-content\/uploads\/2020\/10\/blouse-medicale-blanche-coton-1.jpg","datePublished":"2020-10-27T14:57:19+00:00","dateModified":"2025-05-05T15:58:16+00:00","description":"Disponible en manches courtes comme en manches longues, cette blouse m\u00e9dicale est parfaite pour les professionnels de la sant\u00e9. En effet, ses forces sont son design \u00e9pur\u00e9 et son confort : dot\u00e9e d\u2019une coupe cintr\u00e9e \u00e0 la taille, elle sied parfaitement aux femmes en apportant une touche de personnalisation et d\u2019esth\u00e9tisme. De plus, le coton \u00e9tant une mati\u00e8re tr\u00e8s r\u00e9sistante, cette blouse sait r\u00e9pondre aux utilisations quotidiennes et assure un confort incomparable au port. L\u00e9g\u00e8re et souple, elle n\u2019en est pas moins pratique : avec une poche stylo au niveau de l\u2019une des manches et deux poches basses, elle permet une utilisation pragmatique.","breadcrumb":{"@id":"https:\/\/uniformeplus.tn\/index.php\/product\/blouse-medicale-blanche\/#breadcrumb"},"inLanguage":"fr-FR","potentialAction":[{"@type":"ReadAction","target":["https:\/\/uniformeplus.tn\/index.php\/product\/blouse-medicale-blanche\/"]}]},{"@type":"ImageObject","inLanguage":"fr-FR","@id":"https:\/\/uniformeplus.tn\/index.php\/product\/blouse-medicale-blanche\/#primaryimage","url":"https:\/\/uniformeplus.tn\/wp-content\/uploads\/2020\/10\/blouse-medicale-blanche-coton-1.jpg","contentUrl":"https:\/\/uniformeplus.tn\/wp-content\/uploads\/2020\/10\/blouse-medicale-blanche-coton-1.jpg","width":800,"height":800,"caption":"blouse-medicale-blanche-coton"},{"@type":"BreadcrumbList","@id":"https:\/\/uniformeplus.tn\/index.php\/product\/blouse-medicale-blanche\/#breadcrumb","itemListElement":[{"@type":"ListItem","position":1,"name":"Accueil","item":"https:\/\/uniformeplus.tn\/"},{"@type":"ListItem","position":2,"name":"Shop","item":"https:\/\/uniformeplus.tn\/index.php\/shop-2\/"},{"@type":"ListItem","position":3,"name":"M\u00c9TIERS","item":"https:\/\/uniformeplus.tn\/index.php\/product-category\/metiers\/"},{"@type":"ListItem","position":4,"name":"M\u00c9DICALES \/ BIEN-\u00caTRE","item":"https:\/\/uniformeplus.tn\/index.php\/product-category\/metiers\/medicales-bien-etre\/"},{"@type":"ListItem","position":5,"name":"BEAUT\u00c9 - BIEN \u00caTRE","item":"https:\/\/uniformeplus.tn\/index.php\/product-category\/metiers\/medicales-bien-etre\/beaute-bien-etre\/"},{"@type":"ListItem","position":6,"name":"Blouse m\u00e9dicale blanche"}]},{"@type":"WebSite","@id":"https:\/\/uniformeplus.tn\/#website","url":"https:\/\/uniformeplus.tn\/","name":"uniformeplus","description":"v\u00eatement de travail Tunisie","publisher":{"@id":"https:\/\/uniformeplus.tn\/#organization"},"alternateName":"tenue de travail en tunisie","potentialAction":[{"@type":"SearchAction","target":{"@type":"EntryPoint","urlTemplate":"https:\/\/uniformeplus.tn\/?s={search_term_string}"},"query-input":{"@type":"PropertyValueSpecification","valueRequired":true,"valueName":"search_term_string"}}],"inLanguage":"fr-FR"},{"@type":"Organization","@id":"https:\/\/uniformeplus.tn\/#organization","name":"tenue de travail","url":"https:\/\/uniformeplus.tn\/","logo":{"@type":"ImageObject","inLanguage":"fr-FR","@id":"https:\/\/uniformeplus.tn\/#\/schema\/logo\/image\/","url":"https:\/\/uniformeplus.tn\/wp-content\/uploads\/2021\/01\/logo.png","contentUrl":"https:\/\/uniformeplus.tn\/wp-content\/uploads\/2021\/01\/logo.png","width":112,"height":112,"caption":"tenue de travail"},"image":{"@id":"https:\/\/uniformeplus.tn\/#\/schema\/logo\/image\/"},"sameAs":["https:\/\/www.facebook.com\/uniforconfection.uniformeplus"],"hasMerchantReturnPolicy":{"@type":"MerchantReturnPolicy","merchantReturnLink":"https:\/\/uniformeplus.tn\/index.php\/politique-de-retour\/"}}]},"product_price_amount":"34.000","product_price_currency":"TND","og_availability":"instock","product_availability":"instock","product_condition":"new"},"_links":{"self":[{"href":"https:\/\/uniformeplus.tn\/index.php\/wp-json\/wp\/v2\/product\/13503","targetHints":{"allow":["GET"]}}],"collection":[{"href":"https:\/\/uniformeplus.tn\/index.php\/wp-json\/wp\/v2\/product"}],"about":[{"href":"https:\/\/uniformeplus.tn\/index.php\/wp-json\/wp\/v2\/types\/product"}],"replies":[{"embeddable":true,"href":"https:\/\/uniformeplus.tn\/index.php\/wp-json\/wp\/v2\/comments?post=13503"}],"wp:featuredmedia":[{"embeddable":true,"href":"https:\/\/uniformeplus.tn\/index.php\/wp-json\/wp\/v2\/media\/13505"}],"wp:attachment":[{"href":"https:\/\/uniformeplus.tn\/index.php\/wp-json\/wp\/v2\/media?parent=13503"}],"wp:term":[{"taxonomy":"product_brand","embeddable":true,"href":"https:\/\/uniformeplus.tn\/index.php\/wp-json\/wp\/v2\/product_brand?post=13503"},{"taxonomy":"product_cat","embeddable":true,"href":"https:\/\/uniformeplus.tn\/index.php\/wp-json\/wp\/v2\/product_cat?post=13503"},{"taxonomy":"product_tag","embeddable":true,"href":"https:\/\/uniformeplus.tn\/index.php\/wp-json\/wp\/v2\/product_tag?post=13503"}],"curies":[{"name":"wp","href":"https:\/\/api.w.org\/{rel}","templated":true}]}}