{"id":13507,"date":"2020-10-27T16:06:46","date_gmt":"2020-10-27T15:06:46","guid":{"rendered":"http:\/\/uniformeplus.tn\/?post_type=product&#038;p=13507"},"modified":"2025-05-05T17:59:24","modified_gmt":"2025-05-05T15:59:24","slug":"pantalon-de-travail-multi-poches","status":"publish","type":"product","link":"https:\/\/uniformeplus.tn\/index.php\/product\/pantalon-de-travail-multi-poches\/","title":{"rendered":"Pantalon de Travail Multi Poches"},"content":{"rendered":"<h2>Pantalon de Travail Multi Poches<\/h2>\n<p>Ce pantalon de travail\u00a0conviendra parfaitement \u00e0 tous les artisans cherchant un pantalon l\u00e9ger mais surtout tr\u00e8s confortable. Son tissu europ\u00e9en mi coton, mi polyester, est ultra r\u00e9sistant. Il propose une forme droite avec la possibilit\u00e9 d&#8217;ajouter une ceinture (5 passants). Il comprend aussi une braguette \u00e0 boutons pressions avec une fermeture \u00e0 bouton \u00e0 attacher. Il offre une praticit\u00e9 exceptionnelle avec ses 5 grandes poches.\u00a0Ce tissu offre un entretien facile et rapide, avec un passage en machine jusqu&#8217;\u00e0 85\u00b0C.<\/p>\n<ul>\n<li><strong>Coupe<\/strong>\u00a0: Coupe droite<\/li>\n<li><strong>Poches<\/strong> : 5 poches<\/li>\n<\/ul>\n<h2>Confortable et tr\u00e8s pratique<\/h2>\n<p>Le gros avantage de ce pantalon, au del\u00e0 de son rapport qualit\u00e9 prix, c&#8217;est sa multitude de poches essentielles au travail manuel. Elles sont ferm\u00e9es par boutons pour un maximum de s\u00e9curit\u00e9. Ce pantalon de travail, \u00e0 la mati\u00e8re en polycoton, propose un m\u00e9lange entre la force du coton et la souplesse du polyester.<\/p>\n<p><img decoding=\"async\" class=\"aligncenter wp-image-13517\" src=\"http:\/\/uniformeplus.tn\/wp-content\/uploads\/2020\/10\/zoompantalontravail-300x115.jpg\" alt=\"\" width=\"600\" height=\"229\" srcset=\"https:\/\/uniformeplus.tn\/wp-content\/uploads\/2020\/10\/zoompantalontravail-300x115.jpg 300w, https:\/\/uniformeplus.tn\/wp-content\/uploads\/2020\/10\/zoompantalontravail-600x229.jpg 600w, https:\/\/uniformeplus.tn\/wp-content\/uploads\/2020\/10\/zoompantalontravail-768x294.jpg 768w, https:\/\/uniformeplus.tn\/wp-content\/uploads\/2020\/10\/zoompantalontravail.jpg 918w\" sizes=\"(max-width: 600px) 100vw, 600px\" \/><\/p>\n<p><img decoding=\"async\" class=\"aligncenter size-medium wp-image-13519\" src=\"http:\/\/uniformeplus.tn\/wp-content\/uploads\/2020\/10\/fichetechnike5-293x300.jpg\" alt=\"\" width=\"293\" height=\"300\" srcset=\"https:\/\/uniformeplus.tn\/wp-content\/uploads\/2020\/10\/fichetechnike5-293x300.jpg 293w, https:\/\/uniformeplus.tn\/wp-content\/uploads\/2020\/10\/fichetechnike5.jpg 559w\" sizes=\"(max-width: 293px) 100vw, 293px\" \/><\/p>\n<p>&nbsp;<\/p>\n","protected":false},"excerpt":{"rendered":"<p>Pantalon de Travail Multi Poches Ce pantalon de travail\u00a0conviendra parfaitement \u00e0 tous les artisans cherchant un pantalon l\u00e9ger mais surtout tr\u00e8s confortable. Son tissu europ\u00e9en mi coton, mi polyester, est<\/p>\n","protected":false},"featured_media":13508,"comment_status":"open","ping_status":"closed","template":"","meta":{"_acf_changed":false},"product_brand":[],"product_cat":[249,274,243,264,270,299,289,304,266,287,300,276,235,275,267,230,269,302,273,288,290,303,298,301,237,297,286,268,227,272],"product_tag":[],"class_list":{"0":"post-13507","1":"product","2":"type-product","3":"status-publish","4":"has-post-thumbnail","6":"product_cat-pantalons-de-travail-industrie-mecanique","7":"product_cat-agriculteur","8":"product_cat-batiment","9":"product_cat-btp-et-chantiers","10":"product_cat-carreleur","11":"product_cat-chaudronnier","12":"product_cat-chauffagiste","13":"product_cat-construction-industrielle","14":"product_cat-couvreur-zingueur","15":"product_cat-electricien","16":"product_cat-ferronier","17":"product_cat-horticulteur","18":"product_cat-industrie","19":"product_cat-jardinier","20":"product_cat-macon","21":"product_cat-metiers","22":"product_cat-ouvrier","23":"product_cat-ouvrier-industrie","24":"product_cat-paysagiste","25":"product_cat-plombier","26":"product_cat-serrurier","27":"product_cat-service-maintenance","28":"product_cat-soudeur-tenue-industrie-du-metal","29":"product_cat-technicien","30":"product_cat-technicien-operateur-maintenance","31":"product_cat-tenue-industrie-du-metal","32":"product_cat-tenues-pour-installateurs","33":"product_cat-travaux-publics","34":"product_cat-vetement-de-travail","35":"product_cat-vetements-pour-espace-vert","37":"first","38":"instock","39":"taxable","40":"shipping-taxable","41":"purchasable","42":"product-type-simple"},"acf":[],"yoast_head":"<!-- This site is optimized with the Yoast SEO Premium plugin v26.3 (Yoast SEO v26.3) - https:\/\/yoast.com\/wordpress\/plugins\/seo\/ -->\n<title>Pantalon de Travail Multi Poches - uniformeplus - V\u00eatements de travail<\/title>\n<meta name=\"description\" content=\"Pantalon de Travail Multi Poches Ce pantalon de travail\u00a0conviendra parfaitement \u00e0 tous les artisans cherchant un pantalon l\u00e9ger mais surtout tr\u00e8s\" \/>\n<meta name=\"robots\" content=\"index, follow, max-snippet:-1, max-image-preview:large, max-video-preview:-1\" \/>\n<link rel=\"canonical\" href=\"https:\/\/uniformeplus.tn\/index.php\/product\/pantalon-de-travail-multi-poches\/\" \/>\n<meta property=\"og:locale\" content=\"fr_FR\" \/>\n<meta property=\"og:type\" content=\"article\" \/>\n<meta property=\"og:title\" content=\"Pantalon de Travail Multi Poches\" \/>\n<meta property=\"og:description\" content=\"Pantalon de Travail Multi Poches Ce pantalon de travail\u00a0conviendra parfaitement \u00e0 tous les artisans cherchant un pantalon l\u00e9ger mais surtout tr\u00e8s\" \/>\n<meta property=\"og:url\" content=\"https:\/\/uniformeplus.tn\/index.php\/product\/pantalon-de-travail-multi-poches\/\" \/>\n<meta property=\"og:site_name\" content=\"uniformeplus - V\u00eatements de travail\" \/>\n<meta property=\"article:publisher\" content=\"https:\/\/www.facebook.com\/uniforconfection.uniformeplus\" \/>\n<meta property=\"article:modified_time\" content=\"2025-05-05T15:59:24+00:00\" \/>\n<meta property=\"og:image\" content=\"https:\/\/uniformeplus.tn\/wp-content\/uploads\/2020\/10\/pantalon-de-travail-pas-cher.jpg\" \/>\n\t<meta property=\"og:image:width\" content=\"800\" \/>\n\t<meta property=\"og:image:height\" content=\"800\" \/>\n\t<meta property=\"og:image:type\" content=\"image\/jpeg\" \/>\n<meta name=\"twitter:card\" content=\"summary_large_image\" \/>\n<meta name=\"twitter:label1\" content=\"Prix\" \/>\n\t<meta name=\"twitter:data1\" content=\"60.000&#x62f;.&#x62a;\" \/>\n\t<meta name=\"twitter:label2\" content=\"Disponibilit\u00e9\" \/>\n\t<meta name=\"twitter:data2\" content=\"En stock\" \/>\n<script type=\"application\/ld+json\" class=\"yoast-schema-graph\">{\"@context\":\"https:\/\/schema.org\",\"@graph\":[{\"@type\":\"WebPage\",\"@id\":\"https:\/\/uniformeplus.tn\/index.php\/product\/pantalon-de-travail-multi-poches\/\",\"url\":\"https:\/\/uniformeplus.tn\/index.php\/product\/pantalon-de-travail-multi-poches\/\",\"name\":\"Pantalon de Travail Multi Poches - uniformeplus - V\u00eatements de travail\",\"isPartOf\":{\"@id\":\"https:\/\/uniformeplus.tn\/#website\"},\"primaryImageOfPage\":{\"@id\":\"https:\/\/uniformeplus.tn\/index.php\/product\/pantalon-de-travail-multi-poches\/#primaryimage\"},\"image\":{\"@id\":\"https:\/\/uniformeplus.tn\/index.php\/product\/pantalon-de-travail-multi-poches\/#primaryimage\"},\"thumbnailUrl\":\"https:\/\/uniformeplus.tn\/wp-content\/uploads\/2020\/10\/pantalon-de-travail-pas-cher.jpg\",\"datePublished\":\"2020-10-27T15:06:46+00:00\",\"dateModified\":\"2025-05-05T15:59:24+00:00\",\"description\":\"Pantalon de Travail Multi Poches Ce pantalon de travail\u00a0conviendra parfaitement \u00e0 tous les artisans cherchant un pantalon l\u00e9ger mais surtout tr\u00e8s\",\"breadcrumb\":{\"@id\":\"https:\/\/uniformeplus.tn\/index.php\/product\/pantalon-de-travail-multi-poches\/#breadcrumb\"},\"inLanguage\":\"fr-FR\",\"potentialAction\":[{\"@type\":\"ReadAction\",\"target\":[\"https:\/\/uniformeplus.tn\/index.php\/product\/pantalon-de-travail-multi-poches\/\"]}]},{\"@type\":\"ImageObject\",\"inLanguage\":\"fr-FR\",\"@id\":\"https:\/\/uniformeplus.tn\/index.php\/product\/pantalon-de-travail-multi-poches\/#primaryimage\",\"url\":\"https:\/\/uniformeplus.tn\/wp-content\/uploads\/2020\/10\/pantalon-de-travail-pas-cher.jpg\",\"contentUrl\":\"https:\/\/uniformeplus.tn\/wp-content\/uploads\/2020\/10\/pantalon-de-travail-pas-cher.jpg\",\"width\":800,\"height\":800,\"caption\":\"Pantalon de Travail Multi Poches\"},{\"@type\":\"BreadcrumbList\",\"@id\":\"https:\/\/uniformeplus.tn\/index.php\/product\/pantalon-de-travail-multi-poches\/#breadcrumb\",\"itemListElement\":[{\"@type\":\"ListItem\",\"position\":1,\"name\":\"Accueil\",\"item\":\"https:\/\/uniformeplus.tn\/\"},{\"@type\":\"ListItem\",\"position\":2,\"name\":\"Shop\",\"item\":\"https:\/\/uniformeplus.tn\/index.php\/shop-2\/\"},{\"@type\":\"ListItem\",\"position\":3,\"name\":\"M\u00c9TIERS\",\"item\":\"https:\/\/uniformeplus.tn\/index.php\/product-category\/metiers\/\"},{\"@type\":\"ListItem\",\"position\":4,\"name\":\"V\u00caTEMENTS POUR ESPACE VERT\",\"item\":\"https:\/\/uniformeplus.tn\/index.php\/product-category\/metiers\/vetements-pour-espace-vert\/\"},{\"@type\":\"ListItem\",\"position\":5,\"name\":\"Agriculteur\",\"item\":\"https:\/\/uniformeplus.tn\/index.php\/product-category\/metiers\/vetements-pour-espace-vert\/agriculteur\/\"},{\"@type\":\"ListItem\",\"position\":6,\"name\":\"Pantalon de Travail Multi Poches\"}]},{\"@type\":\"WebSite\",\"@id\":\"https:\/\/uniformeplus.tn\/#website\",\"url\":\"https:\/\/uniformeplus.tn\/\",\"name\":\"uniformeplus\",\"description\":\"v\u00eatement de travail Tunisie\",\"publisher\":{\"@id\":\"https:\/\/uniformeplus.tn\/#organization\"},\"alternateName\":\"tenue de travail en tunisie\",\"potentialAction\":[{\"@type\":\"SearchAction\",\"target\":{\"@type\":\"EntryPoint\",\"urlTemplate\":\"https:\/\/uniformeplus.tn\/?s={search_term_string}\"},\"query-input\":{\"@type\":\"PropertyValueSpecification\",\"valueRequired\":true,\"valueName\":\"search_term_string\"}}],\"inLanguage\":\"fr-FR\"},{\"@type\":\"Organization\",\"@id\":\"https:\/\/uniformeplus.tn\/#organization\",\"name\":\"tenue de travail\",\"url\":\"https:\/\/uniformeplus.tn\/\",\"logo\":{\"@type\":\"ImageObject\",\"inLanguage\":\"fr-FR\",\"@id\":\"https:\/\/uniformeplus.tn\/#\/schema\/logo\/image\/\",\"url\":\"https:\/\/uniformeplus.tn\/wp-content\/uploads\/2021\/01\/logo.png\",\"contentUrl\":\"https:\/\/uniformeplus.tn\/wp-content\/uploads\/2021\/01\/logo.png\",\"width\":112,\"height\":112,\"caption\":\"tenue de travail\"},\"image\":{\"@id\":\"https:\/\/uniformeplus.tn\/#\/schema\/logo\/image\/\"},\"sameAs\":[\"https:\/\/www.facebook.com\/uniforconfection.uniformeplus\"],\"hasMerchantReturnPolicy\":{\"@type\":\"MerchantReturnPolicy\",\"merchantReturnLink\":\"https:\/\/uniformeplus.tn\/index.php\/politique-de-retour\/\"}}]}<\/script>\n<meta property=\"product:price:amount\" content=\"60.000\" \/>\n<meta property=\"product:price:currency\" content=\"TND\" \/>\n<meta property=\"og:availability\" content=\"instock\" \/>\n<meta property=\"product:availability\" content=\"instock\" \/>\n<meta property=\"product:condition\" content=\"new\" \/>\n<!-- \/ Yoast SEO Premium plugin. -->","yoast_head_json":{"title":"Pantalon de Travail Multi Poches - uniformeplus - V\u00eatements de travail","description":"Pantalon de Travail Multi Poches Ce pantalon de travail\u00a0conviendra parfaitement \u00e0 tous les artisans cherchant un pantalon l\u00e9ger mais surtout tr\u00e8s","robots":{"index":"index","follow":"follow","max-snippet":"max-snippet:-1","max-image-preview":"max-image-preview:large","max-video-preview":"max-video-preview:-1"},"canonical":"https:\/\/uniformeplus.tn\/index.php\/product\/pantalon-de-travail-multi-poches\/","og_locale":"fr_FR","og_type":"article","og_title":"Pantalon de Travail Multi Poches","og_description":"Pantalon de Travail Multi Poches Ce pantalon de travail\u00a0conviendra parfaitement \u00e0 tous les artisans cherchant un pantalon l\u00e9ger mais surtout tr\u00e8s","og_url":"https:\/\/uniformeplus.tn\/index.php\/product\/pantalon-de-travail-multi-poches\/","og_site_name":"uniformeplus - V\u00eatements de travail","article_publisher":"https:\/\/www.facebook.com\/uniforconfection.uniformeplus","article_modified_time":"2025-05-05T15:59:24+00:00","og_image":[{"width":800,"height":800,"url":"https:\/\/uniformeplus.tn\/wp-content\/uploads\/2020\/10\/pantalon-de-travail-pas-cher.jpg","type":"image\/jpeg"}],"twitter_card":"summary_large_image","twitter_misc":{"Prix":"60.000&#x62f;.&#x62a;","Disponibilit\u00e9":"En stock"},"schema":{"@context":"https:\/\/schema.org","@graph":[{"@type":"WebPage","@id":"https:\/\/uniformeplus.tn\/index.php\/product\/pantalon-de-travail-multi-poches\/","url":"https:\/\/uniformeplus.tn\/index.php\/product\/pantalon-de-travail-multi-poches\/","name":"Pantalon de Travail Multi Poches - uniformeplus - V\u00eatements de travail","isPartOf":{"@id":"https:\/\/uniformeplus.tn\/#website"},"primaryImageOfPage":{"@id":"https:\/\/uniformeplus.tn\/index.php\/product\/pantalon-de-travail-multi-poches\/#primaryimage"},"image":{"@id":"https:\/\/uniformeplus.tn\/index.php\/product\/pantalon-de-travail-multi-poches\/#primaryimage"},"thumbnailUrl":"https:\/\/uniformeplus.tn\/wp-content\/uploads\/2020\/10\/pantalon-de-travail-pas-cher.jpg","datePublished":"2020-10-27T15:06:46+00:00","dateModified":"2025-05-05T15:59:24+00:00","description":"Pantalon de Travail Multi Poches Ce pantalon de travail\u00a0conviendra parfaitement \u00e0 tous les artisans cherchant un pantalon l\u00e9ger mais surtout tr\u00e8s","breadcrumb":{"@id":"https:\/\/uniformeplus.tn\/index.php\/product\/pantalon-de-travail-multi-poches\/#breadcrumb"},"inLanguage":"fr-FR","potentialAction":[{"@type":"ReadAction","target":["https:\/\/uniformeplus.tn\/index.php\/product\/pantalon-de-travail-multi-poches\/"]}]},{"@type":"ImageObject","inLanguage":"fr-FR","@id":"https:\/\/uniformeplus.tn\/index.php\/product\/pantalon-de-travail-multi-poches\/#primaryimage","url":"https:\/\/uniformeplus.tn\/wp-content\/uploads\/2020\/10\/pantalon-de-travail-pas-cher.jpg","contentUrl":"https:\/\/uniformeplus.tn\/wp-content\/uploads\/2020\/10\/pantalon-de-travail-pas-cher.jpg","width":800,"height":800,"caption":"Pantalon de Travail Multi Poches"},{"@type":"BreadcrumbList","@id":"https:\/\/uniformeplus.tn\/index.php\/product\/pantalon-de-travail-multi-poches\/#breadcrumb","itemListElement":[{"@type":"ListItem","position":1,"name":"Accueil","item":"https:\/\/uniformeplus.tn\/"},{"@type":"ListItem","position":2,"name":"Shop","item":"https:\/\/uniformeplus.tn\/index.php\/shop-2\/"},{"@type":"ListItem","position":3,"name":"M\u00c9TIERS","item":"https:\/\/uniformeplus.tn\/index.php\/product-category\/metiers\/"},{"@type":"ListItem","position":4,"name":"V\u00caTEMENTS POUR ESPACE VERT","item":"https:\/\/uniformeplus.tn\/index.php\/product-category\/metiers\/vetements-pour-espace-vert\/"},{"@type":"ListItem","position":5,"name":"Agriculteur","item":"https:\/\/uniformeplus.tn\/index.php\/product-category\/metiers\/vetements-pour-espace-vert\/agriculteur\/"},{"@type":"ListItem","position":6,"name":"Pantalon de Travail Multi Poches"}]},{"@type":"WebSite","@id":"https:\/\/uniformeplus.tn\/#website","url":"https:\/\/uniformeplus.tn\/","name":"uniformeplus","description":"v\u00eatement de travail Tunisie","publisher":{"@id":"https:\/\/uniformeplus.tn\/#organization"},"alternateName":"tenue de travail en tunisie","potentialAction":[{"@type":"SearchAction","target":{"@type":"EntryPoint","urlTemplate":"https:\/\/uniformeplus.tn\/?s={search_term_string}"},"query-input":{"@type":"PropertyValueSpecification","valueRequired":true,"valueName":"search_term_string"}}],"inLanguage":"fr-FR"},{"@type":"Organization","@id":"https:\/\/uniformeplus.tn\/#organization","name":"tenue de travail","url":"https:\/\/uniformeplus.tn\/","logo":{"@type":"ImageObject","inLanguage":"fr-FR","@id":"https:\/\/uniformeplus.tn\/#\/schema\/logo\/image\/","url":"https:\/\/uniformeplus.tn\/wp-content\/uploads\/2021\/01\/logo.png","contentUrl":"https:\/\/uniformeplus.tn\/wp-content\/uploads\/2021\/01\/logo.png","width":112,"height":112,"caption":"tenue de travail"},"image":{"@id":"https:\/\/uniformeplus.tn\/#\/schema\/logo\/image\/"},"sameAs":["https:\/\/www.facebook.com\/uniforconfection.uniformeplus"],"hasMerchantReturnPolicy":{"@type":"MerchantReturnPolicy","merchantReturnLink":"https:\/\/uniformeplus.tn\/index.php\/politique-de-retour\/"}}]},"product_price_amount":"60.000","product_price_currency":"TND","og_availability":"instock","product_availability":"instock","product_condition":"new"},"_links":{"self":[{"href":"https:\/\/uniformeplus.tn\/index.php\/wp-json\/wp\/v2\/product\/13507","targetHints":{"allow":["GET"]}}],"collection":[{"href":"https:\/\/uniformeplus.tn\/index.php\/wp-json\/wp\/v2\/product"}],"about":[{"href":"https:\/\/uniformeplus.tn\/index.php\/wp-json\/wp\/v2\/types\/product"}],"replies":[{"embeddable":true,"href":"https:\/\/uniformeplus.tn\/index.php\/wp-json\/wp\/v2\/comments?post=13507"}],"wp:featuredmedia":[{"embeddable":true,"href":"https:\/\/uniformeplus.tn\/index.php\/wp-json\/wp\/v2\/media\/13508"}],"wp:attachment":[{"href":"https:\/\/uniformeplus.tn\/index.php\/wp-json\/wp\/v2\/media?parent=13507"}],"wp:term":[{"taxonomy":"product_brand","embeddable":true,"href":"https:\/\/uniformeplus.tn\/index.php\/wp-json\/wp\/v2\/product_brand?post=13507"},{"taxonomy":"product_cat","embeddable":true,"href":"https:\/\/uniformeplus.tn\/index.php\/wp-json\/wp\/v2\/product_cat?post=13507"},{"taxonomy":"product_tag","embeddable":true,"href":"https:\/\/uniformeplus.tn\/index.php\/wp-json\/wp\/v2\/product_tag?post=13507"}],"curies":[{"name":"wp","href":"https:\/\/api.w.org\/{rel}","templated":true}]}}