{"id":14048,"date":"2020-11-09T13:40:35","date_gmt":"2020-11-09T12:40:35","guid":{"rendered":"http:\/\/uniformeplus.tn\/?post_type=product&#038;p=14048"},"modified":"2025-05-05T18:03:29","modified_gmt":"2025-05-05T16:03:29","slug":"parka-de-travail-uniforme-draco-noire","status":"publish","type":"product","link":"https:\/\/uniformeplus.tn\/index.php\/product\/parka-de-travail-uniforme-draco-noire\/","title":{"rendered":"PARKA DE TRAVAIL UNIFORME+ DRACO NOIRE"},"content":{"rendered":"<h2><strong>Parka de travail noire avec capuche ajustable<\/strong><\/h2>\n<p>Vous d\u00e9chirez r\u00e9guli\u00e8rement vos v\u00eatements de travail et \u00eates oblig\u00e9s de les repriser ou de les remiser ? Laissez-vous par tenter par cette\u00a0<a href=\"http:\/\/uniformeplus.tn\/index.php\/product\/parka-de-travail\u2026orme-draco-noire\/\">parka de travai<\/a>l\u00a0qui utilise un tissu r\u00e9volutionnaire particuli\u00e8rement r\u00e9sistant<\/p>\n<p>Un maillage renforc\u00e9 assure en effet une excellente r\u00e9sistance \u00e0 l&#8217;abrasion et aux d\u00e9chirures de ce textile,<\/p>\n<h2>Fonctionnalit\u00e9s et caract\u00e9ristiques<\/h2>\n<p>&nbsp;<\/p>\n<p>Il est important d&#8217;\u00eatre bien vu pour \u00e9viter le risque d&#8217;accidents professionnels : les inserts r\u00e9tro r\u00e9fl\u00e9chissants ajout\u00e9s sur la partie visible de la veste vous assurent une s\u00e9curit\u00e9 suppl\u00e9mentaire en am\u00e9liorant votre visibilit\u00e9. Les\u00a0<strong>coutures thermosoud\u00e9es<\/strong> apportent encore une solidit\u00e9 compl\u00e9mentaire \u00e0 cette parka de travail noire qui vous accompagnera des ann\u00e9es durant sur de nombreux chantiers. Cette veste est adapt\u00e9e \u00e0 la pratique de nombreux m\u00e9tiers. Vous travaillez dans les m\u00e9tiers de la logistique ? Vous appr\u00e9cierez ses qualit\u00e9s. Vous aurez aussi \u00e0 disposition\u00a0<strong>\u00a04 poches externes<\/strong><\/p>\n<div class=\"clear\"><\/div>\n<p class=\"title\">ENTRETIEN &amp; COMPOSITION<\/p>\n<div class=\"care\">\n<div class=\"col first\">\n<p class=\"black-title\">Mati\u00e8res<\/p>\n<p>100% polyester 280 g\/m\u00b2 Matelassage 100 % polyester 170 g\/m\u00b2 imperm\u00e9able<\/p>\n<\/div>\n<div class=\"col second\">\n<p class=\"black-title\">Conseils d&#8217;entretien<\/p>\n<p>Lavable \u00e0 30\u00b0C<br \/>\nBlanchiment interdit<br \/>\nNe pas repasser<br \/>\nNe pas utiliser le s\u00e8che-linge<br \/>\nNettoyage \u00e0 sec interdit<\/p>\n<\/div>\n<\/div>\n<p>&nbsp;<\/p>\n","protected":false},"excerpt":{"rendered":"<p><strong>R\u00e9f\u00e9rence : PTDN001<\/strong><\/p>\n<p>Vous travaillez \u00e0 l&#8217;ext\u00e9rieur, dans des conditions difficiles ? D\u00e9couvrez cette parka en Ripstop imperm\u00e9able et tr\u00e8s robuste, adapt\u00e9e<\/p>\n<ul>\n<li>Tissu polyester r\u00e9sistant \u00e0 l&#8217;abrasion et aux d\u00e9chirures, imperm\u00e9able<\/li>\n<li>Coutures thermosoud\u00e9es, fermeture zipp\u00e9e sous patte, matelass\u00e9e<\/li>\n<li>4 poches externes,<\/li>\n<li>\u00a0inserts r\u00e9tror\u00e9fl\u00e9chissants<\/li>\n<li>Capuche amovible, taille ajustable par cordons avec stoppeurs<\/li>\n<li>Noir<\/li>\n<\/ul>\n","protected":false},"featured_media":14049,"comment_status":"open","ping_status":"closed","template":"","meta":{"_acf_changed":false},"product_brand":[],"product_cat":[243,264,295,270,292,266,296,267,294,230,269,332,265,244,271,293,268,227,291],"product_tag":[],"class_list":{"0":"post-14048","1":"product","2":"type-product","3":"status-publish","4":"has-post-thumbnail","6":"product_cat-batiment","7":"product_cat-btp-et-chantiers","8":"product_cat-cariste","9":"product_cat-carreleur","10":"product_cat-chauffeur-livreur","11":"product_cat-couvreur-zingueur","12":"product_cat-demenageur","13":"product_cat-macon","14":"product_cat-manutentionnaire","15":"product_cat-metiers","16":"product_cat-ouvrier","17":"product_cat-parkas-de-travail","18":"product_cat-peintre","19":"product_cat-peintre-plaquiste","20":"product_cat-platrier","21":"product_cat-transporteur","22":"product_cat-travaux-publics","23":"product_cat-vetement-de-travail","24":"product_cat-vetements-pour-la-logistique-et-le-transport","26":"first","27":"instock","28":"taxable","29":"shipping-taxable","30":"purchasable","31":"product-type-simple"},"acf":[],"yoast_head":"<!-- This site is optimized with the Yoast SEO Premium plugin v26.3 (Yoast SEO v26.3) - https:\/\/yoast.com\/wordpress\/plugins\/seo\/ -->\n<title>PARKA DE TRAVAIL UNIFORME+ DRACO NOIRE<\/title>\n<meta name=\"description\" content=\"R\u00e9f\u00e9rence : PTDN001  Vous travaillez \u00e0 l&#039;ext\u00e9rieur, dans des conditions difficiles ? D\u00e9couvrez cette parka en Ripstop imperm\u00e9able et tr\u00e8s robuste, adapt\u00e9e   Tissu polyester r\u00e9sistant \u00e0 l&#039;abrasion et aux d\u00e9chirures, imperm\u00e9able  Coutures thermosoud\u00e9es, fermeture zipp\u00e9e sous patte, matelass\u00e9e  4 poches externes,  \u00a0inserts r\u00e9tror\u00e9fl\u00e9chissants  Capuche amovible, taille ajustable par cordons avec stoppeurs  Noir\" \/>\n<meta name=\"robots\" content=\"index, follow, max-snippet:-1, max-image-preview:large, max-video-preview:-1\" \/>\n<link rel=\"canonical\" href=\"https:\/\/uniformeplus.tn\/index.php\/product\/parka-de-travail-uniforme-draco-noire\/\" \/>\n<meta property=\"og:locale\" content=\"fr_FR\" \/>\n<meta property=\"og:type\" content=\"article\" \/>\n<meta property=\"og:title\" content=\"PARKA DE TRAVAIL UNIFORME+ DRACO NOIRE\" \/>\n<meta property=\"og:description\" content=\"R\u00e9f\u00e9rence : PTDN001  Vous travaillez \u00e0 l&#039;ext\u00e9rieur, dans des conditions difficiles ? D\u00e9couvrez cette parka en Ripstop imperm\u00e9able et tr\u00e8s robuste, adapt\u00e9e   Tissu polyester r\u00e9sistant \u00e0 l&#039;abrasion et aux d\u00e9chirures, imperm\u00e9able  Coutures thermosoud\u00e9es, fermeture zipp\u00e9e sous patte, matelass\u00e9e  4 poches externes,  \u00a0inserts r\u00e9tror\u00e9fl\u00e9chissants  Capuche amovible, taille ajustable par cordons avec stoppeurs  Noir\" \/>\n<meta property=\"og:url\" content=\"https:\/\/uniformeplus.tn\/index.php\/product\/parka-de-travail-uniforme-draco-noire\/\" \/>\n<meta property=\"og:site_name\" content=\"uniformeplus - V\u00eatements de travail\" \/>\n<meta property=\"article:publisher\" content=\"https:\/\/www.facebook.com\/uniforconfection.uniformeplus\" \/>\n<meta property=\"article:modified_time\" content=\"2025-05-05T16:03:29+00:00\" \/>\n<meta property=\"og:image\" content=\"https:\/\/uniformeplus.tn\/wp-content\/uploads\/2020\/11\/para1.jpg\" \/>\n\t<meta property=\"og:image:width\" content=\"899\" \/>\n\t<meta property=\"og:image:height\" content=\"1000\" \/>\n\t<meta property=\"og:image:type\" content=\"image\/jpeg\" \/>\n<meta name=\"twitter:card\" content=\"summary_large_image\" \/>\n<meta name=\"twitter:label1\" content=\"Prix\" \/>\n\t<meta name=\"twitter:data1\" content=\"190.000&#x62f;.&#x62a;\" \/>\n\t<meta name=\"twitter:label2\" content=\"Disponibilit\u00e9\" \/>\n\t<meta name=\"twitter:data2\" content=\"En stock\" \/>\n<script type=\"application\/ld+json\" class=\"yoast-schema-graph\">{\"@context\":\"https:\/\/schema.org\",\"@graph\":[{\"@type\":\"WebPage\",\"@id\":\"https:\/\/uniformeplus.tn\/index.php\/product\/parka-de-travail-uniforme-draco-noire\/\",\"url\":\"https:\/\/uniformeplus.tn\/index.php\/product\/parka-de-travail-uniforme-draco-noire\/\",\"name\":\"PARKA DE TRAVAIL UNIFORME+ DRACO NOIRE\",\"isPartOf\":{\"@id\":\"https:\/\/uniformeplus.tn\/#website\"},\"primaryImageOfPage\":{\"@id\":\"https:\/\/uniformeplus.tn\/index.php\/product\/parka-de-travail-uniforme-draco-noire\/#primaryimage\"},\"image\":{\"@id\":\"https:\/\/uniformeplus.tn\/index.php\/product\/parka-de-travail-uniforme-draco-noire\/#primaryimage\"},\"thumbnailUrl\":\"https:\/\/uniformeplus.tn\/wp-content\/uploads\/2020\/11\/para1.jpg\",\"datePublished\":\"2020-11-09T12:40:35+00:00\",\"dateModified\":\"2025-05-05T16:03:29+00:00\",\"description\":\"R\u00e9f\u00e9rence : PTDN001 Vous travaillez \u00e0 l'ext\u00e9rieur, dans des conditions difficiles ? D\u00e9couvrez cette parka en Ripstop imperm\u00e9able et tr\u00e8s robuste, adapt\u00e9e Tissu polyester r\u00e9sistant \u00e0 l'abrasion et aux d\u00e9chirures, imperm\u00e9able Coutures thermosoud\u00e9es, fermeture zipp\u00e9e sous patte, matelass\u00e9e 4 poches externes, \u00a0inserts r\u00e9tror\u00e9fl\u00e9chissants Capuche amovible, taille ajustable par cordons avec stoppeurs Noir\",\"breadcrumb\":{\"@id\":\"https:\/\/uniformeplus.tn\/index.php\/product\/parka-de-travail-uniforme-draco-noire\/#breadcrumb\"},\"inLanguage\":\"fr-FR\",\"potentialAction\":[{\"@type\":\"ReadAction\",\"target\":[\"https:\/\/uniformeplus.tn\/index.php\/product\/parka-de-travail-uniforme-draco-noire\/\"]}]},{\"@type\":\"ImageObject\",\"inLanguage\":\"fr-FR\",\"@id\":\"https:\/\/uniformeplus.tn\/index.php\/product\/parka-de-travail-uniforme-draco-noire\/#primaryimage\",\"url\":\"https:\/\/uniformeplus.tn\/wp-content\/uploads\/2020\/11\/para1.jpg\",\"contentUrl\":\"https:\/\/uniformeplus.tn\/wp-content\/uploads\/2020\/11\/para1.jpg\",\"width\":899,\"height\":1000,\"caption\":\"PARKA DE TRAVAIL UNIFORME+ DRACO NOIRE\"},{\"@type\":\"BreadcrumbList\",\"@id\":\"https:\/\/uniformeplus.tn\/index.php\/product\/parka-de-travail-uniforme-draco-noire\/#breadcrumb\",\"itemListElement\":[{\"@type\":\"ListItem\",\"position\":1,\"name\":\"Accueil\",\"item\":\"https:\/\/uniformeplus.tn\/\"},{\"@type\":\"ListItem\",\"position\":2,\"name\":\"Shop\",\"item\":\"https:\/\/uniformeplus.tn\/index.php\/shop-2\/\"},{\"@type\":\"ListItem\",\"position\":3,\"name\":\"M\u00c9TIERS\",\"item\":\"https:\/\/uniformeplus.tn\/index.php\/product-category\/metiers\/\"},{\"@type\":\"ListItem\",\"position\":4,\"name\":\"V\u00caTEMENTS POUR LA LOGISTIQUE ET LE TRANSPORT\",\"item\":\"https:\/\/uniformeplus.tn\/index.php\/product-category\/metiers\/vetements-pour-la-logistique-et-le-transport\/\"},{\"@type\":\"ListItem\",\"position\":5,\"name\":\"Cariste\",\"item\":\"https:\/\/uniformeplus.tn\/index.php\/product-category\/metiers\/vetements-pour-la-logistique-et-le-transport\/cariste\/\"},{\"@type\":\"ListItem\",\"position\":6,\"name\":\"PARKA DE TRAVAIL UNIFORME+ DRACO NOIRE\"}]},{\"@type\":\"WebSite\",\"@id\":\"https:\/\/uniformeplus.tn\/#website\",\"url\":\"https:\/\/uniformeplus.tn\/\",\"name\":\"uniformeplus\",\"description\":\"v\u00eatement de travail Tunisie\",\"publisher\":{\"@id\":\"https:\/\/uniformeplus.tn\/#organization\"},\"alternateName\":\"tenue de travail en tunisie\",\"potentialAction\":[{\"@type\":\"SearchAction\",\"target\":{\"@type\":\"EntryPoint\",\"urlTemplate\":\"https:\/\/uniformeplus.tn\/?s={search_term_string}\"},\"query-input\":{\"@type\":\"PropertyValueSpecification\",\"valueRequired\":true,\"valueName\":\"search_term_string\"}}],\"inLanguage\":\"fr-FR\"},{\"@type\":\"Organization\",\"@id\":\"https:\/\/uniformeplus.tn\/#organization\",\"name\":\"tenue de travail\",\"url\":\"https:\/\/uniformeplus.tn\/\",\"logo\":{\"@type\":\"ImageObject\",\"inLanguage\":\"fr-FR\",\"@id\":\"https:\/\/uniformeplus.tn\/#\/schema\/logo\/image\/\",\"url\":\"https:\/\/uniformeplus.tn\/wp-content\/uploads\/2021\/01\/logo.png\",\"contentUrl\":\"https:\/\/uniformeplus.tn\/wp-content\/uploads\/2021\/01\/logo.png\",\"width\":112,\"height\":112,\"caption\":\"tenue de travail\"},\"image\":{\"@id\":\"https:\/\/uniformeplus.tn\/#\/schema\/logo\/image\/\"},\"sameAs\":[\"https:\/\/www.facebook.com\/uniforconfection.uniformeplus\"],\"hasMerchantReturnPolicy\":{\"@type\":\"MerchantReturnPolicy\",\"merchantReturnLink\":\"https:\/\/uniformeplus.tn\/index.php\/politique-de-retour\/\"}}]}<\/script>\n<meta property=\"product:price:amount\" content=\"190.000\" \/>\n<meta property=\"product:price:currency\" content=\"TND\" \/>\n<meta property=\"og:availability\" content=\"instock\" \/>\n<meta property=\"product:availability\" content=\"instock\" \/>\n<meta property=\"product:condition\" content=\"new\" \/>\n<!-- \/ Yoast SEO Premium plugin. -->","yoast_head_json":{"title":"PARKA DE TRAVAIL UNIFORME+ DRACO NOIRE","description":"R\u00e9f\u00e9rence : PTDN001  Vous travaillez \u00e0 l'ext\u00e9rieur, dans des conditions difficiles ? D\u00e9couvrez cette parka en Ripstop imperm\u00e9able et tr\u00e8s robuste, adapt\u00e9e   Tissu polyester r\u00e9sistant \u00e0 l'abrasion et aux d\u00e9chirures, imperm\u00e9able  Coutures thermosoud\u00e9es, fermeture zipp\u00e9e sous patte, matelass\u00e9e  4 poches externes,  \u00a0inserts r\u00e9tror\u00e9fl\u00e9chissants  Capuche amovible, taille ajustable par cordons avec stoppeurs  Noir","robots":{"index":"index","follow":"follow","max-snippet":"max-snippet:-1","max-image-preview":"max-image-preview:large","max-video-preview":"max-video-preview:-1"},"canonical":"https:\/\/uniformeplus.tn\/index.php\/product\/parka-de-travail-uniforme-draco-noire\/","og_locale":"fr_FR","og_type":"article","og_title":"PARKA DE TRAVAIL UNIFORME+ DRACO NOIRE","og_description":"R\u00e9f\u00e9rence : PTDN001  Vous travaillez \u00e0 l'ext\u00e9rieur, dans des conditions difficiles ? D\u00e9couvrez cette parka en Ripstop imperm\u00e9able et tr\u00e8s robuste, adapt\u00e9e   Tissu polyester r\u00e9sistant \u00e0 l'abrasion et aux d\u00e9chirures, imperm\u00e9able  Coutures thermosoud\u00e9es, fermeture zipp\u00e9e sous patte, matelass\u00e9e  4 poches externes,  \u00a0inserts r\u00e9tror\u00e9fl\u00e9chissants  Capuche amovible, taille ajustable par cordons avec stoppeurs  Noir","og_url":"https:\/\/uniformeplus.tn\/index.php\/product\/parka-de-travail-uniforme-draco-noire\/","og_site_name":"uniformeplus - V\u00eatements de travail","article_publisher":"https:\/\/www.facebook.com\/uniforconfection.uniformeplus","article_modified_time":"2025-05-05T16:03:29+00:00","og_image":[{"width":899,"height":1000,"url":"https:\/\/uniformeplus.tn\/wp-content\/uploads\/2020\/11\/para1.jpg","type":"image\/jpeg"}],"twitter_card":"summary_large_image","twitter_misc":{"Prix":"190.000&#x62f;.&#x62a;","Disponibilit\u00e9":"En stock"},"schema":{"@context":"https:\/\/schema.org","@graph":[{"@type":"WebPage","@id":"https:\/\/uniformeplus.tn\/index.php\/product\/parka-de-travail-uniforme-draco-noire\/","url":"https:\/\/uniformeplus.tn\/index.php\/product\/parka-de-travail-uniforme-draco-noire\/","name":"PARKA DE TRAVAIL UNIFORME+ DRACO NOIRE","isPartOf":{"@id":"https:\/\/uniformeplus.tn\/#website"},"primaryImageOfPage":{"@id":"https:\/\/uniformeplus.tn\/index.php\/product\/parka-de-travail-uniforme-draco-noire\/#primaryimage"},"image":{"@id":"https:\/\/uniformeplus.tn\/index.php\/product\/parka-de-travail-uniforme-draco-noire\/#primaryimage"},"thumbnailUrl":"https:\/\/uniformeplus.tn\/wp-content\/uploads\/2020\/11\/para1.jpg","datePublished":"2020-11-09T12:40:35+00:00","dateModified":"2025-05-05T16:03:29+00:00","description":"R\u00e9f\u00e9rence : PTDN001 Vous travaillez \u00e0 l'ext\u00e9rieur, dans des conditions difficiles ? D\u00e9couvrez cette parka en Ripstop imperm\u00e9able et tr\u00e8s robuste, adapt\u00e9e Tissu polyester r\u00e9sistant \u00e0 l'abrasion et aux d\u00e9chirures, imperm\u00e9able Coutures thermosoud\u00e9es, fermeture zipp\u00e9e sous patte, matelass\u00e9e 4 poches externes, \u00a0inserts r\u00e9tror\u00e9fl\u00e9chissants Capuche amovible, taille ajustable par cordons avec stoppeurs Noir","breadcrumb":{"@id":"https:\/\/uniformeplus.tn\/index.php\/product\/parka-de-travail-uniforme-draco-noire\/#breadcrumb"},"inLanguage":"fr-FR","potentialAction":[{"@type":"ReadAction","target":["https:\/\/uniformeplus.tn\/index.php\/product\/parka-de-travail-uniforme-draco-noire\/"]}]},{"@type":"ImageObject","inLanguage":"fr-FR","@id":"https:\/\/uniformeplus.tn\/index.php\/product\/parka-de-travail-uniforme-draco-noire\/#primaryimage","url":"https:\/\/uniformeplus.tn\/wp-content\/uploads\/2020\/11\/para1.jpg","contentUrl":"https:\/\/uniformeplus.tn\/wp-content\/uploads\/2020\/11\/para1.jpg","width":899,"height":1000,"caption":"PARKA DE TRAVAIL UNIFORME+ DRACO NOIRE"},{"@type":"BreadcrumbList","@id":"https:\/\/uniformeplus.tn\/index.php\/product\/parka-de-travail-uniforme-draco-noire\/#breadcrumb","itemListElement":[{"@type":"ListItem","position":1,"name":"Accueil","item":"https:\/\/uniformeplus.tn\/"},{"@type":"ListItem","position":2,"name":"Shop","item":"https:\/\/uniformeplus.tn\/index.php\/shop-2\/"},{"@type":"ListItem","position":3,"name":"M\u00c9TIERS","item":"https:\/\/uniformeplus.tn\/index.php\/product-category\/metiers\/"},{"@type":"ListItem","position":4,"name":"V\u00caTEMENTS POUR LA LOGISTIQUE ET LE TRANSPORT","item":"https:\/\/uniformeplus.tn\/index.php\/product-category\/metiers\/vetements-pour-la-logistique-et-le-transport\/"},{"@type":"ListItem","position":5,"name":"Cariste","item":"https:\/\/uniformeplus.tn\/index.php\/product-category\/metiers\/vetements-pour-la-logistique-et-le-transport\/cariste\/"},{"@type":"ListItem","position":6,"name":"PARKA DE TRAVAIL UNIFORME+ DRACO NOIRE"}]},{"@type":"WebSite","@id":"https:\/\/uniformeplus.tn\/#website","url":"https:\/\/uniformeplus.tn\/","name":"uniformeplus","description":"v\u00eatement de travail Tunisie","publisher":{"@id":"https:\/\/uniformeplus.tn\/#organization"},"alternateName":"tenue de travail en tunisie","potentialAction":[{"@type":"SearchAction","target":{"@type":"EntryPoint","urlTemplate":"https:\/\/uniformeplus.tn\/?s={search_term_string}"},"query-input":{"@type":"PropertyValueSpecification","valueRequired":true,"valueName":"search_term_string"}}],"inLanguage":"fr-FR"},{"@type":"Organization","@id":"https:\/\/uniformeplus.tn\/#organization","name":"tenue de travail","url":"https:\/\/uniformeplus.tn\/","logo":{"@type":"ImageObject","inLanguage":"fr-FR","@id":"https:\/\/uniformeplus.tn\/#\/schema\/logo\/image\/","url":"https:\/\/uniformeplus.tn\/wp-content\/uploads\/2021\/01\/logo.png","contentUrl":"https:\/\/uniformeplus.tn\/wp-content\/uploads\/2021\/01\/logo.png","width":112,"height":112,"caption":"tenue de travail"},"image":{"@id":"https:\/\/uniformeplus.tn\/#\/schema\/logo\/image\/"},"sameAs":["https:\/\/www.facebook.com\/uniforconfection.uniformeplus"],"hasMerchantReturnPolicy":{"@type":"MerchantReturnPolicy","merchantReturnLink":"https:\/\/uniformeplus.tn\/index.php\/politique-de-retour\/"}}]},"product_price_amount":"190.000","product_price_currency":"TND","og_availability":"instock","product_availability":"instock","product_condition":"new"},"_links":{"self":[{"href":"https:\/\/uniformeplus.tn\/index.php\/wp-json\/wp\/v2\/product\/14048","targetHints":{"allow":["GET"]}}],"collection":[{"href":"https:\/\/uniformeplus.tn\/index.php\/wp-json\/wp\/v2\/product"}],"about":[{"href":"https:\/\/uniformeplus.tn\/index.php\/wp-json\/wp\/v2\/types\/product"}],"replies":[{"embeddable":true,"href":"https:\/\/uniformeplus.tn\/index.php\/wp-json\/wp\/v2\/comments?post=14048"}],"wp:featuredmedia":[{"embeddable":true,"href":"https:\/\/uniformeplus.tn\/index.php\/wp-json\/wp\/v2\/media\/14049"}],"wp:attachment":[{"href":"https:\/\/uniformeplus.tn\/index.php\/wp-json\/wp\/v2\/media?parent=14048"}],"wp:term":[{"taxonomy":"product_brand","embeddable":true,"href":"https:\/\/uniformeplus.tn\/index.php\/wp-json\/wp\/v2\/product_brand?post=14048"},{"taxonomy":"product_cat","embeddable":true,"href":"https:\/\/uniformeplus.tn\/index.php\/wp-json\/wp\/v2\/product_cat?post=14048"},{"taxonomy":"product_tag","embeddable":true,"href":"https:\/\/uniformeplus.tn\/index.php\/wp-json\/wp\/v2\/product_tag?post=14048"}],"curies":[{"name":"wp","href":"https:\/\/api.w.org\/{rel}","templated":true}]}}