{"id":14116,"date":"2020-11-10T11:27:09","date_gmt":"2020-11-10T10:27:09","guid":{"rendered":"http:\/\/uniformeplus.tn\/?post_type=product&#038;p=14116"},"modified":"2026-04-16T17:27:28","modified_gmt":"2026-04-16T15:27:28","slug":"combinaison-de-travail-uniforme","status":"publish","type":"product","link":"https:\/\/uniformeplus.tn\/index.php\/product\/combinaison-de-travail-uniforme\/","title":{"rendered":"combinaison de travail uniforme"},"content":{"rendered":"","protected":false},"excerpt":{"rendered":"<div dir=\"auto\">COMBINAISON DE TRAVAIL<\/div>\n<div dir=\"auto\">&#8211; Tissu r\u00e9sistant en polyester coton, s\u00e9chage rapide, entretien facile<\/div>\n<div dir=\"auto\">&#8211; Poches : avant et arri\u00e8re, m\u00e8tre x2, poitrine, portable<\/div>\n<div dir=\"auto\">&#8211; Taille \u00e9lastiqu\u00e9e<\/div>\n","protected":false},"featured_media":14120,"comment_status":"open","ping_status":"closed","template":"","meta":{"_acf_changed":false},"product_brand":[],"product_cat":[280,299,247,304,281,300,279,235,278,302,303,298,301,237,297,277,227],"product_tag":[],"class_list":{"0":"post-14116","1":"product","2":"type-product","3":"status-publish","4":"has-post-thumbnail","6":"product_cat-carrossier","7":"product_cat-chaudronnier","8":"product_cat-combinaisons","9":"product_cat-construction-industrielle","10":"product_cat-depanneur","11":"product_cat-ferronier","12":"product_cat-garagiste","13":"product_cat-industrie","14":"product_cat-mecanicien","15":"product_cat-ouvrier-industrie","16":"product_cat-service-maintenance","17":"product_cat-soudeur-tenue-industrie-du-metal","18":"product_cat-technicien","19":"product_cat-technicien-operateur-maintenance","20":"product_cat-tenue-industrie-du-metal","21":"product_cat-tenues-pour-lautomobile","22":"product_cat-vetement-de-travail","24":"first","25":"instock","26":"taxable","27":"shipping-taxable","28":"purchasable","29":"product-type-simple"},"acf":[],"yoast_head":"<!-- This site is optimized with the Yoast SEO Premium plugin v26.3 (Yoast SEO v26.3) - https:\/\/yoast.com\/wordpress\/plugins\/seo\/ -->\n<title>combinaison de travail uniforme<\/title>\n<meta name=\"description\" content=\"COMBINAISON DE TRAVAIL - Tissu r\u00e9sistant en polyester coton, s\u00e9chage rapide, entretien facile - Poches : avant et arri\u00e8re, m\u00e8tre x2, poitrine, portable - Taille \u00e9lastiqu\u00e9e\" \/>\n<meta name=\"robots\" content=\"index, follow, max-snippet:-1, max-image-preview:large, max-video-preview:-1\" \/>\n<link rel=\"canonical\" href=\"https:\/\/uniformeplus.tn\/index.php\/product\/combinaison-de-travail-uniforme\/\" \/>\n<meta property=\"og:locale\" content=\"fr_FR\" \/>\n<meta property=\"og:type\" content=\"article\" \/>\n<meta property=\"og:title\" content=\"combinaison de travail uniforme\" \/>\n<meta property=\"og:description\" content=\"COMBINAISON DE TRAVAIL - Tissu r\u00e9sistant en polyester coton, s\u00e9chage rapide, entretien facile - Poches : avant et arri\u00e8re, m\u00e8tre x2, poitrine, portable - Taille \u00e9lastiqu\u00e9e\" \/>\n<meta property=\"og:url\" content=\"https:\/\/uniformeplus.tn\/index.php\/product\/combinaison-de-travail-uniforme\/\" \/>\n<meta property=\"og:site_name\" content=\"uniformeplus - V\u00eatements de travail\" \/>\n<meta property=\"article:publisher\" content=\"https:\/\/www.facebook.com\/uniforconfection.uniformeplus\" \/>\n<meta property=\"article:modified_time\" content=\"2026-04-16T15:27:28+00:00\" \/>\n<meta property=\"og:image\" content=\"https:\/\/uniformeplus.tn\/wp-content\/uploads\/2020\/11\/combinaison-de-travail-uniforme1.jpg\" \/>\n\t<meta property=\"og:image:width\" content=\"899\" \/>\n\t<meta property=\"og:image:height\" content=\"1000\" \/>\n\t<meta property=\"og:image:type\" content=\"image\/jpeg\" \/>\n<meta name=\"twitter:card\" content=\"summary_large_image\" \/>\n<meta name=\"twitter:label1\" content=\"Prix\" \/>\n\t<meta name=\"twitter:data1\" content=\"85.000&#x62f;.&#x62a;\" \/>\n\t<meta name=\"twitter:label2\" content=\"Disponibilit\u00e9\" \/>\n\t<meta name=\"twitter:data2\" content=\"En stock\" \/>\n<script type=\"application\/ld+json\" class=\"yoast-schema-graph\">{\"@context\":\"https:\/\/schema.org\",\"@graph\":[{\"@type\":\"WebPage\",\"@id\":\"https:\/\/uniformeplus.tn\/index.php\/product\/combinaison-de-travail-uniforme\/\",\"url\":\"https:\/\/uniformeplus.tn\/index.php\/product\/combinaison-de-travail-uniforme\/\",\"name\":\"combinaison de travail uniforme\",\"isPartOf\":{\"@id\":\"https:\/\/uniformeplus.tn\/#website\"},\"primaryImageOfPage\":{\"@id\":\"https:\/\/uniformeplus.tn\/index.php\/product\/combinaison-de-travail-uniforme\/#primaryimage\"},\"image\":{\"@id\":\"https:\/\/uniformeplus.tn\/index.php\/product\/combinaison-de-travail-uniforme\/#primaryimage\"},\"thumbnailUrl\":\"https:\/\/uniformeplus.tn\/wp-content\/uploads\/2020\/11\/combinaison-de-travail-uniforme1.jpg\",\"datePublished\":\"2020-11-10T10:27:09+00:00\",\"dateModified\":\"2026-04-16T15:27:28+00:00\",\"description\":\"COMBINAISON DE TRAVAIL - Tissu r\u00e9sistant en polyester coton, s\u00e9chage rapide, entretien facile - Poches : avant et arri\u00e8re, m\u00e8tre x2, poitrine, portable - Taille \u00e9lastiqu\u00e9e\",\"breadcrumb\":{\"@id\":\"https:\/\/uniformeplus.tn\/index.php\/product\/combinaison-de-travail-uniforme\/#breadcrumb\"},\"inLanguage\":\"fr-FR\",\"potentialAction\":[{\"@type\":\"ReadAction\",\"target\":[\"https:\/\/uniformeplus.tn\/index.php\/product\/combinaison-de-travail-uniforme\/\"]}]},{\"@type\":\"ImageObject\",\"inLanguage\":\"fr-FR\",\"@id\":\"https:\/\/uniformeplus.tn\/index.php\/product\/combinaison-de-travail-uniforme\/#primaryimage\",\"url\":\"https:\/\/uniformeplus.tn\/wp-content\/uploads\/2020\/11\/combinaison-de-travail-uniforme1.jpg\",\"contentUrl\":\"https:\/\/uniformeplus.tn\/wp-content\/uploads\/2020\/11\/combinaison-de-travail-uniforme1.jpg\",\"width\":899,\"height\":1000},{\"@type\":\"BreadcrumbList\",\"@id\":\"https:\/\/uniformeplus.tn\/index.php\/product\/combinaison-de-travail-uniforme\/#breadcrumb\",\"itemListElement\":[{\"@type\":\"ListItem\",\"position\":1,\"name\":\"Accueil\",\"item\":\"https:\/\/uniformeplus.tn\/\"},{\"@type\":\"ListItem\",\"position\":2,\"name\":\"Shop\",\"item\":\"https:\/\/uniformeplus.tn\/index.php\/shop-2\/\"},{\"@type\":\"ListItem\",\"position\":3,\"name\":\"M\u00c9TIERS\",\"item\":\"https:\/\/uniformeplus.tn\/index.php\/product-category\/metiers\/\"},{\"@type\":\"ListItem\",\"position\":4,\"name\":\"TENUES POUR L'AUTOMOBILE\",\"item\":\"https:\/\/uniformeplus.tn\/index.php\/product-category\/metiers\/tenues-pour-lautomobile\/\"},{\"@type\":\"ListItem\",\"position\":5,\"name\":\"Carrossier\",\"item\":\"https:\/\/uniformeplus.tn\/index.php\/product-category\/metiers\/tenues-pour-lautomobile\/carrossier\/\"},{\"@type\":\"ListItem\",\"position\":6,\"name\":\"combinaison de travail uniforme\"}]},{\"@type\":\"WebSite\",\"@id\":\"https:\/\/uniformeplus.tn\/#website\",\"url\":\"https:\/\/uniformeplus.tn\/\",\"name\":\"uniformeplus\",\"description\":\"v\u00eatement de travail Tunisie\",\"publisher\":{\"@id\":\"https:\/\/uniformeplus.tn\/#organization\"},\"alternateName\":\"tenue de travail en tunisie\",\"potentialAction\":[{\"@type\":\"SearchAction\",\"target\":{\"@type\":\"EntryPoint\",\"urlTemplate\":\"https:\/\/uniformeplus.tn\/?s={search_term_string}\"},\"query-input\":{\"@type\":\"PropertyValueSpecification\",\"valueRequired\":true,\"valueName\":\"search_term_string\"}}],\"inLanguage\":\"fr-FR\"},{\"@type\":\"Organization\",\"@id\":\"https:\/\/uniformeplus.tn\/#organization\",\"name\":\"tenue de travail\",\"url\":\"https:\/\/uniformeplus.tn\/\",\"logo\":{\"@type\":\"ImageObject\",\"inLanguage\":\"fr-FR\",\"@id\":\"https:\/\/uniformeplus.tn\/#\/schema\/logo\/image\/\",\"url\":\"https:\/\/uniformeplus.tn\/wp-content\/uploads\/2021\/01\/logo.png\",\"contentUrl\":\"https:\/\/uniformeplus.tn\/wp-content\/uploads\/2021\/01\/logo.png\",\"width\":112,\"height\":112,\"caption\":\"tenue de travail\"},\"image\":{\"@id\":\"https:\/\/uniformeplus.tn\/#\/schema\/logo\/image\/\"},\"sameAs\":[\"https:\/\/www.facebook.com\/uniforconfection.uniformeplus\"],\"hasMerchantReturnPolicy\":{\"@type\":\"MerchantReturnPolicy\",\"merchantReturnLink\":\"https:\/\/uniformeplus.tn\/index.php\/politique-de-retour\/\"}}]}<\/script>\n<meta property=\"product:price:amount\" content=\"85.000\" \/>\n<meta property=\"product:price:currency\" content=\"TND\" \/>\n<meta property=\"og:availability\" content=\"instock\" \/>\n<meta property=\"product:availability\" content=\"instock\" \/>\n<meta property=\"product:condition\" content=\"new\" \/>\n<!-- \/ Yoast SEO Premium plugin. -->","yoast_head_json":{"title":"combinaison de travail uniforme","description":"COMBINAISON DE TRAVAIL - Tissu r\u00e9sistant en polyester coton, s\u00e9chage rapide, entretien facile - Poches : avant et arri\u00e8re, m\u00e8tre x2, poitrine, portable - Taille \u00e9lastiqu\u00e9e","robots":{"index":"index","follow":"follow","max-snippet":"max-snippet:-1","max-image-preview":"max-image-preview:large","max-video-preview":"max-video-preview:-1"},"canonical":"https:\/\/uniformeplus.tn\/index.php\/product\/combinaison-de-travail-uniforme\/","og_locale":"fr_FR","og_type":"article","og_title":"combinaison de travail uniforme","og_description":"COMBINAISON DE TRAVAIL - Tissu r\u00e9sistant en polyester coton, s\u00e9chage rapide, entretien facile - Poches : avant et arri\u00e8re, m\u00e8tre x2, poitrine, portable - Taille \u00e9lastiqu\u00e9e","og_url":"https:\/\/uniformeplus.tn\/index.php\/product\/combinaison-de-travail-uniforme\/","og_site_name":"uniformeplus - V\u00eatements de travail","article_publisher":"https:\/\/www.facebook.com\/uniforconfection.uniformeplus","article_modified_time":"2026-04-16T15:27:28+00:00","og_image":[{"width":899,"height":1000,"url":"https:\/\/uniformeplus.tn\/wp-content\/uploads\/2020\/11\/combinaison-de-travail-uniforme1.jpg","type":"image\/jpeg"}],"twitter_card":"summary_large_image","twitter_misc":{"Prix":"85.000&#x62f;.&#x62a;","Disponibilit\u00e9":"En stock"},"schema":{"@context":"https:\/\/schema.org","@graph":[{"@type":"WebPage","@id":"https:\/\/uniformeplus.tn\/index.php\/product\/combinaison-de-travail-uniforme\/","url":"https:\/\/uniformeplus.tn\/index.php\/product\/combinaison-de-travail-uniforme\/","name":"combinaison de travail uniforme","isPartOf":{"@id":"https:\/\/uniformeplus.tn\/#website"},"primaryImageOfPage":{"@id":"https:\/\/uniformeplus.tn\/index.php\/product\/combinaison-de-travail-uniforme\/#primaryimage"},"image":{"@id":"https:\/\/uniformeplus.tn\/index.php\/product\/combinaison-de-travail-uniforme\/#primaryimage"},"thumbnailUrl":"https:\/\/uniformeplus.tn\/wp-content\/uploads\/2020\/11\/combinaison-de-travail-uniforme1.jpg","datePublished":"2020-11-10T10:27:09+00:00","dateModified":"2026-04-16T15:27:28+00:00","description":"COMBINAISON DE TRAVAIL - Tissu r\u00e9sistant en polyester coton, s\u00e9chage rapide, entretien facile - Poches : avant et arri\u00e8re, m\u00e8tre x2, poitrine, portable - Taille \u00e9lastiqu\u00e9e","breadcrumb":{"@id":"https:\/\/uniformeplus.tn\/index.php\/product\/combinaison-de-travail-uniforme\/#breadcrumb"},"inLanguage":"fr-FR","potentialAction":[{"@type":"ReadAction","target":["https:\/\/uniformeplus.tn\/index.php\/product\/combinaison-de-travail-uniforme\/"]}]},{"@type":"ImageObject","inLanguage":"fr-FR","@id":"https:\/\/uniformeplus.tn\/index.php\/product\/combinaison-de-travail-uniforme\/#primaryimage","url":"https:\/\/uniformeplus.tn\/wp-content\/uploads\/2020\/11\/combinaison-de-travail-uniforme1.jpg","contentUrl":"https:\/\/uniformeplus.tn\/wp-content\/uploads\/2020\/11\/combinaison-de-travail-uniforme1.jpg","width":899,"height":1000},{"@type":"BreadcrumbList","@id":"https:\/\/uniformeplus.tn\/index.php\/product\/combinaison-de-travail-uniforme\/#breadcrumb","itemListElement":[{"@type":"ListItem","position":1,"name":"Accueil","item":"https:\/\/uniformeplus.tn\/"},{"@type":"ListItem","position":2,"name":"Shop","item":"https:\/\/uniformeplus.tn\/index.php\/shop-2\/"},{"@type":"ListItem","position":3,"name":"M\u00c9TIERS","item":"https:\/\/uniformeplus.tn\/index.php\/product-category\/metiers\/"},{"@type":"ListItem","position":4,"name":"TENUES POUR L'AUTOMOBILE","item":"https:\/\/uniformeplus.tn\/index.php\/product-category\/metiers\/tenues-pour-lautomobile\/"},{"@type":"ListItem","position":5,"name":"Carrossier","item":"https:\/\/uniformeplus.tn\/index.php\/product-category\/metiers\/tenues-pour-lautomobile\/carrossier\/"},{"@type":"ListItem","position":6,"name":"combinaison de travail uniforme"}]},{"@type":"WebSite","@id":"https:\/\/uniformeplus.tn\/#website","url":"https:\/\/uniformeplus.tn\/","name":"uniformeplus","description":"v\u00eatement de travail Tunisie","publisher":{"@id":"https:\/\/uniformeplus.tn\/#organization"},"alternateName":"tenue de travail en tunisie","potentialAction":[{"@type":"SearchAction","target":{"@type":"EntryPoint","urlTemplate":"https:\/\/uniformeplus.tn\/?s={search_term_string}"},"query-input":{"@type":"PropertyValueSpecification","valueRequired":true,"valueName":"search_term_string"}}],"inLanguage":"fr-FR"},{"@type":"Organization","@id":"https:\/\/uniformeplus.tn\/#organization","name":"tenue de travail","url":"https:\/\/uniformeplus.tn\/","logo":{"@type":"ImageObject","inLanguage":"fr-FR","@id":"https:\/\/uniformeplus.tn\/#\/schema\/logo\/image\/","url":"https:\/\/uniformeplus.tn\/wp-content\/uploads\/2021\/01\/logo.png","contentUrl":"https:\/\/uniformeplus.tn\/wp-content\/uploads\/2021\/01\/logo.png","width":112,"height":112,"caption":"tenue de travail"},"image":{"@id":"https:\/\/uniformeplus.tn\/#\/schema\/logo\/image\/"},"sameAs":["https:\/\/www.facebook.com\/uniforconfection.uniformeplus"],"hasMerchantReturnPolicy":{"@type":"MerchantReturnPolicy","merchantReturnLink":"https:\/\/uniformeplus.tn\/index.php\/politique-de-retour\/"}}]},"product_price_amount":"85.000","product_price_currency":"TND","og_availability":"instock","product_availability":"instock","product_condition":"new"},"_links":{"self":[{"href":"https:\/\/uniformeplus.tn\/index.php\/wp-json\/wp\/v2\/product\/14116","targetHints":{"allow":["GET"]}}],"collection":[{"href":"https:\/\/uniformeplus.tn\/index.php\/wp-json\/wp\/v2\/product"}],"about":[{"href":"https:\/\/uniformeplus.tn\/index.php\/wp-json\/wp\/v2\/types\/product"}],"replies":[{"embeddable":true,"href":"https:\/\/uniformeplus.tn\/index.php\/wp-json\/wp\/v2\/comments?post=14116"}],"wp:featuredmedia":[{"embeddable":true,"href":"https:\/\/uniformeplus.tn\/index.php\/wp-json\/wp\/v2\/media\/14120"}],"wp:attachment":[{"href":"https:\/\/uniformeplus.tn\/index.php\/wp-json\/wp\/v2\/media?parent=14116"}],"wp:term":[{"taxonomy":"product_brand","embeddable":true,"href":"https:\/\/uniformeplus.tn\/index.php\/wp-json\/wp\/v2\/product_brand?post=14116"},{"taxonomy":"product_cat","embeddable":true,"href":"https:\/\/uniformeplus.tn\/index.php\/wp-json\/wp\/v2\/product_cat?post=14116"},{"taxonomy":"product_tag","embeddable":true,"href":"https:\/\/uniformeplus.tn\/index.php\/wp-json\/wp\/v2\/product_tag?post=14116"}],"curies":[{"name":"wp","href":"https:\/\/api.w.org\/{rel}","templated":true}]}}