{"id":14212,"date":"2020-11-12T16:03:12","date_gmt":"2020-11-12T15:03:12","guid":{"rendered":"http:\/\/uniformeplus.tn\/?post_type=product&#038;p=14212"},"modified":"2023-03-29T16:13:03","modified_gmt":"2023-03-29T14:13:03","slug":"pantalon-de-travail-soudeur","status":"publish","type":"product","link":"https:\/\/uniformeplus.tn\/index.php\/product\/pantalon-de-travail-soudeur\/","title":{"rendered":"PANTALON DE TRAVAIL SOUDEUR"},"content":{"rendered":"","protected":false},"excerpt":{"rendered":"<p>Ce pantalon de travail 100% coton ignifug\u00e9 est adapt\u00e9 pour la soudure. Egalement fonctionnel et confortable, testez-le !<\/p>\n<ul>\n<li>2 poches avant, 1 poche arri\u00e8re et 2 poches cargo<\/li>\n<li>Taille elastiqu\u00e9e<\/li>\n<li>Double couture pour davantage de robustesse<\/li>\n<li>100% coton ignifug\u00e9<\/li>\n<li>Marine<\/li>\n<\/ul>\n","protected":false},"featured_media":14213,"comment_status":"open","ping_status":"closed","template":"","meta":{"_acf_changed":false},"product_brand":[],"product_cat":[298,297],"product_tag":[],"class_list":{"0":"post-14212","1":"product","2":"type-product","3":"status-publish","4":"has-post-thumbnail","6":"product_cat-soudeur-tenue-industrie-du-metal","7":"product_cat-tenue-industrie-du-metal","9":"first","10":"instock","11":"taxable","12":"shipping-taxable","13":"product-type-simple"},"acf":[],"yoast_head":"<!-- This site is optimized with the Yoast SEO Premium plugin v26.3 (Yoast SEO v26.3) - https:\/\/yoast.com\/wordpress\/plugins\/seo\/ -->\n<title>PANTALON DE TRAVAIL SOUDEUR - uniformeplus - V\u00eatements de travail<\/title>\n<meta name=\"description\" content=\"Ce pantalon de travail 100% coton ignifug\u00e9 est adapt\u00e9 pour la soudure. Egalement fonctionnel et confortable, testez-le !   2 poches avant, 1 poche arri\u00e8re et 2 poches cargo  Taille elastiqu\u00e9e  Double couture pour davantage de robustesse  100% coton ignifug\u00e9  Marine\" \/>\n<meta name=\"robots\" content=\"index, follow, max-snippet:-1, max-image-preview:large, max-video-preview:-1\" \/>\n<link rel=\"canonical\" href=\"https:\/\/uniformeplus.tn\/index.php\/product\/pantalon-de-travail-soudeur\/\" \/>\n<meta property=\"og:locale\" content=\"fr_FR\" \/>\n<meta property=\"og:type\" content=\"article\" \/>\n<meta property=\"og:title\" content=\"PANTALON DE TRAVAIL SOUDEUR\" \/>\n<meta property=\"og:description\" content=\"Ce pantalon de travail 100% coton ignifug\u00e9 est adapt\u00e9 pour la soudure. Egalement fonctionnel et confortable, testez-le !   2 poches avant, 1 poche arri\u00e8re et 2 poches cargo  Taille elastiqu\u00e9e  Double couture pour davantage de robustesse  100% coton ignifug\u00e9  Marine\" \/>\n<meta property=\"og:url\" content=\"https:\/\/uniformeplus.tn\/index.php\/product\/pantalon-de-travail-soudeur\/\" \/>\n<meta property=\"og:site_name\" content=\"uniformeplus - V\u00eatements de travail\" \/>\n<meta property=\"article:publisher\" content=\"https:\/\/www.facebook.com\/uniforconfection.uniformeplus\" \/>\n<meta property=\"article:modified_time\" content=\"2023-03-29T14:13:03+00:00\" \/>\n<meta property=\"og:image\" content=\"https:\/\/uniformeplus.tn\/wp-content\/uploads\/2020\/11\/15207934.jpg\" \/>\n\t<meta property=\"og:image:width\" content=\"900\" \/>\n\t<meta property=\"og:image:height\" content=\"1000\" \/>\n\t<meta property=\"og:image:type\" content=\"image\/jpeg\" \/>\n<meta name=\"twitter:card\" content=\"summary_large_image\" \/>\n<meta name=\"twitter:label1\" content=\"Prix\" \/>\n\t<meta name=\"twitter:data1\" content=\"\" \/>\n\t<meta name=\"twitter:label2\" content=\"Disponibilit\u00e9\" \/>\n\t<meta name=\"twitter:data2\" content=\"En stock\" \/>\n<script type=\"application\/ld+json\" class=\"yoast-schema-graph\">{\"@context\":\"https:\/\/schema.org\",\"@graph\":[{\"@type\":\"WebPage\",\"@id\":\"https:\/\/uniformeplus.tn\/index.php\/product\/pantalon-de-travail-soudeur\/\",\"url\":\"https:\/\/uniformeplus.tn\/index.php\/product\/pantalon-de-travail-soudeur\/\",\"name\":\"PANTALON DE TRAVAIL SOUDEUR - uniformeplus - V\u00eatements de travail\",\"isPartOf\":{\"@id\":\"https:\/\/uniformeplus.tn\/#website\"},\"primaryImageOfPage\":{\"@id\":\"https:\/\/uniformeplus.tn\/index.php\/product\/pantalon-de-travail-soudeur\/#primaryimage\"},\"image\":{\"@id\":\"https:\/\/uniformeplus.tn\/index.php\/product\/pantalon-de-travail-soudeur\/#primaryimage\"},\"thumbnailUrl\":\"https:\/\/uniformeplus.tn\/wp-content\/uploads\/2020\/11\/15207934.jpg\",\"datePublished\":\"2020-11-12T15:03:12+00:00\",\"dateModified\":\"2023-03-29T14:13:03+00:00\",\"description\":\"Ce pantalon de travail 100% coton ignifug\u00e9 est adapt\u00e9 pour la soudure. Egalement fonctionnel et confortable, testez-le ! 2 poches avant, 1 poche arri\u00e8re et 2 poches cargo Taille elastiqu\u00e9e Double couture pour davantage de robustesse 100% coton ignifug\u00e9 Marine\",\"breadcrumb\":{\"@id\":\"https:\/\/uniformeplus.tn\/index.php\/product\/pantalon-de-travail-soudeur\/#breadcrumb\"},\"inLanguage\":\"fr-FR\",\"potentialAction\":[{\"@type\":\"ReadAction\",\"target\":[\"https:\/\/uniformeplus.tn\/index.php\/product\/pantalon-de-travail-soudeur\/\"]}]},{\"@type\":\"ImageObject\",\"inLanguage\":\"fr-FR\",\"@id\":\"https:\/\/uniformeplus.tn\/index.php\/product\/pantalon-de-travail-soudeur\/#primaryimage\",\"url\":\"https:\/\/uniformeplus.tn\/wp-content\/uploads\/2020\/11\/15207934.jpg\",\"contentUrl\":\"https:\/\/uniformeplus.tn\/wp-content\/uploads\/2020\/11\/15207934.jpg\",\"width\":900,\"height\":1000,\"caption\":\"PANTALON DE TRAVAIL SOUDEUR\"},{\"@type\":\"BreadcrumbList\",\"@id\":\"https:\/\/uniformeplus.tn\/index.php\/product\/pantalon-de-travail-soudeur\/#breadcrumb\",\"itemListElement\":[{\"@type\":\"ListItem\",\"position\":1,\"name\":\"Accueil\",\"item\":\"https:\/\/uniformeplus.tn\/\"},{\"@type\":\"ListItem\",\"position\":2,\"name\":\"Shop\",\"item\":\"https:\/\/uniformeplus.tn\/index.php\/shop-2\/\"},{\"@type\":\"ListItem\",\"position\":3,\"name\":\"M\u00c9TIERS\",\"item\":\"https:\/\/uniformeplus.tn\/index.php\/product-category\/metiers\/\"},{\"@type\":\"ListItem\",\"position\":4,\"name\":\"TENUE INDUSTRIE DU M\u00c9TAL\",\"item\":\"https:\/\/uniformeplus.tn\/index.php\/product-category\/metiers\/tenue-industrie-du-metal\/\"},{\"@type\":\"ListItem\",\"position\":5,\"name\":\"Soudeur\",\"item\":\"https:\/\/uniformeplus.tn\/index.php\/product-category\/metiers\/tenue-industrie-du-metal\/soudeur-tenue-industrie-du-metal\/\"},{\"@type\":\"ListItem\",\"position\":6,\"name\":\"PANTALON DE TRAVAIL SOUDEUR\"}]},{\"@type\":\"WebSite\",\"@id\":\"https:\/\/uniformeplus.tn\/#website\",\"url\":\"https:\/\/uniformeplus.tn\/\",\"name\":\"uniformeplus\",\"description\":\"v\u00eatement de travail Tunisie\",\"publisher\":{\"@id\":\"https:\/\/uniformeplus.tn\/#organization\"},\"alternateName\":\"tenue de travail en tunisie\",\"potentialAction\":[{\"@type\":\"SearchAction\",\"target\":{\"@type\":\"EntryPoint\",\"urlTemplate\":\"https:\/\/uniformeplus.tn\/?s={search_term_string}\"},\"query-input\":{\"@type\":\"PropertyValueSpecification\",\"valueRequired\":true,\"valueName\":\"search_term_string\"}}],\"inLanguage\":\"fr-FR\"},{\"@type\":\"Organization\",\"@id\":\"https:\/\/uniformeplus.tn\/#organization\",\"name\":\"tenue de travail\",\"url\":\"https:\/\/uniformeplus.tn\/\",\"logo\":{\"@type\":\"ImageObject\",\"inLanguage\":\"fr-FR\",\"@id\":\"https:\/\/uniformeplus.tn\/#\/schema\/logo\/image\/\",\"url\":\"https:\/\/uniformeplus.tn\/wp-content\/uploads\/2021\/01\/logo.png\",\"contentUrl\":\"https:\/\/uniformeplus.tn\/wp-content\/uploads\/2021\/01\/logo.png\",\"width\":112,\"height\":112,\"caption\":\"tenue de travail\"},\"image\":{\"@id\":\"https:\/\/uniformeplus.tn\/#\/schema\/logo\/image\/\"},\"sameAs\":[\"https:\/\/www.facebook.com\/uniforconfection.uniformeplus\"],\"hasMerchantReturnPolicy\":{\"@type\":\"MerchantReturnPolicy\",\"merchantReturnLink\":\"https:\/\/uniformeplus.tn\/index.php\/politique-de-retour\/\"}}]}<\/script>\n<meta property=\"product:price:currency\" content=\"TND\" \/>\n<meta property=\"og:availability\" content=\"instock\" \/>\n<meta property=\"product:availability\" content=\"instock\" \/>\n<meta property=\"product:condition\" content=\"new\" \/>\n<!-- \/ Yoast SEO Premium plugin. -->","yoast_head_json":{"title":"PANTALON DE TRAVAIL SOUDEUR - uniformeplus - V\u00eatements de travail","description":"Ce pantalon de travail 100% coton ignifug\u00e9 est adapt\u00e9 pour la soudure. Egalement fonctionnel et confortable, testez-le !   2 poches avant, 1 poche arri\u00e8re et 2 poches cargo  Taille elastiqu\u00e9e  Double couture pour davantage de robustesse  100% coton ignifug\u00e9  Marine","robots":{"index":"index","follow":"follow","max-snippet":"max-snippet:-1","max-image-preview":"max-image-preview:large","max-video-preview":"max-video-preview:-1"},"canonical":"https:\/\/uniformeplus.tn\/index.php\/product\/pantalon-de-travail-soudeur\/","og_locale":"fr_FR","og_type":"article","og_title":"PANTALON DE TRAVAIL SOUDEUR","og_description":"Ce pantalon de travail 100% coton ignifug\u00e9 est adapt\u00e9 pour la soudure. Egalement fonctionnel et confortable, testez-le !   2 poches avant, 1 poche arri\u00e8re et 2 poches cargo  Taille elastiqu\u00e9e  Double couture pour davantage de robustesse  100% coton ignifug\u00e9  Marine","og_url":"https:\/\/uniformeplus.tn\/index.php\/product\/pantalon-de-travail-soudeur\/","og_site_name":"uniformeplus - V\u00eatements de travail","article_publisher":"https:\/\/www.facebook.com\/uniforconfection.uniformeplus","article_modified_time":"2023-03-29T14:13:03+00:00","og_image":[{"width":900,"height":1000,"url":"https:\/\/uniformeplus.tn\/wp-content\/uploads\/2020\/11\/15207934.jpg","type":"image\/jpeg"}],"twitter_card":"summary_large_image","twitter_misc":{"Prix":"","Disponibilit\u00e9":"En stock"},"schema":{"@context":"https:\/\/schema.org","@graph":[{"@type":"WebPage","@id":"https:\/\/uniformeplus.tn\/index.php\/product\/pantalon-de-travail-soudeur\/","url":"https:\/\/uniformeplus.tn\/index.php\/product\/pantalon-de-travail-soudeur\/","name":"PANTALON DE TRAVAIL SOUDEUR - uniformeplus - V\u00eatements de travail","isPartOf":{"@id":"https:\/\/uniformeplus.tn\/#website"},"primaryImageOfPage":{"@id":"https:\/\/uniformeplus.tn\/index.php\/product\/pantalon-de-travail-soudeur\/#primaryimage"},"image":{"@id":"https:\/\/uniformeplus.tn\/index.php\/product\/pantalon-de-travail-soudeur\/#primaryimage"},"thumbnailUrl":"https:\/\/uniformeplus.tn\/wp-content\/uploads\/2020\/11\/15207934.jpg","datePublished":"2020-11-12T15:03:12+00:00","dateModified":"2023-03-29T14:13:03+00:00","description":"Ce pantalon de travail 100% coton ignifug\u00e9 est adapt\u00e9 pour la soudure. Egalement fonctionnel et confortable, testez-le ! 2 poches avant, 1 poche arri\u00e8re et 2 poches cargo Taille elastiqu\u00e9e Double couture pour davantage de robustesse 100% coton ignifug\u00e9 Marine","breadcrumb":{"@id":"https:\/\/uniformeplus.tn\/index.php\/product\/pantalon-de-travail-soudeur\/#breadcrumb"},"inLanguage":"fr-FR","potentialAction":[{"@type":"ReadAction","target":["https:\/\/uniformeplus.tn\/index.php\/product\/pantalon-de-travail-soudeur\/"]}]},{"@type":"ImageObject","inLanguage":"fr-FR","@id":"https:\/\/uniformeplus.tn\/index.php\/product\/pantalon-de-travail-soudeur\/#primaryimage","url":"https:\/\/uniformeplus.tn\/wp-content\/uploads\/2020\/11\/15207934.jpg","contentUrl":"https:\/\/uniformeplus.tn\/wp-content\/uploads\/2020\/11\/15207934.jpg","width":900,"height":1000,"caption":"PANTALON DE TRAVAIL SOUDEUR"},{"@type":"BreadcrumbList","@id":"https:\/\/uniformeplus.tn\/index.php\/product\/pantalon-de-travail-soudeur\/#breadcrumb","itemListElement":[{"@type":"ListItem","position":1,"name":"Accueil","item":"https:\/\/uniformeplus.tn\/"},{"@type":"ListItem","position":2,"name":"Shop","item":"https:\/\/uniformeplus.tn\/index.php\/shop-2\/"},{"@type":"ListItem","position":3,"name":"M\u00c9TIERS","item":"https:\/\/uniformeplus.tn\/index.php\/product-category\/metiers\/"},{"@type":"ListItem","position":4,"name":"TENUE INDUSTRIE DU M\u00c9TAL","item":"https:\/\/uniformeplus.tn\/index.php\/product-category\/metiers\/tenue-industrie-du-metal\/"},{"@type":"ListItem","position":5,"name":"Soudeur","item":"https:\/\/uniformeplus.tn\/index.php\/product-category\/metiers\/tenue-industrie-du-metal\/soudeur-tenue-industrie-du-metal\/"},{"@type":"ListItem","position":6,"name":"PANTALON DE TRAVAIL SOUDEUR"}]},{"@type":"WebSite","@id":"https:\/\/uniformeplus.tn\/#website","url":"https:\/\/uniformeplus.tn\/","name":"uniformeplus","description":"v\u00eatement de travail Tunisie","publisher":{"@id":"https:\/\/uniformeplus.tn\/#organization"},"alternateName":"tenue de travail en tunisie","potentialAction":[{"@type":"SearchAction","target":{"@type":"EntryPoint","urlTemplate":"https:\/\/uniformeplus.tn\/?s={search_term_string}"},"query-input":{"@type":"PropertyValueSpecification","valueRequired":true,"valueName":"search_term_string"}}],"inLanguage":"fr-FR"},{"@type":"Organization","@id":"https:\/\/uniformeplus.tn\/#organization","name":"tenue de travail","url":"https:\/\/uniformeplus.tn\/","logo":{"@type":"ImageObject","inLanguage":"fr-FR","@id":"https:\/\/uniformeplus.tn\/#\/schema\/logo\/image\/","url":"https:\/\/uniformeplus.tn\/wp-content\/uploads\/2021\/01\/logo.png","contentUrl":"https:\/\/uniformeplus.tn\/wp-content\/uploads\/2021\/01\/logo.png","width":112,"height":112,"caption":"tenue de travail"},"image":{"@id":"https:\/\/uniformeplus.tn\/#\/schema\/logo\/image\/"},"sameAs":["https:\/\/www.facebook.com\/uniforconfection.uniformeplus"],"hasMerchantReturnPolicy":{"@type":"MerchantReturnPolicy","merchantReturnLink":"https:\/\/uniformeplus.tn\/index.php\/politique-de-retour\/"}}]},"product_price_currency":"TND","og_availability":"instock","product_availability":"instock","product_condition":"new"},"_links":{"self":[{"href":"https:\/\/uniformeplus.tn\/index.php\/wp-json\/wp\/v2\/product\/14212","targetHints":{"allow":["GET"]}}],"collection":[{"href":"https:\/\/uniformeplus.tn\/index.php\/wp-json\/wp\/v2\/product"}],"about":[{"href":"https:\/\/uniformeplus.tn\/index.php\/wp-json\/wp\/v2\/types\/product"}],"replies":[{"embeddable":true,"href":"https:\/\/uniformeplus.tn\/index.php\/wp-json\/wp\/v2\/comments?post=14212"}],"wp:featuredmedia":[{"embeddable":true,"href":"https:\/\/uniformeplus.tn\/index.php\/wp-json\/wp\/v2\/media\/14213"}],"wp:attachment":[{"href":"https:\/\/uniformeplus.tn\/index.php\/wp-json\/wp\/v2\/media?parent=14212"}],"wp:term":[{"taxonomy":"product_brand","embeddable":true,"href":"https:\/\/uniformeplus.tn\/index.php\/wp-json\/wp\/v2\/product_brand?post=14212"},{"taxonomy":"product_cat","embeddable":true,"href":"https:\/\/uniformeplus.tn\/index.php\/wp-json\/wp\/v2\/product_cat?post=14212"},{"taxonomy":"product_tag","embeddable":true,"href":"https:\/\/uniformeplus.tn\/index.php\/wp-json\/wp\/v2\/product_tag?post=14212"}],"curies":[{"name":"wp","href":"https:\/\/api.w.org\/{rel}","templated":true}]}}