{"id":15550,"date":"2020-12-12T10:12:03","date_gmt":"2020-12-12T09:12:03","guid":{"rendered":"http:\/\/uniformeplus.tn\/?post_type=product&#038;p=15550"},"modified":"2025-05-21T19:13:29","modified_gmt":"2025-05-21T17:13:29","slug":"pantalon-haute-visibilite-phvu001","status":"publish","type":"product","link":"https:\/\/uniformeplus.tn\/index.php\/product\/pantalon-haute-visibilite-phvu001\/","title":{"rendered":"PANTALON HAUTE VISIBILIT\u00c9 PHVU001"},"content":{"rendered":"<p>Ce pantalon haute visibilit\u00e9 polycoton de la marque Porwest est r\u00e9sistant, il dispose de 3 poches avant pour plus de rangement, et d&#8217;une poche arri\u00e8re. Il a une ceinture semi-\u00e9lastiqu\u00e9e pour un confort optimal. Tissu trait\u00e9 Texpel d\u00e9perlant<\/p>\n<p><strong>Caract\u00e9ristiques<\/strong><\/p>\n<ul>\n<li>Certifi\u00e9 CE<\/li>\n<li>Tissu polyester \/ coton durable avec finition Texpel d\u00e9perlante<\/li>\n<li>Conforme \u00e0 la norme GO \/ RT 3279 pour l&#8217;industrie ferroviaire<\/li>\n<li>3 poches pour plus de rangement<\/li>\n<li>Poche arri\u00e8re<\/li>\n<li>Ceinture semi-\u00e9lastiqu\u00e9e pour un ajustement s\u00e9curis\u00e9<\/li>\n<\/ul>\n<p><strong>Mati\u00e8res<\/strong><\/p>\n<ul>\n<li>Tissu exterieur : 80% polyester, 20% coton 280g<\/li>\n<\/ul>\n<p><strong>Normes<\/strong><\/p>\n<ul>\n<li>RIS-3279-TOM ISSUE 1 (ORANGE )<\/li>\n<li>EN ISO 20471 Class 2<\/li>\n<li>GO\/RT 3279 Issue 8<\/li>\n<\/ul>\n","protected":false},"excerpt":{"rendered":"<p>Ce pantalon haute visibilit\u00e9 polycoton de la marque Porwest est r\u00e9sistant, il dispose de 3 poches avant pour plus de rangement, et d&#8217;une poche arri\u00e8re. Il a une ceinture semi-\u00e9lastiqu\u00e9e<\/p>\n","protected":false},"featured_media":15551,"comment_status":"open","ping_status":"closed","template":"","meta":{"_acf_changed":false},"product_brand":[],"product_cat":[249,240,243,264,281,331,267,334,268,227],"product_tag":[],"class_list":{"0":"post-15550","1":"product","2":"type-product","3":"status-publish","4":"has-post-thumbnail","6":"product_cat-pantalons-de-travail-industrie-mecanique","7":"product_cat-ambulancier","8":"product_cat-batiment","9":"product_cat-btp-et-chantiers","10":"product_cat-depanneur","11":"product_cat-haute-visibilite","12":"product_cat-macon","13":"product_cat-pantalons-haute-visibilite","14":"product_cat-travaux-publics","15":"product_cat-vetement-de-travail","17":"first","18":"instock","19":"taxable","20":"shipping-taxable","21":"purchasable","22":"product-type-simple"},"acf":[],"yoast_head":"<!-- This site is optimized with the Yoast SEO Premium plugin v26.3 (Yoast SEO v26.3) - https:\/\/yoast.com\/wordpress\/plugins\/seo\/ -->\n<title>PANTALON HAUTE VISIBILIT\u00c9 PHVU001 - uniformeplus - V\u00eatements de travail<\/title>\n<meta name=\"description\" content=\"Ce pantalon haute visibilit\u00e9 polycoton de la marque Porwest est r\u00e9sistant, il dispose de 3 poches avant pour plus de rangement, et d&#039;une poche arri\u00e8re. Il\" \/>\n<meta name=\"robots\" content=\"index, follow, max-snippet:-1, max-image-preview:large, max-video-preview:-1\" \/>\n<link rel=\"canonical\" href=\"https:\/\/uniformeplus.tn\/index.php\/product\/pantalon-haute-visibilite-phvu001\/\" \/>\n<meta property=\"og:locale\" content=\"fr_FR\" \/>\n<meta property=\"og:type\" content=\"article\" \/>\n<meta property=\"og:title\" content=\"PANTALON HAUTE VISIBILIT\u00c9 PHVU001\" \/>\n<meta property=\"og:description\" content=\"Ce pantalon haute visibilit\u00e9 polycoton de la marque Porwest est r\u00e9sistant, il dispose de 3 poches avant pour plus de rangement, et d&#039;une poche arri\u00e8re. Il\" \/>\n<meta property=\"og:url\" content=\"https:\/\/uniformeplus.tn\/index.php\/product\/pantalon-haute-visibilite-phvu001\/\" \/>\n<meta property=\"og:site_name\" content=\"uniformeplus - V\u00eatements de travail\" \/>\n<meta property=\"article:publisher\" content=\"https:\/\/www.facebook.com\/uniforconfection.uniformeplus\" \/>\n<meta property=\"article:modified_time\" content=\"2025-05-21T17:13:29+00:00\" \/>\n<meta property=\"og:image\" content=\"https:\/\/uniformeplus.tn\/wp-content\/uploads\/2020\/12\/pantalon-haute-visibilite-polycoton-porwest-ris-orange_2.jpg\" \/>\n\t<meta property=\"og:image:width\" content=\"1000\" \/>\n\t<meta property=\"og:image:height\" content=\"1000\" \/>\n\t<meta property=\"og:image:type\" content=\"image\/jpeg\" \/>\n<meta name=\"twitter:card\" content=\"summary_large_image\" \/>\n<meta name=\"twitter:label1\" content=\"Prix\" \/>\n\t<meta name=\"twitter:data1\" content=\"45.000&#x62f;.&#x62a;\" \/>\n\t<meta name=\"twitter:label2\" content=\"Disponibilit\u00e9\" \/>\n\t<meta name=\"twitter:data2\" content=\"En stock\" \/>\n<script type=\"application\/ld+json\" class=\"yoast-schema-graph\">{\"@context\":\"https:\/\/schema.org\",\"@graph\":[{\"@type\":\"WebPage\",\"@id\":\"https:\/\/uniformeplus.tn\/index.php\/product\/pantalon-haute-visibilite-phvu001\/\",\"url\":\"https:\/\/uniformeplus.tn\/index.php\/product\/pantalon-haute-visibilite-phvu001\/\",\"name\":\"PANTALON HAUTE VISIBILIT\u00c9 PHVU001 - uniformeplus - V\u00eatements de travail\",\"isPartOf\":{\"@id\":\"https:\/\/uniformeplus.tn\/#website\"},\"primaryImageOfPage\":{\"@id\":\"https:\/\/uniformeplus.tn\/index.php\/product\/pantalon-haute-visibilite-phvu001\/#primaryimage\"},\"image\":{\"@id\":\"https:\/\/uniformeplus.tn\/index.php\/product\/pantalon-haute-visibilite-phvu001\/#primaryimage\"},\"thumbnailUrl\":\"https:\/\/uniformeplus.tn\/wp-content\/uploads\/2020\/12\/pantalon-haute-visibilite-polycoton-porwest-ris-orange_2.jpg\",\"datePublished\":\"2020-12-12T09:12:03+00:00\",\"dateModified\":\"2025-05-21T17:13:29+00:00\",\"description\":\"Ce pantalon haute visibilit\u00e9 polycoton de la marque Porwest est r\u00e9sistant, il dispose de 3 poches avant pour plus de rangement, et d'une poche arri\u00e8re. Il\",\"breadcrumb\":{\"@id\":\"https:\/\/uniformeplus.tn\/index.php\/product\/pantalon-haute-visibilite-phvu001\/#breadcrumb\"},\"inLanguage\":\"fr-FR\",\"potentialAction\":[{\"@type\":\"ReadAction\",\"target\":[\"https:\/\/uniformeplus.tn\/index.php\/product\/pantalon-haute-visibilite-phvu001\/\"]}]},{\"@type\":\"ImageObject\",\"inLanguage\":\"fr-FR\",\"@id\":\"https:\/\/uniformeplus.tn\/index.php\/product\/pantalon-haute-visibilite-phvu001\/#primaryimage\",\"url\":\"https:\/\/uniformeplus.tn\/wp-content\/uploads\/2020\/12\/pantalon-haute-visibilite-polycoton-porwest-ris-orange_2.jpg\",\"contentUrl\":\"https:\/\/uniformeplus.tn\/wp-content\/uploads\/2020\/12\/pantalon-haute-visibilite-polycoton-porwest-ris-orange_2.jpg\",\"width\":1000,\"height\":1000,\"caption\":\"PANTALON HAUTE VISIBILIT\u00c9\"},{\"@type\":\"BreadcrumbList\",\"@id\":\"https:\/\/uniformeplus.tn\/index.php\/product\/pantalon-haute-visibilite-phvu001\/#breadcrumb\",\"itemListElement\":[{\"@type\":\"ListItem\",\"position\":1,\"name\":\"Accueil\",\"item\":\"https:\/\/uniformeplus.tn\/\"},{\"@type\":\"ListItem\",\"position\":2,\"name\":\"Shop\",\"item\":\"https:\/\/uniformeplus.tn\/index.php\/shop-2\/\"},{\"@type\":\"ListItem\",\"position\":3,\"name\":\"M\u00c9TIERS\",\"item\":\"https:\/\/uniformeplus.tn\/index.php\/product-category\/metiers\/\"},{\"@type\":\"ListItem\",\"position\":4,\"name\":\"M\u00c9DICALES \/ BIEN-\u00caTRE\",\"item\":\"https:\/\/uniformeplus.tn\/index.php\/product-category\/metiers\/medicales-bien-etre\/\"},{\"@type\":\"ListItem\",\"position\":5,\"name\":\"AMBULANCIER\",\"item\":\"https:\/\/uniformeplus.tn\/index.php\/product-category\/metiers\/medicales-bien-etre\/ambulancier\/\"},{\"@type\":\"ListItem\",\"position\":6,\"name\":\"PANTALON HAUTE VISIBILIT\u00c9 PHVU001\"}]},{\"@type\":\"WebSite\",\"@id\":\"https:\/\/uniformeplus.tn\/#website\",\"url\":\"https:\/\/uniformeplus.tn\/\",\"name\":\"uniformeplus\",\"description\":\"v\u00eatement de travail Tunisie\",\"publisher\":{\"@id\":\"https:\/\/uniformeplus.tn\/#organization\"},\"alternateName\":\"tenue de travail en tunisie\",\"potentialAction\":[{\"@type\":\"SearchAction\",\"target\":{\"@type\":\"EntryPoint\",\"urlTemplate\":\"https:\/\/uniformeplus.tn\/?s={search_term_string}\"},\"query-input\":{\"@type\":\"PropertyValueSpecification\",\"valueRequired\":true,\"valueName\":\"search_term_string\"}}],\"inLanguage\":\"fr-FR\"},{\"@type\":\"Organization\",\"@id\":\"https:\/\/uniformeplus.tn\/#organization\",\"name\":\"tenue de travail\",\"url\":\"https:\/\/uniformeplus.tn\/\",\"logo\":{\"@type\":\"ImageObject\",\"inLanguage\":\"fr-FR\",\"@id\":\"https:\/\/uniformeplus.tn\/#\/schema\/logo\/image\/\",\"url\":\"https:\/\/uniformeplus.tn\/wp-content\/uploads\/2021\/01\/logo.png\",\"contentUrl\":\"https:\/\/uniformeplus.tn\/wp-content\/uploads\/2021\/01\/logo.png\",\"width\":112,\"height\":112,\"caption\":\"tenue de travail\"},\"image\":{\"@id\":\"https:\/\/uniformeplus.tn\/#\/schema\/logo\/image\/\"},\"sameAs\":[\"https:\/\/www.facebook.com\/uniforconfection.uniformeplus\"],\"hasMerchantReturnPolicy\":{\"@type\":\"MerchantReturnPolicy\",\"merchantReturnLink\":\"https:\/\/uniformeplus.tn\/index.php\/politique-de-retour\/\"}}]}<\/script>\n<meta property=\"product:price:amount\" content=\"45.000\" \/>\n<meta property=\"product:price:currency\" content=\"TND\" \/>\n<meta property=\"og:availability\" content=\"instock\" \/>\n<meta property=\"product:availability\" content=\"instock\" \/>\n<meta property=\"product:condition\" content=\"new\" \/>\n<!-- \/ Yoast SEO Premium plugin. -->","yoast_head_json":{"title":"PANTALON HAUTE VISIBILIT\u00c9 PHVU001 - uniformeplus - V\u00eatements de travail","description":"Ce pantalon haute visibilit\u00e9 polycoton de la marque Porwest est r\u00e9sistant, il dispose de 3 poches avant pour plus de rangement, et d'une poche arri\u00e8re. Il","robots":{"index":"index","follow":"follow","max-snippet":"max-snippet:-1","max-image-preview":"max-image-preview:large","max-video-preview":"max-video-preview:-1"},"canonical":"https:\/\/uniformeplus.tn\/index.php\/product\/pantalon-haute-visibilite-phvu001\/","og_locale":"fr_FR","og_type":"article","og_title":"PANTALON HAUTE VISIBILIT\u00c9 PHVU001","og_description":"Ce pantalon haute visibilit\u00e9 polycoton de la marque Porwest est r\u00e9sistant, il dispose de 3 poches avant pour plus de rangement, et d'une poche arri\u00e8re. Il","og_url":"https:\/\/uniformeplus.tn\/index.php\/product\/pantalon-haute-visibilite-phvu001\/","og_site_name":"uniformeplus - V\u00eatements de travail","article_publisher":"https:\/\/www.facebook.com\/uniforconfection.uniformeplus","article_modified_time":"2025-05-21T17:13:29+00:00","og_image":[{"width":1000,"height":1000,"url":"https:\/\/uniformeplus.tn\/wp-content\/uploads\/2020\/12\/pantalon-haute-visibilite-polycoton-porwest-ris-orange_2.jpg","type":"image\/jpeg"}],"twitter_card":"summary_large_image","twitter_misc":{"Prix":"45.000&#x62f;.&#x62a;","Disponibilit\u00e9":"En stock"},"schema":{"@context":"https:\/\/schema.org","@graph":[{"@type":"WebPage","@id":"https:\/\/uniformeplus.tn\/index.php\/product\/pantalon-haute-visibilite-phvu001\/","url":"https:\/\/uniformeplus.tn\/index.php\/product\/pantalon-haute-visibilite-phvu001\/","name":"PANTALON HAUTE VISIBILIT\u00c9 PHVU001 - uniformeplus - V\u00eatements de travail","isPartOf":{"@id":"https:\/\/uniformeplus.tn\/#website"},"primaryImageOfPage":{"@id":"https:\/\/uniformeplus.tn\/index.php\/product\/pantalon-haute-visibilite-phvu001\/#primaryimage"},"image":{"@id":"https:\/\/uniformeplus.tn\/index.php\/product\/pantalon-haute-visibilite-phvu001\/#primaryimage"},"thumbnailUrl":"https:\/\/uniformeplus.tn\/wp-content\/uploads\/2020\/12\/pantalon-haute-visibilite-polycoton-porwest-ris-orange_2.jpg","datePublished":"2020-12-12T09:12:03+00:00","dateModified":"2025-05-21T17:13:29+00:00","description":"Ce pantalon haute visibilit\u00e9 polycoton de la marque Porwest est r\u00e9sistant, il dispose de 3 poches avant pour plus de rangement, et d'une poche arri\u00e8re. Il","breadcrumb":{"@id":"https:\/\/uniformeplus.tn\/index.php\/product\/pantalon-haute-visibilite-phvu001\/#breadcrumb"},"inLanguage":"fr-FR","potentialAction":[{"@type":"ReadAction","target":["https:\/\/uniformeplus.tn\/index.php\/product\/pantalon-haute-visibilite-phvu001\/"]}]},{"@type":"ImageObject","inLanguage":"fr-FR","@id":"https:\/\/uniformeplus.tn\/index.php\/product\/pantalon-haute-visibilite-phvu001\/#primaryimage","url":"https:\/\/uniformeplus.tn\/wp-content\/uploads\/2020\/12\/pantalon-haute-visibilite-polycoton-porwest-ris-orange_2.jpg","contentUrl":"https:\/\/uniformeplus.tn\/wp-content\/uploads\/2020\/12\/pantalon-haute-visibilite-polycoton-porwest-ris-orange_2.jpg","width":1000,"height":1000,"caption":"PANTALON HAUTE VISIBILIT\u00c9"},{"@type":"BreadcrumbList","@id":"https:\/\/uniformeplus.tn\/index.php\/product\/pantalon-haute-visibilite-phvu001\/#breadcrumb","itemListElement":[{"@type":"ListItem","position":1,"name":"Accueil","item":"https:\/\/uniformeplus.tn\/"},{"@type":"ListItem","position":2,"name":"Shop","item":"https:\/\/uniformeplus.tn\/index.php\/shop-2\/"},{"@type":"ListItem","position":3,"name":"M\u00c9TIERS","item":"https:\/\/uniformeplus.tn\/index.php\/product-category\/metiers\/"},{"@type":"ListItem","position":4,"name":"M\u00c9DICALES \/ BIEN-\u00caTRE","item":"https:\/\/uniformeplus.tn\/index.php\/product-category\/metiers\/medicales-bien-etre\/"},{"@type":"ListItem","position":5,"name":"AMBULANCIER","item":"https:\/\/uniformeplus.tn\/index.php\/product-category\/metiers\/medicales-bien-etre\/ambulancier\/"},{"@type":"ListItem","position":6,"name":"PANTALON HAUTE VISIBILIT\u00c9 PHVU001"}]},{"@type":"WebSite","@id":"https:\/\/uniformeplus.tn\/#website","url":"https:\/\/uniformeplus.tn\/","name":"uniformeplus","description":"v\u00eatement de travail Tunisie","publisher":{"@id":"https:\/\/uniformeplus.tn\/#organization"},"alternateName":"tenue de travail en tunisie","potentialAction":[{"@type":"SearchAction","target":{"@type":"EntryPoint","urlTemplate":"https:\/\/uniformeplus.tn\/?s={search_term_string}"},"query-input":{"@type":"PropertyValueSpecification","valueRequired":true,"valueName":"search_term_string"}}],"inLanguage":"fr-FR"},{"@type":"Organization","@id":"https:\/\/uniformeplus.tn\/#organization","name":"tenue de travail","url":"https:\/\/uniformeplus.tn\/","logo":{"@type":"ImageObject","inLanguage":"fr-FR","@id":"https:\/\/uniformeplus.tn\/#\/schema\/logo\/image\/","url":"https:\/\/uniformeplus.tn\/wp-content\/uploads\/2021\/01\/logo.png","contentUrl":"https:\/\/uniformeplus.tn\/wp-content\/uploads\/2021\/01\/logo.png","width":112,"height":112,"caption":"tenue de travail"},"image":{"@id":"https:\/\/uniformeplus.tn\/#\/schema\/logo\/image\/"},"sameAs":["https:\/\/www.facebook.com\/uniforconfection.uniformeplus"],"hasMerchantReturnPolicy":{"@type":"MerchantReturnPolicy","merchantReturnLink":"https:\/\/uniformeplus.tn\/index.php\/politique-de-retour\/"}}]},"product_price_amount":"45.000","product_price_currency":"TND","og_availability":"instock","product_availability":"instock","product_condition":"new"},"_links":{"self":[{"href":"https:\/\/uniformeplus.tn\/index.php\/wp-json\/wp\/v2\/product\/15550","targetHints":{"allow":["GET"]}}],"collection":[{"href":"https:\/\/uniformeplus.tn\/index.php\/wp-json\/wp\/v2\/product"}],"about":[{"href":"https:\/\/uniformeplus.tn\/index.php\/wp-json\/wp\/v2\/types\/product"}],"replies":[{"embeddable":true,"href":"https:\/\/uniformeplus.tn\/index.php\/wp-json\/wp\/v2\/comments?post=15550"}],"wp:featuredmedia":[{"embeddable":true,"href":"https:\/\/uniformeplus.tn\/index.php\/wp-json\/wp\/v2\/media\/15551"}],"wp:attachment":[{"href":"https:\/\/uniformeplus.tn\/index.php\/wp-json\/wp\/v2\/media?parent=15550"}],"wp:term":[{"taxonomy":"product_brand","embeddable":true,"href":"https:\/\/uniformeplus.tn\/index.php\/wp-json\/wp\/v2\/product_brand?post=15550"},{"taxonomy":"product_cat","embeddable":true,"href":"https:\/\/uniformeplus.tn\/index.php\/wp-json\/wp\/v2\/product_cat?post=15550"},{"taxonomy":"product_tag","embeddable":true,"href":"https:\/\/uniformeplus.tn\/index.php\/wp-json\/wp\/v2\/product_tag?post=15550"}],"curies":[{"name":"wp","href":"https:\/\/api.w.org\/{rel}","templated":true}]}}