{"id":15554,"date":"2020-12-12T10:21:03","date_gmt":"2020-12-12T09:21:03","guid":{"rendered":"http:\/\/uniformeplus.tn\/?post_type=product&#038;p=15554"},"modified":"2025-05-21T19:15:36","modified_gmt":"2025-05-21T17:15:36","slug":"gilet-haute-visibilite-zippe-ghvu001","status":"publish","type":"product","link":"https:\/\/uniformeplus.tn\/index.php\/product\/gilet-haute-visibilite-zippe-ghvu001\/","title":{"rendered":"GILET HAUTE VISIBILIT\u00c9 ZIPP\u00c9 GHVU001"},"content":{"rendered":"<p>ce gilet haute visibilit\u00e9 zipp\u00e9\u00a0 poss\u00e8de un design r\u00e9volutionnaire. Pratique et confortable, ce gilet multipoches est id\u00e9al pour travailler. Il dispose de larges poches, d&#8217;un porte badge et d&#8217;une boucle porte radio.<\/p>\n<div class=\"value\">\n<p><strong>Caract\u00e9ristiques :<\/strong><\/p>\n<ul>\n<li>Certifi\u00e9 CE<\/li>\n<li>Boucle en D pour les clefs ou les badges<\/li>\n<li>7 poches pour plus de rangement<\/li>\n<li>Porte-badge \u00e0 double entr\u00e9e pour la pr\u00e9sentation de badge format paysage ou portrait<\/li>\n<\/ul>\n<p><strong>Mati\u00e8re :<\/strong><\/p>\n<ul>\n<li>100% polyester, tissage en cha\u00eene 125g<\/li>\n<\/ul>\n<p><strong>Normes :<\/strong><\/p>\n<ul>\n<li>EN ISO 20471 Class 2<\/li>\n<\/ul>\n<\/div>\n","protected":false},"excerpt":{"rendered":"<p>ce gilet haute visibilit\u00e9 zipp\u00e9\u00a0 poss\u00e8de un design r\u00e9volutionnaire. Pratique et confortable, ce gilet multipoches est id\u00e9al pour travailler. Il dispose de larges poches, d&#8217;un porte badge et d&#8217;une boucle<\/p>\n","protected":false},"featured_media":15555,"comment_status":"open","ping_status":"closed","template":"","meta":{"_acf_changed":false},"product_brand":[],"product_cat":[313,331],"product_tag":[],"class_list":{"0":"post-15554","1":"product","2":"type-product","3":"status-publish","4":"has-post-thumbnail","6":"product_cat-gilet-de-securite","7":"product_cat-haute-visibilite","9":"first","10":"instock","11":"taxable","12":"shipping-taxable","13":"purchasable","14":"product-type-simple"},"acf":[],"yoast_head":"<!-- This site is optimized with the Yoast SEO Premium plugin v26.3 (Yoast SEO v26.3) - https:\/\/yoast.com\/wordpress\/plugins\/seo\/ -->\n<title>GILET HAUTE VISIBILIT\u00c9 ZIPP\u00c9 GHVU001 - uniformeplus - V\u00eatements de travail<\/title>\n<meta name=\"description\" content=\"ce gilet haute visibilit\u00e9 zipp\u00e9\u00a0 poss\u00e8de un design r\u00e9volutionnaire. Pratique et confortable, ce gilet multipoches est id\u00e9al pour travailler. Il dispose de\" \/>\n<meta name=\"robots\" content=\"index, follow, max-snippet:-1, max-image-preview:large, max-video-preview:-1\" \/>\n<link rel=\"canonical\" href=\"https:\/\/uniformeplus.tn\/index.php\/product\/gilet-haute-visibilite-zippe-ghvu001\/\" \/>\n<meta property=\"og:locale\" content=\"fr_FR\" \/>\n<meta property=\"og:type\" content=\"article\" \/>\n<meta property=\"og:title\" content=\"GILET HAUTE VISIBILIT\u00c9 ZIPP\u00c9 GHVU001\" \/>\n<meta property=\"og:description\" content=\"ce gilet haute visibilit\u00e9 zipp\u00e9\u00a0 poss\u00e8de un design r\u00e9volutionnaire. Pratique et confortable, ce gilet multipoches est id\u00e9al pour travailler. Il dispose de\" \/>\n<meta property=\"og:url\" content=\"https:\/\/uniformeplus.tn\/index.php\/product\/gilet-haute-visibilite-zippe-ghvu001\/\" \/>\n<meta property=\"og:site_name\" content=\"uniformeplus - V\u00eatements de travail\" \/>\n<meta property=\"article:publisher\" content=\"https:\/\/www.facebook.com\/uniforconfection.uniformeplus\" \/>\n<meta property=\"article:modified_time\" content=\"2025-05-21T17:15:36+00:00\" \/>\n<meta property=\"og:image\" content=\"https:\/\/uniformeplus.tn\/wp-content\/uploads\/2020\/12\/gilet-de-securite-haute-visibilite-portwest-executive-prague-jaune-orange.jpg\" \/>\n\t<meta property=\"og:image:width\" content=\"1000\" \/>\n\t<meta property=\"og:image:height\" content=\"1000\" \/>\n\t<meta property=\"og:image:type\" content=\"image\/jpeg\" \/>\n<meta name=\"twitter:card\" content=\"summary_large_image\" \/>\n<meta name=\"twitter:label1\" content=\"Prix\" \/>\n\t<meta name=\"twitter:data1\" content=\"40.000&#x62f;.&#x62a;\" \/>\n\t<meta name=\"twitter:label2\" content=\"Disponibilit\u00e9\" \/>\n\t<meta name=\"twitter:data2\" content=\"En stock\" \/>\n<script type=\"application\/ld+json\" class=\"yoast-schema-graph\">{\"@context\":\"https:\/\/schema.org\",\"@graph\":[{\"@type\":\"WebPage\",\"@id\":\"https:\/\/uniformeplus.tn\/index.php\/product\/gilet-haute-visibilite-zippe-ghvu001\/\",\"url\":\"https:\/\/uniformeplus.tn\/index.php\/product\/gilet-haute-visibilite-zippe-ghvu001\/\",\"name\":\"GILET HAUTE VISIBILIT\u00c9 ZIPP\u00c9 GHVU001 - uniformeplus - V\u00eatements de travail\",\"isPartOf\":{\"@id\":\"https:\/\/uniformeplus.tn\/#website\"},\"primaryImageOfPage\":{\"@id\":\"https:\/\/uniformeplus.tn\/index.php\/product\/gilet-haute-visibilite-zippe-ghvu001\/#primaryimage\"},\"image\":{\"@id\":\"https:\/\/uniformeplus.tn\/index.php\/product\/gilet-haute-visibilite-zippe-ghvu001\/#primaryimage\"},\"thumbnailUrl\":\"https:\/\/uniformeplus.tn\/wp-content\/uploads\/2020\/12\/gilet-de-securite-haute-visibilite-portwest-executive-prague-jaune-orange.jpg\",\"datePublished\":\"2020-12-12T09:21:03+00:00\",\"dateModified\":\"2025-05-21T17:15:36+00:00\",\"description\":\"ce gilet haute visibilit\u00e9 zipp\u00e9\u00a0 poss\u00e8de un design r\u00e9volutionnaire. Pratique et confortable, ce gilet multipoches est id\u00e9al pour travailler. Il dispose de\",\"breadcrumb\":{\"@id\":\"https:\/\/uniformeplus.tn\/index.php\/product\/gilet-haute-visibilite-zippe-ghvu001\/#breadcrumb\"},\"inLanguage\":\"fr-FR\",\"potentialAction\":[{\"@type\":\"ReadAction\",\"target\":[\"https:\/\/uniformeplus.tn\/index.php\/product\/gilet-haute-visibilite-zippe-ghvu001\/\"]}]},{\"@type\":\"ImageObject\",\"inLanguage\":\"fr-FR\",\"@id\":\"https:\/\/uniformeplus.tn\/index.php\/product\/gilet-haute-visibilite-zippe-ghvu001\/#primaryimage\",\"url\":\"https:\/\/uniformeplus.tn\/wp-content\/uploads\/2020\/12\/gilet-de-securite-haute-visibilite-portwest-executive-prague-jaune-orange.jpg\",\"contentUrl\":\"https:\/\/uniformeplus.tn\/wp-content\/uploads\/2020\/12\/gilet-de-securite-haute-visibilite-portwest-executive-prague-jaune-orange.jpg\",\"width\":1000,\"height\":1000,\"caption\":\"GILET HAUTE VISIBILIT\u00c9 ZIPP\u00c9\"},{\"@type\":\"BreadcrumbList\",\"@id\":\"https:\/\/uniformeplus.tn\/index.php\/product\/gilet-haute-visibilite-zippe-ghvu001\/#breadcrumb\",\"itemListElement\":[{\"@type\":\"ListItem\",\"position\":1,\"name\":\"Accueil\",\"item\":\"https:\/\/uniformeplus.tn\/\"},{\"@type\":\"ListItem\",\"position\":2,\"name\":\"Shop\",\"item\":\"https:\/\/uniformeplus.tn\/index.php\/shop-2\/\"},{\"@type\":\"ListItem\",\"position\":3,\"name\":\"V\u00caTEMENT DE TRAVAIL\",\"item\":\"https:\/\/uniformeplus.tn\/index.php\/product-category\/vetement-de-travail\/\"},{\"@type\":\"ListItem\",\"position\":4,\"name\":\"HAUTE VISIBILIT\u00c9\",\"item\":\"https:\/\/uniformeplus.tn\/index.php\/product-category\/vetement-de-travail\/haute-visibilite\/\"},{\"@type\":\"ListItem\",\"position\":5,\"name\":\"Gilet de s\u00e9curit\u00e9\",\"item\":\"https:\/\/uniformeplus.tn\/index.php\/product-category\/vetement-de-travail\/haute-visibilite\/gilet-de-securite\/\"},{\"@type\":\"ListItem\",\"position\":6,\"name\":\"GILET HAUTE VISIBILIT\u00c9 ZIPP\u00c9 GHVU001\"}]},{\"@type\":\"WebSite\",\"@id\":\"https:\/\/uniformeplus.tn\/#website\",\"url\":\"https:\/\/uniformeplus.tn\/\",\"name\":\"uniformeplus\",\"description\":\"v\u00eatement de travail Tunisie\",\"publisher\":{\"@id\":\"https:\/\/uniformeplus.tn\/#organization\"},\"alternateName\":\"tenue de travail en tunisie\",\"potentialAction\":[{\"@type\":\"SearchAction\",\"target\":{\"@type\":\"EntryPoint\",\"urlTemplate\":\"https:\/\/uniformeplus.tn\/?s={search_term_string}\"},\"query-input\":{\"@type\":\"PropertyValueSpecification\",\"valueRequired\":true,\"valueName\":\"search_term_string\"}}],\"inLanguage\":\"fr-FR\"},{\"@type\":\"Organization\",\"@id\":\"https:\/\/uniformeplus.tn\/#organization\",\"name\":\"tenue de travail\",\"url\":\"https:\/\/uniformeplus.tn\/\",\"logo\":{\"@type\":\"ImageObject\",\"inLanguage\":\"fr-FR\",\"@id\":\"https:\/\/uniformeplus.tn\/#\/schema\/logo\/image\/\",\"url\":\"https:\/\/uniformeplus.tn\/wp-content\/uploads\/2021\/01\/logo.png\",\"contentUrl\":\"https:\/\/uniformeplus.tn\/wp-content\/uploads\/2021\/01\/logo.png\",\"width\":112,\"height\":112,\"caption\":\"tenue de travail\"},\"image\":{\"@id\":\"https:\/\/uniformeplus.tn\/#\/schema\/logo\/image\/\"},\"sameAs\":[\"https:\/\/www.facebook.com\/uniforconfection.uniformeplus\"],\"hasMerchantReturnPolicy\":{\"@type\":\"MerchantReturnPolicy\",\"merchantReturnLink\":\"https:\/\/uniformeplus.tn\/index.php\/politique-de-retour\/\"}}]}<\/script>\n<meta property=\"product:price:amount\" content=\"40.000\" \/>\n<meta property=\"product:price:currency\" content=\"TND\" \/>\n<meta property=\"og:availability\" content=\"instock\" \/>\n<meta property=\"product:availability\" content=\"instock\" \/>\n<meta property=\"product:condition\" content=\"new\" \/>\n<!-- \/ Yoast SEO Premium plugin. -->","yoast_head_json":{"title":"GILET HAUTE VISIBILIT\u00c9 ZIPP\u00c9 GHVU001 - uniformeplus - V\u00eatements de travail","description":"ce gilet haute visibilit\u00e9 zipp\u00e9\u00a0 poss\u00e8de un design r\u00e9volutionnaire. Pratique et confortable, ce gilet multipoches est id\u00e9al pour travailler. Il dispose de","robots":{"index":"index","follow":"follow","max-snippet":"max-snippet:-1","max-image-preview":"max-image-preview:large","max-video-preview":"max-video-preview:-1"},"canonical":"https:\/\/uniformeplus.tn\/index.php\/product\/gilet-haute-visibilite-zippe-ghvu001\/","og_locale":"fr_FR","og_type":"article","og_title":"GILET HAUTE VISIBILIT\u00c9 ZIPP\u00c9 GHVU001","og_description":"ce gilet haute visibilit\u00e9 zipp\u00e9\u00a0 poss\u00e8de un design r\u00e9volutionnaire. Pratique et confortable, ce gilet multipoches est id\u00e9al pour travailler. Il dispose de","og_url":"https:\/\/uniformeplus.tn\/index.php\/product\/gilet-haute-visibilite-zippe-ghvu001\/","og_site_name":"uniformeplus - V\u00eatements de travail","article_publisher":"https:\/\/www.facebook.com\/uniforconfection.uniformeplus","article_modified_time":"2025-05-21T17:15:36+00:00","og_image":[{"width":1000,"height":1000,"url":"https:\/\/uniformeplus.tn\/wp-content\/uploads\/2020\/12\/gilet-de-securite-haute-visibilite-portwest-executive-prague-jaune-orange.jpg","type":"image\/jpeg"}],"twitter_card":"summary_large_image","twitter_misc":{"Prix":"40.000&#x62f;.&#x62a;","Disponibilit\u00e9":"En stock"},"schema":{"@context":"https:\/\/schema.org","@graph":[{"@type":"WebPage","@id":"https:\/\/uniformeplus.tn\/index.php\/product\/gilet-haute-visibilite-zippe-ghvu001\/","url":"https:\/\/uniformeplus.tn\/index.php\/product\/gilet-haute-visibilite-zippe-ghvu001\/","name":"GILET HAUTE VISIBILIT\u00c9 ZIPP\u00c9 GHVU001 - uniformeplus - V\u00eatements de travail","isPartOf":{"@id":"https:\/\/uniformeplus.tn\/#website"},"primaryImageOfPage":{"@id":"https:\/\/uniformeplus.tn\/index.php\/product\/gilet-haute-visibilite-zippe-ghvu001\/#primaryimage"},"image":{"@id":"https:\/\/uniformeplus.tn\/index.php\/product\/gilet-haute-visibilite-zippe-ghvu001\/#primaryimage"},"thumbnailUrl":"https:\/\/uniformeplus.tn\/wp-content\/uploads\/2020\/12\/gilet-de-securite-haute-visibilite-portwest-executive-prague-jaune-orange.jpg","datePublished":"2020-12-12T09:21:03+00:00","dateModified":"2025-05-21T17:15:36+00:00","description":"ce gilet haute visibilit\u00e9 zipp\u00e9\u00a0 poss\u00e8de un design r\u00e9volutionnaire. Pratique et confortable, ce gilet multipoches est id\u00e9al pour travailler. Il dispose de","breadcrumb":{"@id":"https:\/\/uniformeplus.tn\/index.php\/product\/gilet-haute-visibilite-zippe-ghvu001\/#breadcrumb"},"inLanguage":"fr-FR","potentialAction":[{"@type":"ReadAction","target":["https:\/\/uniformeplus.tn\/index.php\/product\/gilet-haute-visibilite-zippe-ghvu001\/"]}]},{"@type":"ImageObject","inLanguage":"fr-FR","@id":"https:\/\/uniformeplus.tn\/index.php\/product\/gilet-haute-visibilite-zippe-ghvu001\/#primaryimage","url":"https:\/\/uniformeplus.tn\/wp-content\/uploads\/2020\/12\/gilet-de-securite-haute-visibilite-portwest-executive-prague-jaune-orange.jpg","contentUrl":"https:\/\/uniformeplus.tn\/wp-content\/uploads\/2020\/12\/gilet-de-securite-haute-visibilite-portwest-executive-prague-jaune-orange.jpg","width":1000,"height":1000,"caption":"GILET HAUTE VISIBILIT\u00c9 ZIPP\u00c9"},{"@type":"BreadcrumbList","@id":"https:\/\/uniformeplus.tn\/index.php\/product\/gilet-haute-visibilite-zippe-ghvu001\/#breadcrumb","itemListElement":[{"@type":"ListItem","position":1,"name":"Accueil","item":"https:\/\/uniformeplus.tn\/"},{"@type":"ListItem","position":2,"name":"Shop","item":"https:\/\/uniformeplus.tn\/index.php\/shop-2\/"},{"@type":"ListItem","position":3,"name":"V\u00caTEMENT DE TRAVAIL","item":"https:\/\/uniformeplus.tn\/index.php\/product-category\/vetement-de-travail\/"},{"@type":"ListItem","position":4,"name":"HAUTE VISIBILIT\u00c9","item":"https:\/\/uniformeplus.tn\/index.php\/product-category\/vetement-de-travail\/haute-visibilite\/"},{"@type":"ListItem","position":5,"name":"Gilet de s\u00e9curit\u00e9","item":"https:\/\/uniformeplus.tn\/index.php\/product-category\/vetement-de-travail\/haute-visibilite\/gilet-de-securite\/"},{"@type":"ListItem","position":6,"name":"GILET HAUTE VISIBILIT\u00c9 ZIPP\u00c9 GHVU001"}]},{"@type":"WebSite","@id":"https:\/\/uniformeplus.tn\/#website","url":"https:\/\/uniformeplus.tn\/","name":"uniformeplus","description":"v\u00eatement de travail Tunisie","publisher":{"@id":"https:\/\/uniformeplus.tn\/#organization"},"alternateName":"tenue de travail en tunisie","potentialAction":[{"@type":"SearchAction","target":{"@type":"EntryPoint","urlTemplate":"https:\/\/uniformeplus.tn\/?s={search_term_string}"},"query-input":{"@type":"PropertyValueSpecification","valueRequired":true,"valueName":"search_term_string"}}],"inLanguage":"fr-FR"},{"@type":"Organization","@id":"https:\/\/uniformeplus.tn\/#organization","name":"tenue de travail","url":"https:\/\/uniformeplus.tn\/","logo":{"@type":"ImageObject","inLanguage":"fr-FR","@id":"https:\/\/uniformeplus.tn\/#\/schema\/logo\/image\/","url":"https:\/\/uniformeplus.tn\/wp-content\/uploads\/2021\/01\/logo.png","contentUrl":"https:\/\/uniformeplus.tn\/wp-content\/uploads\/2021\/01\/logo.png","width":112,"height":112,"caption":"tenue de travail"},"image":{"@id":"https:\/\/uniformeplus.tn\/#\/schema\/logo\/image\/"},"sameAs":["https:\/\/www.facebook.com\/uniforconfection.uniformeplus"],"hasMerchantReturnPolicy":{"@type":"MerchantReturnPolicy","merchantReturnLink":"https:\/\/uniformeplus.tn\/index.php\/politique-de-retour\/"}}]},"product_price_amount":"40.000","product_price_currency":"TND","og_availability":"instock","product_availability":"instock","product_condition":"new"},"_links":{"self":[{"href":"https:\/\/uniformeplus.tn\/index.php\/wp-json\/wp\/v2\/product\/15554","targetHints":{"allow":["GET"]}}],"collection":[{"href":"https:\/\/uniformeplus.tn\/index.php\/wp-json\/wp\/v2\/product"}],"about":[{"href":"https:\/\/uniformeplus.tn\/index.php\/wp-json\/wp\/v2\/types\/product"}],"replies":[{"embeddable":true,"href":"https:\/\/uniformeplus.tn\/index.php\/wp-json\/wp\/v2\/comments?post=15554"}],"wp:featuredmedia":[{"embeddable":true,"href":"https:\/\/uniformeplus.tn\/index.php\/wp-json\/wp\/v2\/media\/15555"}],"wp:attachment":[{"href":"https:\/\/uniformeplus.tn\/index.php\/wp-json\/wp\/v2\/media?parent=15554"}],"wp:term":[{"taxonomy":"product_brand","embeddable":true,"href":"https:\/\/uniformeplus.tn\/index.php\/wp-json\/wp\/v2\/product_brand?post=15554"},{"taxonomy":"product_cat","embeddable":true,"href":"https:\/\/uniformeplus.tn\/index.php\/wp-json\/wp\/v2\/product_cat?post=15554"},{"taxonomy":"product_tag","embeddable":true,"href":"https:\/\/uniformeplus.tn\/index.php\/wp-json\/wp\/v2\/product_tag?post=15554"}],"curies":[{"name":"wp","href":"https:\/\/api.w.org\/{rel}","templated":true}]}}