{"id":15556,"date":"2020-12-12T10:27:41","date_gmt":"2020-12-12T09:27:41","guid":{"rendered":"http:\/\/uniformeplus.tn\/?post_type=product&#038;p=15556"},"modified":"2025-05-21T19:16:45","modified_gmt":"2025-05-21T17:16:45","slug":"t-shirt-haute-visibilite-col-v","status":"publish","type":"product","link":"https:\/\/uniformeplus.tn\/index.php\/product\/t-shirt-haute-visibilite-col-v\/","title":{"rendered":"T-SHIRT HAUTE VISIBILIT\u00c9 COL V"},"content":{"rendered":"<p>Le tee-shirt haute visibilit\u00e9dispose de d\u00e9tails r\u00e9fl\u00e9chissants \u00e9pousant la forme du tee-shirt. Mat\u00e9riaux avec fonction antibact\u00e9rienne. Certifi\u00e9 selon la norme EN 471 \/ ISO 20471 Classe 2. Le v\u00eatement prot\u00e8ge contre les rayons UV et a un indice de protection UV 40+. La partie r\u00e9fl\u00e9chissante a \u00e9t\u00e9 transf\u00e9r\u00e9e \u00e0 chaud.<\/p>\n<p>&nbsp;<\/p>\n<p>&nbsp;<\/p>\n<div class=\"value\">\n<p><strong>Composition:\u00a0<\/strong><\/p>\n<ul>\n<li>Visibilit\u00e9:\u00a0Bandes r\u00e9fl\u00e9chissantes 50 mm<\/li>\n<\/ul>\n<p><strong>D\u00e9tails:\u00a0<\/strong><\/p>\n<ul>\n<li>Col V<\/li>\n<\/ul>\n<p><strong>Normes:<\/strong><\/p>\n<ul>\n<li>EN 13758-2 UPF 40+<\/li>\n<li>EN ISO 20471, XXS classe 1, XS-5XL classe 2<\/li>\n<\/ul>\n<\/div>\n","protected":false},"excerpt":{"rendered":"<p>Le tee-shirt haute visibilit\u00e9dispose de d\u00e9tails r\u00e9fl\u00e9chissants \u00e9pousant la forme du tee-shirt. Mat\u00e9riaux avec fonction antibact\u00e9rienne. Certifi\u00e9 selon la norme EN 471 \/ ISO 20471 Classe 2. Le v\u00eatement prot\u00e8ge<\/p>\n","protected":false},"featured_media":15557,"comment_status":"open","ping_status":"closed","template":"","meta":{"_acf_changed":false},"product_brand":[],"product_cat":[243,264,279,331,267,333,268],"product_tag":[],"class_list":{"0":"post-15556","1":"product","2":"type-product","3":"status-publish","4":"has-post-thumbnail","6":"product_cat-batiment","7":"product_cat-btp-et-chantiers","8":"product_cat-garagiste","9":"product_cat-haute-visibilite","10":"product_cat-macon","11":"product_cat-t-shirt-haute-visibilite","12":"product_cat-travaux-publics","14":"first","15":"instock","16":"taxable","17":"shipping-taxable","18":"purchasable","19":"product-type-simple"},"acf":[],"yoast_head":"<!-- This site is optimized with the Yoast SEO Premium plugin v26.3 (Yoast SEO v26.3) - https:\/\/yoast.com\/wordpress\/plugins\/seo\/ -->\n<title>T-SHIRT HAUTE VISIBILIT\u00c9 COL V<\/title>\n<meta name=\"description\" content=\"Le tee-shirt haute visibilit\u00e9dispose de d\u00e9tails r\u00e9fl\u00e9chissants \u00e9pousant la forme du tee-shirt. Mat\u00e9riaux avec fonction antibact\u00e9rienne. Certifi\u00e9 selon la\" \/>\n<meta name=\"robots\" content=\"index, follow, max-snippet:-1, max-image-preview:large, max-video-preview:-1\" \/>\n<link rel=\"canonical\" href=\"https:\/\/uniformeplus.tn\/index.php\/product\/t-shirt-haute-visibilite-col-v\/\" \/>\n<meta property=\"og:locale\" content=\"fr_FR\" \/>\n<meta property=\"og:type\" content=\"article\" \/>\n<meta property=\"og:title\" content=\"T-SHIRT HAUTE VISIBILIT\u00c9 COL V\" \/>\n<meta property=\"og:description\" content=\"Le tee-shirt haute visibilit\u00e9dispose de d\u00e9tails r\u00e9fl\u00e9chissants \u00e9pousant la forme du tee-shirt. Mat\u00e9riaux avec fonction antibact\u00e9rienne. Certifi\u00e9 selon la\" \/>\n<meta property=\"og:url\" content=\"https:\/\/uniformeplus.tn\/index.php\/product\/t-shirt-haute-visibilite-col-v\/\" \/>\n<meta property=\"og:site_name\" content=\"uniformeplus - V\u00eatements de travail\" \/>\n<meta property=\"article:publisher\" content=\"https:\/\/www.facebook.com\/uniforconfection.uniformeplus\" \/>\n<meta property=\"article:modified_time\" content=\"2025-05-21T17:16:45+00:00\" \/>\n<meta property=\"og:image\" content=\"https:\/\/uniformeplus.tn\/wp-content\/uploads\/2020\/12\/t-shirt-haute-visibilite-anti-uv-et-odeur-blaklader-jaune.jpg\" \/>\n\t<meta property=\"og:image:width\" content=\"1000\" \/>\n\t<meta property=\"og:image:height\" content=\"1000\" \/>\n\t<meta property=\"og:image:type\" content=\"image\/jpeg\" \/>\n<meta name=\"twitter:card\" content=\"summary_large_image\" \/>\n<meta name=\"twitter:label1\" content=\"Prix\" \/>\n\t<meta name=\"twitter:data1\" content=\"15.000&#x62f;.&#x62a;\" \/>\n\t<meta name=\"twitter:label2\" content=\"Disponibilit\u00e9\" \/>\n\t<meta name=\"twitter:data2\" content=\"En stock\" \/>\n<script type=\"application\/ld+json\" class=\"yoast-schema-graph\">{\"@context\":\"https:\/\/schema.org\",\"@graph\":[{\"@type\":\"WebPage\",\"@id\":\"https:\/\/uniformeplus.tn\/index.php\/product\/t-shirt-haute-visibilite-col-v\/\",\"url\":\"https:\/\/uniformeplus.tn\/index.php\/product\/t-shirt-haute-visibilite-col-v\/\",\"name\":\"T-SHIRT HAUTE VISIBILIT\u00c9 COL V\",\"isPartOf\":{\"@id\":\"https:\/\/uniformeplus.tn\/#website\"},\"primaryImageOfPage\":{\"@id\":\"https:\/\/uniformeplus.tn\/index.php\/product\/t-shirt-haute-visibilite-col-v\/#primaryimage\"},\"image\":{\"@id\":\"https:\/\/uniformeplus.tn\/index.php\/product\/t-shirt-haute-visibilite-col-v\/#primaryimage\"},\"thumbnailUrl\":\"https:\/\/uniformeplus.tn\/wp-content\/uploads\/2020\/12\/t-shirt-haute-visibilite-anti-uv-et-odeur-blaklader-jaune.jpg\",\"datePublished\":\"2020-12-12T09:27:41+00:00\",\"dateModified\":\"2025-05-21T17:16:45+00:00\",\"description\":\"Le tee-shirt haute visibilit\u00e9dispose de d\u00e9tails r\u00e9fl\u00e9chissants \u00e9pousant la forme du tee-shirt. Mat\u00e9riaux avec fonction antibact\u00e9rienne. Certifi\u00e9 selon la\",\"breadcrumb\":{\"@id\":\"https:\/\/uniformeplus.tn\/index.php\/product\/t-shirt-haute-visibilite-col-v\/#breadcrumb\"},\"inLanguage\":\"fr-FR\",\"potentialAction\":[{\"@type\":\"ReadAction\",\"target\":[\"https:\/\/uniformeplus.tn\/index.php\/product\/t-shirt-haute-visibilite-col-v\/\"]}]},{\"@type\":\"ImageObject\",\"inLanguage\":\"fr-FR\",\"@id\":\"https:\/\/uniformeplus.tn\/index.php\/product\/t-shirt-haute-visibilite-col-v\/#primaryimage\",\"url\":\"https:\/\/uniformeplus.tn\/wp-content\/uploads\/2020\/12\/t-shirt-haute-visibilite-anti-uv-et-odeur-blaklader-jaune.jpg\",\"contentUrl\":\"https:\/\/uniformeplus.tn\/wp-content\/uploads\/2020\/12\/t-shirt-haute-visibilite-anti-uv-et-odeur-blaklader-jaune.jpg\",\"width\":1000,\"height\":1000,\"caption\":\"T-SHIRT HAUTE VISIBILIT\u00c9 COL V\"},{\"@type\":\"BreadcrumbList\",\"@id\":\"https:\/\/uniformeplus.tn\/index.php\/product\/t-shirt-haute-visibilite-col-v\/#breadcrumb\",\"itemListElement\":[{\"@type\":\"ListItem\",\"position\":1,\"name\":\"Accueil\",\"item\":\"https:\/\/uniformeplus.tn\/\"},{\"@type\":\"ListItem\",\"position\":2,\"name\":\"Shop\",\"item\":\"https:\/\/uniformeplus.tn\/index.php\/shop-2\/\"},{\"@type\":\"ListItem\",\"position\":3,\"name\":\"M\u00c9TIERS\",\"item\":\"https:\/\/uniformeplus.tn\/index.php\/product-category\/metiers\/\"},{\"@type\":\"ListItem\",\"position\":4,\"name\":\"TENUES POUR L'AUTOMOBILE\",\"item\":\"https:\/\/uniformeplus.tn\/index.php\/product-category\/metiers\/tenues-pour-lautomobile\/\"},{\"@type\":\"ListItem\",\"position\":5,\"name\":\"Garagiste\",\"item\":\"https:\/\/uniformeplus.tn\/index.php\/product-category\/metiers\/tenues-pour-lautomobile\/garagiste\/\"},{\"@type\":\"ListItem\",\"position\":6,\"name\":\"T-SHIRT HAUTE VISIBILIT\u00c9 COL V\"}]},{\"@type\":\"WebSite\",\"@id\":\"https:\/\/uniformeplus.tn\/#website\",\"url\":\"https:\/\/uniformeplus.tn\/\",\"name\":\"uniformeplus\",\"description\":\"v\u00eatement de travail Tunisie\",\"publisher\":{\"@id\":\"https:\/\/uniformeplus.tn\/#organization\"},\"alternateName\":\"tenue de travail en tunisie\",\"potentialAction\":[{\"@type\":\"SearchAction\",\"target\":{\"@type\":\"EntryPoint\",\"urlTemplate\":\"https:\/\/uniformeplus.tn\/?s={search_term_string}\"},\"query-input\":{\"@type\":\"PropertyValueSpecification\",\"valueRequired\":true,\"valueName\":\"search_term_string\"}}],\"inLanguage\":\"fr-FR\"},{\"@type\":\"Organization\",\"@id\":\"https:\/\/uniformeplus.tn\/#organization\",\"name\":\"tenue de travail\",\"url\":\"https:\/\/uniformeplus.tn\/\",\"logo\":{\"@type\":\"ImageObject\",\"inLanguage\":\"fr-FR\",\"@id\":\"https:\/\/uniformeplus.tn\/#\/schema\/logo\/image\/\",\"url\":\"https:\/\/uniformeplus.tn\/wp-content\/uploads\/2021\/01\/logo.png\",\"contentUrl\":\"https:\/\/uniformeplus.tn\/wp-content\/uploads\/2021\/01\/logo.png\",\"width\":112,\"height\":112,\"caption\":\"tenue de travail\"},\"image\":{\"@id\":\"https:\/\/uniformeplus.tn\/#\/schema\/logo\/image\/\"},\"sameAs\":[\"https:\/\/www.facebook.com\/uniforconfection.uniformeplus\"],\"hasMerchantReturnPolicy\":{\"@type\":\"MerchantReturnPolicy\",\"merchantReturnLink\":\"https:\/\/uniformeplus.tn\/index.php\/politique-de-retour\/\"}}]}<\/script>\n<meta property=\"product:price:amount\" content=\"15.000\" \/>\n<meta property=\"product:price:currency\" content=\"TND\" \/>\n<meta property=\"og:availability\" content=\"instock\" \/>\n<meta property=\"product:availability\" content=\"instock\" \/>\n<meta property=\"product:condition\" content=\"new\" \/>\n<!-- \/ Yoast SEO Premium plugin. -->","yoast_head_json":{"title":"T-SHIRT HAUTE VISIBILIT\u00c9 COL V","description":"Le tee-shirt haute visibilit\u00e9dispose de d\u00e9tails r\u00e9fl\u00e9chissants \u00e9pousant la forme du tee-shirt. Mat\u00e9riaux avec fonction antibact\u00e9rienne. Certifi\u00e9 selon la","robots":{"index":"index","follow":"follow","max-snippet":"max-snippet:-1","max-image-preview":"max-image-preview:large","max-video-preview":"max-video-preview:-1"},"canonical":"https:\/\/uniformeplus.tn\/index.php\/product\/t-shirt-haute-visibilite-col-v\/","og_locale":"fr_FR","og_type":"article","og_title":"T-SHIRT HAUTE VISIBILIT\u00c9 COL V","og_description":"Le tee-shirt haute visibilit\u00e9dispose de d\u00e9tails r\u00e9fl\u00e9chissants \u00e9pousant la forme du tee-shirt. Mat\u00e9riaux avec fonction antibact\u00e9rienne. Certifi\u00e9 selon la","og_url":"https:\/\/uniformeplus.tn\/index.php\/product\/t-shirt-haute-visibilite-col-v\/","og_site_name":"uniformeplus - V\u00eatements de travail","article_publisher":"https:\/\/www.facebook.com\/uniforconfection.uniformeplus","article_modified_time":"2025-05-21T17:16:45+00:00","og_image":[{"width":1000,"height":1000,"url":"https:\/\/uniformeplus.tn\/wp-content\/uploads\/2020\/12\/t-shirt-haute-visibilite-anti-uv-et-odeur-blaklader-jaune.jpg","type":"image\/jpeg"}],"twitter_card":"summary_large_image","twitter_misc":{"Prix":"15.000&#x62f;.&#x62a;","Disponibilit\u00e9":"En stock"},"schema":{"@context":"https:\/\/schema.org","@graph":[{"@type":"WebPage","@id":"https:\/\/uniformeplus.tn\/index.php\/product\/t-shirt-haute-visibilite-col-v\/","url":"https:\/\/uniformeplus.tn\/index.php\/product\/t-shirt-haute-visibilite-col-v\/","name":"T-SHIRT HAUTE VISIBILIT\u00c9 COL V","isPartOf":{"@id":"https:\/\/uniformeplus.tn\/#website"},"primaryImageOfPage":{"@id":"https:\/\/uniformeplus.tn\/index.php\/product\/t-shirt-haute-visibilite-col-v\/#primaryimage"},"image":{"@id":"https:\/\/uniformeplus.tn\/index.php\/product\/t-shirt-haute-visibilite-col-v\/#primaryimage"},"thumbnailUrl":"https:\/\/uniformeplus.tn\/wp-content\/uploads\/2020\/12\/t-shirt-haute-visibilite-anti-uv-et-odeur-blaklader-jaune.jpg","datePublished":"2020-12-12T09:27:41+00:00","dateModified":"2025-05-21T17:16:45+00:00","description":"Le tee-shirt haute visibilit\u00e9dispose de d\u00e9tails r\u00e9fl\u00e9chissants \u00e9pousant la forme du tee-shirt. Mat\u00e9riaux avec fonction antibact\u00e9rienne. Certifi\u00e9 selon la","breadcrumb":{"@id":"https:\/\/uniformeplus.tn\/index.php\/product\/t-shirt-haute-visibilite-col-v\/#breadcrumb"},"inLanguage":"fr-FR","potentialAction":[{"@type":"ReadAction","target":["https:\/\/uniformeplus.tn\/index.php\/product\/t-shirt-haute-visibilite-col-v\/"]}]},{"@type":"ImageObject","inLanguage":"fr-FR","@id":"https:\/\/uniformeplus.tn\/index.php\/product\/t-shirt-haute-visibilite-col-v\/#primaryimage","url":"https:\/\/uniformeplus.tn\/wp-content\/uploads\/2020\/12\/t-shirt-haute-visibilite-anti-uv-et-odeur-blaklader-jaune.jpg","contentUrl":"https:\/\/uniformeplus.tn\/wp-content\/uploads\/2020\/12\/t-shirt-haute-visibilite-anti-uv-et-odeur-blaklader-jaune.jpg","width":1000,"height":1000,"caption":"T-SHIRT HAUTE VISIBILIT\u00c9 COL V"},{"@type":"BreadcrumbList","@id":"https:\/\/uniformeplus.tn\/index.php\/product\/t-shirt-haute-visibilite-col-v\/#breadcrumb","itemListElement":[{"@type":"ListItem","position":1,"name":"Accueil","item":"https:\/\/uniformeplus.tn\/"},{"@type":"ListItem","position":2,"name":"Shop","item":"https:\/\/uniformeplus.tn\/index.php\/shop-2\/"},{"@type":"ListItem","position":3,"name":"M\u00c9TIERS","item":"https:\/\/uniformeplus.tn\/index.php\/product-category\/metiers\/"},{"@type":"ListItem","position":4,"name":"TENUES POUR L'AUTOMOBILE","item":"https:\/\/uniformeplus.tn\/index.php\/product-category\/metiers\/tenues-pour-lautomobile\/"},{"@type":"ListItem","position":5,"name":"Garagiste","item":"https:\/\/uniformeplus.tn\/index.php\/product-category\/metiers\/tenues-pour-lautomobile\/garagiste\/"},{"@type":"ListItem","position":6,"name":"T-SHIRT HAUTE VISIBILIT\u00c9 COL V"}]},{"@type":"WebSite","@id":"https:\/\/uniformeplus.tn\/#website","url":"https:\/\/uniformeplus.tn\/","name":"uniformeplus","description":"v\u00eatement de travail Tunisie","publisher":{"@id":"https:\/\/uniformeplus.tn\/#organization"},"alternateName":"tenue de travail en tunisie","potentialAction":[{"@type":"SearchAction","target":{"@type":"EntryPoint","urlTemplate":"https:\/\/uniformeplus.tn\/?s={search_term_string}"},"query-input":{"@type":"PropertyValueSpecification","valueRequired":true,"valueName":"search_term_string"}}],"inLanguage":"fr-FR"},{"@type":"Organization","@id":"https:\/\/uniformeplus.tn\/#organization","name":"tenue de travail","url":"https:\/\/uniformeplus.tn\/","logo":{"@type":"ImageObject","inLanguage":"fr-FR","@id":"https:\/\/uniformeplus.tn\/#\/schema\/logo\/image\/","url":"https:\/\/uniformeplus.tn\/wp-content\/uploads\/2021\/01\/logo.png","contentUrl":"https:\/\/uniformeplus.tn\/wp-content\/uploads\/2021\/01\/logo.png","width":112,"height":112,"caption":"tenue de travail"},"image":{"@id":"https:\/\/uniformeplus.tn\/#\/schema\/logo\/image\/"},"sameAs":["https:\/\/www.facebook.com\/uniforconfection.uniformeplus"],"hasMerchantReturnPolicy":{"@type":"MerchantReturnPolicy","merchantReturnLink":"https:\/\/uniformeplus.tn\/index.php\/politique-de-retour\/"}}]},"product_price_amount":"15.000","product_price_currency":"TND","og_availability":"instock","product_availability":"instock","product_condition":"new"},"_links":{"self":[{"href":"https:\/\/uniformeplus.tn\/index.php\/wp-json\/wp\/v2\/product\/15556","targetHints":{"allow":["GET"]}}],"collection":[{"href":"https:\/\/uniformeplus.tn\/index.php\/wp-json\/wp\/v2\/product"}],"about":[{"href":"https:\/\/uniformeplus.tn\/index.php\/wp-json\/wp\/v2\/types\/product"}],"replies":[{"embeddable":true,"href":"https:\/\/uniformeplus.tn\/index.php\/wp-json\/wp\/v2\/comments?post=15556"}],"wp:featuredmedia":[{"embeddable":true,"href":"https:\/\/uniformeplus.tn\/index.php\/wp-json\/wp\/v2\/media\/15557"}],"wp:attachment":[{"href":"https:\/\/uniformeplus.tn\/index.php\/wp-json\/wp\/v2\/media?parent=15556"}],"wp:term":[{"taxonomy":"product_brand","embeddable":true,"href":"https:\/\/uniformeplus.tn\/index.php\/wp-json\/wp\/v2\/product_brand?post=15556"},{"taxonomy":"product_cat","embeddable":true,"href":"https:\/\/uniformeplus.tn\/index.php\/wp-json\/wp\/v2\/product_cat?post=15556"},{"taxonomy":"product_tag","embeddable":true,"href":"https:\/\/uniformeplus.tn\/index.php\/wp-json\/wp\/v2\/product_tag?post=15556"}],"curies":[{"name":"wp","href":"https:\/\/api.w.org\/{rel}","templated":true}]}}