{"id":15992,"date":"2020-12-21T16:04:58","date_gmt":"2020-12-21T15:04:58","guid":{"rendered":"http:\/\/uniformeplus.tn\/?post_type=product&#038;p=15992"},"modified":"2025-05-21T19:18:20","modified_gmt":"2025-05-21T17:18:20","slug":"veste-de-travail-bleu-bugatti-pbv","status":"publish","type":"product","link":"https:\/\/uniformeplus.tn\/index.php\/product\/veste-de-travail-bleu-bugatti-pbv\/","title":{"rendered":"Veste de travail Bleu Bugatti"},"content":{"rendered":"<h2>Veste bleu de travail PBV<\/h2>\n<p>Cette<a href=\"http:\/\/uniformeplus.tn\/index.php\/product\/veste-de-travail-bleu-bugatti-pbv\/\"><strong> v<\/strong><strong>este professionnelle<\/strong><\/a> est un classique du vestiaire. Robuste, confortable et pas cher, c\u2019est un v\u00eatement de travail au tr\u00e8s bon rapport qualit\u00e9\/prix. Elle se porte facilement par-dessus un tee shirt ou une chemise et offre une bonne protection contre les frottements et les agressions m\u00e9caniques mineures. Le tissu 35% coton 65%polyester de 330 g\/m\u00b2 conf\u00e8re au v\u00eatement une tr\u00e8s bonne<strong>\u00a0solidit\u00e9<\/strong>\u00a0et un grand\u00a0<strong>confort<\/strong>.<\/p>\n<h2>Une tenue de travail fonctionnelle<\/h2>\n<p>La<a href=\"http:\/\/www.uniformeplus.tn\/index.php\/product\/veste-de-travail-bleu-bugatti-pbv\/\">\u00a0<strong>veste pro Bleu Bugatti<\/strong><\/a> est un haut de travail \u00e0 la fois r\u00e9sistant et fonctionnel. Elle est \u00e9quip\u00e9e de 3<strong>poches<\/strong>\u00a0pratiques pour le petit mat\u00e9riel et les accessoires du quotidien. On retrouve une poche poitrine, deux poches basses et une poche int\u00e9rieure. Les poignets sont ferm\u00e9s par boutons et la fermeture principale \u00e0 boutons est cach\u00e9e sous patte. Une veste de travail polyvalente qui conviendra aux artisans et aux professionnels de l\u2019industrie.<\/p>\n<p><strong>Caract\u00e9ristiques<\/strong>\u00a0:<\/p>\n<ul>\n<li>Veste de travail<\/li>\n<li>Couleur unie<\/li>\n<li>Fermeture boutons sous pattes<\/li>\n<li>Poignets boutonn\u00e9s<\/li>\n<li>Une poche poitrine<\/li>\n<li>Deux poches basses<\/li>\n<\/ul>\n<h3 class=\"page-product-heading\">FICHE TECHNIQUE<\/h3>\n<table class=\"table-data-sheet\">\n<tbody>\n<tr class=\"odd\">\n<td>Forme<\/td>\n<td>Veste de Travail<\/td>\n<\/tr>\n<tr class=\"even\">\n<td>Genre<\/td>\n<td>Mixte<\/td>\n<\/tr>\n<tr class=\"odd\">\n<td>Secteur<\/td>\n<td>Artisanat \/ BTP, Industrie, Maintenance, M\u00e9canicien<\/td>\n<\/tr>\n<tr class=\"even\">\n<td>Composition<\/td>\n<td>35% Coton 65%ployester<\/td>\n<\/tr>\n<tr class=\"odd\">\n<td>Grammage<\/td>\n<td>330 g\/m\u00b2<\/td>\n<\/tr>\n<tr class=\"even\">\n<td>Collection<\/td>\n<td>35% Coton 65%ployester<\/td>\n<\/tr>\n<tr class=\"odd\">\n<td>Tailles<\/td>\n<td>S \u00e0 5XL<\/td>\n<\/tr>\n<tr class=\"even\">\n<td>Coloris<\/td>\n<td>Bleu<\/td>\n<\/tr>\n<tr class=\"odd\">\n<td>Lavage<\/td>\n<td>90\u00b0<\/td>\n<\/tr>\n<tr class=\"even\">\n<td>Chlorage<\/td>\n<td>Non<\/td>\n<\/tr>\n<tr class=\"odd\">\n<td>Repassage<\/td>\n<td>Repasser \u00e0 temp\u00e9rature \u00e9lev\u00e9e (c&#8217;est-\u00e0-dire 200 \u00b0C maximum).<\/td>\n<\/tr>\n<tr class=\"even\">\n<td>S\u00e9chage<\/td>\n<td>Choisissez le programme d\u00e9licat du s\u00e8che-linge.<\/td>\n<\/tr>\n<tr class=\"odd\">\n<td>Nettoyage \u00e0 Sec<\/td>\n<td>Le v\u00eatement peut \u00eatre lav\u00e9 avec du perchlor\u00e9thyl\u00e8ne.<\/td>\n<\/tr>\n<tr class=\"even\">\n<td>Fermeture<\/td>\n<td>Fermeture \u00e0 boutons sous-patte<\/td>\n<\/tr>\n<\/tbody>\n<\/table>\n<h2><strong>TAILLE<\/strong><\/h2>\n<p><img decoding=\"async\" class=\"aligncenter size-full wp-image-15995\" src=\"http:\/\/uniformeplus.tn\/wp-content\/uploads\/2020\/12\/guide.jpg\" alt=\"\" width=\"522\" height=\"766\" srcset=\"https:\/\/uniformeplus.tn\/wp-content\/uploads\/2020\/12\/guide.jpg 522w, https:\/\/uniformeplus.tn\/wp-content\/uploads\/2020\/12\/guide-204x300.jpg 204w\" sizes=\"(max-width: 522px) 100vw, 522px\" \/><\/p>\n","protected":false},"excerpt":{"rendered":"<p><strong>R\u00e9f\u00e9rence : VTBBMF<\/strong><\/p>\n<p>fermeture boutons sous-patte, poignets boutons, 1 poche poitrine, 2 poches basses, 1 poche int\u00e9rieure<\/p>\n<p><u>Qualit\u00e9 <\/u>: 35% Coton 65%ployester 330 gr\/m\u00b2 SANFOR<\/p>\n<p>Tailles: 0-7<\/p>\n<p><u>Couleurs<\/u>: Bugatti<\/p>\n<p><u>Colisage<\/u>\u00a0: 20 pi\u00e8ces<\/p>\n","protected":false},"featured_media":15993,"comment_status":"open","ping_status":"closed","template":"","meta":{"_acf_changed":false},"product_brand":[],"product_cat":[264,270,280,289,304,266,281,287,279,235,267,278,269,302,271,288,290,303,301,237,286,277,268,250],"product_tag":[],"class_list":{"0":"post-15992","1":"product","2":"type-product","3":"status-publish","4":"has-post-thumbnail","6":"product_cat-btp-et-chantiers","7":"product_cat-carreleur","8":"product_cat-carrossier","9":"product_cat-chauffagiste","10":"product_cat-construction-industrielle","11":"product_cat-couvreur-zingueur","12":"product_cat-depanneur","13":"product_cat-electricien","14":"product_cat-garagiste","15":"product_cat-industrie","16":"product_cat-macon","17":"product_cat-mecanicien","18":"product_cat-ouvrier","19":"product_cat-ouvrier-industrie","20":"product_cat-platrier","21":"product_cat-plombier","22":"product_cat-serrurier","23":"product_cat-service-maintenance","24":"product_cat-technicien","25":"product_cat-technicien-operateur-maintenance","26":"product_cat-tenues-pour-installateurs","27":"product_cat-tenues-pour-lautomobile","28":"product_cat-travaux-publics","29":"product_cat-vestes-de-travail-tunisie","31":"first","32":"instock","33":"taxable","34":"shipping-taxable","35":"purchasable","36":"product-type-simple"},"acf":[],"yoast_head":"<!-- This site is optimized with the Yoast SEO Premium plugin v26.3 (Yoast SEO v26.3) - https:\/\/yoast.com\/wordpress\/plugins\/seo\/ -->\n<title>Veste de travail Bleu Bugatti<\/title>\n<meta name=\"description\" content=\"R\u00e9f\u00e9rence : VTBBMF  fermeture boutons sous-patte, poignets boutons, 1 poche poitrine, 2 poches basses, 1 poche int\u00e9rieure  Qualit\u00e9 : 35% Coton 65%ployester 330 gr\/m\u00b2 SANFOR  Tailles: 0-7  Couleurs: Bugatti  Colisage\u00a0: 20 pi\u00e8ces\" \/>\n<meta name=\"robots\" content=\"index, follow, max-snippet:-1, max-image-preview:large, max-video-preview:-1\" \/>\n<link rel=\"canonical\" href=\"https:\/\/uniformeplus.tn\/index.php\/product\/veste-de-travail-bleu-bugatti-pbv\/\" \/>\n<meta property=\"og:locale\" content=\"fr_FR\" \/>\n<meta property=\"og:type\" content=\"article\" \/>\n<meta property=\"og:title\" content=\"Veste de travail Bleu Bugatti\" \/>\n<meta property=\"og:description\" content=\"R\u00e9f\u00e9rence : VTBBMF  fermeture boutons sous-patte, poignets boutons, 1 poche poitrine, 2 poches basses, 1 poche int\u00e9rieure  Qualit\u00e9 : 35% Coton 65%ployester 330 gr\/m\u00b2 SANFOR  Tailles: 0-7  Couleurs: Bugatti  Colisage\u00a0: 20 pi\u00e8ces\" \/>\n<meta property=\"og:url\" content=\"https:\/\/uniformeplus.tn\/index.php\/product\/veste-de-travail-bleu-bugatti-pbv\/\" \/>\n<meta property=\"og:site_name\" content=\"uniformeplus - V\u00eatements de travail\" \/>\n<meta property=\"article:publisher\" content=\"https:\/\/www.facebook.com\/uniforconfection.uniformeplus\" \/>\n<meta property=\"article:modified_time\" content=\"2025-05-21T17:18:20+00:00\" \/>\n<meta property=\"og:image\" content=\"https:\/\/uniformeplus.tn\/wp-content\/uploads\/2020\/12\/veste-de-travail-100-coton-bugatti-boutons-sous-patte-330-grm-sanfor.jpg\" \/>\n\t<meta property=\"og:image:width\" content=\"1336\" \/>\n\t<meta property=\"og:image:height\" content=\"1336\" \/>\n\t<meta property=\"og:image:type\" content=\"image\/jpeg\" \/>\n<meta name=\"twitter:card\" content=\"summary_large_image\" \/>\n<meta name=\"twitter:label1\" content=\"Prix\" \/>\n\t<meta name=\"twitter:data1\" content=\"35.000&#x62f;.&#x62a;\" \/>\n\t<meta name=\"twitter:label2\" content=\"Disponibilit\u00e9\" \/>\n\t<meta name=\"twitter:data2\" content=\"En stock\" \/>\n<script type=\"application\/ld+json\" class=\"yoast-schema-graph\">{\"@context\":\"https:\/\/schema.org\",\"@graph\":[{\"@type\":\"WebPage\",\"@id\":\"https:\/\/uniformeplus.tn\/index.php\/product\/veste-de-travail-bleu-bugatti-pbv\/\",\"url\":\"https:\/\/uniformeplus.tn\/index.php\/product\/veste-de-travail-bleu-bugatti-pbv\/\",\"name\":\"Veste de travail Bleu Bugatti\",\"isPartOf\":{\"@id\":\"https:\/\/uniformeplus.tn\/#website\"},\"primaryImageOfPage\":{\"@id\":\"https:\/\/uniformeplus.tn\/index.php\/product\/veste-de-travail-bleu-bugatti-pbv\/#primaryimage\"},\"image\":{\"@id\":\"https:\/\/uniformeplus.tn\/index.php\/product\/veste-de-travail-bleu-bugatti-pbv\/#primaryimage\"},\"thumbnailUrl\":\"https:\/\/uniformeplus.tn\/wp-content\/uploads\/2020\/12\/veste-de-travail-100-coton-bugatti-boutons-sous-patte-330-grm-sanfor.jpg\",\"datePublished\":\"2020-12-21T15:04:58+00:00\",\"dateModified\":\"2025-05-21T17:18:20+00:00\",\"description\":\"R\u00e9f\u00e9rence : VTBBMF fermeture boutons sous-patte, poignets boutons, 1 poche poitrine, 2 poches basses, 1 poche int\u00e9rieure Qualit\u00e9 : 35% Coton 65%ployester 330 gr\/m\u00b2 SANFOR Tailles: 0-7 Couleurs: Bugatti Colisage\u00a0: 20 pi\u00e8ces\",\"breadcrumb\":{\"@id\":\"https:\/\/uniformeplus.tn\/index.php\/product\/veste-de-travail-bleu-bugatti-pbv\/#breadcrumb\"},\"inLanguage\":\"fr-FR\",\"potentialAction\":[{\"@type\":\"ReadAction\",\"target\":[\"https:\/\/uniformeplus.tn\/index.php\/product\/veste-de-travail-bleu-bugatti-pbv\/\"]}]},{\"@type\":\"ImageObject\",\"inLanguage\":\"fr-FR\",\"@id\":\"https:\/\/uniformeplus.tn\/index.php\/product\/veste-de-travail-bleu-bugatti-pbv\/#primaryimage\",\"url\":\"https:\/\/uniformeplus.tn\/wp-content\/uploads\/2020\/12\/veste-de-travail-100-coton-bugatti-boutons-sous-patte-330-grm-sanfor.jpg\",\"contentUrl\":\"https:\/\/uniformeplus.tn\/wp-content\/uploads\/2020\/12\/veste-de-travail-100-coton-bugatti-boutons-sous-patte-330-grm-sanfor.jpg\",\"width\":1336,\"height\":1336,\"caption\":\"Veste de travail Bleu Bugatti\"},{\"@type\":\"BreadcrumbList\",\"@id\":\"https:\/\/uniformeplus.tn\/index.php\/product\/veste-de-travail-bleu-bugatti-pbv\/#breadcrumb\",\"itemListElement\":[{\"@type\":\"ListItem\",\"position\":1,\"name\":\"Accueil\",\"item\":\"https:\/\/uniformeplus.tn\/\"},{\"@type\":\"ListItem\",\"position\":2,\"name\":\"Shop\",\"item\":\"https:\/\/uniformeplus.tn\/index.php\/shop-2\/\"},{\"@type\":\"ListItem\",\"position\":3,\"name\":\"M\u00c9TIERS\",\"item\":\"https:\/\/uniformeplus.tn\/index.php\/product-category\/metiers\/\"},{\"@type\":\"ListItem\",\"position\":4,\"name\":\"BTP ET CHANTIERS\",\"item\":\"https:\/\/uniformeplus.tn\/index.php\/product-category\/metiers\/btp-et-chantiers\/\"},{\"@type\":\"ListItem\",\"position\":5,\"name\":\"Carreleur\",\"item\":\"https:\/\/uniformeplus.tn\/index.php\/product-category\/metiers\/btp-et-chantiers\/carreleur\/\"},{\"@type\":\"ListItem\",\"position\":6,\"name\":\"Veste de travail Bleu Bugatti\"}]},{\"@type\":\"WebSite\",\"@id\":\"https:\/\/uniformeplus.tn\/#website\",\"url\":\"https:\/\/uniformeplus.tn\/\",\"name\":\"uniformeplus\",\"description\":\"v\u00eatement de travail Tunisie\",\"publisher\":{\"@id\":\"https:\/\/uniformeplus.tn\/#organization\"},\"alternateName\":\"tenue de travail en tunisie\",\"potentialAction\":[{\"@type\":\"SearchAction\",\"target\":{\"@type\":\"EntryPoint\",\"urlTemplate\":\"https:\/\/uniformeplus.tn\/?s={search_term_string}\"},\"query-input\":{\"@type\":\"PropertyValueSpecification\",\"valueRequired\":true,\"valueName\":\"search_term_string\"}}],\"inLanguage\":\"fr-FR\"},{\"@type\":\"Organization\",\"@id\":\"https:\/\/uniformeplus.tn\/#organization\",\"name\":\"tenue de travail\",\"url\":\"https:\/\/uniformeplus.tn\/\",\"logo\":{\"@type\":\"ImageObject\",\"inLanguage\":\"fr-FR\",\"@id\":\"https:\/\/uniformeplus.tn\/#\/schema\/logo\/image\/\",\"url\":\"https:\/\/uniformeplus.tn\/wp-content\/uploads\/2021\/01\/logo.png\",\"contentUrl\":\"https:\/\/uniformeplus.tn\/wp-content\/uploads\/2021\/01\/logo.png\",\"width\":112,\"height\":112,\"caption\":\"tenue de travail\"},\"image\":{\"@id\":\"https:\/\/uniformeplus.tn\/#\/schema\/logo\/image\/\"},\"sameAs\":[\"https:\/\/www.facebook.com\/uniforconfection.uniformeplus\"],\"hasMerchantReturnPolicy\":{\"@type\":\"MerchantReturnPolicy\",\"merchantReturnLink\":\"https:\/\/uniformeplus.tn\/index.php\/politique-de-retour\/\"}}]}<\/script>\n<meta property=\"product:price:amount\" content=\"35.000\" \/>\n<meta property=\"product:price:currency\" content=\"TND\" \/>\n<meta property=\"og:availability\" content=\"instock\" \/>\n<meta property=\"product:availability\" content=\"instock\" \/>\n<meta property=\"product:condition\" content=\"new\" \/>\n<!-- \/ Yoast SEO Premium plugin. -->","yoast_head_json":{"title":"Veste de travail Bleu Bugatti","description":"R\u00e9f\u00e9rence : VTBBMF  fermeture boutons sous-patte, poignets boutons, 1 poche poitrine, 2 poches basses, 1 poche int\u00e9rieure  Qualit\u00e9 : 35% Coton 65%ployester 330 gr\/m\u00b2 SANFOR  Tailles: 0-7  Couleurs: Bugatti  Colisage\u00a0: 20 pi\u00e8ces","robots":{"index":"index","follow":"follow","max-snippet":"max-snippet:-1","max-image-preview":"max-image-preview:large","max-video-preview":"max-video-preview:-1"},"canonical":"https:\/\/uniformeplus.tn\/index.php\/product\/veste-de-travail-bleu-bugatti-pbv\/","og_locale":"fr_FR","og_type":"article","og_title":"Veste de travail Bleu Bugatti","og_description":"R\u00e9f\u00e9rence : VTBBMF  fermeture boutons sous-patte, poignets boutons, 1 poche poitrine, 2 poches basses, 1 poche int\u00e9rieure  Qualit\u00e9 : 35% Coton 65%ployester 330 gr\/m\u00b2 SANFOR  Tailles: 0-7  Couleurs: Bugatti  Colisage\u00a0: 20 pi\u00e8ces","og_url":"https:\/\/uniformeplus.tn\/index.php\/product\/veste-de-travail-bleu-bugatti-pbv\/","og_site_name":"uniformeplus - V\u00eatements de travail","article_publisher":"https:\/\/www.facebook.com\/uniforconfection.uniformeplus","article_modified_time":"2025-05-21T17:18:20+00:00","og_image":[{"width":1336,"height":1336,"url":"https:\/\/uniformeplus.tn\/wp-content\/uploads\/2020\/12\/veste-de-travail-100-coton-bugatti-boutons-sous-patte-330-grm-sanfor.jpg","type":"image\/jpeg"}],"twitter_card":"summary_large_image","twitter_misc":{"Prix":"35.000&#x62f;.&#x62a;","Disponibilit\u00e9":"En stock"},"schema":{"@context":"https:\/\/schema.org","@graph":[{"@type":"WebPage","@id":"https:\/\/uniformeplus.tn\/index.php\/product\/veste-de-travail-bleu-bugatti-pbv\/","url":"https:\/\/uniformeplus.tn\/index.php\/product\/veste-de-travail-bleu-bugatti-pbv\/","name":"Veste de travail Bleu Bugatti","isPartOf":{"@id":"https:\/\/uniformeplus.tn\/#website"},"primaryImageOfPage":{"@id":"https:\/\/uniformeplus.tn\/index.php\/product\/veste-de-travail-bleu-bugatti-pbv\/#primaryimage"},"image":{"@id":"https:\/\/uniformeplus.tn\/index.php\/product\/veste-de-travail-bleu-bugatti-pbv\/#primaryimage"},"thumbnailUrl":"https:\/\/uniformeplus.tn\/wp-content\/uploads\/2020\/12\/veste-de-travail-100-coton-bugatti-boutons-sous-patte-330-grm-sanfor.jpg","datePublished":"2020-12-21T15:04:58+00:00","dateModified":"2025-05-21T17:18:20+00:00","description":"R\u00e9f\u00e9rence : VTBBMF fermeture boutons sous-patte, poignets boutons, 1 poche poitrine, 2 poches basses, 1 poche int\u00e9rieure Qualit\u00e9 : 35% Coton 65%ployester 330 gr\/m\u00b2 SANFOR Tailles: 0-7 Couleurs: Bugatti Colisage\u00a0: 20 pi\u00e8ces","breadcrumb":{"@id":"https:\/\/uniformeplus.tn\/index.php\/product\/veste-de-travail-bleu-bugatti-pbv\/#breadcrumb"},"inLanguage":"fr-FR","potentialAction":[{"@type":"ReadAction","target":["https:\/\/uniformeplus.tn\/index.php\/product\/veste-de-travail-bleu-bugatti-pbv\/"]}]},{"@type":"ImageObject","inLanguage":"fr-FR","@id":"https:\/\/uniformeplus.tn\/index.php\/product\/veste-de-travail-bleu-bugatti-pbv\/#primaryimage","url":"https:\/\/uniformeplus.tn\/wp-content\/uploads\/2020\/12\/veste-de-travail-100-coton-bugatti-boutons-sous-patte-330-grm-sanfor.jpg","contentUrl":"https:\/\/uniformeplus.tn\/wp-content\/uploads\/2020\/12\/veste-de-travail-100-coton-bugatti-boutons-sous-patte-330-grm-sanfor.jpg","width":1336,"height":1336,"caption":"Veste de travail Bleu Bugatti"},{"@type":"BreadcrumbList","@id":"https:\/\/uniformeplus.tn\/index.php\/product\/veste-de-travail-bleu-bugatti-pbv\/#breadcrumb","itemListElement":[{"@type":"ListItem","position":1,"name":"Accueil","item":"https:\/\/uniformeplus.tn\/"},{"@type":"ListItem","position":2,"name":"Shop","item":"https:\/\/uniformeplus.tn\/index.php\/shop-2\/"},{"@type":"ListItem","position":3,"name":"M\u00c9TIERS","item":"https:\/\/uniformeplus.tn\/index.php\/product-category\/metiers\/"},{"@type":"ListItem","position":4,"name":"BTP ET CHANTIERS","item":"https:\/\/uniformeplus.tn\/index.php\/product-category\/metiers\/btp-et-chantiers\/"},{"@type":"ListItem","position":5,"name":"Carreleur","item":"https:\/\/uniformeplus.tn\/index.php\/product-category\/metiers\/btp-et-chantiers\/carreleur\/"},{"@type":"ListItem","position":6,"name":"Veste de travail Bleu Bugatti"}]},{"@type":"WebSite","@id":"https:\/\/uniformeplus.tn\/#website","url":"https:\/\/uniformeplus.tn\/","name":"uniformeplus","description":"v\u00eatement de travail Tunisie","publisher":{"@id":"https:\/\/uniformeplus.tn\/#organization"},"alternateName":"tenue de travail en tunisie","potentialAction":[{"@type":"SearchAction","target":{"@type":"EntryPoint","urlTemplate":"https:\/\/uniformeplus.tn\/?s={search_term_string}"},"query-input":{"@type":"PropertyValueSpecification","valueRequired":true,"valueName":"search_term_string"}}],"inLanguage":"fr-FR"},{"@type":"Organization","@id":"https:\/\/uniformeplus.tn\/#organization","name":"tenue de travail","url":"https:\/\/uniformeplus.tn\/","logo":{"@type":"ImageObject","inLanguage":"fr-FR","@id":"https:\/\/uniformeplus.tn\/#\/schema\/logo\/image\/","url":"https:\/\/uniformeplus.tn\/wp-content\/uploads\/2021\/01\/logo.png","contentUrl":"https:\/\/uniformeplus.tn\/wp-content\/uploads\/2021\/01\/logo.png","width":112,"height":112,"caption":"tenue de travail"},"image":{"@id":"https:\/\/uniformeplus.tn\/#\/schema\/logo\/image\/"},"sameAs":["https:\/\/www.facebook.com\/uniforconfection.uniformeplus"],"hasMerchantReturnPolicy":{"@type":"MerchantReturnPolicy","merchantReturnLink":"https:\/\/uniformeplus.tn\/index.php\/politique-de-retour\/"}}]},"product_price_amount":"35.000","product_price_currency":"TND","og_availability":"instock","product_availability":"instock","product_condition":"new"},"_links":{"self":[{"href":"https:\/\/uniformeplus.tn\/index.php\/wp-json\/wp\/v2\/product\/15992","targetHints":{"allow":["GET"]}}],"collection":[{"href":"https:\/\/uniformeplus.tn\/index.php\/wp-json\/wp\/v2\/product"}],"about":[{"href":"https:\/\/uniformeplus.tn\/index.php\/wp-json\/wp\/v2\/types\/product"}],"replies":[{"embeddable":true,"href":"https:\/\/uniformeplus.tn\/index.php\/wp-json\/wp\/v2\/comments?post=15992"}],"wp:featuredmedia":[{"embeddable":true,"href":"https:\/\/uniformeplus.tn\/index.php\/wp-json\/wp\/v2\/media\/15993"}],"wp:attachment":[{"href":"https:\/\/uniformeplus.tn\/index.php\/wp-json\/wp\/v2\/media?parent=15992"}],"wp:term":[{"taxonomy":"product_brand","embeddable":true,"href":"https:\/\/uniformeplus.tn\/index.php\/wp-json\/wp\/v2\/product_brand?post=15992"},{"taxonomy":"product_cat","embeddable":true,"href":"https:\/\/uniformeplus.tn\/index.php\/wp-json\/wp\/v2\/product_cat?post=15992"},{"taxonomy":"product_tag","embeddable":true,"href":"https:\/\/uniformeplus.tn\/index.php\/wp-json\/wp\/v2\/product_tag?post=15992"}],"curies":[{"name":"wp","href":"https:\/\/api.w.org\/{rel}","templated":true}]}}