{"id":16005,"date":"2020-12-25T10:52:18","date_gmt":"2020-12-25T09:52:18","guid":{"rendered":"http:\/\/uniformeplus.tn\/?post_type=product&#038;p=16005"},"modified":"2025-05-22T17:55:52","modified_gmt":"2025-05-22T15:55:52","slug":"blouse-homme-polyester-coton-gris","status":"publish","type":"product","link":"https:\/\/uniformeplus.tn\/index.php\/product\/blouse-homme-polyester-coton-gris\/","title":{"rendered":"BLOUSE HOMME POLYESTER COTON GRIS"},"content":{"rendered":"<h3 class=\"page-product-heading\">FICHE TECHNIQUE<\/h3>\n<table id=\"global_features_wrapper\" class=\"table-data-sheet\">\n<tbody>\n<tr id=\"feature_10\" class=\"features_wrap\">\n<td>Par m\u00e9tier<\/td>\n<td>\n<ul>\n<li id=\"value_40\">BTP &#8211; Artisan<\/li>\n<li id=\"value_41\">Industrie<\/li>\n<\/ul>\n<\/td>\n<\/tr>\n<tr id=\"feature_12\" class=\"features_wrap\">\n<td>Equipements<\/td>\n<td>\n<ul>\n<li id=\"value_64\">Blouses<\/li>\n<\/ul>\n<\/td>\n<\/tr>\n<tr id=\"feature_13\" class=\"features_wrap\">\n<td>Genre<\/td>\n<td>\n<ul>\n<li id=\"value_72\">Homme<\/li>\n<\/ul>\n<\/td>\n<\/tr>\n<\/tbody>\n<\/table>\n<p>&nbsp;<\/p>\n<p class=\"flypageName\">BLOUSE HOMME POLYESTER\/COTON GRIS<\/p>\n<p class=\"flypageBrand\">R\u00e9f. BG001<\/p>\n<p>1 poche poitrine, 2 poches basses, 1 poche int\u00e9rieure<\/p>\n<p>&nbsp;<\/p>\n<p>Qualit\u00e9: Polyester\/coton 65\/35<\/p>\n<p>Couleurs: GRIS<\/p>\n<p><a href=\"http:\/\/uniformeplus.tn\/index.php\/product\/blouse-gris-bgu001\/\">Cette blouse de travail<\/a> est con\u00e7ue pour les ateliers, mais aussi les laboratoires, les garagistes et autres, c&#8217;est une blouse professionnelle<\/p>\n<p>&nbsp;<\/p>\n","protected":false},"excerpt":{"rendered":"<p><span class=\"flypageSku\">R\u00e9f.BG001<\/span><\/p>\n<p>1 poche poitrine, 2 poches basses, 1 poche int\u00e9rieure<\/p>\n<p><u>Qualit\u00e9<\/u>: Polyester\/coton 65\/35<\/p>\n<p><u>Couleur\u00a0<\/u>: Gris<\/p>\n<p><u>Colisage<\/u> : 20 pi\u00e8ces<\/p>\n","protected":false},"featured_media":16006,"comment_status":"open","ping_status":"closed","template":"","meta":{"_acf_changed":false},"product_brand":[],"product_cat":[246,304,279,235,302,288,303,301,237,286,277,227],"product_tag":[],"class_list":{"0":"post-16005","1":"product","2":"type-product","3":"status-publish","4":"has-post-thumbnail","6":"product_cat-blouses","7":"product_cat-construction-industrielle","8":"product_cat-garagiste","9":"product_cat-industrie","10":"product_cat-ouvrier-industrie","11":"product_cat-plombier","12":"product_cat-service-maintenance","13":"product_cat-technicien","14":"product_cat-technicien-operateur-maintenance","15":"product_cat-tenues-pour-installateurs","16":"product_cat-tenues-pour-lautomobile","17":"product_cat-vetement-de-travail","19":"first","20":"instock","21":"taxable","22":"shipping-taxable","23":"purchasable","24":"product-type-simple"},"acf":[],"yoast_head":"<!-- This site is optimized with the Yoast SEO Premium plugin v26.3 (Yoast SEO v26.3) - https:\/\/yoast.com\/wordpress\/plugins\/seo\/ -->\n<title>BLOUSE HOMME POLYESTER COTON GRIS<\/title>\n<meta name=\"description\" content=\"R\u00e9f.BG001  1 poche poitrine, 2 poches basses, 1 poche int\u00e9rieure  Qualit\u00e9: Polyester\/coton 65\/35  Couleur\u00a0: Gris  Colisage : 20 pi\u00e8ces\" \/>\n<meta name=\"robots\" content=\"index, follow, max-snippet:-1, max-image-preview:large, max-video-preview:-1\" \/>\n<link rel=\"canonical\" href=\"https:\/\/uniformeplus.tn\/index.php\/product\/blouse-homme-polyester-coton-gris\/\" \/>\n<meta property=\"og:locale\" content=\"fr_FR\" \/>\n<meta property=\"og:type\" content=\"article\" \/>\n<meta property=\"og:title\" content=\"BLOUSE HOMME POLYESTER COTON GRIS\" \/>\n<meta property=\"og:description\" content=\"R\u00e9f.BG001  1 poche poitrine, 2 poches basses, 1 poche int\u00e9rieure  Qualit\u00e9: Polyester\/coton 65\/35  Couleur\u00a0: Gris  Colisage : 20 pi\u00e8ces\" \/>\n<meta property=\"og:url\" content=\"https:\/\/uniformeplus.tn\/index.php\/product\/blouse-homme-polyester-coton-gris\/\" \/>\n<meta property=\"og:site_name\" content=\"uniformeplus - V\u00eatements de travail\" \/>\n<meta property=\"article:publisher\" content=\"https:\/\/www.facebook.com\/uniforconfection.uniformeplus\" \/>\n<meta property=\"article:modified_time\" content=\"2025-05-22T15:55:52+00:00\" \/>\n<meta property=\"og:image\" content=\"https:\/\/uniformeplus.tn\/wp-content\/uploads\/2020\/12\/1.jpg\" \/>\n\t<meta property=\"og:image:width\" content=\"1568\" \/>\n\t<meta property=\"og:image:height\" content=\"1567\" \/>\n\t<meta property=\"og:image:type\" content=\"image\/jpeg\" \/>\n<meta name=\"twitter:card\" content=\"summary_large_image\" \/>\n<meta name=\"twitter:label1\" content=\"Prix\" \/>\n\t<meta name=\"twitter:data1\" content=\"30.000&#x62f;.&#x62a;\" \/>\n\t<meta name=\"twitter:label2\" content=\"Disponibilit\u00e9\" \/>\n\t<meta name=\"twitter:data2\" content=\"En stock\" \/>\n<script type=\"application\/ld+json\" class=\"yoast-schema-graph\">{\"@context\":\"https:\/\/schema.org\",\"@graph\":[{\"@type\":\"WebPage\",\"@id\":\"https:\/\/uniformeplus.tn\/index.php\/product\/blouse-homme-polyester-coton-gris\/\",\"url\":\"https:\/\/uniformeplus.tn\/index.php\/product\/blouse-homme-polyester-coton-gris\/\",\"name\":\"BLOUSE HOMME POLYESTER COTON GRIS\",\"isPartOf\":{\"@id\":\"https:\/\/uniformeplus.tn\/#website\"},\"primaryImageOfPage\":{\"@id\":\"https:\/\/uniformeplus.tn\/index.php\/product\/blouse-homme-polyester-coton-gris\/#primaryimage\"},\"image\":{\"@id\":\"https:\/\/uniformeplus.tn\/index.php\/product\/blouse-homme-polyester-coton-gris\/#primaryimage\"},\"thumbnailUrl\":\"https:\/\/uniformeplus.tn\/wp-content\/uploads\/2020\/12\/1.jpg\",\"datePublished\":\"2020-12-25T09:52:18+00:00\",\"dateModified\":\"2025-05-22T15:55:52+00:00\",\"description\":\"R\u00e9f.BG001 1 poche poitrine, 2 poches basses, 1 poche int\u00e9rieure Qualit\u00e9: Polyester\/coton 65\/35 Couleur\u00a0: Gris Colisage : 20 pi\u00e8ces\",\"breadcrumb\":{\"@id\":\"https:\/\/uniformeplus.tn\/index.php\/product\/blouse-homme-polyester-coton-gris\/#breadcrumb\"},\"inLanguage\":\"fr-FR\",\"potentialAction\":[{\"@type\":\"ReadAction\",\"target\":[\"https:\/\/uniformeplus.tn\/index.php\/product\/blouse-homme-polyester-coton-gris\/\"]}]},{\"@type\":\"ImageObject\",\"inLanguage\":\"fr-FR\",\"@id\":\"https:\/\/uniformeplus.tn\/index.php\/product\/blouse-homme-polyester-coton-gris\/#primaryimage\",\"url\":\"https:\/\/uniformeplus.tn\/wp-content\/uploads\/2020\/12\/1.jpg\",\"contentUrl\":\"https:\/\/uniformeplus.tn\/wp-content\/uploads\/2020\/12\/1.jpg\",\"width\":1568,\"height\":1567,\"caption\":\"BLOUSE\"},{\"@type\":\"BreadcrumbList\",\"@id\":\"https:\/\/uniformeplus.tn\/index.php\/product\/blouse-homme-polyester-coton-gris\/#breadcrumb\",\"itemListElement\":[{\"@type\":\"ListItem\",\"position\":1,\"name\":\"Accueil\",\"item\":\"https:\/\/uniformeplus.tn\/\"},{\"@type\":\"ListItem\",\"position\":2,\"name\":\"Shop\",\"item\":\"https:\/\/uniformeplus.tn\/index.php\/shop-2\/\"},{\"@type\":\"ListItem\",\"position\":3,\"name\":\"M\u00c9TIERS\",\"item\":\"https:\/\/uniformeplus.tn\/index.php\/product-category\/metiers\/\"},{\"@type\":\"ListItem\",\"position\":4,\"name\":\"INDUSTRIE\",\"item\":\"https:\/\/uniformeplus.tn\/index.php\/product-category\/metiers\/industrie\/\"},{\"@type\":\"ListItem\",\"position\":5,\"name\":\"Construction industrielle\",\"item\":\"https:\/\/uniformeplus.tn\/index.php\/product-category\/metiers\/industrie\/construction-industrielle\/\"},{\"@type\":\"ListItem\",\"position\":6,\"name\":\"BLOUSE HOMME POLYESTER COTON GRIS\"}]},{\"@type\":\"WebSite\",\"@id\":\"https:\/\/uniformeplus.tn\/#website\",\"url\":\"https:\/\/uniformeplus.tn\/\",\"name\":\"uniformeplus\",\"description\":\"v\u00eatement de travail Tunisie\",\"publisher\":{\"@id\":\"https:\/\/uniformeplus.tn\/#organization\"},\"alternateName\":\"tenue de travail en tunisie\",\"potentialAction\":[{\"@type\":\"SearchAction\",\"target\":{\"@type\":\"EntryPoint\",\"urlTemplate\":\"https:\/\/uniformeplus.tn\/?s={search_term_string}\"},\"query-input\":{\"@type\":\"PropertyValueSpecification\",\"valueRequired\":true,\"valueName\":\"search_term_string\"}}],\"inLanguage\":\"fr-FR\"},{\"@type\":\"Organization\",\"@id\":\"https:\/\/uniformeplus.tn\/#organization\",\"name\":\"tenue de travail\",\"url\":\"https:\/\/uniformeplus.tn\/\",\"logo\":{\"@type\":\"ImageObject\",\"inLanguage\":\"fr-FR\",\"@id\":\"https:\/\/uniformeplus.tn\/#\/schema\/logo\/image\/\",\"url\":\"https:\/\/uniformeplus.tn\/wp-content\/uploads\/2021\/01\/logo.png\",\"contentUrl\":\"https:\/\/uniformeplus.tn\/wp-content\/uploads\/2021\/01\/logo.png\",\"width\":112,\"height\":112,\"caption\":\"tenue de travail\"},\"image\":{\"@id\":\"https:\/\/uniformeplus.tn\/#\/schema\/logo\/image\/\"},\"sameAs\":[\"https:\/\/www.facebook.com\/uniforconfection.uniformeplus\"],\"hasMerchantReturnPolicy\":{\"@type\":\"MerchantReturnPolicy\",\"merchantReturnLink\":\"https:\/\/uniformeplus.tn\/index.php\/politique-de-retour\/\"}}]}<\/script>\n<meta property=\"product:price:amount\" content=\"30.000\" \/>\n<meta property=\"product:price:currency\" content=\"TND\" \/>\n<meta property=\"og:availability\" content=\"instock\" \/>\n<meta property=\"product:availability\" content=\"instock\" \/>\n<meta property=\"product:condition\" content=\"new\" \/>\n<!-- \/ Yoast SEO Premium plugin. -->","yoast_head_json":{"title":"BLOUSE HOMME POLYESTER COTON GRIS","description":"R\u00e9f.BG001  1 poche poitrine, 2 poches basses, 1 poche int\u00e9rieure  Qualit\u00e9: Polyester\/coton 65\/35  Couleur\u00a0: Gris  Colisage : 20 pi\u00e8ces","robots":{"index":"index","follow":"follow","max-snippet":"max-snippet:-1","max-image-preview":"max-image-preview:large","max-video-preview":"max-video-preview:-1"},"canonical":"https:\/\/uniformeplus.tn\/index.php\/product\/blouse-homme-polyester-coton-gris\/","og_locale":"fr_FR","og_type":"article","og_title":"BLOUSE HOMME POLYESTER COTON GRIS","og_description":"R\u00e9f.BG001  1 poche poitrine, 2 poches basses, 1 poche int\u00e9rieure  Qualit\u00e9: Polyester\/coton 65\/35  Couleur\u00a0: Gris  Colisage : 20 pi\u00e8ces","og_url":"https:\/\/uniformeplus.tn\/index.php\/product\/blouse-homme-polyester-coton-gris\/","og_site_name":"uniformeplus - V\u00eatements de travail","article_publisher":"https:\/\/www.facebook.com\/uniforconfection.uniformeplus","article_modified_time":"2025-05-22T15:55:52+00:00","og_image":[{"width":1568,"height":1567,"url":"https:\/\/uniformeplus.tn\/wp-content\/uploads\/2020\/12\/1.jpg","type":"image\/jpeg"}],"twitter_card":"summary_large_image","twitter_misc":{"Prix":"30.000&#x62f;.&#x62a;","Disponibilit\u00e9":"En stock"},"schema":{"@context":"https:\/\/schema.org","@graph":[{"@type":"WebPage","@id":"https:\/\/uniformeplus.tn\/index.php\/product\/blouse-homme-polyester-coton-gris\/","url":"https:\/\/uniformeplus.tn\/index.php\/product\/blouse-homme-polyester-coton-gris\/","name":"BLOUSE HOMME POLYESTER COTON GRIS","isPartOf":{"@id":"https:\/\/uniformeplus.tn\/#website"},"primaryImageOfPage":{"@id":"https:\/\/uniformeplus.tn\/index.php\/product\/blouse-homme-polyester-coton-gris\/#primaryimage"},"image":{"@id":"https:\/\/uniformeplus.tn\/index.php\/product\/blouse-homme-polyester-coton-gris\/#primaryimage"},"thumbnailUrl":"https:\/\/uniformeplus.tn\/wp-content\/uploads\/2020\/12\/1.jpg","datePublished":"2020-12-25T09:52:18+00:00","dateModified":"2025-05-22T15:55:52+00:00","description":"R\u00e9f.BG001 1 poche poitrine, 2 poches basses, 1 poche int\u00e9rieure Qualit\u00e9: Polyester\/coton 65\/35 Couleur\u00a0: Gris Colisage : 20 pi\u00e8ces","breadcrumb":{"@id":"https:\/\/uniformeplus.tn\/index.php\/product\/blouse-homme-polyester-coton-gris\/#breadcrumb"},"inLanguage":"fr-FR","potentialAction":[{"@type":"ReadAction","target":["https:\/\/uniformeplus.tn\/index.php\/product\/blouse-homme-polyester-coton-gris\/"]}]},{"@type":"ImageObject","inLanguage":"fr-FR","@id":"https:\/\/uniformeplus.tn\/index.php\/product\/blouse-homme-polyester-coton-gris\/#primaryimage","url":"https:\/\/uniformeplus.tn\/wp-content\/uploads\/2020\/12\/1.jpg","contentUrl":"https:\/\/uniformeplus.tn\/wp-content\/uploads\/2020\/12\/1.jpg","width":1568,"height":1567,"caption":"BLOUSE"},{"@type":"BreadcrumbList","@id":"https:\/\/uniformeplus.tn\/index.php\/product\/blouse-homme-polyester-coton-gris\/#breadcrumb","itemListElement":[{"@type":"ListItem","position":1,"name":"Accueil","item":"https:\/\/uniformeplus.tn\/"},{"@type":"ListItem","position":2,"name":"Shop","item":"https:\/\/uniformeplus.tn\/index.php\/shop-2\/"},{"@type":"ListItem","position":3,"name":"M\u00c9TIERS","item":"https:\/\/uniformeplus.tn\/index.php\/product-category\/metiers\/"},{"@type":"ListItem","position":4,"name":"INDUSTRIE","item":"https:\/\/uniformeplus.tn\/index.php\/product-category\/metiers\/industrie\/"},{"@type":"ListItem","position":5,"name":"Construction industrielle","item":"https:\/\/uniformeplus.tn\/index.php\/product-category\/metiers\/industrie\/construction-industrielle\/"},{"@type":"ListItem","position":6,"name":"BLOUSE HOMME POLYESTER COTON GRIS"}]},{"@type":"WebSite","@id":"https:\/\/uniformeplus.tn\/#website","url":"https:\/\/uniformeplus.tn\/","name":"uniformeplus","description":"v\u00eatement de travail Tunisie","publisher":{"@id":"https:\/\/uniformeplus.tn\/#organization"},"alternateName":"tenue de travail en tunisie","potentialAction":[{"@type":"SearchAction","target":{"@type":"EntryPoint","urlTemplate":"https:\/\/uniformeplus.tn\/?s={search_term_string}"},"query-input":{"@type":"PropertyValueSpecification","valueRequired":true,"valueName":"search_term_string"}}],"inLanguage":"fr-FR"},{"@type":"Organization","@id":"https:\/\/uniformeplus.tn\/#organization","name":"tenue de travail","url":"https:\/\/uniformeplus.tn\/","logo":{"@type":"ImageObject","inLanguage":"fr-FR","@id":"https:\/\/uniformeplus.tn\/#\/schema\/logo\/image\/","url":"https:\/\/uniformeplus.tn\/wp-content\/uploads\/2021\/01\/logo.png","contentUrl":"https:\/\/uniformeplus.tn\/wp-content\/uploads\/2021\/01\/logo.png","width":112,"height":112,"caption":"tenue de travail"},"image":{"@id":"https:\/\/uniformeplus.tn\/#\/schema\/logo\/image\/"},"sameAs":["https:\/\/www.facebook.com\/uniforconfection.uniformeplus"],"hasMerchantReturnPolicy":{"@type":"MerchantReturnPolicy","merchantReturnLink":"https:\/\/uniformeplus.tn\/index.php\/politique-de-retour\/"}}]},"product_price_amount":"30.000","product_price_currency":"TND","og_availability":"instock","product_availability":"instock","product_condition":"new"},"_links":{"self":[{"href":"https:\/\/uniformeplus.tn\/index.php\/wp-json\/wp\/v2\/product\/16005","targetHints":{"allow":["GET"]}}],"collection":[{"href":"https:\/\/uniformeplus.tn\/index.php\/wp-json\/wp\/v2\/product"}],"about":[{"href":"https:\/\/uniformeplus.tn\/index.php\/wp-json\/wp\/v2\/types\/product"}],"replies":[{"embeddable":true,"href":"https:\/\/uniformeplus.tn\/index.php\/wp-json\/wp\/v2\/comments?post=16005"}],"wp:featuredmedia":[{"embeddable":true,"href":"https:\/\/uniformeplus.tn\/index.php\/wp-json\/wp\/v2\/media\/16006"}],"wp:attachment":[{"href":"https:\/\/uniformeplus.tn\/index.php\/wp-json\/wp\/v2\/media?parent=16005"}],"wp:term":[{"taxonomy":"product_brand","embeddable":true,"href":"https:\/\/uniformeplus.tn\/index.php\/wp-json\/wp\/v2\/product_brand?post=16005"},{"taxonomy":"product_cat","embeddable":true,"href":"https:\/\/uniformeplus.tn\/index.php\/wp-json\/wp\/v2\/product_cat?post=16005"},{"taxonomy":"product_tag","embeddable":true,"href":"https:\/\/uniformeplus.tn\/index.php\/wp-json\/wp\/v2\/product_tag?post=16005"}],"curies":[{"name":"wp","href":"https:\/\/api.w.org\/{rel}","templated":true}]}}