{"id":16027,"date":"2020-12-28T13:08:59","date_gmt":"2020-12-28T12:08:59","guid":{"rendered":"http:\/\/uniformeplus.tn\/?post_type=product&#038;p=16027"},"modified":"2025-05-22T18:00:20","modified_gmt":"2025-05-22T16:00:20","slug":"doudoune-de-travail-sans-manche-avec-capuche","status":"publish","type":"product","link":"https:\/\/uniformeplus.tn\/index.php\/product\/doudoune-de-travail-sans-manche-avec-capuche\/","title":{"rendered":"Doudoune de travail sans manche avec capuche"},"content":{"rendered":"<p>Doudoune de travail imperm\u00e9able sans manche avec capuche<\/p>\n<p>Il est matelass\u00e9 pour tenir chaud mais reste tr\u00e8s l\u00e9ger pour ne pas \u00eatre encombrant. Une vraie <a href=\"http:\/\/uniformeplus.tn\/index.php\/product\/doudoune-de-trav\u2026che-avec-capuche\/\">doudoune<\/a> professionnelle sans manche imperm\u00e9able pour femme et pour homme !<\/p>\n<table class=\"table-data-sheet\">\n<tbody>\n<tr class=\"odd\">\n<td>Genre<\/td>\n<td>Mixte<\/td>\n<\/tr>\n<tr class=\"even\">\n<td>Environnement<\/td>\n<td>Froid \/ hiver<\/td>\n<\/tr>\n<tr class=\"odd\">\n<td>Tissu<\/td>\n<td>Polyester imperm\u00e9able<\/td>\n<\/tr>\n<tr class=\"even\">\n<td>Fermeture<\/td>\n<td>Simple Zip<\/td>\n<\/tr>\n<\/tbody>\n<\/table>\n<ul>\n<li>Col montant<\/li>\n<li>Fermeture zipp\u00e9e inject\u00e9e<\/li>\n<li>2 poches basses<\/li>\n<li>Doudoune de travail imperm\u00e9able sans manche avec capuche<\/li>\n<li>capuche int\u00e9gr\u00e9e dans le col<\/li>\n<\/ul>\n<p>Tissus :<\/p>\n<ul>\n<li>Tissu principal : 100% polyester &#8211; 75 g\/m\u00b2 imperm\u00e9able<\/li>\n<li>Matelassage : 100% polyester &#8211; 160 g\/m\u00b2<\/li>\n<\/ul>\n<h3>Coloris disponibles : tous les couleurs<\/h3>\n","protected":false},"excerpt":{"rendered":"<p>R\u00e9f\u00e9rence : DTC001<\/p>\n<p>Il est matelass\u00e9 pour tenir chaud mais reste tr\u00e8s l\u00e9ger pour ne pas \u00eatre encombrant. Une vraie doudoune professionnelle sans manche imperm\u00e9able pour femme et pour homme !<\/p>\n","protected":false},"featured_media":16028,"comment_status":"open","ping_status":"closed","template":"","meta":{"_acf_changed":false},"product_brand":[],"product_cat":[295,292,296,335,251,227,291],"product_tag":[],"class_list":{"0":"post-16027","1":"product","2":"type-product","3":"status-publish","4":"has-post-thumbnail","6":"product_cat-cariste","7":"product_cat-chauffeur-livreur","8":"product_cat-demenageur","9":"product_cat-doudounes-de-travail-sans-manche","10":"product_cat-gilets","11":"product_cat-vetement-de-travail","12":"product_cat-vetements-pour-la-logistique-et-le-transport","14":"first","15":"instock","16":"taxable","17":"shipping-taxable","18":"purchasable","19":"product-type-simple"},"acf":[],"yoast_head":"<!-- This site is optimized with the Yoast SEO Premium plugin v26.3 (Yoast SEO v26.3) - https:\/\/yoast.com\/wordpress\/plugins\/seo\/ -->\n<title>Doudoune de travail sans manche avec capuche<\/title>\n<meta name=\"description\" content=\"Doudoune de travail professionnelle imperm\u00e9able sans manche avec capuche, matelass\u00e9 pour tenir chaud mais reste tr\u00e8s l\u00e9ger pour ne pas \u00eatre encombrant\" \/>\n<meta name=\"robots\" content=\"index, follow, max-snippet:-1, max-image-preview:large, max-video-preview:-1\" \/>\n<link rel=\"canonical\" href=\"https:\/\/uniformeplus.tn\/index.php\/product\/doudoune-de-travail-sans-manche-avec-capuche\/\" \/>\n<meta property=\"og:locale\" content=\"fr_FR\" \/>\n<meta property=\"og:type\" content=\"article\" \/>\n<meta property=\"og:title\" content=\"Doudoune de travail sans manche avec capuche\" \/>\n<meta property=\"og:description\" content=\"Doudoune de travail professionnelle imperm\u00e9able sans manche avec capuche, matelass\u00e9 pour tenir chaud mais reste tr\u00e8s l\u00e9ger pour ne pas \u00eatre encombrant\" \/>\n<meta property=\"og:url\" content=\"https:\/\/uniformeplus.tn\/index.php\/product\/doudoune-de-travail-sans-manche-avec-capuche\/\" \/>\n<meta property=\"og:site_name\" content=\"uniformeplus - V\u00eatements de travail\" \/>\n<meta property=\"article:publisher\" content=\"https:\/\/www.facebook.com\/uniforconfection.uniformeplus\" \/>\n<meta property=\"article:modified_time\" content=\"2025-05-22T16:00:20+00:00\" \/>\n<meta property=\"og:image\" content=\"https:\/\/uniformeplus.tn\/wp-content\/uploads\/2020\/12\/lma-rebel-revolte-1.jpg\" \/>\n\t<meta property=\"og:image:width\" content=\"1000\" \/>\n\t<meta property=\"og:image:height\" content=\"1000\" \/>\n\t<meta property=\"og:image:type\" content=\"image\/jpeg\" \/>\n<meta name=\"twitter:card\" content=\"summary_large_image\" \/>\n<meta name=\"twitter:label1\" content=\"Prix\" \/>\n\t<meta name=\"twitter:data1\" content=\"50.000&#x62f;.&#x62a;\" \/>\n\t<meta name=\"twitter:label2\" content=\"Disponibilit\u00e9\" \/>\n\t<meta name=\"twitter:data2\" content=\"En stock\" \/>\n<script type=\"application\/ld+json\" class=\"yoast-schema-graph\">{\"@context\":\"https:\/\/schema.org\",\"@graph\":[{\"@type\":\"WebPage\",\"@id\":\"https:\/\/uniformeplus.tn\/index.php\/product\/doudoune-de-travail-sans-manche-avec-capuche\/\",\"url\":\"https:\/\/uniformeplus.tn\/index.php\/product\/doudoune-de-travail-sans-manche-avec-capuche\/\",\"name\":\"Doudoune de travail sans manche avec capuche\",\"isPartOf\":{\"@id\":\"https:\/\/uniformeplus.tn\/#website\"},\"primaryImageOfPage\":{\"@id\":\"https:\/\/uniformeplus.tn\/index.php\/product\/doudoune-de-travail-sans-manche-avec-capuche\/#primaryimage\"},\"image\":{\"@id\":\"https:\/\/uniformeplus.tn\/index.php\/product\/doudoune-de-travail-sans-manche-avec-capuche\/#primaryimage\"},\"thumbnailUrl\":\"https:\/\/uniformeplus.tn\/wp-content\/uploads\/2020\/12\/lma-rebel-revolte-1.jpg\",\"datePublished\":\"2020-12-28T12:08:59+00:00\",\"dateModified\":\"2025-05-22T16:00:20+00:00\",\"description\":\"Doudoune de travail professionnelle imperm\u00e9able sans manche avec capuche, matelass\u00e9 pour tenir chaud mais reste tr\u00e8s l\u00e9ger pour ne pas \u00eatre encombrant\",\"breadcrumb\":{\"@id\":\"https:\/\/uniformeplus.tn\/index.php\/product\/doudoune-de-travail-sans-manche-avec-capuche\/#breadcrumb\"},\"inLanguage\":\"fr-FR\",\"potentialAction\":[{\"@type\":\"ReadAction\",\"target\":[\"https:\/\/uniformeplus.tn\/index.php\/product\/doudoune-de-travail-sans-manche-avec-capuche\/\"]}]},{\"@type\":\"ImageObject\",\"inLanguage\":\"fr-FR\",\"@id\":\"https:\/\/uniformeplus.tn\/index.php\/product\/doudoune-de-travail-sans-manche-avec-capuche\/#primaryimage\",\"url\":\"https:\/\/uniformeplus.tn\/wp-content\/uploads\/2020\/12\/lma-rebel-revolte-1.jpg\",\"contentUrl\":\"https:\/\/uniformeplus.tn\/wp-content\/uploads\/2020\/12\/lma-rebel-revolte-1.jpg\",\"width\":1000,\"height\":1000,\"caption\":\"Doudoune de travail imperm\u00e9able sans manche avec capuche\"},{\"@type\":\"BreadcrumbList\",\"@id\":\"https:\/\/uniformeplus.tn\/index.php\/product\/doudoune-de-travail-sans-manche-avec-capuche\/#breadcrumb\",\"itemListElement\":[{\"@type\":\"ListItem\",\"position\":1,\"name\":\"Accueil\",\"item\":\"https:\/\/uniformeplus.tn\/\"},{\"@type\":\"ListItem\",\"position\":2,\"name\":\"Shop\",\"item\":\"https:\/\/uniformeplus.tn\/index.php\/shop-2\/\"},{\"@type\":\"ListItem\",\"position\":3,\"name\":\"M\u00c9TIERS\",\"item\":\"https:\/\/uniformeplus.tn\/index.php\/product-category\/metiers\/\"},{\"@type\":\"ListItem\",\"position\":4,\"name\":\"V\u00caTEMENTS POUR LA LOGISTIQUE ET LE TRANSPORT\",\"item\":\"https:\/\/uniformeplus.tn\/index.php\/product-category\/metiers\/vetements-pour-la-logistique-et-le-transport\/\"},{\"@type\":\"ListItem\",\"position\":5,\"name\":\"Cariste\",\"item\":\"https:\/\/uniformeplus.tn\/index.php\/product-category\/metiers\/vetements-pour-la-logistique-et-le-transport\/cariste\/\"},{\"@type\":\"ListItem\",\"position\":6,\"name\":\"Doudoune de travail sans manche avec capuche\"}]},{\"@type\":\"WebSite\",\"@id\":\"https:\/\/uniformeplus.tn\/#website\",\"url\":\"https:\/\/uniformeplus.tn\/\",\"name\":\"uniformeplus\",\"description\":\"v\u00eatement de travail Tunisie\",\"publisher\":{\"@id\":\"https:\/\/uniformeplus.tn\/#organization\"},\"alternateName\":\"tenue de travail en tunisie\",\"potentialAction\":[{\"@type\":\"SearchAction\",\"target\":{\"@type\":\"EntryPoint\",\"urlTemplate\":\"https:\/\/uniformeplus.tn\/?s={search_term_string}\"},\"query-input\":{\"@type\":\"PropertyValueSpecification\",\"valueRequired\":true,\"valueName\":\"search_term_string\"}}],\"inLanguage\":\"fr-FR\"},{\"@type\":\"Organization\",\"@id\":\"https:\/\/uniformeplus.tn\/#organization\",\"name\":\"tenue de travail\",\"url\":\"https:\/\/uniformeplus.tn\/\",\"logo\":{\"@type\":\"ImageObject\",\"inLanguage\":\"fr-FR\",\"@id\":\"https:\/\/uniformeplus.tn\/#\/schema\/logo\/image\/\",\"url\":\"https:\/\/uniformeplus.tn\/wp-content\/uploads\/2021\/01\/logo.png\",\"contentUrl\":\"https:\/\/uniformeplus.tn\/wp-content\/uploads\/2021\/01\/logo.png\",\"width\":112,\"height\":112,\"caption\":\"tenue de travail\"},\"image\":{\"@id\":\"https:\/\/uniformeplus.tn\/#\/schema\/logo\/image\/\"},\"sameAs\":[\"https:\/\/www.facebook.com\/uniforconfection.uniformeplus\"],\"hasMerchantReturnPolicy\":{\"@type\":\"MerchantReturnPolicy\",\"merchantReturnLink\":\"https:\/\/uniformeplus.tn\/index.php\/politique-de-retour\/\"}}]}<\/script>\n<meta property=\"product:price:amount\" content=\"50.000\" \/>\n<meta property=\"product:price:currency\" content=\"TND\" \/>\n<meta property=\"og:availability\" content=\"instock\" \/>\n<meta property=\"product:availability\" content=\"instock\" \/>\n<meta property=\"product:condition\" content=\"new\" \/>\n<!-- \/ Yoast SEO Premium plugin. -->","yoast_head_json":{"title":"Doudoune de travail sans manche avec capuche","description":"Doudoune de travail professionnelle imperm\u00e9able sans manche avec capuche, matelass\u00e9 pour tenir chaud mais reste tr\u00e8s l\u00e9ger pour ne pas \u00eatre encombrant","robots":{"index":"index","follow":"follow","max-snippet":"max-snippet:-1","max-image-preview":"max-image-preview:large","max-video-preview":"max-video-preview:-1"},"canonical":"https:\/\/uniformeplus.tn\/index.php\/product\/doudoune-de-travail-sans-manche-avec-capuche\/","og_locale":"fr_FR","og_type":"article","og_title":"Doudoune de travail sans manche avec capuche","og_description":"Doudoune de travail professionnelle imperm\u00e9able sans manche avec capuche, matelass\u00e9 pour tenir chaud mais reste tr\u00e8s l\u00e9ger pour ne pas \u00eatre encombrant","og_url":"https:\/\/uniformeplus.tn\/index.php\/product\/doudoune-de-travail-sans-manche-avec-capuche\/","og_site_name":"uniformeplus - V\u00eatements de travail","article_publisher":"https:\/\/www.facebook.com\/uniforconfection.uniformeplus","article_modified_time":"2025-05-22T16:00:20+00:00","og_image":[{"width":1000,"height":1000,"url":"https:\/\/uniformeplus.tn\/wp-content\/uploads\/2020\/12\/lma-rebel-revolte-1.jpg","type":"image\/jpeg"}],"twitter_card":"summary_large_image","twitter_misc":{"Prix":"50.000&#x62f;.&#x62a;","Disponibilit\u00e9":"En stock"},"schema":{"@context":"https:\/\/schema.org","@graph":[{"@type":"WebPage","@id":"https:\/\/uniformeplus.tn\/index.php\/product\/doudoune-de-travail-sans-manche-avec-capuche\/","url":"https:\/\/uniformeplus.tn\/index.php\/product\/doudoune-de-travail-sans-manche-avec-capuche\/","name":"Doudoune de travail sans manche avec capuche","isPartOf":{"@id":"https:\/\/uniformeplus.tn\/#website"},"primaryImageOfPage":{"@id":"https:\/\/uniformeplus.tn\/index.php\/product\/doudoune-de-travail-sans-manche-avec-capuche\/#primaryimage"},"image":{"@id":"https:\/\/uniformeplus.tn\/index.php\/product\/doudoune-de-travail-sans-manche-avec-capuche\/#primaryimage"},"thumbnailUrl":"https:\/\/uniformeplus.tn\/wp-content\/uploads\/2020\/12\/lma-rebel-revolte-1.jpg","datePublished":"2020-12-28T12:08:59+00:00","dateModified":"2025-05-22T16:00:20+00:00","description":"Doudoune de travail professionnelle imperm\u00e9able sans manche avec capuche, matelass\u00e9 pour tenir chaud mais reste tr\u00e8s l\u00e9ger pour ne pas \u00eatre encombrant","breadcrumb":{"@id":"https:\/\/uniformeplus.tn\/index.php\/product\/doudoune-de-travail-sans-manche-avec-capuche\/#breadcrumb"},"inLanguage":"fr-FR","potentialAction":[{"@type":"ReadAction","target":["https:\/\/uniformeplus.tn\/index.php\/product\/doudoune-de-travail-sans-manche-avec-capuche\/"]}]},{"@type":"ImageObject","inLanguage":"fr-FR","@id":"https:\/\/uniformeplus.tn\/index.php\/product\/doudoune-de-travail-sans-manche-avec-capuche\/#primaryimage","url":"https:\/\/uniformeplus.tn\/wp-content\/uploads\/2020\/12\/lma-rebel-revolte-1.jpg","contentUrl":"https:\/\/uniformeplus.tn\/wp-content\/uploads\/2020\/12\/lma-rebel-revolte-1.jpg","width":1000,"height":1000,"caption":"Doudoune de travail imperm\u00e9able sans manche avec capuche"},{"@type":"BreadcrumbList","@id":"https:\/\/uniformeplus.tn\/index.php\/product\/doudoune-de-travail-sans-manche-avec-capuche\/#breadcrumb","itemListElement":[{"@type":"ListItem","position":1,"name":"Accueil","item":"https:\/\/uniformeplus.tn\/"},{"@type":"ListItem","position":2,"name":"Shop","item":"https:\/\/uniformeplus.tn\/index.php\/shop-2\/"},{"@type":"ListItem","position":3,"name":"M\u00c9TIERS","item":"https:\/\/uniformeplus.tn\/index.php\/product-category\/metiers\/"},{"@type":"ListItem","position":4,"name":"V\u00caTEMENTS POUR LA LOGISTIQUE ET LE TRANSPORT","item":"https:\/\/uniformeplus.tn\/index.php\/product-category\/metiers\/vetements-pour-la-logistique-et-le-transport\/"},{"@type":"ListItem","position":5,"name":"Cariste","item":"https:\/\/uniformeplus.tn\/index.php\/product-category\/metiers\/vetements-pour-la-logistique-et-le-transport\/cariste\/"},{"@type":"ListItem","position":6,"name":"Doudoune de travail sans manche avec capuche"}]},{"@type":"WebSite","@id":"https:\/\/uniformeplus.tn\/#website","url":"https:\/\/uniformeplus.tn\/","name":"uniformeplus","description":"v\u00eatement de travail Tunisie","publisher":{"@id":"https:\/\/uniformeplus.tn\/#organization"},"alternateName":"tenue de travail en tunisie","potentialAction":[{"@type":"SearchAction","target":{"@type":"EntryPoint","urlTemplate":"https:\/\/uniformeplus.tn\/?s={search_term_string}"},"query-input":{"@type":"PropertyValueSpecification","valueRequired":true,"valueName":"search_term_string"}}],"inLanguage":"fr-FR"},{"@type":"Organization","@id":"https:\/\/uniformeplus.tn\/#organization","name":"tenue de travail","url":"https:\/\/uniformeplus.tn\/","logo":{"@type":"ImageObject","inLanguage":"fr-FR","@id":"https:\/\/uniformeplus.tn\/#\/schema\/logo\/image\/","url":"https:\/\/uniformeplus.tn\/wp-content\/uploads\/2021\/01\/logo.png","contentUrl":"https:\/\/uniformeplus.tn\/wp-content\/uploads\/2021\/01\/logo.png","width":112,"height":112,"caption":"tenue de travail"},"image":{"@id":"https:\/\/uniformeplus.tn\/#\/schema\/logo\/image\/"},"sameAs":["https:\/\/www.facebook.com\/uniforconfection.uniformeplus"],"hasMerchantReturnPolicy":{"@type":"MerchantReturnPolicy","merchantReturnLink":"https:\/\/uniformeplus.tn\/index.php\/politique-de-retour\/"}}]},"product_price_amount":"50.000","product_price_currency":"TND","og_availability":"instock","product_availability":"instock","product_condition":"new"},"_links":{"self":[{"href":"https:\/\/uniformeplus.tn\/index.php\/wp-json\/wp\/v2\/product\/16027","targetHints":{"allow":["GET"]}}],"collection":[{"href":"https:\/\/uniformeplus.tn\/index.php\/wp-json\/wp\/v2\/product"}],"about":[{"href":"https:\/\/uniformeplus.tn\/index.php\/wp-json\/wp\/v2\/types\/product"}],"replies":[{"embeddable":true,"href":"https:\/\/uniformeplus.tn\/index.php\/wp-json\/wp\/v2\/comments?post=16027"}],"wp:featuredmedia":[{"embeddable":true,"href":"https:\/\/uniformeplus.tn\/index.php\/wp-json\/wp\/v2\/media\/16028"}],"wp:attachment":[{"href":"https:\/\/uniformeplus.tn\/index.php\/wp-json\/wp\/v2\/media?parent=16027"}],"wp:term":[{"taxonomy":"product_brand","embeddable":true,"href":"https:\/\/uniformeplus.tn\/index.php\/wp-json\/wp\/v2\/product_brand?post=16027"},{"taxonomy":"product_cat","embeddable":true,"href":"https:\/\/uniformeplus.tn\/index.php\/wp-json\/wp\/v2\/product_cat?post=16027"},{"taxonomy":"product_tag","embeddable":true,"href":"https:\/\/uniformeplus.tn\/index.php\/wp-json\/wp\/v2\/product_tag?post=16027"}],"curies":[{"name":"wp","href":"https:\/\/api.w.org\/{rel}","templated":true}]}}