{"id":16081,"date":"2021-01-02T12:43:38","date_gmt":"2021-01-02T11:43:38","guid":{"rendered":"http:\/\/uniformeplus.tn\/?post_type=product&#038;p=16081"},"modified":"2026-04-26T08:37:44","modified_gmt":"2026-04-26T06:37:44","slug":"combinaison-bicolore-avec-poches-genoux","status":"publish","type":"product","link":"https:\/\/uniformeplus.tn\/index.php\/product\/combinaison-bicolore-avec-poches-genoux\/","title":{"rendered":"COMBINAISON BICOLORE AVEC POCHES GENOUX"},"content":{"rendered":"<h3>D\u00c9TAILS DU PRODUIT<\/h3>\n<p>Prot\u00e9g\u00e9 de la t\u00eate aux pieds avec <a href=\"http:\/\/UNIFORMEPLUS.TN\">UNIFORME PLUS<\/a><\/p>\n<p>Cette combinaison de travail bicolore avec poches genoux n&#8217;offre pas seulement une protection suppl\u00e9mentaire, mais est \u00e9galement votre partenaire id\u00e9al pour plus de chaleur et des poches suppl\u00e9mentaires!<\/p>\n<ul class=\"options\">\n<li>poignets ajustables avec fermeture velcro<\/li>\n<li>Fermeture zipp\u00e9e inject\u00e9e<\/li>\n<li>2 boutons pression<\/li>\n<li>plis au dos<\/li>\n<li>2 poches avant<\/li>\n<li>2 poches passe-partout<\/li>\n<li>2 poches poitrine<\/li>\n<li>2 poches arri\u00e8re \u00e0 rabat<\/li>\n<li>2 poches sur les jambes<\/li>\n<li>poche \u00e0 outils<\/li>\n<li>porte-stylo<\/li>\n<li>poche pour r\u00e8gle<\/li>\n<li>poche pour t\u00e9l\u00e9phone portable<\/li>\n<li>poches genoux\u00a0ajustables<\/li>\n<li>\u00e9lastique arri\u00e8re fixe<\/li>\n<li>coupe r\u00e9guli\u00e8re<\/li>\n<li>passepoil r\u00e9fl\u00e9chissant<\/li>\n<li>couture \u00e0 trois aiguilles<\/li>\n<li>large ourlet (5 cm suppl\u00e9mentaires)<\/li>\n<li>test\u00e9 pour les substances nocives selon OEKO-TEX\u00a0<sup>\u00ae<\/sup>\u00a0Standard 100 (0910058 \/ Centexbel)<\/li>\n<\/ul>\n<h3>QUALIT\u00c9<\/h3>\n<p>65% polyester \/ 35% coton, +\/- 245 g \/ m\u00b2<\/p>\n<p><img decoding=\"async\" class=\"aligncenter size-full wp-image-16092\" src=\"http:\/\/uniformeplus.tn\/wp-content\/uploads\/2021\/01\/decorative-cannes-1.jpg\" alt=\"\" width=\"1475\" height=\"983\" srcset=\"https:\/\/uniformeplus.tn\/wp-content\/uploads\/2021\/01\/decorative-cannes-1.jpg 1475w, https:\/\/uniformeplus.tn\/wp-content\/uploads\/2021\/01\/decorative-cannes-1-600x400.jpg 600w, https:\/\/uniformeplus.tn\/wp-content\/uploads\/2021\/01\/decorative-cannes-1-300x200.jpg 300w, https:\/\/uniformeplus.tn\/wp-content\/uploads\/2021\/01\/decorative-cannes-1-1024x682.jpg 1024w, https:\/\/uniformeplus.tn\/wp-content\/uploads\/2021\/01\/decorative-cannes-1-768x512.jpg 768w\" sizes=\"(max-width: 1475px) 100vw, 1475px\" \/> <img decoding=\"async\" class=\"aligncenter size-full wp-image-16093\" src=\"http:\/\/uniformeplus.tn\/wp-content\/uploads\/2021\/01\/siteweb.jpg\" alt=\"\" width=\"1275\" height=\"850\" srcset=\"https:\/\/uniformeplus.tn\/wp-content\/uploads\/2021\/01\/siteweb.jpg 1275w, https:\/\/uniformeplus.tn\/wp-content\/uploads\/2021\/01\/siteweb-600x400.jpg 600w, https:\/\/uniformeplus.tn\/wp-content\/uploads\/2021\/01\/siteweb-300x200.jpg 300w, https:\/\/uniformeplus.tn\/wp-content\/uploads\/2021\/01\/siteweb-1024x683.jpg 1024w, https:\/\/uniformeplus.tn\/wp-content\/uploads\/2021\/01\/siteweb-768x512.jpg 768w\" sizes=\"(max-width: 1275px) 100vw, 1275px\" \/><\/p>\n<p>&nbsp;<\/p>\n","protected":false},"excerpt":{"rendered":"<p><strong>R\u00e9f\u00e9rence : CBPG001<\/strong><\/p>\n<p>Cette combinaison de travail bicolore avec poches genoux n&#8217;offre pas seulement une protection suppl\u00e9mentaire, mais est \u00e9galement votre partenaire id\u00e9al pour plus de chaleur et des poches suppl\u00e9mentaires!<\/p>\n","protected":false},"featured_media":16249,"comment_status":"open","ping_status":"closed","template":"","meta":{"_acf_changed":false},"product_brand":[],"product_cat":[243,264,289,247,304,279,235,278,230,302,288,303,301,237,286,277,227],"product_tag":[],"class_list":{"0":"post-16081","1":"product","2":"type-product","3":"status-publish","4":"has-post-thumbnail","6":"product_cat-batiment","7":"product_cat-btp-et-chantiers","8":"product_cat-chauffagiste","9":"product_cat-combinaisons","10":"product_cat-construction-industrielle","11":"product_cat-garagiste","12":"product_cat-industrie","13":"product_cat-mecanicien","14":"product_cat-metiers","15":"product_cat-ouvrier-industrie","16":"product_cat-plombier","17":"product_cat-service-maintenance","18":"product_cat-technicien","19":"product_cat-technicien-operateur-maintenance","20":"product_cat-tenues-pour-installateurs","21":"product_cat-tenues-pour-lautomobile","22":"product_cat-vetement-de-travail","24":"first","25":"instock","26":"taxable","27":"shipping-taxable","28":"purchasable","29":"product-type-simple"},"acf":[],"yoast_head":"<!-- This site is optimized with the Yoast SEO Premium plugin v26.3 (Yoast SEO v26.3) - https:\/\/yoast.com\/wordpress\/plugins\/seo\/ -->\n<title>COMBINAISON BICOLORE AVEC POCHES GENOUX<\/title>\n<meta name=\"description\" content=\"combinaison de travail avec poches genoux n&#039;offre pas seulement une protection suppl\u00e9mentaire, mais est \u00e9galement votre partenaire id\u00e9al pour plus de chaleur et des poches suppl\u00e9mentaires!\" \/>\n<meta name=\"robots\" content=\"index, follow, max-snippet:-1, max-image-preview:large, max-video-preview:-1\" \/>\n<link rel=\"canonical\" href=\"https:\/\/uniformeplus.tn\/index.php\/product\/combinaison-bicolore-avec-poches-genoux\/\" \/>\n<meta property=\"og:locale\" content=\"fr_FR\" \/>\n<meta property=\"og:type\" content=\"article\" \/>\n<meta property=\"og:title\" content=\"COMBINAISON BICOLORE AVEC POCHES GENOUX\" \/>\n<meta property=\"og:description\" content=\"combinaison de travail avec poches genoux n&#039;offre pas seulement une protection suppl\u00e9mentaire, mais est \u00e9galement votre partenaire id\u00e9al pour plus de chaleur et des poches suppl\u00e9mentaires!\" \/>\n<meta property=\"og:url\" content=\"https:\/\/uniformeplus.tn\/index.php\/product\/combinaison-bicolore-avec-poches-genoux\/\" \/>\n<meta property=\"og:site_name\" content=\"uniformeplus - V\u00eatements de travail\" \/>\n<meta property=\"article:publisher\" content=\"https:\/\/www.facebook.com\/uniforconfection.uniformeplus\" \/>\n<meta property=\"article:modified_time\" content=\"2026-04-26T06:37:44+00:00\" \/>\n<meta property=\"og:image\" content=\"https:\/\/uniformeplus.tn\/wp-content\/uploads\/2021\/01\/combinaison-de-travail-dassy-cannes-combinaison-avec-poches-genoux.jpg\" \/>\n\t<meta property=\"og:image:width\" content=\"800\" \/>\n\t<meta property=\"og:image:height\" content=\"800\" \/>\n\t<meta property=\"og:image:type\" content=\"image\/jpeg\" \/>\n<meta name=\"twitter:card\" content=\"summary_large_image\" \/>\n<meta name=\"twitter:label1\" content=\"Prix\" \/>\n\t<meta name=\"twitter:data1\" content=\"70.000&#x62f;.&#x62a;\" \/>\n\t<meta name=\"twitter:label2\" content=\"Disponibilit\u00e9\" \/>\n\t<meta name=\"twitter:data2\" content=\"En stock\" \/>\n<script type=\"application\/ld+json\" class=\"yoast-schema-graph\">{\"@context\":\"https:\/\/schema.org\",\"@graph\":[{\"@type\":\"WebPage\",\"@id\":\"https:\/\/uniformeplus.tn\/index.php\/product\/combinaison-bicolore-avec-poches-genoux\/\",\"url\":\"https:\/\/uniformeplus.tn\/index.php\/product\/combinaison-bicolore-avec-poches-genoux\/\",\"name\":\"COMBINAISON BICOLORE AVEC POCHES GENOUX\",\"isPartOf\":{\"@id\":\"https:\/\/uniformeplus.tn\/#website\"},\"primaryImageOfPage\":{\"@id\":\"https:\/\/uniformeplus.tn\/index.php\/product\/combinaison-bicolore-avec-poches-genoux\/#primaryimage\"},\"image\":{\"@id\":\"https:\/\/uniformeplus.tn\/index.php\/product\/combinaison-bicolore-avec-poches-genoux\/#primaryimage\"},\"thumbnailUrl\":\"https:\/\/uniformeplus.tn\/wp-content\/uploads\/2021\/01\/combinaison-de-travail-dassy-cannes-combinaison-avec-poches-genoux.jpg\",\"datePublished\":\"2021-01-02T11:43:38+00:00\",\"dateModified\":\"2026-04-26T06:37:44+00:00\",\"description\":\"combinaison de travail avec poches genoux n'offre pas seulement une protection suppl\u00e9mentaire, mais est \u00e9galement votre partenaire id\u00e9al pour plus de chaleur et des poches suppl\u00e9mentaires!\",\"breadcrumb\":{\"@id\":\"https:\/\/uniformeplus.tn\/index.php\/product\/combinaison-bicolore-avec-poches-genoux\/#breadcrumb\"},\"inLanguage\":\"fr-FR\",\"potentialAction\":[{\"@type\":\"ReadAction\",\"target\":[\"https:\/\/uniformeplus.tn\/index.php\/product\/combinaison-bicolore-avec-poches-genoux\/\"]}]},{\"@type\":\"ImageObject\",\"inLanguage\":\"fr-FR\",\"@id\":\"https:\/\/uniformeplus.tn\/index.php\/product\/combinaison-bicolore-avec-poches-genoux\/#primaryimage\",\"url\":\"https:\/\/uniformeplus.tn\/wp-content\/uploads\/2021\/01\/combinaison-de-travail-dassy-cannes-combinaison-avec-poches-genoux.jpg\",\"contentUrl\":\"https:\/\/uniformeplus.tn\/wp-content\/uploads\/2021\/01\/combinaison-de-travail-dassy-cannes-combinaison-avec-poches-genoux.jpg\",\"width\":800,\"height\":800,\"caption\":\"COMBINAISON BICOLORE AVEC POCHES GENOUX\"},{\"@type\":\"BreadcrumbList\",\"@id\":\"https:\/\/uniformeplus.tn\/index.php\/product\/combinaison-bicolore-avec-poches-genoux\/#breadcrumb\",\"itemListElement\":[{\"@type\":\"ListItem\",\"position\":1,\"name\":\"Accueil\",\"item\":\"https:\/\/uniformeplus.tn\/\"},{\"@type\":\"ListItem\",\"position\":2,\"name\":\"Shop\",\"item\":\"https:\/\/uniformeplus.tn\/index.php\/shop-2\/\"},{\"@type\":\"ListItem\",\"position\":3,\"name\":\"M\u00c9TIERS\",\"item\":\"https:\/\/uniformeplus.tn\/index.php\/product-category\/metiers\/\"},{\"@type\":\"ListItem\",\"position\":4,\"name\":\"TENUES POUR INSTALLATEURS\",\"item\":\"https:\/\/uniformeplus.tn\/index.php\/product-category\/metiers\/tenues-pour-installateurs\/\"},{\"@type\":\"ListItem\",\"position\":5,\"name\":\"Chauffagiste\",\"item\":\"https:\/\/uniformeplus.tn\/index.php\/product-category\/metiers\/tenues-pour-installateurs\/chauffagiste\/\"},{\"@type\":\"ListItem\",\"position\":6,\"name\":\"COMBINAISON BICOLORE AVEC POCHES GENOUX\"}]},{\"@type\":\"WebSite\",\"@id\":\"https:\/\/uniformeplus.tn\/#website\",\"url\":\"https:\/\/uniformeplus.tn\/\",\"name\":\"uniformeplus\",\"description\":\"v\u00eatement de travail Tunisie\",\"publisher\":{\"@id\":\"https:\/\/uniformeplus.tn\/#organization\"},\"alternateName\":\"tenue de travail en tunisie\",\"potentialAction\":[{\"@type\":\"SearchAction\",\"target\":{\"@type\":\"EntryPoint\",\"urlTemplate\":\"https:\/\/uniformeplus.tn\/?s={search_term_string}\"},\"query-input\":{\"@type\":\"PropertyValueSpecification\",\"valueRequired\":true,\"valueName\":\"search_term_string\"}}],\"inLanguage\":\"fr-FR\"},{\"@type\":\"Organization\",\"@id\":\"https:\/\/uniformeplus.tn\/#organization\",\"name\":\"tenue de travail\",\"url\":\"https:\/\/uniformeplus.tn\/\",\"logo\":{\"@type\":\"ImageObject\",\"inLanguage\":\"fr-FR\",\"@id\":\"https:\/\/uniformeplus.tn\/#\/schema\/logo\/image\/\",\"url\":\"https:\/\/uniformeplus.tn\/wp-content\/uploads\/2021\/01\/logo.png\",\"contentUrl\":\"https:\/\/uniformeplus.tn\/wp-content\/uploads\/2021\/01\/logo.png\",\"width\":112,\"height\":112,\"caption\":\"tenue de travail\"},\"image\":{\"@id\":\"https:\/\/uniformeplus.tn\/#\/schema\/logo\/image\/\"},\"sameAs\":[\"https:\/\/www.facebook.com\/uniforconfection.uniformeplus\"],\"hasMerchantReturnPolicy\":{\"@type\":\"MerchantReturnPolicy\",\"merchantReturnLink\":\"https:\/\/uniformeplus.tn\/index.php\/politique-de-retour\/\"}}]}<\/script>\n<meta property=\"product:price:amount\" content=\"70.000\" \/>\n<meta property=\"product:price:currency\" content=\"TND\" \/>\n<meta property=\"og:availability\" content=\"instock\" \/>\n<meta property=\"product:availability\" content=\"instock\" \/>\n<meta property=\"product:condition\" content=\"new\" \/>\n<!-- \/ Yoast SEO Premium plugin. -->","yoast_head_json":{"title":"COMBINAISON BICOLORE AVEC POCHES GENOUX","description":"combinaison de travail avec poches genoux n'offre pas seulement une protection suppl\u00e9mentaire, mais est \u00e9galement votre partenaire id\u00e9al pour plus de chaleur et des poches suppl\u00e9mentaires!","robots":{"index":"index","follow":"follow","max-snippet":"max-snippet:-1","max-image-preview":"max-image-preview:large","max-video-preview":"max-video-preview:-1"},"canonical":"https:\/\/uniformeplus.tn\/index.php\/product\/combinaison-bicolore-avec-poches-genoux\/","og_locale":"fr_FR","og_type":"article","og_title":"COMBINAISON BICOLORE AVEC POCHES GENOUX","og_description":"combinaison de travail avec poches genoux n'offre pas seulement une protection suppl\u00e9mentaire, mais est \u00e9galement votre partenaire id\u00e9al pour plus de chaleur et des poches suppl\u00e9mentaires!","og_url":"https:\/\/uniformeplus.tn\/index.php\/product\/combinaison-bicolore-avec-poches-genoux\/","og_site_name":"uniformeplus - V\u00eatements de travail","article_publisher":"https:\/\/www.facebook.com\/uniforconfection.uniformeplus","article_modified_time":"2026-04-26T06:37:44+00:00","og_image":[{"width":800,"height":800,"url":"https:\/\/uniformeplus.tn\/wp-content\/uploads\/2021\/01\/combinaison-de-travail-dassy-cannes-combinaison-avec-poches-genoux.jpg","type":"image\/jpeg"}],"twitter_card":"summary_large_image","twitter_misc":{"Prix":"70.000&#x62f;.&#x62a;","Disponibilit\u00e9":"En stock"},"schema":{"@context":"https:\/\/schema.org","@graph":[{"@type":"WebPage","@id":"https:\/\/uniformeplus.tn\/index.php\/product\/combinaison-bicolore-avec-poches-genoux\/","url":"https:\/\/uniformeplus.tn\/index.php\/product\/combinaison-bicolore-avec-poches-genoux\/","name":"COMBINAISON BICOLORE AVEC POCHES GENOUX","isPartOf":{"@id":"https:\/\/uniformeplus.tn\/#website"},"primaryImageOfPage":{"@id":"https:\/\/uniformeplus.tn\/index.php\/product\/combinaison-bicolore-avec-poches-genoux\/#primaryimage"},"image":{"@id":"https:\/\/uniformeplus.tn\/index.php\/product\/combinaison-bicolore-avec-poches-genoux\/#primaryimage"},"thumbnailUrl":"https:\/\/uniformeplus.tn\/wp-content\/uploads\/2021\/01\/combinaison-de-travail-dassy-cannes-combinaison-avec-poches-genoux.jpg","datePublished":"2021-01-02T11:43:38+00:00","dateModified":"2026-04-26T06:37:44+00:00","description":"combinaison de travail avec poches genoux n'offre pas seulement une protection suppl\u00e9mentaire, mais est \u00e9galement votre partenaire id\u00e9al pour plus de chaleur et des poches suppl\u00e9mentaires!","breadcrumb":{"@id":"https:\/\/uniformeplus.tn\/index.php\/product\/combinaison-bicolore-avec-poches-genoux\/#breadcrumb"},"inLanguage":"fr-FR","potentialAction":[{"@type":"ReadAction","target":["https:\/\/uniformeplus.tn\/index.php\/product\/combinaison-bicolore-avec-poches-genoux\/"]}]},{"@type":"ImageObject","inLanguage":"fr-FR","@id":"https:\/\/uniformeplus.tn\/index.php\/product\/combinaison-bicolore-avec-poches-genoux\/#primaryimage","url":"https:\/\/uniformeplus.tn\/wp-content\/uploads\/2021\/01\/combinaison-de-travail-dassy-cannes-combinaison-avec-poches-genoux.jpg","contentUrl":"https:\/\/uniformeplus.tn\/wp-content\/uploads\/2021\/01\/combinaison-de-travail-dassy-cannes-combinaison-avec-poches-genoux.jpg","width":800,"height":800,"caption":"COMBINAISON BICOLORE AVEC POCHES GENOUX"},{"@type":"BreadcrumbList","@id":"https:\/\/uniformeplus.tn\/index.php\/product\/combinaison-bicolore-avec-poches-genoux\/#breadcrumb","itemListElement":[{"@type":"ListItem","position":1,"name":"Accueil","item":"https:\/\/uniformeplus.tn\/"},{"@type":"ListItem","position":2,"name":"Shop","item":"https:\/\/uniformeplus.tn\/index.php\/shop-2\/"},{"@type":"ListItem","position":3,"name":"M\u00c9TIERS","item":"https:\/\/uniformeplus.tn\/index.php\/product-category\/metiers\/"},{"@type":"ListItem","position":4,"name":"TENUES POUR INSTALLATEURS","item":"https:\/\/uniformeplus.tn\/index.php\/product-category\/metiers\/tenues-pour-installateurs\/"},{"@type":"ListItem","position":5,"name":"Chauffagiste","item":"https:\/\/uniformeplus.tn\/index.php\/product-category\/metiers\/tenues-pour-installateurs\/chauffagiste\/"},{"@type":"ListItem","position":6,"name":"COMBINAISON BICOLORE AVEC POCHES GENOUX"}]},{"@type":"WebSite","@id":"https:\/\/uniformeplus.tn\/#website","url":"https:\/\/uniformeplus.tn\/","name":"uniformeplus","description":"v\u00eatement de travail Tunisie","publisher":{"@id":"https:\/\/uniformeplus.tn\/#organization"},"alternateName":"tenue de travail en tunisie","potentialAction":[{"@type":"SearchAction","target":{"@type":"EntryPoint","urlTemplate":"https:\/\/uniformeplus.tn\/?s={search_term_string}"},"query-input":{"@type":"PropertyValueSpecification","valueRequired":true,"valueName":"search_term_string"}}],"inLanguage":"fr-FR"},{"@type":"Organization","@id":"https:\/\/uniformeplus.tn\/#organization","name":"tenue de travail","url":"https:\/\/uniformeplus.tn\/","logo":{"@type":"ImageObject","inLanguage":"fr-FR","@id":"https:\/\/uniformeplus.tn\/#\/schema\/logo\/image\/","url":"https:\/\/uniformeplus.tn\/wp-content\/uploads\/2021\/01\/logo.png","contentUrl":"https:\/\/uniformeplus.tn\/wp-content\/uploads\/2021\/01\/logo.png","width":112,"height":112,"caption":"tenue de travail"},"image":{"@id":"https:\/\/uniformeplus.tn\/#\/schema\/logo\/image\/"},"sameAs":["https:\/\/www.facebook.com\/uniforconfection.uniformeplus"],"hasMerchantReturnPolicy":{"@type":"MerchantReturnPolicy","merchantReturnLink":"https:\/\/uniformeplus.tn\/index.php\/politique-de-retour\/"}}]},"product_price_amount":"70.000","product_price_currency":"TND","og_availability":"instock","product_availability":"instock","product_condition":"new"},"_links":{"self":[{"href":"https:\/\/uniformeplus.tn\/index.php\/wp-json\/wp\/v2\/product\/16081","targetHints":{"allow":["GET"]}}],"collection":[{"href":"https:\/\/uniformeplus.tn\/index.php\/wp-json\/wp\/v2\/product"}],"about":[{"href":"https:\/\/uniformeplus.tn\/index.php\/wp-json\/wp\/v2\/types\/product"}],"replies":[{"embeddable":true,"href":"https:\/\/uniformeplus.tn\/index.php\/wp-json\/wp\/v2\/comments?post=16081"}],"wp:featuredmedia":[{"embeddable":true,"href":"https:\/\/uniformeplus.tn\/index.php\/wp-json\/wp\/v2\/media\/16249"}],"wp:attachment":[{"href":"https:\/\/uniformeplus.tn\/index.php\/wp-json\/wp\/v2\/media?parent=16081"}],"wp:term":[{"taxonomy":"product_brand","embeddable":true,"href":"https:\/\/uniformeplus.tn\/index.php\/wp-json\/wp\/v2\/product_brand?post=16081"},{"taxonomy":"product_cat","embeddable":true,"href":"https:\/\/uniformeplus.tn\/index.php\/wp-json\/wp\/v2\/product_cat?post=16081"},{"taxonomy":"product_tag","embeddable":true,"href":"https:\/\/uniformeplus.tn\/index.php\/wp-json\/wp\/v2\/product_tag?post=16081"}],"curies":[{"name":"wp","href":"https:\/\/api.w.org\/{rel}","templated":true}]}}