{"id":16111,"date":"2021-01-08T16:40:42","date_gmt":"2021-01-08T15:40:42","guid":{"rendered":"http:\/\/uniformeplus.tn\/?post_type=product&#038;p=16111"},"modified":"2025-05-22T20:23:40","modified_gmt":"2025-05-22T18:23:40","slug":"veste-de-travail-bicolore-vtbu001","status":"publish","type":"product","link":"https:\/\/uniformeplus.tn\/index.php\/product\/veste-de-travail-bicolore-vtbu001\/","title":{"rendered":"VESTE DE TRAVAIL BICOLORE VTBU001"},"content":{"rendered":"<p><a href=\"http:\/\/uniformeplus.tn\/index.php\/product\/veste-de-travail-bicolore-vtbu001\/\">Cette veste de travail bicolore <\/a>sera id\u00e9ale en compl\u00e9ment avec\u00a0<a href=\"http:\/\/uniformeplus.tn\/index.php\/product\/pantalon-de-travail\/\"> pantalons de travail<\/a> \u00a0Avec son style bicolore et ses nombreuses poches, c\u2019est une\u00a0<strong>veste de travail moderne et fonctionnelle<\/strong>. Elle dispose de poignets r\u00e9glables par velcro, d\u2019une taille ajustable avec boutons-pressions et d\u2019une fermeture \u00e0 glissi\u00e8re cach\u00e9e sous rabat.<\/p>\n<p>Pour ranger vos accessoires (cl\u00e9s, documents, t\u00e9l\u00e9phone portable\u2026), vous pourrez compter sur les diff\u00e9rentes poches pr\u00e9sentes sur le v\u00eatement. La <a href=\"http:\/\/uniformeplus.tn\/index.php\/product\/veste-de-travail-bicolore-vtbu001\/\"> veste de travail bicolore<\/a> est \u00e9quip\u00e9e de deux grandes poches plaqu\u00e9es, de deux poches poitrine, d\u2019une poche t\u00e9l\u00e9phone<\/p>\n<p>Cette veste est \u00e9galement conforme \u00e0 la norme EN ISO 15797 et accepte l\u2019entretien industriel.<\/p>\n<p><strong><u>Caract\u00e9ristiques<\/u><\/strong>\u00a0:<\/p>\n<ul>\n<li style=\"list-style-type: none;\">\n<ul>\n<li>Veste de travail<\/li>\n<li>Poignets r\u00e9glables avec velcro<\/li>\n<li>Taille r\u00e9glable par boutons-pression<\/li>\n<li>Fermeture \u00e0 glissi\u00e8re longue cach\u00e9e sous rabat<\/li>\n<li>3 boutons-pression<\/li>\n<li>Plis d&#8217;aisance dos<\/li>\n<li>2 poches basses<\/li>\n<li>2 poches poitrine<\/li>\n<li>Poche t\u00e9l\u00e9phone<\/li>\n<li>Porte-crayon<\/li>\n<li>Poche outils<\/li>\n<li>Biais r\u00e9fl\u00e9chissant<\/li>\n<li>Coutures doubles<\/li>\n<\/ul>\n<\/li>\n<\/ul>\n<p>QUALITE :<\/p>\n<p>65% polyester \/ 35% coton, +\/- 245 g \/ m\u00b2<\/p>\n<p>R\u00e9f\u00e9rence :<\/p>\n<p>VTBU001<\/p>\n<p>&nbsp;<\/p>\n<p>&nbsp;<\/p>\n<p><img decoding=\"async\" class=\"aligncenter size-full wp-image-16122\" src=\"http:\/\/uniformeplus.tn\/wp-content\/uploads\/2021\/01\/2-1.jpg\" alt=\"\" width=\"829\" height=\"1244\" \/><\/p>\n<p><img decoding=\"async\" class=\"wp-image-16121 size-full\" src=\"http:\/\/uniformeplus.tn\/wp-content\/uploads\/2021\/01\/decorative-lugano-1.jpg\" alt=\"veste de travail\" width=\"1800\" height=\"1350\" srcset=\"https:\/\/uniformeplus.tn\/wp-content\/uploads\/2021\/01\/decorative-lugano-1.jpg 1800w, https:\/\/uniformeplus.tn\/wp-content\/uploads\/2021\/01\/decorative-lugano-1-600x450.jpg 600w, https:\/\/uniformeplus.tn\/wp-content\/uploads\/2021\/01\/decorative-lugano-1-300x225.jpg 300w, https:\/\/uniformeplus.tn\/wp-content\/uploads\/2021\/01\/decorative-lugano-1-1024x768.jpg 1024w, https:\/\/uniformeplus.tn\/wp-content\/uploads\/2021\/01\/decorative-lugano-1-768x576.jpg 768w, https:\/\/uniformeplus.tn\/wp-content\/uploads\/2021\/01\/decorative-lugano-1-1536x1152.jpg 1536w\" sizes=\"(max-width: 1800px) 100vw, 1800px\" \/><\/p>\n","protected":false},"excerpt":{"rendered":"<p>R\u00e9f\u00e9rence : VTBU001<\/p>\n<p>Cette\u00a0<strong>veste de travail bicolore<\/strong>\u00a0 vous suivra sur tous vos chantiers. Elle dispose de nombreuses poches pratiques pour les accessoires du quotidien et se montre r\u00e9sistante \u00e0 l&#8217;usure avec son tissu poly-coton de 245 g\/m\u00b2. La <strong>veste <\/strong>\u00a0poss\u00e8de une\u00a0fermeture \u00e0 glissi\u00e8re cach\u00e9e sous rabat et des poignets r\u00e9glables par velcro. Un v\u00eatement professionnel au tr\u00e8s bon rapport qualit\u00e9\/prix propos\u00e9 dans divers coloris.<\/p>\n<p>&nbsp;<\/p>\n","protected":false},"featured_media":16112,"comment_status":"open","ping_status":"closed","template":"","meta":{"_acf_changed":false},"product_brand":[],"product_cat":[280,279,294,278,277,293,250,227,291],"product_tag":[],"class_list":{"0":"post-16111","1":"product","2":"type-product","3":"status-publish","4":"has-post-thumbnail","6":"product_cat-carrossier","7":"product_cat-garagiste","8":"product_cat-manutentionnaire","9":"product_cat-mecanicien","10":"product_cat-tenues-pour-lautomobile","11":"product_cat-transporteur","12":"product_cat-vestes-de-travail-tunisie","13":"product_cat-vetement-de-travail","14":"product_cat-vetements-pour-la-logistique-et-le-transport","16":"first","17":"instock","18":"taxable","19":"shipping-taxable","20":"purchasable","21":"product-type-simple"},"acf":[],"yoast_head":"<!-- This site is optimized with the Yoast SEO Premium plugin v26.3 (Yoast SEO v26.3) - https:\/\/yoast.com\/wordpress\/plugins\/seo\/ -->\n<title>VESTE DE TRAVAIL BICOLORE VTBU001<\/title>\n<meta name=\"description\" content=\"veste de travail bicolore vous suivra sur tous vos chantiers. Elle dispose de nombreuses poches pratiques pour les accessoires\" \/>\n<meta name=\"robots\" content=\"index, follow, max-snippet:-1, max-image-preview:large, max-video-preview:-1\" \/>\n<link rel=\"canonical\" href=\"https:\/\/uniformeplus.tn\/index.php\/product\/veste-de-travail-bicolore-vtbu001\/\" \/>\n<meta property=\"og:locale\" content=\"fr_FR\" \/>\n<meta property=\"og:type\" content=\"article\" \/>\n<meta property=\"og:title\" content=\"VESTE DE TRAVAIL BICOLORE VTBU001\" \/>\n<meta property=\"og:description\" content=\"R\u00e9f\u00e9rence : VTBU001  Cette\u00a0veste de travail bicolore\u00a0 vous suivra sur tous vos chantiers. Elle dispose de nombreuses poches pratiques pour les accessoires du quotidien et se montre r\u00e9sistante \u00e0 l&#039;usure avec son tissu poly-coton de 245 g\/m\u00b2. La veste \u00a0poss\u00e8de une\u00a0fermeture \u00e0 glissi\u00e8re cach\u00e9e sous rabat et des poignets r\u00e9glables par velcro. Un v\u00eatement professionnel au tr\u00e8s bon rapport qualit\u00e9\/prix propos\u00e9 dans divers coloris.  &nbsp;\" \/>\n<meta property=\"og:url\" content=\"https:\/\/uniformeplus.tn\/index.php\/product\/veste-de-travail-bicolore-vtbu001\/\" \/>\n<meta property=\"og:site_name\" content=\"uniformeplus - V\u00eatements de travail\" \/>\n<meta property=\"article:publisher\" content=\"https:\/\/www.facebook.com\/uniforconfection.uniformeplus\" \/>\n<meta property=\"article:modified_time\" content=\"2025-05-22T18:23:40+00:00\" \/>\n<meta property=\"og:image\" content=\"https:\/\/uniformeplus.tn\/wp-content\/uploads\/2021\/01\/veste-de-travail-gris-noire.jpg\" \/>\n\t<meta property=\"og:image:width\" content=\"1080\" \/>\n\t<meta property=\"og:image:height\" content=\"1080\" \/>\n\t<meta property=\"og:image:type\" content=\"image\/jpeg\" \/>\n<meta name=\"twitter:card\" content=\"summary_large_image\" \/>\n<meta name=\"twitter:title\" content=\"VESTE DE TRAVAIL BICOLORE VTBU001\" \/>\n<meta name=\"twitter:description\" content=\"R\u00e9f\u00e9rence : VTBU001  Cette\u00a0veste de travail bicolore\u00a0 vous suivra sur tous vos chantiers. Elle dispose de nombreuses poches pratiques pour les accessoires du quotidien et se montre r\u00e9sistante \u00e0 l&#039;usure avec son tissu poly-coton de 245 g\/m\u00b2. La veste \u00a0poss\u00e8de une\u00a0fermeture \u00e0 glissi\u00e8re cach\u00e9e sous rabat et des poignets r\u00e9glables par velcro. Un v\u00eatement professionnel au tr\u00e8s bon rapport qualit\u00e9\/prix propos\u00e9 dans divers coloris.  &nbsp;\" \/>\n<meta name=\"twitter:label1\" content=\"Prix\" \/>\n\t<meta name=\"twitter:data1\" content=\"60.000&#x62f;.&#x62a;\" \/>\n\t<meta name=\"twitter:label2\" content=\"Disponibilit\u00e9\" \/>\n\t<meta name=\"twitter:data2\" content=\"En stock\" \/>\n<script type=\"application\/ld+json\" class=\"yoast-schema-graph\">{\"@context\":\"https:\/\/schema.org\",\"@graph\":[{\"@type\":\"WebPage\",\"@id\":\"https:\/\/uniformeplus.tn\/index.php\/product\/veste-de-travail-bicolore-vtbu001\/\",\"url\":\"https:\/\/uniformeplus.tn\/index.php\/product\/veste-de-travail-bicolore-vtbu001\/\",\"name\":\"VESTE DE TRAVAIL BICOLORE VTBU001\",\"isPartOf\":{\"@id\":\"https:\/\/uniformeplus.tn\/#website\"},\"primaryImageOfPage\":{\"@id\":\"https:\/\/uniformeplus.tn\/index.php\/product\/veste-de-travail-bicolore-vtbu001\/#primaryimage\"},\"image\":{\"@id\":\"https:\/\/uniformeplus.tn\/index.php\/product\/veste-de-travail-bicolore-vtbu001\/#primaryimage\"},\"thumbnailUrl\":\"https:\/\/uniformeplus.tn\/wp-content\/uploads\/2021\/01\/veste-de-travail-gris-noire.jpg\",\"datePublished\":\"2021-01-08T15:40:42+00:00\",\"dateModified\":\"2025-05-22T18:23:40+00:00\",\"description\":\"veste de travail bicolore vous suivra sur tous vos chantiers. Elle dispose de nombreuses poches pratiques pour les accessoires\",\"breadcrumb\":{\"@id\":\"https:\/\/uniformeplus.tn\/index.php\/product\/veste-de-travail-bicolore-vtbu001\/#breadcrumb\"},\"inLanguage\":\"fr-FR\",\"potentialAction\":[{\"@type\":\"ReadAction\",\"target\":[\"https:\/\/uniformeplus.tn\/index.php\/product\/veste-de-travail-bicolore-vtbu001\/\"]}]},{\"@type\":\"ImageObject\",\"inLanguage\":\"fr-FR\",\"@id\":\"https:\/\/uniformeplus.tn\/index.php\/product\/veste-de-travail-bicolore-vtbu001\/#primaryimage\",\"url\":\"https:\/\/uniformeplus.tn\/wp-content\/uploads\/2021\/01\/veste-de-travail-gris-noire.jpg\",\"contentUrl\":\"https:\/\/uniformeplus.tn\/wp-content\/uploads\/2021\/01\/veste-de-travail-gris-noire.jpg\",\"width\":1080,\"height\":1080,\"caption\":\"veste-de-travail-gris-noire\"},{\"@type\":\"BreadcrumbList\",\"@id\":\"https:\/\/uniformeplus.tn\/index.php\/product\/veste-de-travail-bicolore-vtbu001\/#breadcrumb\",\"itemListElement\":[{\"@type\":\"ListItem\",\"position\":1,\"name\":\"Accueil\",\"item\":\"https:\/\/uniformeplus.tn\/\"},{\"@type\":\"ListItem\",\"position\":2,\"name\":\"Shop\",\"item\":\"https:\/\/uniformeplus.tn\/index.php\/shop-2\/\"},{\"@type\":\"ListItem\",\"position\":3,\"name\":\"M\u00c9TIERS\",\"item\":\"https:\/\/uniformeplus.tn\/index.php\/product-category\/metiers\/\"},{\"@type\":\"ListItem\",\"position\":4,\"name\":\"TENUES POUR L'AUTOMOBILE\",\"item\":\"https:\/\/uniformeplus.tn\/index.php\/product-category\/metiers\/tenues-pour-lautomobile\/\"},{\"@type\":\"ListItem\",\"position\":5,\"name\":\"Carrossier\",\"item\":\"https:\/\/uniformeplus.tn\/index.php\/product-category\/metiers\/tenues-pour-lautomobile\/carrossier\/\"},{\"@type\":\"ListItem\",\"position\":6,\"name\":\"VESTE DE TRAVAIL BICOLORE VTBU001\"}]},{\"@type\":\"WebSite\",\"@id\":\"https:\/\/uniformeplus.tn\/#website\",\"url\":\"https:\/\/uniformeplus.tn\/\",\"name\":\"uniformeplus\",\"description\":\"v\u00eatement de travail Tunisie\",\"publisher\":{\"@id\":\"https:\/\/uniformeplus.tn\/#organization\"},\"alternateName\":\"tenue de travail en tunisie\",\"potentialAction\":[{\"@type\":\"SearchAction\",\"target\":{\"@type\":\"EntryPoint\",\"urlTemplate\":\"https:\/\/uniformeplus.tn\/?s={search_term_string}\"},\"query-input\":{\"@type\":\"PropertyValueSpecification\",\"valueRequired\":true,\"valueName\":\"search_term_string\"}}],\"inLanguage\":\"fr-FR\"},{\"@type\":\"Organization\",\"@id\":\"https:\/\/uniformeplus.tn\/#organization\",\"name\":\"tenue de travail\",\"url\":\"https:\/\/uniformeplus.tn\/\",\"logo\":{\"@type\":\"ImageObject\",\"inLanguage\":\"fr-FR\",\"@id\":\"https:\/\/uniformeplus.tn\/#\/schema\/logo\/image\/\",\"url\":\"https:\/\/uniformeplus.tn\/wp-content\/uploads\/2021\/01\/logo.png\",\"contentUrl\":\"https:\/\/uniformeplus.tn\/wp-content\/uploads\/2021\/01\/logo.png\",\"width\":112,\"height\":112,\"caption\":\"tenue de travail\"},\"image\":{\"@id\":\"https:\/\/uniformeplus.tn\/#\/schema\/logo\/image\/\"},\"sameAs\":[\"https:\/\/www.facebook.com\/uniforconfection.uniformeplus\"],\"hasMerchantReturnPolicy\":{\"@type\":\"MerchantReturnPolicy\",\"merchantReturnLink\":\"https:\/\/uniformeplus.tn\/index.php\/politique-de-retour\/\"}}]}<\/script>\n<meta property=\"product:price:amount\" content=\"60.000\" \/>\n<meta property=\"product:price:currency\" content=\"TND\" \/>\n<meta property=\"og:availability\" content=\"instock\" \/>\n<meta property=\"product:availability\" content=\"instock\" \/>\n<meta property=\"product:retailer_item_id\" content=\"VTBU001\" \/>\n<meta property=\"product:condition\" content=\"new\" \/>\n<!-- \/ Yoast SEO Premium plugin. -->","yoast_head_json":{"title":"VESTE DE TRAVAIL BICOLORE VTBU001","description":"veste de travail bicolore vous suivra sur tous vos chantiers. Elle dispose de nombreuses poches pratiques pour les accessoires","robots":{"index":"index","follow":"follow","max-snippet":"max-snippet:-1","max-image-preview":"max-image-preview:large","max-video-preview":"max-video-preview:-1"},"canonical":"https:\/\/uniformeplus.tn\/index.php\/product\/veste-de-travail-bicolore-vtbu001\/","og_locale":"fr_FR","og_type":"article","og_title":"VESTE DE TRAVAIL BICOLORE VTBU001","og_description":"R\u00e9f\u00e9rence : VTBU001  Cette\u00a0veste de travail bicolore\u00a0 vous suivra sur tous vos chantiers. Elle dispose de nombreuses poches pratiques pour les accessoires du quotidien et se montre r\u00e9sistante \u00e0 l'usure avec son tissu poly-coton de 245 g\/m\u00b2. La veste \u00a0poss\u00e8de une\u00a0fermeture \u00e0 glissi\u00e8re cach\u00e9e sous rabat et des poignets r\u00e9glables par velcro. Un v\u00eatement professionnel au tr\u00e8s bon rapport qualit\u00e9\/prix propos\u00e9 dans divers coloris.  &nbsp;","og_url":"https:\/\/uniformeplus.tn\/index.php\/product\/veste-de-travail-bicolore-vtbu001\/","og_site_name":"uniformeplus - V\u00eatements de travail","article_publisher":"https:\/\/www.facebook.com\/uniforconfection.uniformeplus","article_modified_time":"2025-05-22T18:23:40+00:00","og_image":[{"width":1080,"height":1080,"url":"https:\/\/uniformeplus.tn\/wp-content\/uploads\/2021\/01\/veste-de-travail-gris-noire.jpg","type":"image\/jpeg"}],"twitter_card":"summary_large_image","twitter_title":"VESTE DE TRAVAIL BICOLORE VTBU001","twitter_description":"R\u00e9f\u00e9rence : VTBU001  Cette\u00a0veste de travail bicolore\u00a0 vous suivra sur tous vos chantiers. Elle dispose de nombreuses poches pratiques pour les accessoires du quotidien et se montre r\u00e9sistante \u00e0 l'usure avec son tissu poly-coton de 245 g\/m\u00b2. La veste \u00a0poss\u00e8de une\u00a0fermeture \u00e0 glissi\u00e8re cach\u00e9e sous rabat et des poignets r\u00e9glables par velcro. Un v\u00eatement professionnel au tr\u00e8s bon rapport qualit\u00e9\/prix propos\u00e9 dans divers coloris.  &nbsp;","twitter_misc":{"Prix":"60.000&#x62f;.&#x62a;","Disponibilit\u00e9":"En stock"},"schema":{"@context":"https:\/\/schema.org","@graph":[{"@type":"WebPage","@id":"https:\/\/uniformeplus.tn\/index.php\/product\/veste-de-travail-bicolore-vtbu001\/","url":"https:\/\/uniformeplus.tn\/index.php\/product\/veste-de-travail-bicolore-vtbu001\/","name":"VESTE DE TRAVAIL BICOLORE VTBU001","isPartOf":{"@id":"https:\/\/uniformeplus.tn\/#website"},"primaryImageOfPage":{"@id":"https:\/\/uniformeplus.tn\/index.php\/product\/veste-de-travail-bicolore-vtbu001\/#primaryimage"},"image":{"@id":"https:\/\/uniformeplus.tn\/index.php\/product\/veste-de-travail-bicolore-vtbu001\/#primaryimage"},"thumbnailUrl":"https:\/\/uniformeplus.tn\/wp-content\/uploads\/2021\/01\/veste-de-travail-gris-noire.jpg","datePublished":"2021-01-08T15:40:42+00:00","dateModified":"2025-05-22T18:23:40+00:00","description":"veste de travail bicolore vous suivra sur tous vos chantiers. Elle dispose de nombreuses poches pratiques pour les accessoires","breadcrumb":{"@id":"https:\/\/uniformeplus.tn\/index.php\/product\/veste-de-travail-bicolore-vtbu001\/#breadcrumb"},"inLanguage":"fr-FR","potentialAction":[{"@type":"ReadAction","target":["https:\/\/uniformeplus.tn\/index.php\/product\/veste-de-travail-bicolore-vtbu001\/"]}]},{"@type":"ImageObject","inLanguage":"fr-FR","@id":"https:\/\/uniformeplus.tn\/index.php\/product\/veste-de-travail-bicolore-vtbu001\/#primaryimage","url":"https:\/\/uniformeplus.tn\/wp-content\/uploads\/2021\/01\/veste-de-travail-gris-noire.jpg","contentUrl":"https:\/\/uniformeplus.tn\/wp-content\/uploads\/2021\/01\/veste-de-travail-gris-noire.jpg","width":1080,"height":1080,"caption":"veste-de-travail-gris-noire"},{"@type":"BreadcrumbList","@id":"https:\/\/uniformeplus.tn\/index.php\/product\/veste-de-travail-bicolore-vtbu001\/#breadcrumb","itemListElement":[{"@type":"ListItem","position":1,"name":"Accueil","item":"https:\/\/uniformeplus.tn\/"},{"@type":"ListItem","position":2,"name":"Shop","item":"https:\/\/uniformeplus.tn\/index.php\/shop-2\/"},{"@type":"ListItem","position":3,"name":"M\u00c9TIERS","item":"https:\/\/uniformeplus.tn\/index.php\/product-category\/metiers\/"},{"@type":"ListItem","position":4,"name":"TENUES POUR L'AUTOMOBILE","item":"https:\/\/uniformeplus.tn\/index.php\/product-category\/metiers\/tenues-pour-lautomobile\/"},{"@type":"ListItem","position":5,"name":"Carrossier","item":"https:\/\/uniformeplus.tn\/index.php\/product-category\/metiers\/tenues-pour-lautomobile\/carrossier\/"},{"@type":"ListItem","position":6,"name":"VESTE DE TRAVAIL BICOLORE VTBU001"}]},{"@type":"WebSite","@id":"https:\/\/uniformeplus.tn\/#website","url":"https:\/\/uniformeplus.tn\/","name":"uniformeplus","description":"v\u00eatement de travail Tunisie","publisher":{"@id":"https:\/\/uniformeplus.tn\/#organization"},"alternateName":"tenue de travail en tunisie","potentialAction":[{"@type":"SearchAction","target":{"@type":"EntryPoint","urlTemplate":"https:\/\/uniformeplus.tn\/?s={search_term_string}"},"query-input":{"@type":"PropertyValueSpecification","valueRequired":true,"valueName":"search_term_string"}}],"inLanguage":"fr-FR"},{"@type":"Organization","@id":"https:\/\/uniformeplus.tn\/#organization","name":"tenue de travail","url":"https:\/\/uniformeplus.tn\/","logo":{"@type":"ImageObject","inLanguage":"fr-FR","@id":"https:\/\/uniformeplus.tn\/#\/schema\/logo\/image\/","url":"https:\/\/uniformeplus.tn\/wp-content\/uploads\/2021\/01\/logo.png","contentUrl":"https:\/\/uniformeplus.tn\/wp-content\/uploads\/2021\/01\/logo.png","width":112,"height":112,"caption":"tenue de travail"},"image":{"@id":"https:\/\/uniformeplus.tn\/#\/schema\/logo\/image\/"},"sameAs":["https:\/\/www.facebook.com\/uniforconfection.uniformeplus"],"hasMerchantReturnPolicy":{"@type":"MerchantReturnPolicy","merchantReturnLink":"https:\/\/uniformeplus.tn\/index.php\/politique-de-retour\/"}}]},"product_price_amount":"60.000","product_price_currency":"TND","og_availability":"instock","product_availability":"instock","product_retailer_item_id":"VTBU001","product_condition":"new"},"_links":{"self":[{"href":"https:\/\/uniformeplus.tn\/index.php\/wp-json\/wp\/v2\/product\/16111","targetHints":{"allow":["GET"]}}],"collection":[{"href":"https:\/\/uniformeplus.tn\/index.php\/wp-json\/wp\/v2\/product"}],"about":[{"href":"https:\/\/uniformeplus.tn\/index.php\/wp-json\/wp\/v2\/types\/product"}],"replies":[{"embeddable":true,"href":"https:\/\/uniformeplus.tn\/index.php\/wp-json\/wp\/v2\/comments?post=16111"}],"wp:featuredmedia":[{"embeddable":true,"href":"https:\/\/uniformeplus.tn\/index.php\/wp-json\/wp\/v2\/media\/16112"}],"wp:attachment":[{"href":"https:\/\/uniformeplus.tn\/index.php\/wp-json\/wp\/v2\/media?parent=16111"}],"wp:term":[{"taxonomy":"product_brand","embeddable":true,"href":"https:\/\/uniformeplus.tn\/index.php\/wp-json\/wp\/v2\/product_brand?post=16111"},{"taxonomy":"product_cat","embeddable":true,"href":"https:\/\/uniformeplus.tn\/index.php\/wp-json\/wp\/v2\/product_cat?post=16111"},{"taxonomy":"product_tag","embeddable":true,"href":"https:\/\/uniformeplus.tn\/index.php\/wp-json\/wp\/v2\/product_tag?post=16111"}],"curies":[{"name":"wp","href":"https:\/\/api.w.org\/{rel}","templated":true}]}}