{"id":16136,"date":"2021-01-11T09:59:37","date_gmt":"2021-01-11T08:59:37","guid":{"rendered":"http:\/\/uniformeplus.tn\/?post_type=product&#038;p=16136"},"modified":"2025-05-22T20:42:33","modified_gmt":"2025-05-22T18:42:33","slug":"sweat-de-travail-avec-poche-zippee-sur-la-manche","status":"publish","type":"product","link":"https:\/\/uniformeplus.tn\/index.php\/product\/sweat-de-travail-avec-poche-zippee-sur-la-manche\/","title":{"rendered":"Sweat de travail poche zipp\u00e9e sur la manche"},"content":{"rendered":"<h4>FICHE TECHNIQUE<\/h4>\n<table class=\"table-data-sheet\">\n<tbody>\n<tr class=\"odd\">\n<td>Genre<\/td>\n<td>Mixte<\/td>\n<\/tr>\n<tr class=\"even\">\n<td>Manches<\/td>\n<td>Longues<\/td>\n<\/tr>\n<tr class=\"odd\">\n<td>Tissu<\/td>\n<td>coton<\/td>\n<\/tr>\n<\/tbody>\n<\/table>\n<ul>\n<li>Col rond<\/li>\n<li>Manches longues raglans pour une meilleure aisance de mouvement<\/li>\n<li>1 poche zipp\u00e9e sur la manche<\/li>\n<li>Bande de propret\u00e9<\/li>\n<li>Bord c\u00f4te au niveau des poignets et de la taille<\/li>\n<\/ul>\n<h3>Conseils d&#8217;entretien :<\/h3>\n<ul>\n<li style=\"list-style-type: none;\">\n<ul>\n<li>Lavage en machine en cycle normal \u00e0 60\u00b0C<\/li>\n<li>Blanchiment (chlorage) interdit<\/li>\n<li>S\u00e9chage en tambour interdit<\/li>\n<li>Repasser \u00e0 une temp\u00e9rature maximale de semelle de fer de 110\u00b0C<\/li>\n<li>Nettoyage \u00e0 sec interdit<\/li>\n<\/ul>\n<\/li>\n<\/ul>\n","protected":false},"excerpt":{"rendered":"<p>R\u00e9f\u00e9rence : <a href=\"http:\/\/uniformeplus.tn\/index.php\/product\/sweat-de-travail\u2026ee-sur-la-manche\/\"><strong>SDTPZM<\/strong><\/a><\/p>\n<p>Ce <a href=\"http:\/\/uniformeplus.tn\/index.php\/product\/sweat-de-travail\u2026ee-sur-la-manche\/\"><strong>Sweat de travail poche zipp\u00e9e sur la manche\u00a0 <\/strong><\/a>est con\u00e7u avec du\u00a0<strong>coton<\/strong><\/p>\n<p>Col rond , Manches longues raglans pour une meilleure aisance de mouvement ,1 poche zipp\u00e9e sur la manche ,Bande de propret\u00e9 , Bord c\u00f4te au niveau des poignets et de la taille<\/p>\n<p>&nbsp;<\/p>\n","protected":false},"featured_media":16137,"comment_status":"open","ping_status":"closed","template":"","meta":{"_acf_changed":false},"product_brand":[],"product_cat":[324,227],"product_tag":[],"class_list":{"0":"post-16136","1":"product","2":"type-product","3":"status-publish","4":"has-post-thumbnail","6":"product_cat-pulls-de-travail-et-sweats","7":"product_cat-vetement-de-travail","9":"first","10":"instock","11":"taxable","12":"shipping-taxable","13":"purchasable","14":"product-type-simple"},"acf":[],"yoast_head":"<!-- This site is optimized with the Yoast SEO Premium plugin v26.3 (Yoast SEO v26.3) - https:\/\/yoast.com\/wordpress\/plugins\/seo\/ -->\n<title>Sweat de travail poche zipp\u00e9e sur la manche - uniformeplus - V\u00eatements de travail<\/title>\n<meta name=\"description\" content=\"R\u00e9f\u00e9rence : SDTPZM  Ce Sweat de travail poche zipp\u00e9e sur la manche\u00a0 est con\u00e7u avec du\u00a0coton  Col rond , Manches longues raglans pour une meilleure aisance de mouvement ,1 poche zipp\u00e9e sur la manche ,Bande de propret\u00e9 , Bord c\u00f4te au niveau des poignets et de la taille  &nbsp;\" \/>\n<meta name=\"robots\" content=\"index, follow, max-snippet:-1, max-image-preview:large, max-video-preview:-1\" \/>\n<link rel=\"canonical\" href=\"https:\/\/uniformeplus.tn\/index.php\/product\/sweat-de-travail-avec-poche-zippee-sur-la-manche\/\" \/>\n<meta property=\"og:locale\" content=\"fr_FR\" \/>\n<meta property=\"og:type\" content=\"article\" \/>\n<meta property=\"og:title\" content=\"Sweat de travail poche zipp\u00e9e sur la manche\" \/>\n<meta property=\"og:description\" content=\"R\u00e9f\u00e9rence : SDTPZM  Ce Sweat de travail poche zipp\u00e9e sur la manche\u00a0 est con\u00e7u avec du\u00a0coton  Col rond , Manches longues raglans pour une meilleure aisance de mouvement ,1 poche zipp\u00e9e sur la manche ,Bande de propret\u00e9 , Bord c\u00f4te au niveau des poignets et de la taille  &nbsp;\" \/>\n<meta property=\"og:url\" content=\"https:\/\/uniformeplus.tn\/index.php\/product\/sweat-de-travail-avec-poche-zippee-sur-la-manche\/\" \/>\n<meta property=\"og:site_name\" content=\"uniformeplus - V\u00eatements de travail\" \/>\n<meta property=\"article:publisher\" content=\"https:\/\/www.facebook.com\/uniforconfection.uniformeplus\" \/>\n<meta property=\"article:modified_time\" content=\"2025-05-22T18:42:33+00:00\" \/>\n<meta property=\"og:image\" content=\"https:\/\/uniformeplus.tn\/wp-content\/uploads\/2021\/01\/0.jpg\" \/>\n\t<meta property=\"og:image:width\" content=\"1000\" \/>\n\t<meta property=\"og:image:height\" content=\"1000\" \/>\n\t<meta property=\"og:image:type\" content=\"image\/jpeg\" \/>\n<meta name=\"twitter:card\" content=\"summary_large_image\" \/>\n<meta name=\"twitter:label1\" content=\"Prix\" \/>\n\t<meta name=\"twitter:data1\" content=\"45.000&#x62f;.&#x62a;\" \/>\n\t<meta name=\"twitter:label2\" content=\"Disponibilit\u00e9\" \/>\n\t<meta name=\"twitter:data2\" content=\"En stock\" \/>\n<script type=\"application\/ld+json\" class=\"yoast-schema-graph\">{\"@context\":\"https:\/\/schema.org\",\"@graph\":[{\"@type\":\"WebPage\",\"@id\":\"https:\/\/uniformeplus.tn\/index.php\/product\/sweat-de-travail-avec-poche-zippee-sur-la-manche\/\",\"url\":\"https:\/\/uniformeplus.tn\/index.php\/product\/sweat-de-travail-avec-poche-zippee-sur-la-manche\/\",\"name\":\"Sweat de travail poche zipp\u00e9e sur la manche - uniformeplus - V\u00eatements de travail\",\"isPartOf\":{\"@id\":\"https:\/\/uniformeplus.tn\/#website\"},\"primaryImageOfPage\":{\"@id\":\"https:\/\/uniformeplus.tn\/index.php\/product\/sweat-de-travail-avec-poche-zippee-sur-la-manche\/#primaryimage\"},\"image\":{\"@id\":\"https:\/\/uniformeplus.tn\/index.php\/product\/sweat-de-travail-avec-poche-zippee-sur-la-manche\/#primaryimage\"},\"thumbnailUrl\":\"https:\/\/uniformeplus.tn\/wp-content\/uploads\/2021\/01\/0.jpg\",\"datePublished\":\"2021-01-11T08:59:37+00:00\",\"dateModified\":\"2025-05-22T18:42:33+00:00\",\"description\":\"R\u00e9f\u00e9rence : SDTPZM Ce Sweat de travail poche zipp\u00e9e sur la manche\u00a0 est con\u00e7u avec du\u00a0coton Col rond , Manches longues raglans pour une meilleure aisance de mouvement ,1 poche zipp\u00e9e sur la manche ,Bande de propret\u00e9 , Bord c\u00f4te au niveau des poignets et de la taille &nbsp;\",\"breadcrumb\":{\"@id\":\"https:\/\/uniformeplus.tn\/index.php\/product\/sweat-de-travail-avec-poche-zippee-sur-la-manche\/#breadcrumb\"},\"inLanguage\":\"fr-FR\",\"potentialAction\":[{\"@type\":\"ReadAction\",\"target\":[\"https:\/\/uniformeplus.tn\/index.php\/product\/sweat-de-travail-avec-poche-zippee-sur-la-manche\/\"]}]},{\"@type\":\"ImageObject\",\"inLanguage\":\"fr-FR\",\"@id\":\"https:\/\/uniformeplus.tn\/index.php\/product\/sweat-de-travail-avec-poche-zippee-sur-la-manche\/#primaryimage\",\"url\":\"https:\/\/uniformeplus.tn\/wp-content\/uploads\/2021\/01\/0.jpg\",\"contentUrl\":\"https:\/\/uniformeplus.tn\/wp-content\/uploads\/2021\/01\/0.jpg\",\"width\":1000,\"height\":1000,\"caption\":\"Sweat de travail avec poche zipp\u00e9e sur la manche\"},{\"@type\":\"BreadcrumbList\",\"@id\":\"https:\/\/uniformeplus.tn\/index.php\/product\/sweat-de-travail-avec-poche-zippee-sur-la-manche\/#breadcrumb\",\"itemListElement\":[{\"@type\":\"ListItem\",\"position\":1,\"name\":\"Accueil\",\"item\":\"https:\/\/uniformeplus.tn\/\"},{\"@type\":\"ListItem\",\"position\":2,\"name\":\"Shop\",\"item\":\"https:\/\/uniformeplus.tn\/index.php\/shop-2\/\"},{\"@type\":\"ListItem\",\"position\":3,\"name\":\"V\u00caTEMENT DE TRAVAIL\",\"item\":\"https:\/\/uniformeplus.tn\/index.php\/product-category\/vetement-de-travail\/\"},{\"@type\":\"ListItem\",\"position\":4,\"name\":\"PULLS DE TRAVAIL ET SWEATS\",\"item\":\"https:\/\/uniformeplus.tn\/index.php\/product-category\/vetement-de-travail\/pulls-de-travail-et-sweats\/\"},{\"@type\":\"ListItem\",\"position\":5,\"name\":\"Sweat de travail poche zipp\u00e9e sur la manche\"}]},{\"@type\":\"WebSite\",\"@id\":\"https:\/\/uniformeplus.tn\/#website\",\"url\":\"https:\/\/uniformeplus.tn\/\",\"name\":\"uniformeplus\",\"description\":\"v\u00eatement de travail Tunisie\",\"publisher\":{\"@id\":\"https:\/\/uniformeplus.tn\/#organization\"},\"alternateName\":\"tenue de travail en tunisie\",\"potentialAction\":[{\"@type\":\"SearchAction\",\"target\":{\"@type\":\"EntryPoint\",\"urlTemplate\":\"https:\/\/uniformeplus.tn\/?s={search_term_string}\"},\"query-input\":{\"@type\":\"PropertyValueSpecification\",\"valueRequired\":true,\"valueName\":\"search_term_string\"}}],\"inLanguage\":\"fr-FR\"},{\"@type\":\"Organization\",\"@id\":\"https:\/\/uniformeplus.tn\/#organization\",\"name\":\"tenue de travail\",\"url\":\"https:\/\/uniformeplus.tn\/\",\"logo\":{\"@type\":\"ImageObject\",\"inLanguage\":\"fr-FR\",\"@id\":\"https:\/\/uniformeplus.tn\/#\/schema\/logo\/image\/\",\"url\":\"https:\/\/uniformeplus.tn\/wp-content\/uploads\/2021\/01\/logo.png\",\"contentUrl\":\"https:\/\/uniformeplus.tn\/wp-content\/uploads\/2021\/01\/logo.png\",\"width\":112,\"height\":112,\"caption\":\"tenue de travail\"},\"image\":{\"@id\":\"https:\/\/uniformeplus.tn\/#\/schema\/logo\/image\/\"},\"sameAs\":[\"https:\/\/www.facebook.com\/uniforconfection.uniformeplus\"],\"hasMerchantReturnPolicy\":{\"@type\":\"MerchantReturnPolicy\",\"merchantReturnLink\":\"https:\/\/uniformeplus.tn\/index.php\/politique-de-retour\/\"}}]}<\/script>\n<meta property=\"product:price:amount\" content=\"45.000\" \/>\n<meta property=\"product:price:currency\" content=\"TND\" \/>\n<meta property=\"og:availability\" content=\"instock\" \/>\n<meta property=\"product:availability\" content=\"instock\" \/>\n<meta property=\"product:retailer_item_id\" content=\"SDTPZM\" \/>\n<meta property=\"product:condition\" content=\"new\" \/>\n<!-- \/ Yoast SEO Premium plugin. -->","yoast_head_json":{"title":"Sweat de travail poche zipp\u00e9e sur la manche - uniformeplus - V\u00eatements de travail","description":"R\u00e9f\u00e9rence : SDTPZM  Ce Sweat de travail poche zipp\u00e9e sur la manche\u00a0 est con\u00e7u avec du\u00a0coton  Col rond , Manches longues raglans pour une meilleure aisance de mouvement ,1 poche zipp\u00e9e sur la manche ,Bande de propret\u00e9 , Bord c\u00f4te au niveau des poignets et de la taille  &nbsp;","robots":{"index":"index","follow":"follow","max-snippet":"max-snippet:-1","max-image-preview":"max-image-preview:large","max-video-preview":"max-video-preview:-1"},"canonical":"https:\/\/uniformeplus.tn\/index.php\/product\/sweat-de-travail-avec-poche-zippee-sur-la-manche\/","og_locale":"fr_FR","og_type":"article","og_title":"Sweat de travail poche zipp\u00e9e sur la manche","og_description":"R\u00e9f\u00e9rence : SDTPZM  Ce Sweat de travail poche zipp\u00e9e sur la manche\u00a0 est con\u00e7u avec du\u00a0coton  Col rond , Manches longues raglans pour une meilleure aisance de mouvement ,1 poche zipp\u00e9e sur la manche ,Bande de propret\u00e9 , Bord c\u00f4te au niveau des poignets et de la taille  &nbsp;","og_url":"https:\/\/uniformeplus.tn\/index.php\/product\/sweat-de-travail-avec-poche-zippee-sur-la-manche\/","og_site_name":"uniformeplus - V\u00eatements de travail","article_publisher":"https:\/\/www.facebook.com\/uniforconfection.uniformeplus","article_modified_time":"2025-05-22T18:42:33+00:00","og_image":[{"width":1000,"height":1000,"url":"https:\/\/uniformeplus.tn\/wp-content\/uploads\/2021\/01\/0.jpg","type":"image\/jpeg"}],"twitter_card":"summary_large_image","twitter_misc":{"Prix":"45.000&#x62f;.&#x62a;","Disponibilit\u00e9":"En stock"},"schema":{"@context":"https:\/\/schema.org","@graph":[{"@type":"WebPage","@id":"https:\/\/uniformeplus.tn\/index.php\/product\/sweat-de-travail-avec-poche-zippee-sur-la-manche\/","url":"https:\/\/uniformeplus.tn\/index.php\/product\/sweat-de-travail-avec-poche-zippee-sur-la-manche\/","name":"Sweat de travail poche zipp\u00e9e sur la manche - uniformeplus - V\u00eatements de travail","isPartOf":{"@id":"https:\/\/uniformeplus.tn\/#website"},"primaryImageOfPage":{"@id":"https:\/\/uniformeplus.tn\/index.php\/product\/sweat-de-travail-avec-poche-zippee-sur-la-manche\/#primaryimage"},"image":{"@id":"https:\/\/uniformeplus.tn\/index.php\/product\/sweat-de-travail-avec-poche-zippee-sur-la-manche\/#primaryimage"},"thumbnailUrl":"https:\/\/uniformeplus.tn\/wp-content\/uploads\/2021\/01\/0.jpg","datePublished":"2021-01-11T08:59:37+00:00","dateModified":"2025-05-22T18:42:33+00:00","description":"R\u00e9f\u00e9rence : SDTPZM Ce Sweat de travail poche zipp\u00e9e sur la manche\u00a0 est con\u00e7u avec du\u00a0coton Col rond , Manches longues raglans pour une meilleure aisance de mouvement ,1 poche zipp\u00e9e sur la manche ,Bande de propret\u00e9 , Bord c\u00f4te au niveau des poignets et de la taille &nbsp;","breadcrumb":{"@id":"https:\/\/uniformeplus.tn\/index.php\/product\/sweat-de-travail-avec-poche-zippee-sur-la-manche\/#breadcrumb"},"inLanguage":"fr-FR","potentialAction":[{"@type":"ReadAction","target":["https:\/\/uniformeplus.tn\/index.php\/product\/sweat-de-travail-avec-poche-zippee-sur-la-manche\/"]}]},{"@type":"ImageObject","inLanguage":"fr-FR","@id":"https:\/\/uniformeplus.tn\/index.php\/product\/sweat-de-travail-avec-poche-zippee-sur-la-manche\/#primaryimage","url":"https:\/\/uniformeplus.tn\/wp-content\/uploads\/2021\/01\/0.jpg","contentUrl":"https:\/\/uniformeplus.tn\/wp-content\/uploads\/2021\/01\/0.jpg","width":1000,"height":1000,"caption":"Sweat de travail avec poche zipp\u00e9e sur la manche"},{"@type":"BreadcrumbList","@id":"https:\/\/uniformeplus.tn\/index.php\/product\/sweat-de-travail-avec-poche-zippee-sur-la-manche\/#breadcrumb","itemListElement":[{"@type":"ListItem","position":1,"name":"Accueil","item":"https:\/\/uniformeplus.tn\/"},{"@type":"ListItem","position":2,"name":"Shop","item":"https:\/\/uniformeplus.tn\/index.php\/shop-2\/"},{"@type":"ListItem","position":3,"name":"V\u00caTEMENT DE TRAVAIL","item":"https:\/\/uniformeplus.tn\/index.php\/product-category\/vetement-de-travail\/"},{"@type":"ListItem","position":4,"name":"PULLS DE TRAVAIL ET SWEATS","item":"https:\/\/uniformeplus.tn\/index.php\/product-category\/vetement-de-travail\/pulls-de-travail-et-sweats\/"},{"@type":"ListItem","position":5,"name":"Sweat de travail poche zipp\u00e9e sur la manche"}]},{"@type":"WebSite","@id":"https:\/\/uniformeplus.tn\/#website","url":"https:\/\/uniformeplus.tn\/","name":"uniformeplus","description":"v\u00eatement de travail Tunisie","publisher":{"@id":"https:\/\/uniformeplus.tn\/#organization"},"alternateName":"tenue de travail en tunisie","potentialAction":[{"@type":"SearchAction","target":{"@type":"EntryPoint","urlTemplate":"https:\/\/uniformeplus.tn\/?s={search_term_string}"},"query-input":{"@type":"PropertyValueSpecification","valueRequired":true,"valueName":"search_term_string"}}],"inLanguage":"fr-FR"},{"@type":"Organization","@id":"https:\/\/uniformeplus.tn\/#organization","name":"tenue de travail","url":"https:\/\/uniformeplus.tn\/","logo":{"@type":"ImageObject","inLanguage":"fr-FR","@id":"https:\/\/uniformeplus.tn\/#\/schema\/logo\/image\/","url":"https:\/\/uniformeplus.tn\/wp-content\/uploads\/2021\/01\/logo.png","contentUrl":"https:\/\/uniformeplus.tn\/wp-content\/uploads\/2021\/01\/logo.png","width":112,"height":112,"caption":"tenue de travail"},"image":{"@id":"https:\/\/uniformeplus.tn\/#\/schema\/logo\/image\/"},"sameAs":["https:\/\/www.facebook.com\/uniforconfection.uniformeplus"],"hasMerchantReturnPolicy":{"@type":"MerchantReturnPolicy","merchantReturnLink":"https:\/\/uniformeplus.tn\/index.php\/politique-de-retour\/"}}]},"product_price_amount":"45.000","product_price_currency":"TND","og_availability":"instock","product_availability":"instock","product_retailer_item_id":"SDTPZM","product_condition":"new"},"_links":{"self":[{"href":"https:\/\/uniformeplus.tn\/index.php\/wp-json\/wp\/v2\/product\/16136","targetHints":{"allow":["GET"]}}],"collection":[{"href":"https:\/\/uniformeplus.tn\/index.php\/wp-json\/wp\/v2\/product"}],"about":[{"href":"https:\/\/uniformeplus.tn\/index.php\/wp-json\/wp\/v2\/types\/product"}],"replies":[{"embeddable":true,"href":"https:\/\/uniformeplus.tn\/index.php\/wp-json\/wp\/v2\/comments?post=16136"}],"wp:featuredmedia":[{"embeddable":true,"href":"https:\/\/uniformeplus.tn\/index.php\/wp-json\/wp\/v2\/media\/16137"}],"wp:attachment":[{"href":"https:\/\/uniformeplus.tn\/index.php\/wp-json\/wp\/v2\/media?parent=16136"}],"wp:term":[{"taxonomy":"product_brand","embeddable":true,"href":"https:\/\/uniformeplus.tn\/index.php\/wp-json\/wp\/v2\/product_brand?post=16136"},{"taxonomy":"product_cat","embeddable":true,"href":"https:\/\/uniformeplus.tn\/index.php\/wp-json\/wp\/v2\/product_cat?post=16136"},{"taxonomy":"product_tag","embeddable":true,"href":"https:\/\/uniformeplus.tn\/index.php\/wp-json\/wp\/v2\/product_tag?post=16136"}],"curies":[{"name":"wp","href":"https:\/\/api.w.org\/{rel}","templated":true}]}}