{"id":16186,"date":"2021-01-18T15:06:48","date_gmt":"2021-01-18T14:06:48","guid":{"rendered":"http:\/\/www.uniformeplus.tn\/?post_type=product&#038;p=16186"},"modified":"2025-05-23T10:38:02","modified_gmt":"2025-05-23T08:38:02","slug":"parka-haute-visibilite-bicolore-matelassee","status":"publish","type":"product","link":"https:\/\/uniformeplus.tn\/index.php\/product\/parka-haute-visibilite-bicolore-matelassee\/","title":{"rendered":"Parka haute visibilit\u00e9 bicolore matelass\u00e9e"},"content":{"rendered":"<ul class=\"options\">\n<li>poignets ajustables avecboutons-pression<\/li>\n<li>taille ajustable avec boutons-pression<\/li>\n<li>Dos allong\u00e9, Ourlet r\u00e9glable avec bouton<\/li>\n<li>4 poches avant<\/li>\n<li>Poche d&#8217;identification<\/li>\n<li>imperm\u00e9able<\/li>\n<li>Matelass\u00e9e<\/li>\n<\/ul>\n<div id=\"product-page\" class=\"row\">\n<div class=\"col-md-20\">\n<div class=\"inner-content\">\n<div class=\"inner-inner-content row alternate-font-family border-bottom-gray\">\n<div class=\"row relative\">\n<div id=\"product-page-attributes\" class=\"col-md-11 col-xs-20 product-page-attributes\">\n<div class=\"row product-page-tabs\">\n<div class=\"col-xs-20\">\n<div class=\"tab-content product-page-tabs-content\">\n<div id=\"product-page-tabs-function\" class=\"tab-pane active\">\n<div class=\"tab-pane-space\">Bande r\u00e9fl\u00e9chissante de 50 mm de large, Bande r\u00e9fl\u00e9chissante sur le corps, les manches et les \u00e9paules<\/div>\n<div><\/div>\n<div><strong>Caract\u00e9ristiques tissus :<\/strong><\/div>\n<\/div>\n<\/div>\n<\/div>\n<\/div>\n<\/div>\n<\/div>\n<\/div>\n<\/div>\n<\/div>\n<\/div>\n<p>&#8211;\u00a0 \u00a0 \u00a0 \u00a0 100% polyester, 300gr\u00a0 imperm\u00e9able<\/p>\n<p>&nbsp;<\/p>\n<h2>couleurs<\/h2>\n<p>&#8211; Orange\/Noir<\/p>\n<p>-Orange\/Bleu<\/p>\n","protected":false},"excerpt":{"rendered":"<p>reference : PHVB001<\/p>\n<p>Veste haute visibilit\u00e9 bicolore \u00a0confortable dans deux couleurs diff\u00e9rentes. Coupe ergonomique pour vous offrir une tr\u00e8s bonne libert\u00e9 de mouvement.\u00a0De nombreuses poches intelligentes<\/p>\n","protected":false},"featured_media":16187,"comment_status":"open","ping_status":"closed","template":"","meta":{"_acf_changed":false},"product_brand":[],"product_cat":[240,243,264,304,281,331,235,239,254,321,303,227],"product_tag":[],"class_list":{"0":"post-16186","1":"product","2":"type-product","3":"status-publish","4":"has-post-thumbnail","6":"product_cat-ambulancier","7":"product_cat-batiment","8":"product_cat-btp-et-chantiers","9":"product_cat-construction-industrielle","10":"product_cat-depanneur","11":"product_cat-haute-visibilite","12":"product_cat-industrie","13":"product_cat-medicales-bien-etre","14":"product_cat-parka-haute-visibilite","15":"product_cat-parkas-haute-visibilite","16":"product_cat-service-maintenance","17":"product_cat-vetement-de-travail","19":"first","20":"instock","21":"taxable","22":"shipping-taxable","23":"purchasable","24":"product-type-simple"},"acf":[],"yoast_head":"<!-- This site is optimized with the Yoast SEO Premium plugin v26.3 (Yoast SEO v26.3) - https:\/\/yoast.com\/wordpress\/plugins\/seo\/ -->\n<title>Parka haute visibilit\u00e9 bicolore matelass\u00e9e<\/title>\n<meta name=\"description\" content=\"reference : PHVB001  Veste haute visibilit\u00e9 bicolore \u00a0confortable dans deux couleurs diff\u00e9rentes. Coupe ergonomique pour vous offrir une tr\u00e8s bonne libert\u00e9 de mouvement.\u00a0De nombreuses poches intelligentes\" \/>\n<meta name=\"robots\" content=\"index, follow, max-snippet:-1, max-image-preview:large, max-video-preview:-1\" \/>\n<link rel=\"canonical\" href=\"https:\/\/uniformeplus.tn\/index.php\/product\/parka-haute-visibilite-bicolore-matelassee\/\" \/>\n<meta property=\"og:locale\" content=\"fr_FR\" \/>\n<meta property=\"og:type\" content=\"article\" \/>\n<meta property=\"og:title\" content=\"Parka haute visibilit\u00e9 bicolore matelass\u00e9e\" \/>\n<meta property=\"og:description\" content=\"reference : PHVB001  Veste haute visibilit\u00e9 bicolore \u00a0confortable dans deux couleurs diff\u00e9rentes. Coupe ergonomique pour vous offrir une tr\u00e8s bonne libert\u00e9 de mouvement.\u00a0De nombreuses poches intelligentes\" \/>\n<meta property=\"og:url\" content=\"https:\/\/uniformeplus.tn\/index.php\/product\/parka-haute-visibilite-bicolore-matelassee\/\" \/>\n<meta property=\"og:site_name\" content=\"uniformeplus - V\u00eatements de travail\" \/>\n<meta property=\"article:publisher\" content=\"https:\/\/www.facebook.com\/uniforconfection.uniformeplus\" \/>\n<meta property=\"article:modified_time\" content=\"2025-05-23T08:38:02+00:00\" \/>\n<meta property=\"og:image\" content=\"https:\/\/uniformeplus.tn\/wp-content\/uploads\/2021\/01\/OrangeBleu.jpg\" \/>\n\t<meta property=\"og:image:width\" content=\"1080\" \/>\n\t<meta property=\"og:image:height\" content=\"1080\" \/>\n\t<meta property=\"og:image:type\" content=\"image\/jpeg\" \/>\n<meta name=\"twitter:card\" content=\"summary_large_image\" \/>\n<meta name=\"twitter:title\" content=\"Parka haute visibilit\u00e9 bicolore matelass\u00e9e\" \/>\n<meta name=\"twitter:description\" content=\"reference : PHVB001  Veste haute visibilit\u00e9 bicolore \u00a0confortable dans deux couleurs diff\u00e9rentes. Coupe ergonomique pour vous offrir une tr\u00e8s bonne libert\u00e9 de mouvement.\u00a0De nombreuses poches intelligentes\" \/>\n<meta name=\"twitter:label1\" content=\"Prix\" \/>\n\t<meta name=\"twitter:data1\" content=\"185.000&#x62f;.&#x62a;\" \/>\n\t<meta name=\"twitter:label2\" content=\"Disponibilit\u00e9\" \/>\n\t<meta name=\"twitter:data2\" content=\"En stock\" \/>\n<script type=\"application\/ld+json\" class=\"yoast-schema-graph\">{\"@context\":\"https:\/\/schema.org\",\"@graph\":[{\"@type\":\"WebPage\",\"@id\":\"https:\/\/uniformeplus.tn\/index.php\/product\/parka-haute-visibilite-bicolore-matelassee\/\",\"url\":\"https:\/\/uniformeplus.tn\/index.php\/product\/parka-haute-visibilite-bicolore-matelassee\/\",\"name\":\"Parka haute visibilit\u00e9 bicolore matelass\u00e9e\",\"isPartOf\":{\"@id\":\"https:\/\/uniformeplus.tn\/#website\"},\"primaryImageOfPage\":{\"@id\":\"https:\/\/uniformeplus.tn\/index.php\/product\/parka-haute-visibilite-bicolore-matelassee\/#primaryimage\"},\"image\":{\"@id\":\"https:\/\/uniformeplus.tn\/index.php\/product\/parka-haute-visibilite-bicolore-matelassee\/#primaryimage\"},\"thumbnailUrl\":\"https:\/\/uniformeplus.tn\/wp-content\/uploads\/2021\/01\/OrangeBleu.jpg\",\"datePublished\":\"2021-01-18T14:06:48+00:00\",\"dateModified\":\"2025-05-23T08:38:02+00:00\",\"description\":\"reference : PHVB001 Veste haute visibilit\u00e9 bicolore \u00a0confortable dans deux couleurs diff\u00e9rentes. Coupe ergonomique pour vous offrir une tr\u00e8s bonne libert\u00e9 de mouvement.\u00a0De nombreuses poches intelligentes\",\"breadcrumb\":{\"@id\":\"https:\/\/uniformeplus.tn\/index.php\/product\/parka-haute-visibilite-bicolore-matelassee\/#breadcrumb\"},\"inLanguage\":\"fr-FR\",\"potentialAction\":[{\"@type\":\"ReadAction\",\"target\":[\"https:\/\/uniformeplus.tn\/index.php\/product\/parka-haute-visibilite-bicolore-matelassee\/\"]}]},{\"@type\":\"ImageObject\",\"inLanguage\":\"fr-FR\",\"@id\":\"https:\/\/uniformeplus.tn\/index.php\/product\/parka-haute-visibilite-bicolore-matelassee\/#primaryimage\",\"url\":\"https:\/\/uniformeplus.tn\/wp-content\/uploads\/2021\/01\/OrangeBleu.jpg\",\"contentUrl\":\"https:\/\/uniformeplus.tn\/wp-content\/uploads\/2021\/01\/OrangeBleu.jpg\",\"width\":1080,\"height\":1080},{\"@type\":\"BreadcrumbList\",\"@id\":\"https:\/\/uniformeplus.tn\/index.php\/product\/parka-haute-visibilite-bicolore-matelassee\/#breadcrumb\",\"itemListElement\":[{\"@type\":\"ListItem\",\"position\":1,\"name\":\"Accueil\",\"item\":\"https:\/\/uniformeplus.tn\/\"},{\"@type\":\"ListItem\",\"position\":2,\"name\":\"Shop\",\"item\":\"https:\/\/uniformeplus.tn\/index.php\/shop-2\/\"},{\"@type\":\"ListItem\",\"position\":3,\"name\":\"M\u00c9TIERS\",\"item\":\"https:\/\/uniformeplus.tn\/index.php\/product-category\/metiers\/\"},{\"@type\":\"ListItem\",\"position\":4,\"name\":\"M\u00c9DICALES \/ BIEN-\u00caTRE\",\"item\":\"https:\/\/uniformeplus.tn\/index.php\/product-category\/metiers\/medicales-bien-etre\/\"},{\"@type\":\"ListItem\",\"position\":5,\"name\":\"AMBULANCIER\",\"item\":\"https:\/\/uniformeplus.tn\/index.php\/product-category\/metiers\/medicales-bien-etre\/ambulancier\/\"},{\"@type\":\"ListItem\",\"position\":6,\"name\":\"Parka haute visibilit\u00e9 bicolore matelass\u00e9e\"}]},{\"@type\":\"WebSite\",\"@id\":\"https:\/\/uniformeplus.tn\/#website\",\"url\":\"https:\/\/uniformeplus.tn\/\",\"name\":\"uniformeplus\",\"description\":\"v\u00eatement de travail Tunisie\",\"publisher\":{\"@id\":\"https:\/\/uniformeplus.tn\/#organization\"},\"alternateName\":\"tenue de travail en tunisie\",\"potentialAction\":[{\"@type\":\"SearchAction\",\"target\":{\"@type\":\"EntryPoint\",\"urlTemplate\":\"https:\/\/uniformeplus.tn\/?s={search_term_string}\"},\"query-input\":{\"@type\":\"PropertyValueSpecification\",\"valueRequired\":true,\"valueName\":\"search_term_string\"}}],\"inLanguage\":\"fr-FR\"},{\"@type\":\"Organization\",\"@id\":\"https:\/\/uniformeplus.tn\/#organization\",\"name\":\"tenue de travail\",\"url\":\"https:\/\/uniformeplus.tn\/\",\"logo\":{\"@type\":\"ImageObject\",\"inLanguage\":\"fr-FR\",\"@id\":\"https:\/\/uniformeplus.tn\/#\/schema\/logo\/image\/\",\"url\":\"https:\/\/uniformeplus.tn\/wp-content\/uploads\/2021\/01\/logo.png\",\"contentUrl\":\"https:\/\/uniformeplus.tn\/wp-content\/uploads\/2021\/01\/logo.png\",\"width\":112,\"height\":112,\"caption\":\"tenue de travail\"},\"image\":{\"@id\":\"https:\/\/uniformeplus.tn\/#\/schema\/logo\/image\/\"},\"sameAs\":[\"https:\/\/www.facebook.com\/uniforconfection.uniformeplus\"],\"hasMerchantReturnPolicy\":{\"@type\":\"MerchantReturnPolicy\",\"merchantReturnLink\":\"https:\/\/uniformeplus.tn\/index.php\/politique-de-retour\/\"}}]}<\/script>\n<meta property=\"product:price:amount\" content=\"185.000\" \/>\n<meta property=\"product:price:currency\" content=\"TND\" \/>\n<meta property=\"og:availability\" content=\"instock\" \/>\n<meta property=\"product:availability\" content=\"instock\" \/>\n<meta property=\"product:condition\" content=\"new\" \/>\n<!-- \/ Yoast SEO Premium plugin. -->","yoast_head_json":{"title":"Parka haute visibilit\u00e9 bicolore matelass\u00e9e","description":"reference : PHVB001  Veste haute visibilit\u00e9 bicolore \u00a0confortable dans deux couleurs diff\u00e9rentes. Coupe ergonomique pour vous offrir une tr\u00e8s bonne libert\u00e9 de mouvement.\u00a0De nombreuses poches intelligentes","robots":{"index":"index","follow":"follow","max-snippet":"max-snippet:-1","max-image-preview":"max-image-preview:large","max-video-preview":"max-video-preview:-1"},"canonical":"https:\/\/uniformeplus.tn\/index.php\/product\/parka-haute-visibilite-bicolore-matelassee\/","og_locale":"fr_FR","og_type":"article","og_title":"Parka haute visibilit\u00e9 bicolore matelass\u00e9e","og_description":"reference : PHVB001  Veste haute visibilit\u00e9 bicolore \u00a0confortable dans deux couleurs diff\u00e9rentes. Coupe ergonomique pour vous offrir une tr\u00e8s bonne libert\u00e9 de mouvement.\u00a0De nombreuses poches intelligentes","og_url":"https:\/\/uniformeplus.tn\/index.php\/product\/parka-haute-visibilite-bicolore-matelassee\/","og_site_name":"uniformeplus - V\u00eatements de travail","article_publisher":"https:\/\/www.facebook.com\/uniforconfection.uniformeplus","article_modified_time":"2025-05-23T08:38:02+00:00","og_image":[{"width":1080,"height":1080,"url":"https:\/\/uniformeplus.tn\/wp-content\/uploads\/2021\/01\/OrangeBleu.jpg","type":"image\/jpeg"}],"twitter_card":"summary_large_image","twitter_title":"Parka haute visibilit\u00e9 bicolore matelass\u00e9e","twitter_description":"reference : PHVB001  Veste haute visibilit\u00e9 bicolore \u00a0confortable dans deux couleurs diff\u00e9rentes. Coupe ergonomique pour vous offrir une tr\u00e8s bonne libert\u00e9 de mouvement.\u00a0De nombreuses poches intelligentes","twitter_misc":{"Prix":"185.000&#x62f;.&#x62a;","Disponibilit\u00e9":"En stock"},"schema":{"@context":"https:\/\/schema.org","@graph":[{"@type":"WebPage","@id":"https:\/\/uniformeplus.tn\/index.php\/product\/parka-haute-visibilite-bicolore-matelassee\/","url":"https:\/\/uniformeplus.tn\/index.php\/product\/parka-haute-visibilite-bicolore-matelassee\/","name":"Parka haute visibilit\u00e9 bicolore matelass\u00e9e","isPartOf":{"@id":"https:\/\/uniformeplus.tn\/#website"},"primaryImageOfPage":{"@id":"https:\/\/uniformeplus.tn\/index.php\/product\/parka-haute-visibilite-bicolore-matelassee\/#primaryimage"},"image":{"@id":"https:\/\/uniformeplus.tn\/index.php\/product\/parka-haute-visibilite-bicolore-matelassee\/#primaryimage"},"thumbnailUrl":"https:\/\/uniformeplus.tn\/wp-content\/uploads\/2021\/01\/OrangeBleu.jpg","datePublished":"2021-01-18T14:06:48+00:00","dateModified":"2025-05-23T08:38:02+00:00","description":"reference : PHVB001 Veste haute visibilit\u00e9 bicolore \u00a0confortable dans deux couleurs diff\u00e9rentes. Coupe ergonomique pour vous offrir une tr\u00e8s bonne libert\u00e9 de mouvement.\u00a0De nombreuses poches intelligentes","breadcrumb":{"@id":"https:\/\/uniformeplus.tn\/index.php\/product\/parka-haute-visibilite-bicolore-matelassee\/#breadcrumb"},"inLanguage":"fr-FR","potentialAction":[{"@type":"ReadAction","target":["https:\/\/uniformeplus.tn\/index.php\/product\/parka-haute-visibilite-bicolore-matelassee\/"]}]},{"@type":"ImageObject","inLanguage":"fr-FR","@id":"https:\/\/uniformeplus.tn\/index.php\/product\/parka-haute-visibilite-bicolore-matelassee\/#primaryimage","url":"https:\/\/uniformeplus.tn\/wp-content\/uploads\/2021\/01\/OrangeBleu.jpg","contentUrl":"https:\/\/uniformeplus.tn\/wp-content\/uploads\/2021\/01\/OrangeBleu.jpg","width":1080,"height":1080},{"@type":"BreadcrumbList","@id":"https:\/\/uniformeplus.tn\/index.php\/product\/parka-haute-visibilite-bicolore-matelassee\/#breadcrumb","itemListElement":[{"@type":"ListItem","position":1,"name":"Accueil","item":"https:\/\/uniformeplus.tn\/"},{"@type":"ListItem","position":2,"name":"Shop","item":"https:\/\/uniformeplus.tn\/index.php\/shop-2\/"},{"@type":"ListItem","position":3,"name":"M\u00c9TIERS","item":"https:\/\/uniformeplus.tn\/index.php\/product-category\/metiers\/"},{"@type":"ListItem","position":4,"name":"M\u00c9DICALES \/ BIEN-\u00caTRE","item":"https:\/\/uniformeplus.tn\/index.php\/product-category\/metiers\/medicales-bien-etre\/"},{"@type":"ListItem","position":5,"name":"AMBULANCIER","item":"https:\/\/uniformeplus.tn\/index.php\/product-category\/metiers\/medicales-bien-etre\/ambulancier\/"},{"@type":"ListItem","position":6,"name":"Parka haute visibilit\u00e9 bicolore matelass\u00e9e"}]},{"@type":"WebSite","@id":"https:\/\/uniformeplus.tn\/#website","url":"https:\/\/uniformeplus.tn\/","name":"uniformeplus","description":"v\u00eatement de travail Tunisie","publisher":{"@id":"https:\/\/uniformeplus.tn\/#organization"},"alternateName":"tenue de travail en tunisie","potentialAction":[{"@type":"SearchAction","target":{"@type":"EntryPoint","urlTemplate":"https:\/\/uniformeplus.tn\/?s={search_term_string}"},"query-input":{"@type":"PropertyValueSpecification","valueRequired":true,"valueName":"search_term_string"}}],"inLanguage":"fr-FR"},{"@type":"Organization","@id":"https:\/\/uniformeplus.tn\/#organization","name":"tenue de travail","url":"https:\/\/uniformeplus.tn\/","logo":{"@type":"ImageObject","inLanguage":"fr-FR","@id":"https:\/\/uniformeplus.tn\/#\/schema\/logo\/image\/","url":"https:\/\/uniformeplus.tn\/wp-content\/uploads\/2021\/01\/logo.png","contentUrl":"https:\/\/uniformeplus.tn\/wp-content\/uploads\/2021\/01\/logo.png","width":112,"height":112,"caption":"tenue de travail"},"image":{"@id":"https:\/\/uniformeplus.tn\/#\/schema\/logo\/image\/"},"sameAs":["https:\/\/www.facebook.com\/uniforconfection.uniformeplus"],"hasMerchantReturnPolicy":{"@type":"MerchantReturnPolicy","merchantReturnLink":"https:\/\/uniformeplus.tn\/index.php\/politique-de-retour\/"}}]},"product_price_amount":"185.000","product_price_currency":"TND","og_availability":"instock","product_availability":"instock","product_condition":"new"},"_links":{"self":[{"href":"https:\/\/uniformeplus.tn\/index.php\/wp-json\/wp\/v2\/product\/16186","targetHints":{"allow":["GET"]}}],"collection":[{"href":"https:\/\/uniformeplus.tn\/index.php\/wp-json\/wp\/v2\/product"}],"about":[{"href":"https:\/\/uniformeplus.tn\/index.php\/wp-json\/wp\/v2\/types\/product"}],"replies":[{"embeddable":true,"href":"https:\/\/uniformeplus.tn\/index.php\/wp-json\/wp\/v2\/comments?post=16186"}],"wp:featuredmedia":[{"embeddable":true,"href":"https:\/\/uniformeplus.tn\/index.php\/wp-json\/wp\/v2\/media\/16187"}],"wp:attachment":[{"href":"https:\/\/uniformeplus.tn\/index.php\/wp-json\/wp\/v2\/media?parent=16186"}],"wp:term":[{"taxonomy":"product_brand","embeddable":true,"href":"https:\/\/uniformeplus.tn\/index.php\/wp-json\/wp\/v2\/product_brand?post=16186"},{"taxonomy":"product_cat","embeddable":true,"href":"https:\/\/uniformeplus.tn\/index.php\/wp-json\/wp\/v2\/product_cat?post=16186"},{"taxonomy":"product_tag","embeddable":true,"href":"https:\/\/uniformeplus.tn\/index.php\/wp-json\/wp\/v2\/product_tag?post=16186"}],"curies":[{"name":"wp","href":"https:\/\/api.w.org\/{rel}","templated":true}]}}