{"id":16196,"date":"2021-01-26T11:33:05","date_gmt":"2021-01-26T10:33:05","guid":{"rendered":"http:\/\/www.uniformeplus.tn\/?post_type=product&#038;p=16196"},"modified":"2025-05-23T10:39:23","modified_gmt":"2025-05-23T08:39:23","slug":"parka-haute-visibilite-noire","status":"publish","type":"product","link":"https:\/\/uniformeplus.tn\/index.php\/product\/parka-haute-visibilite-noire\/","title":{"rendered":"PARKA HAUTE VISIBILIT\u00c9 NOIRE PHV010U"},"content":{"rendered":"<p>La veste Transport Homme Blaklader est pratique avec manches pr\u00e9form\u00e9es, taille r\u00e9glable et pliss\u00e9e arri\u00e8re. Mat\u00e9riau hydrofuge. Combinaison de couleurs noir certifi\u00e9 selon la norme EN471 classe 2. Une veste de travail adapt\u00e9e aux m\u00e9tiers du transport, \u00e0 la fois agr\u00e9able \u00e0 porter, vous permettant d&#8217;\u00eatre visible de tous, \u00e9quip\u00e9e de nombreuses poches de rangement, et tr\u00e8s durable.<\/p>\n<p>Veste pratique \u00e0 manches profil\u00e9es.\u00a0Taille et soufflet r\u00e9glables dans le dos pour un meilleur ajustement.\u00a0Mat\u00e9riau d\u00e9perlant et respirant. bande\u00a0Couleur fluorescente<\/p>\n<p>&nbsp;<\/p>\n<div style=\"width: 500px;\" class=\"wp-video\"><video class=\"wp-video-shortcode\" id=\"video-16196-1\" width=\"500\" height=\"624\" preload=\"metadata\" controls=\"controls\"><source type=\"video\/mp4\" src=\"http:\/\/uniformeplus.tn\/wp-content\/uploads\/2020\/11\/fa404c7d-5bdf-46f7-a2cd-44d0ecf69fec.mp4?_=1\" \/><a href=\"http:\/\/uniformeplus.tn\/wp-content\/uploads\/2020\/11\/fa404c7d-5bdf-46f7-a2cd-44d0ecf69fec.mp4\">http:\/\/uniformeplus.tn\/wp-content\/uploads\/2020\/11\/fa404c7d-5bdf-46f7-a2cd-44d0ecf69fec.mp4<\/a><\/video><\/div>\n<p><strong>Composition:\u00a0<\/strong><\/p>\n<ul>\n<li>Tissu:\u00a065% polyester, 35% coton crois\u00e9, finition hydrofuge 240 g\/m\u00b2<\/li>\n<li>Fermeture avant:\u00a0Fermeture \u00e9clair plastique robuste cach\u00e9e \u00e0 sens unique<\/li>\n<li>Poches:\n<ul>\n<li>Poche poitrine avec soufflet et rabat<\/li>\n<li>Poches avant avec fermeture \u00e0 glissi\u00e8re<\/li>\n<li>Poche Napol\u00e9on \u00e0 l&#8217;int\u00e9rieur du rabat protecteur avant, Poches int\u00e9rieures, l&#8217;une avec fermeture \u00e9clair et l&#8217;autre \u00e0 fermeture velcro<\/li>\n<li>Poche sur manche avec porte crayon<\/li>\n<\/ul>\n<\/li>\n<li>Finition:\n<ul>\n<li>Extension au niveau du bas du dos, Bas r\u00e9glable par cordons de serrage<\/li>\n<li>poignet interne \u00e0 l&#8217;extr\u00e9mit\u00e9 de la manche, Extr\u00e9mit\u00e9 manche r\u00e9glable avec velcro<\/li>\n<\/ul>\n<\/li>\n<li>Visibilit\u00e9:<\/li>\n<li>Bandes r\u00e9fl\u00e9chissantes 50 mm, Bande r\u00e9fl\u00e9chissante corps, manches et \u00e9paules, Bord r\u00e9fl\u00e9chissant<\/li>\n<\/ul>\n<p><strong>D\u00e9tails:<\/strong><\/p>\n<ul>\n<li>Soufflet \u00e0 l&#8217;arri\u00e8re<\/li>\n<li>Col en molleton<\/li>\n<li>Poche pour badge identifiant<\/li>\n<\/ul>\n<p><strong>Normes:<\/strong><\/p>\n<ul>\n<li>EN ISO 20471, classe 2, applicable au coloris 3399<\/li>\n<\/ul>\n","protected":false},"excerpt":{"rendered":"<p>La veste Transport Homme Blaklader est pratique avec manches pr\u00e9form\u00e9es, taille r\u00e9glable et pliss\u00e9e arri\u00e8re. Mat\u00e9riau hydrofuge. Combinaison de couleurs noir certifi\u00e9 selon la norme EN471 classe 2. Une veste<\/p>\n","protected":false},"featured_media":16198,"comment_status":"open","ping_status":"closed","template":"","meta":{"_acf_changed":false},"product_brand":[],"product_cat":[240,295,292,296,281,294,239,254,321,293,227,291],"product_tag":[],"class_list":{"0":"post-16196","1":"product","2":"type-product","3":"status-publish","4":"has-post-thumbnail","6":"product_cat-ambulancier","7":"product_cat-cariste","8":"product_cat-chauffeur-livreur","9":"product_cat-demenageur","10":"product_cat-depanneur","11":"product_cat-manutentionnaire","12":"product_cat-medicales-bien-etre","13":"product_cat-parka-haute-visibilite","14":"product_cat-parkas-haute-visibilite","15":"product_cat-transporteur","16":"product_cat-vetement-de-travail","17":"product_cat-vetements-pour-la-logistique-et-le-transport","19":"first","20":"instock","21":"taxable","22":"shipping-taxable","23":"purchasable","24":"product-type-simple"},"acf":[],"yoast_head":"<!-- This site is optimized with the Yoast SEO Premium plugin v26.3 (Yoast SEO v26.3) - https:\/\/yoast.com\/wordpress\/plugins\/seo\/ -->\n<title>PARKA HAUTE VISIBILIT\u00c9 NOIRE PHV010U<\/title>\n<meta name=\"description\" content=\"La veste Transport Homme Blaklader est pratique avec manches pr\u00e9form\u00e9es, taille r\u00e9glable et pliss\u00e9e arri\u00e8re. Mat\u00e9riau hydrofuge. Combinaison de couleurs\" \/>\n<meta name=\"robots\" content=\"index, follow, max-snippet:-1, max-image-preview:large, max-video-preview:-1\" \/>\n<link rel=\"canonical\" href=\"https:\/\/uniformeplus.tn\/index.php\/product\/parka-haute-visibilite-noire\/\" \/>\n<meta property=\"og:locale\" content=\"fr_FR\" \/>\n<meta property=\"og:type\" content=\"article\" \/>\n<meta property=\"og:title\" content=\"PARKA HAUTE VISIBILIT\u00c9 NOIRE PHV010U\" \/>\n<meta property=\"og:description\" content=\"La veste Transport Homme Blaklader est pratique avec manches pr\u00e9form\u00e9es, taille r\u00e9glable et pliss\u00e9e arri\u00e8re. Mat\u00e9riau hydrofuge. Combinaison de couleurs\" \/>\n<meta property=\"og:url\" content=\"https:\/\/uniformeplus.tn\/index.php\/product\/parka-haute-visibilite-noire\/\" \/>\n<meta property=\"og:site_name\" content=\"uniformeplus - V\u00eatements de travail\" \/>\n<meta property=\"article:publisher\" content=\"https:\/\/www.facebook.com\/uniforconfection.uniformeplus\" \/>\n<meta property=\"article:modified_time\" content=\"2025-05-23T08:39:23+00:00\" \/>\n<meta property=\"og:image\" content=\"https:\/\/uniformeplus.tn\/wp-content\/uploads\/2021\/01\/PARKA-HAUTE-VISIBILIT\u00c9-NOIRE.jpg\" \/>\n\t<meta property=\"og:image:width\" content=\"1080\" \/>\n\t<meta property=\"og:image:height\" content=\"1080\" \/>\n\t<meta property=\"og:image:type\" content=\"image\/jpeg\" \/>\n<meta name=\"twitter:card\" content=\"summary_large_image\" \/>\n<meta name=\"twitter:label1\" content=\"Prix\" \/>\n\t<meta name=\"twitter:data1\" content=\"160.000&#x62f;.&#x62a;\" \/>\n\t<meta name=\"twitter:label2\" content=\"Disponibilit\u00e9\" \/>\n\t<meta name=\"twitter:data2\" content=\"En stock\" \/>\n<script type=\"application\/ld+json\" class=\"yoast-schema-graph\">{\"@context\":\"https:\/\/schema.org\",\"@graph\":[{\"@type\":\"WebPage\",\"@id\":\"https:\/\/uniformeplus.tn\/index.php\/product\/parka-haute-visibilite-noire\/\",\"url\":\"https:\/\/uniformeplus.tn\/index.php\/product\/parka-haute-visibilite-noire\/\",\"name\":\"PARKA HAUTE VISIBILIT\u00c9 NOIRE PHV010U\",\"isPartOf\":{\"@id\":\"https:\/\/uniformeplus.tn\/#website\"},\"primaryImageOfPage\":{\"@id\":\"https:\/\/uniformeplus.tn\/index.php\/product\/parka-haute-visibilite-noire\/#primaryimage\"},\"image\":{\"@id\":\"https:\/\/uniformeplus.tn\/index.php\/product\/parka-haute-visibilite-noire\/#primaryimage\"},\"thumbnailUrl\":\"https:\/\/uniformeplus.tn\/wp-content\/uploads\/2021\/01\/PARKA-HAUTE-VISIBILIT\u00c9-NOIRE.jpg\",\"datePublished\":\"2021-01-26T10:33:05+00:00\",\"dateModified\":\"2025-05-23T08:39:23+00:00\",\"description\":\"La veste Transport Homme Blaklader est pratique avec manches pr\u00e9form\u00e9es, taille r\u00e9glable et pliss\u00e9e arri\u00e8re. Mat\u00e9riau hydrofuge. Combinaison de couleurs\",\"breadcrumb\":{\"@id\":\"https:\/\/uniformeplus.tn\/index.php\/product\/parka-haute-visibilite-noire\/#breadcrumb\"},\"inLanguage\":\"fr-FR\",\"potentialAction\":[{\"@type\":\"ReadAction\",\"target\":[\"https:\/\/uniformeplus.tn\/index.php\/product\/parka-haute-visibilite-noire\/\"]}]},{\"@type\":\"ImageObject\",\"inLanguage\":\"fr-FR\",\"@id\":\"https:\/\/uniformeplus.tn\/index.php\/product\/parka-haute-visibilite-noire\/#primaryimage\",\"url\":\"https:\/\/uniformeplus.tn\/wp-content\/uploads\/2021\/01\/PARKA-HAUTE-VISIBILIT\u00c9-NOIRE.jpg\",\"contentUrl\":\"https:\/\/uniformeplus.tn\/wp-content\/uploads\/2021\/01\/PARKA-HAUTE-VISIBILIT\u00c9-NOIRE.jpg\",\"width\":1080,\"height\":1080,\"caption\":\"PARKA HAUTE VISIBILIT\u00c9 NOIRE\"},{\"@type\":\"BreadcrumbList\",\"@id\":\"https:\/\/uniformeplus.tn\/index.php\/product\/parka-haute-visibilite-noire\/#breadcrumb\",\"itemListElement\":[{\"@type\":\"ListItem\",\"position\":1,\"name\":\"Accueil\",\"item\":\"https:\/\/uniformeplus.tn\/\"},{\"@type\":\"ListItem\",\"position\":2,\"name\":\"Shop\",\"item\":\"https:\/\/uniformeplus.tn\/index.php\/shop-2\/\"},{\"@type\":\"ListItem\",\"position\":3,\"name\":\"M\u00c9TIERS\",\"item\":\"https:\/\/uniformeplus.tn\/index.php\/product-category\/metiers\/\"},{\"@type\":\"ListItem\",\"position\":4,\"name\":\"M\u00c9DICALES \/ BIEN-\u00caTRE\",\"item\":\"https:\/\/uniformeplus.tn\/index.php\/product-category\/metiers\/medicales-bien-etre\/\"},{\"@type\":\"ListItem\",\"position\":5,\"name\":\"AMBULANCIER\",\"item\":\"https:\/\/uniformeplus.tn\/index.php\/product-category\/metiers\/medicales-bien-etre\/ambulancier\/\"},{\"@type\":\"ListItem\",\"position\":6,\"name\":\"PARKA HAUTE VISIBILIT\u00c9 NOIRE PHV010U\"}]},{\"@type\":\"WebSite\",\"@id\":\"https:\/\/uniformeplus.tn\/#website\",\"url\":\"https:\/\/uniformeplus.tn\/\",\"name\":\"uniformeplus\",\"description\":\"v\u00eatement de travail Tunisie\",\"publisher\":{\"@id\":\"https:\/\/uniformeplus.tn\/#organization\"},\"alternateName\":\"tenue de travail en tunisie\",\"potentialAction\":[{\"@type\":\"SearchAction\",\"target\":{\"@type\":\"EntryPoint\",\"urlTemplate\":\"https:\/\/uniformeplus.tn\/?s={search_term_string}\"},\"query-input\":{\"@type\":\"PropertyValueSpecification\",\"valueRequired\":true,\"valueName\":\"search_term_string\"}}],\"inLanguage\":\"fr-FR\"},{\"@type\":\"Organization\",\"@id\":\"https:\/\/uniformeplus.tn\/#organization\",\"name\":\"tenue de travail\",\"url\":\"https:\/\/uniformeplus.tn\/\",\"logo\":{\"@type\":\"ImageObject\",\"inLanguage\":\"fr-FR\",\"@id\":\"https:\/\/uniformeplus.tn\/#\/schema\/logo\/image\/\",\"url\":\"https:\/\/uniformeplus.tn\/wp-content\/uploads\/2021\/01\/logo.png\",\"contentUrl\":\"https:\/\/uniformeplus.tn\/wp-content\/uploads\/2021\/01\/logo.png\",\"width\":112,\"height\":112,\"caption\":\"tenue de travail\"},\"image\":{\"@id\":\"https:\/\/uniformeplus.tn\/#\/schema\/logo\/image\/\"},\"sameAs\":[\"https:\/\/www.facebook.com\/uniforconfection.uniformeplus\"],\"hasMerchantReturnPolicy\":{\"@type\":\"MerchantReturnPolicy\",\"merchantReturnLink\":\"https:\/\/uniformeplus.tn\/index.php\/politique-de-retour\/\"}}]}<\/script>\n<meta property=\"product:price:amount\" content=\"160.000\" \/>\n<meta property=\"product:price:currency\" content=\"TND\" \/>\n<meta property=\"og:availability\" content=\"instock\" \/>\n<meta property=\"product:availability\" content=\"instock\" \/>\n<meta property=\"product:condition\" content=\"new\" \/>\n<!-- \/ Yoast SEO Premium plugin. -->","yoast_head_json":{"title":"PARKA HAUTE VISIBILIT\u00c9 NOIRE PHV010U","description":"La veste Transport Homme Blaklader est pratique avec manches pr\u00e9form\u00e9es, taille r\u00e9glable et pliss\u00e9e arri\u00e8re. Mat\u00e9riau hydrofuge. Combinaison de couleurs","robots":{"index":"index","follow":"follow","max-snippet":"max-snippet:-1","max-image-preview":"max-image-preview:large","max-video-preview":"max-video-preview:-1"},"canonical":"https:\/\/uniformeplus.tn\/index.php\/product\/parka-haute-visibilite-noire\/","og_locale":"fr_FR","og_type":"article","og_title":"PARKA HAUTE VISIBILIT\u00c9 NOIRE PHV010U","og_description":"La veste Transport Homme Blaklader est pratique avec manches pr\u00e9form\u00e9es, taille r\u00e9glable et pliss\u00e9e arri\u00e8re. Mat\u00e9riau hydrofuge. Combinaison de couleurs","og_url":"https:\/\/uniformeplus.tn\/index.php\/product\/parka-haute-visibilite-noire\/","og_site_name":"uniformeplus - V\u00eatements de travail","article_publisher":"https:\/\/www.facebook.com\/uniforconfection.uniformeplus","article_modified_time":"2025-05-23T08:39:23+00:00","og_image":[{"width":1080,"height":1080,"url":"https:\/\/uniformeplus.tn\/wp-content\/uploads\/2021\/01\/PARKA-HAUTE-VISIBILIT\u00c9-NOIRE.jpg","type":"image\/jpeg"}],"twitter_card":"summary_large_image","twitter_misc":{"Prix":"160.000&#x62f;.&#x62a;","Disponibilit\u00e9":"En stock"},"schema":{"@context":"https:\/\/schema.org","@graph":[{"@type":"WebPage","@id":"https:\/\/uniformeplus.tn\/index.php\/product\/parka-haute-visibilite-noire\/","url":"https:\/\/uniformeplus.tn\/index.php\/product\/parka-haute-visibilite-noire\/","name":"PARKA HAUTE VISIBILIT\u00c9 NOIRE PHV010U","isPartOf":{"@id":"https:\/\/uniformeplus.tn\/#website"},"primaryImageOfPage":{"@id":"https:\/\/uniformeplus.tn\/index.php\/product\/parka-haute-visibilite-noire\/#primaryimage"},"image":{"@id":"https:\/\/uniformeplus.tn\/index.php\/product\/parka-haute-visibilite-noire\/#primaryimage"},"thumbnailUrl":"https:\/\/uniformeplus.tn\/wp-content\/uploads\/2021\/01\/PARKA-HAUTE-VISIBILIT\u00c9-NOIRE.jpg","datePublished":"2021-01-26T10:33:05+00:00","dateModified":"2025-05-23T08:39:23+00:00","description":"La veste Transport Homme Blaklader est pratique avec manches pr\u00e9form\u00e9es, taille r\u00e9glable et pliss\u00e9e arri\u00e8re. Mat\u00e9riau hydrofuge. Combinaison de couleurs","breadcrumb":{"@id":"https:\/\/uniformeplus.tn\/index.php\/product\/parka-haute-visibilite-noire\/#breadcrumb"},"inLanguage":"fr-FR","potentialAction":[{"@type":"ReadAction","target":["https:\/\/uniformeplus.tn\/index.php\/product\/parka-haute-visibilite-noire\/"]}]},{"@type":"ImageObject","inLanguage":"fr-FR","@id":"https:\/\/uniformeplus.tn\/index.php\/product\/parka-haute-visibilite-noire\/#primaryimage","url":"https:\/\/uniformeplus.tn\/wp-content\/uploads\/2021\/01\/PARKA-HAUTE-VISIBILIT\u00c9-NOIRE.jpg","contentUrl":"https:\/\/uniformeplus.tn\/wp-content\/uploads\/2021\/01\/PARKA-HAUTE-VISIBILIT\u00c9-NOIRE.jpg","width":1080,"height":1080,"caption":"PARKA HAUTE VISIBILIT\u00c9 NOIRE"},{"@type":"BreadcrumbList","@id":"https:\/\/uniformeplus.tn\/index.php\/product\/parka-haute-visibilite-noire\/#breadcrumb","itemListElement":[{"@type":"ListItem","position":1,"name":"Accueil","item":"https:\/\/uniformeplus.tn\/"},{"@type":"ListItem","position":2,"name":"Shop","item":"https:\/\/uniformeplus.tn\/index.php\/shop-2\/"},{"@type":"ListItem","position":3,"name":"M\u00c9TIERS","item":"https:\/\/uniformeplus.tn\/index.php\/product-category\/metiers\/"},{"@type":"ListItem","position":4,"name":"M\u00c9DICALES \/ BIEN-\u00caTRE","item":"https:\/\/uniformeplus.tn\/index.php\/product-category\/metiers\/medicales-bien-etre\/"},{"@type":"ListItem","position":5,"name":"AMBULANCIER","item":"https:\/\/uniformeplus.tn\/index.php\/product-category\/metiers\/medicales-bien-etre\/ambulancier\/"},{"@type":"ListItem","position":6,"name":"PARKA HAUTE VISIBILIT\u00c9 NOIRE PHV010U"}]},{"@type":"WebSite","@id":"https:\/\/uniformeplus.tn\/#website","url":"https:\/\/uniformeplus.tn\/","name":"uniformeplus","description":"v\u00eatement de travail Tunisie","publisher":{"@id":"https:\/\/uniformeplus.tn\/#organization"},"alternateName":"tenue de travail en tunisie","potentialAction":[{"@type":"SearchAction","target":{"@type":"EntryPoint","urlTemplate":"https:\/\/uniformeplus.tn\/?s={search_term_string}"},"query-input":{"@type":"PropertyValueSpecification","valueRequired":true,"valueName":"search_term_string"}}],"inLanguage":"fr-FR"},{"@type":"Organization","@id":"https:\/\/uniformeplus.tn\/#organization","name":"tenue de travail","url":"https:\/\/uniformeplus.tn\/","logo":{"@type":"ImageObject","inLanguage":"fr-FR","@id":"https:\/\/uniformeplus.tn\/#\/schema\/logo\/image\/","url":"https:\/\/uniformeplus.tn\/wp-content\/uploads\/2021\/01\/logo.png","contentUrl":"https:\/\/uniformeplus.tn\/wp-content\/uploads\/2021\/01\/logo.png","width":112,"height":112,"caption":"tenue de travail"},"image":{"@id":"https:\/\/uniformeplus.tn\/#\/schema\/logo\/image\/"},"sameAs":["https:\/\/www.facebook.com\/uniforconfection.uniformeplus"],"hasMerchantReturnPolicy":{"@type":"MerchantReturnPolicy","merchantReturnLink":"https:\/\/uniformeplus.tn\/index.php\/politique-de-retour\/"}}]},"product_price_amount":"160.000","product_price_currency":"TND","og_availability":"instock","product_availability":"instock","product_condition":"new"},"_links":{"self":[{"href":"https:\/\/uniformeplus.tn\/index.php\/wp-json\/wp\/v2\/product\/16196","targetHints":{"allow":["GET"]}}],"collection":[{"href":"https:\/\/uniformeplus.tn\/index.php\/wp-json\/wp\/v2\/product"}],"about":[{"href":"https:\/\/uniformeplus.tn\/index.php\/wp-json\/wp\/v2\/types\/product"}],"replies":[{"embeddable":true,"href":"https:\/\/uniformeplus.tn\/index.php\/wp-json\/wp\/v2\/comments?post=16196"}],"wp:featuredmedia":[{"embeddable":true,"href":"https:\/\/uniformeplus.tn\/index.php\/wp-json\/wp\/v2\/media\/16198"}],"wp:attachment":[{"href":"https:\/\/uniformeplus.tn\/index.php\/wp-json\/wp\/v2\/media?parent=16196"}],"wp:term":[{"taxonomy":"product_brand","embeddable":true,"href":"https:\/\/uniformeplus.tn\/index.php\/wp-json\/wp\/v2\/product_brand?post=16196"},{"taxonomy":"product_cat","embeddable":true,"href":"https:\/\/uniformeplus.tn\/index.php\/wp-json\/wp\/v2\/product_cat?post=16196"},{"taxonomy":"product_tag","embeddable":true,"href":"https:\/\/uniformeplus.tn\/index.php\/wp-json\/wp\/v2\/product_tag?post=16196"}],"curies":[{"name":"wp","href":"https:\/\/api.w.org\/{rel}","templated":true}]}}