{"id":16199,"date":"2021-02-01T10:55:30","date_gmt":"2021-02-01T09:55:30","guid":{"rendered":"http:\/\/www.uniformeplus.tn\/?post_type=product&#038;p=16199"},"modified":"2025-05-23T10:40:35","modified_gmt":"2025-05-23T08:40:35","slug":"veste-de-cuisine-blanc","status":"publish","type":"product","link":"https:\/\/uniformeplus.tn\/index.php\/product\/veste-de-cuisine-blanc\/","title":{"rendered":"VESTE DE CUISINE BLANC"},"content":{"rendered":"","protected":false},"excerpt":{"rendered":"<p><span class=\"flypageSku\">R\u00e9f. VCU001<\/span><\/p>\n<p>Fermeture double boutonnage \u00e0 pressions calott\u00e9es, \u0153illets d&#8217;a\u00e9ration, 1 poche int\u00e9rieure, 1 poche stylo.\u00a02 fentes d&#8217;aisance en bas du dos.<\/p>\n","protected":false},"featured_media":16200,"comment_status":"open","ping_status":"closed","template":"","meta":{"_acf_changed":false},"product_brand":[],"product_cat":[231,233,339],"product_tag":[],"class_list":{"0":"post-16199","1":"product","2":"type-product","3":"status-publish","4":"has-post-thumbnail","6":"product_cat-cuisine","7":"product_cat-cuisinier-boucher-charcutier","8":"product_cat-veste-de-cuisine","10":"first","11":"instock","12":"taxable","13":"shipping-taxable","14":"purchasable","15":"product-type-simple"},"acf":[],"yoast_head":"<!-- This site is optimized with the Yoast SEO Premium plugin v26.3 (Yoast SEO v26.3) - https:\/\/yoast.com\/wordpress\/plugins\/seo\/ -->\n<title>VESTE DE CUISINE BLANC<\/title>\n<meta name=\"description\" content=\"R\u00e9f. VCU001  Fermeture double boutonnage \u00e0 pressions calott\u00e9es, \u0153illets d&#039;a\u00e9ration, 1 poche int\u00e9rieure, 1 poche stylo.\u00a02 fentes d&#039;aisance en bas du dos.\" \/>\n<meta name=\"robots\" content=\"index, follow, max-snippet:-1, max-image-preview:large, max-video-preview:-1\" \/>\n<link rel=\"canonical\" href=\"https:\/\/uniformeplus.tn\/index.php\/product\/veste-de-cuisine-blanc\/\" \/>\n<meta property=\"og:locale\" content=\"fr_FR\" \/>\n<meta property=\"og:type\" content=\"article\" \/>\n<meta property=\"og:title\" content=\"VESTE DE CUISINE BLANC\" \/>\n<meta property=\"og:description\" content=\"R\u00e9f. VCU001  Fermeture double boutonnage \u00e0 pressions calott\u00e9es, \u0153illets d&#039;a\u00e9ration, 1 poche int\u00e9rieure, 1 poche stylo.\u00a02 fentes d&#039;aisance en bas du dos.\" \/>\n<meta property=\"og:url\" content=\"https:\/\/uniformeplus.tn\/index.php\/product\/veste-de-cuisine-blanc\/\" \/>\n<meta property=\"og:site_name\" content=\"uniformeplus - V\u00eatements de travail\" \/>\n<meta property=\"article:publisher\" content=\"https:\/\/www.facebook.com\/uniforconfection.uniformeplus\" \/>\n<meta property=\"article:modified_time\" content=\"2025-05-23T08:40:35+00:00\" \/>\n<meta property=\"og:image\" content=\"https:\/\/uniformeplus.tn\/wp-content\/uploads\/2021\/02\/16AP110.jpg\" \/>\n\t<meta property=\"og:image:width\" content=\"1330\" \/>\n\t<meta property=\"og:image:height\" content=\"1330\" \/>\n\t<meta property=\"og:image:type\" content=\"image\/jpeg\" \/>\n<meta name=\"twitter:card\" content=\"summary_large_image\" \/>\n<meta name=\"twitter:label1\" content=\"Prix\" \/>\n\t<meta name=\"twitter:data1\" content=\"50.000&#x62f;.&#x62a;\" \/>\n\t<meta name=\"twitter:label2\" content=\"Disponibilit\u00e9\" \/>\n\t<meta name=\"twitter:data2\" content=\"En stock\" \/>\n<script type=\"application\/ld+json\" class=\"yoast-schema-graph\">{\"@context\":\"https:\/\/schema.org\",\"@graph\":[{\"@type\":\"WebPage\",\"@id\":\"https:\/\/uniformeplus.tn\/index.php\/product\/veste-de-cuisine-blanc\/\",\"url\":\"https:\/\/uniformeplus.tn\/index.php\/product\/veste-de-cuisine-blanc\/\",\"name\":\"VESTE DE CUISINE BLANC\",\"isPartOf\":{\"@id\":\"https:\/\/uniformeplus.tn\/#website\"},\"primaryImageOfPage\":{\"@id\":\"https:\/\/uniformeplus.tn\/index.php\/product\/veste-de-cuisine-blanc\/#primaryimage\"},\"image\":{\"@id\":\"https:\/\/uniformeplus.tn\/index.php\/product\/veste-de-cuisine-blanc\/#primaryimage\"},\"thumbnailUrl\":\"https:\/\/uniformeplus.tn\/wp-content\/uploads\/2021\/02\/16AP110.jpg\",\"datePublished\":\"2021-02-01T09:55:30+00:00\",\"dateModified\":\"2025-05-23T08:40:35+00:00\",\"description\":\"R\u00e9f. VCU001 Fermeture double boutonnage \u00e0 pressions calott\u00e9es, \u0153illets d'a\u00e9ration, 1 poche int\u00e9rieure, 1 poche stylo.\u00a02 fentes d'aisance en bas du dos.\",\"breadcrumb\":{\"@id\":\"https:\/\/uniformeplus.tn\/index.php\/product\/veste-de-cuisine-blanc\/#breadcrumb\"},\"inLanguage\":\"fr-FR\",\"potentialAction\":[{\"@type\":\"ReadAction\",\"target\":[\"https:\/\/uniformeplus.tn\/index.php\/product\/veste-de-cuisine-blanc\/\"]}]},{\"@type\":\"ImageObject\",\"inLanguage\":\"fr-FR\",\"@id\":\"https:\/\/uniformeplus.tn\/index.php\/product\/veste-de-cuisine-blanc\/#primaryimage\",\"url\":\"https:\/\/uniformeplus.tn\/wp-content\/uploads\/2021\/02\/16AP110.jpg\",\"contentUrl\":\"https:\/\/uniformeplus.tn\/wp-content\/uploads\/2021\/02\/16AP110.jpg\",\"width\":1330,\"height\":1330,\"caption\":\"VESTE DE CUISINE\"},{\"@type\":\"BreadcrumbList\",\"@id\":\"https:\/\/uniformeplus.tn\/index.php\/product\/veste-de-cuisine-blanc\/#breadcrumb\",\"itemListElement\":[{\"@type\":\"ListItem\",\"position\":1,\"name\":\"Accueil\",\"item\":\"https:\/\/uniformeplus.tn\/\"},{\"@type\":\"ListItem\",\"position\":2,\"name\":\"Shop\",\"item\":\"https:\/\/uniformeplus.tn\/index.php\/shop-2\/\"},{\"@type\":\"ListItem\",\"position\":3,\"name\":\"M\u00c9TIERS\",\"item\":\"https:\/\/uniformeplus.tn\/index.php\/product-category\/metiers\/\"},{\"@type\":\"ListItem\",\"position\":4,\"name\":\"CUISINE\",\"item\":\"https:\/\/uniformeplus.tn\/index.php\/product-category\/metiers\/cuisine\/\"},{\"@type\":\"ListItem\",\"position\":5,\"name\":\"CUISINIER \/ BOUCHER \/ CHARCUTIER\",\"item\":\"https:\/\/uniformeplus.tn\/index.php\/product-category\/metiers\/cuisine\/cuisinier-boucher-charcutier\/\"},{\"@type\":\"ListItem\",\"position\":6,\"name\":\"VESTE DE CUISINE BLANC\"}]},{\"@type\":\"WebSite\",\"@id\":\"https:\/\/uniformeplus.tn\/#website\",\"url\":\"https:\/\/uniformeplus.tn\/\",\"name\":\"uniformeplus\",\"description\":\"v\u00eatement de travail Tunisie\",\"publisher\":{\"@id\":\"https:\/\/uniformeplus.tn\/#organization\"},\"alternateName\":\"tenue de travail en tunisie\",\"potentialAction\":[{\"@type\":\"SearchAction\",\"target\":{\"@type\":\"EntryPoint\",\"urlTemplate\":\"https:\/\/uniformeplus.tn\/?s={search_term_string}\"},\"query-input\":{\"@type\":\"PropertyValueSpecification\",\"valueRequired\":true,\"valueName\":\"search_term_string\"}}],\"inLanguage\":\"fr-FR\"},{\"@type\":\"Organization\",\"@id\":\"https:\/\/uniformeplus.tn\/#organization\",\"name\":\"tenue de travail\",\"url\":\"https:\/\/uniformeplus.tn\/\",\"logo\":{\"@type\":\"ImageObject\",\"inLanguage\":\"fr-FR\",\"@id\":\"https:\/\/uniformeplus.tn\/#\/schema\/logo\/image\/\",\"url\":\"https:\/\/uniformeplus.tn\/wp-content\/uploads\/2021\/01\/logo.png\",\"contentUrl\":\"https:\/\/uniformeplus.tn\/wp-content\/uploads\/2021\/01\/logo.png\",\"width\":112,\"height\":112,\"caption\":\"tenue de travail\"},\"image\":{\"@id\":\"https:\/\/uniformeplus.tn\/#\/schema\/logo\/image\/\"},\"sameAs\":[\"https:\/\/www.facebook.com\/uniforconfection.uniformeplus\"],\"hasMerchantReturnPolicy\":{\"@type\":\"MerchantReturnPolicy\",\"merchantReturnLink\":\"https:\/\/uniformeplus.tn\/index.php\/politique-de-retour\/\"}}]}<\/script>\n<meta property=\"product:price:amount\" content=\"50.000\" \/>\n<meta property=\"product:price:currency\" content=\"TND\" \/>\n<meta property=\"og:availability\" content=\"instock\" \/>\n<meta property=\"product:availability\" content=\"instock\" \/>\n<meta property=\"product:condition\" content=\"new\" \/>\n<!-- \/ Yoast SEO Premium plugin. -->","yoast_head_json":{"title":"VESTE DE CUISINE BLANC","description":"R\u00e9f. VCU001  Fermeture double boutonnage \u00e0 pressions calott\u00e9es, \u0153illets d'a\u00e9ration, 1 poche int\u00e9rieure, 1 poche stylo.\u00a02 fentes d'aisance en bas du dos.","robots":{"index":"index","follow":"follow","max-snippet":"max-snippet:-1","max-image-preview":"max-image-preview:large","max-video-preview":"max-video-preview:-1"},"canonical":"https:\/\/uniformeplus.tn\/index.php\/product\/veste-de-cuisine-blanc\/","og_locale":"fr_FR","og_type":"article","og_title":"VESTE DE CUISINE BLANC","og_description":"R\u00e9f. VCU001  Fermeture double boutonnage \u00e0 pressions calott\u00e9es, \u0153illets d'a\u00e9ration, 1 poche int\u00e9rieure, 1 poche stylo.\u00a02 fentes d'aisance en bas du dos.","og_url":"https:\/\/uniformeplus.tn\/index.php\/product\/veste-de-cuisine-blanc\/","og_site_name":"uniformeplus - V\u00eatements de travail","article_publisher":"https:\/\/www.facebook.com\/uniforconfection.uniformeplus","article_modified_time":"2025-05-23T08:40:35+00:00","og_image":[{"width":1330,"height":1330,"url":"https:\/\/uniformeplus.tn\/wp-content\/uploads\/2021\/02\/16AP110.jpg","type":"image\/jpeg"}],"twitter_card":"summary_large_image","twitter_misc":{"Prix":"50.000&#x62f;.&#x62a;","Disponibilit\u00e9":"En stock"},"schema":{"@context":"https:\/\/schema.org","@graph":[{"@type":"WebPage","@id":"https:\/\/uniformeplus.tn\/index.php\/product\/veste-de-cuisine-blanc\/","url":"https:\/\/uniformeplus.tn\/index.php\/product\/veste-de-cuisine-blanc\/","name":"VESTE DE CUISINE BLANC","isPartOf":{"@id":"https:\/\/uniformeplus.tn\/#website"},"primaryImageOfPage":{"@id":"https:\/\/uniformeplus.tn\/index.php\/product\/veste-de-cuisine-blanc\/#primaryimage"},"image":{"@id":"https:\/\/uniformeplus.tn\/index.php\/product\/veste-de-cuisine-blanc\/#primaryimage"},"thumbnailUrl":"https:\/\/uniformeplus.tn\/wp-content\/uploads\/2021\/02\/16AP110.jpg","datePublished":"2021-02-01T09:55:30+00:00","dateModified":"2025-05-23T08:40:35+00:00","description":"R\u00e9f. VCU001 Fermeture double boutonnage \u00e0 pressions calott\u00e9es, \u0153illets d'a\u00e9ration, 1 poche int\u00e9rieure, 1 poche stylo.\u00a02 fentes d'aisance en bas du dos.","breadcrumb":{"@id":"https:\/\/uniformeplus.tn\/index.php\/product\/veste-de-cuisine-blanc\/#breadcrumb"},"inLanguage":"fr-FR","potentialAction":[{"@type":"ReadAction","target":["https:\/\/uniformeplus.tn\/index.php\/product\/veste-de-cuisine-blanc\/"]}]},{"@type":"ImageObject","inLanguage":"fr-FR","@id":"https:\/\/uniformeplus.tn\/index.php\/product\/veste-de-cuisine-blanc\/#primaryimage","url":"https:\/\/uniformeplus.tn\/wp-content\/uploads\/2021\/02\/16AP110.jpg","contentUrl":"https:\/\/uniformeplus.tn\/wp-content\/uploads\/2021\/02\/16AP110.jpg","width":1330,"height":1330,"caption":"VESTE DE CUISINE"},{"@type":"BreadcrumbList","@id":"https:\/\/uniformeplus.tn\/index.php\/product\/veste-de-cuisine-blanc\/#breadcrumb","itemListElement":[{"@type":"ListItem","position":1,"name":"Accueil","item":"https:\/\/uniformeplus.tn\/"},{"@type":"ListItem","position":2,"name":"Shop","item":"https:\/\/uniformeplus.tn\/index.php\/shop-2\/"},{"@type":"ListItem","position":3,"name":"M\u00c9TIERS","item":"https:\/\/uniformeplus.tn\/index.php\/product-category\/metiers\/"},{"@type":"ListItem","position":4,"name":"CUISINE","item":"https:\/\/uniformeplus.tn\/index.php\/product-category\/metiers\/cuisine\/"},{"@type":"ListItem","position":5,"name":"CUISINIER \/ BOUCHER \/ CHARCUTIER","item":"https:\/\/uniformeplus.tn\/index.php\/product-category\/metiers\/cuisine\/cuisinier-boucher-charcutier\/"},{"@type":"ListItem","position":6,"name":"VESTE DE CUISINE BLANC"}]},{"@type":"WebSite","@id":"https:\/\/uniformeplus.tn\/#website","url":"https:\/\/uniformeplus.tn\/","name":"uniformeplus","description":"v\u00eatement de travail Tunisie","publisher":{"@id":"https:\/\/uniformeplus.tn\/#organization"},"alternateName":"tenue de travail en tunisie","potentialAction":[{"@type":"SearchAction","target":{"@type":"EntryPoint","urlTemplate":"https:\/\/uniformeplus.tn\/?s={search_term_string}"},"query-input":{"@type":"PropertyValueSpecification","valueRequired":true,"valueName":"search_term_string"}}],"inLanguage":"fr-FR"},{"@type":"Organization","@id":"https:\/\/uniformeplus.tn\/#organization","name":"tenue de travail","url":"https:\/\/uniformeplus.tn\/","logo":{"@type":"ImageObject","inLanguage":"fr-FR","@id":"https:\/\/uniformeplus.tn\/#\/schema\/logo\/image\/","url":"https:\/\/uniformeplus.tn\/wp-content\/uploads\/2021\/01\/logo.png","contentUrl":"https:\/\/uniformeplus.tn\/wp-content\/uploads\/2021\/01\/logo.png","width":112,"height":112,"caption":"tenue de travail"},"image":{"@id":"https:\/\/uniformeplus.tn\/#\/schema\/logo\/image\/"},"sameAs":["https:\/\/www.facebook.com\/uniforconfection.uniformeplus"],"hasMerchantReturnPolicy":{"@type":"MerchantReturnPolicy","merchantReturnLink":"https:\/\/uniformeplus.tn\/index.php\/politique-de-retour\/"}}]},"product_price_amount":"50.000","product_price_currency":"TND","og_availability":"instock","product_availability":"instock","product_condition":"new"},"_links":{"self":[{"href":"https:\/\/uniformeplus.tn\/index.php\/wp-json\/wp\/v2\/product\/16199","targetHints":{"allow":["GET"]}}],"collection":[{"href":"https:\/\/uniformeplus.tn\/index.php\/wp-json\/wp\/v2\/product"}],"about":[{"href":"https:\/\/uniformeplus.tn\/index.php\/wp-json\/wp\/v2\/types\/product"}],"replies":[{"embeddable":true,"href":"https:\/\/uniformeplus.tn\/index.php\/wp-json\/wp\/v2\/comments?post=16199"}],"wp:featuredmedia":[{"embeddable":true,"href":"https:\/\/uniformeplus.tn\/index.php\/wp-json\/wp\/v2\/media\/16200"}],"wp:attachment":[{"href":"https:\/\/uniformeplus.tn\/index.php\/wp-json\/wp\/v2\/media?parent=16199"}],"wp:term":[{"taxonomy":"product_brand","embeddable":true,"href":"https:\/\/uniformeplus.tn\/index.php\/wp-json\/wp\/v2\/product_brand?post=16199"},{"taxonomy":"product_cat","embeddable":true,"href":"https:\/\/uniformeplus.tn\/index.php\/wp-json\/wp\/v2\/product_cat?post=16199"},{"taxonomy":"product_tag","embeddable":true,"href":"https:\/\/uniformeplus.tn\/index.php\/wp-json\/wp\/v2\/product_tag?post=16199"}],"curies":[{"name":"wp","href":"https:\/\/api.w.org\/{rel}","templated":true}]}}