{"id":16205,"date":"2021-02-01T14:46:33","date_gmt":"2021-02-01T13:46:33","guid":{"rendered":"http:\/\/www.uniformeplus.tn\/?post_type=product&#038;p=16205"},"modified":"2025-05-23T10:41:52","modified_gmt":"2025-05-23T08:41:52","slug":"pantalon-de-travail-classic-noir","status":"publish","type":"product","link":"https:\/\/uniformeplus.tn\/index.php\/product\/pantalon-de-travail-classic-noir\/","title":{"rendered":"PANTALON DE TRAVAIL CLASSIC NOIR"},"content":{"rendered":"<ul>\n<li>2 poches cargo<\/li>\n<li>Boutons sous patte pour \u00e9viter de rayer les surfaces d\u00e9licates<\/li>\n<li>Taille \u00e9lastiqu\u00e9e pour plus de confort, fermeture zipp\u00e9e<\/li>\n<li>Ourlet ajustable de 5 cm<\/li>\n<li>Aucune partie en m\u00e9tal apparente<\/li>\n<li>Tr\u00e8s bon rapport qualit\u00e9-prix<\/li>\n<\/ul>\n<h2>Robuste et fonctionnel<\/h2>\n<p>Gr\u00e2ce \u00e0 sa composition en coton et en polyester, il est\u00a0<strong>tr\u00e8s r\u00e9sistant<\/strong>.<\/p>\n<p>Pratique, il dispose de\u00a0<strong>plusieurs poches<\/strong>\u00a0:<\/p>\n<ul>\n<li>2 poches cuisse gauche et droite \u00e0 rabat scratch\u00e9<\/li>\n<li>2 poches italiennes avec ouvertures en biais<\/li>\n<li>1 poche arri\u00e8re avec rabat \u00e0 scratch\u00e9<\/li>\n<\/ul>\n<p>Une fermeture zipp\u00e9e sous patte et 5 passants solides sont \u00e9galement inclus. L&#8217;absence de parties en m\u00e9tal apparentes fait de ce pantalon un v\u00eatement particuli\u00e8rement adapt\u00e9 aux professionnels de l&#8217;automobile (technicien, garagiste, d\u00e9panneur).<\/p>\n<h2>Confort et coupe moderne<\/h2>\n<p>Avec son look moderne, il offre une\u00a0<strong>libert\u00e9 de mouvements<\/strong>.<\/p>\n<p>Gr\u00e2ce \u00e0 ses \u00e9lastiques sur les c\u00f4t\u00e9s et sa ceinture ferm\u00e9e par boutons sous patte, un ajustement parfait est garantit. En ouvrant l&#8217;ourlet, la\u00a0<strong>longueur de l&#8217;entrejambe peut s&#8217;allonger<\/strong>\u00a0de 5 cm pour s&#8217;adapter \u00e0 chaque professionnel<\/p>\n<div class=\"col first\">\n<h2 class=\"black-title\">Mati\u00e8res<\/h2>\n<p>65 % polyester, 35 % coton &#8211;\u00a0 250 g\/m\u00b2<\/p>\n<\/div>\n<div class=\"col second\" data-wp-editing=\"1\">\n<h2 class=\"black-title\">Conseils d&#8217;entretien<\/h2>\n<p>Lavable \u00e0 60\u00b0C<br \/>\nBlanchiment interdit<br \/>\nS\u00e9chage \u00e0 temp\u00e9rature normale<br \/>\nRepassage au fer chaud<br \/>\nNettoyage \u00e0 sec interdit<\/p>\n<p><img decoding=\"async\" class=\"alignleft\" title=\"Lavable \u00e0 60\u00b0\" src=\"https:\/\/media.wuerth.com\/stmedia\/modyf\/shop\/30px\/1384522.jpg\" alt=\"Lavage \u00e0 60\u00b0\" width=\"30\" \/>\u00a0<img decoding=\"async\" class=\"alignleft\" title=\"\" src=\"https:\/\/media.wuerth.com\/stmedia\/modyf\/shop\/30px\/1388216.jpg\" alt=\"\" width=\"30\" \/>\u00a0<img decoding=\"async\" class=\"alignleft\" title=\"\" src=\"https:\/\/media.wuerth.com\/stmedia\/modyf\/shop\/30px\/1388213.jpg\" alt=\"\" width=\"30\" \/>\u00a0<img decoding=\"async\" class=\"alignleft\" title=\"\" src=\"https:\/\/media.wuerth.com\/stmedia\/modyf\/shop\/30px\/1384516.jpg\" alt=\"\" width=\"30\" \/>\u00a0<img decoding=\"async\" class=\"alignleft\" title=\"\" src=\"https:\/\/media.wuerth.com\/stmedia\/modyf\/shop\/30px\/1404613.jpg\" alt=\"\" width=\"30\" \/><\/p>\n<\/div>\n","protected":false},"excerpt":{"rendered":"<p><strong>R\u00e9f\u00e9rence : <a href=\"http:\/\/www.uniformeplus.tn\/index.php\/product\/pantalon-de-travail-classic-noir\/\">PTCN001<\/a><\/strong><\/p>\n<p>Le\u00a0<a href=\"http:\/\/www.uniformeplus.tn\/index.php\/product\/pantalon-de-travail-classic-noir\/\">pantalon professionnel<\/a>\u00a0noir Classic satisfera tous les professionnels qui souhaitent un\u00a0<strong>\u00e9quipement de qualit\u00e9 \u00e0 un prix accessible<\/strong>.<\/p>\n","protected":false},"featured_media":16206,"comment_status":"open","ping_status":"closed","template":"","meta":{"_acf_changed":false},"product_brand":[],"product_cat":[249,227],"product_tag":[],"class_list":{"0":"post-16205","1":"product","2":"type-product","3":"status-publish","4":"has-post-thumbnail","6":"product_cat-pantalons-de-travail-industrie-mecanique","7":"product_cat-vetement-de-travail","9":"first","10":"instock","11":"taxable","12":"shipping-taxable","13":"purchasable","14":"product-type-simple"},"acf":[],"yoast_head":"<!-- This site is optimized with the Yoast SEO Premium plugin v26.3 (Yoast SEO v26.3) - https:\/\/yoast.com\/wordpress\/plugins\/seo\/ -->\n<title>PANTALON DE TRAVAIL CLASSIC NOIR<\/title>\n<meta name=\"description\" content=\"R\u00e9f\u00e9rence : PTCN001  Le\u00a0pantalon professionnel\u00a0noir Classic satisfera tous les professionnels qui souhaitent un\u00a0\u00e9quipement de qualit\u00e9 \u00e0 un prix accessible.\" \/>\n<meta name=\"robots\" content=\"index, follow, max-snippet:-1, max-image-preview:large, max-video-preview:-1\" \/>\n<link rel=\"canonical\" href=\"https:\/\/uniformeplus.tn\/index.php\/product\/pantalon-de-travail-classic-noir\/\" \/>\n<meta property=\"og:locale\" content=\"fr_FR\" \/>\n<meta property=\"og:type\" content=\"article\" \/>\n<meta property=\"og:title\" content=\"PANTALON DE TRAVAIL CLASSIC NOIR\" \/>\n<meta property=\"og:description\" content=\"R\u00e9f\u00e9rence : PTCN001  Le\u00a0pantalon professionnel\u00a0noir Classic satisfera tous les professionnels qui souhaitent un\u00a0\u00e9quipement de qualit\u00e9 \u00e0 un prix accessible.\" \/>\n<meta property=\"og:url\" content=\"https:\/\/uniformeplus.tn\/index.php\/product\/pantalon-de-travail-classic-noir\/\" \/>\n<meta property=\"og:site_name\" content=\"uniformeplus - V\u00eatements de travail\" \/>\n<meta property=\"article:publisher\" content=\"https:\/\/www.facebook.com\/uniforconfection.uniformeplus\" \/>\n<meta property=\"article:modified_time\" content=\"2025-05-23T08:41:52+00:00\" \/>\n<meta property=\"og:image\" content=\"https:\/\/uniformeplus.tn\/wp-content\/uploads\/2021\/02\/1370915.jpg\" \/>\n\t<meta property=\"og:image:width\" content=\"900\" \/>\n\t<meta property=\"og:image:height\" content=\"1000\" \/>\n\t<meta property=\"og:image:type\" content=\"image\/jpeg\" \/>\n<meta name=\"twitter:card\" content=\"summary_large_image\" \/>\n<meta name=\"twitter:label1\" content=\"Prix\" \/>\n\t<meta name=\"twitter:data1\" content=\"40.000&#x62f;.&#x62a;\" \/>\n\t<meta name=\"twitter:label2\" content=\"Disponibilit\u00e9\" \/>\n\t<meta name=\"twitter:data2\" content=\"En stock\" \/>\n<script type=\"application\/ld+json\" class=\"yoast-schema-graph\">{\"@context\":\"https:\/\/schema.org\",\"@graph\":[{\"@type\":\"WebPage\",\"@id\":\"https:\/\/uniformeplus.tn\/index.php\/product\/pantalon-de-travail-classic-noir\/\",\"url\":\"https:\/\/uniformeplus.tn\/index.php\/product\/pantalon-de-travail-classic-noir\/\",\"name\":\"PANTALON DE TRAVAIL CLASSIC NOIR\",\"isPartOf\":{\"@id\":\"https:\/\/uniformeplus.tn\/#website\"},\"primaryImageOfPage\":{\"@id\":\"https:\/\/uniformeplus.tn\/index.php\/product\/pantalon-de-travail-classic-noir\/#primaryimage\"},\"image\":{\"@id\":\"https:\/\/uniformeplus.tn\/index.php\/product\/pantalon-de-travail-classic-noir\/#primaryimage\"},\"thumbnailUrl\":\"https:\/\/uniformeplus.tn\/wp-content\/uploads\/2021\/02\/1370915.jpg\",\"datePublished\":\"2021-02-01T13:46:33+00:00\",\"dateModified\":\"2025-05-23T08:41:52+00:00\",\"description\":\"R\u00e9f\u00e9rence : PTCN001 Le\u00a0pantalon professionnel\u00a0noir Classic satisfera tous les professionnels qui souhaitent un\u00a0\u00e9quipement de qualit\u00e9 \u00e0 un prix accessible.\",\"breadcrumb\":{\"@id\":\"https:\/\/uniformeplus.tn\/index.php\/product\/pantalon-de-travail-classic-noir\/#breadcrumb\"},\"inLanguage\":\"fr-FR\",\"potentialAction\":[{\"@type\":\"ReadAction\",\"target\":[\"https:\/\/uniformeplus.tn\/index.php\/product\/pantalon-de-travail-classic-noir\/\"]}]},{\"@type\":\"ImageObject\",\"inLanguage\":\"fr-FR\",\"@id\":\"https:\/\/uniformeplus.tn\/index.php\/product\/pantalon-de-travail-classic-noir\/#primaryimage\",\"url\":\"https:\/\/uniformeplus.tn\/wp-content\/uploads\/2021\/02\/1370915.jpg\",\"contentUrl\":\"https:\/\/uniformeplus.tn\/wp-content\/uploads\/2021\/02\/1370915.jpg\",\"width\":900,\"height\":1000,\"caption\":\"PANTALON DE TRAVAIL CLASSIC NOIR\"},{\"@type\":\"BreadcrumbList\",\"@id\":\"https:\/\/uniformeplus.tn\/index.php\/product\/pantalon-de-travail-classic-noir\/#breadcrumb\",\"itemListElement\":[{\"@type\":\"ListItem\",\"position\":1,\"name\":\"Accueil\",\"item\":\"https:\/\/uniformeplus.tn\/\"},{\"@type\":\"ListItem\",\"position\":2,\"name\":\"Shop\",\"item\":\"https:\/\/uniformeplus.tn\/index.php\/shop-2\/\"},{\"@type\":\"ListItem\",\"position\":3,\"name\":\"V\u00caTEMENT DE TRAVAIL\",\"item\":\"https:\/\/uniformeplus.tn\/index.php\/product-category\/vetement-de-travail\/\"},{\"@type\":\"ListItem\",\"position\":4,\"name\":\"-PANTALONS DE TRAVAIL\",\"item\":\"https:\/\/uniformeplus.tn\/index.php\/product-category\/vetement-de-travail\/pantalons-de-travail-industrie-mecanique\/\"},{\"@type\":\"ListItem\",\"position\":5,\"name\":\"PANTALON DE TRAVAIL CLASSIC NOIR\"}]},{\"@type\":\"WebSite\",\"@id\":\"https:\/\/uniformeplus.tn\/#website\",\"url\":\"https:\/\/uniformeplus.tn\/\",\"name\":\"uniformeplus\",\"description\":\"v\u00eatement de travail Tunisie\",\"publisher\":{\"@id\":\"https:\/\/uniformeplus.tn\/#organization\"},\"alternateName\":\"tenue de travail en tunisie\",\"potentialAction\":[{\"@type\":\"SearchAction\",\"target\":{\"@type\":\"EntryPoint\",\"urlTemplate\":\"https:\/\/uniformeplus.tn\/?s={search_term_string}\"},\"query-input\":{\"@type\":\"PropertyValueSpecification\",\"valueRequired\":true,\"valueName\":\"search_term_string\"}}],\"inLanguage\":\"fr-FR\"},{\"@type\":\"Organization\",\"@id\":\"https:\/\/uniformeplus.tn\/#organization\",\"name\":\"tenue de travail\",\"url\":\"https:\/\/uniformeplus.tn\/\",\"logo\":{\"@type\":\"ImageObject\",\"inLanguage\":\"fr-FR\",\"@id\":\"https:\/\/uniformeplus.tn\/#\/schema\/logo\/image\/\",\"url\":\"https:\/\/uniformeplus.tn\/wp-content\/uploads\/2021\/01\/logo.png\",\"contentUrl\":\"https:\/\/uniformeplus.tn\/wp-content\/uploads\/2021\/01\/logo.png\",\"width\":112,\"height\":112,\"caption\":\"tenue de travail\"},\"image\":{\"@id\":\"https:\/\/uniformeplus.tn\/#\/schema\/logo\/image\/\"},\"sameAs\":[\"https:\/\/www.facebook.com\/uniforconfection.uniformeplus\"],\"hasMerchantReturnPolicy\":{\"@type\":\"MerchantReturnPolicy\",\"merchantReturnLink\":\"https:\/\/uniformeplus.tn\/index.php\/politique-de-retour\/\"}}]}<\/script>\n<meta property=\"product:price:amount\" content=\"40.000\" \/>\n<meta property=\"product:price:currency\" content=\"TND\" \/>\n<meta property=\"og:availability\" content=\"instock\" \/>\n<meta property=\"product:availability\" content=\"instock\" \/>\n<meta property=\"product:retailer_item_id\" content=\"PTCN001\" \/>\n<meta property=\"product:condition\" content=\"new\" \/>\n<!-- \/ Yoast SEO Premium plugin. -->","yoast_head_json":{"title":"PANTALON DE TRAVAIL CLASSIC NOIR","description":"R\u00e9f\u00e9rence : PTCN001  Le\u00a0pantalon professionnel\u00a0noir Classic satisfera tous les professionnels qui souhaitent un\u00a0\u00e9quipement de qualit\u00e9 \u00e0 un prix accessible.","robots":{"index":"index","follow":"follow","max-snippet":"max-snippet:-1","max-image-preview":"max-image-preview:large","max-video-preview":"max-video-preview:-1"},"canonical":"https:\/\/uniformeplus.tn\/index.php\/product\/pantalon-de-travail-classic-noir\/","og_locale":"fr_FR","og_type":"article","og_title":"PANTALON DE TRAVAIL CLASSIC NOIR","og_description":"R\u00e9f\u00e9rence : PTCN001  Le\u00a0pantalon professionnel\u00a0noir Classic satisfera tous les professionnels qui souhaitent un\u00a0\u00e9quipement de qualit\u00e9 \u00e0 un prix accessible.","og_url":"https:\/\/uniformeplus.tn\/index.php\/product\/pantalon-de-travail-classic-noir\/","og_site_name":"uniformeplus - V\u00eatements de travail","article_publisher":"https:\/\/www.facebook.com\/uniforconfection.uniformeplus","article_modified_time":"2025-05-23T08:41:52+00:00","og_image":[{"width":900,"height":1000,"url":"https:\/\/uniformeplus.tn\/wp-content\/uploads\/2021\/02\/1370915.jpg","type":"image\/jpeg"}],"twitter_card":"summary_large_image","twitter_misc":{"Prix":"40.000&#x62f;.&#x62a;","Disponibilit\u00e9":"En stock"},"schema":{"@context":"https:\/\/schema.org","@graph":[{"@type":"WebPage","@id":"https:\/\/uniformeplus.tn\/index.php\/product\/pantalon-de-travail-classic-noir\/","url":"https:\/\/uniformeplus.tn\/index.php\/product\/pantalon-de-travail-classic-noir\/","name":"PANTALON DE TRAVAIL CLASSIC NOIR","isPartOf":{"@id":"https:\/\/uniformeplus.tn\/#website"},"primaryImageOfPage":{"@id":"https:\/\/uniformeplus.tn\/index.php\/product\/pantalon-de-travail-classic-noir\/#primaryimage"},"image":{"@id":"https:\/\/uniformeplus.tn\/index.php\/product\/pantalon-de-travail-classic-noir\/#primaryimage"},"thumbnailUrl":"https:\/\/uniformeplus.tn\/wp-content\/uploads\/2021\/02\/1370915.jpg","datePublished":"2021-02-01T13:46:33+00:00","dateModified":"2025-05-23T08:41:52+00:00","description":"R\u00e9f\u00e9rence : PTCN001 Le\u00a0pantalon professionnel\u00a0noir Classic satisfera tous les professionnels qui souhaitent un\u00a0\u00e9quipement de qualit\u00e9 \u00e0 un prix accessible.","breadcrumb":{"@id":"https:\/\/uniformeplus.tn\/index.php\/product\/pantalon-de-travail-classic-noir\/#breadcrumb"},"inLanguage":"fr-FR","potentialAction":[{"@type":"ReadAction","target":["https:\/\/uniformeplus.tn\/index.php\/product\/pantalon-de-travail-classic-noir\/"]}]},{"@type":"ImageObject","inLanguage":"fr-FR","@id":"https:\/\/uniformeplus.tn\/index.php\/product\/pantalon-de-travail-classic-noir\/#primaryimage","url":"https:\/\/uniformeplus.tn\/wp-content\/uploads\/2021\/02\/1370915.jpg","contentUrl":"https:\/\/uniformeplus.tn\/wp-content\/uploads\/2021\/02\/1370915.jpg","width":900,"height":1000,"caption":"PANTALON DE TRAVAIL CLASSIC NOIR"},{"@type":"BreadcrumbList","@id":"https:\/\/uniformeplus.tn\/index.php\/product\/pantalon-de-travail-classic-noir\/#breadcrumb","itemListElement":[{"@type":"ListItem","position":1,"name":"Accueil","item":"https:\/\/uniformeplus.tn\/"},{"@type":"ListItem","position":2,"name":"Shop","item":"https:\/\/uniformeplus.tn\/index.php\/shop-2\/"},{"@type":"ListItem","position":3,"name":"V\u00caTEMENT DE TRAVAIL","item":"https:\/\/uniformeplus.tn\/index.php\/product-category\/vetement-de-travail\/"},{"@type":"ListItem","position":4,"name":"-PANTALONS DE TRAVAIL","item":"https:\/\/uniformeplus.tn\/index.php\/product-category\/vetement-de-travail\/pantalons-de-travail-industrie-mecanique\/"},{"@type":"ListItem","position":5,"name":"PANTALON DE TRAVAIL CLASSIC NOIR"}]},{"@type":"WebSite","@id":"https:\/\/uniformeplus.tn\/#website","url":"https:\/\/uniformeplus.tn\/","name":"uniformeplus","description":"v\u00eatement de travail Tunisie","publisher":{"@id":"https:\/\/uniformeplus.tn\/#organization"},"alternateName":"tenue de travail en tunisie","potentialAction":[{"@type":"SearchAction","target":{"@type":"EntryPoint","urlTemplate":"https:\/\/uniformeplus.tn\/?s={search_term_string}"},"query-input":{"@type":"PropertyValueSpecification","valueRequired":true,"valueName":"search_term_string"}}],"inLanguage":"fr-FR"},{"@type":"Organization","@id":"https:\/\/uniformeplus.tn\/#organization","name":"tenue de travail","url":"https:\/\/uniformeplus.tn\/","logo":{"@type":"ImageObject","inLanguage":"fr-FR","@id":"https:\/\/uniformeplus.tn\/#\/schema\/logo\/image\/","url":"https:\/\/uniformeplus.tn\/wp-content\/uploads\/2021\/01\/logo.png","contentUrl":"https:\/\/uniformeplus.tn\/wp-content\/uploads\/2021\/01\/logo.png","width":112,"height":112,"caption":"tenue de travail"},"image":{"@id":"https:\/\/uniformeplus.tn\/#\/schema\/logo\/image\/"},"sameAs":["https:\/\/www.facebook.com\/uniforconfection.uniformeplus"],"hasMerchantReturnPolicy":{"@type":"MerchantReturnPolicy","merchantReturnLink":"https:\/\/uniformeplus.tn\/index.php\/politique-de-retour\/"}}]},"product_price_amount":"40.000","product_price_currency":"TND","og_availability":"instock","product_availability":"instock","product_retailer_item_id":"PTCN001","product_condition":"new"},"_links":{"self":[{"href":"https:\/\/uniformeplus.tn\/index.php\/wp-json\/wp\/v2\/product\/16205","targetHints":{"allow":["GET"]}}],"collection":[{"href":"https:\/\/uniformeplus.tn\/index.php\/wp-json\/wp\/v2\/product"}],"about":[{"href":"https:\/\/uniformeplus.tn\/index.php\/wp-json\/wp\/v2\/types\/product"}],"replies":[{"embeddable":true,"href":"https:\/\/uniformeplus.tn\/index.php\/wp-json\/wp\/v2\/comments?post=16205"}],"wp:featuredmedia":[{"embeddable":true,"href":"https:\/\/uniformeplus.tn\/index.php\/wp-json\/wp\/v2\/media\/16206"}],"wp:attachment":[{"href":"https:\/\/uniformeplus.tn\/index.php\/wp-json\/wp\/v2\/media?parent=16205"}],"wp:term":[{"taxonomy":"product_brand","embeddable":true,"href":"https:\/\/uniformeplus.tn\/index.php\/wp-json\/wp\/v2\/product_brand?post=16205"},{"taxonomy":"product_cat","embeddable":true,"href":"https:\/\/uniformeplus.tn\/index.php\/wp-json\/wp\/v2\/product_cat?post=16205"},{"taxonomy":"product_tag","embeddable":true,"href":"https:\/\/uniformeplus.tn\/index.php\/wp-json\/wp\/v2\/product_tag?post=16205"}],"curies":[{"name":"wp","href":"https:\/\/api.w.org\/{rel}","templated":true}]}}