{"id":16223,"date":"2021-02-06T10:36:19","date_gmt":"2021-02-06T09:36:19","guid":{"rendered":"http:\/\/www.uniformeplus.tn\/?post_type=product&#038;p=16223"},"modified":"2025-05-23T10:45:05","modified_gmt":"2025-05-23T08:45:05","slug":"combinaison-de-travail-classic","status":"publish","type":"product","link":"https:\/\/uniformeplus.tn\/index.php\/product\/combinaison-de-travail-classic\/","title":{"rendered":"Combinaison de travail classic"},"content":{"rendered":"<p>&#8211; 2 poches poitrine \u00e0 rabat ferm\u00e9 par velcro<\/p>\n<p>&#8211; 2 poches italiennes<\/p>\n<p>&#8211; 2 passe-mains ferm\u00e9s par velcro<\/p>\n<p>&#8211; 1 poche cuisse soufflets \u00e0 rabat, ferm\u00e9 par velcro, avec surpoche smartphone<\/p>\n<p>&#8211; 1 double poche m\u00e8tre<\/p>\n<p>&#8211; 1 poche revolver<\/p>\n<p>&#8211; Pr\u00e9sence de poches mousses genoux ferm\u00e9e par velcro<\/p>\n<p>&nbsp;<\/p>\n<p>Tissu : 65% Coton, 35% Polyester, 300g<\/p>\n<p>Entrejambe : 82 cm<\/p>\n<p>&nbsp;<\/p>\n<h3 class=\"page-product-heading\">FICHE TECHNIQUE<\/h3>\n<table class=\"table-data-sheet\">\n<tbody>\n<tr class=\"odd\">\n<td>Forme<\/td>\n<td>Combinaison de Travail<\/td>\n<\/tr>\n<tr class=\"even\">\n<td>Caract\u00e9ristiques<\/td>\n<td>Avec Poches Genoux, Poche M\u00e8tre, Poche T\u00e9l\u00e9phone, Sans M\u00e9tal<\/td>\n<\/tr>\n<tr class=\"odd\">\n<td>Genre<\/td>\n<td>Mixte<\/td>\n<\/tr>\n<tr class=\"even\">\n<td>Secteur<\/td>\n<td>Artisanat \/ BTP, Industrie, Maintenance, M\u00e9canicien<\/td>\n<\/tr>\n<tr class=\"odd\">\n<td>Composition<\/td>\n<td>Majoritaire Coton<\/td>\n<\/tr>\n<tr class=\"even\">\n<td>Grammage<\/td>\n<td>300 g\/m\u00b2<\/td>\n<\/tr>\n<tr class=\"odd\">\n<td>Collection<\/td>\n<td>uniforme classi<\/td>\n<\/tr>\n<tr class=\"even\">\n<td>Tailles<\/td>\n<td>0 \/ M \u00e0 6 \/ XXXL<\/td>\n<\/tr>\n<tr class=\"odd\">\n<td>Coloris<\/td>\n<td>tous les couleur<\/td>\n<\/tr>\n<tr class=\"even\">\n<td>Lavage<\/td>\n<td>60\u00b0<\/td>\n<\/tr>\n<tr class=\"odd\">\n<td>Chlorage<\/td>\n<td>Non<\/td>\n<\/tr>\n<tr class=\"even\">\n<td>Repassage<\/td>\n<td>Repassage moyen (150\u00b0)<\/td>\n<\/tr>\n<tr class=\"odd\">\n<td>S\u00e9chage<\/td>\n<td>Choisissez le programme d\u00e9licat du s\u00e8che-linge.<\/td>\n<\/tr>\n<tr class=\"even\">\n<td>Nettoyage \u00e0 Sec<\/td>\n<td>Le v\u00eatement peut \u00eatre lav\u00e9 avec du perchloro\u00e9thyl\u00e8ne, des hydrocarbures et des solutions R113 et R11.<\/td>\n<\/tr>\n<tr class=\"odd\">\n<td>Entretien Industriel<\/td>\n<td>Non<\/td>\n<\/tr>\n<tr class=\"even\">\n<td>Entrejambe<\/td>\n<td>82 cm<\/td>\n<\/tr>\n<tr class=\"odd\">\n<td>Fermeture<\/td>\n<td>Fermeture \u00e0 glissi\u00e8re simple<\/td>\n<\/tr>\n<tr class=\"even\">\n<td>Fabricant<\/td>\n<td>UNIFORMEPLUS<\/td>\n<\/tr>\n<\/tbody>\n<\/table>\n","protected":false},"excerpt":{"rendered":"<p><strong>R\u00e9f\u00e9rence : CTC001<\/strong><\/p>\n<p>Un v\u00eatement de travail solide qui r\u00e9sistent \u00e0 l&#8217;abrasion et aux d\u00e9chirures. En effet, cette combinaison compos\u00e9 en tissu coton\/polyester 300g prot\u00e9ge son porteur des risques m\u00e9caniques superficiels. Con\u00e7u pour supporter une utilisation soutenue, la combinaison CTC001 est un alli\u00e9 de choix pour les professionnels de l&#8217;industrie l\u00e9g\u00e8re et de la m\u00e9canique.<\/p>\n","protected":false},"featured_media":16224,"comment_status":"open","ping_status":"closed","template":"","meta":{"_acf_changed":false},"product_brand":[],"product_cat":[264,280,247,304,287,279,235,278,288,303,237,286,277,227],"product_tag":[],"class_list":{"0":"post-16223","1":"product","2":"type-product","3":"status-publish","4":"has-post-thumbnail","6":"product_cat-btp-et-chantiers","7":"product_cat-carrossier","8":"product_cat-combinaisons","9":"product_cat-construction-industrielle","10":"product_cat-electricien","11":"product_cat-garagiste","12":"product_cat-industrie","13":"product_cat-mecanicien","14":"product_cat-plombier","15":"product_cat-service-maintenance","16":"product_cat-technicien-operateur-maintenance","17":"product_cat-tenues-pour-installateurs","18":"product_cat-tenues-pour-lautomobile","19":"product_cat-vetement-de-travail","21":"first","22":"instock","23":"taxable","24":"shipping-taxable","25":"purchasable","26":"product-type-simple"},"acf":[],"yoast_head":"<!-- This site is optimized with the Yoast SEO Premium plugin v26.3 (Yoast SEO v26.3) - https:\/\/yoast.com\/wordpress\/plugins\/seo\/ -->\n<title>Combinaison de travail classic<\/title>\n<meta name=\"description\" content=\"R\u00e9f\u00e9rence : CTC001  Un v\u00eatement de travail solide qui r\u00e9sistent \u00e0 l&#039;abrasion et aux d\u00e9chirures. En effet, cette combinaison compos\u00e9 en tissu coton\/polyester 300g prot\u00e9ge son porteur des risques m\u00e9caniques superficiels. Con\u00e7u pour supporter une utilisation soutenue, la combinaison CTC001 est un alli\u00e9 de choix pour les professionnels de l&#039;industrie l\u00e9g\u00e8re et de la m\u00e9canique.\" \/>\n<meta name=\"robots\" content=\"index, follow, max-snippet:-1, max-image-preview:large, max-video-preview:-1\" \/>\n<link rel=\"canonical\" href=\"https:\/\/uniformeplus.tn\/index.php\/product\/combinaison-de-travail-classic\/\" \/>\n<meta property=\"og:locale\" content=\"fr_FR\" \/>\n<meta property=\"og:type\" content=\"article\" \/>\n<meta property=\"og:title\" content=\"Combinaison de travail classic\" \/>\n<meta property=\"og:description\" content=\"R\u00e9f\u00e9rence : CTC001  Un v\u00eatement de travail solide qui r\u00e9sistent \u00e0 l&#039;abrasion et aux d\u00e9chirures. En effet, cette combinaison compos\u00e9 en tissu coton\/polyester 300g prot\u00e9ge son porteur des risques m\u00e9caniques superficiels. Con\u00e7u pour supporter une utilisation soutenue, la combinaison CTC001 est un alli\u00e9 de choix pour les professionnels de l&#039;industrie l\u00e9g\u00e8re et de la m\u00e9canique.\" \/>\n<meta property=\"og:url\" content=\"https:\/\/uniformeplus.tn\/index.php\/product\/combinaison-de-travail-classic\/\" \/>\n<meta property=\"og:site_name\" content=\"uniformeplus - V\u00eatements de travail\" \/>\n<meta property=\"article:publisher\" content=\"https:\/\/www.facebook.com\/uniforconfection.uniformeplus\" \/>\n<meta property=\"article:modified_time\" content=\"2025-05-23T08:45:05+00:00\" \/>\n<meta property=\"og:image\" content=\"https:\/\/uniformeplus.tn\/wp-content\/uploads\/2021\/02\/lafont-5mim82cp-onyx.jpg\" \/>\n\t<meta property=\"og:image:width\" content=\"1000\" \/>\n\t<meta property=\"og:image:height\" content=\"1000\" \/>\n\t<meta property=\"og:image:type\" content=\"image\/jpeg\" \/>\n<meta name=\"twitter:card\" content=\"summary_large_image\" \/>\n<meta name=\"twitter:label1\" content=\"Prix\" \/>\n\t<meta name=\"twitter:data1\" content=\"65.000&#x62f;.&#x62a;\" \/>\n\t<meta name=\"twitter:label2\" content=\"Disponibilit\u00e9\" \/>\n\t<meta name=\"twitter:data2\" content=\"En stock\" \/>\n<script type=\"application\/ld+json\" class=\"yoast-schema-graph\">{\"@context\":\"https:\/\/schema.org\",\"@graph\":[{\"@type\":\"WebPage\",\"@id\":\"https:\/\/uniformeplus.tn\/index.php\/product\/combinaison-de-travail-classic\/\",\"url\":\"https:\/\/uniformeplus.tn\/index.php\/product\/combinaison-de-travail-classic\/\",\"name\":\"Combinaison de travail classic\",\"isPartOf\":{\"@id\":\"https:\/\/uniformeplus.tn\/#website\"},\"primaryImageOfPage\":{\"@id\":\"https:\/\/uniformeplus.tn\/index.php\/product\/combinaison-de-travail-classic\/#primaryimage\"},\"image\":{\"@id\":\"https:\/\/uniformeplus.tn\/index.php\/product\/combinaison-de-travail-classic\/#primaryimage\"},\"thumbnailUrl\":\"https:\/\/uniformeplus.tn\/wp-content\/uploads\/2021\/02\/lafont-5mim82cp-onyx.jpg\",\"datePublished\":\"2021-02-06T09:36:19+00:00\",\"dateModified\":\"2025-05-23T08:45:05+00:00\",\"description\":\"R\u00e9f\u00e9rence : CTC001 Un v\u00eatement de travail solide qui r\u00e9sistent \u00e0 l'abrasion et aux d\u00e9chirures. En effet, cette combinaison compos\u00e9 en tissu coton\/polyester 300g prot\u00e9ge son porteur des risques m\u00e9caniques superficiels. Con\u00e7u pour supporter une utilisation soutenue, la combinaison CTC001 est un alli\u00e9 de choix pour les professionnels de l'industrie l\u00e9g\u00e8re et de la m\u00e9canique.\",\"breadcrumb\":{\"@id\":\"https:\/\/uniformeplus.tn\/index.php\/product\/combinaison-de-travail-classic\/#breadcrumb\"},\"inLanguage\":\"fr-FR\",\"potentialAction\":[{\"@type\":\"ReadAction\",\"target\":[\"https:\/\/uniformeplus.tn\/index.php\/product\/combinaison-de-travail-classic\/\"]}]},{\"@type\":\"ImageObject\",\"inLanguage\":\"fr-FR\",\"@id\":\"https:\/\/uniformeplus.tn\/index.php\/product\/combinaison-de-travail-classic\/#primaryimage\",\"url\":\"https:\/\/uniformeplus.tn\/wp-content\/uploads\/2021\/02\/lafont-5mim82cp-onyx.jpg\",\"contentUrl\":\"https:\/\/uniformeplus.tn\/wp-content\/uploads\/2021\/02\/lafont-5mim82cp-onyx.jpg\",\"width\":1000,\"height\":1000,\"caption\":\"combinision classic\"},{\"@type\":\"BreadcrumbList\",\"@id\":\"https:\/\/uniformeplus.tn\/index.php\/product\/combinaison-de-travail-classic\/#breadcrumb\",\"itemListElement\":[{\"@type\":\"ListItem\",\"position\":1,\"name\":\"Accueil\",\"item\":\"https:\/\/uniformeplus.tn\/\"},{\"@type\":\"ListItem\",\"position\":2,\"name\":\"Shop\",\"item\":\"https:\/\/uniformeplus.tn\/index.php\/shop-2\/\"},{\"@type\":\"ListItem\",\"position\":3,\"name\":\"M\u00c9TIERS\",\"item\":\"https:\/\/uniformeplus.tn\/index.php\/product-category\/metiers\/\"},{\"@type\":\"ListItem\",\"position\":4,\"name\":\"TENUES POUR L'AUTOMOBILE\",\"item\":\"https:\/\/uniformeplus.tn\/index.php\/product-category\/metiers\/tenues-pour-lautomobile\/\"},{\"@type\":\"ListItem\",\"position\":5,\"name\":\"Carrossier\",\"item\":\"https:\/\/uniformeplus.tn\/index.php\/product-category\/metiers\/tenues-pour-lautomobile\/carrossier\/\"},{\"@type\":\"ListItem\",\"position\":6,\"name\":\"Combinaison de travail classic\"}]},{\"@type\":\"WebSite\",\"@id\":\"https:\/\/uniformeplus.tn\/#website\",\"url\":\"https:\/\/uniformeplus.tn\/\",\"name\":\"uniformeplus\",\"description\":\"v\u00eatement de travail Tunisie\",\"publisher\":{\"@id\":\"https:\/\/uniformeplus.tn\/#organization\"},\"alternateName\":\"tenue de travail en tunisie\",\"potentialAction\":[{\"@type\":\"SearchAction\",\"target\":{\"@type\":\"EntryPoint\",\"urlTemplate\":\"https:\/\/uniformeplus.tn\/?s={search_term_string}\"},\"query-input\":{\"@type\":\"PropertyValueSpecification\",\"valueRequired\":true,\"valueName\":\"search_term_string\"}}],\"inLanguage\":\"fr-FR\"},{\"@type\":\"Organization\",\"@id\":\"https:\/\/uniformeplus.tn\/#organization\",\"name\":\"tenue de travail\",\"url\":\"https:\/\/uniformeplus.tn\/\",\"logo\":{\"@type\":\"ImageObject\",\"inLanguage\":\"fr-FR\",\"@id\":\"https:\/\/uniformeplus.tn\/#\/schema\/logo\/image\/\",\"url\":\"https:\/\/uniformeplus.tn\/wp-content\/uploads\/2021\/01\/logo.png\",\"contentUrl\":\"https:\/\/uniformeplus.tn\/wp-content\/uploads\/2021\/01\/logo.png\",\"width\":112,\"height\":112,\"caption\":\"tenue de travail\"},\"image\":{\"@id\":\"https:\/\/uniformeplus.tn\/#\/schema\/logo\/image\/\"},\"sameAs\":[\"https:\/\/www.facebook.com\/uniforconfection.uniformeplus\"],\"hasMerchantReturnPolicy\":{\"@type\":\"MerchantReturnPolicy\",\"merchantReturnLink\":\"https:\/\/uniformeplus.tn\/index.php\/politique-de-retour\/\"}}]}<\/script>\n<meta property=\"product:price:amount\" content=\"65.000\" \/>\n<meta property=\"product:price:currency\" content=\"TND\" \/>\n<meta property=\"og:availability\" content=\"instock\" \/>\n<meta property=\"product:availability\" content=\"instock\" \/>\n<meta property=\"product:retailer_item_id\" content=\"CTC001\" \/>\n<meta property=\"product:condition\" content=\"new\" \/>\n<!-- \/ Yoast SEO Premium plugin. -->","yoast_head_json":{"title":"Combinaison de travail classic","description":"R\u00e9f\u00e9rence : CTC001  Un v\u00eatement de travail solide qui r\u00e9sistent \u00e0 l'abrasion et aux d\u00e9chirures. En effet, cette combinaison compos\u00e9 en tissu coton\/polyester 300g prot\u00e9ge son porteur des risques m\u00e9caniques superficiels. Con\u00e7u pour supporter une utilisation soutenue, la combinaison CTC001 est un alli\u00e9 de choix pour les professionnels de l'industrie l\u00e9g\u00e8re et de la m\u00e9canique.","robots":{"index":"index","follow":"follow","max-snippet":"max-snippet:-1","max-image-preview":"max-image-preview:large","max-video-preview":"max-video-preview:-1"},"canonical":"https:\/\/uniformeplus.tn\/index.php\/product\/combinaison-de-travail-classic\/","og_locale":"fr_FR","og_type":"article","og_title":"Combinaison de travail classic","og_description":"R\u00e9f\u00e9rence : CTC001  Un v\u00eatement de travail solide qui r\u00e9sistent \u00e0 l'abrasion et aux d\u00e9chirures. En effet, cette combinaison compos\u00e9 en tissu coton\/polyester 300g prot\u00e9ge son porteur des risques m\u00e9caniques superficiels. Con\u00e7u pour supporter une utilisation soutenue, la combinaison CTC001 est un alli\u00e9 de choix pour les professionnels de l'industrie l\u00e9g\u00e8re et de la m\u00e9canique.","og_url":"https:\/\/uniformeplus.tn\/index.php\/product\/combinaison-de-travail-classic\/","og_site_name":"uniformeplus - V\u00eatements de travail","article_publisher":"https:\/\/www.facebook.com\/uniforconfection.uniformeplus","article_modified_time":"2025-05-23T08:45:05+00:00","og_image":[{"width":1000,"height":1000,"url":"https:\/\/uniformeplus.tn\/wp-content\/uploads\/2021\/02\/lafont-5mim82cp-onyx.jpg","type":"image\/jpeg"}],"twitter_card":"summary_large_image","twitter_misc":{"Prix":"65.000&#x62f;.&#x62a;","Disponibilit\u00e9":"En stock"},"schema":{"@context":"https:\/\/schema.org","@graph":[{"@type":"WebPage","@id":"https:\/\/uniformeplus.tn\/index.php\/product\/combinaison-de-travail-classic\/","url":"https:\/\/uniformeplus.tn\/index.php\/product\/combinaison-de-travail-classic\/","name":"Combinaison de travail classic","isPartOf":{"@id":"https:\/\/uniformeplus.tn\/#website"},"primaryImageOfPage":{"@id":"https:\/\/uniformeplus.tn\/index.php\/product\/combinaison-de-travail-classic\/#primaryimage"},"image":{"@id":"https:\/\/uniformeplus.tn\/index.php\/product\/combinaison-de-travail-classic\/#primaryimage"},"thumbnailUrl":"https:\/\/uniformeplus.tn\/wp-content\/uploads\/2021\/02\/lafont-5mim82cp-onyx.jpg","datePublished":"2021-02-06T09:36:19+00:00","dateModified":"2025-05-23T08:45:05+00:00","description":"R\u00e9f\u00e9rence : CTC001 Un v\u00eatement de travail solide qui r\u00e9sistent \u00e0 l'abrasion et aux d\u00e9chirures. En effet, cette combinaison compos\u00e9 en tissu coton\/polyester 300g prot\u00e9ge son porteur des risques m\u00e9caniques superficiels. Con\u00e7u pour supporter une utilisation soutenue, la combinaison CTC001 est un alli\u00e9 de choix pour les professionnels de l'industrie l\u00e9g\u00e8re et de la m\u00e9canique.","breadcrumb":{"@id":"https:\/\/uniformeplus.tn\/index.php\/product\/combinaison-de-travail-classic\/#breadcrumb"},"inLanguage":"fr-FR","potentialAction":[{"@type":"ReadAction","target":["https:\/\/uniformeplus.tn\/index.php\/product\/combinaison-de-travail-classic\/"]}]},{"@type":"ImageObject","inLanguage":"fr-FR","@id":"https:\/\/uniformeplus.tn\/index.php\/product\/combinaison-de-travail-classic\/#primaryimage","url":"https:\/\/uniformeplus.tn\/wp-content\/uploads\/2021\/02\/lafont-5mim82cp-onyx.jpg","contentUrl":"https:\/\/uniformeplus.tn\/wp-content\/uploads\/2021\/02\/lafont-5mim82cp-onyx.jpg","width":1000,"height":1000,"caption":"combinision classic"},{"@type":"BreadcrumbList","@id":"https:\/\/uniformeplus.tn\/index.php\/product\/combinaison-de-travail-classic\/#breadcrumb","itemListElement":[{"@type":"ListItem","position":1,"name":"Accueil","item":"https:\/\/uniformeplus.tn\/"},{"@type":"ListItem","position":2,"name":"Shop","item":"https:\/\/uniformeplus.tn\/index.php\/shop-2\/"},{"@type":"ListItem","position":3,"name":"M\u00c9TIERS","item":"https:\/\/uniformeplus.tn\/index.php\/product-category\/metiers\/"},{"@type":"ListItem","position":4,"name":"TENUES POUR L'AUTOMOBILE","item":"https:\/\/uniformeplus.tn\/index.php\/product-category\/metiers\/tenues-pour-lautomobile\/"},{"@type":"ListItem","position":5,"name":"Carrossier","item":"https:\/\/uniformeplus.tn\/index.php\/product-category\/metiers\/tenues-pour-lautomobile\/carrossier\/"},{"@type":"ListItem","position":6,"name":"Combinaison de travail classic"}]},{"@type":"WebSite","@id":"https:\/\/uniformeplus.tn\/#website","url":"https:\/\/uniformeplus.tn\/","name":"uniformeplus","description":"v\u00eatement de travail Tunisie","publisher":{"@id":"https:\/\/uniformeplus.tn\/#organization"},"alternateName":"tenue de travail en tunisie","potentialAction":[{"@type":"SearchAction","target":{"@type":"EntryPoint","urlTemplate":"https:\/\/uniformeplus.tn\/?s={search_term_string}"},"query-input":{"@type":"PropertyValueSpecification","valueRequired":true,"valueName":"search_term_string"}}],"inLanguage":"fr-FR"},{"@type":"Organization","@id":"https:\/\/uniformeplus.tn\/#organization","name":"tenue de travail","url":"https:\/\/uniformeplus.tn\/","logo":{"@type":"ImageObject","inLanguage":"fr-FR","@id":"https:\/\/uniformeplus.tn\/#\/schema\/logo\/image\/","url":"https:\/\/uniformeplus.tn\/wp-content\/uploads\/2021\/01\/logo.png","contentUrl":"https:\/\/uniformeplus.tn\/wp-content\/uploads\/2021\/01\/logo.png","width":112,"height":112,"caption":"tenue de travail"},"image":{"@id":"https:\/\/uniformeplus.tn\/#\/schema\/logo\/image\/"},"sameAs":["https:\/\/www.facebook.com\/uniforconfection.uniformeplus"],"hasMerchantReturnPolicy":{"@type":"MerchantReturnPolicy","merchantReturnLink":"https:\/\/uniformeplus.tn\/index.php\/politique-de-retour\/"}}]},"product_price_amount":"65.000","product_price_currency":"TND","og_availability":"instock","product_availability":"instock","product_retailer_item_id":"CTC001","product_condition":"new"},"_links":{"self":[{"href":"https:\/\/uniformeplus.tn\/index.php\/wp-json\/wp\/v2\/product\/16223","targetHints":{"allow":["GET"]}}],"collection":[{"href":"https:\/\/uniformeplus.tn\/index.php\/wp-json\/wp\/v2\/product"}],"about":[{"href":"https:\/\/uniformeplus.tn\/index.php\/wp-json\/wp\/v2\/types\/product"}],"replies":[{"embeddable":true,"href":"https:\/\/uniformeplus.tn\/index.php\/wp-json\/wp\/v2\/comments?post=16223"}],"wp:featuredmedia":[{"embeddable":true,"href":"https:\/\/uniformeplus.tn\/index.php\/wp-json\/wp\/v2\/media\/16224"}],"wp:attachment":[{"href":"https:\/\/uniformeplus.tn\/index.php\/wp-json\/wp\/v2\/media?parent=16223"}],"wp:term":[{"taxonomy":"product_brand","embeddable":true,"href":"https:\/\/uniformeplus.tn\/index.php\/wp-json\/wp\/v2\/product_brand?post=16223"},{"taxonomy":"product_cat","embeddable":true,"href":"https:\/\/uniformeplus.tn\/index.php\/wp-json\/wp\/v2\/product_cat?post=16223"},{"taxonomy":"product_tag","embeddable":true,"href":"https:\/\/uniformeplus.tn\/index.php\/wp-json\/wp\/v2\/product_tag?post=16223"}],"curies":[{"name":"wp","href":"https:\/\/api.w.org\/{rel}","templated":true}]}}