{"id":16233,"date":"2021-02-06T12:43:48","date_gmt":"2021-02-06T11:43:48","guid":{"rendered":"http:\/\/www.uniformeplus.tn\/?post_type=product&#038;p=16233"},"modified":"2025-05-23T10:47:15","modified_gmt":"2025-05-23T08:47:15","slug":"pantalon-haute-visibilite-bicolore","status":"publish","type":"product","link":"https:\/\/uniformeplus.tn\/index.php\/product\/pantalon-haute-visibilite-bicolore\/","title":{"rendered":"Pantalon haute visibilit\u00e9 Bicolore"},"content":{"rendered":"<p>Vous avez besoin d\u2019un pantalon haute visibilit\u00e9 orange, jaune ou encore rouge pour travailler sur vos chantiers\u00a0? Optez pour ce\u00a0<strong><a href=\"http:\/\/www.uniformeplus.tn\/index.php\/product\/pantalon-haute-visibilite-bicolore\/\">pantalon de travail<\/a> EN 20471<\/strong>\u00a0propos\u00e9 dans un large choix de coloris.<\/p>\n<p>Ergonomique et fonctionnel, il est dot\u00e9 d\u2019une ceinture \u00e9lastiqu\u00e9e sur les c\u00f4t\u00e9s et d\u2019un entrejambe ajustable en longueur gr\u00e2ce \u00e0 un ourlet int\u00e9gr\u00e9 de 5 cm. Le\u00a0<strong>pantalon Fluo Base 2<\/strong>\u00a0est muni de deux poches italiennes, d\u2019une poche arri\u00e8re plaqu\u00e9e, de deux poches cuisses \u00e0 soufflets et d\u2019une poche m\u00e8tre.<\/p>\n<p><strong><u>Caract\u00e9ristiques<\/u><\/strong>\u00a0:<\/p>\n<ul>\n<li>Pantalon haute visibilit\u00e9<\/li>\n<li>Ceinture \u00e9lastiqu\u00e9e c\u00f4t\u00e9<\/li>\n<li>Fermeture \u00e0 glissi\u00e8re + bouton<\/li>\n<li>Bandes r\u00e9tro-r\u00e9fl\u00e9chissantes 70 mm<\/li>\n<li>Deux poches italiennes<\/li>\n<li>Deux poches cuisses \u00e0 soufflets sous rabat \u00e0 grippers<\/li>\n<li>Poche m\u00e8tre<\/li>\n<li>Poche dos plaqu\u00e9e<\/li>\n<\/ul>\n<p><strong><u>Tissu<\/u>\u00a0:<\/strong><\/p>\n<ul>\n<li>Tissu fluorescent\u00a0: satin 80% polyester 20% coton 270 gr\/m\u00b2<\/li>\n<li>Tissu de couleur\u00a0: serg\u00e9 65% coton 35% polyester 300 gr\/m\u00b2<\/li>\n<\/ul>\n<p><strong><u>Couleurs<\/u>\u00a0<\/strong>:<\/p>\n<ul>\n<li>Jaune Hivi \/ Bleu Bugatti<\/li>\n<li>Jaune Hivi \/ Vert<\/li>\n<li>Jaune Hivi \/ Bleu Marine<\/li>\n<li>Jaune Hivi \/ Gris Acier<\/li>\n<li>Jaune Hivi \/ Bleu Azur<\/li>\n<li>Orange Hivi \/ Bleu Bugatti<\/li>\n<li>Orange Hivi \/ Bleu Marine<\/li>\n<li>Orange Hivi \/ Gris Charbon<\/li>\n<li>Rouge Hivi \/ Bleu Fonc\u00e9<\/li>\n<li>Rouge Hivi \/ Gris Charbon<\/li>\n<\/ul>\n<h3 class=\"page-product-heading\">CHE TECHNIQUE<\/h3>\n<table class=\"table-data-sheet\">\n<tbody>\n<tr class=\"odd\">\n<td>Forme<\/td>\n<td>Pantalon de Travail<\/td>\n<\/tr>\n<tr class=\"even\">\n<td>Caract\u00e9ristiques<\/td>\n<td>Haute-Visibilit\u00e9, Poche cuisse, Poche M\u00e8tre<\/td>\n<\/tr>\n<tr class=\"odd\">\n<td>Genre<\/td>\n<td>Mixte<\/td>\n<\/tr>\n<tr class=\"even\">\n<td>Secteur<\/td>\n<td>Environnements Norm\u00e9s, Artisanat \/ BTP, For\u00eat \/ Jardin \/ Agriculture, Logistique \/ Transport, Industrie<\/td>\n<\/tr>\n<tr class=\"odd\">\n<td>Composition<\/td>\n<td>80% Polyester \/ 20% Coton<\/td>\n<\/tr>\n<tr class=\"even\">\n<td>Grammage<\/td>\n<td>270 g\/m\u00b2<\/td>\n<\/tr>\n<tr class=\"odd\">\n<td>Collection<\/td>\n<td>Fluo Base 2 CEPOVETT<\/td>\n<\/tr>\n<tr class=\"even\">\n<td>Tailles<\/td>\n<td>0 \/ 36-38 \u00e0 6 \/ 60-62<\/td>\n<\/tr>\n<tr class=\"odd\">\n<td>Coloris<\/td>\n<td>Jaune, Orange, Rouge<\/td>\n<\/tr>\n<tr class=\"even\">\n<td>Lavage<\/td>\n<td>60\u00b0<\/td>\n<\/tr>\n<tr class=\"odd\">\n<td>Chlorage<\/td>\n<td>Non<\/td>\n<\/tr>\n<tr class=\"even\">\n<td>Entrejambe<\/td>\n<td>80 cm + ourlet de 5 cm permettant de rallonger le pantalon facilement jusqu\u2019\u00e0 une longueur maximale de 85 cm.<\/td>\n<\/tr>\n<tr class=\"odd\">\n<td>Fermeture<\/td>\n<td>Fermeture \u00e0 glissi\u00e8re + Bouton<\/td>\n<\/tr>\n<tr class=\"even\">\n<td>Fabricant<\/td>\n<td>UNIFORMEPLUS<\/td>\n<\/tr>\n<tr class=\"odd\">\n<td>Classe Haute Visibilit\u00e9<\/td>\n<td>Classe 2<\/td>\n<\/tr>\n<tr class=\"even\">\n<td>Fiche Produit<\/td>\n<td><u><b><a href=\"https:\/\/drive.google.com\/file\/d\/1n-iuKKT3dwMBF0mc38pim-5w4ppQjdT2\/view?usp=sharing\">Fiche Produit Pantalon haute visibilit\u00e9\u00a0<\/a><\/b><\/u><\/td>\n<\/tr>\n<\/tbody>\n<\/table>\n","protected":false},"excerpt":{"rendered":"<p><strong>R\u00e9f\u00e9rence : PNHVB001<\/strong><\/p>\n<p>Un pantalon de travail conforme \u00e0 la\u00a0<strong>norme EN 20471 Classe 2<\/strong>. Il est poss\u00e8de plusieurs poches pratiques. Nombreux coloris au choix.<\/p>\n","protected":false},"featured_media":16234,"comment_status":"open","ping_status":"closed","template":"","meta":{"_acf_changed":false},"product_brand":[],"product_cat":[249,274,264,295,292,296,281,331,235,275,294,334,277,293,268,227,272,291],"product_tag":[],"class_list":{"0":"post-16233","1":"product","2":"type-product","3":"status-publish","4":"has-post-thumbnail","6":"product_cat-pantalons-de-travail-industrie-mecanique","7":"product_cat-agriculteur","8":"product_cat-btp-et-chantiers","9":"product_cat-cariste","10":"product_cat-chauffeur-livreur","11":"product_cat-demenageur","12":"product_cat-depanneur","13":"product_cat-haute-visibilite","14":"product_cat-industrie","15":"product_cat-jardinier","16":"product_cat-manutentionnaire","17":"product_cat-pantalons-haute-visibilite","18":"product_cat-tenues-pour-lautomobile","19":"product_cat-transporteur","20":"product_cat-travaux-publics","21":"product_cat-vetement-de-travail","22":"product_cat-vetements-pour-espace-vert","23":"product_cat-vetements-pour-la-logistique-et-le-transport","25":"first","26":"instock","27":"taxable","28":"shipping-taxable","29":"purchasable","30":"product-type-simple"},"acf":[],"yoast_head":"<!-- This site is optimized with the Yoast SEO Premium plugin v26.3 (Yoast SEO v26.3) - https:\/\/yoast.com\/wordpress\/plugins\/seo\/ -->\n<title>Pantalon haute visibilit\u00e9 Bicolore<\/title>\n<meta name=\"description\" content=\"R\u00e9f\u00e9rence : PNHVB001  Un pantalon de travail conforme \u00e0 la\u00a0norme EN 20471 Classe 2. Il est poss\u00e8de plusieurs poches pratiques. Nombreux coloris au choix.\" \/>\n<meta name=\"robots\" content=\"index, follow, max-snippet:-1, max-image-preview:large, max-video-preview:-1\" \/>\n<link rel=\"canonical\" href=\"https:\/\/uniformeplus.tn\/index.php\/product\/pantalon-haute-visibilite-bicolore\/\" \/>\n<meta property=\"og:locale\" content=\"fr_FR\" \/>\n<meta property=\"og:type\" content=\"article\" \/>\n<meta property=\"og:title\" content=\"Pantalon haute visibilit\u00e9 Bicolore\" \/>\n<meta property=\"og:description\" content=\"R\u00e9f\u00e9rence : PNHVB001  Un pantalon de travail conforme \u00e0 la\u00a0norme EN 20471 Classe 2. Il est poss\u00e8de plusieurs poches pratiques. Nombreux coloris au choix.\" \/>\n<meta property=\"og:url\" content=\"https:\/\/uniformeplus.tn\/index.php\/product\/pantalon-haute-visibilite-bicolore\/\" \/>\n<meta property=\"og:site_name\" content=\"uniformeplus - V\u00eatements de travail\" \/>\n<meta property=\"article:publisher\" content=\"https:\/\/www.facebook.com\/uniforconfection.uniformeplus\" \/>\n<meta property=\"article:modified_time\" content=\"2025-05-23T08:47:15+00:00\" \/>\n<meta property=\"og:image\" content=\"https:\/\/uniformeplus.tn\/wp-content\/uploads\/2021\/02\/stock-photo-233009507-1.jpg\" \/>\n\t<meta property=\"og:image:width\" content=\"800\" \/>\n\t<meta property=\"og:image:height\" content=\"800\" \/>\n\t<meta property=\"og:image:type\" content=\"image\/jpeg\" \/>\n<meta name=\"twitter:card\" content=\"summary_large_image\" \/>\n<meta name=\"twitter:label1\" content=\"Prix\" \/>\n\t<meta name=\"twitter:data1\" content=\"50.000&#x62f;.&#x62a;\" \/>\n\t<meta name=\"twitter:label2\" content=\"Disponibilit\u00e9\" \/>\n\t<meta name=\"twitter:data2\" content=\"En stock\" \/>\n<script type=\"application\/ld+json\" class=\"yoast-schema-graph\">{\"@context\":\"https:\/\/schema.org\",\"@graph\":[{\"@type\":\"WebPage\",\"@id\":\"https:\/\/uniformeplus.tn\/index.php\/product\/pantalon-haute-visibilite-bicolore\/\",\"url\":\"https:\/\/uniformeplus.tn\/index.php\/product\/pantalon-haute-visibilite-bicolore\/\",\"name\":\"Pantalon haute visibilit\u00e9 Bicolore\",\"isPartOf\":{\"@id\":\"https:\/\/uniformeplus.tn\/#website\"},\"primaryImageOfPage\":{\"@id\":\"https:\/\/uniformeplus.tn\/index.php\/product\/pantalon-haute-visibilite-bicolore\/#primaryimage\"},\"image\":{\"@id\":\"https:\/\/uniformeplus.tn\/index.php\/product\/pantalon-haute-visibilite-bicolore\/#primaryimage\"},\"thumbnailUrl\":\"https:\/\/uniformeplus.tn\/wp-content\/uploads\/2021\/02\/stock-photo-233009507-1.jpg\",\"datePublished\":\"2021-02-06T11:43:48+00:00\",\"dateModified\":\"2025-05-23T08:47:15+00:00\",\"description\":\"R\u00e9f\u00e9rence : PNHVB001 Un pantalon de travail conforme \u00e0 la\u00a0norme EN 20471 Classe 2. Il est poss\u00e8de plusieurs poches pratiques. Nombreux coloris au choix.\",\"breadcrumb\":{\"@id\":\"https:\/\/uniformeplus.tn\/index.php\/product\/pantalon-haute-visibilite-bicolore\/#breadcrumb\"},\"inLanguage\":\"fr-FR\",\"potentialAction\":[{\"@type\":\"ReadAction\",\"target\":[\"https:\/\/uniformeplus.tn\/index.php\/product\/pantalon-haute-visibilite-bicolore\/\"]}]},{\"@type\":\"ImageObject\",\"inLanguage\":\"fr-FR\",\"@id\":\"https:\/\/uniformeplus.tn\/index.php\/product\/pantalon-haute-visibilite-bicolore\/#primaryimage\",\"url\":\"https:\/\/uniformeplus.tn\/wp-content\/uploads\/2021\/02\/stock-photo-233009507-1.jpg\",\"contentUrl\":\"https:\/\/uniformeplus.tn\/wp-content\/uploads\/2021\/02\/stock-photo-233009507-1.jpg\",\"width\":800,\"height\":800,\"caption\":\"Pantalon haute visibilit\u00e9\"},{\"@type\":\"BreadcrumbList\",\"@id\":\"https:\/\/uniformeplus.tn\/index.php\/product\/pantalon-haute-visibilite-bicolore\/#breadcrumb\",\"itemListElement\":[{\"@type\":\"ListItem\",\"position\":1,\"name\":\"Accueil\",\"item\":\"https:\/\/uniformeplus.tn\/\"},{\"@type\":\"ListItem\",\"position\":2,\"name\":\"Shop\",\"item\":\"https:\/\/uniformeplus.tn\/index.php\/shop-2\/\"},{\"@type\":\"ListItem\",\"position\":3,\"name\":\"M\u00c9TIERS\",\"item\":\"https:\/\/uniformeplus.tn\/index.php\/product-category\/metiers\/\"},{\"@type\":\"ListItem\",\"position\":4,\"name\":\"V\u00caTEMENTS POUR ESPACE VERT\",\"item\":\"https:\/\/uniformeplus.tn\/index.php\/product-category\/metiers\/vetements-pour-espace-vert\/\"},{\"@type\":\"ListItem\",\"position\":5,\"name\":\"Agriculteur\",\"item\":\"https:\/\/uniformeplus.tn\/index.php\/product-category\/metiers\/vetements-pour-espace-vert\/agriculteur\/\"},{\"@type\":\"ListItem\",\"position\":6,\"name\":\"Pantalon haute visibilit\u00e9 Bicolore\"}]},{\"@type\":\"WebSite\",\"@id\":\"https:\/\/uniformeplus.tn\/#website\",\"url\":\"https:\/\/uniformeplus.tn\/\",\"name\":\"uniformeplus\",\"description\":\"v\u00eatement de travail Tunisie\",\"publisher\":{\"@id\":\"https:\/\/uniformeplus.tn\/#organization\"},\"alternateName\":\"tenue de travail en tunisie\",\"potentialAction\":[{\"@type\":\"SearchAction\",\"target\":{\"@type\":\"EntryPoint\",\"urlTemplate\":\"https:\/\/uniformeplus.tn\/?s={search_term_string}\"},\"query-input\":{\"@type\":\"PropertyValueSpecification\",\"valueRequired\":true,\"valueName\":\"search_term_string\"}}],\"inLanguage\":\"fr-FR\"},{\"@type\":\"Organization\",\"@id\":\"https:\/\/uniformeplus.tn\/#organization\",\"name\":\"tenue de travail\",\"url\":\"https:\/\/uniformeplus.tn\/\",\"logo\":{\"@type\":\"ImageObject\",\"inLanguage\":\"fr-FR\",\"@id\":\"https:\/\/uniformeplus.tn\/#\/schema\/logo\/image\/\",\"url\":\"https:\/\/uniformeplus.tn\/wp-content\/uploads\/2021\/01\/logo.png\",\"contentUrl\":\"https:\/\/uniformeplus.tn\/wp-content\/uploads\/2021\/01\/logo.png\",\"width\":112,\"height\":112,\"caption\":\"tenue de travail\"},\"image\":{\"@id\":\"https:\/\/uniformeplus.tn\/#\/schema\/logo\/image\/\"},\"sameAs\":[\"https:\/\/www.facebook.com\/uniforconfection.uniformeplus\"],\"hasMerchantReturnPolicy\":{\"@type\":\"MerchantReturnPolicy\",\"merchantReturnLink\":\"https:\/\/uniformeplus.tn\/index.php\/politique-de-retour\/\"}}]}<\/script>\n<meta property=\"product:price:amount\" content=\"50.000\" \/>\n<meta property=\"product:price:currency\" content=\"TND\" \/>\n<meta property=\"og:availability\" content=\"instock\" \/>\n<meta property=\"product:availability\" content=\"instock\" \/>\n<meta property=\"product:retailer_item_id\" content=\"PNHVB001\" \/>\n<meta property=\"product:condition\" content=\"new\" \/>\n<!-- \/ Yoast SEO Premium plugin. -->","yoast_head_json":{"title":"Pantalon haute visibilit\u00e9 Bicolore","description":"R\u00e9f\u00e9rence : PNHVB001  Un pantalon de travail conforme \u00e0 la\u00a0norme EN 20471 Classe 2. Il est poss\u00e8de plusieurs poches pratiques. Nombreux coloris au choix.","robots":{"index":"index","follow":"follow","max-snippet":"max-snippet:-1","max-image-preview":"max-image-preview:large","max-video-preview":"max-video-preview:-1"},"canonical":"https:\/\/uniformeplus.tn\/index.php\/product\/pantalon-haute-visibilite-bicolore\/","og_locale":"fr_FR","og_type":"article","og_title":"Pantalon haute visibilit\u00e9 Bicolore","og_description":"R\u00e9f\u00e9rence : PNHVB001  Un pantalon de travail conforme \u00e0 la\u00a0norme EN 20471 Classe 2. Il est poss\u00e8de plusieurs poches pratiques. Nombreux coloris au choix.","og_url":"https:\/\/uniformeplus.tn\/index.php\/product\/pantalon-haute-visibilite-bicolore\/","og_site_name":"uniformeplus - V\u00eatements de travail","article_publisher":"https:\/\/www.facebook.com\/uniforconfection.uniformeplus","article_modified_time":"2025-05-23T08:47:15+00:00","og_image":[{"width":800,"height":800,"url":"https:\/\/uniformeplus.tn\/wp-content\/uploads\/2021\/02\/stock-photo-233009507-1.jpg","type":"image\/jpeg"}],"twitter_card":"summary_large_image","twitter_misc":{"Prix":"50.000&#x62f;.&#x62a;","Disponibilit\u00e9":"En stock"},"schema":{"@context":"https:\/\/schema.org","@graph":[{"@type":"WebPage","@id":"https:\/\/uniformeplus.tn\/index.php\/product\/pantalon-haute-visibilite-bicolore\/","url":"https:\/\/uniformeplus.tn\/index.php\/product\/pantalon-haute-visibilite-bicolore\/","name":"Pantalon haute visibilit\u00e9 Bicolore","isPartOf":{"@id":"https:\/\/uniformeplus.tn\/#website"},"primaryImageOfPage":{"@id":"https:\/\/uniformeplus.tn\/index.php\/product\/pantalon-haute-visibilite-bicolore\/#primaryimage"},"image":{"@id":"https:\/\/uniformeplus.tn\/index.php\/product\/pantalon-haute-visibilite-bicolore\/#primaryimage"},"thumbnailUrl":"https:\/\/uniformeplus.tn\/wp-content\/uploads\/2021\/02\/stock-photo-233009507-1.jpg","datePublished":"2021-02-06T11:43:48+00:00","dateModified":"2025-05-23T08:47:15+00:00","description":"R\u00e9f\u00e9rence : PNHVB001 Un pantalon de travail conforme \u00e0 la\u00a0norme EN 20471 Classe 2. Il est poss\u00e8de plusieurs poches pratiques. Nombreux coloris au choix.","breadcrumb":{"@id":"https:\/\/uniformeplus.tn\/index.php\/product\/pantalon-haute-visibilite-bicolore\/#breadcrumb"},"inLanguage":"fr-FR","potentialAction":[{"@type":"ReadAction","target":["https:\/\/uniformeplus.tn\/index.php\/product\/pantalon-haute-visibilite-bicolore\/"]}]},{"@type":"ImageObject","inLanguage":"fr-FR","@id":"https:\/\/uniformeplus.tn\/index.php\/product\/pantalon-haute-visibilite-bicolore\/#primaryimage","url":"https:\/\/uniformeplus.tn\/wp-content\/uploads\/2021\/02\/stock-photo-233009507-1.jpg","contentUrl":"https:\/\/uniformeplus.tn\/wp-content\/uploads\/2021\/02\/stock-photo-233009507-1.jpg","width":800,"height":800,"caption":"Pantalon haute visibilit\u00e9"},{"@type":"BreadcrumbList","@id":"https:\/\/uniformeplus.tn\/index.php\/product\/pantalon-haute-visibilite-bicolore\/#breadcrumb","itemListElement":[{"@type":"ListItem","position":1,"name":"Accueil","item":"https:\/\/uniformeplus.tn\/"},{"@type":"ListItem","position":2,"name":"Shop","item":"https:\/\/uniformeplus.tn\/index.php\/shop-2\/"},{"@type":"ListItem","position":3,"name":"M\u00c9TIERS","item":"https:\/\/uniformeplus.tn\/index.php\/product-category\/metiers\/"},{"@type":"ListItem","position":4,"name":"V\u00caTEMENTS POUR ESPACE VERT","item":"https:\/\/uniformeplus.tn\/index.php\/product-category\/metiers\/vetements-pour-espace-vert\/"},{"@type":"ListItem","position":5,"name":"Agriculteur","item":"https:\/\/uniformeplus.tn\/index.php\/product-category\/metiers\/vetements-pour-espace-vert\/agriculteur\/"},{"@type":"ListItem","position":6,"name":"Pantalon haute visibilit\u00e9 Bicolore"}]},{"@type":"WebSite","@id":"https:\/\/uniformeplus.tn\/#website","url":"https:\/\/uniformeplus.tn\/","name":"uniformeplus","description":"v\u00eatement de travail Tunisie","publisher":{"@id":"https:\/\/uniformeplus.tn\/#organization"},"alternateName":"tenue de travail en tunisie","potentialAction":[{"@type":"SearchAction","target":{"@type":"EntryPoint","urlTemplate":"https:\/\/uniformeplus.tn\/?s={search_term_string}"},"query-input":{"@type":"PropertyValueSpecification","valueRequired":true,"valueName":"search_term_string"}}],"inLanguage":"fr-FR"},{"@type":"Organization","@id":"https:\/\/uniformeplus.tn\/#organization","name":"tenue de travail","url":"https:\/\/uniformeplus.tn\/","logo":{"@type":"ImageObject","inLanguage":"fr-FR","@id":"https:\/\/uniformeplus.tn\/#\/schema\/logo\/image\/","url":"https:\/\/uniformeplus.tn\/wp-content\/uploads\/2021\/01\/logo.png","contentUrl":"https:\/\/uniformeplus.tn\/wp-content\/uploads\/2021\/01\/logo.png","width":112,"height":112,"caption":"tenue de travail"},"image":{"@id":"https:\/\/uniformeplus.tn\/#\/schema\/logo\/image\/"},"sameAs":["https:\/\/www.facebook.com\/uniforconfection.uniformeplus"],"hasMerchantReturnPolicy":{"@type":"MerchantReturnPolicy","merchantReturnLink":"https:\/\/uniformeplus.tn\/index.php\/politique-de-retour\/"}}]},"product_price_amount":"50.000","product_price_currency":"TND","og_availability":"instock","product_availability":"instock","product_retailer_item_id":"PNHVB001","product_condition":"new"},"_links":{"self":[{"href":"https:\/\/uniformeplus.tn\/index.php\/wp-json\/wp\/v2\/product\/16233","targetHints":{"allow":["GET"]}}],"collection":[{"href":"https:\/\/uniformeplus.tn\/index.php\/wp-json\/wp\/v2\/product"}],"about":[{"href":"https:\/\/uniformeplus.tn\/index.php\/wp-json\/wp\/v2\/types\/product"}],"replies":[{"embeddable":true,"href":"https:\/\/uniformeplus.tn\/index.php\/wp-json\/wp\/v2\/comments?post=16233"}],"wp:featuredmedia":[{"embeddable":true,"href":"https:\/\/uniformeplus.tn\/index.php\/wp-json\/wp\/v2\/media\/16234"}],"wp:attachment":[{"href":"https:\/\/uniformeplus.tn\/index.php\/wp-json\/wp\/v2\/media?parent=16233"}],"wp:term":[{"taxonomy":"product_brand","embeddable":true,"href":"https:\/\/uniformeplus.tn\/index.php\/wp-json\/wp\/v2\/product_brand?post=16233"},{"taxonomy":"product_cat","embeddable":true,"href":"https:\/\/uniformeplus.tn\/index.php\/wp-json\/wp\/v2\/product_cat?post=16233"},{"taxonomy":"product_tag","embeddable":true,"href":"https:\/\/uniformeplus.tn\/index.php\/wp-json\/wp\/v2\/product_tag?post=16233"}],"curies":[{"name":"wp","href":"https:\/\/api.w.org\/{rel}","templated":true}]}}