{"id":16311,"date":"2021-03-15T16:55:03","date_gmt":"2021-03-15T15:55:03","guid":{"rendered":"http:\/\/www.uniformeplus.tn\/?post_type=product&#038;p=16311"},"modified":"2025-05-23T10:56:54","modified_gmt":"2025-05-23T08:56:54","slug":"combinaison-de-travail-classic-2","status":"publish","type":"product","link":"https:\/\/uniformeplus.tn\/index.php\/product\/combinaison-de-travail-classic-2\/","title":{"rendered":"COMBINAISON DE TRAVAIL CLASSIC"},"content":{"rendered":"<ul>\n<li>2 poches avant, 1 poche arri\u00e8re, 1 poche m\u00e8tre<\/li>\n<li>Fermeture zipp\u00e9e<\/li>\n<li>Taille et poignets \u00e9lastiqu\u00e9s<\/li>\n<\/ul>\n","protected":false},"excerpt":{"rendered":"<p><strong>R\u00e9f\u00e9rence : CDTPC001<\/strong><\/p>\n<p>combinaison de travail classic compos\u00e9e de<\/p>\n<ul>\n<li>2 poches avant, 1 poche arri\u00e8re, 1 poche m\u00e8tre<\/li>\n<li>Fermeture zipp\u00e9e YKK robuste<\/li>\n<li>Taille et poignets \u00e9lastiqu\u00e9s<\/li>\n<\/ul>\n<p>&nbsp;<\/p>\n","protected":false},"featured_media":16313,"comment_status":"open","ping_status":"closed","template":"","meta":{"_acf_changed":false},"product_brand":[],"product_cat":[342,247,227,341],"product_tag":[],"class_list":{"0":"post-16311","1":"product","2":"type-product","3":"status-publish","4":"has-post-thumbnail","6":"product_cat-combinaison-de-travail","7":"product_cat-combinaisons","8":"product_cat-vetement-de-travail","9":"product_cat-vetement-de-travail-pas-cher","11":"first","12":"instock","13":"taxable","14":"shipping-taxable","15":"purchasable","16":"product-type-simple"},"acf":[],"yoast_head":"<!-- This site is optimized with the Yoast SEO Premium plugin v26.3 (Yoast SEO v26.3) - https:\/\/yoast.com\/wordpress\/plugins\/seo\/ -->\n<title>COMBINAISON DE TRAVAIL CLASSIC<\/title>\n<meta name=\"description\" content=\"R\u00e9f\u00e9rence : CDTPC001  combinaison de travail classic compos\u00e9e de   2 poches avant, 1 poche arri\u00e8re, 1 poche m\u00e8tre  Fermeture zipp\u00e9e YKK robuste  Taille et poignets \u00e9lastiqu\u00e9s  &nbsp;\" \/>\n<meta name=\"robots\" content=\"index, follow, max-snippet:-1, max-image-preview:large, max-video-preview:-1\" \/>\n<link rel=\"canonical\" href=\"https:\/\/uniformeplus.tn\/index.php\/product\/combinaison-de-travail-classic-2\/\" \/>\n<meta property=\"og:locale\" content=\"fr_FR\" \/>\n<meta property=\"og:type\" content=\"article\" \/>\n<meta property=\"og:title\" content=\"COMBINAISON DE TRAVAIL CLASSIC\" \/>\n<meta property=\"og:description\" content=\"R\u00e9f\u00e9rence : CDTPC001  combinaison de travail classic compos\u00e9e de   2 poches avant, 1 poche arri\u00e8re, 1 poche m\u00e8tre  Fermeture zipp\u00e9e YKK robuste  Taille et poignets \u00e9lastiqu\u00e9s  &nbsp;\" \/>\n<meta property=\"og:url\" content=\"https:\/\/uniformeplus.tn\/index.php\/product\/combinaison-de-travail-classic-2\/\" \/>\n<meta property=\"og:site_name\" content=\"uniformeplus - V\u00eatements de travail\" \/>\n<meta property=\"article:publisher\" content=\"https:\/\/www.facebook.com\/uniforconfection.uniformeplus\" \/>\n<meta property=\"article:modified_time\" content=\"2025-05-23T08:56:54+00:00\" \/>\n<meta property=\"og:image\" content=\"https:\/\/uniformeplus.tn\/wp-content\/uploads\/2021\/03\/01.jpg\" \/>\n\t<meta property=\"og:image:width\" content=\"1017\" \/>\n\t<meta property=\"og:image:height\" content=\"1017\" \/>\n\t<meta property=\"og:image:type\" content=\"image\/jpeg\" \/>\n<meta name=\"twitter:card\" content=\"summary_large_image\" \/>\n<meta name=\"twitter:label1\" content=\"Prix\" \/>\n\t<meta name=\"twitter:data1\" content=\"80.000&#x62f;.&#x62a;\" \/>\n\t<meta name=\"twitter:label2\" content=\"Disponibilit\u00e9\" \/>\n\t<meta name=\"twitter:data2\" content=\"En stock\" \/>\n<script type=\"application\/ld+json\" class=\"yoast-schema-graph\">{\"@context\":\"https:\/\/schema.org\",\"@graph\":[{\"@type\":\"WebPage\",\"@id\":\"https:\/\/uniformeplus.tn\/index.php\/product\/combinaison-de-travail-classic-2\/\",\"url\":\"https:\/\/uniformeplus.tn\/index.php\/product\/combinaison-de-travail-classic-2\/\",\"name\":\"COMBINAISON DE TRAVAIL CLASSIC\",\"isPartOf\":{\"@id\":\"https:\/\/uniformeplus.tn\/#website\"},\"primaryImageOfPage\":{\"@id\":\"https:\/\/uniformeplus.tn\/index.php\/product\/combinaison-de-travail-classic-2\/#primaryimage\"},\"image\":{\"@id\":\"https:\/\/uniformeplus.tn\/index.php\/product\/combinaison-de-travail-classic-2\/#primaryimage\"},\"thumbnailUrl\":\"https:\/\/uniformeplus.tn\/wp-content\/uploads\/2021\/03\/01.jpg\",\"datePublished\":\"2021-03-15T15:55:03+00:00\",\"dateModified\":\"2025-05-23T08:56:54+00:00\",\"description\":\"R\u00e9f\u00e9rence : CDTPC001 combinaison de travail classic compos\u00e9e de 2 poches avant, 1 poche arri\u00e8re, 1 poche m\u00e8tre Fermeture zipp\u00e9e YKK robuste Taille et poignets \u00e9lastiqu\u00e9s &nbsp;\",\"breadcrumb\":{\"@id\":\"https:\/\/uniformeplus.tn\/index.php\/product\/combinaison-de-travail-classic-2\/#breadcrumb\"},\"inLanguage\":\"fr-FR\",\"potentialAction\":[{\"@type\":\"ReadAction\",\"target\":[\"https:\/\/uniformeplus.tn\/index.php\/product\/combinaison-de-travail-classic-2\/\"]}]},{\"@type\":\"ImageObject\",\"inLanguage\":\"fr-FR\",\"@id\":\"https:\/\/uniformeplus.tn\/index.php\/product\/combinaison-de-travail-classic-2\/#primaryimage\",\"url\":\"https:\/\/uniformeplus.tn\/wp-content\/uploads\/2021\/03\/01.jpg\",\"contentUrl\":\"https:\/\/uniformeplus.tn\/wp-content\/uploads\/2021\/03\/01.jpg\",\"width\":1017,\"height\":1017,\"caption\":\"COMBINAISON DE TRAVAIL\"},{\"@type\":\"BreadcrumbList\",\"@id\":\"https:\/\/uniformeplus.tn\/index.php\/product\/combinaison-de-travail-classic-2\/#breadcrumb\",\"itemListElement\":[{\"@type\":\"ListItem\",\"position\":1,\"name\":\"Accueil\",\"item\":\"https:\/\/uniformeplus.tn\/\"},{\"@type\":\"ListItem\",\"position\":2,\"name\":\"Shop\",\"item\":\"https:\/\/uniformeplus.tn\/index.php\/shop-2\/\"},{\"@type\":\"ListItem\",\"position\":3,\"name\":\"v\u00eatement de travail pas cher\",\"item\":\"https:\/\/uniformeplus.tn\/index.php\/product-category\/vetement-de-travail-pas-cher\/\"},{\"@type\":\"ListItem\",\"position\":4,\"name\":\"COMBINAISON DE TRAVAIL\",\"item\":\"https:\/\/uniformeplus.tn\/index.php\/product-category\/vetement-de-travail-pas-cher\/combinaison-de-travail\/\"},{\"@type\":\"ListItem\",\"position\":5,\"name\":\"COMBINAISON DE TRAVAIL CLASSIC\"}]},{\"@type\":\"WebSite\",\"@id\":\"https:\/\/uniformeplus.tn\/#website\",\"url\":\"https:\/\/uniformeplus.tn\/\",\"name\":\"uniformeplus\",\"description\":\"v\u00eatement de travail Tunisie\",\"publisher\":{\"@id\":\"https:\/\/uniformeplus.tn\/#organization\"},\"alternateName\":\"tenue de travail en tunisie\",\"potentialAction\":[{\"@type\":\"SearchAction\",\"target\":{\"@type\":\"EntryPoint\",\"urlTemplate\":\"https:\/\/uniformeplus.tn\/?s={search_term_string}\"},\"query-input\":{\"@type\":\"PropertyValueSpecification\",\"valueRequired\":true,\"valueName\":\"search_term_string\"}}],\"inLanguage\":\"fr-FR\"},{\"@type\":\"Organization\",\"@id\":\"https:\/\/uniformeplus.tn\/#organization\",\"name\":\"tenue de travail\",\"url\":\"https:\/\/uniformeplus.tn\/\",\"logo\":{\"@type\":\"ImageObject\",\"inLanguage\":\"fr-FR\",\"@id\":\"https:\/\/uniformeplus.tn\/#\/schema\/logo\/image\/\",\"url\":\"https:\/\/uniformeplus.tn\/wp-content\/uploads\/2021\/01\/logo.png\",\"contentUrl\":\"https:\/\/uniformeplus.tn\/wp-content\/uploads\/2021\/01\/logo.png\",\"width\":112,\"height\":112,\"caption\":\"tenue de travail\"},\"image\":{\"@id\":\"https:\/\/uniformeplus.tn\/#\/schema\/logo\/image\/\"},\"sameAs\":[\"https:\/\/www.facebook.com\/uniforconfection.uniformeplus\"],\"hasMerchantReturnPolicy\":{\"@type\":\"MerchantReturnPolicy\",\"merchantReturnLink\":\"https:\/\/uniformeplus.tn\/index.php\/politique-de-retour\/\"}}]}<\/script>\n<meta property=\"product:price:amount\" content=\"80.000\" \/>\n<meta property=\"product:price:currency\" content=\"TND\" \/>\n<meta property=\"og:availability\" content=\"instock\" \/>\n<meta property=\"product:availability\" content=\"instock\" \/>\n<meta property=\"product:retailer_item_id\" content=\"CDTPC001\" \/>\n<meta property=\"product:condition\" content=\"new\" \/>\n<!-- \/ Yoast SEO Premium plugin. -->","yoast_head_json":{"title":"COMBINAISON DE TRAVAIL CLASSIC","description":"R\u00e9f\u00e9rence : CDTPC001  combinaison de travail classic compos\u00e9e de   2 poches avant, 1 poche arri\u00e8re, 1 poche m\u00e8tre  Fermeture zipp\u00e9e YKK robuste  Taille et poignets \u00e9lastiqu\u00e9s  &nbsp;","robots":{"index":"index","follow":"follow","max-snippet":"max-snippet:-1","max-image-preview":"max-image-preview:large","max-video-preview":"max-video-preview:-1"},"canonical":"https:\/\/uniformeplus.tn\/index.php\/product\/combinaison-de-travail-classic-2\/","og_locale":"fr_FR","og_type":"article","og_title":"COMBINAISON DE TRAVAIL CLASSIC","og_description":"R\u00e9f\u00e9rence : CDTPC001  combinaison de travail classic compos\u00e9e de   2 poches avant, 1 poche arri\u00e8re, 1 poche m\u00e8tre  Fermeture zipp\u00e9e YKK robuste  Taille et poignets \u00e9lastiqu\u00e9s  &nbsp;","og_url":"https:\/\/uniformeplus.tn\/index.php\/product\/combinaison-de-travail-classic-2\/","og_site_name":"uniformeplus - V\u00eatements de travail","article_publisher":"https:\/\/www.facebook.com\/uniforconfection.uniformeplus","article_modified_time":"2025-05-23T08:56:54+00:00","og_image":[{"width":1017,"height":1017,"url":"https:\/\/uniformeplus.tn\/wp-content\/uploads\/2021\/03\/01.jpg","type":"image\/jpeg"}],"twitter_card":"summary_large_image","twitter_misc":{"Prix":"80.000&#x62f;.&#x62a;","Disponibilit\u00e9":"En stock"},"schema":{"@context":"https:\/\/schema.org","@graph":[{"@type":"WebPage","@id":"https:\/\/uniformeplus.tn\/index.php\/product\/combinaison-de-travail-classic-2\/","url":"https:\/\/uniformeplus.tn\/index.php\/product\/combinaison-de-travail-classic-2\/","name":"COMBINAISON DE TRAVAIL CLASSIC","isPartOf":{"@id":"https:\/\/uniformeplus.tn\/#website"},"primaryImageOfPage":{"@id":"https:\/\/uniformeplus.tn\/index.php\/product\/combinaison-de-travail-classic-2\/#primaryimage"},"image":{"@id":"https:\/\/uniformeplus.tn\/index.php\/product\/combinaison-de-travail-classic-2\/#primaryimage"},"thumbnailUrl":"https:\/\/uniformeplus.tn\/wp-content\/uploads\/2021\/03\/01.jpg","datePublished":"2021-03-15T15:55:03+00:00","dateModified":"2025-05-23T08:56:54+00:00","description":"R\u00e9f\u00e9rence : CDTPC001 combinaison de travail classic compos\u00e9e de 2 poches avant, 1 poche arri\u00e8re, 1 poche m\u00e8tre Fermeture zipp\u00e9e YKK robuste Taille et poignets \u00e9lastiqu\u00e9s &nbsp;","breadcrumb":{"@id":"https:\/\/uniformeplus.tn\/index.php\/product\/combinaison-de-travail-classic-2\/#breadcrumb"},"inLanguage":"fr-FR","potentialAction":[{"@type":"ReadAction","target":["https:\/\/uniformeplus.tn\/index.php\/product\/combinaison-de-travail-classic-2\/"]}]},{"@type":"ImageObject","inLanguage":"fr-FR","@id":"https:\/\/uniformeplus.tn\/index.php\/product\/combinaison-de-travail-classic-2\/#primaryimage","url":"https:\/\/uniformeplus.tn\/wp-content\/uploads\/2021\/03\/01.jpg","contentUrl":"https:\/\/uniformeplus.tn\/wp-content\/uploads\/2021\/03\/01.jpg","width":1017,"height":1017,"caption":"COMBINAISON DE TRAVAIL"},{"@type":"BreadcrumbList","@id":"https:\/\/uniformeplus.tn\/index.php\/product\/combinaison-de-travail-classic-2\/#breadcrumb","itemListElement":[{"@type":"ListItem","position":1,"name":"Accueil","item":"https:\/\/uniformeplus.tn\/"},{"@type":"ListItem","position":2,"name":"Shop","item":"https:\/\/uniformeplus.tn\/index.php\/shop-2\/"},{"@type":"ListItem","position":3,"name":"v\u00eatement de travail pas cher","item":"https:\/\/uniformeplus.tn\/index.php\/product-category\/vetement-de-travail-pas-cher\/"},{"@type":"ListItem","position":4,"name":"COMBINAISON DE TRAVAIL","item":"https:\/\/uniformeplus.tn\/index.php\/product-category\/vetement-de-travail-pas-cher\/combinaison-de-travail\/"},{"@type":"ListItem","position":5,"name":"COMBINAISON DE TRAVAIL CLASSIC"}]},{"@type":"WebSite","@id":"https:\/\/uniformeplus.tn\/#website","url":"https:\/\/uniformeplus.tn\/","name":"uniformeplus","description":"v\u00eatement de travail Tunisie","publisher":{"@id":"https:\/\/uniformeplus.tn\/#organization"},"alternateName":"tenue de travail en tunisie","potentialAction":[{"@type":"SearchAction","target":{"@type":"EntryPoint","urlTemplate":"https:\/\/uniformeplus.tn\/?s={search_term_string}"},"query-input":{"@type":"PropertyValueSpecification","valueRequired":true,"valueName":"search_term_string"}}],"inLanguage":"fr-FR"},{"@type":"Organization","@id":"https:\/\/uniformeplus.tn\/#organization","name":"tenue de travail","url":"https:\/\/uniformeplus.tn\/","logo":{"@type":"ImageObject","inLanguage":"fr-FR","@id":"https:\/\/uniformeplus.tn\/#\/schema\/logo\/image\/","url":"https:\/\/uniformeplus.tn\/wp-content\/uploads\/2021\/01\/logo.png","contentUrl":"https:\/\/uniformeplus.tn\/wp-content\/uploads\/2021\/01\/logo.png","width":112,"height":112,"caption":"tenue de travail"},"image":{"@id":"https:\/\/uniformeplus.tn\/#\/schema\/logo\/image\/"},"sameAs":["https:\/\/www.facebook.com\/uniforconfection.uniformeplus"],"hasMerchantReturnPolicy":{"@type":"MerchantReturnPolicy","merchantReturnLink":"https:\/\/uniformeplus.tn\/index.php\/politique-de-retour\/"}}]},"product_price_amount":"80.000","product_price_currency":"TND","og_availability":"instock","product_availability":"instock","product_retailer_item_id":"CDTPC001","product_condition":"new"},"_links":{"self":[{"href":"https:\/\/uniformeplus.tn\/index.php\/wp-json\/wp\/v2\/product\/16311","targetHints":{"allow":["GET"]}}],"collection":[{"href":"https:\/\/uniformeplus.tn\/index.php\/wp-json\/wp\/v2\/product"}],"about":[{"href":"https:\/\/uniformeplus.tn\/index.php\/wp-json\/wp\/v2\/types\/product"}],"replies":[{"embeddable":true,"href":"https:\/\/uniformeplus.tn\/index.php\/wp-json\/wp\/v2\/comments?post=16311"}],"wp:featuredmedia":[{"embeddable":true,"href":"https:\/\/uniformeplus.tn\/index.php\/wp-json\/wp\/v2\/media\/16313"}],"wp:attachment":[{"href":"https:\/\/uniformeplus.tn\/index.php\/wp-json\/wp\/v2\/media?parent=16311"}],"wp:term":[{"taxonomy":"product_brand","embeddable":true,"href":"https:\/\/uniformeplus.tn\/index.php\/wp-json\/wp\/v2\/product_brand?post=16311"},{"taxonomy":"product_cat","embeddable":true,"href":"https:\/\/uniformeplus.tn\/index.php\/wp-json\/wp\/v2\/product_cat?post=16311"},{"taxonomy":"product_tag","embeddable":true,"href":"https:\/\/uniformeplus.tn\/index.php\/wp-json\/wp\/v2\/product_tag?post=16311"}],"curies":[{"name":"wp","href":"https:\/\/api.w.org\/{rel}","templated":true}]}}