{"id":16417,"date":"2021-03-31T09:57:01","date_gmt":"2021-03-31T07:57:01","guid":{"rendered":"http:\/\/www.uniformeplus.tn\/?post_type=product&#038;p=16417"},"modified":"2025-05-25T19:09:41","modified_gmt":"2025-05-25T17:09:41","slug":"blouse-femme-manche-courte-rayures","status":"publish","type":"product","link":"https:\/\/uniformeplus.tn\/index.php\/product\/blouse-femme-manche-courte-rayures\/","title":{"rendered":"Blouse femme manche courte rayures"},"content":{"rendered":"<ul>\n<li>Blouse &#8211; tunique pour femme<\/li>\n<li>Manches courtes<\/li>\n<li>Boutons pression<\/li>\n<li>3 poches<\/li>\n<\/ul>\n<h3>TISSU :<\/h3>\n<ul>\n<li><strong>65 % Polyester \/ 35 % Coton (env. 200 g\/m\u00b2)<\/strong><\/li>\n<li>Adapt\u00e9 pour le lavage industriel<br \/>\n<img decoding=\"async\" src=\"https:\/\/www.biomidi.fr\/media\/60-degre.jpg\" alt=\"Lavable \u00e0 60 degr\u00e9s\" width=\"43\" height=\"30\" \/><\/li>\n<\/ul>\n","protected":false},"excerpt":{"rendered":"<p><strong>R\u00e9f\u00e9rence : <a href=\"http:\/\/uniformeplus.tn\/index.php\/product\/blouse-femme-manche-courte-rayures\/\">BFRMC002<\/a><\/strong><\/p>\n<p>Cette\u00a0<a href=\"http:\/\/uniformeplus.tn\/index.php\/product\/blouse-femme-manche-courte-rayures\/\"><strong>blouse de travail pour femme<\/strong><\/a>\u00a0sera id\u00e9ale pour les m\u00e9tiers d&#8217;entretien et de service gr\u00e2ce aux nombreuses caract\u00e9ristiques dont elle dispose :<\/p>\n<ul>\n<li>Blouse &#8211; tunique pour femme<\/li>\n<li>Manches courtes<\/li>\n<li>Boutons pression<\/li>\n<li>3 poches<\/li>\n<\/ul>\n<p>&nbsp;<\/p>\n","protected":false},"featured_media":16418,"comment_status":"open","ping_status":"closed","template":"","meta":{"_acf_changed":false},"product_brand":[],"product_cat":[348,227],"product_tag":[],"class_list":{"0":"post-16417","1":"product","2":"type-product","3":"status-publish","4":"has-post-thumbnail","6":"product_cat-blouses-femme","7":"product_cat-vetement-de-travail","9":"first","10":"instock","11":"taxable","12":"shipping-taxable","13":"purchasable","14":"product-type-simple"},"acf":[],"yoast_head":"<!-- This site is optimized with the Yoast SEO Premium plugin v26.3 (Yoast SEO v26.3) - https:\/\/yoast.com\/wordpress\/plugins\/seo\/ -->\n<title>Blouse femme manche courte rayures<\/title>\n<meta name=\"description\" content=\"R\u00e9f\u00e9rence : BFRMC002  Cette\u00a0blouse de travail pour femme\u00a0sera id\u00e9ale pour les m\u00e9tiers d&#039;entretien et de service gr\u00e2ce aux nombreuses caract\u00e9ristiques dont elle dispose :   Blouse - tunique pour femme  Manches courtes  Boutons pression  3 poches  &nbsp;\" \/>\n<meta name=\"robots\" content=\"index, follow, max-snippet:-1, max-image-preview:large, max-video-preview:-1\" \/>\n<link rel=\"canonical\" href=\"https:\/\/uniformeplus.tn\/index.php\/product\/blouse-femme-manche-courte-rayures\/\" \/>\n<meta property=\"og:locale\" content=\"fr_FR\" \/>\n<meta property=\"og:type\" content=\"article\" \/>\n<meta property=\"og:title\" content=\"Blouse femme manche courte rayures\" \/>\n<meta property=\"og:description\" content=\"R\u00e9f\u00e9rence : BFRMC002  Cette\u00a0blouse de travail pour femme\u00a0sera id\u00e9ale pour les m\u00e9tiers d&#039;entretien et de service gr\u00e2ce aux nombreuses caract\u00e9ristiques dont elle dispose :   Blouse - tunique pour femme  Manches courtes  Boutons pression  3 poches  &nbsp;\" \/>\n<meta property=\"og:url\" content=\"https:\/\/uniformeplus.tn\/index.php\/product\/blouse-femme-manche-courte-rayures\/\" \/>\n<meta property=\"og:site_name\" content=\"uniformeplus - V\u00eatements de travail\" \/>\n<meta property=\"article:publisher\" content=\"https:\/\/www.facebook.com\/uniforconfection.uniformeplus\" \/>\n<meta property=\"article:modified_time\" content=\"2025-05-25T17:09:41+00:00\" \/>\n<meta property=\"og:image\" content=\"https:\/\/uniformeplus.tn\/wp-content\/uploads\/2021\/03\/blouse-femme-manche-courte-bouton-pression-couleur-rayures-UNIFORME-1.jpg\" \/>\n\t<meta property=\"og:image:width\" content=\"800\" \/>\n\t<meta property=\"og:image:height\" content=\"800\" \/>\n\t<meta property=\"og:image:type\" content=\"image\/jpeg\" \/>\n<meta name=\"twitter:card\" content=\"summary_large_image\" \/>\n<meta name=\"twitter:label1\" content=\"Prix\" \/>\n\t<meta name=\"twitter:data1\" content=\"30.000&#x62f;.&#x62a;\" \/>\n\t<meta name=\"twitter:label2\" content=\"Disponibilit\u00e9\" \/>\n\t<meta name=\"twitter:data2\" content=\"En stock\" \/>\n<script type=\"application\/ld+json\" class=\"yoast-schema-graph\">{\"@context\":\"https:\/\/schema.org\",\"@graph\":[{\"@type\":\"WebPage\",\"@id\":\"https:\/\/uniformeplus.tn\/index.php\/product\/blouse-femme-manche-courte-rayures\/\",\"url\":\"https:\/\/uniformeplus.tn\/index.php\/product\/blouse-femme-manche-courte-rayures\/\",\"name\":\"Blouse femme manche courte rayures\",\"isPartOf\":{\"@id\":\"https:\/\/uniformeplus.tn\/#website\"},\"primaryImageOfPage\":{\"@id\":\"https:\/\/uniformeplus.tn\/index.php\/product\/blouse-femme-manche-courte-rayures\/#primaryimage\"},\"image\":{\"@id\":\"https:\/\/uniformeplus.tn\/index.php\/product\/blouse-femme-manche-courte-rayures\/#primaryimage\"},\"thumbnailUrl\":\"https:\/\/uniformeplus.tn\/wp-content\/uploads\/2021\/03\/blouse-femme-manche-courte-bouton-pression-couleur-rayures-UNIFORME-1.jpg\",\"datePublished\":\"2021-03-31T07:57:01+00:00\",\"dateModified\":\"2025-05-25T17:09:41+00:00\",\"description\":\"R\u00e9f\u00e9rence : BFRMC002 Cette\u00a0blouse de travail pour femme\u00a0sera id\u00e9ale pour les m\u00e9tiers d'entretien et de service gr\u00e2ce aux nombreuses caract\u00e9ristiques dont elle dispose : Blouse - tunique pour femme Manches courtes Boutons pression 3 poches &nbsp;\",\"breadcrumb\":{\"@id\":\"https:\/\/uniformeplus.tn\/index.php\/product\/blouse-femme-manche-courte-rayures\/#breadcrumb\"},\"inLanguage\":\"fr-FR\",\"potentialAction\":[{\"@type\":\"ReadAction\",\"target\":[\"https:\/\/uniformeplus.tn\/index.php\/product\/blouse-femme-manche-courte-rayures\/\"]}]},{\"@type\":\"ImageObject\",\"inLanguage\":\"fr-FR\",\"@id\":\"https:\/\/uniformeplus.tn\/index.php\/product\/blouse-femme-manche-courte-rayures\/#primaryimage\",\"url\":\"https:\/\/uniformeplus.tn\/wp-content\/uploads\/2021\/03\/blouse-femme-manche-courte-bouton-pression-couleur-rayures-UNIFORME-1.jpg\",\"contentUrl\":\"https:\/\/uniformeplus.tn\/wp-content\/uploads\/2021\/03\/blouse-femme-manche-courte-bouton-pression-couleur-rayures-UNIFORME-1.jpg\",\"width\":800,\"height\":800},{\"@type\":\"BreadcrumbList\",\"@id\":\"https:\/\/uniformeplus.tn\/index.php\/product\/blouse-femme-manche-courte-rayures\/#breadcrumb\",\"itemListElement\":[{\"@type\":\"ListItem\",\"position\":1,\"name\":\"Accueil\",\"item\":\"https:\/\/uniformeplus.tn\/\"},{\"@type\":\"ListItem\",\"position\":2,\"name\":\"Shop\",\"item\":\"https:\/\/uniformeplus.tn\/index.php\/shop-2\/\"},{\"@type\":\"ListItem\",\"position\":3,\"name\":\"V\u00caTEMENT DE TRAVAIL\",\"item\":\"https:\/\/uniformeplus.tn\/index.php\/product-category\/vetement-de-travail\/\"},{\"@type\":\"ListItem\",\"position\":4,\"name\":\"BLOUSES FEMME\",\"item\":\"https:\/\/uniformeplus.tn\/index.php\/product-category\/vetement-de-travail\/blouses-femme\/\"},{\"@type\":\"ListItem\",\"position\":5,\"name\":\"Blouse femme manche courte rayures\"}]},{\"@type\":\"WebSite\",\"@id\":\"https:\/\/uniformeplus.tn\/#website\",\"url\":\"https:\/\/uniformeplus.tn\/\",\"name\":\"uniformeplus\",\"description\":\"v\u00eatement de travail Tunisie\",\"publisher\":{\"@id\":\"https:\/\/uniformeplus.tn\/#organization\"},\"alternateName\":\"tenue de travail en tunisie\",\"potentialAction\":[{\"@type\":\"SearchAction\",\"target\":{\"@type\":\"EntryPoint\",\"urlTemplate\":\"https:\/\/uniformeplus.tn\/?s={search_term_string}\"},\"query-input\":{\"@type\":\"PropertyValueSpecification\",\"valueRequired\":true,\"valueName\":\"search_term_string\"}}],\"inLanguage\":\"fr-FR\"},{\"@type\":\"Organization\",\"@id\":\"https:\/\/uniformeplus.tn\/#organization\",\"name\":\"tenue de travail\",\"url\":\"https:\/\/uniformeplus.tn\/\",\"logo\":{\"@type\":\"ImageObject\",\"inLanguage\":\"fr-FR\",\"@id\":\"https:\/\/uniformeplus.tn\/#\/schema\/logo\/image\/\",\"url\":\"https:\/\/uniformeplus.tn\/wp-content\/uploads\/2021\/01\/logo.png\",\"contentUrl\":\"https:\/\/uniformeplus.tn\/wp-content\/uploads\/2021\/01\/logo.png\",\"width\":112,\"height\":112,\"caption\":\"tenue de travail\"},\"image\":{\"@id\":\"https:\/\/uniformeplus.tn\/#\/schema\/logo\/image\/\"},\"sameAs\":[\"https:\/\/www.facebook.com\/uniforconfection.uniformeplus\"],\"hasMerchantReturnPolicy\":{\"@type\":\"MerchantReturnPolicy\",\"merchantReturnLink\":\"https:\/\/uniformeplus.tn\/index.php\/politique-de-retour\/\"}}]}<\/script>\n<meta property=\"product:price:amount\" content=\"30.000\" \/>\n<meta property=\"product:price:currency\" content=\"TND\" \/>\n<meta property=\"og:availability\" content=\"instock\" \/>\n<meta property=\"product:availability\" content=\"instock\" \/>\n<meta property=\"product:retailer_item_id\" content=\"BFRMC002\" \/>\n<meta property=\"product:condition\" content=\"new\" \/>\n<!-- \/ Yoast SEO Premium plugin. -->","yoast_head_json":{"title":"Blouse femme manche courte rayures","description":"R\u00e9f\u00e9rence : BFRMC002  Cette\u00a0blouse de travail pour femme\u00a0sera id\u00e9ale pour les m\u00e9tiers d'entretien et de service gr\u00e2ce aux nombreuses caract\u00e9ristiques dont elle dispose :   Blouse - tunique pour femme  Manches courtes  Boutons pression  3 poches  &nbsp;","robots":{"index":"index","follow":"follow","max-snippet":"max-snippet:-1","max-image-preview":"max-image-preview:large","max-video-preview":"max-video-preview:-1"},"canonical":"https:\/\/uniformeplus.tn\/index.php\/product\/blouse-femme-manche-courte-rayures\/","og_locale":"fr_FR","og_type":"article","og_title":"Blouse femme manche courte rayures","og_description":"R\u00e9f\u00e9rence : BFRMC002  Cette\u00a0blouse de travail pour femme\u00a0sera id\u00e9ale pour les m\u00e9tiers d'entretien et de service gr\u00e2ce aux nombreuses caract\u00e9ristiques dont elle dispose :   Blouse - tunique pour femme  Manches courtes  Boutons pression  3 poches  &nbsp;","og_url":"https:\/\/uniformeplus.tn\/index.php\/product\/blouse-femme-manche-courte-rayures\/","og_site_name":"uniformeplus - V\u00eatements de travail","article_publisher":"https:\/\/www.facebook.com\/uniforconfection.uniformeplus","article_modified_time":"2025-05-25T17:09:41+00:00","og_image":[{"width":800,"height":800,"url":"https:\/\/uniformeplus.tn\/wp-content\/uploads\/2021\/03\/blouse-femme-manche-courte-bouton-pression-couleur-rayures-UNIFORME-1.jpg","type":"image\/jpeg"}],"twitter_card":"summary_large_image","twitter_misc":{"Prix":"30.000&#x62f;.&#x62a;","Disponibilit\u00e9":"En stock"},"schema":{"@context":"https:\/\/schema.org","@graph":[{"@type":"WebPage","@id":"https:\/\/uniformeplus.tn\/index.php\/product\/blouse-femme-manche-courte-rayures\/","url":"https:\/\/uniformeplus.tn\/index.php\/product\/blouse-femme-manche-courte-rayures\/","name":"Blouse femme manche courte rayures","isPartOf":{"@id":"https:\/\/uniformeplus.tn\/#website"},"primaryImageOfPage":{"@id":"https:\/\/uniformeplus.tn\/index.php\/product\/blouse-femme-manche-courte-rayures\/#primaryimage"},"image":{"@id":"https:\/\/uniformeplus.tn\/index.php\/product\/blouse-femme-manche-courte-rayures\/#primaryimage"},"thumbnailUrl":"https:\/\/uniformeplus.tn\/wp-content\/uploads\/2021\/03\/blouse-femme-manche-courte-bouton-pression-couleur-rayures-UNIFORME-1.jpg","datePublished":"2021-03-31T07:57:01+00:00","dateModified":"2025-05-25T17:09:41+00:00","description":"R\u00e9f\u00e9rence : BFRMC002 Cette\u00a0blouse de travail pour femme\u00a0sera id\u00e9ale pour les m\u00e9tiers d'entretien et de service gr\u00e2ce aux nombreuses caract\u00e9ristiques dont elle dispose : Blouse - tunique pour femme Manches courtes Boutons pression 3 poches &nbsp;","breadcrumb":{"@id":"https:\/\/uniformeplus.tn\/index.php\/product\/blouse-femme-manche-courte-rayures\/#breadcrumb"},"inLanguage":"fr-FR","potentialAction":[{"@type":"ReadAction","target":["https:\/\/uniformeplus.tn\/index.php\/product\/blouse-femme-manche-courte-rayures\/"]}]},{"@type":"ImageObject","inLanguage":"fr-FR","@id":"https:\/\/uniformeplus.tn\/index.php\/product\/blouse-femme-manche-courte-rayures\/#primaryimage","url":"https:\/\/uniformeplus.tn\/wp-content\/uploads\/2021\/03\/blouse-femme-manche-courte-bouton-pression-couleur-rayures-UNIFORME-1.jpg","contentUrl":"https:\/\/uniformeplus.tn\/wp-content\/uploads\/2021\/03\/blouse-femme-manche-courte-bouton-pression-couleur-rayures-UNIFORME-1.jpg","width":800,"height":800},{"@type":"BreadcrumbList","@id":"https:\/\/uniformeplus.tn\/index.php\/product\/blouse-femme-manche-courte-rayures\/#breadcrumb","itemListElement":[{"@type":"ListItem","position":1,"name":"Accueil","item":"https:\/\/uniformeplus.tn\/"},{"@type":"ListItem","position":2,"name":"Shop","item":"https:\/\/uniformeplus.tn\/index.php\/shop-2\/"},{"@type":"ListItem","position":3,"name":"V\u00caTEMENT DE TRAVAIL","item":"https:\/\/uniformeplus.tn\/index.php\/product-category\/vetement-de-travail\/"},{"@type":"ListItem","position":4,"name":"BLOUSES FEMME","item":"https:\/\/uniformeplus.tn\/index.php\/product-category\/vetement-de-travail\/blouses-femme\/"},{"@type":"ListItem","position":5,"name":"Blouse femme manche courte rayures"}]},{"@type":"WebSite","@id":"https:\/\/uniformeplus.tn\/#website","url":"https:\/\/uniformeplus.tn\/","name":"uniformeplus","description":"v\u00eatement de travail Tunisie","publisher":{"@id":"https:\/\/uniformeplus.tn\/#organization"},"alternateName":"tenue de travail en tunisie","potentialAction":[{"@type":"SearchAction","target":{"@type":"EntryPoint","urlTemplate":"https:\/\/uniformeplus.tn\/?s={search_term_string}"},"query-input":{"@type":"PropertyValueSpecification","valueRequired":true,"valueName":"search_term_string"}}],"inLanguage":"fr-FR"},{"@type":"Organization","@id":"https:\/\/uniformeplus.tn\/#organization","name":"tenue de travail","url":"https:\/\/uniformeplus.tn\/","logo":{"@type":"ImageObject","inLanguage":"fr-FR","@id":"https:\/\/uniformeplus.tn\/#\/schema\/logo\/image\/","url":"https:\/\/uniformeplus.tn\/wp-content\/uploads\/2021\/01\/logo.png","contentUrl":"https:\/\/uniformeplus.tn\/wp-content\/uploads\/2021\/01\/logo.png","width":112,"height":112,"caption":"tenue de travail"},"image":{"@id":"https:\/\/uniformeplus.tn\/#\/schema\/logo\/image\/"},"sameAs":["https:\/\/www.facebook.com\/uniforconfection.uniformeplus"],"hasMerchantReturnPolicy":{"@type":"MerchantReturnPolicy","merchantReturnLink":"https:\/\/uniformeplus.tn\/index.php\/politique-de-retour\/"}}]},"product_price_amount":"30.000","product_price_currency":"TND","og_availability":"instock","product_availability":"instock","product_retailer_item_id":"BFRMC002","product_condition":"new"},"_links":{"self":[{"href":"https:\/\/uniformeplus.tn\/index.php\/wp-json\/wp\/v2\/product\/16417","targetHints":{"allow":["GET"]}}],"collection":[{"href":"https:\/\/uniformeplus.tn\/index.php\/wp-json\/wp\/v2\/product"}],"about":[{"href":"https:\/\/uniformeplus.tn\/index.php\/wp-json\/wp\/v2\/types\/product"}],"replies":[{"embeddable":true,"href":"https:\/\/uniformeplus.tn\/index.php\/wp-json\/wp\/v2\/comments?post=16417"}],"wp:featuredmedia":[{"embeddable":true,"href":"https:\/\/uniformeplus.tn\/index.php\/wp-json\/wp\/v2\/media\/16418"}],"wp:attachment":[{"href":"https:\/\/uniformeplus.tn\/index.php\/wp-json\/wp\/v2\/media?parent=16417"}],"wp:term":[{"taxonomy":"product_brand","embeddable":true,"href":"https:\/\/uniformeplus.tn\/index.php\/wp-json\/wp\/v2\/product_brand?post=16417"},{"taxonomy":"product_cat","embeddable":true,"href":"https:\/\/uniformeplus.tn\/index.php\/wp-json\/wp\/v2\/product_cat?post=16417"},{"taxonomy":"product_tag","embeddable":true,"href":"https:\/\/uniformeplus.tn\/index.php\/wp-json\/wp\/v2\/product_tag?post=16417"}],"curies":[{"name":"wp","href":"https:\/\/api.w.org\/{rel}","templated":true}]}}