{"id":16420,"date":"2021-03-31T10:56:22","date_gmt":"2021-03-31T08:56:22","guid":{"rendered":"http:\/\/www.uniformeplus.tn\/?post_type=product&#038;p=16420"},"modified":"2025-11-11T09:55:17","modified_gmt":"2025-11-11T08:55:17","slug":"blouse-de-travail-femme-rayee-manche-longue","status":"publish","type":"product","link":"https:\/\/uniformeplus.tn\/index.php\/product\/blouse-de-travail-femme-rayee-manche-longue\/","title":{"rendered":"BLOUSE DE TRAVAIL FEMME RAY\u00c9E MANCHE LONGUE"},"content":{"rendered":"<p>Cette Blouse de Travail pour femme et une blouse professionnelle adapt\u00e9 pour le secteur du\u00a0<a href=\"http:\/\/uniformeplus.tn\/index.php\/product-category\/vetement-de-travail\/blouses-femme\/\"><strong>nettoyage<\/strong><\/a>\u00a0ou bien de l&#8217;<a href=\"http:\/\/uniformeplus.tn\/index.php\/product-category\/metiers\/hotellerie\/\"><strong>h\u00f4tellerie<\/strong><\/a>\u00a0 .cette <strong>blouse pour femme<\/strong>\u00a0sera parfaite. Cette\u00a0<strong>blouse de travail longue<\/strong>\u00a0est \u00e0\u00a0<strong>manches longues<\/strong>\u00a0pour une protection optimale. Elle est \u00e9galement\u00a0100% coton pour plus de confort et tr\u00e8s pratique gr\u00e2ce \u00e0 sa fermeture par boutons<\/p>\n<ul>\n<li><strong>Blouse service nettoyage<\/strong><\/li>\n<li>Tissu\u00a0<strong>100% Coton piqu\u00e9140gr\/m\u00b2<\/strong><\/li>\n<li>Blouse cintr\u00e9e manches longues<\/li>\n<li>1 poche poitrine,2 poches plaqu\u00e9es avec revers blanc<\/li>\n<li>Fermeture par<strong>\u00a0boutons blanc<\/strong><\/li>\n<\/ul>\n<p>Disponible en plusieurs coloris, vous pourrez adapt\u00e9e sans probl\u00e8me votre\u00a0<strong>blouse de travail<\/strong>\u00a0\u00e0 votre secteur d&#8217;activit\u00e9.<\/p>\n","protected":false},"excerpt":{"rendered":"<p>R\u00e9f\u00e9rence : <a href=\"http:\/\/uniformeplus.tn\/index.php\/product\/blouse-de-travai\u2026ee-manche-longue\/\">BFRML001<\/a><br \/>\nCette Blouse de Travail pour femme et une blouse professionnelle adapt\u00e9 pour le secteur du\u00a0<a href=\"http:\/\/uniformeplus.tn\/index.php\/product-category\/vetement-de-travail\/blouses-femme\/\"><strong>nettoyage<\/strong><\/a>\u00a0ou bien de l&#8217;<a href=\"http:\/\/uniformeplus.tn\/index.php\/product-category\/metiers\/hotellerie\/\"><strong>h\u00f4tellerie<\/strong><\/a><\/p>\n","protected":false},"featured_media":16421,"comment_status":"open","ping_status":"closed","template":"","meta":{"_acf_changed":false},"product_brand":[],"product_cat":[348,349,350,227],"product_tag":[],"class_list":{"0":"post-16420","1":"product","2":"type-product","3":"status-publish","4":"has-post-thumbnail","6":"product_cat-blouses-femme","7":"product_cat-hotellerie","8":"product_cat-tenues-femme-de-chambre","9":"product_cat-vetement-de-travail","11":"first","12":"instock","13":"taxable","14":"shipping-taxable","15":"purchasable","16":"product-type-simple"},"acf":[],"yoast_head":"<!-- This site is optimized with the Yoast SEO Premium plugin v26.3 (Yoast SEO v26.3) - https:\/\/yoast.com\/wordpress\/plugins\/seo\/ -->\n<title>BLOUSE DE TRAVAIL FEMME RAY\u00c9E MANCHE LONGUE<\/title>\n<meta name=\"description\" content=\"R\u00e9f\u00e9rence : BFRML001 Cette Blouse de Travail pour femme et une blouse professionnelle adapt\u00e9 pour le secteur du\u00a0nettoyage\u00a0ou bien de l&#039;h\u00f4tellerie\" \/>\n<meta name=\"robots\" content=\"index, follow, max-snippet:-1, max-image-preview:large, max-video-preview:-1\" \/>\n<link rel=\"canonical\" href=\"https:\/\/uniformeplus.tn\/index.php\/product\/blouse-de-travail-femme-rayee-manche-longue\/\" \/>\n<meta property=\"og:locale\" content=\"fr_FR\" \/>\n<meta property=\"og:type\" content=\"article\" \/>\n<meta property=\"og:title\" content=\"BLOUSE DE TRAVAIL FEMME RAY\u00c9E MANCHE LONGUE\" \/>\n<meta property=\"og:description\" content=\"R\u00e9f\u00e9rence : BFRML001 Cette Blouse de Travail pour femme et une blouse professionnelle adapt\u00e9 pour le secteur du\u00a0nettoyage\u00a0ou bien de l&#039;h\u00f4tellerie\" \/>\n<meta property=\"og:url\" content=\"https:\/\/uniformeplus.tn\/index.php\/product\/blouse-de-travail-femme-rayee-manche-longue\/\" \/>\n<meta property=\"og:site_name\" content=\"uniformeplus - V\u00eatements de travail\" \/>\n<meta property=\"article:publisher\" content=\"https:\/\/www.facebook.com\/uniforconfection.uniformeplus\" \/>\n<meta property=\"article:modified_time\" content=\"2025-11-11T08:55:17+00:00\" \/>\n<meta property=\"og:image\" content=\"https:\/\/uniformeplus.tn\/wp-content\/uploads\/2021\/03\/blouse-de-travail-rayee-col-blanc-en-coton-2.jpg\" \/>\n\t<meta property=\"og:image:width\" content=\"671\" \/>\n\t<meta property=\"og:image:height\" content=\"662\" \/>\n\t<meta property=\"og:image:type\" content=\"image\/jpeg\" \/>\n<meta name=\"twitter:card\" content=\"summary_large_image\" \/>\n<meta name=\"twitter:label1\" content=\"Prix\" \/>\n\t<meta name=\"twitter:data1\" content=\"30.000&#x62f;.&#x62a;\" \/>\n\t<meta name=\"twitter:label2\" content=\"Disponibilit\u00e9\" \/>\n\t<meta name=\"twitter:data2\" content=\"En stock\" \/>\n<script type=\"application\/ld+json\" class=\"yoast-schema-graph\">{\"@context\":\"https:\/\/schema.org\",\"@graph\":[{\"@type\":\"WebPage\",\"@id\":\"https:\/\/uniformeplus.tn\/index.php\/product\/blouse-de-travail-femme-rayee-manche-longue\/\",\"url\":\"https:\/\/uniformeplus.tn\/index.php\/product\/blouse-de-travail-femme-rayee-manche-longue\/\",\"name\":\"BLOUSE DE TRAVAIL FEMME RAY\u00c9E MANCHE LONGUE\",\"isPartOf\":{\"@id\":\"https:\/\/uniformeplus.tn\/#website\"},\"primaryImageOfPage\":{\"@id\":\"https:\/\/uniformeplus.tn\/index.php\/product\/blouse-de-travail-femme-rayee-manche-longue\/#primaryimage\"},\"image\":{\"@id\":\"https:\/\/uniformeplus.tn\/index.php\/product\/blouse-de-travail-femme-rayee-manche-longue\/#primaryimage\"},\"thumbnailUrl\":\"https:\/\/uniformeplus.tn\/wp-content\/uploads\/2021\/03\/blouse-de-travail-rayee-col-blanc-en-coton-2.jpg\",\"datePublished\":\"2021-03-31T08:56:22+00:00\",\"dateModified\":\"2025-11-11T08:55:17+00:00\",\"description\":\"R\u00e9f\u00e9rence : BFRML001 Cette Blouse de Travail pour femme et une blouse professionnelle adapt\u00e9 pour le secteur du\u00a0nettoyage\u00a0ou bien de l'h\u00f4tellerie\",\"breadcrumb\":{\"@id\":\"https:\/\/uniformeplus.tn\/index.php\/product\/blouse-de-travail-femme-rayee-manche-longue\/#breadcrumb\"},\"inLanguage\":\"fr-FR\",\"potentialAction\":[{\"@type\":\"ReadAction\",\"target\":[\"https:\/\/uniformeplus.tn\/index.php\/product\/blouse-de-travail-femme-rayee-manche-longue\/\"]}]},{\"@type\":\"ImageObject\",\"inLanguage\":\"fr-FR\",\"@id\":\"https:\/\/uniformeplus.tn\/index.php\/product\/blouse-de-travail-femme-rayee-manche-longue\/#primaryimage\",\"url\":\"https:\/\/uniformeplus.tn\/wp-content\/uploads\/2021\/03\/blouse-de-travail-rayee-col-blanc-en-coton-2.jpg\",\"contentUrl\":\"https:\/\/uniformeplus.tn\/wp-content\/uploads\/2021\/03\/blouse-de-travail-rayee-col-blanc-en-coton-2.jpg\",\"width\":671,\"height\":662},{\"@type\":\"BreadcrumbList\",\"@id\":\"https:\/\/uniformeplus.tn\/index.php\/product\/blouse-de-travail-femme-rayee-manche-longue\/#breadcrumb\",\"itemListElement\":[{\"@type\":\"ListItem\",\"position\":1,\"name\":\"Accueil\",\"item\":\"https:\/\/uniformeplus.tn\/\"},{\"@type\":\"ListItem\",\"position\":2,\"name\":\"Shop\",\"item\":\"https:\/\/uniformeplus.tn\/index.php\/shop-2\/\"},{\"@type\":\"ListItem\",\"position\":3,\"name\":\"M\u00c9TIERS\",\"item\":\"https:\/\/uniformeplus.tn\/index.php\/product-category\/metiers\/\"},{\"@type\":\"ListItem\",\"position\":4,\"name\":\"HOTELLERIE\",\"item\":\"https:\/\/uniformeplus.tn\/index.php\/product-category\/metiers\/hotellerie\/\"},{\"@type\":\"ListItem\",\"position\":5,\"name\":\"Tenues femme de chambre\",\"item\":\"https:\/\/uniformeplus.tn\/index.php\/product-category\/metiers\/hotellerie\/tenues-femme-de-chambre\/\"},{\"@type\":\"ListItem\",\"position\":6,\"name\":\"BLOUSE DE TRAVAIL FEMME RAY\u00c9E MANCHE LONGUE\"}]},{\"@type\":\"WebSite\",\"@id\":\"https:\/\/uniformeplus.tn\/#website\",\"url\":\"https:\/\/uniformeplus.tn\/\",\"name\":\"uniformeplus\",\"description\":\"v\u00eatement de travail Tunisie\",\"publisher\":{\"@id\":\"https:\/\/uniformeplus.tn\/#organization\"},\"alternateName\":\"tenue de travail en tunisie\",\"potentialAction\":[{\"@type\":\"SearchAction\",\"target\":{\"@type\":\"EntryPoint\",\"urlTemplate\":\"https:\/\/uniformeplus.tn\/?s={search_term_string}\"},\"query-input\":{\"@type\":\"PropertyValueSpecification\",\"valueRequired\":true,\"valueName\":\"search_term_string\"}}],\"inLanguage\":\"fr-FR\"},{\"@type\":\"Organization\",\"@id\":\"https:\/\/uniformeplus.tn\/#organization\",\"name\":\"tenue de travail\",\"url\":\"https:\/\/uniformeplus.tn\/\",\"logo\":{\"@type\":\"ImageObject\",\"inLanguage\":\"fr-FR\",\"@id\":\"https:\/\/uniformeplus.tn\/#\/schema\/logo\/image\/\",\"url\":\"https:\/\/uniformeplus.tn\/wp-content\/uploads\/2021\/01\/logo.png\",\"contentUrl\":\"https:\/\/uniformeplus.tn\/wp-content\/uploads\/2021\/01\/logo.png\",\"width\":112,\"height\":112,\"caption\":\"tenue de travail\"},\"image\":{\"@id\":\"https:\/\/uniformeplus.tn\/#\/schema\/logo\/image\/\"},\"sameAs\":[\"https:\/\/www.facebook.com\/uniforconfection.uniformeplus\"],\"hasMerchantReturnPolicy\":{\"@type\":\"MerchantReturnPolicy\",\"merchantReturnLink\":\"https:\/\/uniformeplus.tn\/index.php\/politique-de-retour\/\"}}]}<\/script>\n<meta property=\"product:price:amount\" content=\"30.000\" \/>\n<meta property=\"product:price:currency\" content=\"TND\" \/>\n<meta property=\"og:availability\" content=\"instock\" \/>\n<meta property=\"product:availability\" content=\"instock\" \/>\n<meta property=\"product:retailer_item_id\" content=\"BFRML001\" \/>\n<meta property=\"product:condition\" content=\"new\" \/>\n<!-- \/ Yoast SEO Premium plugin. -->","yoast_head_json":{"title":"BLOUSE DE TRAVAIL FEMME RAY\u00c9E MANCHE LONGUE","description":"R\u00e9f\u00e9rence : BFRML001 Cette Blouse de Travail pour femme et une blouse professionnelle adapt\u00e9 pour le secteur du\u00a0nettoyage\u00a0ou bien de l'h\u00f4tellerie","robots":{"index":"index","follow":"follow","max-snippet":"max-snippet:-1","max-image-preview":"max-image-preview:large","max-video-preview":"max-video-preview:-1"},"canonical":"https:\/\/uniformeplus.tn\/index.php\/product\/blouse-de-travail-femme-rayee-manche-longue\/","og_locale":"fr_FR","og_type":"article","og_title":"BLOUSE DE TRAVAIL FEMME RAY\u00c9E MANCHE LONGUE","og_description":"R\u00e9f\u00e9rence : BFRML001 Cette Blouse de Travail pour femme et une blouse professionnelle adapt\u00e9 pour le secteur du\u00a0nettoyage\u00a0ou bien de l'h\u00f4tellerie","og_url":"https:\/\/uniformeplus.tn\/index.php\/product\/blouse-de-travail-femme-rayee-manche-longue\/","og_site_name":"uniformeplus - V\u00eatements de travail","article_publisher":"https:\/\/www.facebook.com\/uniforconfection.uniformeplus","article_modified_time":"2025-11-11T08:55:17+00:00","og_image":[{"width":671,"height":662,"url":"https:\/\/uniformeplus.tn\/wp-content\/uploads\/2021\/03\/blouse-de-travail-rayee-col-blanc-en-coton-2.jpg","type":"image\/jpeg"}],"twitter_card":"summary_large_image","twitter_misc":{"Prix":"30.000&#x62f;.&#x62a;","Disponibilit\u00e9":"En stock"},"schema":{"@context":"https:\/\/schema.org","@graph":[{"@type":"WebPage","@id":"https:\/\/uniformeplus.tn\/index.php\/product\/blouse-de-travail-femme-rayee-manche-longue\/","url":"https:\/\/uniformeplus.tn\/index.php\/product\/blouse-de-travail-femme-rayee-manche-longue\/","name":"BLOUSE DE TRAVAIL FEMME RAY\u00c9E MANCHE LONGUE","isPartOf":{"@id":"https:\/\/uniformeplus.tn\/#website"},"primaryImageOfPage":{"@id":"https:\/\/uniformeplus.tn\/index.php\/product\/blouse-de-travail-femme-rayee-manche-longue\/#primaryimage"},"image":{"@id":"https:\/\/uniformeplus.tn\/index.php\/product\/blouse-de-travail-femme-rayee-manche-longue\/#primaryimage"},"thumbnailUrl":"https:\/\/uniformeplus.tn\/wp-content\/uploads\/2021\/03\/blouse-de-travail-rayee-col-blanc-en-coton-2.jpg","datePublished":"2021-03-31T08:56:22+00:00","dateModified":"2025-11-11T08:55:17+00:00","description":"R\u00e9f\u00e9rence : BFRML001 Cette Blouse de Travail pour femme et une blouse professionnelle adapt\u00e9 pour le secteur du\u00a0nettoyage\u00a0ou bien de l'h\u00f4tellerie","breadcrumb":{"@id":"https:\/\/uniformeplus.tn\/index.php\/product\/blouse-de-travail-femme-rayee-manche-longue\/#breadcrumb"},"inLanguage":"fr-FR","potentialAction":[{"@type":"ReadAction","target":["https:\/\/uniformeplus.tn\/index.php\/product\/blouse-de-travail-femme-rayee-manche-longue\/"]}]},{"@type":"ImageObject","inLanguage":"fr-FR","@id":"https:\/\/uniformeplus.tn\/index.php\/product\/blouse-de-travail-femme-rayee-manche-longue\/#primaryimage","url":"https:\/\/uniformeplus.tn\/wp-content\/uploads\/2021\/03\/blouse-de-travail-rayee-col-blanc-en-coton-2.jpg","contentUrl":"https:\/\/uniformeplus.tn\/wp-content\/uploads\/2021\/03\/blouse-de-travail-rayee-col-blanc-en-coton-2.jpg","width":671,"height":662},{"@type":"BreadcrumbList","@id":"https:\/\/uniformeplus.tn\/index.php\/product\/blouse-de-travail-femme-rayee-manche-longue\/#breadcrumb","itemListElement":[{"@type":"ListItem","position":1,"name":"Accueil","item":"https:\/\/uniformeplus.tn\/"},{"@type":"ListItem","position":2,"name":"Shop","item":"https:\/\/uniformeplus.tn\/index.php\/shop-2\/"},{"@type":"ListItem","position":3,"name":"M\u00c9TIERS","item":"https:\/\/uniformeplus.tn\/index.php\/product-category\/metiers\/"},{"@type":"ListItem","position":4,"name":"HOTELLERIE","item":"https:\/\/uniformeplus.tn\/index.php\/product-category\/metiers\/hotellerie\/"},{"@type":"ListItem","position":5,"name":"Tenues femme de chambre","item":"https:\/\/uniformeplus.tn\/index.php\/product-category\/metiers\/hotellerie\/tenues-femme-de-chambre\/"},{"@type":"ListItem","position":6,"name":"BLOUSE DE TRAVAIL FEMME RAY\u00c9E MANCHE LONGUE"}]},{"@type":"WebSite","@id":"https:\/\/uniformeplus.tn\/#website","url":"https:\/\/uniformeplus.tn\/","name":"uniformeplus","description":"v\u00eatement de travail Tunisie","publisher":{"@id":"https:\/\/uniformeplus.tn\/#organization"},"alternateName":"tenue de travail en tunisie","potentialAction":[{"@type":"SearchAction","target":{"@type":"EntryPoint","urlTemplate":"https:\/\/uniformeplus.tn\/?s={search_term_string}"},"query-input":{"@type":"PropertyValueSpecification","valueRequired":true,"valueName":"search_term_string"}}],"inLanguage":"fr-FR"},{"@type":"Organization","@id":"https:\/\/uniformeplus.tn\/#organization","name":"tenue de travail","url":"https:\/\/uniformeplus.tn\/","logo":{"@type":"ImageObject","inLanguage":"fr-FR","@id":"https:\/\/uniformeplus.tn\/#\/schema\/logo\/image\/","url":"https:\/\/uniformeplus.tn\/wp-content\/uploads\/2021\/01\/logo.png","contentUrl":"https:\/\/uniformeplus.tn\/wp-content\/uploads\/2021\/01\/logo.png","width":112,"height":112,"caption":"tenue de travail"},"image":{"@id":"https:\/\/uniformeplus.tn\/#\/schema\/logo\/image\/"},"sameAs":["https:\/\/www.facebook.com\/uniforconfection.uniformeplus"],"hasMerchantReturnPolicy":{"@type":"MerchantReturnPolicy","merchantReturnLink":"https:\/\/uniformeplus.tn\/index.php\/politique-de-retour\/"}}]},"product_price_amount":"30.000","product_price_currency":"TND","og_availability":"instock","product_availability":"instock","product_retailer_item_id":"BFRML001","product_condition":"new"},"_links":{"self":[{"href":"https:\/\/uniformeplus.tn\/index.php\/wp-json\/wp\/v2\/product\/16420","targetHints":{"allow":["GET"]}}],"collection":[{"href":"https:\/\/uniformeplus.tn\/index.php\/wp-json\/wp\/v2\/product"}],"about":[{"href":"https:\/\/uniformeplus.tn\/index.php\/wp-json\/wp\/v2\/types\/product"}],"replies":[{"embeddable":true,"href":"https:\/\/uniformeplus.tn\/index.php\/wp-json\/wp\/v2\/comments?post=16420"}],"wp:featuredmedia":[{"embeddable":true,"href":"https:\/\/uniformeplus.tn\/index.php\/wp-json\/wp\/v2\/media\/16421"}],"wp:attachment":[{"href":"https:\/\/uniformeplus.tn\/index.php\/wp-json\/wp\/v2\/media?parent=16420"}],"wp:term":[{"taxonomy":"product_brand","embeddable":true,"href":"https:\/\/uniformeplus.tn\/index.php\/wp-json\/wp\/v2\/product_brand?post=16420"},{"taxonomy":"product_cat","embeddable":true,"href":"https:\/\/uniformeplus.tn\/index.php\/wp-json\/wp\/v2\/product_cat?post=16420"},{"taxonomy":"product_tag","embeddable":true,"href":"https:\/\/uniformeplus.tn\/index.php\/wp-json\/wp\/v2\/product_tag?post=16420"}],"curies":[{"name":"wp","href":"https:\/\/api.w.org\/{rel}","templated":true}]}}