{"id":16443,"date":"2021-08-06T15:18:52","date_gmt":"2021-08-06T13:18:52","guid":{"rendered":"http:\/\/www.uniformeplus.tn\/?post_type=product&#038;p=16443"},"modified":"2025-05-25T19:19:22","modified_gmt":"2025-05-25T17:19:22","slug":"combinaison-de-travail-bicolore","status":"publish","type":"product","link":"https:\/\/uniformeplus.tn\/index.php\/product\/combinaison-de-travail-bicolore\/","title":{"rendered":"combinaison de travail bicolore"},"content":{"rendered":"<h2>D\u00e9tails<\/h2>\n<ul>\n<li>band fleurissant au manche + dos + devant<\/li>\n<li>Elastique a la taille dos<\/li>\n<li>L\u00e9g\u00e8rement \u00e9lastique au bas du manche<\/li>\n<li>6 poche 4 sur le devant 2 au dos du pantalon<\/li>\n<\/ul>\n<h2>Tissus<\/h2>\n<p>35% coton 65% polystaire 240 g m2<\/p>\n<h2>Couleur<\/h2>\n<p>noir &#8211; oranger<\/p>\n<p>bleu roi &#8211; oranger<\/p>\n<p>bleu marine &#8211; oranger<\/p>\n","protected":false},"excerpt":{"rendered":"<p>R\u00e9f\u00e9rence : <a href=\"http:\/\/www.uniformeplus.tn\/index.php\/product\/combinaison-de-travail-bicolore\/\">CDTBO001<\/a><\/p>\n<p>Cette combinaison haute visibilit\u00e9 disponible dans de nombreux coloris contrast\u00e9s. Ces contrastes se trouvent aux endroits les plus salissants. Ce\u00a0<strong>v\u00eatement haute visibilit\u00e9 <\/strong>\u00a0poss\u00e8de\u00a0de nombreuses poches fonctionnelles<\/p>\n","protected":false},"featured_media":16445,"comment_status":"open","ping_status":"closed","template":"","meta":{"_acf_changed":false},"product_brand":[],"product_cat":[264,270,342,351,247,304,266,331,235,267,269,302,303,301,237,268,227,341],"product_tag":[],"class_list":{"0":"post-16443","1":"product","2":"type-product","3":"status-publish","4":"has-post-thumbnail","6":"product_cat-btp-et-chantiers","7":"product_cat-carreleur","8":"product_cat-combinaison-de-travail","9":"product_cat-combinaison-haute-visivilite","10":"product_cat-combinaisons","11":"product_cat-construction-industrielle","12":"product_cat-couvreur-zingueur","13":"product_cat-haute-visibilite","14":"product_cat-industrie","15":"product_cat-macon","16":"product_cat-ouvrier","17":"product_cat-ouvrier-industrie","18":"product_cat-service-maintenance","19":"product_cat-technicien","20":"product_cat-technicien-operateur-maintenance","21":"product_cat-travaux-publics","22":"product_cat-vetement-de-travail","23":"product_cat-vetement-de-travail-pas-cher","25":"first","26":"instock","27":"taxable","28":"shipping-taxable","29":"purchasable","30":"product-type-simple"},"acf":[],"yoast_head":"<!-- This site is optimized with the Yoast SEO Premium plugin v26.3 (Yoast SEO v26.3) - https:\/\/yoast.com\/wordpress\/plugins\/seo\/ -->\n<title>combinaison de travail bicolore<\/title>\n<meta name=\"description\" content=\"R\u00e9f\u00e9rence : CDTBO001  Cette combinaison haute visibilit\u00e9 disponible dans de nombreux coloris contrast\u00e9s. Ces contrastes se trouvent aux endroits les plus salissants. Ce\u00a0v\u00eatement haute visibilit\u00e9 \u00a0poss\u00e8de\u00a0de nombreuses poches fonctionnelles\" \/>\n<meta name=\"robots\" content=\"index, follow, max-snippet:-1, max-image-preview:large, max-video-preview:-1\" \/>\n<link rel=\"canonical\" href=\"https:\/\/uniformeplus.tn\/index.php\/product\/combinaison-de-travail-bicolore\/\" \/>\n<meta property=\"og:locale\" content=\"fr_FR\" \/>\n<meta property=\"og:type\" content=\"article\" \/>\n<meta property=\"og:title\" content=\"combinaison de travail bicolore\" \/>\n<meta property=\"og:description\" content=\"R\u00e9f\u00e9rence : CDTBO001  Cette combinaison haute visibilit\u00e9 disponible dans de nombreux coloris contrast\u00e9s. Ces contrastes se trouvent aux endroits les plus salissants. Ce\u00a0v\u00eatement haute visibilit\u00e9 \u00a0poss\u00e8de\u00a0de nombreuses poches fonctionnelles\" \/>\n<meta property=\"og:url\" content=\"https:\/\/uniformeplus.tn\/index.php\/product\/combinaison-de-travail-bicolore\/\" \/>\n<meta property=\"og:site_name\" content=\"uniformeplus - V\u00eatements de travail\" \/>\n<meta property=\"article:publisher\" content=\"https:\/\/www.facebook.com\/uniforconfection.uniformeplus\" \/>\n<meta property=\"article:modified_time\" content=\"2025-05-25T17:19:22+00:00\" \/>\n<meta property=\"og:image\" content=\"https:\/\/uniformeplus.tn\/wp-content\/uploads\/2021\/08\/IMG_20210603_154447-Recove3red-Red-scaled.jpg\" \/>\n\t<meta property=\"og:image:width\" content=\"2560\" \/>\n\t<meta property=\"og:image:height\" content=\"2560\" \/>\n\t<meta property=\"og:image:type\" content=\"image\/jpeg\" \/>\n<meta name=\"twitter:card\" content=\"summary_large_image\" \/>\n<meta name=\"twitter:label1\" content=\"Prix\" \/>\n\t<meta name=\"twitter:data1\" content=\"75.000&#x62f;.&#x62a;\" \/>\n\t<meta name=\"twitter:label2\" content=\"Disponibilit\u00e9\" \/>\n\t<meta name=\"twitter:data2\" content=\"En stock\" \/>\n<script type=\"application\/ld+json\" class=\"yoast-schema-graph\">{\"@context\":\"https:\/\/schema.org\",\"@graph\":[{\"@type\":\"WebPage\",\"@id\":\"https:\/\/uniformeplus.tn\/index.php\/product\/combinaison-de-travail-bicolore\/\",\"url\":\"https:\/\/uniformeplus.tn\/index.php\/product\/combinaison-de-travail-bicolore\/\",\"name\":\"combinaison de travail bicolore\",\"isPartOf\":{\"@id\":\"https:\/\/uniformeplus.tn\/#website\"},\"primaryImageOfPage\":{\"@id\":\"https:\/\/uniformeplus.tn\/index.php\/product\/combinaison-de-travail-bicolore\/#primaryimage\"},\"image\":{\"@id\":\"https:\/\/uniformeplus.tn\/index.php\/product\/combinaison-de-travail-bicolore\/#primaryimage\"},\"thumbnailUrl\":\"https:\/\/uniformeplus.tn\/wp-content\/uploads\/2021\/08\/IMG_20210603_154447-Recove3red-Red-scaled.jpg\",\"datePublished\":\"2021-08-06T13:18:52+00:00\",\"dateModified\":\"2025-05-25T17:19:22+00:00\",\"description\":\"R\u00e9f\u00e9rence : CDTBO001 Cette combinaison haute visibilit\u00e9 disponible dans de nombreux coloris contrast\u00e9s. Ces contrastes se trouvent aux endroits les plus salissants. Ce\u00a0v\u00eatement haute visibilit\u00e9 \u00a0poss\u00e8de\u00a0de nombreuses poches fonctionnelles\",\"breadcrumb\":{\"@id\":\"https:\/\/uniformeplus.tn\/index.php\/product\/combinaison-de-travail-bicolore\/#breadcrumb\"},\"inLanguage\":\"fr-FR\",\"potentialAction\":[{\"@type\":\"ReadAction\",\"target\":[\"https:\/\/uniformeplus.tn\/index.php\/product\/combinaison-de-travail-bicolore\/\"]}]},{\"@type\":\"ImageObject\",\"inLanguage\":\"fr-FR\",\"@id\":\"https:\/\/uniformeplus.tn\/index.php\/product\/combinaison-de-travail-bicolore\/#primaryimage\",\"url\":\"https:\/\/uniformeplus.tn\/wp-content\/uploads\/2021\/08\/IMG_20210603_154447-Recove3red-Red-scaled.jpg\",\"contentUrl\":\"https:\/\/uniformeplus.tn\/wp-content\/uploads\/2021\/08\/IMG_20210603_154447-Recove3red-Red-scaled.jpg\",\"width\":2560,\"height\":2560},{\"@type\":\"BreadcrumbList\",\"@id\":\"https:\/\/uniformeplus.tn\/index.php\/product\/combinaison-de-travail-bicolore\/#breadcrumb\",\"itemListElement\":[{\"@type\":\"ListItem\",\"position\":1,\"name\":\"Accueil\",\"item\":\"https:\/\/uniformeplus.tn\/\"},{\"@type\":\"ListItem\",\"position\":2,\"name\":\"Shop\",\"item\":\"https:\/\/uniformeplus.tn\/index.php\/shop-2\/\"},{\"@type\":\"ListItem\",\"position\":3,\"name\":\"M\u00c9TIERS\",\"item\":\"https:\/\/uniformeplus.tn\/index.php\/product-category\/metiers\/\"},{\"@type\":\"ListItem\",\"position\":4,\"name\":\"BTP ET CHANTIERS\",\"item\":\"https:\/\/uniformeplus.tn\/index.php\/product-category\/metiers\/btp-et-chantiers\/\"},{\"@type\":\"ListItem\",\"position\":5,\"name\":\"Carreleur\",\"item\":\"https:\/\/uniformeplus.tn\/index.php\/product-category\/metiers\/btp-et-chantiers\/carreleur\/\"},{\"@type\":\"ListItem\",\"position\":6,\"name\":\"combinaison de travail bicolore\"}]},{\"@type\":\"WebSite\",\"@id\":\"https:\/\/uniformeplus.tn\/#website\",\"url\":\"https:\/\/uniformeplus.tn\/\",\"name\":\"uniformeplus\",\"description\":\"v\u00eatement de travail Tunisie\",\"publisher\":{\"@id\":\"https:\/\/uniformeplus.tn\/#organization\"},\"alternateName\":\"tenue de travail en tunisie\",\"potentialAction\":[{\"@type\":\"SearchAction\",\"target\":{\"@type\":\"EntryPoint\",\"urlTemplate\":\"https:\/\/uniformeplus.tn\/?s={search_term_string}\"},\"query-input\":{\"@type\":\"PropertyValueSpecification\",\"valueRequired\":true,\"valueName\":\"search_term_string\"}}],\"inLanguage\":\"fr-FR\"},{\"@type\":\"Organization\",\"@id\":\"https:\/\/uniformeplus.tn\/#organization\",\"name\":\"tenue de travail\",\"url\":\"https:\/\/uniformeplus.tn\/\",\"logo\":{\"@type\":\"ImageObject\",\"inLanguage\":\"fr-FR\",\"@id\":\"https:\/\/uniformeplus.tn\/#\/schema\/logo\/image\/\",\"url\":\"https:\/\/uniformeplus.tn\/wp-content\/uploads\/2021\/01\/logo.png\",\"contentUrl\":\"https:\/\/uniformeplus.tn\/wp-content\/uploads\/2021\/01\/logo.png\",\"width\":112,\"height\":112,\"caption\":\"tenue de travail\"},\"image\":{\"@id\":\"https:\/\/uniformeplus.tn\/#\/schema\/logo\/image\/\"},\"sameAs\":[\"https:\/\/www.facebook.com\/uniforconfection.uniformeplus\"],\"hasMerchantReturnPolicy\":{\"@type\":\"MerchantReturnPolicy\",\"merchantReturnLink\":\"https:\/\/uniformeplus.tn\/index.php\/politique-de-retour\/\"}}]}<\/script>\n<meta property=\"product:price:amount\" content=\"75.000\" \/>\n<meta property=\"product:price:currency\" content=\"TND\" \/>\n<meta property=\"og:availability\" content=\"instock\" \/>\n<meta property=\"product:availability\" content=\"instock\" \/>\n<meta property=\"product:retailer_item_id\" content=\"CDTBO001\" \/>\n<meta property=\"product:condition\" content=\"new\" \/>\n<!-- \/ Yoast SEO Premium plugin. -->","yoast_head_json":{"title":"combinaison de travail bicolore","description":"R\u00e9f\u00e9rence : CDTBO001  Cette combinaison haute visibilit\u00e9 disponible dans de nombreux coloris contrast\u00e9s. Ces contrastes se trouvent aux endroits les plus salissants. Ce\u00a0v\u00eatement haute visibilit\u00e9 \u00a0poss\u00e8de\u00a0de nombreuses poches fonctionnelles","robots":{"index":"index","follow":"follow","max-snippet":"max-snippet:-1","max-image-preview":"max-image-preview:large","max-video-preview":"max-video-preview:-1"},"canonical":"https:\/\/uniformeplus.tn\/index.php\/product\/combinaison-de-travail-bicolore\/","og_locale":"fr_FR","og_type":"article","og_title":"combinaison de travail bicolore","og_description":"R\u00e9f\u00e9rence : CDTBO001  Cette combinaison haute visibilit\u00e9 disponible dans de nombreux coloris contrast\u00e9s. Ces contrastes se trouvent aux endroits les plus salissants. Ce\u00a0v\u00eatement haute visibilit\u00e9 \u00a0poss\u00e8de\u00a0de nombreuses poches fonctionnelles","og_url":"https:\/\/uniformeplus.tn\/index.php\/product\/combinaison-de-travail-bicolore\/","og_site_name":"uniformeplus - V\u00eatements de travail","article_publisher":"https:\/\/www.facebook.com\/uniforconfection.uniformeplus","article_modified_time":"2025-05-25T17:19:22+00:00","og_image":[{"width":2560,"height":2560,"url":"https:\/\/uniformeplus.tn\/wp-content\/uploads\/2021\/08\/IMG_20210603_154447-Recove3red-Red-scaled.jpg","type":"image\/jpeg"}],"twitter_card":"summary_large_image","twitter_misc":{"Prix":"75.000&#x62f;.&#x62a;","Disponibilit\u00e9":"En stock"},"schema":{"@context":"https:\/\/schema.org","@graph":[{"@type":"WebPage","@id":"https:\/\/uniformeplus.tn\/index.php\/product\/combinaison-de-travail-bicolore\/","url":"https:\/\/uniformeplus.tn\/index.php\/product\/combinaison-de-travail-bicolore\/","name":"combinaison de travail bicolore","isPartOf":{"@id":"https:\/\/uniformeplus.tn\/#website"},"primaryImageOfPage":{"@id":"https:\/\/uniformeplus.tn\/index.php\/product\/combinaison-de-travail-bicolore\/#primaryimage"},"image":{"@id":"https:\/\/uniformeplus.tn\/index.php\/product\/combinaison-de-travail-bicolore\/#primaryimage"},"thumbnailUrl":"https:\/\/uniformeplus.tn\/wp-content\/uploads\/2021\/08\/IMG_20210603_154447-Recove3red-Red-scaled.jpg","datePublished":"2021-08-06T13:18:52+00:00","dateModified":"2025-05-25T17:19:22+00:00","description":"R\u00e9f\u00e9rence : CDTBO001 Cette combinaison haute visibilit\u00e9 disponible dans de nombreux coloris contrast\u00e9s. Ces contrastes se trouvent aux endroits les plus salissants. Ce\u00a0v\u00eatement haute visibilit\u00e9 \u00a0poss\u00e8de\u00a0de nombreuses poches fonctionnelles","breadcrumb":{"@id":"https:\/\/uniformeplus.tn\/index.php\/product\/combinaison-de-travail-bicolore\/#breadcrumb"},"inLanguage":"fr-FR","potentialAction":[{"@type":"ReadAction","target":["https:\/\/uniformeplus.tn\/index.php\/product\/combinaison-de-travail-bicolore\/"]}]},{"@type":"ImageObject","inLanguage":"fr-FR","@id":"https:\/\/uniformeplus.tn\/index.php\/product\/combinaison-de-travail-bicolore\/#primaryimage","url":"https:\/\/uniformeplus.tn\/wp-content\/uploads\/2021\/08\/IMG_20210603_154447-Recove3red-Red-scaled.jpg","contentUrl":"https:\/\/uniformeplus.tn\/wp-content\/uploads\/2021\/08\/IMG_20210603_154447-Recove3red-Red-scaled.jpg","width":2560,"height":2560},{"@type":"BreadcrumbList","@id":"https:\/\/uniformeplus.tn\/index.php\/product\/combinaison-de-travail-bicolore\/#breadcrumb","itemListElement":[{"@type":"ListItem","position":1,"name":"Accueil","item":"https:\/\/uniformeplus.tn\/"},{"@type":"ListItem","position":2,"name":"Shop","item":"https:\/\/uniformeplus.tn\/index.php\/shop-2\/"},{"@type":"ListItem","position":3,"name":"M\u00c9TIERS","item":"https:\/\/uniformeplus.tn\/index.php\/product-category\/metiers\/"},{"@type":"ListItem","position":4,"name":"BTP ET CHANTIERS","item":"https:\/\/uniformeplus.tn\/index.php\/product-category\/metiers\/btp-et-chantiers\/"},{"@type":"ListItem","position":5,"name":"Carreleur","item":"https:\/\/uniformeplus.tn\/index.php\/product-category\/metiers\/btp-et-chantiers\/carreleur\/"},{"@type":"ListItem","position":6,"name":"combinaison de travail bicolore"}]},{"@type":"WebSite","@id":"https:\/\/uniformeplus.tn\/#website","url":"https:\/\/uniformeplus.tn\/","name":"uniformeplus","description":"v\u00eatement de travail Tunisie","publisher":{"@id":"https:\/\/uniformeplus.tn\/#organization"},"alternateName":"tenue de travail en tunisie","potentialAction":[{"@type":"SearchAction","target":{"@type":"EntryPoint","urlTemplate":"https:\/\/uniformeplus.tn\/?s={search_term_string}"},"query-input":{"@type":"PropertyValueSpecification","valueRequired":true,"valueName":"search_term_string"}}],"inLanguage":"fr-FR"},{"@type":"Organization","@id":"https:\/\/uniformeplus.tn\/#organization","name":"tenue de travail","url":"https:\/\/uniformeplus.tn\/","logo":{"@type":"ImageObject","inLanguage":"fr-FR","@id":"https:\/\/uniformeplus.tn\/#\/schema\/logo\/image\/","url":"https:\/\/uniformeplus.tn\/wp-content\/uploads\/2021\/01\/logo.png","contentUrl":"https:\/\/uniformeplus.tn\/wp-content\/uploads\/2021\/01\/logo.png","width":112,"height":112,"caption":"tenue de travail"},"image":{"@id":"https:\/\/uniformeplus.tn\/#\/schema\/logo\/image\/"},"sameAs":["https:\/\/www.facebook.com\/uniforconfection.uniformeplus"],"hasMerchantReturnPolicy":{"@type":"MerchantReturnPolicy","merchantReturnLink":"https:\/\/uniformeplus.tn\/index.php\/politique-de-retour\/"}}]},"product_price_amount":"75.000","product_price_currency":"TND","og_availability":"instock","product_availability":"instock","product_retailer_item_id":"CDTBO001","product_condition":"new"},"_links":{"self":[{"href":"https:\/\/uniformeplus.tn\/index.php\/wp-json\/wp\/v2\/product\/16443","targetHints":{"allow":["GET"]}}],"collection":[{"href":"https:\/\/uniformeplus.tn\/index.php\/wp-json\/wp\/v2\/product"}],"about":[{"href":"https:\/\/uniformeplus.tn\/index.php\/wp-json\/wp\/v2\/types\/product"}],"replies":[{"embeddable":true,"href":"https:\/\/uniformeplus.tn\/index.php\/wp-json\/wp\/v2\/comments?post=16443"}],"wp:featuredmedia":[{"embeddable":true,"href":"https:\/\/uniformeplus.tn\/index.php\/wp-json\/wp\/v2\/media\/16445"}],"wp:attachment":[{"href":"https:\/\/uniformeplus.tn\/index.php\/wp-json\/wp\/v2\/media?parent=16443"}],"wp:term":[{"taxonomy":"product_brand","embeddable":true,"href":"https:\/\/uniformeplus.tn\/index.php\/wp-json\/wp\/v2\/product_brand?post=16443"},{"taxonomy":"product_cat","embeddable":true,"href":"https:\/\/uniformeplus.tn\/index.php\/wp-json\/wp\/v2\/product_cat?post=16443"},{"taxonomy":"product_tag","embeddable":true,"href":"https:\/\/uniformeplus.tn\/index.php\/wp-json\/wp\/v2\/product_tag?post=16443"}],"curies":[{"name":"wp","href":"https:\/\/api.w.org\/{rel}","templated":true}]}}