{"id":16465,"date":"2021-08-20T09:37:17","date_gmt":"2021-08-20T07:37:17","guid":{"rendered":"http:\/\/www.uniformeplus.tn\/?post_type=product&#038;p=16465"},"modified":"2024-11-26T13:46:53","modified_gmt":"2024-11-26T12:46:53","slug":"tablier-jardin-denfant-gris-garcon","status":"publish","type":"product","link":"https:\/\/uniformeplus.tn\/index.php\/product\/tablier-jardin-denfant-gris-garcon\/","title":{"rendered":"Tablier jardin d&#8217;enfant gris gar\u00e7on"},"content":{"rendered":"<p>Voil\u00e0 un tablier pour les cosmonautes en herbe ou les petits gar\u00e7ons qui r\u00eavent d\u2019espace. Oubliez les tabliers trop classiques pour les gar\u00e7ons, cette blouse revisite les codes du genre pour lui donner plus de modernit\u00e9 : col carr\u00e9, poche\u00a0Petite fus\u00e9e, fermeture par scratches.<\/p>\n<p><strong>Les plus :\u00a0<\/strong><\/p>\n<p>&#8211; Fermeture et ouverture en un clin d&#8217;oeil gr\u00e2ce \u00e0 ses scratches<br \/>\n&#8211; Manches \u00e9lastiqu\u00e9es<br \/>\n&#8211; Accroche-blouse<br \/>\n&#8211; Poche fantaisie<\/p>\n","protected":false},"excerpt":{"rendered":"<p>R\u00e9f\u00e9rence : <a href=\"http:\/\/www.uniformeplus.tn\/index.php\/product\/tablier-jardin-denfant-gris-garcon\/\">TJEG001<\/a><\/p>\n<p>Voil\u00e0 un tablier pour les cosmonautes en herbe ou les petits gar\u00e7ons qui r\u00eavent d\u2019espace. Oubliez les tabliers trop classiques pour les gar\u00e7ons, cette blouse revisite les codes du genre pour lui donner plus de modernit\u00e9 : col carr\u00e9, poche\u00a0Petite fus\u00e9e, fermeture par scratches.<\/p>\n","protected":false},"featured_media":16466,"comment_status":"open","ping_status":"closed","template":"","meta":{"_acf_changed":false},"product_brand":[],"product_cat":[311,310],"product_tag":[],"class_list":{"0":"post-16465","1":"product","2":"type-product","3":"status-publish","4":"has-post-thumbnail","6":"product_cat-jardin-denfant","7":"product_cat-tablier-ecole","9":"first","10":"instock","11":"taxable","12":"shipping-taxable","13":"product-type-simple"},"acf":[],"yoast_head":"<!-- This site is optimized with the Yoast SEO Premium plugin v26.3 (Yoast SEO v26.3) - https:\/\/yoast.com\/wordpress\/plugins\/seo\/ -->\n<title>Tablier jardin d&#039;enfant gris gar\u00e7on<\/title>\n<meta name=\"description\" content=\"R\u00e9f\u00e9rence : TJEG001  Voil\u00e0 un tablier pour les cosmonautes en herbe ou les petits gar\u00e7ons qui r\u00eavent d\u2019espace. Oubliez les tabliers trop classiques pour les gar\u00e7ons, cette blouse revisite les codes du genre pour lui donner plus de modernit\u00e9 : col carr\u00e9, poche\u00a0Petite fus\u00e9e, fermeture par scratches.\" \/>\n<meta name=\"robots\" content=\"index, follow, max-snippet:-1, max-image-preview:large, max-video-preview:-1\" \/>\n<link rel=\"canonical\" href=\"https:\/\/uniformeplus.tn\/index.php\/product\/tablier-jardin-denfant-gris-garcon\/\" \/>\n<meta property=\"og:locale\" content=\"fr_FR\" \/>\n<meta property=\"og:type\" content=\"article\" \/>\n<meta property=\"og:title\" content=\"Tablier jardin d&#039;enfant gris gar\u00e7on\" \/>\n<meta property=\"og:description\" content=\"R\u00e9f\u00e9rence : TJEG001  Voil\u00e0 un tablier pour les cosmonautes en herbe ou les petits gar\u00e7ons qui r\u00eavent d\u2019espace. Oubliez les tabliers trop classiques pour les gar\u00e7ons, cette blouse revisite les codes du genre pour lui donner plus de modernit\u00e9 : col carr\u00e9, poche\u00a0Petite fus\u00e9e, fermeture par scratches.\" \/>\n<meta property=\"og:url\" content=\"https:\/\/uniformeplus.tn\/index.php\/product\/tablier-jardin-denfant-gris-garcon\/\" \/>\n<meta property=\"og:site_name\" content=\"uniformeplus - V\u00eatements de travail\" \/>\n<meta property=\"article:publisher\" content=\"https:\/\/www.facebook.com\/uniforconfection.uniformeplus\" \/>\n<meta property=\"article:modified_time\" content=\"2024-11-26T12:46:53+00:00\" \/>\n<meta property=\"og:image\" content=\"https:\/\/uniformeplus.tn\/wp-content\/uploads\/2021\/08\/Tablier-jardin-denfant-gris-garcon.png\" \/>\n\t<meta property=\"og:image:width\" content=\"800\" \/>\n\t<meta property=\"og:image:height\" content=\"800\" \/>\n\t<meta property=\"og:image:type\" content=\"image\/png\" \/>\n<meta name=\"twitter:card\" content=\"summary_large_image\" \/>\n<meta name=\"twitter:label1\" content=\"Prix\" \/>\n\t<meta name=\"twitter:data1\" content=\"\" \/>\n\t<meta name=\"twitter:label2\" content=\"Disponibilit\u00e9\" \/>\n\t<meta name=\"twitter:data2\" content=\"En stock\" \/>\n<script type=\"application\/ld+json\" class=\"yoast-schema-graph\">{\"@context\":\"https:\/\/schema.org\",\"@graph\":[{\"@type\":\"WebPage\",\"@id\":\"https:\/\/uniformeplus.tn\/index.php\/product\/tablier-jardin-denfant-gris-garcon\/\",\"url\":\"https:\/\/uniformeplus.tn\/index.php\/product\/tablier-jardin-denfant-gris-garcon\/\",\"name\":\"Tablier jardin d'enfant gris gar\u00e7on\",\"isPartOf\":{\"@id\":\"https:\/\/uniformeplus.tn\/#website\"},\"primaryImageOfPage\":{\"@id\":\"https:\/\/uniformeplus.tn\/index.php\/product\/tablier-jardin-denfant-gris-garcon\/#primaryimage\"},\"image\":{\"@id\":\"https:\/\/uniformeplus.tn\/index.php\/product\/tablier-jardin-denfant-gris-garcon\/#primaryimage\"},\"thumbnailUrl\":\"https:\/\/uniformeplus.tn\/wp-content\/uploads\/2021\/08\/Tablier-jardin-denfant-gris-garcon.png\",\"datePublished\":\"2021-08-20T07:37:17+00:00\",\"dateModified\":\"2024-11-26T12:46:53+00:00\",\"description\":\"R\u00e9f\u00e9rence : TJEG001 Voil\u00e0 un tablier pour les cosmonautes en herbe ou les petits gar\u00e7ons qui r\u00eavent d\u2019espace. Oubliez les tabliers trop classiques pour les gar\u00e7ons, cette blouse revisite les codes du genre pour lui donner plus de modernit\u00e9 : col carr\u00e9, poche\u00a0Petite fus\u00e9e, fermeture par scratches.\",\"breadcrumb\":{\"@id\":\"https:\/\/uniformeplus.tn\/index.php\/product\/tablier-jardin-denfant-gris-garcon\/#breadcrumb\"},\"inLanguage\":\"fr-FR\",\"potentialAction\":[{\"@type\":\"ReadAction\",\"target\":[\"https:\/\/uniformeplus.tn\/index.php\/product\/tablier-jardin-denfant-gris-garcon\/\"]}]},{\"@type\":\"ImageObject\",\"inLanguage\":\"fr-FR\",\"@id\":\"https:\/\/uniformeplus.tn\/index.php\/product\/tablier-jardin-denfant-gris-garcon\/#primaryimage\",\"url\":\"https:\/\/uniformeplus.tn\/wp-content\/uploads\/2021\/08\/Tablier-jardin-denfant-gris-garcon.png\",\"contentUrl\":\"https:\/\/uniformeplus.tn\/wp-content\/uploads\/2021\/08\/Tablier-jardin-denfant-gris-garcon.png\",\"width\":800,\"height\":800,\"caption\":\"Tablier jardin d'enfant gris gar\u00e7on\"},{\"@type\":\"BreadcrumbList\",\"@id\":\"https:\/\/uniformeplus.tn\/index.php\/product\/tablier-jardin-denfant-gris-garcon\/#breadcrumb\",\"itemListElement\":[{\"@type\":\"ListItem\",\"position\":1,\"name\":\"Accueil\",\"item\":\"https:\/\/uniformeplus.tn\/\"},{\"@type\":\"ListItem\",\"position\":2,\"name\":\"Shop\",\"item\":\"https:\/\/uniformeplus.tn\/index.php\/shop-2\/\"},{\"@type\":\"ListItem\",\"position\":3,\"name\":\"TABLIER ECOLE\",\"item\":\"https:\/\/uniformeplus.tn\/index.php\/product-category\/tablier-ecole\/\"},{\"@type\":\"ListItem\",\"position\":4,\"name\":\"JARDIN D'ENFANT\",\"item\":\"https:\/\/uniformeplus.tn\/index.php\/product-category\/tablier-ecole\/jardin-denfant\/\"},{\"@type\":\"ListItem\",\"position\":5,\"name\":\"Tablier jardin d&#8217;enfant gris gar\u00e7on\"}]},{\"@type\":\"WebSite\",\"@id\":\"https:\/\/uniformeplus.tn\/#website\",\"url\":\"https:\/\/uniformeplus.tn\/\",\"name\":\"uniformeplus\",\"description\":\"v\u00eatement de travail Tunisie\",\"publisher\":{\"@id\":\"https:\/\/uniformeplus.tn\/#organization\"},\"alternateName\":\"tenue de travail en tunisie\",\"potentialAction\":[{\"@type\":\"SearchAction\",\"target\":{\"@type\":\"EntryPoint\",\"urlTemplate\":\"https:\/\/uniformeplus.tn\/?s={search_term_string}\"},\"query-input\":{\"@type\":\"PropertyValueSpecification\",\"valueRequired\":true,\"valueName\":\"search_term_string\"}}],\"inLanguage\":\"fr-FR\"},{\"@type\":\"Organization\",\"@id\":\"https:\/\/uniformeplus.tn\/#organization\",\"name\":\"tenue de travail\",\"url\":\"https:\/\/uniformeplus.tn\/\",\"logo\":{\"@type\":\"ImageObject\",\"inLanguage\":\"fr-FR\",\"@id\":\"https:\/\/uniformeplus.tn\/#\/schema\/logo\/image\/\",\"url\":\"https:\/\/uniformeplus.tn\/wp-content\/uploads\/2021\/01\/logo.png\",\"contentUrl\":\"https:\/\/uniformeplus.tn\/wp-content\/uploads\/2021\/01\/logo.png\",\"width\":112,\"height\":112,\"caption\":\"tenue de travail\"},\"image\":{\"@id\":\"https:\/\/uniformeplus.tn\/#\/schema\/logo\/image\/\"},\"sameAs\":[\"https:\/\/www.facebook.com\/uniforconfection.uniformeplus\"],\"hasMerchantReturnPolicy\":{\"@type\":\"MerchantReturnPolicy\",\"merchantReturnLink\":\"https:\/\/uniformeplus.tn\/index.php\/politique-de-retour\/\"}}]}<\/script>\n<meta property=\"product:price:currency\" content=\"TND\" \/>\n<meta property=\"og:availability\" content=\"instock\" \/>\n<meta property=\"product:availability\" content=\"instock\" \/>\n<meta property=\"product:retailer_item_id\" content=\"TJEG001\" \/>\n<meta property=\"product:condition\" content=\"new\" \/>\n<!-- \/ Yoast SEO Premium plugin. -->","yoast_head_json":{"title":"Tablier jardin d'enfant gris gar\u00e7on","description":"R\u00e9f\u00e9rence : TJEG001  Voil\u00e0 un tablier pour les cosmonautes en herbe ou les petits gar\u00e7ons qui r\u00eavent d\u2019espace. Oubliez les tabliers trop classiques pour les gar\u00e7ons, cette blouse revisite les codes du genre pour lui donner plus de modernit\u00e9 : col carr\u00e9, poche\u00a0Petite fus\u00e9e, fermeture par scratches.","robots":{"index":"index","follow":"follow","max-snippet":"max-snippet:-1","max-image-preview":"max-image-preview:large","max-video-preview":"max-video-preview:-1"},"canonical":"https:\/\/uniformeplus.tn\/index.php\/product\/tablier-jardin-denfant-gris-garcon\/","og_locale":"fr_FR","og_type":"article","og_title":"Tablier jardin d'enfant gris gar\u00e7on","og_description":"R\u00e9f\u00e9rence : TJEG001  Voil\u00e0 un tablier pour les cosmonautes en herbe ou les petits gar\u00e7ons qui r\u00eavent d\u2019espace. Oubliez les tabliers trop classiques pour les gar\u00e7ons, cette blouse revisite les codes du genre pour lui donner plus de modernit\u00e9 : col carr\u00e9, poche\u00a0Petite fus\u00e9e, fermeture par scratches.","og_url":"https:\/\/uniformeplus.tn\/index.php\/product\/tablier-jardin-denfant-gris-garcon\/","og_site_name":"uniformeplus - V\u00eatements de travail","article_publisher":"https:\/\/www.facebook.com\/uniforconfection.uniformeplus","article_modified_time":"2024-11-26T12:46:53+00:00","og_image":[{"width":800,"height":800,"url":"https:\/\/uniformeplus.tn\/wp-content\/uploads\/2021\/08\/Tablier-jardin-denfant-gris-garcon.png","type":"image\/png"}],"twitter_card":"summary_large_image","twitter_misc":{"Prix":"","Disponibilit\u00e9":"En stock"},"schema":{"@context":"https:\/\/schema.org","@graph":[{"@type":"WebPage","@id":"https:\/\/uniformeplus.tn\/index.php\/product\/tablier-jardin-denfant-gris-garcon\/","url":"https:\/\/uniformeplus.tn\/index.php\/product\/tablier-jardin-denfant-gris-garcon\/","name":"Tablier jardin d'enfant gris gar\u00e7on","isPartOf":{"@id":"https:\/\/uniformeplus.tn\/#website"},"primaryImageOfPage":{"@id":"https:\/\/uniformeplus.tn\/index.php\/product\/tablier-jardin-denfant-gris-garcon\/#primaryimage"},"image":{"@id":"https:\/\/uniformeplus.tn\/index.php\/product\/tablier-jardin-denfant-gris-garcon\/#primaryimage"},"thumbnailUrl":"https:\/\/uniformeplus.tn\/wp-content\/uploads\/2021\/08\/Tablier-jardin-denfant-gris-garcon.png","datePublished":"2021-08-20T07:37:17+00:00","dateModified":"2024-11-26T12:46:53+00:00","description":"R\u00e9f\u00e9rence : TJEG001 Voil\u00e0 un tablier pour les cosmonautes en herbe ou les petits gar\u00e7ons qui r\u00eavent d\u2019espace. Oubliez les tabliers trop classiques pour les gar\u00e7ons, cette blouse revisite les codes du genre pour lui donner plus de modernit\u00e9 : col carr\u00e9, poche\u00a0Petite fus\u00e9e, fermeture par scratches.","breadcrumb":{"@id":"https:\/\/uniformeplus.tn\/index.php\/product\/tablier-jardin-denfant-gris-garcon\/#breadcrumb"},"inLanguage":"fr-FR","potentialAction":[{"@type":"ReadAction","target":["https:\/\/uniformeplus.tn\/index.php\/product\/tablier-jardin-denfant-gris-garcon\/"]}]},{"@type":"ImageObject","inLanguage":"fr-FR","@id":"https:\/\/uniformeplus.tn\/index.php\/product\/tablier-jardin-denfant-gris-garcon\/#primaryimage","url":"https:\/\/uniformeplus.tn\/wp-content\/uploads\/2021\/08\/Tablier-jardin-denfant-gris-garcon.png","contentUrl":"https:\/\/uniformeplus.tn\/wp-content\/uploads\/2021\/08\/Tablier-jardin-denfant-gris-garcon.png","width":800,"height":800,"caption":"Tablier jardin d'enfant gris gar\u00e7on"},{"@type":"BreadcrumbList","@id":"https:\/\/uniformeplus.tn\/index.php\/product\/tablier-jardin-denfant-gris-garcon\/#breadcrumb","itemListElement":[{"@type":"ListItem","position":1,"name":"Accueil","item":"https:\/\/uniformeplus.tn\/"},{"@type":"ListItem","position":2,"name":"Shop","item":"https:\/\/uniformeplus.tn\/index.php\/shop-2\/"},{"@type":"ListItem","position":3,"name":"TABLIER ECOLE","item":"https:\/\/uniformeplus.tn\/index.php\/product-category\/tablier-ecole\/"},{"@type":"ListItem","position":4,"name":"JARDIN D'ENFANT","item":"https:\/\/uniformeplus.tn\/index.php\/product-category\/tablier-ecole\/jardin-denfant\/"},{"@type":"ListItem","position":5,"name":"Tablier jardin d&#8217;enfant gris gar\u00e7on"}]},{"@type":"WebSite","@id":"https:\/\/uniformeplus.tn\/#website","url":"https:\/\/uniformeplus.tn\/","name":"uniformeplus","description":"v\u00eatement de travail Tunisie","publisher":{"@id":"https:\/\/uniformeplus.tn\/#organization"},"alternateName":"tenue de travail en tunisie","potentialAction":[{"@type":"SearchAction","target":{"@type":"EntryPoint","urlTemplate":"https:\/\/uniformeplus.tn\/?s={search_term_string}"},"query-input":{"@type":"PropertyValueSpecification","valueRequired":true,"valueName":"search_term_string"}}],"inLanguage":"fr-FR"},{"@type":"Organization","@id":"https:\/\/uniformeplus.tn\/#organization","name":"tenue de travail","url":"https:\/\/uniformeplus.tn\/","logo":{"@type":"ImageObject","inLanguage":"fr-FR","@id":"https:\/\/uniformeplus.tn\/#\/schema\/logo\/image\/","url":"https:\/\/uniformeplus.tn\/wp-content\/uploads\/2021\/01\/logo.png","contentUrl":"https:\/\/uniformeplus.tn\/wp-content\/uploads\/2021\/01\/logo.png","width":112,"height":112,"caption":"tenue de travail"},"image":{"@id":"https:\/\/uniformeplus.tn\/#\/schema\/logo\/image\/"},"sameAs":["https:\/\/www.facebook.com\/uniforconfection.uniformeplus"],"hasMerchantReturnPolicy":{"@type":"MerchantReturnPolicy","merchantReturnLink":"https:\/\/uniformeplus.tn\/index.php\/politique-de-retour\/"}}]},"product_price_currency":"TND","og_availability":"instock","product_availability":"instock","product_retailer_item_id":"TJEG001","product_condition":"new"},"_links":{"self":[{"href":"https:\/\/uniformeplus.tn\/index.php\/wp-json\/wp\/v2\/product\/16465","targetHints":{"allow":["GET"]}}],"collection":[{"href":"https:\/\/uniformeplus.tn\/index.php\/wp-json\/wp\/v2\/product"}],"about":[{"href":"https:\/\/uniformeplus.tn\/index.php\/wp-json\/wp\/v2\/types\/product"}],"replies":[{"embeddable":true,"href":"https:\/\/uniformeplus.tn\/index.php\/wp-json\/wp\/v2\/comments?post=16465"}],"wp:featuredmedia":[{"embeddable":true,"href":"https:\/\/uniformeplus.tn\/index.php\/wp-json\/wp\/v2\/media\/16466"}],"wp:attachment":[{"href":"https:\/\/uniformeplus.tn\/index.php\/wp-json\/wp\/v2\/media?parent=16465"}],"wp:term":[{"taxonomy":"product_brand","embeddable":true,"href":"https:\/\/uniformeplus.tn\/index.php\/wp-json\/wp\/v2\/product_brand?post=16465"},{"taxonomy":"product_cat","embeddable":true,"href":"https:\/\/uniformeplus.tn\/index.php\/wp-json\/wp\/v2\/product_cat?post=16465"},{"taxonomy":"product_tag","embeddable":true,"href":"https:\/\/uniformeplus.tn\/index.php\/wp-json\/wp\/v2\/product_tag?post=16465"}],"curies":[{"name":"wp","href":"https:\/\/api.w.org\/{rel}","templated":true}]}}