{"id":16482,"date":"2021-09-03T10:50:53","date_gmt":"2021-09-03T08:50:53","guid":{"rendered":"http:\/\/www.uniformeplus.tn\/?post_type=product&#038;p=16482"},"modified":"2025-05-25T19:23:59","modified_gmt":"2025-05-25T17:23:59","slug":"blouse-de-travail-femme-blanc-raye-rouge","status":"publish","type":"product","link":"https:\/\/uniformeplus.tn\/index.php\/product\/blouse-de-travail-femme-blanc-raye-rouge\/","title":{"rendered":"BLOUSE DE TRAVAIL FEMME BLANC RAYE ROUGE"},"content":{"rendered":"<div id=\"onglet\" class=\"tabs\">\n<div id=\"tab-content\" class=\"tab-content\">\n<div id=\"description\" class=\"tab-pane fade active in\" role=\"tabpanel\" aria-expanded=\"true\">\n<div class=\"product-description\">\n<ul>\n<li>Fermeture boutons<\/li>\n<li>Manches courtes<\/li>\n<li>2 Poches devant<\/li>\n<li>1 Poche poitrine<\/li>\n<\/ul>\n<h2>Tissu :<\/h2>\n<p>35% Coton, 65% Polyester<\/p>\n<p><strong><img decoding=\"async\" src=\"https:\/\/www.biomidi.fr\/media\/40s-clb-sb-r2-p.jpg\" alt=\"Lavable \u00e0 40\u00b0C\" width=\"255\" height=\"32\" \/>\u00a0<\/strong><\/p>\n<p><a class=\"xsm\" href=\"http:\/\/www.uniformeplus.tn\/wp-content\/uploads\/2021\/03\/conseils-entretien.jpg\">voir signification des symboles<\/a><\/p>\n<\/div>\n<\/div>\n<\/div>\n<\/div>\n<div id=\"nosto-page-product1\" class=\"nosto_element\"><\/div>\n","protected":false},"excerpt":{"rendered":"<p>R\u00e9f\u00e9rence : <a href=\"http:\/\/www.uniformeplus.tn\/index.php\/product\/blouse-de-travail-femme-blanc-raye-rouge\/\">BFBR01<\/a><\/p>\n<p><a href=\"http:\/\/www.uniformeplus.tn\/index.php\/product\/blouse-de-travail-femme-blanc-raye-rouge\/\">Cette Blouse De Travail Blanc Ray\u00e9 Rouge<\/a> pour femme \u00e0 manches courtes , son col et ses boutons contrast\u00e9s de blanc. Sa coupe cintr\u00e9e la rend tr\u00e8s saillante, et vous offrira une allure f\u00e9minine, cot\u00e9 finition ses trois poches plaqu\u00e9es la rendent tr\u00e8s pratique! Disponible \u00e9galement bleu ou bordeaux ray\u00e9 blanc<\/p>\n","protected":false},"featured_media":16483,"comment_status":"open","ping_status":"closed","template":"","meta":{"_acf_changed":false},"product_brand":[],"product_cat":[246,348,227],"product_tag":[],"class_list":{"0":"post-16482","1":"product","2":"type-product","3":"status-publish","4":"has-post-thumbnail","6":"product_cat-blouses","7":"product_cat-blouses-femme","8":"product_cat-vetement-de-travail","10":"first","11":"instock","12":"taxable","13":"shipping-taxable","14":"purchasable","15":"product-type-simple"},"acf":[],"yoast_head":"<!-- This site is optimized with the Yoast SEO Premium plugin v26.3 (Yoast SEO v26.3) - https:\/\/yoast.com\/wordpress\/plugins\/seo\/ -->\n<title>BLOUSE DE TRAVAIL FEMME BLANC RAYE ROUGE<\/title>\n<meta name=\"description\" content=\"Cette Blouse De Travail Blanc Ray\u00e9 Rouge pour femme \u00e0 manches courtes , son col et ses boutons contrast\u00e9s de blanc.\" \/>\n<meta name=\"robots\" content=\"index, follow, max-snippet:-1, max-image-preview:large, max-video-preview:-1\" \/>\n<link rel=\"canonical\" href=\"https:\/\/uniformeplus.tn\/index.php\/product\/blouse-de-travail-femme-blanc-raye-rouge\/\" \/>\n<meta property=\"og:locale\" content=\"fr_FR\" \/>\n<meta property=\"og:type\" content=\"article\" \/>\n<meta property=\"og:title\" content=\"BLOUSE DE TRAVAIL FEMME BLANC RAYE ROUGE\" \/>\n<meta property=\"og:description\" content=\"Cette Blouse De Travail Blanc Ray\u00e9 Rouge pour femme \u00e0 manches courtes , son col et ses boutons contrast\u00e9s de blanc.\" \/>\n<meta property=\"og:url\" content=\"https:\/\/uniformeplus.tn\/index.php\/product\/blouse-de-travail-femme-blanc-raye-rouge\/\" \/>\n<meta property=\"og:site_name\" content=\"uniformeplus - V\u00eatements de travail\" \/>\n<meta property=\"article:publisher\" content=\"https:\/\/www.facebook.com\/uniforconfection.uniformeplus\" \/>\n<meta property=\"article:modified_time\" content=\"2025-05-25T17:23:59+00:00\" \/>\n<meta property=\"og:image\" content=\"https:\/\/uniformeplus.tn\/wp-content\/uploads\/2021\/09\/blouse-de-travail-femme-blanc-Raye-Rouge.jpg\" \/>\n\t<meta property=\"og:image:width\" content=\"1325\" \/>\n\t<meta property=\"og:image:height\" content=\"1325\" \/>\n\t<meta property=\"og:image:type\" content=\"image\/jpeg\" \/>\n<meta name=\"twitter:card\" content=\"summary_large_image\" \/>\n<meta name=\"twitter:label1\" content=\"Prix\" \/>\n\t<meta name=\"twitter:data1\" content=\"30.000&#x62f;.&#x62a;\" \/>\n\t<meta name=\"twitter:label2\" content=\"Disponibilit\u00e9\" \/>\n\t<meta name=\"twitter:data2\" content=\"En stock\" \/>\n<script type=\"application\/ld+json\" class=\"yoast-schema-graph\">{\"@context\":\"https:\/\/schema.org\",\"@graph\":[{\"@type\":\"WebPage\",\"@id\":\"https:\/\/uniformeplus.tn\/index.php\/product\/blouse-de-travail-femme-blanc-raye-rouge\/\",\"url\":\"https:\/\/uniformeplus.tn\/index.php\/product\/blouse-de-travail-femme-blanc-raye-rouge\/\",\"name\":\"BLOUSE DE TRAVAIL FEMME BLANC RAYE ROUGE\",\"isPartOf\":{\"@id\":\"https:\/\/uniformeplus.tn\/#website\"},\"primaryImageOfPage\":{\"@id\":\"https:\/\/uniformeplus.tn\/index.php\/product\/blouse-de-travail-femme-blanc-raye-rouge\/#primaryimage\"},\"image\":{\"@id\":\"https:\/\/uniformeplus.tn\/index.php\/product\/blouse-de-travail-femme-blanc-raye-rouge\/#primaryimage\"},\"thumbnailUrl\":\"https:\/\/uniformeplus.tn\/wp-content\/uploads\/2021\/09\/blouse-de-travail-femme-blanc-Raye-Rouge.jpg\",\"datePublished\":\"2021-09-03T08:50:53+00:00\",\"dateModified\":\"2025-05-25T17:23:59+00:00\",\"description\":\"Cette Blouse De Travail Blanc Ray\u00e9 Rouge pour femme \u00e0 manches courtes , son col et ses boutons contrast\u00e9s de blanc.\",\"breadcrumb\":{\"@id\":\"https:\/\/uniformeplus.tn\/index.php\/product\/blouse-de-travail-femme-blanc-raye-rouge\/#breadcrumb\"},\"inLanguage\":\"fr-FR\",\"potentialAction\":[{\"@type\":\"ReadAction\",\"target\":[\"https:\/\/uniformeplus.tn\/index.php\/product\/blouse-de-travail-femme-blanc-raye-rouge\/\"]}]},{\"@type\":\"ImageObject\",\"inLanguage\":\"fr-FR\",\"@id\":\"https:\/\/uniformeplus.tn\/index.php\/product\/blouse-de-travail-femme-blanc-raye-rouge\/#primaryimage\",\"url\":\"https:\/\/uniformeplus.tn\/wp-content\/uploads\/2021\/09\/blouse-de-travail-femme-blanc-Raye-Rouge.jpg\",\"contentUrl\":\"https:\/\/uniformeplus.tn\/wp-content\/uploads\/2021\/09\/blouse-de-travail-femme-blanc-Raye-Rouge.jpg\",\"width\":1325,\"height\":1325,\"caption\":\"blouse-de-travail-femme-blanc-Raye-Rouge\"},{\"@type\":\"BreadcrumbList\",\"@id\":\"https:\/\/uniformeplus.tn\/index.php\/product\/blouse-de-travail-femme-blanc-raye-rouge\/#breadcrumb\",\"itemListElement\":[{\"@type\":\"ListItem\",\"position\":1,\"name\":\"Accueil\",\"item\":\"https:\/\/uniformeplus.tn\/\"},{\"@type\":\"ListItem\",\"position\":2,\"name\":\"Shop\",\"item\":\"https:\/\/uniformeplus.tn\/index.php\/shop-2\/\"},{\"@type\":\"ListItem\",\"position\":3,\"name\":\"V\u00caTEMENT DE TRAVAIL\",\"item\":\"https:\/\/uniformeplus.tn\/index.php\/product-category\/vetement-de-travail\/\"},{\"@type\":\"ListItem\",\"position\":4,\"name\":\"BLOUSES\",\"item\":\"https:\/\/uniformeplus.tn\/index.php\/product-category\/vetement-de-travail\/blouses\/\"},{\"@type\":\"ListItem\",\"position\":5,\"name\":\"BLOUSE DE TRAVAIL FEMME BLANC RAYE ROUGE\"}]},{\"@type\":\"WebSite\",\"@id\":\"https:\/\/uniformeplus.tn\/#website\",\"url\":\"https:\/\/uniformeplus.tn\/\",\"name\":\"uniformeplus\",\"description\":\"v\u00eatement de travail Tunisie\",\"publisher\":{\"@id\":\"https:\/\/uniformeplus.tn\/#organization\"},\"alternateName\":\"tenue de travail en tunisie\",\"potentialAction\":[{\"@type\":\"SearchAction\",\"target\":{\"@type\":\"EntryPoint\",\"urlTemplate\":\"https:\/\/uniformeplus.tn\/?s={search_term_string}\"},\"query-input\":{\"@type\":\"PropertyValueSpecification\",\"valueRequired\":true,\"valueName\":\"search_term_string\"}}],\"inLanguage\":\"fr-FR\"},{\"@type\":\"Organization\",\"@id\":\"https:\/\/uniformeplus.tn\/#organization\",\"name\":\"tenue de travail\",\"url\":\"https:\/\/uniformeplus.tn\/\",\"logo\":{\"@type\":\"ImageObject\",\"inLanguage\":\"fr-FR\",\"@id\":\"https:\/\/uniformeplus.tn\/#\/schema\/logo\/image\/\",\"url\":\"https:\/\/uniformeplus.tn\/wp-content\/uploads\/2021\/01\/logo.png\",\"contentUrl\":\"https:\/\/uniformeplus.tn\/wp-content\/uploads\/2021\/01\/logo.png\",\"width\":112,\"height\":112,\"caption\":\"tenue de travail\"},\"image\":{\"@id\":\"https:\/\/uniformeplus.tn\/#\/schema\/logo\/image\/\"},\"sameAs\":[\"https:\/\/www.facebook.com\/uniforconfection.uniformeplus\"],\"hasMerchantReturnPolicy\":{\"@type\":\"MerchantReturnPolicy\",\"merchantReturnLink\":\"https:\/\/uniformeplus.tn\/index.php\/politique-de-retour\/\"}}]}<\/script>\n<meta property=\"product:price:amount\" content=\"30.000\" \/>\n<meta property=\"product:price:currency\" content=\"TND\" \/>\n<meta property=\"og:availability\" content=\"instock\" \/>\n<meta property=\"product:availability\" content=\"instock\" \/>\n<meta property=\"product:retailer_item_id\" content=\"BFBR01\" \/>\n<meta property=\"product:condition\" content=\"new\" \/>\n<!-- \/ Yoast SEO Premium plugin. -->","yoast_head_json":{"title":"BLOUSE DE TRAVAIL FEMME BLANC RAYE ROUGE","description":"Cette Blouse De Travail Blanc Ray\u00e9 Rouge pour femme \u00e0 manches courtes , son col et ses boutons contrast\u00e9s de blanc.","robots":{"index":"index","follow":"follow","max-snippet":"max-snippet:-1","max-image-preview":"max-image-preview:large","max-video-preview":"max-video-preview:-1"},"canonical":"https:\/\/uniformeplus.tn\/index.php\/product\/blouse-de-travail-femme-blanc-raye-rouge\/","og_locale":"fr_FR","og_type":"article","og_title":"BLOUSE DE TRAVAIL FEMME BLANC RAYE ROUGE","og_description":"Cette Blouse De Travail Blanc Ray\u00e9 Rouge pour femme \u00e0 manches courtes , son col et ses boutons contrast\u00e9s de blanc.","og_url":"https:\/\/uniformeplus.tn\/index.php\/product\/blouse-de-travail-femme-blanc-raye-rouge\/","og_site_name":"uniformeplus - V\u00eatements de travail","article_publisher":"https:\/\/www.facebook.com\/uniforconfection.uniformeplus","article_modified_time":"2025-05-25T17:23:59+00:00","og_image":[{"width":1325,"height":1325,"url":"https:\/\/uniformeplus.tn\/wp-content\/uploads\/2021\/09\/blouse-de-travail-femme-blanc-Raye-Rouge.jpg","type":"image\/jpeg"}],"twitter_card":"summary_large_image","twitter_misc":{"Prix":"30.000&#x62f;.&#x62a;","Disponibilit\u00e9":"En stock"},"schema":{"@context":"https:\/\/schema.org","@graph":[{"@type":"WebPage","@id":"https:\/\/uniformeplus.tn\/index.php\/product\/blouse-de-travail-femme-blanc-raye-rouge\/","url":"https:\/\/uniformeplus.tn\/index.php\/product\/blouse-de-travail-femme-blanc-raye-rouge\/","name":"BLOUSE DE TRAVAIL FEMME BLANC RAYE ROUGE","isPartOf":{"@id":"https:\/\/uniformeplus.tn\/#website"},"primaryImageOfPage":{"@id":"https:\/\/uniformeplus.tn\/index.php\/product\/blouse-de-travail-femme-blanc-raye-rouge\/#primaryimage"},"image":{"@id":"https:\/\/uniformeplus.tn\/index.php\/product\/blouse-de-travail-femme-blanc-raye-rouge\/#primaryimage"},"thumbnailUrl":"https:\/\/uniformeplus.tn\/wp-content\/uploads\/2021\/09\/blouse-de-travail-femme-blanc-Raye-Rouge.jpg","datePublished":"2021-09-03T08:50:53+00:00","dateModified":"2025-05-25T17:23:59+00:00","description":"Cette Blouse De Travail Blanc Ray\u00e9 Rouge pour femme \u00e0 manches courtes , son col et ses boutons contrast\u00e9s de blanc.","breadcrumb":{"@id":"https:\/\/uniformeplus.tn\/index.php\/product\/blouse-de-travail-femme-blanc-raye-rouge\/#breadcrumb"},"inLanguage":"fr-FR","potentialAction":[{"@type":"ReadAction","target":["https:\/\/uniformeplus.tn\/index.php\/product\/blouse-de-travail-femme-blanc-raye-rouge\/"]}]},{"@type":"ImageObject","inLanguage":"fr-FR","@id":"https:\/\/uniformeplus.tn\/index.php\/product\/blouse-de-travail-femme-blanc-raye-rouge\/#primaryimage","url":"https:\/\/uniformeplus.tn\/wp-content\/uploads\/2021\/09\/blouse-de-travail-femme-blanc-Raye-Rouge.jpg","contentUrl":"https:\/\/uniformeplus.tn\/wp-content\/uploads\/2021\/09\/blouse-de-travail-femme-blanc-Raye-Rouge.jpg","width":1325,"height":1325,"caption":"blouse-de-travail-femme-blanc-Raye-Rouge"},{"@type":"BreadcrumbList","@id":"https:\/\/uniformeplus.tn\/index.php\/product\/blouse-de-travail-femme-blanc-raye-rouge\/#breadcrumb","itemListElement":[{"@type":"ListItem","position":1,"name":"Accueil","item":"https:\/\/uniformeplus.tn\/"},{"@type":"ListItem","position":2,"name":"Shop","item":"https:\/\/uniformeplus.tn\/index.php\/shop-2\/"},{"@type":"ListItem","position":3,"name":"V\u00caTEMENT DE TRAVAIL","item":"https:\/\/uniformeplus.tn\/index.php\/product-category\/vetement-de-travail\/"},{"@type":"ListItem","position":4,"name":"BLOUSES","item":"https:\/\/uniformeplus.tn\/index.php\/product-category\/vetement-de-travail\/blouses\/"},{"@type":"ListItem","position":5,"name":"BLOUSE DE TRAVAIL FEMME BLANC RAYE ROUGE"}]},{"@type":"WebSite","@id":"https:\/\/uniformeplus.tn\/#website","url":"https:\/\/uniformeplus.tn\/","name":"uniformeplus","description":"v\u00eatement de travail Tunisie","publisher":{"@id":"https:\/\/uniformeplus.tn\/#organization"},"alternateName":"tenue de travail en tunisie","potentialAction":[{"@type":"SearchAction","target":{"@type":"EntryPoint","urlTemplate":"https:\/\/uniformeplus.tn\/?s={search_term_string}"},"query-input":{"@type":"PropertyValueSpecification","valueRequired":true,"valueName":"search_term_string"}}],"inLanguage":"fr-FR"},{"@type":"Organization","@id":"https:\/\/uniformeplus.tn\/#organization","name":"tenue de travail","url":"https:\/\/uniformeplus.tn\/","logo":{"@type":"ImageObject","inLanguage":"fr-FR","@id":"https:\/\/uniformeplus.tn\/#\/schema\/logo\/image\/","url":"https:\/\/uniformeplus.tn\/wp-content\/uploads\/2021\/01\/logo.png","contentUrl":"https:\/\/uniformeplus.tn\/wp-content\/uploads\/2021\/01\/logo.png","width":112,"height":112,"caption":"tenue de travail"},"image":{"@id":"https:\/\/uniformeplus.tn\/#\/schema\/logo\/image\/"},"sameAs":["https:\/\/www.facebook.com\/uniforconfection.uniformeplus"],"hasMerchantReturnPolicy":{"@type":"MerchantReturnPolicy","merchantReturnLink":"https:\/\/uniformeplus.tn\/index.php\/politique-de-retour\/"}}]},"product_price_amount":"30.000","product_price_currency":"TND","og_availability":"instock","product_availability":"instock","product_retailer_item_id":"BFBR01","product_condition":"new"},"_links":{"self":[{"href":"https:\/\/uniformeplus.tn\/index.php\/wp-json\/wp\/v2\/product\/16482","targetHints":{"allow":["GET"]}}],"collection":[{"href":"https:\/\/uniformeplus.tn\/index.php\/wp-json\/wp\/v2\/product"}],"about":[{"href":"https:\/\/uniformeplus.tn\/index.php\/wp-json\/wp\/v2\/types\/product"}],"replies":[{"embeddable":true,"href":"https:\/\/uniformeplus.tn\/index.php\/wp-json\/wp\/v2\/comments?post=16482"}],"wp:featuredmedia":[{"embeddable":true,"href":"https:\/\/uniformeplus.tn\/index.php\/wp-json\/wp\/v2\/media\/16483"}],"wp:attachment":[{"href":"https:\/\/uniformeplus.tn\/index.php\/wp-json\/wp\/v2\/media?parent=16482"}],"wp:term":[{"taxonomy":"product_brand","embeddable":true,"href":"https:\/\/uniformeplus.tn\/index.php\/wp-json\/wp\/v2\/product_brand?post=16482"},{"taxonomy":"product_cat","embeddable":true,"href":"https:\/\/uniformeplus.tn\/index.php\/wp-json\/wp\/v2\/product_cat?post=16482"},{"taxonomy":"product_tag","embeddable":true,"href":"https:\/\/uniformeplus.tn\/index.php\/wp-json\/wp\/v2\/product_tag?post=16482"}],"curies":[{"name":"wp","href":"https:\/\/api.w.org\/{rel}","templated":true}]}}