{"id":16486,"date":"2021-09-06T16:46:23","date_gmt":"2021-09-06T14:46:23","guid":{"rendered":"http:\/\/www.uniformeplus.tn\/?post_type=product&#038;p=16486"},"modified":"2025-05-25T19:30:28","modified_gmt":"2025-05-25T17:30:28","slug":"tablier-professionnelle-femme-manches-longues","status":"publish","type":"product","link":"https:\/\/uniformeplus.tn\/index.php\/product\/tablier-professionnelle-femme-manches-longues\/","title":{"rendered":"tablier professionnelle de tarvail Femme manches Longues"},"content":{"rendered":"<p><a href=\"http:\/\/www.uniformeplus.tn\/index.php\/product\/blouse-professionnelle-femme-manches-longues\/\">Cette Blouse De Travail professionnelle <\/a>\u00a0pour femme \u00e0 manches langues<\/p>\n<ul>\n<li>Col tailleur ray\u00e9<\/li>\n<li>Fermeture boutons-pression inox<\/li>\n<li>Manches longues<\/li>\n<li>Deux poches basses<\/li>\n<li>Une poche poitrine<\/li>\n<\/ul>\n<h3><strong><u>Tissu<\/u>\u00a0:<\/strong><\/h3>\n<p>65% Polyester 35% Coton<\/p>\n<p><strong><img decoding=\"async\" src=\"https:\/\/www.biomidi.fr\/media\/40s-clb-sb-r2-p.jpg\" alt=\"Lavable \u00e0 40\u00b0C\" width=\"255\" height=\"32\" \/>\u00a0<\/strong><\/p>\n<p><a class=\"xsm\" href=\"http:\/\/www.uniformeplus.tn\/wp-content\/uploads\/2021\/03\/conseils-entretien.jpg\">voir signification des symboles<\/a><\/p>\n<p><strong><u>Entretien<\/u><\/strong>\u00a0:<\/p>\n<ul>\n<li>Programme de lavage 70\u00b0<\/li>\n<li>Blanchiment interdit<\/li>\n<li>Faire s\u00e9cher \u00e0 basse temp\u00e9rature (max 60\u00b0)<\/li>\n<li>Repassage \u00e0 temp\u00e9rature mod\u00e9r\u00e9e (max 150\u00b0)<\/li>\n<li>Nettoyage professionnel \u00e0 sec possible sans solvant<\/li>\n<\/ul>\n","protected":false},"excerpt":{"rendered":"<p>R\u00e9f\u00e9rence : <a href=\"http:\/\/www.uniformeplus.tn\/index.php\/product\/blouse-professionnelle-femme-manches-longues\/\">BFP001<\/a><\/p>\n<p><a href=\"http:\/\/www.uniformeplus.tn\/index.php\/product\/blouse-professionnelle-femme-manches-longues\/\">Cette Blouse professionnelle <\/a>pour femme \u00e0 manches Longues Elle dispose d\u2019une ouverture facile par boutons-pression et de trois poches.<\/p>\n","protected":false},"featured_media":16489,"comment_status":"open","ping_status":"closed","template":"","meta":{"_acf_changed":false},"product_brand":[],"product_cat":[246,348,253,227,340],"product_tag":[],"class_list":{"0":"post-16486","1":"product","2":"type-product","3":"status-publish","4":"has-post-thumbnail","6":"product_cat-blouses","7":"product_cat-blouses-femme","8":"product_cat-tablier-de-travail","9":"product_cat-vetement-de-travail","10":"product_cat-vetements-pas-chers","12":"first","13":"instock","14":"taxable","15":"shipping-taxable","16":"purchasable","17":"product-type-simple"},"acf":[],"yoast_head":"<!-- This site is optimized with the Yoast SEO Premium plugin v26.3 (Yoast SEO v26.3) - https:\/\/yoast.com\/wordpress\/plugins\/seo\/ -->\n<title>tablier professionnelle de tarvail Femme manches Longues<\/title>\n<meta name=\"description\" content=\"Cette Blouse professionnelle pour femme \u00e0 manches Longues Elle dispose d\u2019une ouverture facile par boutons-pression et de trois poches.\" \/>\n<meta name=\"robots\" content=\"index, follow, max-snippet:-1, max-image-preview:large, max-video-preview:-1\" \/>\n<link rel=\"canonical\" href=\"https:\/\/uniformeplus.tn\/index.php\/product\/tablier-professionnelle-femme-manches-longues\/\" \/>\n<meta property=\"og:locale\" content=\"fr_FR\" \/>\n<meta property=\"og:type\" content=\"article\" \/>\n<meta property=\"og:title\" content=\"tablier professionnelle de tarvail Femme manches Longues\" \/>\n<meta property=\"og:description\" content=\"Cette Blouse professionnelle pour femme \u00e0 manches Longues Elle dispose d\u2019une ouverture facile par boutons-pression et de trois poches.\" \/>\n<meta property=\"og:url\" content=\"https:\/\/uniformeplus.tn\/index.php\/product\/tablier-professionnelle-femme-manches-longues\/\" \/>\n<meta property=\"og:site_name\" content=\"uniformeplus - V\u00eatements de travail\" \/>\n<meta property=\"article:publisher\" content=\"https:\/\/www.facebook.com\/uniforconfection.uniformeplus\" \/>\n<meta property=\"article:modified_time\" content=\"2025-05-25T17:30:28+00:00\" \/>\n<meta property=\"og:image\" content=\"https:\/\/uniformeplus.tn\/wp-content\/uploads\/2021\/09\/Blouse-professionnelle-Femme-manches-Longues-124.jpg\" \/>\n\t<meta property=\"og:image:width\" content=\"1400\" \/>\n\t<meta property=\"og:image:height\" content=\"1400\" \/>\n\t<meta property=\"og:image:type\" content=\"image\/jpeg\" \/>\n<meta name=\"twitter:card\" content=\"summary_large_image\" \/>\n<meta name=\"twitter:label1\" content=\"Prix\" \/>\n\t<meta name=\"twitter:data1\" content=\"20.000&#x62f;.&#x62a;\" \/>\n\t<meta name=\"twitter:label2\" content=\"Disponibilit\u00e9\" \/>\n\t<meta name=\"twitter:data2\" content=\"En stock\" \/>\n<script type=\"application\/ld+json\" class=\"yoast-schema-graph\">{\"@context\":\"https:\/\/schema.org\",\"@graph\":[{\"@type\":\"WebPage\",\"@id\":\"https:\/\/uniformeplus.tn\/index.php\/product\/tablier-professionnelle-femme-manches-longues\/\",\"url\":\"https:\/\/uniformeplus.tn\/index.php\/product\/tablier-professionnelle-femme-manches-longues\/\",\"name\":\"tablier professionnelle de tarvail Femme manches Longues\",\"isPartOf\":{\"@id\":\"https:\/\/uniformeplus.tn\/#website\"},\"primaryImageOfPage\":{\"@id\":\"https:\/\/uniformeplus.tn\/index.php\/product\/tablier-professionnelle-femme-manches-longues\/#primaryimage\"},\"image\":{\"@id\":\"https:\/\/uniformeplus.tn\/index.php\/product\/tablier-professionnelle-femme-manches-longues\/#primaryimage\"},\"thumbnailUrl\":\"https:\/\/uniformeplus.tn\/wp-content\/uploads\/2021\/09\/Blouse-professionnelle-Femme-manches-Longues-124.jpg\",\"datePublished\":\"2021-09-06T14:46:23+00:00\",\"dateModified\":\"2025-05-25T17:30:28+00:00\",\"description\":\"Cette Blouse professionnelle pour femme \u00e0 manches Longues Elle dispose d\u2019une ouverture facile par boutons-pression et de trois poches.\",\"breadcrumb\":{\"@id\":\"https:\/\/uniformeplus.tn\/index.php\/product\/tablier-professionnelle-femme-manches-longues\/#breadcrumb\"},\"inLanguage\":\"fr-FR\",\"potentialAction\":[{\"@type\":\"ReadAction\",\"target\":[\"https:\/\/uniformeplus.tn\/index.php\/product\/tablier-professionnelle-femme-manches-longues\/\"]}]},{\"@type\":\"ImageObject\",\"inLanguage\":\"fr-FR\",\"@id\":\"https:\/\/uniformeplus.tn\/index.php\/product\/tablier-professionnelle-femme-manches-longues\/#primaryimage\",\"url\":\"https:\/\/uniformeplus.tn\/wp-content\/uploads\/2021\/09\/Blouse-professionnelle-Femme-manches-Longues-124.jpg\",\"contentUrl\":\"https:\/\/uniformeplus.tn\/wp-content\/uploads\/2021\/09\/Blouse-professionnelle-Femme-manches-Longues-124.jpg\",\"width\":1400,\"height\":1400,\"caption\":\"Blouse professionnelle Femme manches Longues\"},{\"@type\":\"BreadcrumbList\",\"@id\":\"https:\/\/uniformeplus.tn\/index.php\/product\/tablier-professionnelle-femme-manches-longues\/#breadcrumb\",\"itemListElement\":[{\"@type\":\"ListItem\",\"position\":1,\"name\":\"Accueil\",\"item\":\"https:\/\/uniformeplus.tn\/\"},{\"@type\":\"ListItem\",\"position\":2,\"name\":\"Shop\",\"item\":\"https:\/\/uniformeplus.tn\/index.php\/shop-2\/\"},{\"@type\":\"ListItem\",\"position\":3,\"name\":\"V\u00caTEMENT DE TRAVAIL\",\"item\":\"https:\/\/uniformeplus.tn\/index.php\/product-category\/vetement-de-travail\/\"},{\"@type\":\"ListItem\",\"position\":4,\"name\":\"BLOUSES\",\"item\":\"https:\/\/uniformeplus.tn\/index.php\/product-category\/vetement-de-travail\/blouses\/\"},{\"@type\":\"ListItem\",\"position\":5,\"name\":\"tablier professionnelle de tarvail Femme manches Longues\"}]},{\"@type\":\"WebSite\",\"@id\":\"https:\/\/uniformeplus.tn\/#website\",\"url\":\"https:\/\/uniformeplus.tn\/\",\"name\":\"uniformeplus\",\"description\":\"v\u00eatement de travail Tunisie\",\"publisher\":{\"@id\":\"https:\/\/uniformeplus.tn\/#organization\"},\"alternateName\":\"tenue de travail en tunisie\",\"potentialAction\":[{\"@type\":\"SearchAction\",\"target\":{\"@type\":\"EntryPoint\",\"urlTemplate\":\"https:\/\/uniformeplus.tn\/?s={search_term_string}\"},\"query-input\":{\"@type\":\"PropertyValueSpecification\",\"valueRequired\":true,\"valueName\":\"search_term_string\"}}],\"inLanguage\":\"fr-FR\"},{\"@type\":\"Organization\",\"@id\":\"https:\/\/uniformeplus.tn\/#organization\",\"name\":\"tenue de travail\",\"url\":\"https:\/\/uniformeplus.tn\/\",\"logo\":{\"@type\":\"ImageObject\",\"inLanguage\":\"fr-FR\",\"@id\":\"https:\/\/uniformeplus.tn\/#\/schema\/logo\/image\/\",\"url\":\"https:\/\/uniformeplus.tn\/wp-content\/uploads\/2021\/01\/logo.png\",\"contentUrl\":\"https:\/\/uniformeplus.tn\/wp-content\/uploads\/2021\/01\/logo.png\",\"width\":112,\"height\":112,\"caption\":\"tenue de travail\"},\"image\":{\"@id\":\"https:\/\/uniformeplus.tn\/#\/schema\/logo\/image\/\"},\"sameAs\":[\"https:\/\/www.facebook.com\/uniforconfection.uniformeplus\"],\"hasMerchantReturnPolicy\":{\"@type\":\"MerchantReturnPolicy\",\"merchantReturnLink\":\"https:\/\/uniformeplus.tn\/index.php\/politique-de-retour\/\"}}]}<\/script>\n<meta property=\"product:price:amount\" content=\"20.000\" \/>\n<meta property=\"product:price:currency\" content=\"TND\" \/>\n<meta property=\"og:availability\" content=\"instock\" \/>\n<meta property=\"product:availability\" content=\"instock\" \/>\n<meta property=\"product:retailer_item_id\" content=\"BFP001\" \/>\n<meta property=\"product:condition\" content=\"new\" \/>\n<!-- \/ Yoast SEO Premium plugin. -->","yoast_head_json":{"title":"tablier professionnelle de tarvail Femme manches Longues","description":"Cette Blouse professionnelle pour femme \u00e0 manches Longues Elle dispose d\u2019une ouverture facile par boutons-pression et de trois poches.","robots":{"index":"index","follow":"follow","max-snippet":"max-snippet:-1","max-image-preview":"max-image-preview:large","max-video-preview":"max-video-preview:-1"},"canonical":"https:\/\/uniformeplus.tn\/index.php\/product\/tablier-professionnelle-femme-manches-longues\/","og_locale":"fr_FR","og_type":"article","og_title":"tablier professionnelle de tarvail Femme manches Longues","og_description":"Cette Blouse professionnelle pour femme \u00e0 manches Longues Elle dispose d\u2019une ouverture facile par boutons-pression et de trois poches.","og_url":"https:\/\/uniformeplus.tn\/index.php\/product\/tablier-professionnelle-femme-manches-longues\/","og_site_name":"uniformeplus - V\u00eatements de travail","article_publisher":"https:\/\/www.facebook.com\/uniforconfection.uniformeplus","article_modified_time":"2025-05-25T17:30:28+00:00","og_image":[{"width":1400,"height":1400,"url":"https:\/\/uniformeplus.tn\/wp-content\/uploads\/2021\/09\/Blouse-professionnelle-Femme-manches-Longues-124.jpg","type":"image\/jpeg"}],"twitter_card":"summary_large_image","twitter_misc":{"Prix":"20.000&#x62f;.&#x62a;","Disponibilit\u00e9":"En stock"},"schema":{"@context":"https:\/\/schema.org","@graph":[{"@type":"WebPage","@id":"https:\/\/uniformeplus.tn\/index.php\/product\/tablier-professionnelle-femme-manches-longues\/","url":"https:\/\/uniformeplus.tn\/index.php\/product\/tablier-professionnelle-femme-manches-longues\/","name":"tablier professionnelle de tarvail Femme manches Longues","isPartOf":{"@id":"https:\/\/uniformeplus.tn\/#website"},"primaryImageOfPage":{"@id":"https:\/\/uniformeplus.tn\/index.php\/product\/tablier-professionnelle-femme-manches-longues\/#primaryimage"},"image":{"@id":"https:\/\/uniformeplus.tn\/index.php\/product\/tablier-professionnelle-femme-manches-longues\/#primaryimage"},"thumbnailUrl":"https:\/\/uniformeplus.tn\/wp-content\/uploads\/2021\/09\/Blouse-professionnelle-Femme-manches-Longues-124.jpg","datePublished":"2021-09-06T14:46:23+00:00","dateModified":"2025-05-25T17:30:28+00:00","description":"Cette Blouse professionnelle pour femme \u00e0 manches Longues Elle dispose d\u2019une ouverture facile par boutons-pression et de trois poches.","breadcrumb":{"@id":"https:\/\/uniformeplus.tn\/index.php\/product\/tablier-professionnelle-femme-manches-longues\/#breadcrumb"},"inLanguage":"fr-FR","potentialAction":[{"@type":"ReadAction","target":["https:\/\/uniformeplus.tn\/index.php\/product\/tablier-professionnelle-femme-manches-longues\/"]}]},{"@type":"ImageObject","inLanguage":"fr-FR","@id":"https:\/\/uniformeplus.tn\/index.php\/product\/tablier-professionnelle-femme-manches-longues\/#primaryimage","url":"https:\/\/uniformeplus.tn\/wp-content\/uploads\/2021\/09\/Blouse-professionnelle-Femme-manches-Longues-124.jpg","contentUrl":"https:\/\/uniformeplus.tn\/wp-content\/uploads\/2021\/09\/Blouse-professionnelle-Femme-manches-Longues-124.jpg","width":1400,"height":1400,"caption":"Blouse professionnelle Femme manches Longues"},{"@type":"BreadcrumbList","@id":"https:\/\/uniformeplus.tn\/index.php\/product\/tablier-professionnelle-femme-manches-longues\/#breadcrumb","itemListElement":[{"@type":"ListItem","position":1,"name":"Accueil","item":"https:\/\/uniformeplus.tn\/"},{"@type":"ListItem","position":2,"name":"Shop","item":"https:\/\/uniformeplus.tn\/index.php\/shop-2\/"},{"@type":"ListItem","position":3,"name":"V\u00caTEMENT DE TRAVAIL","item":"https:\/\/uniformeplus.tn\/index.php\/product-category\/vetement-de-travail\/"},{"@type":"ListItem","position":4,"name":"BLOUSES","item":"https:\/\/uniformeplus.tn\/index.php\/product-category\/vetement-de-travail\/blouses\/"},{"@type":"ListItem","position":5,"name":"tablier professionnelle de tarvail Femme manches Longues"}]},{"@type":"WebSite","@id":"https:\/\/uniformeplus.tn\/#website","url":"https:\/\/uniformeplus.tn\/","name":"uniformeplus","description":"v\u00eatement de travail Tunisie","publisher":{"@id":"https:\/\/uniformeplus.tn\/#organization"},"alternateName":"tenue de travail en tunisie","potentialAction":[{"@type":"SearchAction","target":{"@type":"EntryPoint","urlTemplate":"https:\/\/uniformeplus.tn\/?s={search_term_string}"},"query-input":{"@type":"PropertyValueSpecification","valueRequired":true,"valueName":"search_term_string"}}],"inLanguage":"fr-FR"},{"@type":"Organization","@id":"https:\/\/uniformeplus.tn\/#organization","name":"tenue de travail","url":"https:\/\/uniformeplus.tn\/","logo":{"@type":"ImageObject","inLanguage":"fr-FR","@id":"https:\/\/uniformeplus.tn\/#\/schema\/logo\/image\/","url":"https:\/\/uniformeplus.tn\/wp-content\/uploads\/2021\/01\/logo.png","contentUrl":"https:\/\/uniformeplus.tn\/wp-content\/uploads\/2021\/01\/logo.png","width":112,"height":112,"caption":"tenue de travail"},"image":{"@id":"https:\/\/uniformeplus.tn\/#\/schema\/logo\/image\/"},"sameAs":["https:\/\/www.facebook.com\/uniforconfection.uniformeplus"],"hasMerchantReturnPolicy":{"@type":"MerchantReturnPolicy","merchantReturnLink":"https:\/\/uniformeplus.tn\/index.php\/politique-de-retour\/"}}]},"product_price_amount":"20.000","product_price_currency":"TND","og_availability":"instock","product_availability":"instock","product_retailer_item_id":"BFP001","product_condition":"new"},"_links":{"self":[{"href":"https:\/\/uniformeplus.tn\/index.php\/wp-json\/wp\/v2\/product\/16486","targetHints":{"allow":["GET"]}}],"collection":[{"href":"https:\/\/uniformeplus.tn\/index.php\/wp-json\/wp\/v2\/product"}],"about":[{"href":"https:\/\/uniformeplus.tn\/index.php\/wp-json\/wp\/v2\/types\/product"}],"replies":[{"embeddable":true,"href":"https:\/\/uniformeplus.tn\/index.php\/wp-json\/wp\/v2\/comments?post=16486"}],"wp:featuredmedia":[{"embeddable":true,"href":"https:\/\/uniformeplus.tn\/index.php\/wp-json\/wp\/v2\/media\/16489"}],"wp:attachment":[{"href":"https:\/\/uniformeplus.tn\/index.php\/wp-json\/wp\/v2\/media?parent=16486"}],"wp:term":[{"taxonomy":"product_brand","embeddable":true,"href":"https:\/\/uniformeplus.tn\/index.php\/wp-json\/wp\/v2\/product_brand?post=16486"},{"taxonomy":"product_cat","embeddable":true,"href":"https:\/\/uniformeplus.tn\/index.php\/wp-json\/wp\/v2\/product_cat?post=16486"},{"taxonomy":"product_tag","embeddable":true,"href":"https:\/\/uniformeplus.tn\/index.php\/wp-json\/wp\/v2\/product_tag?post=16486"}],"curies":[{"name":"wp","href":"https:\/\/api.w.org\/{rel}","templated":true}]}}