{"id":16523,"date":"2021-12-06T16:16:44","date_gmt":"2021-12-06T15:16:44","guid":{"rendered":"http:\/\/www.uniformeplus.tn\/?post_type=product&#038;p=16523"},"modified":"2025-05-25T19:37:07","modified_gmt":"2025-05-25T17:37:07","slug":"tablier-serveur-avec-poche","status":"publish","type":"product","link":"https:\/\/uniformeplus.tn\/index.php\/product\/tablier-serveur-avec-poche\/","title":{"rendered":"Tablier serveur avec Poche"},"content":{"rendered":"<ul class=\"a-unordered-list a-vertical a-spacing-mini\">\n<li><span class=\"a-list-item\">Il y a une poche pratique devant le tablier. Les poches sont confortables et naturelles, le stockage est plus pratique. Vous pouvez mettre des petits outils pour rendre le travail plus efficace et plus facile.<\/span><\/li>\n<li><span class=\"a-list-item\">Les tabliers professionnels ont une finition soign\u00e9e, et les coutures sont uniformes et plates, ce qui est beau et ferme.<\/span><\/li>\n<li><span class=\"a-list-item\">La taille peut \u00eatre ajust\u00e9e avec une longue sangle pour un port facile et une esth\u00e9tique g\u00e9n\u00e9rale. Longueur adapt\u00e9e \u00e0 tous les types de corps. Id\u00e9al pour un tablier de serveur, de serveuse, de chef, de boulanger, de bistro, de boulanger, etc.<\/span><\/li>\n<li><span class=\"a-list-item\">Mat\u00e9riau : lavable \u00e0 la main ou en machine. Le tissu est durable, r\u00e9sistant \u00e0 l&#8217;usure, doux et docile, a une forte hygroscopicit\u00e9 et respirabilit\u00e9.<\/span><\/li>\n<\/ul>\n","protected":false},"excerpt":{"rendered":"<p><strong>R\u00e9f\u00e9rence : <a href=\"http:\/\/www.uniformeplus.tn\/index.php\/product\/tablier-serveur-avec-poche\/\">TS1P001<\/a><br \/>\n<span class=\"a-list-item\">Il y a une poche pratique devant le tablier. Les poches sont confortables et naturelles, le stockage est plus pratique. Vous pouvez mettre des petits outils pour rendre le travail plus efficace et plus facile<\/span><br \/>\n<\/strong><\/p>\n","protected":false},"featured_media":16526,"comment_status":"open","ping_status":"closed","template":"","meta":{"_acf_changed":false},"product_brand":[],"product_cat":[231,233,230,232],"product_tag":[],"class_list":{"0":"post-16523","1":"product","2":"type-product","3":"status-publish","4":"has-post-thumbnail","6":"product_cat-cuisine","7":"product_cat-cuisinier-boucher-charcutier","8":"product_cat-metiers","9":"product_cat-serveur","11":"first","12":"instock","13":"taxable","14":"shipping-taxable","15":"purchasable","16":"product-type-simple"},"acf":[],"yoast_head":"<!-- This site is optimized with the Yoast SEO Premium plugin v26.3 (Yoast SEO v26.3) - https:\/\/yoast.com\/wordpress\/plugins\/seo\/ -->\n<title>Tablier serveur avec Poche<\/title>\n<meta name=\"description\" content=\"R\u00e9f\u00e9rence : TS1P001 Il y a une poche pratique devant le tablier. Les poches sont confortables et naturelles, le stockage est plus pratique. Vous pouvez mettre des petits outils pour rendre le travail plus efficace et plus facile\" \/>\n<meta name=\"robots\" content=\"index, follow, max-snippet:-1, max-image-preview:large, max-video-preview:-1\" \/>\n<link rel=\"canonical\" href=\"https:\/\/uniformeplus.tn\/index.php\/product\/tablier-serveur-avec-poche\/\" \/>\n<meta property=\"og:locale\" content=\"fr_FR\" \/>\n<meta property=\"og:type\" content=\"article\" \/>\n<meta property=\"og:title\" content=\"Tablier serveur avec Poche\" \/>\n<meta property=\"og:description\" content=\"R\u00e9f\u00e9rence : TS1P001 Il y a une poche pratique devant le tablier. Les poches sont confortables et naturelles, le stockage est plus pratique. Vous pouvez mettre des petits outils pour rendre le travail plus efficace et plus facile\" \/>\n<meta property=\"og:url\" content=\"https:\/\/uniformeplus.tn\/index.php\/product\/tablier-serveur-avec-poche\/\" \/>\n<meta property=\"og:site_name\" content=\"uniformeplus - V\u00eatements de travail\" \/>\n<meta property=\"article:publisher\" content=\"https:\/\/www.facebook.com\/uniforconfection.uniformeplus\" \/>\n<meta property=\"article:modified_time\" content=\"2025-05-25T17:37:07+00:00\" \/>\n<meta property=\"og:image\" content=\"https:\/\/uniformeplus.tn\/wp-content\/uploads\/2021\/12\/tablier-serveur.jpg\" \/>\n\t<meta property=\"og:image:width\" content=\"1068\" \/>\n\t<meta property=\"og:image:height\" content=\"1068\" \/>\n\t<meta property=\"og:image:type\" content=\"image\/jpeg\" \/>\n<meta name=\"twitter:card\" content=\"summary_large_image\" \/>\n<meta name=\"twitter:label1\" content=\"Prix\" \/>\n\t<meta name=\"twitter:data1\" content=\"18.000&#x62f;.&#x62a;\" \/>\n\t<meta name=\"twitter:label2\" content=\"Disponibilit\u00e9\" \/>\n\t<meta name=\"twitter:data2\" content=\"En stock\" \/>\n<script type=\"application\/ld+json\" class=\"yoast-schema-graph\">{\"@context\":\"https:\/\/schema.org\",\"@graph\":[{\"@type\":\"WebPage\",\"@id\":\"https:\/\/uniformeplus.tn\/index.php\/product\/tablier-serveur-avec-poche\/\",\"url\":\"https:\/\/uniformeplus.tn\/index.php\/product\/tablier-serveur-avec-poche\/\",\"name\":\"Tablier serveur avec Poche\",\"isPartOf\":{\"@id\":\"https:\/\/uniformeplus.tn\/#website\"},\"primaryImageOfPage\":{\"@id\":\"https:\/\/uniformeplus.tn\/index.php\/product\/tablier-serveur-avec-poche\/#primaryimage\"},\"image\":{\"@id\":\"https:\/\/uniformeplus.tn\/index.php\/product\/tablier-serveur-avec-poche\/#primaryimage\"},\"thumbnailUrl\":\"https:\/\/uniformeplus.tn\/wp-content\/uploads\/2021\/12\/tablier-serveur.jpg\",\"datePublished\":\"2021-12-06T15:16:44+00:00\",\"dateModified\":\"2025-05-25T17:37:07+00:00\",\"description\":\"R\u00e9f\u00e9rence : TS1P001 Il y a une poche pratique devant le tablier. Les poches sont confortables et naturelles, le stockage est plus pratique. Vous pouvez mettre des petits outils pour rendre le travail plus efficace et plus facile\",\"breadcrumb\":{\"@id\":\"https:\/\/uniformeplus.tn\/index.php\/product\/tablier-serveur-avec-poche\/#breadcrumb\"},\"inLanguage\":\"fr-FR\",\"potentialAction\":[{\"@type\":\"ReadAction\",\"target\":[\"https:\/\/uniformeplus.tn\/index.php\/product\/tablier-serveur-avec-poche\/\"]}]},{\"@type\":\"ImageObject\",\"inLanguage\":\"fr-FR\",\"@id\":\"https:\/\/uniformeplus.tn\/index.php\/product\/tablier-serveur-avec-poche\/#primaryimage\",\"url\":\"https:\/\/uniformeplus.tn\/wp-content\/uploads\/2021\/12\/tablier-serveur.jpg\",\"contentUrl\":\"https:\/\/uniformeplus.tn\/wp-content\/uploads\/2021\/12\/tablier-serveur.jpg\",\"width\":1068,\"height\":1068},{\"@type\":\"BreadcrumbList\",\"@id\":\"https:\/\/uniformeplus.tn\/index.php\/product\/tablier-serveur-avec-poche\/#breadcrumb\",\"itemListElement\":[{\"@type\":\"ListItem\",\"position\":1,\"name\":\"Accueil\",\"item\":\"https:\/\/uniformeplus.tn\/\"},{\"@type\":\"ListItem\",\"position\":2,\"name\":\"Shop\",\"item\":\"https:\/\/uniformeplus.tn\/index.php\/shop-2\/\"},{\"@type\":\"ListItem\",\"position\":3,\"name\":\"M\u00c9TIERS\",\"item\":\"https:\/\/uniformeplus.tn\/index.php\/product-category\/metiers\/\"},{\"@type\":\"ListItem\",\"position\":4,\"name\":\"CUISINE\",\"item\":\"https:\/\/uniformeplus.tn\/index.php\/product-category\/metiers\/cuisine\/\"},{\"@type\":\"ListItem\",\"position\":5,\"name\":\"CUISINIER \/ BOUCHER \/ CHARCUTIER\",\"item\":\"https:\/\/uniformeplus.tn\/index.php\/product-category\/metiers\/cuisine\/cuisinier-boucher-charcutier\/\"},{\"@type\":\"ListItem\",\"position\":6,\"name\":\"Tablier serveur avec Poche\"}]},{\"@type\":\"WebSite\",\"@id\":\"https:\/\/uniformeplus.tn\/#website\",\"url\":\"https:\/\/uniformeplus.tn\/\",\"name\":\"uniformeplus\",\"description\":\"v\u00eatement de travail Tunisie\",\"publisher\":{\"@id\":\"https:\/\/uniformeplus.tn\/#organization\"},\"alternateName\":\"tenue de travail en tunisie\",\"potentialAction\":[{\"@type\":\"SearchAction\",\"target\":{\"@type\":\"EntryPoint\",\"urlTemplate\":\"https:\/\/uniformeplus.tn\/?s={search_term_string}\"},\"query-input\":{\"@type\":\"PropertyValueSpecification\",\"valueRequired\":true,\"valueName\":\"search_term_string\"}}],\"inLanguage\":\"fr-FR\"},{\"@type\":\"Organization\",\"@id\":\"https:\/\/uniformeplus.tn\/#organization\",\"name\":\"tenue de travail\",\"url\":\"https:\/\/uniformeplus.tn\/\",\"logo\":{\"@type\":\"ImageObject\",\"inLanguage\":\"fr-FR\",\"@id\":\"https:\/\/uniformeplus.tn\/#\/schema\/logo\/image\/\",\"url\":\"https:\/\/uniformeplus.tn\/wp-content\/uploads\/2021\/01\/logo.png\",\"contentUrl\":\"https:\/\/uniformeplus.tn\/wp-content\/uploads\/2021\/01\/logo.png\",\"width\":112,\"height\":112,\"caption\":\"tenue de travail\"},\"image\":{\"@id\":\"https:\/\/uniformeplus.tn\/#\/schema\/logo\/image\/\"},\"sameAs\":[\"https:\/\/www.facebook.com\/uniforconfection.uniformeplus\"],\"hasMerchantReturnPolicy\":{\"@type\":\"MerchantReturnPolicy\",\"merchantReturnLink\":\"https:\/\/uniformeplus.tn\/index.php\/politique-de-retour\/\"}}]}<\/script>\n<meta property=\"product:price:amount\" content=\"18.000\" \/>\n<meta property=\"product:price:currency\" content=\"TND\" \/>\n<meta property=\"og:availability\" content=\"instock\" \/>\n<meta property=\"product:availability\" content=\"instock\" \/>\n<meta property=\"product:retailer_item_id\" content=\"TS1P001\" \/>\n<meta property=\"product:condition\" content=\"new\" \/>\n<!-- \/ Yoast SEO Premium plugin. -->","yoast_head_json":{"title":"Tablier serveur avec Poche","description":"R\u00e9f\u00e9rence : TS1P001 Il y a une poche pratique devant le tablier. Les poches sont confortables et naturelles, le stockage est plus pratique. Vous pouvez mettre des petits outils pour rendre le travail plus efficace et plus facile","robots":{"index":"index","follow":"follow","max-snippet":"max-snippet:-1","max-image-preview":"max-image-preview:large","max-video-preview":"max-video-preview:-1"},"canonical":"https:\/\/uniformeplus.tn\/index.php\/product\/tablier-serveur-avec-poche\/","og_locale":"fr_FR","og_type":"article","og_title":"Tablier serveur avec Poche","og_description":"R\u00e9f\u00e9rence : TS1P001 Il y a une poche pratique devant le tablier. Les poches sont confortables et naturelles, le stockage est plus pratique. Vous pouvez mettre des petits outils pour rendre le travail plus efficace et plus facile","og_url":"https:\/\/uniformeplus.tn\/index.php\/product\/tablier-serveur-avec-poche\/","og_site_name":"uniformeplus - V\u00eatements de travail","article_publisher":"https:\/\/www.facebook.com\/uniforconfection.uniformeplus","article_modified_time":"2025-05-25T17:37:07+00:00","og_image":[{"width":1068,"height":1068,"url":"https:\/\/uniformeplus.tn\/wp-content\/uploads\/2021\/12\/tablier-serveur.jpg","type":"image\/jpeg"}],"twitter_card":"summary_large_image","twitter_misc":{"Prix":"18.000&#x62f;.&#x62a;","Disponibilit\u00e9":"En stock"},"schema":{"@context":"https:\/\/schema.org","@graph":[{"@type":"WebPage","@id":"https:\/\/uniformeplus.tn\/index.php\/product\/tablier-serveur-avec-poche\/","url":"https:\/\/uniformeplus.tn\/index.php\/product\/tablier-serveur-avec-poche\/","name":"Tablier serveur avec Poche","isPartOf":{"@id":"https:\/\/uniformeplus.tn\/#website"},"primaryImageOfPage":{"@id":"https:\/\/uniformeplus.tn\/index.php\/product\/tablier-serveur-avec-poche\/#primaryimage"},"image":{"@id":"https:\/\/uniformeplus.tn\/index.php\/product\/tablier-serveur-avec-poche\/#primaryimage"},"thumbnailUrl":"https:\/\/uniformeplus.tn\/wp-content\/uploads\/2021\/12\/tablier-serveur.jpg","datePublished":"2021-12-06T15:16:44+00:00","dateModified":"2025-05-25T17:37:07+00:00","description":"R\u00e9f\u00e9rence : TS1P001 Il y a une poche pratique devant le tablier. Les poches sont confortables et naturelles, le stockage est plus pratique. Vous pouvez mettre des petits outils pour rendre le travail plus efficace et plus facile","breadcrumb":{"@id":"https:\/\/uniformeplus.tn\/index.php\/product\/tablier-serveur-avec-poche\/#breadcrumb"},"inLanguage":"fr-FR","potentialAction":[{"@type":"ReadAction","target":["https:\/\/uniformeplus.tn\/index.php\/product\/tablier-serveur-avec-poche\/"]}]},{"@type":"ImageObject","inLanguage":"fr-FR","@id":"https:\/\/uniformeplus.tn\/index.php\/product\/tablier-serveur-avec-poche\/#primaryimage","url":"https:\/\/uniformeplus.tn\/wp-content\/uploads\/2021\/12\/tablier-serveur.jpg","contentUrl":"https:\/\/uniformeplus.tn\/wp-content\/uploads\/2021\/12\/tablier-serveur.jpg","width":1068,"height":1068},{"@type":"BreadcrumbList","@id":"https:\/\/uniformeplus.tn\/index.php\/product\/tablier-serveur-avec-poche\/#breadcrumb","itemListElement":[{"@type":"ListItem","position":1,"name":"Accueil","item":"https:\/\/uniformeplus.tn\/"},{"@type":"ListItem","position":2,"name":"Shop","item":"https:\/\/uniformeplus.tn\/index.php\/shop-2\/"},{"@type":"ListItem","position":3,"name":"M\u00c9TIERS","item":"https:\/\/uniformeplus.tn\/index.php\/product-category\/metiers\/"},{"@type":"ListItem","position":4,"name":"CUISINE","item":"https:\/\/uniformeplus.tn\/index.php\/product-category\/metiers\/cuisine\/"},{"@type":"ListItem","position":5,"name":"CUISINIER \/ BOUCHER \/ CHARCUTIER","item":"https:\/\/uniformeplus.tn\/index.php\/product-category\/metiers\/cuisine\/cuisinier-boucher-charcutier\/"},{"@type":"ListItem","position":6,"name":"Tablier serveur avec Poche"}]},{"@type":"WebSite","@id":"https:\/\/uniformeplus.tn\/#website","url":"https:\/\/uniformeplus.tn\/","name":"uniformeplus","description":"v\u00eatement de travail Tunisie","publisher":{"@id":"https:\/\/uniformeplus.tn\/#organization"},"alternateName":"tenue de travail en tunisie","potentialAction":[{"@type":"SearchAction","target":{"@type":"EntryPoint","urlTemplate":"https:\/\/uniformeplus.tn\/?s={search_term_string}"},"query-input":{"@type":"PropertyValueSpecification","valueRequired":true,"valueName":"search_term_string"}}],"inLanguage":"fr-FR"},{"@type":"Organization","@id":"https:\/\/uniformeplus.tn\/#organization","name":"tenue de travail","url":"https:\/\/uniformeplus.tn\/","logo":{"@type":"ImageObject","inLanguage":"fr-FR","@id":"https:\/\/uniformeplus.tn\/#\/schema\/logo\/image\/","url":"https:\/\/uniformeplus.tn\/wp-content\/uploads\/2021\/01\/logo.png","contentUrl":"https:\/\/uniformeplus.tn\/wp-content\/uploads\/2021\/01\/logo.png","width":112,"height":112,"caption":"tenue de travail"},"image":{"@id":"https:\/\/uniformeplus.tn\/#\/schema\/logo\/image\/"},"sameAs":["https:\/\/www.facebook.com\/uniforconfection.uniformeplus"],"hasMerchantReturnPolicy":{"@type":"MerchantReturnPolicy","merchantReturnLink":"https:\/\/uniformeplus.tn\/index.php\/politique-de-retour\/"}}]},"product_price_amount":"18.000","product_price_currency":"TND","og_availability":"instock","product_availability":"instock","product_retailer_item_id":"TS1P001","product_condition":"new"},"_links":{"self":[{"href":"https:\/\/uniformeplus.tn\/index.php\/wp-json\/wp\/v2\/product\/16523","targetHints":{"allow":["GET"]}}],"collection":[{"href":"https:\/\/uniformeplus.tn\/index.php\/wp-json\/wp\/v2\/product"}],"about":[{"href":"https:\/\/uniformeplus.tn\/index.php\/wp-json\/wp\/v2\/types\/product"}],"replies":[{"embeddable":true,"href":"https:\/\/uniformeplus.tn\/index.php\/wp-json\/wp\/v2\/comments?post=16523"}],"wp:featuredmedia":[{"embeddable":true,"href":"https:\/\/uniformeplus.tn\/index.php\/wp-json\/wp\/v2\/media\/16526"}],"wp:attachment":[{"href":"https:\/\/uniformeplus.tn\/index.php\/wp-json\/wp\/v2\/media?parent=16523"}],"wp:term":[{"taxonomy":"product_brand","embeddable":true,"href":"https:\/\/uniformeplus.tn\/index.php\/wp-json\/wp\/v2\/product_brand?post=16523"},{"taxonomy":"product_cat","embeddable":true,"href":"https:\/\/uniformeplus.tn\/index.php\/wp-json\/wp\/v2\/product_cat?post=16523"},{"taxonomy":"product_tag","embeddable":true,"href":"https:\/\/uniformeplus.tn\/index.php\/wp-json\/wp\/v2\/product_tag?post=16523"}],"curies":[{"name":"wp","href":"https:\/\/api.w.org\/{rel}","templated":true}]}}