{"id":16537,"date":"2022-10-17T14:10:58","date_gmt":"2022-10-17T12:10:58","guid":{"rendered":"http:\/\/www.uniformeplus.tn\/?post_type=product&#038;p=16537"},"modified":"2025-11-11T09:55:10","modified_gmt":"2025-11-11T08:55:10","slug":"pantalon-haute-visibilite-bicolore-avec-poche-genoux","status":"publish","type":"product","link":"https:\/\/uniformeplus.tn\/index.php\/product\/pantalon-haute-visibilite-bicolore-avec-poche-genoux\/","title":{"rendered":"Pantalon haute visibilit\u00e9 bicolore avec poche genoux"},"content":{"rendered":"","protected":false},"excerpt":{"rendered":"<p><strong>Ce pantalon de travail Pantalon haute visibilit\u00e9 bicolore poss\u00e8de<br \/>\n<\/strong>&#8211; un poche genoux<br \/>\n&#8211; Deux poches italiennes<\/p>\n<p>&#8211; Bandes r\u00e9tro-r\u00e9fl\u00e9chissantes<br \/>\n&#8211; Ceinture \u00e9lastiqu\u00e9e<br \/>\n&#8211; taille \u00e9lastiqu\u00e9e<strong><br \/>\n<\/strong><\/p>\n","protected":false},"featured_media":16538,"comment_status":"open","ping_status":"closed","template":"","meta":{"_acf_changed":false},"product_brand":[],"product_cat":[243,264,270,299,304,266,300,331,235,267,230,269,302,334,271,303,298,301,237,297,268],"product_tag":[],"class_list":{"0":"post-16537","1":"product","2":"type-product","3":"status-publish","4":"has-post-thumbnail","6":"product_cat-batiment","7":"product_cat-btp-et-chantiers","8":"product_cat-carreleur","9":"product_cat-chaudronnier","10":"product_cat-construction-industrielle","11":"product_cat-couvreur-zingueur","12":"product_cat-ferronier","13":"product_cat-haute-visibilite","14":"product_cat-industrie","15":"product_cat-macon","16":"product_cat-metiers","17":"product_cat-ouvrier","18":"product_cat-ouvrier-industrie","19":"product_cat-pantalons-haute-visibilite","20":"product_cat-platrier","21":"product_cat-service-maintenance","22":"product_cat-soudeur-tenue-industrie-du-metal","23":"product_cat-technicien","24":"product_cat-technicien-operateur-maintenance","25":"product_cat-tenue-industrie-du-metal","26":"product_cat-travaux-publics","28":"first","29":"instock","30":"taxable","31":"shipping-taxable","32":"purchasable","33":"product-type-simple"},"acf":[],"yoast_head":"<!-- This site is optimized with the Yoast SEO Premium plugin v26.3 (Yoast SEO v26.3) - https:\/\/yoast.com\/wordpress\/plugins\/seo\/ -->\n<title>Pantalon haute visibilit\u00e9 bicolore avec poche genoux<\/title>\n<meta name=\"description\" content=\"Ce pantalon de travail Pantalon haute visibilit\u00e9 bicolore poss\u00e8de - un poche genoux - Deux poches italiennes  - Bandes r\u00e9tro-r\u00e9fl\u00e9chissantes - Ceinture \u00e9lastiqu\u00e9e - taille \u00e9lastiqu\u00e9e\" \/>\n<meta name=\"robots\" content=\"index, follow, max-snippet:-1, max-image-preview:large, max-video-preview:-1\" \/>\n<link rel=\"canonical\" href=\"https:\/\/uniformeplus.tn\/index.php\/product\/pantalon-haute-visibilite-bicolore-avec-poche-genoux\/\" \/>\n<meta property=\"og:locale\" content=\"fr_FR\" \/>\n<meta property=\"og:type\" content=\"article\" \/>\n<meta property=\"og:title\" content=\"Pantalon haute visibilit\u00e9 bicolore avec poche genoux\" \/>\n<meta property=\"og:description\" content=\"Ce pantalon de travail Pantalon haute visibilit\u00e9 bicolore poss\u00e8de - un poche genoux - Deux poches italiennes  - Bandes r\u00e9tro-r\u00e9fl\u00e9chissantes - Ceinture \u00e9lastiqu\u00e9e - taille \u00e9lastiqu\u00e9e\" \/>\n<meta property=\"og:url\" content=\"https:\/\/uniformeplus.tn\/index.php\/product\/pantalon-haute-visibilite-bicolore-avec-poche-genoux\/\" \/>\n<meta property=\"og:site_name\" content=\"uniformeplus - V\u00eatements de travail\" \/>\n<meta property=\"article:publisher\" content=\"https:\/\/www.facebook.com\/uniforconfection.uniformeplus\" \/>\n<meta property=\"article:modified_time\" content=\"2025-11-11T08:55:10+00:00\" \/>\n<meta property=\"og:image\" content=\"https:\/\/uniformeplus.tn\/wp-content\/uploads\/2022\/10\/Untitled-1.jpg\" \/>\n\t<meta property=\"og:image:width\" content=\"2000\" \/>\n\t<meta property=\"og:image:height\" content=\"2000\" \/>\n\t<meta property=\"og:image:type\" content=\"image\/jpeg\" \/>\n<meta name=\"twitter:card\" content=\"summary_large_image\" \/>\n<meta name=\"twitter:label1\" content=\"Prix\" \/>\n\t<meta name=\"twitter:data1\" content=\"60.000&#x62f;.&#x62a;\" \/>\n\t<meta name=\"twitter:label2\" content=\"Disponibilit\u00e9\" \/>\n\t<meta name=\"twitter:data2\" content=\"En stock\" \/>\n<script type=\"application\/ld+json\" class=\"yoast-schema-graph\">{\"@context\":\"https:\/\/schema.org\",\"@graph\":[{\"@type\":\"WebPage\",\"@id\":\"https:\/\/uniformeplus.tn\/index.php\/product\/pantalon-haute-visibilite-bicolore-avec-poche-genoux\/\",\"url\":\"https:\/\/uniformeplus.tn\/index.php\/product\/pantalon-haute-visibilite-bicolore-avec-poche-genoux\/\",\"name\":\"Pantalon haute visibilit\u00e9 bicolore avec poche genoux\",\"isPartOf\":{\"@id\":\"https:\/\/uniformeplus.tn\/#website\"},\"primaryImageOfPage\":{\"@id\":\"https:\/\/uniformeplus.tn\/index.php\/product\/pantalon-haute-visibilite-bicolore-avec-poche-genoux\/#primaryimage\"},\"image\":{\"@id\":\"https:\/\/uniformeplus.tn\/index.php\/product\/pantalon-haute-visibilite-bicolore-avec-poche-genoux\/#primaryimage\"},\"thumbnailUrl\":\"https:\/\/uniformeplus.tn\/wp-content\/uploads\/2022\/10\/Untitled-1.jpg\",\"datePublished\":\"2022-10-17T12:10:58+00:00\",\"dateModified\":\"2025-11-11T08:55:10+00:00\",\"description\":\"Ce pantalon de travail Pantalon haute visibilit\u00e9 bicolore poss\u00e8de - un poche genoux - Deux poches italiennes - Bandes r\u00e9tro-r\u00e9fl\u00e9chissantes - Ceinture \u00e9lastiqu\u00e9e - taille \u00e9lastiqu\u00e9e\",\"breadcrumb\":{\"@id\":\"https:\/\/uniformeplus.tn\/index.php\/product\/pantalon-haute-visibilite-bicolore-avec-poche-genoux\/#breadcrumb\"},\"inLanguage\":\"fr-FR\",\"potentialAction\":[{\"@type\":\"ReadAction\",\"target\":[\"https:\/\/uniformeplus.tn\/index.php\/product\/pantalon-haute-visibilite-bicolore-avec-poche-genoux\/\"]}]},{\"@type\":\"ImageObject\",\"inLanguage\":\"fr-FR\",\"@id\":\"https:\/\/uniformeplus.tn\/index.php\/product\/pantalon-haute-visibilite-bicolore-avec-poche-genoux\/#primaryimage\",\"url\":\"https:\/\/uniformeplus.tn\/wp-content\/uploads\/2022\/10\/Untitled-1.jpg\",\"contentUrl\":\"https:\/\/uniformeplus.tn\/wp-content\/uploads\/2022\/10\/Untitled-1.jpg\",\"width\":2000,\"height\":2000,\"caption\":\"pantalon haute visibilit\u00e9 avec poche g\u00e9noux\"},{\"@type\":\"BreadcrumbList\",\"@id\":\"https:\/\/uniformeplus.tn\/index.php\/product\/pantalon-haute-visibilite-bicolore-avec-poche-genoux\/#breadcrumb\",\"itemListElement\":[{\"@type\":\"ListItem\",\"position\":1,\"name\":\"Accueil\",\"item\":\"https:\/\/uniformeplus.tn\/\"},{\"@type\":\"ListItem\",\"position\":2,\"name\":\"Shop\",\"item\":\"https:\/\/uniformeplus.tn\/index.php\/shop-2\/\"},{\"@type\":\"ListItem\",\"position\":3,\"name\":\"M\u00c9TIERS\",\"item\":\"https:\/\/uniformeplus.tn\/index.php\/product-category\/metiers\/\"},{\"@type\":\"ListItem\",\"position\":4,\"name\":\"BTP ET CHANTIERS\",\"item\":\"https:\/\/uniformeplus.tn\/index.php\/product-category\/metiers\/btp-et-chantiers\/\"},{\"@type\":\"ListItem\",\"position\":5,\"name\":\"Carreleur\",\"item\":\"https:\/\/uniformeplus.tn\/index.php\/product-category\/metiers\/btp-et-chantiers\/carreleur\/\"},{\"@type\":\"ListItem\",\"position\":6,\"name\":\"Pantalon haute visibilit\u00e9 bicolore avec poche genoux\"}]},{\"@type\":\"WebSite\",\"@id\":\"https:\/\/uniformeplus.tn\/#website\",\"url\":\"https:\/\/uniformeplus.tn\/\",\"name\":\"uniformeplus\",\"description\":\"v\u00eatement de travail Tunisie\",\"publisher\":{\"@id\":\"https:\/\/uniformeplus.tn\/#organization\"},\"alternateName\":\"tenue de travail en tunisie\",\"potentialAction\":[{\"@type\":\"SearchAction\",\"target\":{\"@type\":\"EntryPoint\",\"urlTemplate\":\"https:\/\/uniformeplus.tn\/?s={search_term_string}\"},\"query-input\":{\"@type\":\"PropertyValueSpecification\",\"valueRequired\":true,\"valueName\":\"search_term_string\"}}],\"inLanguage\":\"fr-FR\"},{\"@type\":\"Organization\",\"@id\":\"https:\/\/uniformeplus.tn\/#organization\",\"name\":\"tenue de travail\",\"url\":\"https:\/\/uniformeplus.tn\/\",\"logo\":{\"@type\":\"ImageObject\",\"inLanguage\":\"fr-FR\",\"@id\":\"https:\/\/uniformeplus.tn\/#\/schema\/logo\/image\/\",\"url\":\"https:\/\/uniformeplus.tn\/wp-content\/uploads\/2021\/01\/logo.png\",\"contentUrl\":\"https:\/\/uniformeplus.tn\/wp-content\/uploads\/2021\/01\/logo.png\",\"width\":112,\"height\":112,\"caption\":\"tenue de travail\"},\"image\":{\"@id\":\"https:\/\/uniformeplus.tn\/#\/schema\/logo\/image\/\"},\"sameAs\":[\"https:\/\/www.facebook.com\/uniforconfection.uniformeplus\"],\"hasMerchantReturnPolicy\":{\"@type\":\"MerchantReturnPolicy\",\"merchantReturnLink\":\"https:\/\/uniformeplus.tn\/index.php\/politique-de-retour\/\"}}]}<\/script>\n<meta property=\"product:price:amount\" content=\"60.000\" \/>\n<meta property=\"product:price:currency\" content=\"TND\" \/>\n<meta property=\"og:availability\" content=\"instock\" \/>\n<meta property=\"product:availability\" content=\"instock\" \/>\n<meta property=\"product:retailer_item_id\" content=\"PNH005\" \/>\n<meta property=\"product:condition\" content=\"new\" \/>\n<!-- \/ Yoast SEO Premium plugin. -->","yoast_head_json":{"title":"Pantalon haute visibilit\u00e9 bicolore avec poche genoux","description":"Ce pantalon de travail Pantalon haute visibilit\u00e9 bicolore poss\u00e8de - un poche genoux - Deux poches italiennes  - Bandes r\u00e9tro-r\u00e9fl\u00e9chissantes - Ceinture \u00e9lastiqu\u00e9e - taille \u00e9lastiqu\u00e9e","robots":{"index":"index","follow":"follow","max-snippet":"max-snippet:-1","max-image-preview":"max-image-preview:large","max-video-preview":"max-video-preview:-1"},"canonical":"https:\/\/uniformeplus.tn\/index.php\/product\/pantalon-haute-visibilite-bicolore-avec-poche-genoux\/","og_locale":"fr_FR","og_type":"article","og_title":"Pantalon haute visibilit\u00e9 bicolore avec poche genoux","og_description":"Ce pantalon de travail Pantalon haute visibilit\u00e9 bicolore poss\u00e8de - un poche genoux - Deux poches italiennes  - Bandes r\u00e9tro-r\u00e9fl\u00e9chissantes - Ceinture \u00e9lastiqu\u00e9e - taille \u00e9lastiqu\u00e9e","og_url":"https:\/\/uniformeplus.tn\/index.php\/product\/pantalon-haute-visibilite-bicolore-avec-poche-genoux\/","og_site_name":"uniformeplus - V\u00eatements de travail","article_publisher":"https:\/\/www.facebook.com\/uniforconfection.uniformeplus","article_modified_time":"2025-11-11T08:55:10+00:00","og_image":[{"width":2000,"height":2000,"url":"https:\/\/uniformeplus.tn\/wp-content\/uploads\/2022\/10\/Untitled-1.jpg","type":"image\/jpeg"}],"twitter_card":"summary_large_image","twitter_misc":{"Prix":"60.000&#x62f;.&#x62a;","Disponibilit\u00e9":"En stock"},"schema":{"@context":"https:\/\/schema.org","@graph":[{"@type":"WebPage","@id":"https:\/\/uniformeplus.tn\/index.php\/product\/pantalon-haute-visibilite-bicolore-avec-poche-genoux\/","url":"https:\/\/uniformeplus.tn\/index.php\/product\/pantalon-haute-visibilite-bicolore-avec-poche-genoux\/","name":"Pantalon haute visibilit\u00e9 bicolore avec poche genoux","isPartOf":{"@id":"https:\/\/uniformeplus.tn\/#website"},"primaryImageOfPage":{"@id":"https:\/\/uniformeplus.tn\/index.php\/product\/pantalon-haute-visibilite-bicolore-avec-poche-genoux\/#primaryimage"},"image":{"@id":"https:\/\/uniformeplus.tn\/index.php\/product\/pantalon-haute-visibilite-bicolore-avec-poche-genoux\/#primaryimage"},"thumbnailUrl":"https:\/\/uniformeplus.tn\/wp-content\/uploads\/2022\/10\/Untitled-1.jpg","datePublished":"2022-10-17T12:10:58+00:00","dateModified":"2025-11-11T08:55:10+00:00","description":"Ce pantalon de travail Pantalon haute visibilit\u00e9 bicolore poss\u00e8de - un poche genoux - Deux poches italiennes - Bandes r\u00e9tro-r\u00e9fl\u00e9chissantes - Ceinture \u00e9lastiqu\u00e9e - taille \u00e9lastiqu\u00e9e","breadcrumb":{"@id":"https:\/\/uniformeplus.tn\/index.php\/product\/pantalon-haute-visibilite-bicolore-avec-poche-genoux\/#breadcrumb"},"inLanguage":"fr-FR","potentialAction":[{"@type":"ReadAction","target":["https:\/\/uniformeplus.tn\/index.php\/product\/pantalon-haute-visibilite-bicolore-avec-poche-genoux\/"]}]},{"@type":"ImageObject","inLanguage":"fr-FR","@id":"https:\/\/uniformeplus.tn\/index.php\/product\/pantalon-haute-visibilite-bicolore-avec-poche-genoux\/#primaryimage","url":"https:\/\/uniformeplus.tn\/wp-content\/uploads\/2022\/10\/Untitled-1.jpg","contentUrl":"https:\/\/uniformeplus.tn\/wp-content\/uploads\/2022\/10\/Untitled-1.jpg","width":2000,"height":2000,"caption":"pantalon haute visibilit\u00e9 avec poche g\u00e9noux"},{"@type":"BreadcrumbList","@id":"https:\/\/uniformeplus.tn\/index.php\/product\/pantalon-haute-visibilite-bicolore-avec-poche-genoux\/#breadcrumb","itemListElement":[{"@type":"ListItem","position":1,"name":"Accueil","item":"https:\/\/uniformeplus.tn\/"},{"@type":"ListItem","position":2,"name":"Shop","item":"https:\/\/uniformeplus.tn\/index.php\/shop-2\/"},{"@type":"ListItem","position":3,"name":"M\u00c9TIERS","item":"https:\/\/uniformeplus.tn\/index.php\/product-category\/metiers\/"},{"@type":"ListItem","position":4,"name":"BTP ET CHANTIERS","item":"https:\/\/uniformeplus.tn\/index.php\/product-category\/metiers\/btp-et-chantiers\/"},{"@type":"ListItem","position":5,"name":"Carreleur","item":"https:\/\/uniformeplus.tn\/index.php\/product-category\/metiers\/btp-et-chantiers\/carreleur\/"},{"@type":"ListItem","position":6,"name":"Pantalon haute visibilit\u00e9 bicolore avec poche genoux"}]},{"@type":"WebSite","@id":"https:\/\/uniformeplus.tn\/#website","url":"https:\/\/uniformeplus.tn\/","name":"uniformeplus","description":"v\u00eatement de travail Tunisie","publisher":{"@id":"https:\/\/uniformeplus.tn\/#organization"},"alternateName":"tenue de travail en tunisie","potentialAction":[{"@type":"SearchAction","target":{"@type":"EntryPoint","urlTemplate":"https:\/\/uniformeplus.tn\/?s={search_term_string}"},"query-input":{"@type":"PropertyValueSpecification","valueRequired":true,"valueName":"search_term_string"}}],"inLanguage":"fr-FR"},{"@type":"Organization","@id":"https:\/\/uniformeplus.tn\/#organization","name":"tenue de travail","url":"https:\/\/uniformeplus.tn\/","logo":{"@type":"ImageObject","inLanguage":"fr-FR","@id":"https:\/\/uniformeplus.tn\/#\/schema\/logo\/image\/","url":"https:\/\/uniformeplus.tn\/wp-content\/uploads\/2021\/01\/logo.png","contentUrl":"https:\/\/uniformeplus.tn\/wp-content\/uploads\/2021\/01\/logo.png","width":112,"height":112,"caption":"tenue de travail"},"image":{"@id":"https:\/\/uniformeplus.tn\/#\/schema\/logo\/image\/"},"sameAs":["https:\/\/www.facebook.com\/uniforconfection.uniformeplus"],"hasMerchantReturnPolicy":{"@type":"MerchantReturnPolicy","merchantReturnLink":"https:\/\/uniformeplus.tn\/index.php\/politique-de-retour\/"}}]},"product_price_amount":"60.000","product_price_currency":"TND","og_availability":"instock","product_availability":"instock","product_retailer_item_id":"PNH005","product_condition":"new"},"_links":{"self":[{"href":"https:\/\/uniformeplus.tn\/index.php\/wp-json\/wp\/v2\/product\/16537","targetHints":{"allow":["GET"]}}],"collection":[{"href":"https:\/\/uniformeplus.tn\/index.php\/wp-json\/wp\/v2\/product"}],"about":[{"href":"https:\/\/uniformeplus.tn\/index.php\/wp-json\/wp\/v2\/types\/product"}],"replies":[{"embeddable":true,"href":"https:\/\/uniformeplus.tn\/index.php\/wp-json\/wp\/v2\/comments?post=16537"}],"wp:featuredmedia":[{"embeddable":true,"href":"https:\/\/uniformeplus.tn\/index.php\/wp-json\/wp\/v2\/media\/16538"}],"wp:attachment":[{"href":"https:\/\/uniformeplus.tn\/index.php\/wp-json\/wp\/v2\/media?parent=16537"}],"wp:term":[{"taxonomy":"product_brand","embeddable":true,"href":"https:\/\/uniformeplus.tn\/index.php\/wp-json\/wp\/v2\/product_brand?post=16537"},{"taxonomy":"product_cat","embeddable":true,"href":"https:\/\/uniformeplus.tn\/index.php\/wp-json\/wp\/v2\/product_cat?post=16537"},{"taxonomy":"product_tag","embeddable":true,"href":"https:\/\/uniformeplus.tn\/index.php\/wp-json\/wp\/v2\/product_tag?post=16537"}],"curies":[{"name":"wp","href":"https:\/\/api.w.org\/{rel}","templated":true}]}}