{"id":16648,"date":"2024-08-28T13:26:11","date_gmt":"2024-08-28T11:26:11","guid":{"rendered":"http:\/\/www.uniformeplus.tn\/?post_type=product&#038;p=16648"},"modified":"2025-11-11T09:54:55","modified_gmt":"2025-11-11T08:54:55","slug":"pantalon-tergal","status":"publish","type":"product","link":"https:\/\/uniformeplus.tn\/index.php\/product\/pantalon-tergal\/","title":{"rendered":"Pantalon de travail professionnel multi-poche tergal"},"content":{"rendered":"<p>Taille \u00e9lastiqu\u00e9e. Empi\u00e8cement en tissu Cordura aux genoux, pour une meilleure r\u00e9sistance \u00e0 l\u2019abrasion. Syst\u00e8me pour y introduire des genouill\u00e8res souples. Liser\u00e9s r\u00e9tro-r\u00e9fl\u00e9chissants. Empi\u00e8cement entrejambe. 2 poches normales. 2 Poches arri\u00e8res avec fermeture \u00e9clair. Poche lat\u00e9rale avec soufflet et fermeture velcro. Poche porte-outils sur la jambe droite.<\/p>\n","protected":false},"excerpt":{"rendered":"<p>Ce pantalon de travail professionnel qui s&#8217;adapte parfaitement \u00e0 vos besoins offrant \u00e0 la fois confort et robustesse.<\/p>\n","protected":false},"featured_media":16651,"comment_status":"open","ping_status":"closed","template":"","meta":{"_acf_changed":false},"product_brand":[],"product_cat":[249,243,264,304,235,230,302,303,301,227],"product_tag":[],"class_list":{"0":"post-16648","1":"product","2":"type-product","3":"status-publish","4":"has-post-thumbnail","6":"product_cat-pantalons-de-travail-industrie-mecanique","7":"product_cat-batiment","8":"product_cat-btp-et-chantiers","9":"product_cat-construction-industrielle","10":"product_cat-industrie","11":"product_cat-metiers","12":"product_cat-ouvrier-industrie","13":"product_cat-service-maintenance","14":"product_cat-technicien","15":"product_cat-vetement-de-travail","17":"first","18":"instock","19":"taxable","20":"shipping-taxable","21":"purchasable","22":"product-type-simple"},"acf":[],"yoast_head":"<!-- This site is optimized with the Yoast SEO Premium plugin v26.3 (Yoast SEO v26.3) - https:\/\/yoast.com\/wordpress\/plugins\/seo\/ -->\n<title>Pantalon de travail professionnel multi-poche tergal<\/title>\n<meta name=\"description\" content=\"Ce pantalon de travail professionnel qui s&#039;adapte parfaitement \u00e0 vos besoins offrant \u00e0 la fois confort et robustesse.\" \/>\n<meta name=\"robots\" content=\"index, follow, max-snippet:-1, max-image-preview:large, max-video-preview:-1\" \/>\n<link rel=\"canonical\" href=\"https:\/\/uniformeplus.tn\/index.php\/product\/pantalon-tergal\/\" \/>\n<meta property=\"og:locale\" content=\"fr_FR\" \/>\n<meta property=\"og:type\" content=\"article\" \/>\n<meta property=\"og:title\" content=\"Pantalon de travail professionnel multi-poche tergal\" \/>\n<meta property=\"og:description\" content=\"Ce pantalon de travail professionnel qui s&#039;adapte parfaitement \u00e0 vos besoins offrant \u00e0 la fois confort et robustesse.\" \/>\n<meta property=\"og:url\" content=\"https:\/\/uniformeplus.tn\/index.php\/product\/pantalon-tergal\/\" \/>\n<meta property=\"og:site_name\" content=\"uniformeplus - V\u00eatements de travail\" \/>\n<meta property=\"article:publisher\" content=\"https:\/\/www.facebook.com\/uniforconfection.uniformeplus\" \/>\n<meta property=\"article:modified_time\" content=\"2025-11-11T08:54:55+00:00\" \/>\n<meta property=\"og:image\" content=\"https:\/\/uniformeplus.tn\/wp-content\/uploads\/2024\/08\/pantalon.png\" \/>\n\t<meta property=\"og:image:width\" content=\"1200\" \/>\n\t<meta property=\"og:image:height\" content=\"1200\" \/>\n\t<meta property=\"og:image:type\" content=\"image\/png\" \/>\n<meta name=\"twitter:card\" content=\"summary_large_image\" \/>\n<meta name=\"twitter:label1\" content=\"Prix\" \/>\n\t<meta name=\"twitter:data1\" content=\"65.000&#x62f;.&#x62a;\" \/>\n\t<meta name=\"twitter:label2\" content=\"Disponibilit\u00e9\" \/>\n\t<meta name=\"twitter:data2\" content=\"En stock\" \/>\n<script type=\"application\/ld+json\" class=\"yoast-schema-graph\">{\"@context\":\"https:\/\/schema.org\",\"@graph\":[{\"@type\":\"WebPage\",\"@id\":\"https:\/\/uniformeplus.tn\/index.php\/product\/pantalon-tergal\/\",\"url\":\"https:\/\/uniformeplus.tn\/index.php\/product\/pantalon-tergal\/\",\"name\":\"Pantalon de travail professionnel multi-poche tergal\",\"isPartOf\":{\"@id\":\"https:\/\/uniformeplus.tn\/#website\"},\"primaryImageOfPage\":{\"@id\":\"https:\/\/uniformeplus.tn\/index.php\/product\/pantalon-tergal\/#primaryimage\"},\"image\":{\"@id\":\"https:\/\/uniformeplus.tn\/index.php\/product\/pantalon-tergal\/#primaryimage\"},\"thumbnailUrl\":\"https:\/\/uniformeplus.tn\/wp-content\/uploads\/2024\/08\/pantalon.png\",\"datePublished\":\"2024-08-28T11:26:11+00:00\",\"dateModified\":\"2025-11-11T08:54:55+00:00\",\"description\":\"Ce pantalon de travail professionnel qui s'adapte parfaitement \u00e0 vos besoins offrant \u00e0 la fois confort et robustesse.\",\"breadcrumb\":{\"@id\":\"https:\/\/uniformeplus.tn\/index.php\/product\/pantalon-tergal\/#breadcrumb\"},\"inLanguage\":\"fr-FR\",\"potentialAction\":[{\"@type\":\"ReadAction\",\"target\":[\"https:\/\/uniformeplus.tn\/index.php\/product\/pantalon-tergal\/\"]}]},{\"@type\":\"ImageObject\",\"inLanguage\":\"fr-FR\",\"@id\":\"https:\/\/uniformeplus.tn\/index.php\/product\/pantalon-tergal\/#primaryimage\",\"url\":\"https:\/\/uniformeplus.tn\/wp-content\/uploads\/2024\/08\/pantalon.png\",\"contentUrl\":\"https:\/\/uniformeplus.tn\/wp-content\/uploads\/2024\/08\/pantalon.png\",\"width\":1200,\"height\":1200},{\"@type\":\"BreadcrumbList\",\"@id\":\"https:\/\/uniformeplus.tn\/index.php\/product\/pantalon-tergal\/#breadcrumb\",\"itemListElement\":[{\"@type\":\"ListItem\",\"position\":1,\"name\":\"Accueil\",\"item\":\"https:\/\/uniformeplus.tn\/\"},{\"@type\":\"ListItem\",\"position\":2,\"name\":\"Shop\",\"item\":\"https:\/\/uniformeplus.tn\/index.php\/shop-2\/\"},{\"@type\":\"ListItem\",\"position\":3,\"name\":\"M\u00c9TIERS\",\"item\":\"https:\/\/uniformeplus.tn\/index.php\/product-category\/metiers\/\"},{\"@type\":\"ListItem\",\"position\":4,\"name\":\"INDUSTRIE\",\"item\":\"https:\/\/uniformeplus.tn\/index.php\/product-category\/metiers\/industrie\/\"},{\"@type\":\"ListItem\",\"position\":5,\"name\":\"Construction industrielle\",\"item\":\"https:\/\/uniformeplus.tn\/index.php\/product-category\/metiers\/industrie\/construction-industrielle\/\"},{\"@type\":\"ListItem\",\"position\":6,\"name\":\"Pantalon de travail professionnel multi-poche tergal\"}]},{\"@type\":\"WebSite\",\"@id\":\"https:\/\/uniformeplus.tn\/#website\",\"url\":\"https:\/\/uniformeplus.tn\/\",\"name\":\"uniformeplus\",\"description\":\"v\u00eatement de travail Tunisie\",\"publisher\":{\"@id\":\"https:\/\/uniformeplus.tn\/#organization\"},\"alternateName\":\"tenue de travail en tunisie\",\"potentialAction\":[{\"@type\":\"SearchAction\",\"target\":{\"@type\":\"EntryPoint\",\"urlTemplate\":\"https:\/\/uniformeplus.tn\/?s={search_term_string}\"},\"query-input\":{\"@type\":\"PropertyValueSpecification\",\"valueRequired\":true,\"valueName\":\"search_term_string\"}}],\"inLanguage\":\"fr-FR\"},{\"@type\":\"Organization\",\"@id\":\"https:\/\/uniformeplus.tn\/#organization\",\"name\":\"tenue de travail\",\"url\":\"https:\/\/uniformeplus.tn\/\",\"logo\":{\"@type\":\"ImageObject\",\"inLanguage\":\"fr-FR\",\"@id\":\"https:\/\/uniformeplus.tn\/#\/schema\/logo\/image\/\",\"url\":\"https:\/\/uniformeplus.tn\/wp-content\/uploads\/2021\/01\/logo.png\",\"contentUrl\":\"https:\/\/uniformeplus.tn\/wp-content\/uploads\/2021\/01\/logo.png\",\"width\":112,\"height\":112,\"caption\":\"tenue de travail\"},\"image\":{\"@id\":\"https:\/\/uniformeplus.tn\/#\/schema\/logo\/image\/\"},\"sameAs\":[\"https:\/\/www.facebook.com\/uniforconfection.uniformeplus\"],\"hasMerchantReturnPolicy\":{\"@type\":\"MerchantReturnPolicy\",\"merchantReturnLink\":\"https:\/\/uniformeplus.tn\/index.php\/politique-de-retour\/\"}}]}<\/script>\n<meta property=\"product:price:amount\" content=\"65.000\" \/>\n<meta property=\"product:price:currency\" content=\"TND\" \/>\n<meta property=\"og:availability\" content=\"instock\" \/>\n<meta property=\"product:availability\" content=\"instock\" \/>\n<meta property=\"product:retailer_item_id\" content=\"PAN-588\" \/>\n<meta property=\"product:condition\" content=\"new\" \/>\n<!-- \/ Yoast SEO Premium plugin. -->","yoast_head_json":{"title":"Pantalon de travail professionnel multi-poche tergal","description":"Ce pantalon de travail professionnel qui s'adapte parfaitement \u00e0 vos besoins offrant \u00e0 la fois confort et robustesse.","robots":{"index":"index","follow":"follow","max-snippet":"max-snippet:-1","max-image-preview":"max-image-preview:large","max-video-preview":"max-video-preview:-1"},"canonical":"https:\/\/uniformeplus.tn\/index.php\/product\/pantalon-tergal\/","og_locale":"fr_FR","og_type":"article","og_title":"Pantalon de travail professionnel multi-poche tergal","og_description":"Ce pantalon de travail professionnel qui s'adapte parfaitement \u00e0 vos besoins offrant \u00e0 la fois confort et robustesse.","og_url":"https:\/\/uniformeplus.tn\/index.php\/product\/pantalon-tergal\/","og_site_name":"uniformeplus - V\u00eatements de travail","article_publisher":"https:\/\/www.facebook.com\/uniforconfection.uniformeplus","article_modified_time":"2025-11-11T08:54:55+00:00","og_image":[{"width":1200,"height":1200,"url":"https:\/\/uniformeplus.tn\/wp-content\/uploads\/2024\/08\/pantalon.png","type":"image\/png"}],"twitter_card":"summary_large_image","twitter_misc":{"Prix":"65.000&#x62f;.&#x62a;","Disponibilit\u00e9":"En stock"},"schema":{"@context":"https:\/\/schema.org","@graph":[{"@type":"WebPage","@id":"https:\/\/uniformeplus.tn\/index.php\/product\/pantalon-tergal\/","url":"https:\/\/uniformeplus.tn\/index.php\/product\/pantalon-tergal\/","name":"Pantalon de travail professionnel multi-poche tergal","isPartOf":{"@id":"https:\/\/uniformeplus.tn\/#website"},"primaryImageOfPage":{"@id":"https:\/\/uniformeplus.tn\/index.php\/product\/pantalon-tergal\/#primaryimage"},"image":{"@id":"https:\/\/uniformeplus.tn\/index.php\/product\/pantalon-tergal\/#primaryimage"},"thumbnailUrl":"https:\/\/uniformeplus.tn\/wp-content\/uploads\/2024\/08\/pantalon.png","datePublished":"2024-08-28T11:26:11+00:00","dateModified":"2025-11-11T08:54:55+00:00","description":"Ce pantalon de travail professionnel qui s'adapte parfaitement \u00e0 vos besoins offrant \u00e0 la fois confort et robustesse.","breadcrumb":{"@id":"https:\/\/uniformeplus.tn\/index.php\/product\/pantalon-tergal\/#breadcrumb"},"inLanguage":"fr-FR","potentialAction":[{"@type":"ReadAction","target":["https:\/\/uniformeplus.tn\/index.php\/product\/pantalon-tergal\/"]}]},{"@type":"ImageObject","inLanguage":"fr-FR","@id":"https:\/\/uniformeplus.tn\/index.php\/product\/pantalon-tergal\/#primaryimage","url":"https:\/\/uniformeplus.tn\/wp-content\/uploads\/2024\/08\/pantalon.png","contentUrl":"https:\/\/uniformeplus.tn\/wp-content\/uploads\/2024\/08\/pantalon.png","width":1200,"height":1200},{"@type":"BreadcrumbList","@id":"https:\/\/uniformeplus.tn\/index.php\/product\/pantalon-tergal\/#breadcrumb","itemListElement":[{"@type":"ListItem","position":1,"name":"Accueil","item":"https:\/\/uniformeplus.tn\/"},{"@type":"ListItem","position":2,"name":"Shop","item":"https:\/\/uniformeplus.tn\/index.php\/shop-2\/"},{"@type":"ListItem","position":3,"name":"M\u00c9TIERS","item":"https:\/\/uniformeplus.tn\/index.php\/product-category\/metiers\/"},{"@type":"ListItem","position":4,"name":"INDUSTRIE","item":"https:\/\/uniformeplus.tn\/index.php\/product-category\/metiers\/industrie\/"},{"@type":"ListItem","position":5,"name":"Construction industrielle","item":"https:\/\/uniformeplus.tn\/index.php\/product-category\/metiers\/industrie\/construction-industrielle\/"},{"@type":"ListItem","position":6,"name":"Pantalon de travail professionnel multi-poche tergal"}]},{"@type":"WebSite","@id":"https:\/\/uniformeplus.tn\/#website","url":"https:\/\/uniformeplus.tn\/","name":"uniformeplus","description":"v\u00eatement de travail Tunisie","publisher":{"@id":"https:\/\/uniformeplus.tn\/#organization"},"alternateName":"tenue de travail en tunisie","potentialAction":[{"@type":"SearchAction","target":{"@type":"EntryPoint","urlTemplate":"https:\/\/uniformeplus.tn\/?s={search_term_string}"},"query-input":{"@type":"PropertyValueSpecification","valueRequired":true,"valueName":"search_term_string"}}],"inLanguage":"fr-FR"},{"@type":"Organization","@id":"https:\/\/uniformeplus.tn\/#organization","name":"tenue de travail","url":"https:\/\/uniformeplus.tn\/","logo":{"@type":"ImageObject","inLanguage":"fr-FR","@id":"https:\/\/uniformeplus.tn\/#\/schema\/logo\/image\/","url":"https:\/\/uniformeplus.tn\/wp-content\/uploads\/2021\/01\/logo.png","contentUrl":"https:\/\/uniformeplus.tn\/wp-content\/uploads\/2021\/01\/logo.png","width":112,"height":112,"caption":"tenue de travail"},"image":{"@id":"https:\/\/uniformeplus.tn\/#\/schema\/logo\/image\/"},"sameAs":["https:\/\/www.facebook.com\/uniforconfection.uniformeplus"],"hasMerchantReturnPolicy":{"@type":"MerchantReturnPolicy","merchantReturnLink":"https:\/\/uniformeplus.tn\/index.php\/politique-de-retour\/"}}]},"product_price_amount":"65.000","product_price_currency":"TND","og_availability":"instock","product_availability":"instock","product_retailer_item_id":"PAN-588","product_condition":"new"},"_links":{"self":[{"href":"https:\/\/uniformeplus.tn\/index.php\/wp-json\/wp\/v2\/product\/16648","targetHints":{"allow":["GET"]}}],"collection":[{"href":"https:\/\/uniformeplus.tn\/index.php\/wp-json\/wp\/v2\/product"}],"about":[{"href":"https:\/\/uniformeplus.tn\/index.php\/wp-json\/wp\/v2\/types\/product"}],"replies":[{"embeddable":true,"href":"https:\/\/uniformeplus.tn\/index.php\/wp-json\/wp\/v2\/comments?post=16648"}],"wp:featuredmedia":[{"embeddable":true,"href":"https:\/\/uniformeplus.tn\/index.php\/wp-json\/wp\/v2\/media\/16651"}],"wp:attachment":[{"href":"https:\/\/uniformeplus.tn\/index.php\/wp-json\/wp\/v2\/media?parent=16648"}],"wp:term":[{"taxonomy":"product_brand","embeddable":true,"href":"https:\/\/uniformeplus.tn\/index.php\/wp-json\/wp\/v2\/product_brand?post=16648"},{"taxonomy":"product_cat","embeddable":true,"href":"https:\/\/uniformeplus.tn\/index.php\/wp-json\/wp\/v2\/product_cat?post=16648"},{"taxonomy":"product_tag","embeddable":true,"href":"https:\/\/uniformeplus.tn\/index.php\/wp-json\/wp\/v2\/product_tag?post=16648"}],"curies":[{"name":"wp","href":"https:\/\/api.w.org\/{rel}","templated":true}]}}