{"id":16752,"date":"2024-11-28T15:40:34","date_gmt":"2024-11-28T14:40:34","guid":{"rendered":"https:\/\/www.uniformeplus.tn\/?post_type=product&#038;p=16752"},"modified":"2025-11-11T09:55:02","modified_gmt":"2025-11-11T08:55:02","slug":"veste-de-travail-anti-feu","status":"publish","type":"product","link":"https:\/\/uniformeplus.tn\/index.php\/product\/veste-de-travail-anti-feu\/","title":{"rendered":"Veste de travail haute visibilit\u00e9 multirisques"},"content":{"rendered":"<h2 style=\"text-align: center;\"><strong>Details\u00a0<\/strong><\/h2>\n<p>&nbsp;<\/p>\n<ul>\n<li><strong>Micro-pattes (\u00e9paule gauche et droite)<\/strong><\/li>\n<li><strong>AirBlocker\u00ae (syst\u00e8me d&#8217;isolation)<\/strong><\/li>\n<li><strong>Col montant (ajustable en largeur, avec crochet)<\/strong><\/li>\n<li><strong>Poche radio (ajustable en hauteur et largeur)<\/strong><\/li>\n<li><strong>Passant pour nom (porte-identit\u00e9)<\/strong><\/li>\n<li><strong>Poche poitrine (incrust\u00e9e)<\/strong><\/li>\n<li><strong>Support de lampe frontale pliable (triple verrouillage, ajustable en largeur et hauteur)<\/strong><\/li>\n<li><strong>Guidon (fonction d&#8217;ouverture rapide)<\/strong><\/li>\n<li><strong>Barrette de grade (identification de grade)<\/strong><\/li>\n<li><strong>\u00c9tiquette de cycle de lavage (fonction protocole)<\/strong><\/li>\n<li><strong>RFID (syst\u00e8me d&#8217;identification \u00e9lectronique)<\/strong><\/li>\n<li><strong>Poche Napol\u00e9on (int\u00e9gr\u00e9e)<\/strong><\/li>\n<li><strong>Poches int\u00e9rieures (gauche avec porte-stylos)<\/strong><\/li>\n<li><strong>Pattes de pr\u00e9hension (con\u00e7ues ergonomiquement)<\/strong><\/li>\n<li><strong>Poches avant (incrust\u00e9es)<\/strong><\/li>\n<li><strong>Poignets (ajustables en largeur, avec manchettes thermiques)<\/strong><\/li>\n<li><strong><strong>Zone de marquage (option de personnalisation)<\/strong><\/strong><br \/>\n<h2 style=\"text-align: center;\">Visibilit\u00e9<\/h2>\n<\/li>\n<li>2 bandes verticales tout autour<br \/>\ndu bas de la veste (5 cm)<br \/>\n-2 bandes sur la poign\u00e9e (5 cm)<br \/>\n-Zone de marquage (option d&#8217;\u00e9tiquetage)<\/li>\n<\/ul>\n","protected":false},"excerpt":{"rendered":"<p>Details\u00a0 &nbsp; Micro-pattes (\u00e9paule gauche et droite) AirBlocker\u00ae (syst\u00e8me d&#8217;isolation) Col montant (ajustable en largeur, avec crochet) Poche radio (ajustable en hauteur et largeur) Passant pour nom (porte-identit\u00e9) Poche poitrine<\/p>\n","protected":false},"featured_media":16758,"comment_status":"open","ping_status":"closed","template":"","meta":{"_acf_changed":false},"product_brand":[],"product_cat":[331,235,230,361,360,359,353,297,227],"product_tag":[],"class_list":{"0":"post-16752","1":"product","2":"type-product","3":"status-publish","4":"has-post-thumbnail","6":"product_cat-haute-visibilite","7":"product_cat-industrie","8":"product_cat-metiers","9":"product_cat-petroleirs","10":"product_cat-tenue-protection-civile","11":"product_cat-sapeur-pompier","12":"product_cat-tenue-de-travail-anti-feu","13":"product_cat-tenue-industrie-du-metal","14":"product_cat-vetement-de-travail","16":"first","17":"instock","18":"taxable","19":"shipping-taxable","20":"purchasable","21":"product-type-simple"},"acf":[],"yoast_head":"<!-- This site is optimized with the Yoast SEO Premium plugin v26.3 (Yoast SEO v26.3) - https:\/\/yoast.com\/wordpress\/plugins\/seo\/ -->\n<title>Veste de travail haute visibilit\u00e9 multirisques<\/title>\n<meta name=\"description\" content=\"Details\u00a0 &nbsp; Micro-pattes (\u00e9paule gauche et droite) AirBlocker\u00ae (syst\u00e8me d&#039;isolation) Col montant (ajustable en largeur, avec crochet) Poche radio\" \/>\n<meta name=\"robots\" content=\"index, follow, max-snippet:-1, max-image-preview:large, max-video-preview:-1\" \/>\n<link rel=\"canonical\" href=\"https:\/\/uniformeplus.tn\/index.php\/product\/veste-de-travail-anti-feu\/\" \/>\n<meta property=\"og:locale\" content=\"fr_FR\" \/>\n<meta property=\"og:type\" content=\"article\" \/>\n<meta property=\"og:title\" content=\"Veste de travail haute visibilit\u00e9 multirisques\" \/>\n<meta property=\"og:description\" content=\"Details\u00a0 &nbsp; Micro-pattes (\u00e9paule gauche et droite) AirBlocker\u00ae (syst\u00e8me d&#039;isolation) Col montant (ajustable en largeur, avec crochet) Poche radio\" \/>\n<meta property=\"og:url\" content=\"https:\/\/uniformeplus.tn\/index.php\/product\/veste-de-travail-anti-feu\/\" \/>\n<meta property=\"og:site_name\" content=\"uniformeplus - V\u00eatements de travail\" \/>\n<meta property=\"article:publisher\" content=\"https:\/\/www.facebook.com\/uniforconfection.uniformeplus\" \/>\n<meta property=\"article:modified_time\" content=\"2025-11-11T08:55:02+00:00\" \/>\n<meta property=\"og:image\" content=\"https:\/\/uniformeplus.tn\/wp-content\/uploads\/2024\/11\/Veste-de-travail-anti-feu.jpg\" \/>\n\t<meta property=\"og:image:width\" content=\"1770\" \/>\n\t<meta property=\"og:image:height\" content=\"1771\" \/>\n\t<meta property=\"og:image:type\" content=\"image\/jpeg\" \/>\n<meta name=\"twitter:card\" content=\"summary_large_image\" \/>\n<meta name=\"twitter:label1\" content=\"Prix\" \/>\n\t<meta name=\"twitter:data1\" content=\"350.000&#x62f;.&#x62a;\" \/>\n\t<meta name=\"twitter:label2\" content=\"Disponibilit\u00e9\" \/>\n\t<meta name=\"twitter:data2\" content=\"En stock\" \/>\n<script type=\"application\/ld+json\" class=\"yoast-schema-graph\">{\"@context\":\"https:\/\/schema.org\",\"@graph\":[{\"@type\":\"WebPage\",\"@id\":\"https:\/\/uniformeplus.tn\/index.php\/product\/veste-de-travail-anti-feu\/\",\"url\":\"https:\/\/uniformeplus.tn\/index.php\/product\/veste-de-travail-anti-feu\/\",\"name\":\"Veste de travail haute visibilit\u00e9 multirisques\",\"isPartOf\":{\"@id\":\"https:\/\/uniformeplus.tn\/#website\"},\"primaryImageOfPage\":{\"@id\":\"https:\/\/uniformeplus.tn\/index.php\/product\/veste-de-travail-anti-feu\/#primaryimage\"},\"image\":{\"@id\":\"https:\/\/uniformeplus.tn\/index.php\/product\/veste-de-travail-anti-feu\/#primaryimage\"},\"thumbnailUrl\":\"https:\/\/uniformeplus.tn\/wp-content\/uploads\/2024\/11\/Veste-de-travail-anti-feu.jpg\",\"datePublished\":\"2024-11-28T14:40:34+00:00\",\"dateModified\":\"2025-11-11T08:55:02+00:00\",\"description\":\"Details\u00a0 &nbsp; Micro-pattes (\u00e9paule gauche et droite) AirBlocker\u00ae (syst\u00e8me d'isolation) Col montant (ajustable en largeur, avec crochet) Poche radio\",\"breadcrumb\":{\"@id\":\"https:\/\/uniformeplus.tn\/index.php\/product\/veste-de-travail-anti-feu\/#breadcrumb\"},\"inLanguage\":\"fr-FR\",\"potentialAction\":[{\"@type\":\"ReadAction\",\"target\":[\"https:\/\/uniformeplus.tn\/index.php\/product\/veste-de-travail-anti-feu\/\"]}]},{\"@type\":\"ImageObject\",\"inLanguage\":\"fr-FR\",\"@id\":\"https:\/\/uniformeplus.tn\/index.php\/product\/veste-de-travail-anti-feu\/#primaryimage\",\"url\":\"https:\/\/uniformeplus.tn\/wp-content\/uploads\/2024\/11\/Veste-de-travail-anti-feu.jpg\",\"contentUrl\":\"https:\/\/uniformeplus.tn\/wp-content\/uploads\/2024\/11\/Veste-de-travail-anti-feu.jpg\",\"width\":1770,\"height\":1771},{\"@type\":\"BreadcrumbList\",\"@id\":\"https:\/\/uniformeplus.tn\/index.php\/product\/veste-de-travail-anti-feu\/#breadcrumb\",\"itemListElement\":[{\"@type\":\"ListItem\",\"position\":1,\"name\":\"Accueil\",\"item\":\"https:\/\/uniformeplus.tn\/\"},{\"@type\":\"ListItem\",\"position\":2,\"name\":\"Shop\",\"item\":\"https:\/\/uniformeplus.tn\/index.php\/shop-2\/\"},{\"@type\":\"ListItem\",\"position\":3,\"name\":\"V\u00caTEMENT DE TRAVAIL\",\"item\":\"https:\/\/uniformeplus.tn\/index.php\/product-category\/vetement-de-travail\/\"},{\"@type\":\"ListItem\",\"position\":4,\"name\":\"HAUTE VISIBILIT\u00c9\",\"item\":\"https:\/\/uniformeplus.tn\/index.php\/product-category\/vetement-de-travail\/haute-visibilite\/\"},{\"@type\":\"ListItem\",\"position\":5,\"name\":\"Veste de travail haute visibilit\u00e9 multirisques\"}]},{\"@type\":\"WebSite\",\"@id\":\"https:\/\/uniformeplus.tn\/#website\",\"url\":\"https:\/\/uniformeplus.tn\/\",\"name\":\"uniformeplus\",\"description\":\"v\u00eatement de travail Tunisie\",\"publisher\":{\"@id\":\"https:\/\/uniformeplus.tn\/#organization\"},\"alternateName\":\"tenue de travail en tunisie\",\"potentialAction\":[{\"@type\":\"SearchAction\",\"target\":{\"@type\":\"EntryPoint\",\"urlTemplate\":\"https:\/\/uniformeplus.tn\/?s={search_term_string}\"},\"query-input\":{\"@type\":\"PropertyValueSpecification\",\"valueRequired\":true,\"valueName\":\"search_term_string\"}}],\"inLanguage\":\"fr-FR\"},{\"@type\":\"Organization\",\"@id\":\"https:\/\/uniformeplus.tn\/#organization\",\"name\":\"tenue de travail\",\"url\":\"https:\/\/uniformeplus.tn\/\",\"logo\":{\"@type\":\"ImageObject\",\"inLanguage\":\"fr-FR\",\"@id\":\"https:\/\/uniformeplus.tn\/#\/schema\/logo\/image\/\",\"url\":\"https:\/\/uniformeplus.tn\/wp-content\/uploads\/2021\/01\/logo.png\",\"contentUrl\":\"https:\/\/uniformeplus.tn\/wp-content\/uploads\/2021\/01\/logo.png\",\"width\":112,\"height\":112,\"caption\":\"tenue de travail\"},\"image\":{\"@id\":\"https:\/\/uniformeplus.tn\/#\/schema\/logo\/image\/\"},\"sameAs\":[\"https:\/\/www.facebook.com\/uniforconfection.uniformeplus\"],\"hasMerchantReturnPolicy\":{\"@type\":\"MerchantReturnPolicy\",\"merchantReturnLink\":\"https:\/\/uniformeplus.tn\/index.php\/politique-de-retour\/\"}}]}<\/script>\n<meta property=\"product:price:amount\" content=\"350.000\" \/>\n<meta property=\"product:price:currency\" content=\"TND\" \/>\n<meta property=\"og:availability\" content=\"instock\" \/>\n<meta property=\"product:availability\" content=\"instock\" \/>\n<meta property=\"product:condition\" content=\"new\" \/>\n<!-- \/ Yoast SEO Premium plugin. -->","yoast_head_json":{"title":"Veste de travail haute visibilit\u00e9 multirisques","description":"Details\u00a0 &nbsp; Micro-pattes (\u00e9paule gauche et droite) AirBlocker\u00ae (syst\u00e8me d'isolation) Col montant (ajustable en largeur, avec crochet) Poche radio","robots":{"index":"index","follow":"follow","max-snippet":"max-snippet:-1","max-image-preview":"max-image-preview:large","max-video-preview":"max-video-preview:-1"},"canonical":"https:\/\/uniformeplus.tn\/index.php\/product\/veste-de-travail-anti-feu\/","og_locale":"fr_FR","og_type":"article","og_title":"Veste de travail haute visibilit\u00e9 multirisques","og_description":"Details\u00a0 &nbsp; Micro-pattes (\u00e9paule gauche et droite) AirBlocker\u00ae (syst\u00e8me d'isolation) Col montant (ajustable en largeur, avec crochet) Poche radio","og_url":"https:\/\/uniformeplus.tn\/index.php\/product\/veste-de-travail-anti-feu\/","og_site_name":"uniformeplus - V\u00eatements de travail","article_publisher":"https:\/\/www.facebook.com\/uniforconfection.uniformeplus","article_modified_time":"2025-11-11T08:55:02+00:00","og_image":[{"width":1770,"height":1771,"url":"https:\/\/uniformeplus.tn\/wp-content\/uploads\/2024\/11\/Veste-de-travail-anti-feu.jpg","type":"image\/jpeg"}],"twitter_card":"summary_large_image","twitter_misc":{"Prix":"350.000&#x62f;.&#x62a;","Disponibilit\u00e9":"En stock"},"schema":{"@context":"https:\/\/schema.org","@graph":[{"@type":"WebPage","@id":"https:\/\/uniformeplus.tn\/index.php\/product\/veste-de-travail-anti-feu\/","url":"https:\/\/uniformeplus.tn\/index.php\/product\/veste-de-travail-anti-feu\/","name":"Veste de travail haute visibilit\u00e9 multirisques","isPartOf":{"@id":"https:\/\/uniformeplus.tn\/#website"},"primaryImageOfPage":{"@id":"https:\/\/uniformeplus.tn\/index.php\/product\/veste-de-travail-anti-feu\/#primaryimage"},"image":{"@id":"https:\/\/uniformeplus.tn\/index.php\/product\/veste-de-travail-anti-feu\/#primaryimage"},"thumbnailUrl":"https:\/\/uniformeplus.tn\/wp-content\/uploads\/2024\/11\/Veste-de-travail-anti-feu.jpg","datePublished":"2024-11-28T14:40:34+00:00","dateModified":"2025-11-11T08:55:02+00:00","description":"Details\u00a0 &nbsp; Micro-pattes (\u00e9paule gauche et droite) AirBlocker\u00ae (syst\u00e8me d'isolation) Col montant (ajustable en largeur, avec crochet) Poche radio","breadcrumb":{"@id":"https:\/\/uniformeplus.tn\/index.php\/product\/veste-de-travail-anti-feu\/#breadcrumb"},"inLanguage":"fr-FR","potentialAction":[{"@type":"ReadAction","target":["https:\/\/uniformeplus.tn\/index.php\/product\/veste-de-travail-anti-feu\/"]}]},{"@type":"ImageObject","inLanguage":"fr-FR","@id":"https:\/\/uniformeplus.tn\/index.php\/product\/veste-de-travail-anti-feu\/#primaryimage","url":"https:\/\/uniformeplus.tn\/wp-content\/uploads\/2024\/11\/Veste-de-travail-anti-feu.jpg","contentUrl":"https:\/\/uniformeplus.tn\/wp-content\/uploads\/2024\/11\/Veste-de-travail-anti-feu.jpg","width":1770,"height":1771},{"@type":"BreadcrumbList","@id":"https:\/\/uniformeplus.tn\/index.php\/product\/veste-de-travail-anti-feu\/#breadcrumb","itemListElement":[{"@type":"ListItem","position":1,"name":"Accueil","item":"https:\/\/uniformeplus.tn\/"},{"@type":"ListItem","position":2,"name":"Shop","item":"https:\/\/uniformeplus.tn\/index.php\/shop-2\/"},{"@type":"ListItem","position":3,"name":"V\u00caTEMENT DE TRAVAIL","item":"https:\/\/uniformeplus.tn\/index.php\/product-category\/vetement-de-travail\/"},{"@type":"ListItem","position":4,"name":"HAUTE VISIBILIT\u00c9","item":"https:\/\/uniformeplus.tn\/index.php\/product-category\/vetement-de-travail\/haute-visibilite\/"},{"@type":"ListItem","position":5,"name":"Veste de travail haute visibilit\u00e9 multirisques"}]},{"@type":"WebSite","@id":"https:\/\/uniformeplus.tn\/#website","url":"https:\/\/uniformeplus.tn\/","name":"uniformeplus","description":"v\u00eatement de travail Tunisie","publisher":{"@id":"https:\/\/uniformeplus.tn\/#organization"},"alternateName":"tenue de travail en tunisie","potentialAction":[{"@type":"SearchAction","target":{"@type":"EntryPoint","urlTemplate":"https:\/\/uniformeplus.tn\/?s={search_term_string}"},"query-input":{"@type":"PropertyValueSpecification","valueRequired":true,"valueName":"search_term_string"}}],"inLanguage":"fr-FR"},{"@type":"Organization","@id":"https:\/\/uniformeplus.tn\/#organization","name":"tenue de travail","url":"https:\/\/uniformeplus.tn\/","logo":{"@type":"ImageObject","inLanguage":"fr-FR","@id":"https:\/\/uniformeplus.tn\/#\/schema\/logo\/image\/","url":"https:\/\/uniformeplus.tn\/wp-content\/uploads\/2021\/01\/logo.png","contentUrl":"https:\/\/uniformeplus.tn\/wp-content\/uploads\/2021\/01\/logo.png","width":112,"height":112,"caption":"tenue de travail"},"image":{"@id":"https:\/\/uniformeplus.tn\/#\/schema\/logo\/image\/"},"sameAs":["https:\/\/www.facebook.com\/uniforconfection.uniformeplus"],"hasMerchantReturnPolicy":{"@type":"MerchantReturnPolicy","merchantReturnLink":"https:\/\/uniformeplus.tn\/index.php\/politique-de-retour\/"}}]},"product_price_amount":"350.000","product_price_currency":"TND","og_availability":"instock","product_availability":"instock","product_condition":"new"},"_links":{"self":[{"href":"https:\/\/uniformeplus.tn\/index.php\/wp-json\/wp\/v2\/product\/16752","targetHints":{"allow":["GET"]}}],"collection":[{"href":"https:\/\/uniformeplus.tn\/index.php\/wp-json\/wp\/v2\/product"}],"about":[{"href":"https:\/\/uniformeplus.tn\/index.php\/wp-json\/wp\/v2\/types\/product"}],"replies":[{"embeddable":true,"href":"https:\/\/uniformeplus.tn\/index.php\/wp-json\/wp\/v2\/comments?post=16752"}],"wp:featuredmedia":[{"embeddable":true,"href":"https:\/\/uniformeplus.tn\/index.php\/wp-json\/wp\/v2\/media\/16758"}],"wp:attachment":[{"href":"https:\/\/uniformeplus.tn\/index.php\/wp-json\/wp\/v2\/media?parent=16752"}],"wp:term":[{"taxonomy":"product_brand","embeddable":true,"href":"https:\/\/uniformeplus.tn\/index.php\/wp-json\/wp\/v2\/product_brand?post=16752"},{"taxonomy":"product_cat","embeddable":true,"href":"https:\/\/uniformeplus.tn\/index.php\/wp-json\/wp\/v2\/product_cat?post=16752"},{"taxonomy":"product_tag","embeddable":true,"href":"https:\/\/uniformeplus.tn\/index.php\/wp-json\/wp\/v2\/product_tag?post=16752"}],"curies":[{"name":"wp","href":"https:\/\/api.w.org\/{rel}","templated":true}]}}