{"id":16842,"date":"2024-12-06T15:51:06","date_gmt":"2024-12-06T14:51:06","guid":{"rendered":"https:\/\/www.uniformeplus.tn\/?post_type=product&#038;p=16842"},"modified":"2025-11-11T09:55:06","modified_gmt":"2025-11-11T08:55:06","slug":"pantalon-de-travail-haute-visibilite-multirisques","status":"publish","type":"product","link":"https:\/\/uniformeplus.tn\/index.php\/product\/pantalon-de-travail-haute-visibilite-multirisques\/","title":{"rendered":"Pantalon de travail haute visibilit\u00e9 multirisques"},"content":{"rendered":"<p class=\"page-heading\">Pantalon de travail haute-visibilit\u00e9 multirisques (anti feu, antistatique et et impermeable) qui garantit une protection multifonctionnelle et polyvalente anti feu, impermeable et antistatique<\/p>\n<p>&nbsp;<\/p>\n<p>CARACT\u00c9RISTIQUES DE L&#8217;\u00c9QUIPEMENT\u00a0:<\/p>\n<ul>\n<li>Deux poches lat\u00e9rales cousues \u00e0 rabat et<\/li>\n<li>Fermeture velcro et int\u00e9gration suppl\u00e9mentaire<\/li>\n<li>poche \u00e0 couteau \u00e0 droite<\/li>\n<li>Ruban velcro pour les noms \u00e0 gauche<\/li>\n<li>rabat de poche<\/li>\n<li>cordon de serrage \u00e0 la taille<\/li>\n<li>Ignifuge non aspirant ergonomiquement<\/li>\n<li>Genouill\u00e8res r\u00e9alis\u00e9es, couvertes<\/li>\n<\/ul>\n<h3>Visibilit\u00e9 :<\/h3>\n<ul>\n<li>Bande r\u00e9fl\u00e9chissante au niveau des jambes<\/li>\n<li>Bande r\u00e9fl\u00e9chissante au niveau lat\u00e9ral<\/li>\n<\/ul>\n","protected":false},"excerpt":{"rendered":"<p class=\"page-heading\">Pantalon de travail haute-visibilit\u00e9 multirisques (anti feu, antistatique et et impermeable) qui garantit une protection multifonctionnelle et polyvalente<\/p>\n","protected":false},"featured_media":16843,"comment_status":"open","ping_status":"closed","template":"","meta":{"_acf_changed":false},"product_brand":[],"product_cat":[249,299,287,262,300,230,263,361,360,359,298,353,363,297,227],"product_tag":[],"class_list":{"0":"post-16842","1":"product","2":"type-product","3":"status-publish","4":"has-post-thumbnail","6":"product_cat-pantalons-de-travail-industrie-mecanique","7":"product_cat-chaudronnier","8":"product_cat-electricien","9":"product_cat-equipement-de-protection-individuelle","10":"product_cat-ferronier","11":"product_cat-metiers","12":"product_cat-nouveautes","13":"product_cat-petroleirs","14":"product_cat-tenue-protection-civile","15":"product_cat-sapeur-pompier","16":"product_cat-soudeur-tenue-industrie-du-metal","17":"product_cat-tenue-de-travail-anti-feu","18":"product_cat-tenue-de-travail-multirisques","19":"product_cat-tenue-industrie-du-metal","20":"product_cat-vetement-de-travail","22":"first","23":"instock","24":"taxable","25":"shipping-taxable","26":"purchasable","27":"product-type-simple"},"acf":[],"yoast_head":"<!-- This site is optimized with the Yoast SEO Premium plugin v26.3 (Yoast SEO v26.3) - https:\/\/yoast.com\/wordpress\/plugins\/seo\/ -->\n<title>Pantalon de travail haute visibilit\u00e9 multirisques<\/title>\n<meta name=\"description\" content=\"Pantalon de travail haute-visibilit\u00e9 multirisques (anti feu, antistatique et et impermeable) qui garantit une protection multifonctionnelle et polyvalente\" \/>\n<meta name=\"robots\" content=\"index, follow, max-snippet:-1, max-image-preview:large, max-video-preview:-1\" \/>\n<link rel=\"canonical\" href=\"https:\/\/uniformeplus.tn\/index.php\/product\/pantalon-de-travail-haute-visibilite-multirisques\/\" \/>\n<meta property=\"og:locale\" content=\"fr_FR\" \/>\n<meta property=\"og:type\" content=\"article\" \/>\n<meta property=\"og:title\" content=\"Pantalon de travail haute visibilit\u00e9 multirisques\" \/>\n<meta property=\"og:description\" content=\"Pantalon de travail haute-visibilit\u00e9 multirisques (anti feu, antistatique et et impermeable) qui garantit une protection multifonctionnelle et polyvalente\" \/>\n<meta property=\"og:url\" content=\"https:\/\/uniformeplus.tn\/index.php\/product\/pantalon-de-travail-haute-visibilite-multirisques\/\" \/>\n<meta property=\"og:site_name\" content=\"uniformeplus - V\u00eatements de travail\" \/>\n<meta property=\"article:publisher\" content=\"https:\/\/www.facebook.com\/uniforconfection.uniformeplus\" \/>\n<meta property=\"article:modified_time\" content=\"2025-11-11T08:55:06+00:00\" \/>\n<meta property=\"og:image\" content=\"https:\/\/uniformeplus.tn\/wp-content\/uploads\/2024\/12\/Pantalon-de-travail-haute-visibilite-multirisques.jpg\" \/>\n\t<meta property=\"og:image:width\" content=\"1424\" \/>\n\t<meta property=\"og:image:height\" content=\"1424\" \/>\n\t<meta property=\"og:image:type\" content=\"image\/jpeg\" \/>\n<meta name=\"twitter:card\" content=\"summary_large_image\" \/>\n<meta name=\"twitter:label1\" content=\"Prix\" \/>\n\t<meta name=\"twitter:data1\" content=\"250.000&#x62f;.&#x62a;\" \/>\n\t<meta name=\"twitter:label2\" content=\"Disponibilit\u00e9\" \/>\n\t<meta name=\"twitter:data2\" content=\"En stock\" \/>\n<script type=\"application\/ld+json\" class=\"yoast-schema-graph\">{\"@context\":\"https:\/\/schema.org\",\"@graph\":[{\"@type\":\"WebPage\",\"@id\":\"https:\/\/uniformeplus.tn\/index.php\/product\/pantalon-de-travail-haute-visibilite-multirisques\/\",\"url\":\"https:\/\/uniformeplus.tn\/index.php\/product\/pantalon-de-travail-haute-visibilite-multirisques\/\",\"name\":\"Pantalon de travail haute visibilit\u00e9 multirisques\",\"isPartOf\":{\"@id\":\"https:\/\/uniformeplus.tn\/#website\"},\"primaryImageOfPage\":{\"@id\":\"https:\/\/uniformeplus.tn\/index.php\/product\/pantalon-de-travail-haute-visibilite-multirisques\/#primaryimage\"},\"image\":{\"@id\":\"https:\/\/uniformeplus.tn\/index.php\/product\/pantalon-de-travail-haute-visibilite-multirisques\/#primaryimage\"},\"thumbnailUrl\":\"https:\/\/uniformeplus.tn\/wp-content\/uploads\/2024\/12\/Pantalon-de-travail-haute-visibilite-multirisques.jpg\",\"datePublished\":\"2024-12-06T14:51:06+00:00\",\"dateModified\":\"2025-11-11T08:55:06+00:00\",\"description\":\"Pantalon de travail haute-visibilit\u00e9 multirisques (anti feu, antistatique et et impermeable) qui garantit une protection multifonctionnelle et polyvalente\",\"breadcrumb\":{\"@id\":\"https:\/\/uniformeplus.tn\/index.php\/product\/pantalon-de-travail-haute-visibilite-multirisques\/#breadcrumb\"},\"inLanguage\":\"fr-FR\",\"potentialAction\":[{\"@type\":\"ReadAction\",\"target\":[\"https:\/\/uniformeplus.tn\/index.php\/product\/pantalon-de-travail-haute-visibilite-multirisques\/\"]}]},{\"@type\":\"ImageObject\",\"inLanguage\":\"fr-FR\",\"@id\":\"https:\/\/uniformeplus.tn\/index.php\/product\/pantalon-de-travail-haute-visibilite-multirisques\/#primaryimage\",\"url\":\"https:\/\/uniformeplus.tn\/wp-content\/uploads\/2024\/12\/Pantalon-de-travail-haute-visibilite-multirisques.jpg\",\"contentUrl\":\"https:\/\/uniformeplus.tn\/wp-content\/uploads\/2024\/12\/Pantalon-de-travail-haute-visibilite-multirisques.jpg\",\"width\":1424,\"height\":1424,\"caption\":\"Pantalon de travail haute visibilit\u00e9 multirisques\"},{\"@type\":\"BreadcrumbList\",\"@id\":\"https:\/\/uniformeplus.tn\/index.php\/product\/pantalon-de-travail-haute-visibilite-multirisques\/#breadcrumb\",\"itemListElement\":[{\"@type\":\"ListItem\",\"position\":1,\"name\":\"Accueil\",\"item\":\"https:\/\/uniformeplus.tn\/\"},{\"@type\":\"ListItem\",\"position\":2,\"name\":\"Shop\",\"item\":\"https:\/\/uniformeplus.tn\/index.php\/shop-2\/\"},{\"@type\":\"ListItem\",\"position\":3,\"name\":\"M\u00c9TIERS\",\"item\":\"https:\/\/uniformeplus.tn\/index.php\/product-category\/metiers\/\"},{\"@type\":\"ListItem\",\"position\":4,\"name\":\"TENUE INDUSTRIE DU M\u00c9TAL\",\"item\":\"https:\/\/uniformeplus.tn\/index.php\/product-category\/metiers\/tenue-industrie-du-metal\/\"},{\"@type\":\"ListItem\",\"position\":5,\"name\":\"Chaudronnier\",\"item\":\"https:\/\/uniformeplus.tn\/index.php\/product-category\/metiers\/tenue-industrie-du-metal\/chaudronnier\/\"},{\"@type\":\"ListItem\",\"position\":6,\"name\":\"Pantalon de travail haute visibilit\u00e9 multirisques\"}]},{\"@type\":\"WebSite\",\"@id\":\"https:\/\/uniformeplus.tn\/#website\",\"url\":\"https:\/\/uniformeplus.tn\/\",\"name\":\"uniformeplus\",\"description\":\"v\u00eatement de travail Tunisie\",\"publisher\":{\"@id\":\"https:\/\/uniformeplus.tn\/#organization\"},\"alternateName\":\"tenue de travail en tunisie\",\"potentialAction\":[{\"@type\":\"SearchAction\",\"target\":{\"@type\":\"EntryPoint\",\"urlTemplate\":\"https:\/\/uniformeplus.tn\/?s={search_term_string}\"},\"query-input\":{\"@type\":\"PropertyValueSpecification\",\"valueRequired\":true,\"valueName\":\"search_term_string\"}}],\"inLanguage\":\"fr-FR\"},{\"@type\":\"Organization\",\"@id\":\"https:\/\/uniformeplus.tn\/#organization\",\"name\":\"tenue de travail\",\"url\":\"https:\/\/uniformeplus.tn\/\",\"logo\":{\"@type\":\"ImageObject\",\"inLanguage\":\"fr-FR\",\"@id\":\"https:\/\/uniformeplus.tn\/#\/schema\/logo\/image\/\",\"url\":\"https:\/\/uniformeplus.tn\/wp-content\/uploads\/2021\/01\/logo.png\",\"contentUrl\":\"https:\/\/uniformeplus.tn\/wp-content\/uploads\/2021\/01\/logo.png\",\"width\":112,\"height\":112,\"caption\":\"tenue de travail\"},\"image\":{\"@id\":\"https:\/\/uniformeplus.tn\/#\/schema\/logo\/image\/\"},\"sameAs\":[\"https:\/\/www.facebook.com\/uniforconfection.uniformeplus\"],\"hasMerchantReturnPolicy\":{\"@type\":\"MerchantReturnPolicy\",\"merchantReturnLink\":\"https:\/\/uniformeplus.tn\/index.php\/politique-de-retour\/\"}}]}<\/script>\n<meta property=\"product:price:amount\" content=\"250.000\" \/>\n<meta property=\"product:price:currency\" content=\"TND\" \/>\n<meta property=\"og:availability\" content=\"instock\" \/>\n<meta property=\"product:availability\" content=\"instock\" \/>\n<meta property=\"product:retailer_item_id\" content=\"PMLHV001\" \/>\n<meta property=\"product:condition\" content=\"new\" \/>\n<!-- \/ Yoast SEO Premium plugin. -->","yoast_head_json":{"title":"Pantalon de travail haute visibilit\u00e9 multirisques","description":"Pantalon de travail haute-visibilit\u00e9 multirisques (anti feu, antistatique et et impermeable) qui garantit une protection multifonctionnelle et polyvalente","robots":{"index":"index","follow":"follow","max-snippet":"max-snippet:-1","max-image-preview":"max-image-preview:large","max-video-preview":"max-video-preview:-1"},"canonical":"https:\/\/uniformeplus.tn\/index.php\/product\/pantalon-de-travail-haute-visibilite-multirisques\/","og_locale":"fr_FR","og_type":"article","og_title":"Pantalon de travail haute visibilit\u00e9 multirisques","og_description":"Pantalon de travail haute-visibilit\u00e9 multirisques (anti feu, antistatique et et impermeable) qui garantit une protection multifonctionnelle et polyvalente","og_url":"https:\/\/uniformeplus.tn\/index.php\/product\/pantalon-de-travail-haute-visibilite-multirisques\/","og_site_name":"uniformeplus - V\u00eatements de travail","article_publisher":"https:\/\/www.facebook.com\/uniforconfection.uniformeplus","article_modified_time":"2025-11-11T08:55:06+00:00","og_image":[{"width":1424,"height":1424,"url":"https:\/\/uniformeplus.tn\/wp-content\/uploads\/2024\/12\/Pantalon-de-travail-haute-visibilite-multirisques.jpg","type":"image\/jpeg"}],"twitter_card":"summary_large_image","twitter_misc":{"Prix":"250.000&#x62f;.&#x62a;","Disponibilit\u00e9":"En stock"},"schema":{"@context":"https:\/\/schema.org","@graph":[{"@type":"WebPage","@id":"https:\/\/uniformeplus.tn\/index.php\/product\/pantalon-de-travail-haute-visibilite-multirisques\/","url":"https:\/\/uniformeplus.tn\/index.php\/product\/pantalon-de-travail-haute-visibilite-multirisques\/","name":"Pantalon de travail haute visibilit\u00e9 multirisques","isPartOf":{"@id":"https:\/\/uniformeplus.tn\/#website"},"primaryImageOfPage":{"@id":"https:\/\/uniformeplus.tn\/index.php\/product\/pantalon-de-travail-haute-visibilite-multirisques\/#primaryimage"},"image":{"@id":"https:\/\/uniformeplus.tn\/index.php\/product\/pantalon-de-travail-haute-visibilite-multirisques\/#primaryimage"},"thumbnailUrl":"https:\/\/uniformeplus.tn\/wp-content\/uploads\/2024\/12\/Pantalon-de-travail-haute-visibilite-multirisques.jpg","datePublished":"2024-12-06T14:51:06+00:00","dateModified":"2025-11-11T08:55:06+00:00","description":"Pantalon de travail haute-visibilit\u00e9 multirisques (anti feu, antistatique et et impermeable) qui garantit une protection multifonctionnelle et polyvalente","breadcrumb":{"@id":"https:\/\/uniformeplus.tn\/index.php\/product\/pantalon-de-travail-haute-visibilite-multirisques\/#breadcrumb"},"inLanguage":"fr-FR","potentialAction":[{"@type":"ReadAction","target":["https:\/\/uniformeplus.tn\/index.php\/product\/pantalon-de-travail-haute-visibilite-multirisques\/"]}]},{"@type":"ImageObject","inLanguage":"fr-FR","@id":"https:\/\/uniformeplus.tn\/index.php\/product\/pantalon-de-travail-haute-visibilite-multirisques\/#primaryimage","url":"https:\/\/uniformeplus.tn\/wp-content\/uploads\/2024\/12\/Pantalon-de-travail-haute-visibilite-multirisques.jpg","contentUrl":"https:\/\/uniformeplus.tn\/wp-content\/uploads\/2024\/12\/Pantalon-de-travail-haute-visibilite-multirisques.jpg","width":1424,"height":1424,"caption":"Pantalon de travail haute visibilit\u00e9 multirisques"},{"@type":"BreadcrumbList","@id":"https:\/\/uniformeplus.tn\/index.php\/product\/pantalon-de-travail-haute-visibilite-multirisques\/#breadcrumb","itemListElement":[{"@type":"ListItem","position":1,"name":"Accueil","item":"https:\/\/uniformeplus.tn\/"},{"@type":"ListItem","position":2,"name":"Shop","item":"https:\/\/uniformeplus.tn\/index.php\/shop-2\/"},{"@type":"ListItem","position":3,"name":"M\u00c9TIERS","item":"https:\/\/uniformeplus.tn\/index.php\/product-category\/metiers\/"},{"@type":"ListItem","position":4,"name":"TENUE INDUSTRIE DU M\u00c9TAL","item":"https:\/\/uniformeplus.tn\/index.php\/product-category\/metiers\/tenue-industrie-du-metal\/"},{"@type":"ListItem","position":5,"name":"Chaudronnier","item":"https:\/\/uniformeplus.tn\/index.php\/product-category\/metiers\/tenue-industrie-du-metal\/chaudronnier\/"},{"@type":"ListItem","position":6,"name":"Pantalon de travail haute visibilit\u00e9 multirisques"}]},{"@type":"WebSite","@id":"https:\/\/uniformeplus.tn\/#website","url":"https:\/\/uniformeplus.tn\/","name":"uniformeplus","description":"v\u00eatement de travail Tunisie","publisher":{"@id":"https:\/\/uniformeplus.tn\/#organization"},"alternateName":"tenue de travail en tunisie","potentialAction":[{"@type":"SearchAction","target":{"@type":"EntryPoint","urlTemplate":"https:\/\/uniformeplus.tn\/?s={search_term_string}"},"query-input":{"@type":"PropertyValueSpecification","valueRequired":true,"valueName":"search_term_string"}}],"inLanguage":"fr-FR"},{"@type":"Organization","@id":"https:\/\/uniformeplus.tn\/#organization","name":"tenue de travail","url":"https:\/\/uniformeplus.tn\/","logo":{"@type":"ImageObject","inLanguage":"fr-FR","@id":"https:\/\/uniformeplus.tn\/#\/schema\/logo\/image\/","url":"https:\/\/uniformeplus.tn\/wp-content\/uploads\/2021\/01\/logo.png","contentUrl":"https:\/\/uniformeplus.tn\/wp-content\/uploads\/2021\/01\/logo.png","width":112,"height":112,"caption":"tenue de travail"},"image":{"@id":"https:\/\/uniformeplus.tn\/#\/schema\/logo\/image\/"},"sameAs":["https:\/\/www.facebook.com\/uniforconfection.uniformeplus"],"hasMerchantReturnPolicy":{"@type":"MerchantReturnPolicy","merchantReturnLink":"https:\/\/uniformeplus.tn\/index.php\/politique-de-retour\/"}}]},"product_price_amount":"250.000","product_price_currency":"TND","og_availability":"instock","product_availability":"instock","product_retailer_item_id":"PMLHV001","product_condition":"new"},"_links":{"self":[{"href":"https:\/\/uniformeplus.tn\/index.php\/wp-json\/wp\/v2\/product\/16842","targetHints":{"allow":["GET"]}}],"collection":[{"href":"https:\/\/uniformeplus.tn\/index.php\/wp-json\/wp\/v2\/product"}],"about":[{"href":"https:\/\/uniformeplus.tn\/index.php\/wp-json\/wp\/v2\/types\/product"}],"replies":[{"embeddable":true,"href":"https:\/\/uniformeplus.tn\/index.php\/wp-json\/wp\/v2\/comments?post=16842"}],"wp:featuredmedia":[{"embeddable":true,"href":"https:\/\/uniformeplus.tn\/index.php\/wp-json\/wp\/v2\/media\/16843"}],"wp:attachment":[{"href":"https:\/\/uniformeplus.tn\/index.php\/wp-json\/wp\/v2\/media?parent=16842"}],"wp:term":[{"taxonomy":"product_brand","embeddable":true,"href":"https:\/\/uniformeplus.tn\/index.php\/wp-json\/wp\/v2\/product_brand?post=16842"},{"taxonomy":"product_cat","embeddable":true,"href":"https:\/\/uniformeplus.tn\/index.php\/wp-json\/wp\/v2\/product_cat?post=16842"},{"taxonomy":"product_tag","embeddable":true,"href":"https:\/\/uniformeplus.tn\/index.php\/wp-json\/wp\/v2\/product_tag?post=16842"}],"curies":[{"name":"wp","href":"https:\/\/api.w.org\/{rel}","templated":true}]}}