{"id":16859,"date":"2024-12-09T14:14:54","date_gmt":"2024-12-09T13:14:54","guid":{"rendered":"https:\/\/www.uniformeplus.tn\/?post_type=product&#038;p=16859"},"modified":"2026-03-21T01:46:13","modified_gmt":"2026-03-21T00:46:13","slug":"combinaison-de-travail","status":"publish","type":"product","link":"https:\/\/uniformeplus.tn\/index.php\/product\/combinaison-de-travail\/","title":{"rendered":"combinaison de travail"},"content":{"rendered":"<p>Cette\u00a0<a href=\"https:\/\/www.uniformeplus.tn\/index.php\/product\/combinaison-de-travail\/\"><strong>combinaison de travail <\/strong><\/a>\u00a0est d&#8217;un excellent rapport qualit\u00e9\/prix puisque c&#8217;est une\u00a0<strong><a href=\"https:\/\/www.uniformeplus.tn\/index.php\/product-category\/vetement-de-travail\/combinaisons\/\">combinaison<\/a> 100% coton<\/strong> r\u00e9unissant les fonctionnalit\u00e9s essentielles d&#8217;une bonne combinaison : les poignets se ferment, nombreuses poches pr\u00e9sentes et 2 passe-mains am\u00e9liorant la praticit\u00e9 de cette combinaison professionnelle. Elle est disponible en tous les couleurs<br \/>\nUne\u00a0<a href=\"https:\/\/www.uniformeplus.tn\/index.php\/product\/combinaison-de-travail\/\">combinaison de travail pas cher<\/a> fermeture zipp\u00e9e<\/p>\n<ul>\n<li>Col chevali\u00e8re<\/li>\n<li>Fermeture \u00e0 glissi\u00e8re spirale d : la fermeture est en plastique et la tirette est en m\u00e9tal<\/li>\n<li>L\u00e9g\u00e8rement \u00e9lastiqu\u00e9e dans le dos<\/li>\n<li>1 poches poitrine<\/li>\n<li>2 passe-mains<\/li>\n<li>2 poches basses plaqu\u00e9es \u00e0 ouverture italienne<\/li>\n<li>1 poche plaqu\u00e9e dos<\/li>\n<li>Poignets \u00e9lastiqu\u00e9s<\/li>\n<\/ul>\n<h3>Tissu :<\/h3>\n<ul>\n<li>100% coton &#8211; 320 g\/m\u00b2<\/li>\n<\/ul>\n<h3>Coloris disponibles :<\/h3>\n<p>touts le couleurs<\/p>\n<p>&nbsp;<\/p>\n","protected":false},"excerpt":{"rendered":"<p>Cette combinaison de travail professionnelle est d&#8217;un excellent rapport qualit\u00e9\/prix , poignets ajustables, multi-poches , passe-mains pratiques.<\/p>\n","protected":false},"featured_media":16860,"comment_status":"open","ping_status":"closed","template":"","meta":{"_acf_changed":false},"product_brand":[],"product_cat":[274,243,264,295,270,280,283,299,289,292,342,247,304,266,281,284,287,300,279,235,275,267,278,285,230,302,269,273,265,244,288,290,303,298,301,237,297,286,277,227,341,282,272,291],"product_tag":[],"class_list":{"0":"post-16859","1":"product","2":"type-product","3":"status-publish","4":"has-post-thumbnail","6":"product_cat-agriculteur","7":"product_cat-batiment","8":"product_cat-btp-et-chantiers","9":"product_cat-cariste","10":"product_cat-carreleur","11":"product_cat-carrossier","12":"product_cat-charpentier","13":"product_cat-chaudronnier","14":"product_cat-chauffagiste","15":"product_cat-chauffeur-livreur","16":"product_cat-combinaison-de-travail","17":"product_cat-combinaisons","18":"product_cat-construction-industrielle","19":"product_cat-couvreur-zingueur","20":"product_cat-depanneur","21":"product_cat-ebeniste","22":"product_cat-electricien","23":"product_cat-ferronier","24":"product_cat-garagiste","25":"product_cat-industrie","26":"product_cat-jardinier","27":"product_cat-macon","28":"product_cat-mecanicien","29":"product_cat-menuisier","30":"product_cat-metiers","31":"product_cat-ouvrier-industrie","32":"product_cat-ouvrier","33":"product_cat-paysagiste","34":"product_cat-peintre","35":"product_cat-peintre-plaquiste","36":"product_cat-plombier","37":"product_cat-serrurier","38":"product_cat-service-maintenance","39":"product_cat-soudeur-tenue-industrie-du-metal","40":"product_cat-technicien","41":"product_cat-technicien-operateur-maintenance","42":"product_cat-tenue-industrie-du-metal","43":"product_cat-tenues-pour-installateurs","44":"product_cat-tenues-pour-lautomobile","45":"product_cat-vetement-de-travail","46":"product_cat-vetement-de-travail-pas-cher","47":"product_cat-vetements-pour-artisan-du-bois","48":"product_cat-vetements-pour-espace-vert","49":"product_cat-vetements-pour-la-logistique-et-le-transport","51":"first","52":"instock","53":"taxable","54":"shipping-taxable","55":"product-type-simple"},"acf":[],"yoast_head":"<!-- This site is optimized with the Yoast SEO Premium plugin v26.3 (Yoast SEO v26.3) - https:\/\/yoast.com\/wordpress\/plugins\/seo\/ -->\n<title>combinaison de travail<\/title>\n<meta name=\"description\" content=\"Cette combinaison de travail professionnelle est d&#039;un excellent rapport qualit\u00e9\/prix , poignets ajustables, multi-poches , passe-mains pratiques.\" \/>\n<meta name=\"robots\" content=\"index, follow, max-snippet:-1, max-image-preview:large, max-video-preview:-1\" \/>\n<link rel=\"canonical\" href=\"https:\/\/uniformeplus.tn\/index.php\/product\/combinaison-de-travail\/\" \/>\n<meta property=\"og:locale\" content=\"fr_FR\" \/>\n<meta property=\"og:type\" content=\"article\" \/>\n<meta property=\"og:title\" content=\"combinaison de travail\" \/>\n<meta property=\"og:description\" content=\"Cette combinaison de travail professionnelle est d&#039;un excellent rapport qualit\u00e9\/prix , poignets ajustables, multi-poches , passe-mains pratiques.\" \/>\n<meta property=\"og:url\" content=\"https:\/\/uniformeplus.tn\/index.php\/product\/combinaison-de-travail\/\" \/>\n<meta property=\"og:site_name\" content=\"uniformeplus - V\u00eatements de travail\" \/>\n<meta property=\"article:publisher\" content=\"https:\/\/www.facebook.com\/uniforconfection.uniformeplus\" \/>\n<meta property=\"article:modified_time\" content=\"2026-03-21T00:46:13+00:00\" \/>\n<meta property=\"og:image\" content=\"https:\/\/uniformeplus.tn\/wp-content\/uploads\/2024\/12\/combinaison-de-travail.png\" \/>\n\t<meta property=\"og:image:width\" content=\"905\" \/>\n\t<meta property=\"og:image:height\" content=\"905\" \/>\n\t<meta property=\"og:image:type\" content=\"image\/png\" \/>\n<meta name=\"twitter:card\" content=\"summary_large_image\" \/>\n<meta name=\"twitter:label1\" content=\"Prix\" \/>\n\t<meta name=\"twitter:data1\" content=\"\" \/>\n\t<meta name=\"twitter:label2\" content=\"Disponibilit\u00e9\" \/>\n\t<meta name=\"twitter:data2\" content=\"En stock\" \/>\n<script type=\"application\/ld+json\" class=\"yoast-schema-graph\">{\"@context\":\"https:\/\/schema.org\",\"@graph\":[{\"@type\":\"WebPage\",\"@id\":\"https:\/\/uniformeplus.tn\/index.php\/product\/combinaison-de-travail\/\",\"url\":\"https:\/\/uniformeplus.tn\/index.php\/product\/combinaison-de-travail\/\",\"name\":\"combinaison de travail\",\"isPartOf\":{\"@id\":\"https:\/\/uniformeplus.tn\/#website\"},\"primaryImageOfPage\":{\"@id\":\"https:\/\/uniformeplus.tn\/index.php\/product\/combinaison-de-travail\/#primaryimage\"},\"image\":{\"@id\":\"https:\/\/uniformeplus.tn\/index.php\/product\/combinaison-de-travail\/#primaryimage\"},\"thumbnailUrl\":\"https:\/\/uniformeplus.tn\/wp-content\/uploads\/2024\/12\/combinaison-de-travail.png\",\"datePublished\":\"2024-12-09T13:14:54+00:00\",\"dateModified\":\"2026-03-21T00:46:13+00:00\",\"description\":\"Cette combinaison de travail professionnelle est d'un excellent rapport qualit\u00e9\/prix , poignets ajustables, multi-poches , passe-mains pratiques.\",\"breadcrumb\":{\"@id\":\"https:\/\/uniformeplus.tn\/index.php\/product\/combinaison-de-travail\/#breadcrumb\"},\"inLanguage\":\"fr-FR\",\"potentialAction\":[{\"@type\":\"ReadAction\",\"target\":[\"https:\/\/uniformeplus.tn\/index.php\/product\/combinaison-de-travail\/\"]}]},{\"@type\":\"ImageObject\",\"inLanguage\":\"fr-FR\",\"@id\":\"https:\/\/uniformeplus.tn\/index.php\/product\/combinaison-de-travail\/#primaryimage\",\"url\":\"https:\/\/uniformeplus.tn\/wp-content\/uploads\/2024\/12\/combinaison-de-travail.png\",\"contentUrl\":\"https:\/\/uniformeplus.tn\/wp-content\/uploads\/2024\/12\/combinaison-de-travail.png\",\"width\":905,\"height\":905,\"caption\":\"combinaison de travail tunisie prix\"},{\"@type\":\"BreadcrumbList\",\"@id\":\"https:\/\/uniformeplus.tn\/index.php\/product\/combinaison-de-travail\/#breadcrumb\",\"itemListElement\":[{\"@type\":\"ListItem\",\"position\":1,\"name\":\"Accueil\",\"item\":\"https:\/\/uniformeplus.tn\/\"},{\"@type\":\"ListItem\",\"position\":2,\"name\":\"Shop\",\"item\":\"https:\/\/uniformeplus.tn\/index.php\/shop-2\/\"},{\"@type\":\"ListItem\",\"position\":3,\"name\":\"M\u00c9TIERS\",\"item\":\"https:\/\/uniformeplus.tn\/index.php\/product-category\/metiers\/\"},{\"@type\":\"ListItem\",\"position\":4,\"name\":\"V\u00caTEMENTS POUR ESPACE VERT\",\"item\":\"https:\/\/uniformeplus.tn\/index.php\/product-category\/metiers\/vetements-pour-espace-vert\/\"},{\"@type\":\"ListItem\",\"position\":5,\"name\":\"Agriculteur\",\"item\":\"https:\/\/uniformeplus.tn\/index.php\/product-category\/metiers\/vetements-pour-espace-vert\/agriculteur\/\"},{\"@type\":\"ListItem\",\"position\":6,\"name\":\"combinaison de travail\"}]},{\"@type\":\"WebSite\",\"@id\":\"https:\/\/uniformeplus.tn\/#website\",\"url\":\"https:\/\/uniformeplus.tn\/\",\"name\":\"uniformeplus\",\"description\":\"v\u00eatement de travail Tunisie\",\"publisher\":{\"@id\":\"https:\/\/uniformeplus.tn\/#organization\"},\"alternateName\":\"tenue de travail en tunisie\",\"potentialAction\":[{\"@type\":\"SearchAction\",\"target\":{\"@type\":\"EntryPoint\",\"urlTemplate\":\"https:\/\/uniformeplus.tn\/?s={search_term_string}\"},\"query-input\":{\"@type\":\"PropertyValueSpecification\",\"valueRequired\":true,\"valueName\":\"search_term_string\"}}],\"inLanguage\":\"fr-FR\"},{\"@type\":\"Organization\",\"@id\":\"https:\/\/uniformeplus.tn\/#organization\",\"name\":\"tenue de travail\",\"url\":\"https:\/\/uniformeplus.tn\/\",\"logo\":{\"@type\":\"ImageObject\",\"inLanguage\":\"fr-FR\",\"@id\":\"https:\/\/uniformeplus.tn\/#\/schema\/logo\/image\/\",\"url\":\"https:\/\/uniformeplus.tn\/wp-content\/uploads\/2021\/01\/logo.png\",\"contentUrl\":\"https:\/\/uniformeplus.tn\/wp-content\/uploads\/2021\/01\/logo.png\",\"width\":112,\"height\":112,\"caption\":\"tenue de travail\"},\"image\":{\"@id\":\"https:\/\/uniformeplus.tn\/#\/schema\/logo\/image\/\"},\"sameAs\":[\"https:\/\/www.facebook.com\/uniforconfection.uniformeplus\"],\"hasMerchantReturnPolicy\":{\"@type\":\"MerchantReturnPolicy\",\"merchantReturnLink\":\"https:\/\/uniformeplus.tn\/index.php\/politique-de-retour\/\"}}]}<\/script>\n<meta property=\"product:price:currency\" content=\"TND\" \/>\n<meta property=\"og:availability\" content=\"instock\" \/>\n<meta property=\"product:availability\" content=\"instock\" \/>\n<meta property=\"product:condition\" content=\"new\" \/>\n<!-- \/ Yoast SEO Premium plugin. -->","yoast_head_json":{"title":"combinaison de travail","description":"Cette combinaison de travail professionnelle est d'un excellent rapport qualit\u00e9\/prix , poignets ajustables, multi-poches , passe-mains pratiques.","robots":{"index":"index","follow":"follow","max-snippet":"max-snippet:-1","max-image-preview":"max-image-preview:large","max-video-preview":"max-video-preview:-1"},"canonical":"https:\/\/uniformeplus.tn\/index.php\/product\/combinaison-de-travail\/","og_locale":"fr_FR","og_type":"article","og_title":"combinaison de travail","og_description":"Cette combinaison de travail professionnelle est d'un excellent rapport qualit\u00e9\/prix , poignets ajustables, multi-poches , passe-mains pratiques.","og_url":"https:\/\/uniformeplus.tn\/index.php\/product\/combinaison-de-travail\/","og_site_name":"uniformeplus - V\u00eatements de travail","article_publisher":"https:\/\/www.facebook.com\/uniforconfection.uniformeplus","article_modified_time":"2026-03-21T00:46:13+00:00","og_image":[{"width":905,"height":905,"url":"https:\/\/uniformeplus.tn\/wp-content\/uploads\/2024\/12\/combinaison-de-travail.png","type":"image\/png"}],"twitter_card":"summary_large_image","twitter_misc":{"Prix":"","Disponibilit\u00e9":"En stock"},"schema":{"@context":"https:\/\/schema.org","@graph":[{"@type":"WebPage","@id":"https:\/\/uniformeplus.tn\/index.php\/product\/combinaison-de-travail\/","url":"https:\/\/uniformeplus.tn\/index.php\/product\/combinaison-de-travail\/","name":"combinaison de travail","isPartOf":{"@id":"https:\/\/uniformeplus.tn\/#website"},"primaryImageOfPage":{"@id":"https:\/\/uniformeplus.tn\/index.php\/product\/combinaison-de-travail\/#primaryimage"},"image":{"@id":"https:\/\/uniformeplus.tn\/index.php\/product\/combinaison-de-travail\/#primaryimage"},"thumbnailUrl":"https:\/\/uniformeplus.tn\/wp-content\/uploads\/2024\/12\/combinaison-de-travail.png","datePublished":"2024-12-09T13:14:54+00:00","dateModified":"2026-03-21T00:46:13+00:00","description":"Cette combinaison de travail professionnelle est d'un excellent rapport qualit\u00e9\/prix , poignets ajustables, multi-poches , passe-mains pratiques.","breadcrumb":{"@id":"https:\/\/uniformeplus.tn\/index.php\/product\/combinaison-de-travail\/#breadcrumb"},"inLanguage":"fr-FR","potentialAction":[{"@type":"ReadAction","target":["https:\/\/uniformeplus.tn\/index.php\/product\/combinaison-de-travail\/"]}]},{"@type":"ImageObject","inLanguage":"fr-FR","@id":"https:\/\/uniformeplus.tn\/index.php\/product\/combinaison-de-travail\/#primaryimage","url":"https:\/\/uniformeplus.tn\/wp-content\/uploads\/2024\/12\/combinaison-de-travail.png","contentUrl":"https:\/\/uniformeplus.tn\/wp-content\/uploads\/2024\/12\/combinaison-de-travail.png","width":905,"height":905,"caption":"combinaison de travail tunisie prix"},{"@type":"BreadcrumbList","@id":"https:\/\/uniformeplus.tn\/index.php\/product\/combinaison-de-travail\/#breadcrumb","itemListElement":[{"@type":"ListItem","position":1,"name":"Accueil","item":"https:\/\/uniformeplus.tn\/"},{"@type":"ListItem","position":2,"name":"Shop","item":"https:\/\/uniformeplus.tn\/index.php\/shop-2\/"},{"@type":"ListItem","position":3,"name":"M\u00c9TIERS","item":"https:\/\/uniformeplus.tn\/index.php\/product-category\/metiers\/"},{"@type":"ListItem","position":4,"name":"V\u00caTEMENTS POUR ESPACE VERT","item":"https:\/\/uniformeplus.tn\/index.php\/product-category\/metiers\/vetements-pour-espace-vert\/"},{"@type":"ListItem","position":5,"name":"Agriculteur","item":"https:\/\/uniformeplus.tn\/index.php\/product-category\/metiers\/vetements-pour-espace-vert\/agriculteur\/"},{"@type":"ListItem","position":6,"name":"combinaison de travail"}]},{"@type":"WebSite","@id":"https:\/\/uniformeplus.tn\/#website","url":"https:\/\/uniformeplus.tn\/","name":"uniformeplus","description":"v\u00eatement de travail Tunisie","publisher":{"@id":"https:\/\/uniformeplus.tn\/#organization"},"alternateName":"tenue de travail en tunisie","potentialAction":[{"@type":"SearchAction","target":{"@type":"EntryPoint","urlTemplate":"https:\/\/uniformeplus.tn\/?s={search_term_string}"},"query-input":{"@type":"PropertyValueSpecification","valueRequired":true,"valueName":"search_term_string"}}],"inLanguage":"fr-FR"},{"@type":"Organization","@id":"https:\/\/uniformeplus.tn\/#organization","name":"tenue de travail","url":"https:\/\/uniformeplus.tn\/","logo":{"@type":"ImageObject","inLanguage":"fr-FR","@id":"https:\/\/uniformeplus.tn\/#\/schema\/logo\/image\/","url":"https:\/\/uniformeplus.tn\/wp-content\/uploads\/2021\/01\/logo.png","contentUrl":"https:\/\/uniformeplus.tn\/wp-content\/uploads\/2021\/01\/logo.png","width":112,"height":112,"caption":"tenue de travail"},"image":{"@id":"https:\/\/uniformeplus.tn\/#\/schema\/logo\/image\/"},"sameAs":["https:\/\/www.facebook.com\/uniforconfection.uniformeplus"],"hasMerchantReturnPolicy":{"@type":"MerchantReturnPolicy","merchantReturnLink":"https:\/\/uniformeplus.tn\/index.php\/politique-de-retour\/"}}]},"product_price_currency":"TND","og_availability":"instock","product_availability":"instock","product_condition":"new"},"_links":{"self":[{"href":"https:\/\/uniformeplus.tn\/index.php\/wp-json\/wp\/v2\/product\/16859","targetHints":{"allow":["GET"]}}],"collection":[{"href":"https:\/\/uniformeplus.tn\/index.php\/wp-json\/wp\/v2\/product"}],"about":[{"href":"https:\/\/uniformeplus.tn\/index.php\/wp-json\/wp\/v2\/types\/product"}],"replies":[{"embeddable":true,"href":"https:\/\/uniformeplus.tn\/index.php\/wp-json\/wp\/v2\/comments?post=16859"}],"wp:featuredmedia":[{"embeddable":true,"href":"https:\/\/uniformeplus.tn\/index.php\/wp-json\/wp\/v2\/media\/16860"}],"wp:attachment":[{"href":"https:\/\/uniformeplus.tn\/index.php\/wp-json\/wp\/v2\/media?parent=16859"}],"wp:term":[{"taxonomy":"product_brand","embeddable":true,"href":"https:\/\/uniformeplus.tn\/index.php\/wp-json\/wp\/v2\/product_brand?post=16859"},{"taxonomy":"product_cat","embeddable":true,"href":"https:\/\/uniformeplus.tn\/index.php\/wp-json\/wp\/v2\/product_cat?post=16859"},{"taxonomy":"product_tag","embeddable":true,"href":"https:\/\/uniformeplus.tn\/index.php\/wp-json\/wp\/v2\/product_tag?post=16859"}],"curies":[{"name":"wp","href":"https:\/\/api.w.org\/{rel}","templated":true}]}}