{"id":16872,"date":"2025-02-19T19:26:10","date_gmt":"2025-02-19T18:26:10","guid":{"rendered":"https:\/\/www.uniformeplus.tn\/?post_type=product&#038;p=16872"},"modified":"2026-04-13T06:29:41","modified_gmt":"2026-04-13T04:29:41","slug":"combinaison-de-travail-multirisque","status":"publish","type":"product","link":"https:\/\/uniformeplus.tn\/index.php\/product\/combinaison-de-travail-multirisque\/","title":{"rendered":"Combinaison de travail anti feu et multirisque"},"content":{"rendered":"<p class=\"attribute-avantages\">Col &gt;&gt; Col officier ferm\u00e9 par un bouton pression Fermeture &gt;&gt; Fermetures Zipper &amp; rabat ferm\u00e9 par boutons pressions Manches &gt;&gt; Manches longues avec poignets ajustables par boutons pressions Poches &gt;&gt; &#8211; 2 poches poitrines avec rabat ferm\u00e9 par boutons pressions &#8211; 1 poche int\u00e9rieure &#8211; 2 poches dos avec rabat ferm\u00e9 par boutons pressions &#8211; 2 poches italiennes &#8211; 1 poche cargo avec rabat ferm\u00e9 par boutons pressions &#8211; 1 poche outils avec une ouverture de 7 cm avec rabat ferm\u00e9 par boutons pressions sur les produits HV Poche grenouill\u00e8res &gt;&gt; 2 poches genouill\u00e8res avec hauteur ajustable et ouverture par le bas Collerette de marquage &gt;&gt; 1 collerette de marquage au niveau du col Taille &gt;&gt; Taille \u00e9lastique Passant poitrine &gt;&gt; 2 passants poitrines au-dessus des poches poitrines Bandes r\u00e9tro-rechristianisant &gt;&gt; Bandes r\u00e9tro-r\u00e9fl\u00e9chissantes ignifuges Dos &gt;&gt; Soufflets d\u2019aisance dans le dos Coutures &gt;&gt; Coutures triple piqures avec points de renforts Ourlet &gt;&gt; Ourlet de 5 CM d\u00e9tachable Pictogrammes &gt;&gt; Pictogrammes des nomes sur la manche gauche<\/p>\n<p class=\"attribute-avantages\"><strong class=\"label\"><br \/>\nAvantages :\u00a0<\/strong>Industries p\u00e9troli\u00e8res et gazi\u00e8res Industrie Chimique Industrie \u00e9lectrique et automobile Services publics LES PLUS: mercerie plastique + composition m\u00e9lang\u00e9e + bandes r\u00e9fl\u00e9chissantes<\/p>\n<p class=\"attribute-sector\"><strong class=\"label\">Secteurs industriels :\u00a0<\/strong>Fabrication d\u2019\u00e9quipements et machines \u00e9lectriques et \u00e9lectroniques, Chemical &amp; pharmaceutical industries, Energy (production and distribution), Extracting Oil and Gas, Heavy &amp; process industries, Light Industries, Mechanicals constructions, Mining<\/p>\n<p class=\"attribute-subfamily\"><strong class=\"label\">Sous-famille :\u00a0<\/strong>Combinaison &amp; Ensemble<\/p>\n<p class=\"attribute-ppe_cat\"><strong class=\"label\">Cat\u00e9gorie EPI :\u00a0<\/strong>III<\/p>\n","protected":false},"excerpt":{"rendered":"<p>Combinaison de protection multirisque avec col officier, fermetures s\u00e9curis\u00e9es, multiples poches, bandes r\u00e9tro-r\u00e9fl\u00e9chissantes ignifuges et coutures renforc\u00e9es.<\/p>\n","protected":false},"featured_media":16885,"comment_status":"open","ping_status":"closed","template":"","meta":{"_acf_changed":false},"product_brand":[],"product_cat":[368,367,351,262,362,331,361,359,353,363],"product_tag":[],"class_list":{"0":"post-16872","1":"product","2":"type-product","3":"status-publish","4":"has-post-thumbnail","6":"product_cat-combinaison-de-travail-anti-feu-et-multirisque","7":"product_cat-combinaison-de-travail-multirisque","8":"product_cat-combinaison-haute-visivilite","9":"product_cat-equipement-de-protection-individuelle","10":"product_cat-tenue-de-travail-gaziere","11":"product_cat-haute-visibilite","12":"product_cat-petroleirs","13":"product_cat-sapeur-pompier","14":"product_cat-tenue-de-travail-anti-feu","15":"product_cat-tenue-de-travail-multirisques","17":"first","18":"instock","19":"taxable","20":"shipping-taxable","21":"product-type-simple"},"acf":[],"yoast_head":"<!-- This site is optimized with the Yoast SEO Premium plugin v26.3 (Yoast SEO v26.3) - https:\/\/yoast.com\/wordpress\/plugins\/seo\/ -->\n<title>Combinaison de travail anti feu et multirisque<\/title>\n<meta name=\"description\" content=\"Combinaison de protection multirisque avec col officier, fermetures s\u00e9curis\u00e9es, multiples poches, bandes r\u00e9tro-r\u00e9fl\u00e9chissantes ignifuges et coutures renforc\u00e9es.\" \/>\n<meta name=\"robots\" content=\"index, follow, max-snippet:-1, max-image-preview:large, max-video-preview:-1\" \/>\n<link rel=\"canonical\" href=\"https:\/\/uniformeplus.tn\/index.php\/product\/combinaison-de-travail-multirisque\/\" \/>\n<meta property=\"og:locale\" content=\"fr_FR\" \/>\n<meta property=\"og:type\" content=\"article\" \/>\n<meta property=\"og:title\" content=\"Combinaison de travail anti feu et multirisque\" \/>\n<meta property=\"og:description\" content=\"Combinaison de protection multirisque avec col officier, fermetures s\u00e9curis\u00e9es, multiples poches, bandes r\u00e9tro-r\u00e9fl\u00e9chissantes ignifuges et coutures renforc\u00e9es.\" \/>\n<meta property=\"og:url\" content=\"https:\/\/uniformeplus.tn\/index.php\/product\/combinaison-de-travail-multirisque\/\" \/>\n<meta property=\"og:site_name\" content=\"uniformeplus - V\u00eatements de travail\" \/>\n<meta property=\"article:publisher\" content=\"https:\/\/www.facebook.com\/uniforconfection.uniformeplus\" \/>\n<meta property=\"article:modified_time\" content=\"2026-04-13T04:29:41+00:00\" \/>\n<meta property=\"og:image\" content=\"https:\/\/uniformeplus.tn\/wp-content\/uploads\/2025\/02\/1.png\" \/>\n\t<meta property=\"og:image:width\" content=\"1092\" \/>\n\t<meta property=\"og:image:height\" content=\"1092\" \/>\n\t<meta property=\"og:image:type\" content=\"image\/png\" \/>\n<meta name=\"twitter:card\" content=\"summary_large_image\" \/>\n<meta name=\"twitter:label1\" content=\"Prix\" \/>\n\t<meta name=\"twitter:data1\" content=\"\" \/>\n\t<meta name=\"twitter:label2\" content=\"Disponibilit\u00e9\" \/>\n\t<meta name=\"twitter:data2\" content=\"En stock\" \/>\n<script type=\"application\/ld+json\" class=\"yoast-schema-graph\">{\"@context\":\"https:\/\/schema.org\",\"@graph\":[{\"@type\":\"WebPage\",\"@id\":\"https:\/\/uniformeplus.tn\/index.php\/product\/combinaison-de-travail-multirisque\/\",\"url\":\"https:\/\/uniformeplus.tn\/index.php\/product\/combinaison-de-travail-multirisque\/\",\"name\":\"Combinaison de travail anti feu et multirisque\",\"isPartOf\":{\"@id\":\"https:\/\/uniformeplus.tn\/#website\"},\"primaryImageOfPage\":{\"@id\":\"https:\/\/uniformeplus.tn\/index.php\/product\/combinaison-de-travail-multirisque\/#primaryimage\"},\"image\":{\"@id\":\"https:\/\/uniformeplus.tn\/index.php\/product\/combinaison-de-travail-multirisque\/#primaryimage\"},\"thumbnailUrl\":\"https:\/\/uniformeplus.tn\/wp-content\/uploads\/2025\/02\/1.png\",\"datePublished\":\"2025-02-19T18:26:10+00:00\",\"dateModified\":\"2026-04-13T04:29:41+00:00\",\"description\":\"Combinaison de protection multirisque avec col officier, fermetures s\u00e9curis\u00e9es, multiples poches, bandes r\u00e9tro-r\u00e9fl\u00e9chissantes ignifuges et coutures renforc\u00e9es.\",\"breadcrumb\":{\"@id\":\"https:\/\/uniformeplus.tn\/index.php\/product\/combinaison-de-travail-multirisque\/#breadcrumb\"},\"inLanguage\":\"fr-FR\",\"potentialAction\":[{\"@type\":\"ReadAction\",\"target\":[\"https:\/\/uniformeplus.tn\/index.php\/product\/combinaison-de-travail-multirisque\/\"]}]},{\"@type\":\"ImageObject\",\"inLanguage\":\"fr-FR\",\"@id\":\"https:\/\/uniformeplus.tn\/index.php\/product\/combinaison-de-travail-multirisque\/#primaryimage\",\"url\":\"https:\/\/uniformeplus.tn\/wp-content\/uploads\/2025\/02\/1.png\",\"contentUrl\":\"https:\/\/uniformeplus.tn\/wp-content\/uploads\/2025\/02\/1.png\",\"width\":1092,\"height\":1092,\"caption\":\"Combinaison de travail anti-feu et retardant de flamme\"},{\"@type\":\"BreadcrumbList\",\"@id\":\"https:\/\/uniformeplus.tn\/index.php\/product\/combinaison-de-travail-multirisque\/#breadcrumb\",\"itemListElement\":[{\"@type\":\"ListItem\",\"position\":1,\"name\":\"Accueil\",\"item\":\"https:\/\/uniformeplus.tn\/\"},{\"@type\":\"ListItem\",\"position\":2,\"name\":\"Shop\",\"item\":\"https:\/\/uniformeplus.tn\/index.php\/shop-2\/\"},{\"@type\":\"ListItem\",\"position\":3,\"name\":\"V\u00caTEMENT DE TRAVAIL\",\"item\":\"https:\/\/uniformeplus.tn\/index.php\/product-category\/vetement-de-travail\/\"},{\"@type\":\"ListItem\",\"position\":4,\"name\":\"tenue de travail anti feu\",\"item\":\"https:\/\/uniformeplus.tn\/index.php\/product-category\/vetement-de-travail\/tenue-de-travail-anti-feu\/\"},{\"@type\":\"ListItem\",\"position\":5,\"name\":\"Combinaison de travail anti feu\",\"item\":\"https:\/\/uniformeplus.tn\/index.php\/product-category\/vetement-de-travail\/tenue-de-travail-anti-feu\/combinaison-de-travail-anti-feu-et-multirisque\/\"},{\"@type\":\"ListItem\",\"position\":6,\"name\":\"Combinaison de travail anti feu et multirisque\"}]},{\"@type\":\"WebSite\",\"@id\":\"https:\/\/uniformeplus.tn\/#website\",\"url\":\"https:\/\/uniformeplus.tn\/\",\"name\":\"uniformeplus\",\"description\":\"v\u00eatement de travail Tunisie\",\"publisher\":{\"@id\":\"https:\/\/uniformeplus.tn\/#organization\"},\"alternateName\":\"tenue de travail en tunisie\",\"potentialAction\":[{\"@type\":\"SearchAction\",\"target\":{\"@type\":\"EntryPoint\",\"urlTemplate\":\"https:\/\/uniformeplus.tn\/?s={search_term_string}\"},\"query-input\":{\"@type\":\"PropertyValueSpecification\",\"valueRequired\":true,\"valueName\":\"search_term_string\"}}],\"inLanguage\":\"fr-FR\"},{\"@type\":\"Organization\",\"@id\":\"https:\/\/uniformeplus.tn\/#organization\",\"name\":\"tenue de travail\",\"url\":\"https:\/\/uniformeplus.tn\/\",\"logo\":{\"@type\":\"ImageObject\",\"inLanguage\":\"fr-FR\",\"@id\":\"https:\/\/uniformeplus.tn\/#\/schema\/logo\/image\/\",\"url\":\"https:\/\/uniformeplus.tn\/wp-content\/uploads\/2021\/01\/logo.png\",\"contentUrl\":\"https:\/\/uniformeplus.tn\/wp-content\/uploads\/2021\/01\/logo.png\",\"width\":112,\"height\":112,\"caption\":\"tenue de travail\"},\"image\":{\"@id\":\"https:\/\/uniformeplus.tn\/#\/schema\/logo\/image\/\"},\"sameAs\":[\"https:\/\/www.facebook.com\/uniforconfection.uniformeplus\"],\"hasMerchantReturnPolicy\":{\"@type\":\"MerchantReturnPolicy\",\"merchantReturnLink\":\"https:\/\/uniformeplus.tn\/index.php\/politique-de-retour\/\"}}]}<\/script>\n<meta property=\"product:price:currency\" content=\"TND\" \/>\n<meta property=\"og:availability\" content=\"instock\" \/>\n<meta property=\"product:availability\" content=\"instock\" \/>\n<meta property=\"product:condition\" content=\"new\" \/>\n<!-- \/ Yoast SEO Premium plugin. -->","yoast_head_json":{"title":"Combinaison de travail anti feu et multirisque","description":"Combinaison de protection multirisque avec col officier, fermetures s\u00e9curis\u00e9es, multiples poches, bandes r\u00e9tro-r\u00e9fl\u00e9chissantes ignifuges et coutures renforc\u00e9es.","robots":{"index":"index","follow":"follow","max-snippet":"max-snippet:-1","max-image-preview":"max-image-preview:large","max-video-preview":"max-video-preview:-1"},"canonical":"https:\/\/uniformeplus.tn\/index.php\/product\/combinaison-de-travail-multirisque\/","og_locale":"fr_FR","og_type":"article","og_title":"Combinaison de travail anti feu et multirisque","og_description":"Combinaison de protection multirisque avec col officier, fermetures s\u00e9curis\u00e9es, multiples poches, bandes r\u00e9tro-r\u00e9fl\u00e9chissantes ignifuges et coutures renforc\u00e9es.","og_url":"https:\/\/uniformeplus.tn\/index.php\/product\/combinaison-de-travail-multirisque\/","og_site_name":"uniformeplus - V\u00eatements de travail","article_publisher":"https:\/\/www.facebook.com\/uniforconfection.uniformeplus","article_modified_time":"2026-04-13T04:29:41+00:00","og_image":[{"width":1092,"height":1092,"url":"https:\/\/uniformeplus.tn\/wp-content\/uploads\/2025\/02\/1.png","type":"image\/png"}],"twitter_card":"summary_large_image","twitter_misc":{"Prix":"","Disponibilit\u00e9":"En stock"},"schema":{"@context":"https:\/\/schema.org","@graph":[{"@type":"WebPage","@id":"https:\/\/uniformeplus.tn\/index.php\/product\/combinaison-de-travail-multirisque\/","url":"https:\/\/uniformeplus.tn\/index.php\/product\/combinaison-de-travail-multirisque\/","name":"Combinaison de travail anti feu et multirisque","isPartOf":{"@id":"https:\/\/uniformeplus.tn\/#website"},"primaryImageOfPage":{"@id":"https:\/\/uniformeplus.tn\/index.php\/product\/combinaison-de-travail-multirisque\/#primaryimage"},"image":{"@id":"https:\/\/uniformeplus.tn\/index.php\/product\/combinaison-de-travail-multirisque\/#primaryimage"},"thumbnailUrl":"https:\/\/uniformeplus.tn\/wp-content\/uploads\/2025\/02\/1.png","datePublished":"2025-02-19T18:26:10+00:00","dateModified":"2026-04-13T04:29:41+00:00","description":"Combinaison de protection multirisque avec col officier, fermetures s\u00e9curis\u00e9es, multiples poches, bandes r\u00e9tro-r\u00e9fl\u00e9chissantes ignifuges et coutures renforc\u00e9es.","breadcrumb":{"@id":"https:\/\/uniformeplus.tn\/index.php\/product\/combinaison-de-travail-multirisque\/#breadcrumb"},"inLanguage":"fr-FR","potentialAction":[{"@type":"ReadAction","target":["https:\/\/uniformeplus.tn\/index.php\/product\/combinaison-de-travail-multirisque\/"]}]},{"@type":"ImageObject","inLanguage":"fr-FR","@id":"https:\/\/uniformeplus.tn\/index.php\/product\/combinaison-de-travail-multirisque\/#primaryimage","url":"https:\/\/uniformeplus.tn\/wp-content\/uploads\/2025\/02\/1.png","contentUrl":"https:\/\/uniformeplus.tn\/wp-content\/uploads\/2025\/02\/1.png","width":1092,"height":1092,"caption":"Combinaison de travail anti-feu et retardant de flamme"},{"@type":"BreadcrumbList","@id":"https:\/\/uniformeplus.tn\/index.php\/product\/combinaison-de-travail-multirisque\/#breadcrumb","itemListElement":[{"@type":"ListItem","position":1,"name":"Accueil","item":"https:\/\/uniformeplus.tn\/"},{"@type":"ListItem","position":2,"name":"Shop","item":"https:\/\/uniformeplus.tn\/index.php\/shop-2\/"},{"@type":"ListItem","position":3,"name":"V\u00caTEMENT DE TRAVAIL","item":"https:\/\/uniformeplus.tn\/index.php\/product-category\/vetement-de-travail\/"},{"@type":"ListItem","position":4,"name":"tenue de travail anti feu","item":"https:\/\/uniformeplus.tn\/index.php\/product-category\/vetement-de-travail\/tenue-de-travail-anti-feu\/"},{"@type":"ListItem","position":5,"name":"Combinaison de travail anti feu","item":"https:\/\/uniformeplus.tn\/index.php\/product-category\/vetement-de-travail\/tenue-de-travail-anti-feu\/combinaison-de-travail-anti-feu-et-multirisque\/"},{"@type":"ListItem","position":6,"name":"Combinaison de travail anti feu et multirisque"}]},{"@type":"WebSite","@id":"https:\/\/uniformeplus.tn\/#website","url":"https:\/\/uniformeplus.tn\/","name":"uniformeplus","description":"v\u00eatement de travail Tunisie","publisher":{"@id":"https:\/\/uniformeplus.tn\/#organization"},"alternateName":"tenue de travail en tunisie","potentialAction":[{"@type":"SearchAction","target":{"@type":"EntryPoint","urlTemplate":"https:\/\/uniformeplus.tn\/?s={search_term_string}"},"query-input":{"@type":"PropertyValueSpecification","valueRequired":true,"valueName":"search_term_string"}}],"inLanguage":"fr-FR"},{"@type":"Organization","@id":"https:\/\/uniformeplus.tn\/#organization","name":"tenue de travail","url":"https:\/\/uniformeplus.tn\/","logo":{"@type":"ImageObject","inLanguage":"fr-FR","@id":"https:\/\/uniformeplus.tn\/#\/schema\/logo\/image\/","url":"https:\/\/uniformeplus.tn\/wp-content\/uploads\/2021\/01\/logo.png","contentUrl":"https:\/\/uniformeplus.tn\/wp-content\/uploads\/2021\/01\/logo.png","width":112,"height":112,"caption":"tenue de travail"},"image":{"@id":"https:\/\/uniformeplus.tn\/#\/schema\/logo\/image\/"},"sameAs":["https:\/\/www.facebook.com\/uniforconfection.uniformeplus"],"hasMerchantReturnPolicy":{"@type":"MerchantReturnPolicy","merchantReturnLink":"https:\/\/uniformeplus.tn\/index.php\/politique-de-retour\/"}}]},"product_price_currency":"TND","og_availability":"instock","product_availability":"instock","product_condition":"new"},"_links":{"self":[{"href":"https:\/\/uniformeplus.tn\/index.php\/wp-json\/wp\/v2\/product\/16872","targetHints":{"allow":["GET"]}}],"collection":[{"href":"https:\/\/uniformeplus.tn\/index.php\/wp-json\/wp\/v2\/product"}],"about":[{"href":"https:\/\/uniformeplus.tn\/index.php\/wp-json\/wp\/v2\/types\/product"}],"replies":[{"embeddable":true,"href":"https:\/\/uniformeplus.tn\/index.php\/wp-json\/wp\/v2\/comments?post=16872"}],"wp:featuredmedia":[{"embeddable":true,"href":"https:\/\/uniformeplus.tn\/index.php\/wp-json\/wp\/v2\/media\/16885"}],"wp:attachment":[{"href":"https:\/\/uniformeplus.tn\/index.php\/wp-json\/wp\/v2\/media?parent=16872"}],"wp:term":[{"taxonomy":"product_brand","embeddable":true,"href":"https:\/\/uniformeplus.tn\/index.php\/wp-json\/wp\/v2\/product_brand?post=16872"},{"taxonomy":"product_cat","embeddable":true,"href":"https:\/\/uniformeplus.tn\/index.php\/wp-json\/wp\/v2\/product_cat?post=16872"},{"taxonomy":"product_tag","embeddable":true,"href":"https:\/\/uniformeplus.tn\/index.php\/wp-json\/wp\/v2\/product_tag?post=16872"}],"curies":[{"name":"wp","href":"https:\/\/api.w.org\/{rel}","templated":true}]}}