{"id":16877,"date":"2025-03-01T14:59:52","date_gmt":"2025-03-01T13:59:52","guid":{"rendered":"https:\/\/www.uniformeplus.tn\/?post_type=product&#038;p=16877"},"modified":"2025-11-11T09:55:04","modified_gmt":"2025-11-11T08:55:04","slug":"parka-haute-visibilite-anti-feu","status":"publish","type":"product","link":"https:\/\/uniformeplus.tn\/index.php\/product\/parka-haute-visibilite-anti-feu\/","title":{"rendered":"Parka de travail haute visibilit\u00e9 anti-feu"},"content":{"rendered":"<article class=\"w-full text-token-text-primary focus-visible:outline-2 focus-visible:outline-offset-[-4px]\" dir=\"auto\" data-testid=\"conversation-turn-303\" data-scroll-anchor=\"false\">\n<div class=\"m-auto text-base py-[18px] px-6\">\n<div class=\"mx-auto flex flex-1 text-base gap-4 md:gap-5 lg:gap-6 md:max-w-3xl lg:max-w-[40rem] xl:max-w-[48rem]\">\n<div class=\"group\/conversation-turn relative flex w-full min-w-0 flex-col agent-turn @xs\/thread:px-0 @sm\/thread:px-1.5 @md\/thread:px-4\">\n<div class=\"flex-col gap-1 md:gap-3\">\n<div class=\"flex max-w-full flex-col flex-grow\">\n<div class=\"min-h-8 text-message relative flex w-full flex-col items-end gap-2 whitespace-normal break-words text-start [.text-message+&amp;]:mt-5\" dir=\"auto\" data-message-author-role=\"assistant\" data-message-id=\"135d5ff9-a633-4280-9c53-0fa698cc3126\" data-message-model-slug=\"gpt-4o\">\n<div class=\"flex w-full flex-col gap-1 empty:hidden first:pt-[3px]\">\n<div class=\"markdown prose w-full break-words dark:prose-invert light\"><\/div>\n<\/div>\n<\/div>\n<\/div>\n<\/div>\n<\/div>\n<\/div>\n<\/div>\n<\/article>\n<article class=\"w-full text-token-text-primary focus-visible:outline-2 focus-visible:outline-offset-[-4px]\" dir=\"auto\" data-testid=\"conversation-turn-305\" data-scroll-anchor=\"true\">\n<h6 class=\"sr-only\"><\/h6>\n<div class=\"m-auto text-base py-[18px] px-6\">\n<div class=\"mx-auto flex flex-1 text-base gap-4 md:gap-5 lg:gap-6 md:max-w-3xl lg:max-w-[40rem] xl:max-w-[48rem]\">\n<div class=\"group\/conversation-turn relative flex w-full min-w-0 flex-col agent-turn @xs\/thread:px-0 @sm\/thread:px-1.5 @md\/thread:px-4\">\n<div class=\"flex-col gap-1 md:gap-3\">\n<div class=\"flex max-w-full flex-col flex-grow\">\n<div class=\"min-h-8 text-message relative flex w-full flex-col items-end gap-2 whitespace-normal break-words text-start [.text-message+&amp;]:mt-5\" dir=\"auto\" data-message-author-role=\"assistant\" data-message-id=\"bf4cfde7-9144-4011-bcc3-8105a1de1f04\" data-message-model-slug=\"gpt-4o\">\n<div class=\"flex w-full flex-col gap-1 empty:hidden first:pt-[3px]\">\n<div class=\"markdown prose w-full break-words dark:prose-invert light\">\n<h1 style=\"text-align: center;\" data-start=\"0\" data-end=\"93\"><strong data-start=\"4\" data-end=\"91\">Parka Haute Visibilit\u00e9 de Travail Anti-Feu \u2013 S\u00e9curit\u00e9, Confort et Haute Performance<\/strong><\/h1>\n<h3 data-start=\"415\" data-end=\"455\"><strong data-start=\"419\" data-end=\"453\">Caract\u00e9ristiques principales :<\/strong><\/h3>\n<p data-start=\"456\" data-end=\"617\">\u2705 <strong data-start=\"458\" data-end=\"481\">Protection optimale<\/strong> gr\u00e2ce \u00e0 son tissu ignifuge et antistatique<br data-start=\"524\" data-end=\"527\" \/>\u2705 <strong data-start=\"529\" data-end=\"549\">Haute visibilit\u00e9<\/strong> avec <strong data-start=\"555\" data-end=\"589\">bandes r\u00e9fl\u00e9chissantes de 5 cm<\/strong> plac\u00e9es strat\u00e9giquement :<\/p>\n<ul data-start=\"621\" data-end=\"1007\">\n<li data-start=\"621\" data-end=\"642\"><strong data-start=\"623\" data-end=\"640\">Devant et dos<\/strong><\/li>\n<li data-start=\"646\" data-end=\"773\"><strong data-start=\"648\" data-end=\"682\">Sur les manches et les \u00e9paules<\/strong> (triple fonction pour une visibilit\u00e9 maximale)<br data-start=\"729\" data-end=\"732\" \/>\u2705 <strong data-start=\"734\" data-end=\"769\">Multiples poches fonctionnelles<\/strong> :<\/li>\n<li data-start=\"777\" data-end=\"836\"><strong data-start=\"779\" data-end=\"799\">1 poche poitrine<\/strong> avec rabat et fermeture \u00e0 pression<\/li>\n<li data-start=\"840\" data-end=\"896\"><strong data-start=\"842\" data-end=\"860\">2 poches avant<\/strong> avec rabat pour plus de praticit\u00e9<\/li>\n<li data-start=\"900\" data-end=\"952\"><strong data-start=\"902\" data-end=\"950\">1 poche sp\u00e9ciale pour badge d\u2019identification<\/strong><\/li>\n<li data-start=\"956\" data-end=\"1007\"><strong data-start=\"958\" data-end=\"990\">1 poche int\u00e9rieure s\u00e9curis\u00e9e<\/strong> avec fermeture<\/li>\n<\/ul>\n<h3 data-start=\"1009\" data-end=\"1040\"><strong data-start=\"1013\" data-end=\"1038\">Tissu haute qualit\u00e9 :<\/strong><\/h3>\n<p data-start=\"1041\" data-end=\"1194\">\ud83e\uddf5 <strong data-start=\"1044\" data-end=\"1059\">Composition<\/strong> : 80% coton arm\u00e9, 19% polyester, 1% antistatique<br data-start=\"1108\" data-end=\"1111\" \/>\u26a1 <strong data-start=\"1113\" data-end=\"1192\">R\u00e9sistant aux arcs \u00e9lectriques, aux flammes et aux charges \u00e9lectrostatiques<\/strong><\/p>\n<h3 data-start=\"1196\" data-end=\"1257\"><strong data-start=\"1200\" data-end=\"1255\">Convient aux professionnels des secteurs suivants :<\/strong><\/h3>\n<p data-start=\"1258\" data-end=\"1511\">\u2714\ufe0f Industrie <a href=\"https:\/\/www.uniformeplus.tn\/index.php\/product-category\/metiers\/petroleirs\/\">p\u00e9troli\u00e8re<\/a> et <a href=\"https:\/\/www.uniformeplus.tn\/index.php\/product-category\/tenue\/\">gazi\u00e8re<\/a><br data-start=\"1292\" data-end=\"1295\" \/>\u2714\ufe0f Industrie chimique et pharmaceutique<br data-start=\"1334\" data-end=\"1337\" \/>\u2714\ufe0f Production et distribution d\u2019\u00e9nergie<br data-start=\"1376\" data-end=\"1379\" \/>\u2714\ufe0f Industrie automobile et \u00e9lectrique<br data-start=\"1416\" data-end=\"1419\" \/>\u2714\ufe0f Secteur minier et m\u00e9tallurgique<br data-start=\"1453\" data-end=\"1456\" \/>\u2714\ufe0f Travaux de maintenance en environnements \u00e0 risques<\/p>\n<p data-start=\"1513\" data-end=\"1721\" data-is-last-node=\"\" data-is-only-node=\"\">Optez pour une protection efficace et un confort optimal avec notre<a href=\"https:\/\/www.uniformeplus.tn\/index.php\/product\/parka-haute-visibilite-anti-feu\/\"> <strong data-start=\"1581\" data-end=\"1616\">parka haute visibilit\u00e9 anti-feu<\/strong><\/a>, l\u2019\u00e9quipement incontournable pour les professionnels expos\u00e9s aux risques thermiques et \u00e9lectriques. \ud83d\udd25\ud83e\uddba<\/p>\n<\/div>\n<\/div>\n<\/div>\n<\/div>\n<\/div>\n<\/div>\n<\/div>\n<\/div>\n<\/article>\n","protected":false},"excerpt":{"rendered":"<p>Garantissez votre s\u00e9curit\u00e9 et votre visibilit\u00e9 sur votre lieu de travail avec notre parka haute visibilit\u00e9 de travail anti-feu, sp\u00e9cialement con\u00e7ue pour les environnements \u00e0 risques. Robuste, confortable et dot\u00e9e d\u2019une conception ergonomique, elle allie protection et praticit\u00e9 pour les professionnels exigeants.<\/p>\n","protected":false},"featured_media":16878,"comment_status":"open","ping_status":"closed","template":"","meta":{"_acf_changed":false},"product_brand":[],"product_cat":[262,362,364,361,360,359,353,363],"product_tag":[],"class_list":{"0":"post-16877","1":"product","2":"type-product","3":"status-publish","4":"has-post-thumbnail","6":"product_cat-equipement-de-protection-individuelle","7":"product_cat-tenue-de-travail-gaziere","8":"product_cat-parka-de-travail-multirisque","9":"product_cat-petroleirs","10":"product_cat-tenue-protection-civile","11":"product_cat-sapeur-pompier","12":"product_cat-tenue-de-travail-anti-feu","13":"product_cat-tenue-de-travail-multirisques","15":"first","16":"instock","17":"taxable","18":"shipping-taxable","19":"product-type-simple"},"acf":[],"yoast_head":"<!-- This site is optimized with the Yoast SEO Premium plugin v26.3 (Yoast SEO v26.3) - https:\/\/yoast.com\/wordpress\/plugins\/seo\/ -->\n<title>Parka de travail haute visibilit\u00e9 anti-feu<\/title>\n<meta name=\"description\" content=\"Garantissez votre s\u00e9curit\u00e9 et votre visibilit\u00e9 sur votre lieu de travail avec notre parka haute visibilit\u00e9 de travail anti-feu, sp\u00e9cialement con\u00e7ue pour les environnements \u00e0 risques. Robuste, confortable et dot\u00e9e d\u2019une conception ergonomique, elle allie protection et praticit\u00e9 pour les professionnels exigeants.\" \/>\n<meta name=\"robots\" content=\"index, follow, max-snippet:-1, max-image-preview:large, max-video-preview:-1\" \/>\n<link rel=\"canonical\" href=\"https:\/\/uniformeplus.tn\/index.php\/product\/parka-haute-visibilite-anti-feu\/\" \/>\n<meta property=\"og:locale\" content=\"fr_FR\" \/>\n<meta property=\"og:type\" content=\"article\" \/>\n<meta property=\"og:title\" content=\"Parka de travail haute visibilit\u00e9 anti-feu\" \/>\n<meta property=\"og:description\" content=\"Garantissez votre s\u00e9curit\u00e9 et votre visibilit\u00e9 sur votre lieu de travail avec notre parka haute visibilit\u00e9 de travail anti-feu, sp\u00e9cialement con\u00e7ue pour les environnements \u00e0 risques. Robuste, confortable et dot\u00e9e d\u2019une conception ergonomique, elle allie protection et praticit\u00e9 pour les professionnels exigeants.\" \/>\n<meta property=\"og:url\" content=\"https:\/\/uniformeplus.tn\/index.php\/product\/parka-haute-visibilite-anti-feu\/\" \/>\n<meta property=\"og:site_name\" content=\"uniformeplus - V\u00eatements de travail\" \/>\n<meta property=\"article:publisher\" content=\"https:\/\/www.facebook.com\/uniforconfection.uniformeplus\" \/>\n<meta property=\"article:modified_time\" content=\"2025-11-11T08:55:04+00:00\" \/>\n<meta property=\"og:image\" content=\"https:\/\/uniformeplus.tn\/wp-content\/uploads\/2025\/03\/devant.png\" \/>\n\t<meta property=\"og:image:width\" content=\"1692\" \/>\n\t<meta property=\"og:image:height\" content=\"1691\" \/>\n\t<meta property=\"og:image:type\" content=\"image\/png\" \/>\n<meta name=\"twitter:card\" content=\"summary_large_image\" \/>\n<meta name=\"twitter:label1\" content=\"Prix\" \/>\n\t<meta name=\"twitter:data1\" content=\"\" \/>\n\t<meta name=\"twitter:label2\" content=\"Disponibilit\u00e9\" \/>\n\t<meta name=\"twitter:data2\" content=\"En stock\" \/>\n<script type=\"application\/ld+json\" class=\"yoast-schema-graph\">{\"@context\":\"https:\/\/schema.org\",\"@graph\":[{\"@type\":\"WebPage\",\"@id\":\"https:\/\/uniformeplus.tn\/index.php\/product\/parka-haute-visibilite-anti-feu\/\",\"url\":\"https:\/\/uniformeplus.tn\/index.php\/product\/parka-haute-visibilite-anti-feu\/\",\"name\":\"Parka de travail haute visibilit\u00e9 anti-feu\",\"isPartOf\":{\"@id\":\"https:\/\/uniformeplus.tn\/#website\"},\"primaryImageOfPage\":{\"@id\":\"https:\/\/uniformeplus.tn\/index.php\/product\/parka-haute-visibilite-anti-feu\/#primaryimage\"},\"image\":{\"@id\":\"https:\/\/uniformeplus.tn\/index.php\/product\/parka-haute-visibilite-anti-feu\/#primaryimage\"},\"thumbnailUrl\":\"https:\/\/uniformeplus.tn\/wp-content\/uploads\/2025\/03\/devant.png\",\"datePublished\":\"2025-03-01T13:59:52+00:00\",\"dateModified\":\"2025-11-11T08:55:04+00:00\",\"description\":\"Garantissez votre s\u00e9curit\u00e9 et votre visibilit\u00e9 sur votre lieu de travail avec notre parka haute visibilit\u00e9 de travail anti-feu, sp\u00e9cialement con\u00e7ue pour les environnements \u00e0 risques. Robuste, confortable et dot\u00e9e d\u2019une conception ergonomique, elle allie protection et praticit\u00e9 pour les professionnels exigeants.\",\"breadcrumb\":{\"@id\":\"https:\/\/uniformeplus.tn\/index.php\/product\/parka-haute-visibilite-anti-feu\/#breadcrumb\"},\"inLanguage\":\"fr-FR\",\"potentialAction\":[{\"@type\":\"ReadAction\",\"target\":[\"https:\/\/uniformeplus.tn\/index.php\/product\/parka-haute-visibilite-anti-feu\/\"]}]},{\"@type\":\"ImageObject\",\"inLanguage\":\"fr-FR\",\"@id\":\"https:\/\/uniformeplus.tn\/index.php\/product\/parka-haute-visibilite-anti-feu\/#primaryimage\",\"url\":\"https:\/\/uniformeplus.tn\/wp-content\/uploads\/2025\/03\/devant.png\",\"contentUrl\":\"https:\/\/uniformeplus.tn\/wp-content\/uploads\/2025\/03\/devant.png\",\"width\":1692,\"height\":1691,\"caption\":\"parka de trvail anti-feu\"},{\"@type\":\"BreadcrumbList\",\"@id\":\"https:\/\/uniformeplus.tn\/index.php\/product\/parka-haute-visibilite-anti-feu\/#breadcrumb\",\"itemListElement\":[{\"@type\":\"ListItem\",\"position\":1,\"name\":\"Accueil\",\"item\":\"https:\/\/uniformeplus.tn\/\"},{\"@type\":\"ListItem\",\"position\":2,\"name\":\"Shop\",\"item\":\"https:\/\/uniformeplus.tn\/index.php\/shop-2\/\"},{\"@type\":\"ListItem\",\"position\":3,\"name\":\"tenue de travail multirisques\",\"item\":\"https:\/\/uniformeplus.tn\/index.php\/product-category\/tenue-de-travail-multirisques\/\"},{\"@type\":\"ListItem\",\"position\":4,\"name\":\"Parka de travail multirisque\",\"item\":\"https:\/\/uniformeplus.tn\/index.php\/product-category\/tenue-de-travail-multirisques\/parka-de-travail-multirisque\/\"},{\"@type\":\"ListItem\",\"position\":5,\"name\":\"Parka de travail haute visibilit\u00e9 anti-feu\"}]},{\"@type\":\"WebSite\",\"@id\":\"https:\/\/uniformeplus.tn\/#website\",\"url\":\"https:\/\/uniformeplus.tn\/\",\"name\":\"uniformeplus\",\"description\":\"v\u00eatement de travail Tunisie\",\"publisher\":{\"@id\":\"https:\/\/uniformeplus.tn\/#organization\"},\"alternateName\":\"tenue de travail en tunisie\",\"potentialAction\":[{\"@type\":\"SearchAction\",\"target\":{\"@type\":\"EntryPoint\",\"urlTemplate\":\"https:\/\/uniformeplus.tn\/?s={search_term_string}\"},\"query-input\":{\"@type\":\"PropertyValueSpecification\",\"valueRequired\":true,\"valueName\":\"search_term_string\"}}],\"inLanguage\":\"fr-FR\"},{\"@type\":\"Organization\",\"@id\":\"https:\/\/uniformeplus.tn\/#organization\",\"name\":\"tenue de travail\",\"url\":\"https:\/\/uniformeplus.tn\/\",\"logo\":{\"@type\":\"ImageObject\",\"inLanguage\":\"fr-FR\",\"@id\":\"https:\/\/uniformeplus.tn\/#\/schema\/logo\/image\/\",\"url\":\"https:\/\/uniformeplus.tn\/wp-content\/uploads\/2021\/01\/logo.png\",\"contentUrl\":\"https:\/\/uniformeplus.tn\/wp-content\/uploads\/2021\/01\/logo.png\",\"width\":112,\"height\":112,\"caption\":\"tenue de travail\"},\"image\":{\"@id\":\"https:\/\/uniformeplus.tn\/#\/schema\/logo\/image\/\"},\"sameAs\":[\"https:\/\/www.facebook.com\/uniforconfection.uniformeplus\"],\"hasMerchantReturnPolicy\":{\"@type\":\"MerchantReturnPolicy\",\"merchantReturnLink\":\"https:\/\/uniformeplus.tn\/index.php\/politique-de-retour\/\"}}]}<\/script>\n<meta property=\"product:price:currency\" content=\"TND\" \/>\n<meta property=\"og:availability\" content=\"instock\" \/>\n<meta property=\"product:availability\" content=\"instock\" \/>\n<meta property=\"product:condition\" content=\"new\" \/>\n<!-- \/ Yoast SEO Premium plugin. -->","yoast_head_json":{"title":"Parka de travail haute visibilit\u00e9 anti-feu","description":"Garantissez votre s\u00e9curit\u00e9 et votre visibilit\u00e9 sur votre lieu de travail avec notre parka haute visibilit\u00e9 de travail anti-feu, sp\u00e9cialement con\u00e7ue pour les environnements \u00e0 risques. Robuste, confortable et dot\u00e9e d\u2019une conception ergonomique, elle allie protection et praticit\u00e9 pour les professionnels exigeants.","robots":{"index":"index","follow":"follow","max-snippet":"max-snippet:-1","max-image-preview":"max-image-preview:large","max-video-preview":"max-video-preview:-1"},"canonical":"https:\/\/uniformeplus.tn\/index.php\/product\/parka-haute-visibilite-anti-feu\/","og_locale":"fr_FR","og_type":"article","og_title":"Parka de travail haute visibilit\u00e9 anti-feu","og_description":"Garantissez votre s\u00e9curit\u00e9 et votre visibilit\u00e9 sur votre lieu de travail avec notre parka haute visibilit\u00e9 de travail anti-feu, sp\u00e9cialement con\u00e7ue pour les environnements \u00e0 risques. Robuste, confortable et dot\u00e9e d\u2019une conception ergonomique, elle allie protection et praticit\u00e9 pour les professionnels exigeants.","og_url":"https:\/\/uniformeplus.tn\/index.php\/product\/parka-haute-visibilite-anti-feu\/","og_site_name":"uniformeplus - V\u00eatements de travail","article_publisher":"https:\/\/www.facebook.com\/uniforconfection.uniformeplus","article_modified_time":"2025-11-11T08:55:04+00:00","og_image":[{"width":1692,"height":1691,"url":"https:\/\/uniformeplus.tn\/wp-content\/uploads\/2025\/03\/devant.png","type":"image\/png"}],"twitter_card":"summary_large_image","twitter_misc":{"Prix":"","Disponibilit\u00e9":"En stock"},"schema":{"@context":"https:\/\/schema.org","@graph":[{"@type":"WebPage","@id":"https:\/\/uniformeplus.tn\/index.php\/product\/parka-haute-visibilite-anti-feu\/","url":"https:\/\/uniformeplus.tn\/index.php\/product\/parka-haute-visibilite-anti-feu\/","name":"Parka de travail haute visibilit\u00e9 anti-feu","isPartOf":{"@id":"https:\/\/uniformeplus.tn\/#website"},"primaryImageOfPage":{"@id":"https:\/\/uniformeplus.tn\/index.php\/product\/parka-haute-visibilite-anti-feu\/#primaryimage"},"image":{"@id":"https:\/\/uniformeplus.tn\/index.php\/product\/parka-haute-visibilite-anti-feu\/#primaryimage"},"thumbnailUrl":"https:\/\/uniformeplus.tn\/wp-content\/uploads\/2025\/03\/devant.png","datePublished":"2025-03-01T13:59:52+00:00","dateModified":"2025-11-11T08:55:04+00:00","description":"Garantissez votre s\u00e9curit\u00e9 et votre visibilit\u00e9 sur votre lieu de travail avec notre parka haute visibilit\u00e9 de travail anti-feu, sp\u00e9cialement con\u00e7ue pour les environnements \u00e0 risques. Robuste, confortable et dot\u00e9e d\u2019une conception ergonomique, elle allie protection et praticit\u00e9 pour les professionnels exigeants.","breadcrumb":{"@id":"https:\/\/uniformeplus.tn\/index.php\/product\/parka-haute-visibilite-anti-feu\/#breadcrumb"},"inLanguage":"fr-FR","potentialAction":[{"@type":"ReadAction","target":["https:\/\/uniformeplus.tn\/index.php\/product\/parka-haute-visibilite-anti-feu\/"]}]},{"@type":"ImageObject","inLanguage":"fr-FR","@id":"https:\/\/uniformeplus.tn\/index.php\/product\/parka-haute-visibilite-anti-feu\/#primaryimage","url":"https:\/\/uniformeplus.tn\/wp-content\/uploads\/2025\/03\/devant.png","contentUrl":"https:\/\/uniformeplus.tn\/wp-content\/uploads\/2025\/03\/devant.png","width":1692,"height":1691,"caption":"parka de trvail anti-feu"},{"@type":"BreadcrumbList","@id":"https:\/\/uniformeplus.tn\/index.php\/product\/parka-haute-visibilite-anti-feu\/#breadcrumb","itemListElement":[{"@type":"ListItem","position":1,"name":"Accueil","item":"https:\/\/uniformeplus.tn\/"},{"@type":"ListItem","position":2,"name":"Shop","item":"https:\/\/uniformeplus.tn\/index.php\/shop-2\/"},{"@type":"ListItem","position":3,"name":"tenue de travail multirisques","item":"https:\/\/uniformeplus.tn\/index.php\/product-category\/tenue-de-travail-multirisques\/"},{"@type":"ListItem","position":4,"name":"Parka de travail multirisque","item":"https:\/\/uniformeplus.tn\/index.php\/product-category\/tenue-de-travail-multirisques\/parka-de-travail-multirisque\/"},{"@type":"ListItem","position":5,"name":"Parka de travail haute visibilit\u00e9 anti-feu"}]},{"@type":"WebSite","@id":"https:\/\/uniformeplus.tn\/#website","url":"https:\/\/uniformeplus.tn\/","name":"uniformeplus","description":"v\u00eatement de travail Tunisie","publisher":{"@id":"https:\/\/uniformeplus.tn\/#organization"},"alternateName":"tenue de travail en tunisie","potentialAction":[{"@type":"SearchAction","target":{"@type":"EntryPoint","urlTemplate":"https:\/\/uniformeplus.tn\/?s={search_term_string}"},"query-input":{"@type":"PropertyValueSpecification","valueRequired":true,"valueName":"search_term_string"}}],"inLanguage":"fr-FR"},{"@type":"Organization","@id":"https:\/\/uniformeplus.tn\/#organization","name":"tenue de travail","url":"https:\/\/uniformeplus.tn\/","logo":{"@type":"ImageObject","inLanguage":"fr-FR","@id":"https:\/\/uniformeplus.tn\/#\/schema\/logo\/image\/","url":"https:\/\/uniformeplus.tn\/wp-content\/uploads\/2021\/01\/logo.png","contentUrl":"https:\/\/uniformeplus.tn\/wp-content\/uploads\/2021\/01\/logo.png","width":112,"height":112,"caption":"tenue de travail"},"image":{"@id":"https:\/\/uniformeplus.tn\/#\/schema\/logo\/image\/"},"sameAs":["https:\/\/www.facebook.com\/uniforconfection.uniformeplus"],"hasMerchantReturnPolicy":{"@type":"MerchantReturnPolicy","merchantReturnLink":"https:\/\/uniformeplus.tn\/index.php\/politique-de-retour\/"}}]},"product_price_currency":"TND","og_availability":"instock","product_availability":"instock","product_condition":"new"},"_links":{"self":[{"href":"https:\/\/uniformeplus.tn\/index.php\/wp-json\/wp\/v2\/product\/16877","targetHints":{"allow":["GET"]}}],"collection":[{"href":"https:\/\/uniformeplus.tn\/index.php\/wp-json\/wp\/v2\/product"}],"about":[{"href":"https:\/\/uniformeplus.tn\/index.php\/wp-json\/wp\/v2\/types\/product"}],"replies":[{"embeddable":true,"href":"https:\/\/uniformeplus.tn\/index.php\/wp-json\/wp\/v2\/comments?post=16877"}],"wp:featuredmedia":[{"embeddable":true,"href":"https:\/\/uniformeplus.tn\/index.php\/wp-json\/wp\/v2\/media\/16878"}],"wp:attachment":[{"href":"https:\/\/uniformeplus.tn\/index.php\/wp-json\/wp\/v2\/media?parent=16877"}],"wp:term":[{"taxonomy":"product_brand","embeddable":true,"href":"https:\/\/uniformeplus.tn\/index.php\/wp-json\/wp\/v2\/product_brand?post=16877"},{"taxonomy":"product_cat","embeddable":true,"href":"https:\/\/uniformeplus.tn\/index.php\/wp-json\/wp\/v2\/product_cat?post=16877"},{"taxonomy":"product_tag","embeddable":true,"href":"https:\/\/uniformeplus.tn\/index.php\/wp-json\/wp\/v2\/product_tag?post=16877"}],"curies":[{"name":"wp","href":"https:\/\/api.w.org\/{rel}","templated":true}]}}