{"id":16887,"date":"2025-03-03T14:32:05","date_gmt":"2025-03-03T13:32:05","guid":{"rendered":"https:\/\/www.uniformeplus.tn\/?post_type=product&#038;p=16887"},"modified":"2026-05-03T07:27:31","modified_gmt":"2026-05-03T05:27:31","slug":"salopettes-de-travail-professionnel","status":"publish","type":"product","link":"https:\/\/uniformeplus.tn\/index.php\/product\/salopettes-de-travail-professionnel\/","title":{"rendered":"Salopettes de travail Professionnel"},"content":{"rendered":"<p>La salopette de travail pour hommes dispose d&#8217;un design moderne et d&#8217;une excellente fonctionnalit\u00e9. Elle est tr\u00e8s r\u00e9sistante gr\u00e2ce aux doubles et triples coutures et aux nombreux boulons massifs. Les zones sujettes aux d\u00e9chirures ont \u00e9t\u00e9 renforc\u00e9es pour une plus grande long\u00e9vit\u00e9. Elle dispose de 6 poches et d&#8217;une poche renforc\u00e9e suppl\u00e9mentaire pour un m\u00e8tre pliant. Afin d&#8217;offrir plus de confort lors du travail, ce pantalon de travail poss\u00e8de des poches \u00e0 genouill\u00e8res.<\/p>\n<ul>\n<li>Triple couture<\/li>\n<li>Poids super lourd 320 g\/m<\/li>\n<li>6 poches, y compris une poche m\u00e8tre<\/li>\n<li>1 poche poitrine<\/li>\n<li>2 poches plaqu\u00e9es pour genouill\u00e8res<\/li>\n<li>Tr\u00e8s faible r\u00e9tr\u00e9cissement, m\u00eame apr\u00e8s plusieurs lavages<\/li>\n<li>Grande stabilit\u00e9 des couleurs<\/li>\n<li>Fermeture \u00e0 glissi\u00e8re frontale<\/li>\n<li>Agr\u00e9able \u00e0 porter<\/li>\n<li>Ceinture avec \u00e9lastique<\/li>\n<\/ul>\n<h2>Tissu :<\/h2>\n<p style=\"padding-left: 40px;\">65% polyester\/35% coton, env. 320 g\/m<\/p>\n","protected":false},"excerpt":{"rendered":"<p>Salopette de travail professionnelle au design exceptionnellement attrayant et \u00e0 l&#8217;excellente fonctionnalit\u00e9, fabriqu\u00e9e dans un tissu sp\u00e9cial tr\u00e8s r\u00e9sistant<\/p>\n","protected":false},"featured_media":16888,"comment_status":"open","ping_status":"closed","template":"","meta":{"_acf_changed":false},"product_brand":[],"product_cat":[248,227],"product_tag":[],"class_list":{"0":"post-16887","1":"product","2":"type-product","3":"status-publish","4":"has-post-thumbnail","6":"product_cat-salopettes","7":"product_cat-vetement-de-travail","9":"first","10":"instock","11":"taxable","12":"shipping-taxable","13":"product-type-simple"},"acf":[],"yoast_head":"<!-- This site is optimized with the Yoast SEO Premium plugin v26.3 (Yoast SEO v26.3) - https:\/\/yoast.com\/wordpress\/plugins\/seo\/ -->\n<title>Salopettes de travail Professionnel<\/title>\n<meta name=\"description\" content=\"Salopette de travail professionnelle au design exceptionnellement attrayant et \u00e0 l&#039;excellente fonctionnalit\u00e9, fabriqu\u00e9e dans un tissu sp\u00e9cial tr\u00e8s r\u00e9sistant\" \/>\n<meta name=\"robots\" content=\"index, follow, max-snippet:-1, max-image-preview:large, max-video-preview:-1\" \/>\n<link rel=\"canonical\" href=\"https:\/\/uniformeplus.tn\/index.php\/product\/salopettes-de-travail-professionnel\/\" \/>\n<meta property=\"og:locale\" content=\"fr_FR\" \/>\n<meta property=\"og:type\" content=\"article\" \/>\n<meta property=\"og:title\" content=\"Salopettes de travail Professionnel\" \/>\n<meta property=\"og:description\" content=\"Salopette de travail professionnelle au design exceptionnellement attrayant et \u00e0 l&#039;excellente fonctionnalit\u00e9, fabriqu\u00e9e dans un tissu sp\u00e9cial tr\u00e8s r\u00e9sistant\" \/>\n<meta property=\"og:url\" content=\"https:\/\/uniformeplus.tn\/index.php\/product\/salopettes-de-travail-professionnel\/\" \/>\n<meta property=\"og:site_name\" content=\"uniformeplus - V\u00eatements de travail\" \/>\n<meta property=\"article:publisher\" content=\"https:\/\/www.facebook.com\/uniforconfection.uniformeplus\" \/>\n<meta property=\"article:modified_time\" content=\"2026-05-03T05:27:31+00:00\" \/>\n<meta property=\"og:image\" content=\"https:\/\/uniformeplus.tn\/wp-content\/uploads\/2025\/03\/salopette-de-trvail.png\" \/>\n\t<meta property=\"og:image:width\" content=\"1024\" \/>\n\t<meta property=\"og:image:height\" content=\"1024\" \/>\n\t<meta property=\"og:image:type\" content=\"image\/png\" \/>\n<meta name=\"twitter:card\" content=\"summary_large_image\" \/>\n<meta name=\"twitter:label1\" content=\"Prix\" \/>\n\t<meta name=\"twitter:data1\" content=\"\" \/>\n\t<meta name=\"twitter:label2\" content=\"Disponibilit\u00e9\" \/>\n\t<meta name=\"twitter:data2\" content=\"En stock\" \/>\n<script type=\"application\/ld+json\" class=\"yoast-schema-graph\">{\"@context\":\"https:\/\/schema.org\",\"@graph\":[{\"@type\":\"WebPage\",\"@id\":\"https:\/\/uniformeplus.tn\/index.php\/product\/salopettes-de-travail-professionnel\/\",\"url\":\"https:\/\/uniformeplus.tn\/index.php\/product\/salopettes-de-travail-professionnel\/\",\"name\":\"Salopettes de travail Professionnel\",\"isPartOf\":{\"@id\":\"https:\/\/uniformeplus.tn\/#website\"},\"primaryImageOfPage\":{\"@id\":\"https:\/\/uniformeplus.tn\/index.php\/product\/salopettes-de-travail-professionnel\/#primaryimage\"},\"image\":{\"@id\":\"https:\/\/uniformeplus.tn\/index.php\/product\/salopettes-de-travail-professionnel\/#primaryimage\"},\"thumbnailUrl\":\"https:\/\/uniformeplus.tn\/wp-content\/uploads\/2025\/03\/salopette-de-trvail.png\",\"datePublished\":\"2025-03-03T13:32:05+00:00\",\"dateModified\":\"2026-05-03T05:27:31+00:00\",\"description\":\"Salopette de travail professionnelle au design exceptionnellement attrayant et \u00e0 l'excellente fonctionnalit\u00e9, fabriqu\u00e9e dans un tissu sp\u00e9cial tr\u00e8s r\u00e9sistant\",\"breadcrumb\":{\"@id\":\"https:\/\/uniformeplus.tn\/index.php\/product\/salopettes-de-travail-professionnel\/#breadcrumb\"},\"inLanguage\":\"fr-FR\",\"potentialAction\":[{\"@type\":\"ReadAction\",\"target\":[\"https:\/\/uniformeplus.tn\/index.php\/product\/salopettes-de-travail-professionnel\/\"]}]},{\"@type\":\"ImageObject\",\"inLanguage\":\"fr-FR\",\"@id\":\"https:\/\/uniformeplus.tn\/index.php\/product\/salopettes-de-travail-professionnel\/#primaryimage\",\"url\":\"https:\/\/uniformeplus.tn\/wp-content\/uploads\/2025\/03\/salopette-de-trvail.png\",\"contentUrl\":\"https:\/\/uniformeplus.tn\/wp-content\/uploads\/2025\/03\/salopette-de-trvail.png\",\"width\":1024,\"height\":1024,\"caption\":\"Salopettes de travail Professionnel\"},{\"@type\":\"BreadcrumbList\",\"@id\":\"https:\/\/uniformeplus.tn\/index.php\/product\/salopettes-de-travail-professionnel\/#breadcrumb\",\"itemListElement\":[{\"@type\":\"ListItem\",\"position\":1,\"name\":\"Accueil\",\"item\":\"https:\/\/uniformeplus.tn\/\"},{\"@type\":\"ListItem\",\"position\":2,\"name\":\"Shop\",\"item\":\"https:\/\/uniformeplus.tn\/index.php\/shop-2\/\"},{\"@type\":\"ListItem\",\"position\":3,\"name\":\"V\u00caTEMENT DE TRAVAIL\",\"item\":\"https:\/\/uniformeplus.tn\/index.php\/product-category\/vetement-de-travail\/\"},{\"@type\":\"ListItem\",\"position\":4,\"name\":\"SALOPETTES\",\"item\":\"https:\/\/uniformeplus.tn\/index.php\/product-category\/vetement-de-travail\/salopettes\/\"},{\"@type\":\"ListItem\",\"position\":5,\"name\":\"Salopettes de travail Professionnel\"}]},{\"@type\":\"WebSite\",\"@id\":\"https:\/\/uniformeplus.tn\/#website\",\"url\":\"https:\/\/uniformeplus.tn\/\",\"name\":\"uniformeplus\",\"description\":\"v\u00eatement de travail Tunisie\",\"publisher\":{\"@id\":\"https:\/\/uniformeplus.tn\/#organization\"},\"alternateName\":\"tenue de travail en tunisie\",\"potentialAction\":[{\"@type\":\"SearchAction\",\"target\":{\"@type\":\"EntryPoint\",\"urlTemplate\":\"https:\/\/uniformeplus.tn\/?s={search_term_string}\"},\"query-input\":{\"@type\":\"PropertyValueSpecification\",\"valueRequired\":true,\"valueName\":\"search_term_string\"}}],\"inLanguage\":\"fr-FR\"},{\"@type\":\"Organization\",\"@id\":\"https:\/\/uniformeplus.tn\/#organization\",\"name\":\"tenue de travail\",\"url\":\"https:\/\/uniformeplus.tn\/\",\"logo\":{\"@type\":\"ImageObject\",\"inLanguage\":\"fr-FR\",\"@id\":\"https:\/\/uniformeplus.tn\/#\/schema\/logo\/image\/\",\"url\":\"https:\/\/uniformeplus.tn\/wp-content\/uploads\/2021\/01\/logo.png\",\"contentUrl\":\"https:\/\/uniformeplus.tn\/wp-content\/uploads\/2021\/01\/logo.png\",\"width\":112,\"height\":112,\"caption\":\"tenue de travail\"},\"image\":{\"@id\":\"https:\/\/uniformeplus.tn\/#\/schema\/logo\/image\/\"},\"sameAs\":[\"https:\/\/www.facebook.com\/uniforconfection.uniformeplus\"],\"hasMerchantReturnPolicy\":{\"@type\":\"MerchantReturnPolicy\",\"merchantReturnLink\":\"https:\/\/uniformeplus.tn\/index.php\/politique-de-retour\/\"}}]}<\/script>\n<meta property=\"product:price:currency\" content=\"TND\" \/>\n<meta property=\"og:availability\" content=\"instock\" \/>\n<meta property=\"product:availability\" content=\"instock\" \/>\n<meta property=\"product:condition\" content=\"new\" \/>\n<!-- \/ Yoast SEO Premium plugin. -->","yoast_head_json":{"title":"Salopettes de travail Professionnel","description":"Salopette de travail professionnelle au design exceptionnellement attrayant et \u00e0 l'excellente fonctionnalit\u00e9, fabriqu\u00e9e dans un tissu sp\u00e9cial tr\u00e8s r\u00e9sistant","robots":{"index":"index","follow":"follow","max-snippet":"max-snippet:-1","max-image-preview":"max-image-preview:large","max-video-preview":"max-video-preview:-1"},"canonical":"https:\/\/uniformeplus.tn\/index.php\/product\/salopettes-de-travail-professionnel\/","og_locale":"fr_FR","og_type":"article","og_title":"Salopettes de travail Professionnel","og_description":"Salopette de travail professionnelle au design exceptionnellement attrayant et \u00e0 l'excellente fonctionnalit\u00e9, fabriqu\u00e9e dans un tissu sp\u00e9cial tr\u00e8s r\u00e9sistant","og_url":"https:\/\/uniformeplus.tn\/index.php\/product\/salopettes-de-travail-professionnel\/","og_site_name":"uniformeplus - V\u00eatements de travail","article_publisher":"https:\/\/www.facebook.com\/uniforconfection.uniformeplus","article_modified_time":"2026-05-03T05:27:31+00:00","og_image":[{"width":1024,"height":1024,"url":"https:\/\/uniformeplus.tn\/wp-content\/uploads\/2025\/03\/salopette-de-trvail.png","type":"image\/png"}],"twitter_card":"summary_large_image","twitter_misc":{"Prix":"","Disponibilit\u00e9":"En stock"},"schema":{"@context":"https:\/\/schema.org","@graph":[{"@type":"WebPage","@id":"https:\/\/uniformeplus.tn\/index.php\/product\/salopettes-de-travail-professionnel\/","url":"https:\/\/uniformeplus.tn\/index.php\/product\/salopettes-de-travail-professionnel\/","name":"Salopettes de travail Professionnel","isPartOf":{"@id":"https:\/\/uniformeplus.tn\/#website"},"primaryImageOfPage":{"@id":"https:\/\/uniformeplus.tn\/index.php\/product\/salopettes-de-travail-professionnel\/#primaryimage"},"image":{"@id":"https:\/\/uniformeplus.tn\/index.php\/product\/salopettes-de-travail-professionnel\/#primaryimage"},"thumbnailUrl":"https:\/\/uniformeplus.tn\/wp-content\/uploads\/2025\/03\/salopette-de-trvail.png","datePublished":"2025-03-03T13:32:05+00:00","dateModified":"2026-05-03T05:27:31+00:00","description":"Salopette de travail professionnelle au design exceptionnellement attrayant et \u00e0 l'excellente fonctionnalit\u00e9, fabriqu\u00e9e dans un tissu sp\u00e9cial tr\u00e8s r\u00e9sistant","breadcrumb":{"@id":"https:\/\/uniformeplus.tn\/index.php\/product\/salopettes-de-travail-professionnel\/#breadcrumb"},"inLanguage":"fr-FR","potentialAction":[{"@type":"ReadAction","target":["https:\/\/uniformeplus.tn\/index.php\/product\/salopettes-de-travail-professionnel\/"]}]},{"@type":"ImageObject","inLanguage":"fr-FR","@id":"https:\/\/uniformeplus.tn\/index.php\/product\/salopettes-de-travail-professionnel\/#primaryimage","url":"https:\/\/uniformeplus.tn\/wp-content\/uploads\/2025\/03\/salopette-de-trvail.png","contentUrl":"https:\/\/uniformeplus.tn\/wp-content\/uploads\/2025\/03\/salopette-de-trvail.png","width":1024,"height":1024,"caption":"Salopettes de travail Professionnel"},{"@type":"BreadcrumbList","@id":"https:\/\/uniformeplus.tn\/index.php\/product\/salopettes-de-travail-professionnel\/#breadcrumb","itemListElement":[{"@type":"ListItem","position":1,"name":"Accueil","item":"https:\/\/uniformeplus.tn\/"},{"@type":"ListItem","position":2,"name":"Shop","item":"https:\/\/uniformeplus.tn\/index.php\/shop-2\/"},{"@type":"ListItem","position":3,"name":"V\u00caTEMENT DE TRAVAIL","item":"https:\/\/uniformeplus.tn\/index.php\/product-category\/vetement-de-travail\/"},{"@type":"ListItem","position":4,"name":"SALOPETTES","item":"https:\/\/uniformeplus.tn\/index.php\/product-category\/vetement-de-travail\/salopettes\/"},{"@type":"ListItem","position":5,"name":"Salopettes de travail Professionnel"}]},{"@type":"WebSite","@id":"https:\/\/uniformeplus.tn\/#website","url":"https:\/\/uniformeplus.tn\/","name":"uniformeplus","description":"v\u00eatement de travail Tunisie","publisher":{"@id":"https:\/\/uniformeplus.tn\/#organization"},"alternateName":"tenue de travail en tunisie","potentialAction":[{"@type":"SearchAction","target":{"@type":"EntryPoint","urlTemplate":"https:\/\/uniformeplus.tn\/?s={search_term_string}"},"query-input":{"@type":"PropertyValueSpecification","valueRequired":true,"valueName":"search_term_string"}}],"inLanguage":"fr-FR"},{"@type":"Organization","@id":"https:\/\/uniformeplus.tn\/#organization","name":"tenue de travail","url":"https:\/\/uniformeplus.tn\/","logo":{"@type":"ImageObject","inLanguage":"fr-FR","@id":"https:\/\/uniformeplus.tn\/#\/schema\/logo\/image\/","url":"https:\/\/uniformeplus.tn\/wp-content\/uploads\/2021\/01\/logo.png","contentUrl":"https:\/\/uniformeplus.tn\/wp-content\/uploads\/2021\/01\/logo.png","width":112,"height":112,"caption":"tenue de travail"},"image":{"@id":"https:\/\/uniformeplus.tn\/#\/schema\/logo\/image\/"},"sameAs":["https:\/\/www.facebook.com\/uniforconfection.uniformeplus"],"hasMerchantReturnPolicy":{"@type":"MerchantReturnPolicy","merchantReturnLink":"https:\/\/uniformeplus.tn\/index.php\/politique-de-retour\/"}}]},"product_price_currency":"TND","og_availability":"instock","product_availability":"instock","product_condition":"new"},"_links":{"self":[{"href":"https:\/\/uniformeplus.tn\/index.php\/wp-json\/wp\/v2\/product\/16887","targetHints":{"allow":["GET"]}}],"collection":[{"href":"https:\/\/uniformeplus.tn\/index.php\/wp-json\/wp\/v2\/product"}],"about":[{"href":"https:\/\/uniformeplus.tn\/index.php\/wp-json\/wp\/v2\/types\/product"}],"replies":[{"embeddable":true,"href":"https:\/\/uniformeplus.tn\/index.php\/wp-json\/wp\/v2\/comments?post=16887"}],"wp:featuredmedia":[{"embeddable":true,"href":"https:\/\/uniformeplus.tn\/index.php\/wp-json\/wp\/v2\/media\/16888"}],"wp:attachment":[{"href":"https:\/\/uniformeplus.tn\/index.php\/wp-json\/wp\/v2\/media?parent=16887"}],"wp:term":[{"taxonomy":"product_brand","embeddable":true,"href":"https:\/\/uniformeplus.tn\/index.php\/wp-json\/wp\/v2\/product_brand?post=16887"},{"taxonomy":"product_cat","embeddable":true,"href":"https:\/\/uniformeplus.tn\/index.php\/wp-json\/wp\/v2\/product_cat?post=16887"},{"taxonomy":"product_tag","embeddable":true,"href":"https:\/\/uniformeplus.tn\/index.php\/wp-json\/wp\/v2\/product_tag?post=16887"}],"curies":[{"name":"wp","href":"https:\/\/api.w.org\/{rel}","templated":true}]}}