{"id":16897,"date":"2025-03-26T00:01:22","date_gmt":"2025-03-25T23:01:22","guid":{"rendered":"https:\/\/www.uniformeplus.tn\/?post_type=product&#038;p=16897"},"modified":"2025-11-11T09:54:58","modified_gmt":"2025-11-11T08:54:58","slug":"combinaison-de-travail-ultra-bleu-anti-feu-et-multi-risque","status":"publish","type":"product","link":"https:\/\/uniformeplus.tn\/index.php\/product\/combinaison-de-travail-ultra-bleu-anti-feu-et-multi-risque\/","title":{"rendered":"combinaison de travail ultra bleu anti feu et multi risque"},"content":{"rendered":"<h1 style=\"text-align: center;\"><span><strong>Produit\u00a0 anti feu et multi risque Certifi\u00e9 ISO<\/strong><\/span><\/h1>\n<h2><span><br \/>\nCaract\u00e9ristiques:<\/span><\/h2>\n<ul>\n<li><span>Les v\u00eatements ignifuges conservent leurs propri\u00e9t\u00e9s apr\u00e8s le lavage<\/span><\/li>\n<li><span>Protection contre la chaleur radiante, convective et de contact<\/span><\/li>\n<li><span>2 poches arri\u00e8re cousues<\/span><\/li>\n<li><span>Triple couture pour plus de durabilit\u00e9<\/span><\/li>\n<li><span>Serrures en laiton solides et durables<\/span><\/li>\n<li><span>R\u00e9glage du poignet par velcro<\/span><\/li>\n<li><span>Ruban ignifuge cousu pour le lavage industriel<\/span><\/li>\n<li><span>Crochets radio<\/span><\/li>\n<li><span>Poche sur la manche<\/span><\/li>\n<li><span>Certificat CE CAT. III<\/span><\/li>\n<li><span>Fermeture \u00e9clair en laiton \u00e0 double sens pour un acc\u00e8s facile<\/span><\/li>\n<li><span>8 poches spacieuses<\/span><\/li>\n<li><span>Certificat de conformit\u00e9 CE<\/span><\/li>\n<li><span>Le tissu UPF 40+ bloque 98 % des rayons UV<\/span><\/li>\n<\/ul>\n<p>&nbsp;<\/p>\n","protected":false},"excerpt":{"rendered":"<p>Cette combinaison multi risque offre une protection exceptionnelle contre la feu.<br \/>\nson tissu est retardant de flamme , parfait pour une vari\u00e9t\u00e9 d\u2019industries, notamment le p\u00e9trole, le gaz, la p\u00e9trochimie et bien d\u2019autres.<br \/>\nLa combinaison est durable gr\u00e2ce \u00e0 une triple couture, poss\u00e8de des poches s\u00e9curis\u00e9es et une ceinture \u00e9lastique pour faciliter les mouvements.<\/p>\n","protected":false},"featured_media":16898,"comment_status":"open","ping_status":"closed","template":"","meta":{"_acf_changed":false},"product_brand":[],"product_cat":[368,367,351,247,262,362,331,361,353,363,227],"product_tag":[],"class_list":{"0":"post-16897","1":"product","2":"type-product","3":"status-publish","4":"has-post-thumbnail","6":"product_cat-combinaison-de-travail-anti-feu-et-multirisque","7":"product_cat-combinaison-de-travail-multirisque","8":"product_cat-combinaison-haute-visivilite","9":"product_cat-combinaisons","10":"product_cat-equipement-de-protection-individuelle","11":"product_cat-tenue-de-travail-gaziere","12":"product_cat-haute-visibilite","13":"product_cat-petroleirs","14":"product_cat-tenue-de-travail-anti-feu","15":"product_cat-tenue-de-travail-multirisques","16":"product_cat-vetement-de-travail","18":"first","19":"instock","20":"taxable","21":"shipping-taxable","22":"product-type-simple"},"acf":[],"yoast_head":"<!-- This site is optimized with the Yoast SEO Premium plugin v26.3 (Yoast SEO v26.3) - https:\/\/yoast.com\/wordpress\/plugins\/seo\/ -->\n<title>combinaison de travail ultra bleu anti feu et multi risque<\/title>\n<meta name=\"description\" content=\"combinaison multi risque offre une protection exceptionnelle contre la feu. son tissu est retardant de flamme , parfait pour une vari\u00e9t\u00e9 d\u2019industries, notamment le p\u00e9trole, le gaz et bien d\u2019autres.\" \/>\n<meta name=\"robots\" content=\"index, follow, max-snippet:-1, max-image-preview:large, max-video-preview:-1\" \/>\n<link rel=\"canonical\" href=\"https:\/\/uniformeplus.tn\/index.php\/product\/combinaison-de-travail-ultra-bleu-anti-feu-et-multi-risque\/\" \/>\n<meta property=\"og:locale\" content=\"fr_FR\" \/>\n<meta property=\"og:type\" content=\"article\" \/>\n<meta property=\"og:title\" content=\"combinaison de travail ultra bleu anti feu et multi risque\" \/>\n<meta property=\"og:description\" content=\"combinaison multi risque offre une protection exceptionnelle contre la feu. son tissu est retardant de flamme , parfait pour une vari\u00e9t\u00e9 d\u2019industries, notamment le p\u00e9trole, le gaz et bien d\u2019autres.\" \/>\n<meta property=\"og:url\" content=\"https:\/\/uniformeplus.tn\/index.php\/product\/combinaison-de-travail-ultra-bleu-anti-feu-et-multi-risque\/\" \/>\n<meta property=\"og:site_name\" content=\"uniformeplus - V\u00eatements de travail\" \/>\n<meta property=\"article:publisher\" content=\"https:\/\/www.facebook.com\/uniforconfection.uniformeplus\" \/>\n<meta property=\"article:modified_time\" content=\"2025-11-11T08:54:58+00:00\" \/>\n<meta property=\"og:image\" content=\"https:\/\/uniformeplus.tn\/wp-content\/uploads\/2025\/03\/combinaison-de-travail-ultra-bleu-anti-feu-et-multi-risque.jpg\" \/>\n\t<meta property=\"og:image:width\" content=\"671\" \/>\n\t<meta property=\"og:image:height\" content=\"671\" \/>\n\t<meta property=\"og:image:type\" content=\"image\/jpeg\" \/>\n<meta name=\"twitter:card\" content=\"summary_large_image\" \/>\n<meta name=\"twitter:label1\" content=\"Prix\" \/>\n\t<meta name=\"twitter:data1\" content=\"\" \/>\n\t<meta name=\"twitter:label2\" content=\"Disponibilit\u00e9\" \/>\n\t<meta name=\"twitter:data2\" content=\"En stock\" \/>\n<script type=\"application\/ld+json\" class=\"yoast-schema-graph\">{\"@context\":\"https:\/\/schema.org\",\"@graph\":[{\"@type\":\"WebPage\",\"@id\":\"https:\/\/uniformeplus.tn\/index.php\/product\/combinaison-de-travail-ultra-bleu-anti-feu-et-multi-risque\/\",\"url\":\"https:\/\/uniformeplus.tn\/index.php\/product\/combinaison-de-travail-ultra-bleu-anti-feu-et-multi-risque\/\",\"name\":\"combinaison de travail ultra bleu anti feu et multi risque\",\"isPartOf\":{\"@id\":\"https:\/\/uniformeplus.tn\/#website\"},\"primaryImageOfPage\":{\"@id\":\"https:\/\/uniformeplus.tn\/index.php\/product\/combinaison-de-travail-ultra-bleu-anti-feu-et-multi-risque\/#primaryimage\"},\"image\":{\"@id\":\"https:\/\/uniformeplus.tn\/index.php\/product\/combinaison-de-travail-ultra-bleu-anti-feu-et-multi-risque\/#primaryimage\"},\"thumbnailUrl\":\"https:\/\/uniformeplus.tn\/wp-content\/uploads\/2025\/03\/combinaison-de-travail-ultra-bleu-anti-feu-et-multi-risque.jpg\",\"datePublished\":\"2025-03-25T23:01:22+00:00\",\"dateModified\":\"2025-11-11T08:54:58+00:00\",\"description\":\"combinaison multi risque offre une protection exceptionnelle contre la feu. son tissu est retardant de flamme , parfait pour une vari\u00e9t\u00e9 d\u2019industries, notamment le p\u00e9trole, le gaz et bien d\u2019autres.\",\"breadcrumb\":{\"@id\":\"https:\/\/uniformeplus.tn\/index.php\/product\/combinaison-de-travail-ultra-bleu-anti-feu-et-multi-risque\/#breadcrumb\"},\"inLanguage\":\"fr-FR\",\"potentialAction\":[{\"@type\":\"ReadAction\",\"target\":[\"https:\/\/uniformeplus.tn\/index.php\/product\/combinaison-de-travail-ultra-bleu-anti-feu-et-multi-risque\/\"]}]},{\"@type\":\"ImageObject\",\"inLanguage\":\"fr-FR\",\"@id\":\"https:\/\/uniformeplus.tn\/index.php\/product\/combinaison-de-travail-ultra-bleu-anti-feu-et-multi-risque\/#primaryimage\",\"url\":\"https:\/\/uniformeplus.tn\/wp-content\/uploads\/2025\/03\/combinaison-de-travail-ultra-bleu-anti-feu-et-multi-risque.jpg\",\"contentUrl\":\"https:\/\/uniformeplus.tn\/wp-content\/uploads\/2025\/03\/combinaison-de-travail-ultra-bleu-anti-feu-et-multi-risque.jpg\",\"width\":671,\"height\":671,\"caption\":\"combinaison de travail ultra bleu anti feu et multi risque\"},{\"@type\":\"BreadcrumbList\",\"@id\":\"https:\/\/uniformeplus.tn\/index.php\/product\/combinaison-de-travail-ultra-bleu-anti-feu-et-multi-risque\/#breadcrumb\",\"itemListElement\":[{\"@type\":\"ListItem\",\"position\":1,\"name\":\"Accueil\",\"item\":\"https:\/\/uniformeplus.tn\/\"},{\"@type\":\"ListItem\",\"position\":2,\"name\":\"Shop\",\"item\":\"https:\/\/uniformeplus.tn\/index.php\/shop-2\/\"},{\"@type\":\"ListItem\",\"position\":3,\"name\":\"V\u00caTEMENT DE TRAVAIL\",\"item\":\"https:\/\/uniformeplus.tn\/index.php\/product-category\/vetement-de-travail\/\"},{\"@type\":\"ListItem\",\"position\":4,\"name\":\"tenue de travail anti feu\",\"item\":\"https:\/\/uniformeplus.tn\/index.php\/product-category\/vetement-de-travail\/tenue-de-travail-anti-feu\/\"},{\"@type\":\"ListItem\",\"position\":5,\"name\":\"Combinaison de travail anti feu\",\"item\":\"https:\/\/uniformeplus.tn\/index.php\/product-category\/vetement-de-travail\/tenue-de-travail-anti-feu\/combinaison-de-travail-anti-feu-et-multirisque\/\"},{\"@type\":\"ListItem\",\"position\":6,\"name\":\"combinaison de travail ultra bleu anti feu et multi risque\"}]},{\"@type\":\"WebSite\",\"@id\":\"https:\/\/uniformeplus.tn\/#website\",\"url\":\"https:\/\/uniformeplus.tn\/\",\"name\":\"uniformeplus\",\"description\":\"v\u00eatement de travail Tunisie\",\"publisher\":{\"@id\":\"https:\/\/uniformeplus.tn\/#organization\"},\"alternateName\":\"tenue de travail en tunisie\",\"potentialAction\":[{\"@type\":\"SearchAction\",\"target\":{\"@type\":\"EntryPoint\",\"urlTemplate\":\"https:\/\/uniformeplus.tn\/?s={search_term_string}\"},\"query-input\":{\"@type\":\"PropertyValueSpecification\",\"valueRequired\":true,\"valueName\":\"search_term_string\"}}],\"inLanguage\":\"fr-FR\"},{\"@type\":\"Organization\",\"@id\":\"https:\/\/uniformeplus.tn\/#organization\",\"name\":\"tenue de travail\",\"url\":\"https:\/\/uniformeplus.tn\/\",\"logo\":{\"@type\":\"ImageObject\",\"inLanguage\":\"fr-FR\",\"@id\":\"https:\/\/uniformeplus.tn\/#\/schema\/logo\/image\/\",\"url\":\"https:\/\/uniformeplus.tn\/wp-content\/uploads\/2021\/01\/logo.png\",\"contentUrl\":\"https:\/\/uniformeplus.tn\/wp-content\/uploads\/2021\/01\/logo.png\",\"width\":112,\"height\":112,\"caption\":\"tenue de travail\"},\"image\":{\"@id\":\"https:\/\/uniformeplus.tn\/#\/schema\/logo\/image\/\"},\"sameAs\":[\"https:\/\/www.facebook.com\/uniforconfection.uniformeplus\"],\"hasMerchantReturnPolicy\":{\"@type\":\"MerchantReturnPolicy\",\"merchantReturnLink\":\"https:\/\/uniformeplus.tn\/index.php\/politique-de-retour\/\"}}]}<\/script>\n<meta property=\"product:price:currency\" content=\"TND\" \/>\n<meta property=\"og:availability\" content=\"instock\" \/>\n<meta property=\"product:availability\" content=\"instock\" \/>\n<meta property=\"product:condition\" content=\"new\" \/>\n<!-- \/ Yoast SEO Premium plugin. -->","yoast_head_json":{"title":"combinaison de travail ultra bleu anti feu et multi risque","description":"combinaison multi risque offre une protection exceptionnelle contre la feu. son tissu est retardant de flamme , parfait pour une vari\u00e9t\u00e9 d\u2019industries, notamment le p\u00e9trole, le gaz et bien d\u2019autres.","robots":{"index":"index","follow":"follow","max-snippet":"max-snippet:-1","max-image-preview":"max-image-preview:large","max-video-preview":"max-video-preview:-1"},"canonical":"https:\/\/uniformeplus.tn\/index.php\/product\/combinaison-de-travail-ultra-bleu-anti-feu-et-multi-risque\/","og_locale":"fr_FR","og_type":"article","og_title":"combinaison de travail ultra bleu anti feu et multi risque","og_description":"combinaison multi risque offre une protection exceptionnelle contre la feu. son tissu est retardant de flamme , parfait pour une vari\u00e9t\u00e9 d\u2019industries, notamment le p\u00e9trole, le gaz et bien d\u2019autres.","og_url":"https:\/\/uniformeplus.tn\/index.php\/product\/combinaison-de-travail-ultra-bleu-anti-feu-et-multi-risque\/","og_site_name":"uniformeplus - V\u00eatements de travail","article_publisher":"https:\/\/www.facebook.com\/uniforconfection.uniformeplus","article_modified_time":"2025-11-11T08:54:58+00:00","og_image":[{"width":671,"height":671,"url":"https:\/\/uniformeplus.tn\/wp-content\/uploads\/2025\/03\/combinaison-de-travail-ultra-bleu-anti-feu-et-multi-risque.jpg","type":"image\/jpeg"}],"twitter_card":"summary_large_image","twitter_misc":{"Prix":"","Disponibilit\u00e9":"En stock"},"schema":{"@context":"https:\/\/schema.org","@graph":[{"@type":"WebPage","@id":"https:\/\/uniformeplus.tn\/index.php\/product\/combinaison-de-travail-ultra-bleu-anti-feu-et-multi-risque\/","url":"https:\/\/uniformeplus.tn\/index.php\/product\/combinaison-de-travail-ultra-bleu-anti-feu-et-multi-risque\/","name":"combinaison de travail ultra bleu anti feu et multi risque","isPartOf":{"@id":"https:\/\/uniformeplus.tn\/#website"},"primaryImageOfPage":{"@id":"https:\/\/uniformeplus.tn\/index.php\/product\/combinaison-de-travail-ultra-bleu-anti-feu-et-multi-risque\/#primaryimage"},"image":{"@id":"https:\/\/uniformeplus.tn\/index.php\/product\/combinaison-de-travail-ultra-bleu-anti-feu-et-multi-risque\/#primaryimage"},"thumbnailUrl":"https:\/\/uniformeplus.tn\/wp-content\/uploads\/2025\/03\/combinaison-de-travail-ultra-bleu-anti-feu-et-multi-risque.jpg","datePublished":"2025-03-25T23:01:22+00:00","dateModified":"2025-11-11T08:54:58+00:00","description":"combinaison multi risque offre une protection exceptionnelle contre la feu. son tissu est retardant de flamme , parfait pour une vari\u00e9t\u00e9 d\u2019industries, notamment le p\u00e9trole, le gaz et bien d\u2019autres.","breadcrumb":{"@id":"https:\/\/uniformeplus.tn\/index.php\/product\/combinaison-de-travail-ultra-bleu-anti-feu-et-multi-risque\/#breadcrumb"},"inLanguage":"fr-FR","potentialAction":[{"@type":"ReadAction","target":["https:\/\/uniformeplus.tn\/index.php\/product\/combinaison-de-travail-ultra-bleu-anti-feu-et-multi-risque\/"]}]},{"@type":"ImageObject","inLanguage":"fr-FR","@id":"https:\/\/uniformeplus.tn\/index.php\/product\/combinaison-de-travail-ultra-bleu-anti-feu-et-multi-risque\/#primaryimage","url":"https:\/\/uniformeplus.tn\/wp-content\/uploads\/2025\/03\/combinaison-de-travail-ultra-bleu-anti-feu-et-multi-risque.jpg","contentUrl":"https:\/\/uniformeplus.tn\/wp-content\/uploads\/2025\/03\/combinaison-de-travail-ultra-bleu-anti-feu-et-multi-risque.jpg","width":671,"height":671,"caption":"combinaison de travail ultra bleu anti feu et multi risque"},{"@type":"BreadcrumbList","@id":"https:\/\/uniformeplus.tn\/index.php\/product\/combinaison-de-travail-ultra-bleu-anti-feu-et-multi-risque\/#breadcrumb","itemListElement":[{"@type":"ListItem","position":1,"name":"Accueil","item":"https:\/\/uniformeplus.tn\/"},{"@type":"ListItem","position":2,"name":"Shop","item":"https:\/\/uniformeplus.tn\/index.php\/shop-2\/"},{"@type":"ListItem","position":3,"name":"V\u00caTEMENT DE TRAVAIL","item":"https:\/\/uniformeplus.tn\/index.php\/product-category\/vetement-de-travail\/"},{"@type":"ListItem","position":4,"name":"tenue de travail anti feu","item":"https:\/\/uniformeplus.tn\/index.php\/product-category\/vetement-de-travail\/tenue-de-travail-anti-feu\/"},{"@type":"ListItem","position":5,"name":"Combinaison de travail anti feu","item":"https:\/\/uniformeplus.tn\/index.php\/product-category\/vetement-de-travail\/tenue-de-travail-anti-feu\/combinaison-de-travail-anti-feu-et-multirisque\/"},{"@type":"ListItem","position":6,"name":"combinaison de travail ultra bleu anti feu et multi risque"}]},{"@type":"WebSite","@id":"https:\/\/uniformeplus.tn\/#website","url":"https:\/\/uniformeplus.tn\/","name":"uniformeplus","description":"v\u00eatement de travail Tunisie","publisher":{"@id":"https:\/\/uniformeplus.tn\/#organization"},"alternateName":"tenue de travail en tunisie","potentialAction":[{"@type":"SearchAction","target":{"@type":"EntryPoint","urlTemplate":"https:\/\/uniformeplus.tn\/?s={search_term_string}"},"query-input":{"@type":"PropertyValueSpecification","valueRequired":true,"valueName":"search_term_string"}}],"inLanguage":"fr-FR"},{"@type":"Organization","@id":"https:\/\/uniformeplus.tn\/#organization","name":"tenue de travail","url":"https:\/\/uniformeplus.tn\/","logo":{"@type":"ImageObject","inLanguage":"fr-FR","@id":"https:\/\/uniformeplus.tn\/#\/schema\/logo\/image\/","url":"https:\/\/uniformeplus.tn\/wp-content\/uploads\/2021\/01\/logo.png","contentUrl":"https:\/\/uniformeplus.tn\/wp-content\/uploads\/2021\/01\/logo.png","width":112,"height":112,"caption":"tenue de travail"},"image":{"@id":"https:\/\/uniformeplus.tn\/#\/schema\/logo\/image\/"},"sameAs":["https:\/\/www.facebook.com\/uniforconfection.uniformeplus"],"hasMerchantReturnPolicy":{"@type":"MerchantReturnPolicy","merchantReturnLink":"https:\/\/uniformeplus.tn\/index.php\/politique-de-retour\/"}}]},"product_price_currency":"TND","og_availability":"instock","product_availability":"instock","product_condition":"new"},"_links":{"self":[{"href":"https:\/\/uniformeplus.tn\/index.php\/wp-json\/wp\/v2\/product\/16897","targetHints":{"allow":["GET"]}}],"collection":[{"href":"https:\/\/uniformeplus.tn\/index.php\/wp-json\/wp\/v2\/product"}],"about":[{"href":"https:\/\/uniformeplus.tn\/index.php\/wp-json\/wp\/v2\/types\/product"}],"replies":[{"embeddable":true,"href":"https:\/\/uniformeplus.tn\/index.php\/wp-json\/wp\/v2\/comments?post=16897"}],"wp:featuredmedia":[{"embeddable":true,"href":"https:\/\/uniformeplus.tn\/index.php\/wp-json\/wp\/v2\/media\/16898"}],"wp:attachment":[{"href":"https:\/\/uniformeplus.tn\/index.php\/wp-json\/wp\/v2\/media?parent=16897"}],"wp:term":[{"taxonomy":"product_brand","embeddable":true,"href":"https:\/\/uniformeplus.tn\/index.php\/wp-json\/wp\/v2\/product_brand?post=16897"},{"taxonomy":"product_cat","embeddable":true,"href":"https:\/\/uniformeplus.tn\/index.php\/wp-json\/wp\/v2\/product_cat?post=16897"},{"taxonomy":"product_tag","embeddable":true,"href":"https:\/\/uniformeplus.tn\/index.php\/wp-json\/wp\/v2\/product_tag?post=16897"}],"curies":[{"name":"wp","href":"https:\/\/api.w.org\/{rel}","templated":true}]}}