{"id":17017,"date":"2025-11-11T10:48:18","date_gmt":"2025-11-11T09:48:18","guid":{"rendered":"https:\/\/www.uniformeplus.tn\/?post_type=product&#038;p=17017"},"modified":"2025-12-16T16:40:00","modified_gmt":"2025-12-16T15:40:00","slug":"gilet-de-travail-multipoches-professionnel","status":"publish","type":"product","link":"https:\/\/uniformeplus.tn\/index.php\/product\/gilet-de-travail-multipoches-professionnel\/","title":{"rendered":"Gilet de travail sans manches multipoches"},"content":{"rendered":"<h1 style=\"text-align: center;\">Gilet de travail sans manches multipoches\u00a0 confort pro garanti<\/h1>\n<p>Vous cherchez un gilet de travail multipoches l\u00e9ger\u00a0 ? <a href=\"http:\/\/uniformeplus.tn\">UNIFORMEPLUS<\/a> vous recommande cette <a href=\"https:\/\/www.uniformeplus.tn\/index.php\/product\/gilet-de-travail-multipoches-professionnel\/\">Gilet\u00a0<\/a> il est pratique et fonctionnel pour vous accompagner dans vos travaux.<\/p>\n<p><strong>Caract\u00e9ristiques\u00a0:<\/strong><\/p>\n<ul type=\"disc\">\n<li>Gilet de travail en polyester pour une libert\u00e9 de mouvement, avec une coupe ample<\/li>\n<li>Col montant et fermeture zipp\u00e9e<\/li>\n<li>Poches multi-usages \u00e0 soufflet avec languettes r\u00e9fl\u00e9chissantes \u00e0 bande auto-agrippante<\/li>\n<li>Coutures renforc\u00e9es sur les points de contrainte. Anneau en D.<\/li>\n<\/ul>\n<table class=\"table-data-sheet\">\n<tbody>\n<tr class=\"even\">\n<td>Mati\u00e8re<\/td>\n<td>Mati\u00e8re : 65% Polyester \/ 35% Coton<\/p>\n<ul>\n<li>Grammage : 200 g\/m\u00b2<\/li>\n<\/ul>\n<\/td>\n<\/tr>\n<tr class=\"odd\">\n<td>Entretien<\/td>\n<td>Lavage \u00e0 40\u00b0C<\/p>\n<ul>\n<li>S\u00e9chage possible \u00e0 60\u00b0c maximum<\/li>\n<\/ul>\n<\/td>\n<\/tr>\n<tr class=\"even\">\n<td>Variations<\/td>\n<td>Disponible en tous les taille<\/td>\n<\/tr>\n<tr class=\"odd\">\n<td>Domaines d&#8217;activit\u00e9<\/td>\n<td><\/td>\n<\/tr>\n<\/tbody>\n<\/table>\n","protected":false},"excerpt":{"rendered":"<p>D\u00e9couvrez le gilet de travail sans manches multipoches ultra-pratique, garantit une libert\u00e9 de mouvement optimale et confort pro au quotidien<\/p>\n","protected":false},"featured_media":17019,"comment_status":"open","ping_status":"closed","template":"","meta":{"_acf_changed":false},"product_brand":[],"product_cat":[243,264,270,299,304,266,262,300,362,313,251,328,331,235,267,230,263,269,244,361,360,359,303,298,301,237,363,297,268,227],"product_tag":[],"class_list":{"0":"post-17017","1":"product","2":"type-product","3":"status-publish","4":"has-post-thumbnail","6":"product_cat-batiment","7":"product_cat-btp-et-chantiers","8":"product_cat-carreleur","9":"product_cat-chaudronnier","10":"product_cat-construction-industrielle","11":"product_cat-couvreur-zingueur","12":"product_cat-equipement-de-protection-individuelle","13":"product_cat-ferronier","14":"product_cat-tenue-de-travail-gaziere","15":"product_cat-gilet-de-securite","16":"product_cat-gilets","17":"product_cat-gilets-de-signalisation","18":"product_cat-haute-visibilite","19":"product_cat-industrie","20":"product_cat-macon","21":"product_cat-metiers","22":"product_cat-nouveautes","23":"product_cat-ouvrier","24":"product_cat-peintre-plaquiste","25":"product_cat-petroleirs","26":"product_cat-tenue-protection-civile","27":"product_cat-sapeur-pompier","28":"product_cat-service-maintenance","29":"product_cat-soudeur-tenue-industrie-du-metal","30":"product_cat-technicien","31":"product_cat-technicien-operateur-maintenance","32":"product_cat-tenue-de-travail-multirisques","33":"product_cat-tenue-industrie-du-metal","34":"product_cat-travaux-publics","35":"product_cat-vetement-de-travail","37":"first","38":"instock","39":"taxable","40":"shipping-taxable","41":"purchasable","42":"product-type-simple"},"acf":[],"yoast_head":"<!-- This site is optimized with the Yoast SEO Premium plugin v26.3 (Yoast SEO v26.3) - https:\/\/yoast.com\/wordpress\/plugins\/seo\/ -->\n<title>Gilet de travail sans manches multipoches<\/title>\n<meta name=\"description\" content=\"D\u00e9couvrez le gilet de travail sans manches multipoches ultra-pratique, garantit une libert\u00e9 de mouvement optimale et confort pro au quotidien\" \/>\n<meta name=\"robots\" content=\"index, follow, max-snippet:-1, max-image-preview:large, max-video-preview:-1\" \/>\n<link rel=\"canonical\" href=\"https:\/\/uniformeplus.tn\/index.php\/product\/gilet-de-travail-multipoches-professionnel\/\" \/>\n<meta property=\"og:locale\" content=\"fr_FR\" \/>\n<meta property=\"og:type\" content=\"article\" \/>\n<meta property=\"og:title\" content=\"Gilet de travail sans manches multipoches\" \/>\n<meta property=\"og:description\" content=\"D\u00e9couvrez le gilet de travail sans manches multipoches ultra-pratique, garantit une libert\u00e9 de mouvement optimale et confort pro au quotidien\" \/>\n<meta property=\"og:url\" content=\"https:\/\/uniformeplus.tn\/index.php\/product\/gilet-de-travail-multipoches-professionnel\/\" \/>\n<meta property=\"og:site_name\" content=\"uniformeplus - V\u00eatements de travail\" \/>\n<meta property=\"article:publisher\" content=\"https:\/\/www.facebook.com\/uniforconfection.uniformeplus\" \/>\n<meta property=\"article:modified_time\" content=\"2025-12-16T15:40:00+00:00\" \/>\n<meta property=\"og:image\" content=\"https:\/\/uniformeplus.tn\/wp-content\/uploads\/2025\/11\/2.png\" \/>\n\t<meta property=\"og:image:width\" content=\"864\" \/>\n\t<meta property=\"og:image:height\" content=\"864\" \/>\n\t<meta property=\"og:image:type\" content=\"image\/png\" \/>\n<meta name=\"twitter:card\" content=\"summary_large_image\" \/>\n<meta name=\"twitter:label1\" content=\"Prix\" \/>\n\t<meta name=\"twitter:data1\" content=\"60.000&#x62f;.&#x62a;\" \/>\n\t<meta name=\"twitter:label2\" content=\"Disponibilit\u00e9\" \/>\n\t<meta name=\"twitter:data2\" content=\"En stock\" \/>\n<script type=\"application\/ld+json\" class=\"yoast-schema-graph\">{\"@context\":\"https:\/\/schema.org\",\"@graph\":[{\"@type\":\"WebPage\",\"@id\":\"https:\/\/uniformeplus.tn\/index.php\/product\/gilet-de-travail-multipoches-professionnel\/\",\"url\":\"https:\/\/uniformeplus.tn\/index.php\/product\/gilet-de-travail-multipoches-professionnel\/\",\"name\":\"Gilet de travail sans manches multipoches\",\"isPartOf\":{\"@id\":\"https:\/\/uniformeplus.tn\/#website\"},\"primaryImageOfPage\":{\"@id\":\"https:\/\/uniformeplus.tn\/index.php\/product\/gilet-de-travail-multipoches-professionnel\/#primaryimage\"},\"image\":{\"@id\":\"https:\/\/uniformeplus.tn\/index.php\/product\/gilet-de-travail-multipoches-professionnel\/#primaryimage\"},\"thumbnailUrl\":\"https:\/\/uniformeplus.tn\/wp-content\/uploads\/2025\/11\/2.png\",\"datePublished\":\"2025-11-11T09:48:18+00:00\",\"dateModified\":\"2025-12-16T15:40:00+00:00\",\"description\":\"D\u00e9couvrez le gilet de travail sans manches multipoches ultra-pratique, garantit une libert\u00e9 de mouvement optimale et confort pro au quotidien\",\"breadcrumb\":{\"@id\":\"https:\/\/uniformeplus.tn\/index.php\/product\/gilet-de-travail-multipoches-professionnel\/#breadcrumb\"},\"inLanguage\":\"fr-FR\",\"potentialAction\":[{\"@type\":\"ReadAction\",\"target\":[\"https:\/\/uniformeplus.tn\/index.php\/product\/gilet-de-travail-multipoches-professionnel\/\"]}]},{\"@type\":\"ImageObject\",\"inLanguage\":\"fr-FR\",\"@id\":\"https:\/\/uniformeplus.tn\/index.php\/product\/gilet-de-travail-multipoches-professionnel\/#primaryimage\",\"url\":\"https:\/\/uniformeplus.tn\/wp-content\/uploads\/2025\/11\/2.png\",\"contentUrl\":\"https:\/\/uniformeplus.tn\/wp-content\/uploads\/2025\/11\/2.png\",\"width\":864,\"height\":864,\"caption\":\"gilet de travail multipoches\"},{\"@type\":\"BreadcrumbList\",\"@id\":\"https:\/\/uniformeplus.tn\/index.php\/product\/gilet-de-travail-multipoches-professionnel\/#breadcrumb\",\"itemListElement\":[{\"@type\":\"ListItem\",\"position\":1,\"name\":\"Accueil\",\"item\":\"https:\/\/uniformeplus.tn\/\"},{\"@type\":\"ListItem\",\"position\":2,\"name\":\"Shop\",\"item\":\"https:\/\/uniformeplus.tn\/index.php\/shop-2\/\"},{\"@type\":\"ListItem\",\"position\":3,\"name\":\"M\u00c9TIERS\",\"item\":\"https:\/\/uniformeplus.tn\/index.php\/product-category\/metiers\/\"},{\"@type\":\"ListItem\",\"position\":4,\"name\":\"BTP ET CHANTIERS\",\"item\":\"https:\/\/uniformeplus.tn\/index.php\/product-category\/metiers\/btp-et-chantiers\/\"},{\"@type\":\"ListItem\",\"position\":5,\"name\":\"Carreleur\",\"item\":\"https:\/\/uniformeplus.tn\/index.php\/product-category\/metiers\/btp-et-chantiers\/carreleur\/\"},{\"@type\":\"ListItem\",\"position\":6,\"name\":\"Gilet de travail sans manches multipoches\"}]},{\"@type\":\"WebSite\",\"@id\":\"https:\/\/uniformeplus.tn\/#website\",\"url\":\"https:\/\/uniformeplus.tn\/\",\"name\":\"uniformeplus\",\"description\":\"v\u00eatement de travail Tunisie\",\"publisher\":{\"@id\":\"https:\/\/uniformeplus.tn\/#organization\"},\"alternateName\":\"tenue de travail en tunisie\",\"potentialAction\":[{\"@type\":\"SearchAction\",\"target\":{\"@type\":\"EntryPoint\",\"urlTemplate\":\"https:\/\/uniformeplus.tn\/?s={search_term_string}\"},\"query-input\":{\"@type\":\"PropertyValueSpecification\",\"valueRequired\":true,\"valueName\":\"search_term_string\"}}],\"inLanguage\":\"fr-FR\"},{\"@type\":\"Organization\",\"@id\":\"https:\/\/uniformeplus.tn\/#organization\",\"name\":\"tenue de travail\",\"url\":\"https:\/\/uniformeplus.tn\/\",\"logo\":{\"@type\":\"ImageObject\",\"inLanguage\":\"fr-FR\",\"@id\":\"https:\/\/uniformeplus.tn\/#\/schema\/logo\/image\/\",\"url\":\"https:\/\/uniformeplus.tn\/wp-content\/uploads\/2021\/01\/logo.png\",\"contentUrl\":\"https:\/\/uniformeplus.tn\/wp-content\/uploads\/2021\/01\/logo.png\",\"width\":112,\"height\":112,\"caption\":\"tenue de travail\"},\"image\":{\"@id\":\"https:\/\/uniformeplus.tn\/#\/schema\/logo\/image\/\"},\"sameAs\":[\"https:\/\/www.facebook.com\/uniforconfection.uniformeplus\"],\"hasMerchantReturnPolicy\":{\"@type\":\"MerchantReturnPolicy\",\"merchantReturnLink\":\"https:\/\/uniformeplus.tn\/index.php\/politique-de-retour\/\"}}]}<\/script>\n<meta property=\"product:price:amount\" content=\"60.000\" \/>\n<meta property=\"product:price:currency\" content=\"TND\" \/>\n<meta property=\"og:availability\" content=\"instock\" \/>\n<meta property=\"product:availability\" content=\"instock\" \/>\n<meta property=\"product:condition\" content=\"new\" \/>\n<!-- \/ Yoast SEO Premium plugin. -->","yoast_head_json":{"title":"Gilet de travail sans manches multipoches","description":"D\u00e9couvrez le gilet de travail sans manches multipoches ultra-pratique, garantit une libert\u00e9 de mouvement optimale et confort pro au quotidien","robots":{"index":"index","follow":"follow","max-snippet":"max-snippet:-1","max-image-preview":"max-image-preview:large","max-video-preview":"max-video-preview:-1"},"canonical":"https:\/\/uniformeplus.tn\/index.php\/product\/gilet-de-travail-multipoches-professionnel\/","og_locale":"fr_FR","og_type":"article","og_title":"Gilet de travail sans manches multipoches","og_description":"D\u00e9couvrez le gilet de travail sans manches multipoches ultra-pratique, garantit une libert\u00e9 de mouvement optimale et confort pro au quotidien","og_url":"https:\/\/uniformeplus.tn\/index.php\/product\/gilet-de-travail-multipoches-professionnel\/","og_site_name":"uniformeplus - V\u00eatements de travail","article_publisher":"https:\/\/www.facebook.com\/uniforconfection.uniformeplus","article_modified_time":"2025-12-16T15:40:00+00:00","og_image":[{"width":864,"height":864,"url":"https:\/\/uniformeplus.tn\/wp-content\/uploads\/2025\/11\/2.png","type":"image\/png"}],"twitter_card":"summary_large_image","twitter_misc":{"Prix":"60.000&#x62f;.&#x62a;","Disponibilit\u00e9":"En stock"},"schema":{"@context":"https:\/\/schema.org","@graph":[{"@type":"WebPage","@id":"https:\/\/uniformeplus.tn\/index.php\/product\/gilet-de-travail-multipoches-professionnel\/","url":"https:\/\/uniformeplus.tn\/index.php\/product\/gilet-de-travail-multipoches-professionnel\/","name":"Gilet de travail sans manches multipoches","isPartOf":{"@id":"https:\/\/uniformeplus.tn\/#website"},"primaryImageOfPage":{"@id":"https:\/\/uniformeplus.tn\/index.php\/product\/gilet-de-travail-multipoches-professionnel\/#primaryimage"},"image":{"@id":"https:\/\/uniformeplus.tn\/index.php\/product\/gilet-de-travail-multipoches-professionnel\/#primaryimage"},"thumbnailUrl":"https:\/\/uniformeplus.tn\/wp-content\/uploads\/2025\/11\/2.png","datePublished":"2025-11-11T09:48:18+00:00","dateModified":"2025-12-16T15:40:00+00:00","description":"D\u00e9couvrez le gilet de travail sans manches multipoches ultra-pratique, garantit une libert\u00e9 de mouvement optimale et confort pro au quotidien","breadcrumb":{"@id":"https:\/\/uniformeplus.tn\/index.php\/product\/gilet-de-travail-multipoches-professionnel\/#breadcrumb"},"inLanguage":"fr-FR","potentialAction":[{"@type":"ReadAction","target":["https:\/\/uniformeplus.tn\/index.php\/product\/gilet-de-travail-multipoches-professionnel\/"]}]},{"@type":"ImageObject","inLanguage":"fr-FR","@id":"https:\/\/uniformeplus.tn\/index.php\/product\/gilet-de-travail-multipoches-professionnel\/#primaryimage","url":"https:\/\/uniformeplus.tn\/wp-content\/uploads\/2025\/11\/2.png","contentUrl":"https:\/\/uniformeplus.tn\/wp-content\/uploads\/2025\/11\/2.png","width":864,"height":864,"caption":"gilet de travail multipoches"},{"@type":"BreadcrumbList","@id":"https:\/\/uniformeplus.tn\/index.php\/product\/gilet-de-travail-multipoches-professionnel\/#breadcrumb","itemListElement":[{"@type":"ListItem","position":1,"name":"Accueil","item":"https:\/\/uniformeplus.tn\/"},{"@type":"ListItem","position":2,"name":"Shop","item":"https:\/\/uniformeplus.tn\/index.php\/shop-2\/"},{"@type":"ListItem","position":3,"name":"M\u00c9TIERS","item":"https:\/\/uniformeplus.tn\/index.php\/product-category\/metiers\/"},{"@type":"ListItem","position":4,"name":"BTP ET CHANTIERS","item":"https:\/\/uniformeplus.tn\/index.php\/product-category\/metiers\/btp-et-chantiers\/"},{"@type":"ListItem","position":5,"name":"Carreleur","item":"https:\/\/uniformeplus.tn\/index.php\/product-category\/metiers\/btp-et-chantiers\/carreleur\/"},{"@type":"ListItem","position":6,"name":"Gilet de travail sans manches multipoches"}]},{"@type":"WebSite","@id":"https:\/\/uniformeplus.tn\/#website","url":"https:\/\/uniformeplus.tn\/","name":"uniformeplus","description":"v\u00eatement de travail Tunisie","publisher":{"@id":"https:\/\/uniformeplus.tn\/#organization"},"alternateName":"tenue de travail en tunisie","potentialAction":[{"@type":"SearchAction","target":{"@type":"EntryPoint","urlTemplate":"https:\/\/uniformeplus.tn\/?s={search_term_string}"},"query-input":{"@type":"PropertyValueSpecification","valueRequired":true,"valueName":"search_term_string"}}],"inLanguage":"fr-FR"},{"@type":"Organization","@id":"https:\/\/uniformeplus.tn\/#organization","name":"tenue de travail","url":"https:\/\/uniformeplus.tn\/","logo":{"@type":"ImageObject","inLanguage":"fr-FR","@id":"https:\/\/uniformeplus.tn\/#\/schema\/logo\/image\/","url":"https:\/\/uniformeplus.tn\/wp-content\/uploads\/2021\/01\/logo.png","contentUrl":"https:\/\/uniformeplus.tn\/wp-content\/uploads\/2021\/01\/logo.png","width":112,"height":112,"caption":"tenue de travail"},"image":{"@id":"https:\/\/uniformeplus.tn\/#\/schema\/logo\/image\/"},"sameAs":["https:\/\/www.facebook.com\/uniforconfection.uniformeplus"],"hasMerchantReturnPolicy":{"@type":"MerchantReturnPolicy","merchantReturnLink":"https:\/\/uniformeplus.tn\/index.php\/politique-de-retour\/"}}]},"product_price_amount":"60.000","product_price_currency":"TND","og_availability":"instock","product_availability":"instock","product_condition":"new"},"_links":{"self":[{"href":"https:\/\/uniformeplus.tn\/index.php\/wp-json\/wp\/v2\/product\/17017","targetHints":{"allow":["GET"]}}],"collection":[{"href":"https:\/\/uniformeplus.tn\/index.php\/wp-json\/wp\/v2\/product"}],"about":[{"href":"https:\/\/uniformeplus.tn\/index.php\/wp-json\/wp\/v2\/types\/product"}],"replies":[{"embeddable":true,"href":"https:\/\/uniformeplus.tn\/index.php\/wp-json\/wp\/v2\/comments?post=17017"}],"wp:featuredmedia":[{"embeddable":true,"href":"https:\/\/uniformeplus.tn\/index.php\/wp-json\/wp\/v2\/media\/17019"}],"wp:attachment":[{"href":"https:\/\/uniformeplus.tn\/index.php\/wp-json\/wp\/v2\/media?parent=17017"}],"wp:term":[{"taxonomy":"product_brand","embeddable":true,"href":"https:\/\/uniformeplus.tn\/index.php\/wp-json\/wp\/v2\/product_brand?post=17017"},{"taxonomy":"product_cat","embeddable":true,"href":"https:\/\/uniformeplus.tn\/index.php\/wp-json\/wp\/v2\/product_cat?post=17017"},{"taxonomy":"product_tag","embeddable":true,"href":"https:\/\/uniformeplus.tn\/index.php\/wp-json\/wp\/v2\/product_tag?post=17017"}],"curies":[{"name":"wp","href":"https:\/\/api.w.org\/{rel}","templated":true}]}}