{"id":17068,"date":"2025-12-03T16:37:23","date_gmt":"2025-12-03T15:37:23","guid":{"rendered":"https:\/\/www.uniformeplus.tn\/?post_type=product&#038;p=17068"},"modified":"2026-05-03T07:20:53","modified_gmt":"2026-05-03T05:20:53","slug":"doudoune-de-travail-sans-manche-tunisie","status":"publish","type":"product","link":"https:\/\/uniformeplus.tn\/index.php\/product\/doudoune-de-travail-sans-manche-tunisie\/","title":{"rendered":"doudoune de travail sans manche"},"content":{"rendered":"<h1 style=\"text-align: center;\">Doudoune sans manches\u00a0 matelass\u00e9 avec capuche homme et femme<\/h1>\n<p><a href=\"https:\/\/www.uniformeplus.tn\/index.php\/product\/doudoune-de-travail-sans-manche\/\">Cette doudoune<\/a> de travail sans manches\u00a0 est tr\u00e8s fonctionnel. dispose d&#8217;une fermeture zipp\u00e9e et une\u00a0 capuche d\u00e9tachable et ajustable par cordon plat est pr\u00e9sente\u00a0 et\u00a0 deux poches externes, Le tissu utilis\u00e9 dans ce v\u00eatement est tr\u00e8s <strong>agr\u00e9able au toucher et \u00e0 porter<\/strong>.<\/p>\n<h1 class=\"product-title\"><\/h1>\n<div class=\"product-prices js-product-prices\">\n<div class=\"regular-price\"><\/div>\n<\/div>\n<p>&#8211;<\/p>\n<p>&nbsp;<\/p>\n","protected":false},"excerpt":{"rendered":"<p>doudoune de travail sans manche avec capuche professionnels pour homme et femme Col montant \u00b7 Coupe droite \u00b7 Matelass\u00e9e \u00b7 Multipoches<\/p>\n","protected":false},"featured_media":17070,"comment_status":"open","ping_status":"closed","template":"","meta":{"_acf_changed":false},"product_brand":[],"product_cat":[335,227],"product_tag":[],"class_list":{"0":"post-17068","1":"product","2":"type-product","3":"status-publish","4":"has-post-thumbnail","6":"product_cat-doudounes-de-travail-sans-manche","7":"product_cat-vetement-de-travail","9":"first","10":"instock","11":"taxable","12":"shipping-taxable","13":"purchasable","14":"product-type-simple"},"acf":[],"yoast_head":"<!-- This site is optimized with the Yoast SEO Premium plugin v26.3 (Yoast SEO v26.3) - https:\/\/yoast.com\/wordpress\/plugins\/seo\/ -->\n<title>doudoune de travail sans manche<\/title>\n<meta name=\"description\" content=\"doudoune de travail sans manche avec capuche professionnels pour homme et femme Col montant \u00b7 Coupe droite \u00b7 Matelass\u00e9e \u00b7 Multipoches\" \/>\n<meta name=\"robots\" content=\"index, follow, max-snippet:-1, max-image-preview:large, max-video-preview:-1\" \/>\n<link rel=\"canonical\" href=\"https:\/\/uniformeplus.tn\/index.php\/product\/doudoune-de-travail-sans-manche-tunisie\/\" \/>\n<meta property=\"og:locale\" content=\"fr_FR\" \/>\n<meta property=\"og:type\" content=\"article\" \/>\n<meta property=\"og:title\" content=\"doudoune de travail sans manche\" \/>\n<meta property=\"og:description\" content=\"doudoune de travail sans manche avec capuche professionnels pour homme et femme Col montant \u00b7 Coupe droite \u00b7 Matelass\u00e9e \u00b7 Multipoches\" \/>\n<meta property=\"og:url\" content=\"https:\/\/uniformeplus.tn\/index.php\/product\/doudoune-de-travail-sans-manche-tunisie\/\" \/>\n<meta property=\"og:site_name\" content=\"uniformeplus - V\u00eatements de travail\" \/>\n<meta property=\"article:publisher\" content=\"https:\/\/www.facebook.com\/uniforconfection.uniformeplus\" \/>\n<meta property=\"article:modified_time\" content=\"2026-05-03T05:20:53+00:00\" \/>\n<meta property=\"og:image\" content=\"https:\/\/uniformeplus.tn\/wp-content\/uploads\/2025\/12\/Doudoune-sans-manches-unisexe.png\" \/>\n\t<meta property=\"og:image:width\" content=\"864\" \/>\n\t<meta property=\"og:image:height\" content=\"1184\" \/>\n\t<meta property=\"og:image:type\" content=\"image\/png\" \/>\n<meta name=\"twitter:card\" content=\"summary_large_image\" \/>\n<meta name=\"twitter:label1\" content=\"Prix\" \/>\n\t<meta name=\"twitter:data1\" content=\"50.000&#x62f;.&#x62a;\" \/>\n\t<meta name=\"twitter:label2\" content=\"Disponibilit\u00e9\" \/>\n\t<meta name=\"twitter:data2\" content=\"En stock\" \/>\n<script type=\"application\/ld+json\" class=\"yoast-schema-graph\">{\"@context\":\"https:\/\/schema.org\",\"@graph\":[{\"@type\":\"WebPage\",\"@id\":\"https:\/\/uniformeplus.tn\/index.php\/product\/doudoune-de-travail-sans-manche-tunisie\/\",\"url\":\"https:\/\/uniformeplus.tn\/index.php\/product\/doudoune-de-travail-sans-manche-tunisie\/\",\"name\":\"doudoune de travail sans manche\",\"isPartOf\":{\"@id\":\"https:\/\/uniformeplus.tn\/#website\"},\"primaryImageOfPage\":{\"@id\":\"https:\/\/uniformeplus.tn\/index.php\/product\/doudoune-de-travail-sans-manche-tunisie\/#primaryimage\"},\"image\":{\"@id\":\"https:\/\/uniformeplus.tn\/index.php\/product\/doudoune-de-travail-sans-manche-tunisie\/#primaryimage\"},\"thumbnailUrl\":\"https:\/\/uniformeplus.tn\/wp-content\/uploads\/2025\/12\/Doudoune-sans-manches-unisexe.png\",\"datePublished\":\"2025-12-03T15:37:23+00:00\",\"dateModified\":\"2026-05-03T05:20:53+00:00\",\"description\":\"doudoune de travail sans manche avec capuche professionnels pour homme et femme Col montant \u00b7 Coupe droite \u00b7 Matelass\u00e9e \u00b7 Multipoches\",\"breadcrumb\":{\"@id\":\"https:\/\/uniformeplus.tn\/index.php\/product\/doudoune-de-travail-sans-manche-tunisie\/#breadcrumb\"},\"inLanguage\":\"fr-FR\",\"potentialAction\":[{\"@type\":\"ReadAction\",\"target\":[\"https:\/\/uniformeplus.tn\/index.php\/product\/doudoune-de-travail-sans-manche-tunisie\/\"]}]},{\"@type\":\"ImageObject\",\"inLanguage\":\"fr-FR\",\"@id\":\"https:\/\/uniformeplus.tn\/index.php\/product\/doudoune-de-travail-sans-manche-tunisie\/#primaryimage\",\"url\":\"https:\/\/uniformeplus.tn\/wp-content\/uploads\/2025\/12\/Doudoune-sans-manches-unisexe.png\",\"contentUrl\":\"https:\/\/uniformeplus.tn\/wp-content\/uploads\/2025\/12\/Doudoune-sans-manches-unisexe.png\",\"width\":864,\"height\":1184,\"caption\":\"Doudoune sans manches unisexe en tunisie\"},{\"@type\":\"BreadcrumbList\",\"@id\":\"https:\/\/uniformeplus.tn\/index.php\/product\/doudoune-de-travail-sans-manche-tunisie\/#breadcrumb\",\"itemListElement\":[{\"@type\":\"ListItem\",\"position\":1,\"name\":\"Accueil\",\"item\":\"https:\/\/uniformeplus.tn\/\"},{\"@type\":\"ListItem\",\"position\":2,\"name\":\"Shop\",\"item\":\"https:\/\/uniformeplus.tn\/index.php\/shop-2\/\"},{\"@type\":\"ListItem\",\"position\":3,\"name\":\"V\u00caTEMENT DE TRAVAIL\",\"item\":\"https:\/\/uniformeplus.tn\/index.php\/product-category\/vetement-de-travail\/\"},{\"@type\":\"ListItem\",\"position\":4,\"name\":\"doudoune de travail sans manche\"}]},{\"@type\":\"WebSite\",\"@id\":\"https:\/\/uniformeplus.tn\/#website\",\"url\":\"https:\/\/uniformeplus.tn\/\",\"name\":\"uniformeplus\",\"description\":\"v\u00eatement de travail Tunisie\",\"publisher\":{\"@id\":\"https:\/\/uniformeplus.tn\/#organization\"},\"alternateName\":\"tenue de travail en tunisie\",\"potentialAction\":[{\"@type\":\"SearchAction\",\"target\":{\"@type\":\"EntryPoint\",\"urlTemplate\":\"https:\/\/uniformeplus.tn\/?s={search_term_string}\"},\"query-input\":{\"@type\":\"PropertyValueSpecification\",\"valueRequired\":true,\"valueName\":\"search_term_string\"}}],\"inLanguage\":\"fr-FR\"},{\"@type\":\"Organization\",\"@id\":\"https:\/\/uniformeplus.tn\/#organization\",\"name\":\"tenue de travail\",\"url\":\"https:\/\/uniformeplus.tn\/\",\"logo\":{\"@type\":\"ImageObject\",\"inLanguage\":\"fr-FR\",\"@id\":\"https:\/\/uniformeplus.tn\/#\/schema\/logo\/image\/\",\"url\":\"https:\/\/uniformeplus.tn\/wp-content\/uploads\/2021\/01\/logo.png\",\"contentUrl\":\"https:\/\/uniformeplus.tn\/wp-content\/uploads\/2021\/01\/logo.png\",\"width\":112,\"height\":112,\"caption\":\"tenue de travail\"},\"image\":{\"@id\":\"https:\/\/uniformeplus.tn\/#\/schema\/logo\/image\/\"},\"sameAs\":[\"https:\/\/www.facebook.com\/uniforconfection.uniformeplus\"],\"hasMerchantReturnPolicy\":{\"@type\":\"MerchantReturnPolicy\",\"merchantReturnLink\":\"https:\/\/uniformeplus.tn\/index.php\/politique-de-retour\/\"}}]}<\/script>\n<meta property=\"product:price:amount\" content=\"50.000\" \/>\n<meta property=\"product:price:currency\" content=\"TND\" \/>\n<meta property=\"og:availability\" content=\"instock\" \/>\n<meta property=\"product:availability\" content=\"instock\" \/>\n<meta property=\"product:condition\" content=\"new\" \/>\n<!-- \/ Yoast SEO Premium plugin. -->","yoast_head_json":{"title":"doudoune de travail sans manche","description":"doudoune de travail sans manche avec capuche professionnels pour homme et femme Col montant \u00b7 Coupe droite \u00b7 Matelass\u00e9e \u00b7 Multipoches","robots":{"index":"index","follow":"follow","max-snippet":"max-snippet:-1","max-image-preview":"max-image-preview:large","max-video-preview":"max-video-preview:-1"},"canonical":"https:\/\/uniformeplus.tn\/index.php\/product\/doudoune-de-travail-sans-manche-tunisie\/","og_locale":"fr_FR","og_type":"article","og_title":"doudoune de travail sans manche","og_description":"doudoune de travail sans manche avec capuche professionnels pour homme et femme Col montant \u00b7 Coupe droite \u00b7 Matelass\u00e9e \u00b7 Multipoches","og_url":"https:\/\/uniformeplus.tn\/index.php\/product\/doudoune-de-travail-sans-manche-tunisie\/","og_site_name":"uniformeplus - V\u00eatements de travail","article_publisher":"https:\/\/www.facebook.com\/uniforconfection.uniformeplus","article_modified_time":"2026-05-03T05:20:53+00:00","og_image":[{"width":864,"height":1184,"url":"https:\/\/uniformeplus.tn\/wp-content\/uploads\/2025\/12\/Doudoune-sans-manches-unisexe.png","type":"image\/png"}],"twitter_card":"summary_large_image","twitter_misc":{"Prix":"50.000&#x62f;.&#x62a;","Disponibilit\u00e9":"En stock"},"schema":{"@context":"https:\/\/schema.org","@graph":[{"@type":"WebPage","@id":"https:\/\/uniformeplus.tn\/index.php\/product\/doudoune-de-travail-sans-manche-tunisie\/","url":"https:\/\/uniformeplus.tn\/index.php\/product\/doudoune-de-travail-sans-manche-tunisie\/","name":"doudoune de travail sans manche","isPartOf":{"@id":"https:\/\/uniformeplus.tn\/#website"},"primaryImageOfPage":{"@id":"https:\/\/uniformeplus.tn\/index.php\/product\/doudoune-de-travail-sans-manche-tunisie\/#primaryimage"},"image":{"@id":"https:\/\/uniformeplus.tn\/index.php\/product\/doudoune-de-travail-sans-manche-tunisie\/#primaryimage"},"thumbnailUrl":"https:\/\/uniformeplus.tn\/wp-content\/uploads\/2025\/12\/Doudoune-sans-manches-unisexe.png","datePublished":"2025-12-03T15:37:23+00:00","dateModified":"2026-05-03T05:20:53+00:00","description":"doudoune de travail sans manche avec capuche professionnels pour homme et femme Col montant \u00b7 Coupe droite \u00b7 Matelass\u00e9e \u00b7 Multipoches","breadcrumb":{"@id":"https:\/\/uniformeplus.tn\/index.php\/product\/doudoune-de-travail-sans-manche-tunisie\/#breadcrumb"},"inLanguage":"fr-FR","potentialAction":[{"@type":"ReadAction","target":["https:\/\/uniformeplus.tn\/index.php\/product\/doudoune-de-travail-sans-manche-tunisie\/"]}]},{"@type":"ImageObject","inLanguage":"fr-FR","@id":"https:\/\/uniformeplus.tn\/index.php\/product\/doudoune-de-travail-sans-manche-tunisie\/#primaryimage","url":"https:\/\/uniformeplus.tn\/wp-content\/uploads\/2025\/12\/Doudoune-sans-manches-unisexe.png","contentUrl":"https:\/\/uniformeplus.tn\/wp-content\/uploads\/2025\/12\/Doudoune-sans-manches-unisexe.png","width":864,"height":1184,"caption":"Doudoune sans manches unisexe en tunisie"},{"@type":"BreadcrumbList","@id":"https:\/\/uniformeplus.tn\/index.php\/product\/doudoune-de-travail-sans-manche-tunisie\/#breadcrumb","itemListElement":[{"@type":"ListItem","position":1,"name":"Accueil","item":"https:\/\/uniformeplus.tn\/"},{"@type":"ListItem","position":2,"name":"Shop","item":"https:\/\/uniformeplus.tn\/index.php\/shop-2\/"},{"@type":"ListItem","position":3,"name":"V\u00caTEMENT DE TRAVAIL","item":"https:\/\/uniformeplus.tn\/index.php\/product-category\/vetement-de-travail\/"},{"@type":"ListItem","position":4,"name":"doudoune de travail sans manche"}]},{"@type":"WebSite","@id":"https:\/\/uniformeplus.tn\/#website","url":"https:\/\/uniformeplus.tn\/","name":"uniformeplus","description":"v\u00eatement de travail Tunisie","publisher":{"@id":"https:\/\/uniformeplus.tn\/#organization"},"alternateName":"tenue de travail en tunisie","potentialAction":[{"@type":"SearchAction","target":{"@type":"EntryPoint","urlTemplate":"https:\/\/uniformeplus.tn\/?s={search_term_string}"},"query-input":{"@type":"PropertyValueSpecification","valueRequired":true,"valueName":"search_term_string"}}],"inLanguage":"fr-FR"},{"@type":"Organization","@id":"https:\/\/uniformeplus.tn\/#organization","name":"tenue de travail","url":"https:\/\/uniformeplus.tn\/","logo":{"@type":"ImageObject","inLanguage":"fr-FR","@id":"https:\/\/uniformeplus.tn\/#\/schema\/logo\/image\/","url":"https:\/\/uniformeplus.tn\/wp-content\/uploads\/2021\/01\/logo.png","contentUrl":"https:\/\/uniformeplus.tn\/wp-content\/uploads\/2021\/01\/logo.png","width":112,"height":112,"caption":"tenue de travail"},"image":{"@id":"https:\/\/uniformeplus.tn\/#\/schema\/logo\/image\/"},"sameAs":["https:\/\/www.facebook.com\/uniforconfection.uniformeplus"],"hasMerchantReturnPolicy":{"@type":"MerchantReturnPolicy","merchantReturnLink":"https:\/\/uniformeplus.tn\/index.php\/politique-de-retour\/"}}]},"product_price_amount":"50.000","product_price_currency":"TND","og_availability":"instock","product_availability":"instock","product_condition":"new"},"_links":{"self":[{"href":"https:\/\/uniformeplus.tn\/index.php\/wp-json\/wp\/v2\/product\/17068","targetHints":{"allow":["GET"]}}],"collection":[{"href":"https:\/\/uniformeplus.tn\/index.php\/wp-json\/wp\/v2\/product"}],"about":[{"href":"https:\/\/uniformeplus.tn\/index.php\/wp-json\/wp\/v2\/types\/product"}],"replies":[{"embeddable":true,"href":"https:\/\/uniformeplus.tn\/index.php\/wp-json\/wp\/v2\/comments?post=17068"}],"wp:featuredmedia":[{"embeddable":true,"href":"https:\/\/uniformeplus.tn\/index.php\/wp-json\/wp\/v2\/media\/17070"}],"wp:attachment":[{"href":"https:\/\/uniformeplus.tn\/index.php\/wp-json\/wp\/v2\/media?parent=17068"}],"wp:term":[{"taxonomy":"product_brand","embeddable":true,"href":"https:\/\/uniformeplus.tn\/index.php\/wp-json\/wp\/v2\/product_brand?post=17068"},{"taxonomy":"product_cat","embeddable":true,"href":"https:\/\/uniformeplus.tn\/index.php\/wp-json\/wp\/v2\/product_cat?post=17068"},{"taxonomy":"product_tag","embeddable":true,"href":"https:\/\/uniformeplus.tn\/index.php\/wp-json\/wp\/v2\/product_tag?post=17068"}],"curies":[{"name":"wp","href":"https:\/\/api.w.org\/{rel}","templated":true}]}}