{"id":8808,"date":"2020-06-04T10:28:16","date_gmt":"2020-06-04T08:28:16","guid":{"rendered":"http:\/\/uniformeplus.tn\/?post_type=product&#038;p=8808"},"modified":"2020-10-27T08:06:58","modified_gmt":"2020-10-27T07:06:58","slug":"bavettes","status":"publish","type":"product","link":"https:\/\/uniformeplus.tn\/index.php\/product\/bavettes\/","title":{"rendered":"Bavettes"},"content":{"rendered":"<p>Caract\u00e9ristiques :<br \/>\n<span class=\"_5mfr\"><span class=\"_6qdm\">\u2714\ufe0f<\/span><\/span>3 couches tissu Anti Bact\u00e9rien<br \/>\n<span class=\"_5mfr\"><span class=\"_6qdm\">\u2714\ufe0f<\/span><\/span>r\u00e9utilisable,lavable \u00e0 une temp\u00e9rature entre (60 et 120 degr\u00e9s )m\u00eame avec le javel ne perds pas ses caract\u00e9ristiques ni ses couleur.<\/p>\n<p><img decoding=\"async\" class=\" wp-image-8811 aligncenter\" src=\"http:\/\/uniformeplus.tn\/wp-content\/uploads\/2020\/06\/101628250_3286180351401771_8536531917829308416_n-259x300.jpg\" alt=\"\" width=\"462\" height=\"535\" srcset=\"https:\/\/uniformeplus.tn\/wp-content\/uploads\/2020\/06\/101628250_3286180351401771_8536531917829308416_n-259x300.jpg 259w, https:\/\/uniformeplus.tn\/wp-content\/uploads\/2020\/06\/101628250_3286180351401771_8536531917829308416_n-600x694.jpg 600w, https:\/\/uniformeplus.tn\/wp-content\/uploads\/2020\/06\/101628250_3286180351401771_8536531917829308416_n.jpg 736w\" sizes=\"(max-width: 462px) 100vw, 462px\" \/><\/p>\n<p><img decoding=\"async\" class=\" wp-image-8810 aligncenter\" src=\"http:\/\/uniformeplus.tn\/wp-content\/uploads\/2020\/06\/101570390_3286178031402003_485725359107473408_n-277x300.jpg\" alt=\"\" width=\"455\" height=\"493\" srcset=\"https:\/\/uniformeplus.tn\/wp-content\/uploads\/2020\/06\/101570390_3286178031402003_485725359107473408_n-277x300.jpg 277w, https:\/\/uniformeplus.tn\/wp-content\/uploads\/2020\/06\/101570390_3286178031402003_485725359107473408_n-600x650.jpg 600w, https:\/\/uniformeplus.tn\/wp-content\/uploads\/2020\/06\/101570390_3286178031402003_485725359107473408_n.jpg 750w\" sizes=\"(max-width: 455px) 100vw, 455px\" \/><\/p>\n","protected":false},"excerpt":{"rendered":"<p>Caract\u00e9ristiques : \u2714\ufe0f3 couches tissu Anti Bact\u00e9rien \u2714\ufe0fr\u00e9utilisable,lavable \u00e0 une temp\u00e9rature entre (60 et 120 degr\u00e9s )m\u00eame avec le javel ne perds pas ses caract\u00e9ristiques ni ses couleur.<\/p>\n","protected":false},"featured_media":8813,"comment_status":"open","ping_status":"closed","template":"","meta":{"_acf_changed":false},"product_brand":[],"product_cat":[316,239],"product_tag":[],"class_list":{"0":"post-8808","1":"product","2":"type-product","3":"status-publish","4":"has-post-thumbnail","6":"product_cat-covid-19","7":"product_cat-medicales-bien-etre","9":"first","10":"instock","11":"taxable","12":"shipping-taxable","13":"product-type-simple"},"acf":[],"yoast_head":"<!-- This site is optimized with the Yoast SEO Premium plugin v26.3 (Yoast SEO v26.3) - https:\/\/yoast.com\/wordpress\/plugins\/seo\/ -->\n<title>Bavettes - uniformeplus - V\u00eatements de travail<\/title>\n<meta name=\"description\" content=\"Caract\u00e9ristiques : \u2714\ufe0f3 couches tissu Anti Bact\u00e9rien \u2714\ufe0fr\u00e9utilisable,lavable \u00e0 une temp\u00e9rature entre (60 et 120 degr\u00e9s )m\u00eame avec le javel ne perds pas ses\" \/>\n<meta name=\"robots\" content=\"index, follow, max-snippet:-1, max-image-preview:large, max-video-preview:-1\" \/>\n<link rel=\"canonical\" href=\"https:\/\/uniformeplus.tn\/index.php\/product\/bavettes\/\" \/>\n<meta property=\"og:locale\" content=\"fr_FR\" \/>\n<meta property=\"og:type\" content=\"article\" \/>\n<meta property=\"og:title\" content=\"Bavettes\" \/>\n<meta property=\"og:description\" content=\"Caract\u00e9ristiques : \u2714\ufe0f3 couches tissu Anti Bact\u00e9rien \u2714\ufe0fr\u00e9utilisable,lavable \u00e0 une temp\u00e9rature entre (60 et 120 degr\u00e9s )m\u00eame avec le javel ne perds pas ses\" \/>\n<meta property=\"og:url\" content=\"https:\/\/uniformeplus.tn\/index.php\/product\/bavettes\/\" \/>\n<meta property=\"og:site_name\" content=\"uniformeplus - V\u00eatements de travail\" \/>\n<meta property=\"article:publisher\" content=\"https:\/\/www.facebook.com\/uniforconfection.uniformeplus\" \/>\n<meta property=\"article:modified_time\" content=\"2020-10-27T07:06:58+00:00\" \/>\n<meta property=\"og:image\" content=\"https:\/\/uniformeplus.tn\/wp-content\/uploads\/2020\/06\/101897159_3286177801402026_1772835050929258496_n.jpg\" \/>\n\t<meta property=\"og:image:width\" content=\"588\" \/>\n\t<meta property=\"og:image:height\" content=\"587\" \/>\n\t<meta property=\"og:image:type\" content=\"image\/jpeg\" \/>\n<meta name=\"twitter:card\" content=\"summary_large_image\" \/>\n<meta name=\"twitter:label1\" content=\"Prix\" \/>\n\t<meta name=\"twitter:data1\" content=\"\" \/>\n\t<meta name=\"twitter:label2\" content=\"Disponibilit\u00e9\" \/>\n\t<meta name=\"twitter:data2\" content=\"En stock\" \/>\n<script type=\"application\/ld+json\" class=\"yoast-schema-graph\">{\"@context\":\"https:\/\/schema.org\",\"@graph\":[{\"@type\":\"WebPage\",\"@id\":\"https:\/\/uniformeplus.tn\/index.php\/product\/bavettes\/\",\"url\":\"https:\/\/uniformeplus.tn\/index.php\/product\/bavettes\/\",\"name\":\"Bavettes - uniformeplus - V\u00eatements de travail\",\"isPartOf\":{\"@id\":\"https:\/\/uniformeplus.tn\/#website\"},\"primaryImageOfPage\":{\"@id\":\"https:\/\/uniformeplus.tn\/index.php\/product\/bavettes\/#primaryimage\"},\"image\":{\"@id\":\"https:\/\/uniformeplus.tn\/index.php\/product\/bavettes\/#primaryimage\"},\"thumbnailUrl\":\"https:\/\/uniformeplus.tn\/wp-content\/uploads\/2020\/06\/101897159_3286177801402026_1772835050929258496_n.jpg\",\"datePublished\":\"2020-06-04T08:28:16+00:00\",\"dateModified\":\"2020-10-27T07:06:58+00:00\",\"description\":\"Caract\u00e9ristiques : \u2714\ufe0f3 couches tissu Anti Bact\u00e9rien \u2714\ufe0fr\u00e9utilisable,lavable \u00e0 une temp\u00e9rature entre (60 et 120 degr\u00e9s )m\u00eame avec le javel ne perds pas ses\",\"breadcrumb\":{\"@id\":\"https:\/\/uniformeplus.tn\/index.php\/product\/bavettes\/#breadcrumb\"},\"inLanguage\":\"fr-FR\",\"potentialAction\":[{\"@type\":\"ReadAction\",\"target\":[\"https:\/\/uniformeplus.tn\/index.php\/product\/bavettes\/\"]}]},{\"@type\":\"ImageObject\",\"inLanguage\":\"fr-FR\",\"@id\":\"https:\/\/uniformeplus.tn\/index.php\/product\/bavettes\/#primaryimage\",\"url\":\"https:\/\/uniformeplus.tn\/wp-content\/uploads\/2020\/06\/101897159_3286177801402026_1772835050929258496_n.jpg\",\"contentUrl\":\"https:\/\/uniformeplus.tn\/wp-content\/uploads\/2020\/06\/101897159_3286177801402026_1772835050929258496_n.jpg\",\"width\":588,\"height\":587},{\"@type\":\"BreadcrumbList\",\"@id\":\"https:\/\/uniformeplus.tn\/index.php\/product\/bavettes\/#breadcrumb\",\"itemListElement\":[{\"@type\":\"ListItem\",\"position\":1,\"name\":\"Accueil\",\"item\":\"https:\/\/uniformeplus.tn\/\"},{\"@type\":\"ListItem\",\"position\":2,\"name\":\"Shop\",\"item\":\"https:\/\/uniformeplus.tn\/index.php\/shop-2\/\"},{\"@type\":\"ListItem\",\"position\":3,\"name\":\"M\u00c9TIERS\",\"item\":\"https:\/\/uniformeplus.tn\/index.php\/product-category\/metiers\/\"},{\"@type\":\"ListItem\",\"position\":4,\"name\":\"M\u00c9DICALES \/ BIEN-\u00caTRE\",\"item\":\"https:\/\/uniformeplus.tn\/index.php\/product-category\/metiers\/medicales-bien-etre\/\"},{\"@type\":\"ListItem\",\"position\":5,\"name\":\"Bavettes\"}]},{\"@type\":\"WebSite\",\"@id\":\"https:\/\/uniformeplus.tn\/#website\",\"url\":\"https:\/\/uniformeplus.tn\/\",\"name\":\"uniformeplus\",\"description\":\"v\u00eatement de travail Tunisie\",\"publisher\":{\"@id\":\"https:\/\/uniformeplus.tn\/#organization\"},\"alternateName\":\"tenue de travail en tunisie\",\"potentialAction\":[{\"@type\":\"SearchAction\",\"target\":{\"@type\":\"EntryPoint\",\"urlTemplate\":\"https:\/\/uniformeplus.tn\/?s={search_term_string}\"},\"query-input\":{\"@type\":\"PropertyValueSpecification\",\"valueRequired\":true,\"valueName\":\"search_term_string\"}}],\"inLanguage\":\"fr-FR\"},{\"@type\":\"Organization\",\"@id\":\"https:\/\/uniformeplus.tn\/#organization\",\"name\":\"tenue de travail\",\"url\":\"https:\/\/uniformeplus.tn\/\",\"logo\":{\"@type\":\"ImageObject\",\"inLanguage\":\"fr-FR\",\"@id\":\"https:\/\/uniformeplus.tn\/#\/schema\/logo\/image\/\",\"url\":\"https:\/\/uniformeplus.tn\/wp-content\/uploads\/2021\/01\/logo.png\",\"contentUrl\":\"https:\/\/uniformeplus.tn\/wp-content\/uploads\/2021\/01\/logo.png\",\"width\":112,\"height\":112,\"caption\":\"tenue de travail\"},\"image\":{\"@id\":\"https:\/\/uniformeplus.tn\/#\/schema\/logo\/image\/\"},\"sameAs\":[\"https:\/\/www.facebook.com\/uniforconfection.uniformeplus\"],\"hasMerchantReturnPolicy\":{\"@type\":\"MerchantReturnPolicy\",\"merchantReturnLink\":\"https:\/\/uniformeplus.tn\/index.php\/politique-de-retour\/\"}}]}<\/script>\n<meta property=\"product:price:currency\" content=\"TND\" \/>\n<meta property=\"og:availability\" content=\"instock\" \/>\n<meta property=\"product:availability\" content=\"instock\" \/>\n<meta property=\"product:condition\" content=\"new\" \/>\n<!-- \/ Yoast SEO Premium plugin. -->","yoast_head_json":{"title":"Bavettes - uniformeplus - V\u00eatements de travail","description":"Caract\u00e9ristiques : \u2714\ufe0f3 couches tissu Anti Bact\u00e9rien \u2714\ufe0fr\u00e9utilisable,lavable \u00e0 une temp\u00e9rature entre (60 et 120 degr\u00e9s )m\u00eame avec le javel ne perds pas ses","robots":{"index":"index","follow":"follow","max-snippet":"max-snippet:-1","max-image-preview":"max-image-preview:large","max-video-preview":"max-video-preview:-1"},"canonical":"https:\/\/uniformeplus.tn\/index.php\/product\/bavettes\/","og_locale":"fr_FR","og_type":"article","og_title":"Bavettes","og_description":"Caract\u00e9ristiques : \u2714\ufe0f3 couches tissu Anti Bact\u00e9rien \u2714\ufe0fr\u00e9utilisable,lavable \u00e0 une temp\u00e9rature entre (60 et 120 degr\u00e9s )m\u00eame avec le javel ne perds pas ses","og_url":"https:\/\/uniformeplus.tn\/index.php\/product\/bavettes\/","og_site_name":"uniformeplus - V\u00eatements de travail","article_publisher":"https:\/\/www.facebook.com\/uniforconfection.uniformeplus","article_modified_time":"2020-10-27T07:06:58+00:00","og_image":[{"width":588,"height":587,"url":"https:\/\/uniformeplus.tn\/wp-content\/uploads\/2020\/06\/101897159_3286177801402026_1772835050929258496_n.jpg","type":"image\/jpeg"}],"twitter_card":"summary_large_image","twitter_misc":{"Prix":"","Disponibilit\u00e9":"En stock"},"schema":{"@context":"https:\/\/schema.org","@graph":[{"@type":"WebPage","@id":"https:\/\/uniformeplus.tn\/index.php\/product\/bavettes\/","url":"https:\/\/uniformeplus.tn\/index.php\/product\/bavettes\/","name":"Bavettes - uniformeplus - V\u00eatements de travail","isPartOf":{"@id":"https:\/\/uniformeplus.tn\/#website"},"primaryImageOfPage":{"@id":"https:\/\/uniformeplus.tn\/index.php\/product\/bavettes\/#primaryimage"},"image":{"@id":"https:\/\/uniformeplus.tn\/index.php\/product\/bavettes\/#primaryimage"},"thumbnailUrl":"https:\/\/uniformeplus.tn\/wp-content\/uploads\/2020\/06\/101897159_3286177801402026_1772835050929258496_n.jpg","datePublished":"2020-06-04T08:28:16+00:00","dateModified":"2020-10-27T07:06:58+00:00","description":"Caract\u00e9ristiques : \u2714\ufe0f3 couches tissu Anti Bact\u00e9rien \u2714\ufe0fr\u00e9utilisable,lavable \u00e0 une temp\u00e9rature entre (60 et 120 degr\u00e9s )m\u00eame avec le javel ne perds pas ses","breadcrumb":{"@id":"https:\/\/uniformeplus.tn\/index.php\/product\/bavettes\/#breadcrumb"},"inLanguage":"fr-FR","potentialAction":[{"@type":"ReadAction","target":["https:\/\/uniformeplus.tn\/index.php\/product\/bavettes\/"]}]},{"@type":"ImageObject","inLanguage":"fr-FR","@id":"https:\/\/uniformeplus.tn\/index.php\/product\/bavettes\/#primaryimage","url":"https:\/\/uniformeplus.tn\/wp-content\/uploads\/2020\/06\/101897159_3286177801402026_1772835050929258496_n.jpg","contentUrl":"https:\/\/uniformeplus.tn\/wp-content\/uploads\/2020\/06\/101897159_3286177801402026_1772835050929258496_n.jpg","width":588,"height":587},{"@type":"BreadcrumbList","@id":"https:\/\/uniformeplus.tn\/index.php\/product\/bavettes\/#breadcrumb","itemListElement":[{"@type":"ListItem","position":1,"name":"Accueil","item":"https:\/\/uniformeplus.tn\/"},{"@type":"ListItem","position":2,"name":"Shop","item":"https:\/\/uniformeplus.tn\/index.php\/shop-2\/"},{"@type":"ListItem","position":3,"name":"M\u00c9TIERS","item":"https:\/\/uniformeplus.tn\/index.php\/product-category\/metiers\/"},{"@type":"ListItem","position":4,"name":"M\u00c9DICALES \/ BIEN-\u00caTRE","item":"https:\/\/uniformeplus.tn\/index.php\/product-category\/metiers\/medicales-bien-etre\/"},{"@type":"ListItem","position":5,"name":"Bavettes"}]},{"@type":"WebSite","@id":"https:\/\/uniformeplus.tn\/#website","url":"https:\/\/uniformeplus.tn\/","name":"uniformeplus","description":"v\u00eatement de travail Tunisie","publisher":{"@id":"https:\/\/uniformeplus.tn\/#organization"},"alternateName":"tenue de travail en tunisie","potentialAction":[{"@type":"SearchAction","target":{"@type":"EntryPoint","urlTemplate":"https:\/\/uniformeplus.tn\/?s={search_term_string}"},"query-input":{"@type":"PropertyValueSpecification","valueRequired":true,"valueName":"search_term_string"}}],"inLanguage":"fr-FR"},{"@type":"Organization","@id":"https:\/\/uniformeplus.tn\/#organization","name":"tenue de travail","url":"https:\/\/uniformeplus.tn\/","logo":{"@type":"ImageObject","inLanguage":"fr-FR","@id":"https:\/\/uniformeplus.tn\/#\/schema\/logo\/image\/","url":"https:\/\/uniformeplus.tn\/wp-content\/uploads\/2021\/01\/logo.png","contentUrl":"https:\/\/uniformeplus.tn\/wp-content\/uploads\/2021\/01\/logo.png","width":112,"height":112,"caption":"tenue de travail"},"image":{"@id":"https:\/\/uniformeplus.tn\/#\/schema\/logo\/image\/"},"sameAs":["https:\/\/www.facebook.com\/uniforconfection.uniformeplus"],"hasMerchantReturnPolicy":{"@type":"MerchantReturnPolicy","merchantReturnLink":"https:\/\/uniformeplus.tn\/index.php\/politique-de-retour\/"}}]},"product_price_currency":"TND","og_availability":"instock","product_availability":"instock","product_condition":"new"},"_links":{"self":[{"href":"https:\/\/uniformeplus.tn\/index.php\/wp-json\/wp\/v2\/product\/8808","targetHints":{"allow":["GET"]}}],"collection":[{"href":"https:\/\/uniformeplus.tn\/index.php\/wp-json\/wp\/v2\/product"}],"about":[{"href":"https:\/\/uniformeplus.tn\/index.php\/wp-json\/wp\/v2\/types\/product"}],"replies":[{"embeddable":true,"href":"https:\/\/uniformeplus.tn\/index.php\/wp-json\/wp\/v2\/comments?post=8808"}],"wp:featuredmedia":[{"embeddable":true,"href":"https:\/\/uniformeplus.tn\/index.php\/wp-json\/wp\/v2\/media\/8813"}],"wp:attachment":[{"href":"https:\/\/uniformeplus.tn\/index.php\/wp-json\/wp\/v2\/media?parent=8808"}],"wp:term":[{"taxonomy":"product_brand","embeddable":true,"href":"https:\/\/uniformeplus.tn\/index.php\/wp-json\/wp\/v2\/product_brand?post=8808"},{"taxonomy":"product_cat","embeddable":true,"href":"https:\/\/uniformeplus.tn\/index.php\/wp-json\/wp\/v2\/product_cat?post=8808"},{"taxonomy":"product_tag","embeddable":true,"href":"https:\/\/uniformeplus.tn\/index.php\/wp-json\/wp\/v2\/product_tag?post=8808"}],"curies":[{"name":"wp","href":"https:\/\/api.w.org\/{rel}","templated":true}]}}